{"id":15663,"date":"2024-05-03T18:15:49","date_gmt":"2024-05-03T10:15:49","guid":{"rendered":"http:\/\/192.168.0.254\/?page_id=15663"},"modified":"2026-04-02T23:15:54","modified_gmt":"2026-04-02T15:15:54","slug":"forex-margin-calculator","status":"publish","type":"page","link":"https:\/\/mister.forex\/hu\/tools\/forex-margin-calculator\/","title":{"rendered":"Forex Margin Kalkul\u00e1tor | Forex T\u0151ke\u00e1tt\u00e9tel \u00e9s Margin Kalkul\u00e1tor"},"content":{"rendered":"<div data-elementor-type=\"wp-page\" data-elementor-id=\"15663\" class=\"elementor elementor-15663\" data-elementor-post-type=\"page\">\n\t\t\t\t<div class=\"elementor-element elementor-element-67c4679 e-flex e-con-boxed e-con e-parent\" data-id=\"67c4679\" data-element_type=\"container\" data-settings=\"{&quot;background_background&quot;:&quot;classic&quot;}\">\n\t\t\t\t\t<div class=\"e-con-inner\">\n\t\t<div class=\"elementor-element elementor-element-f5ea4b8 e-flex e-con-boxed e-con e-child\" data-id=\"f5ea4b8\" data-element_type=\"container\">\n\t\t\t\t\t<div class=\"e-con-inner\">\n\t\t\t\t<div class=\"elementor-element elementor-element-b2ed106 elementor-widget elementor-widget-heading\" data-id=\"b2ed106\" data-element_type=\"widget\" data-widget_type=\"heading.default\">\n\t\t\t\t\t<h1 class=\"elementor-heading-title elementor-size-default\">Forex Margin Kalkul\u00e1tor<\/h1>\t\t\t\t<\/div>\n\t\t\t\t<div class=\"elementor-element elementor-element-81cfd43 elementor-widget elementor-widget-heading\" data-id=\"81cfd43\" data-element_type=\"widget\" data-widget_type=\"heading.default\">\n\t\t\t\t\t<h2 class=\"elementor-heading-title elementor-size-default\">Forex t\u0151ke\u00e1tt\u00e9tel \u00e9s margin kalkul\u00e1tor<\/h2>\t\t\t\t<\/div>\n\t\t\t\t\t<\/div>\n\t\t\t\t<\/div>\n\t\t\t\t<div class=\"elementor-element elementor-element-9dc2f58 elementor-widget__width-inherit elementor-absolute elementor-widget elementor-widget-image\" data-id=\"9dc2f58\" data-element_type=\"widget\" data-settings=\"{&quot;_position&quot;:&quot;absolute&quot;}\" data-widget_type=\"image.default\">\n\t\t\t\t\t\t\t\t\t\t\t\t\t\t\t<img fetchpriority=\"high\" decoding=\"async\" width=\"500\" height=\"281\" src=\"https:\/\/mister.forex\/wp-content\/uploads\/2024\/02\/9-500x281.webp\" class=\"attachment-medium size-medium wp-image-4081\" alt=\"\" srcset=\"https:\/\/mister.forex\/wp-content\/uploads\/2024\/02\/9-500x281.webp 500w, https:\/\/mister.forex\/wp-content\/uploads\/2024\/02\/9-600x337.webp 600w, https:\/\/mister.forex\/wp-content\/uploads\/2024\/02\/9-1200x675.webp 1200w, https:\/\/mister.forex\/wp-content\/uploads\/2024\/02\/9-300x169.webp 300w, https:\/\/mister.forex\/wp-content\/uploads\/2024\/02\/9-768x432.webp 768w, https:\/\/mister.forex\/wp-content\/uploads\/2024\/02\/9.webp 1366w\" sizes=\"(max-width: 500px) 100vw, 500px\" \/>\t\t\t\t\t\t\t\t\t\t\t\t\t\t\t<\/div>\n\t\t\t\t\t<\/div>\n\t\t\t\t<\/div>\n\t\t<div class=\"elementor-element elementor-element-cc6b6fb e-flex e-con-boxed e-con e-parent\" data-id=\"cc6b6fb\" data-element_type=\"container\">\n\t\t\t\t\t<div class=\"e-con-inner\">\n\t\t<div class=\"elementor-element elementor-element-3bb6741 e-con-full e-flex e-con e-child\" data-id=\"3bb6741\" data-element_type=\"container\">\n\t\t<div class=\"elementor-element elementor-element-e9305a3 e-con-full e-flex e-con e-child\" data-id=\"e9305a3\" data-element_type=\"container\">\n\t\t\t\t<div class=\"elementor-element elementor-element-72b1357 elementor-widget elementor-widget-text-editor\" data-id=\"72b1357\" data-element_type=\"widget\" data-widget_type=\"text-editor.default\">\n\t\t\t\t\t\t\t\t\t<h2><strong>Haszn\u00e1lati \u00fatmutat\u00f3<\/strong><\/h2><h3><strong>Bemeneti lehet\u0151s\u00e9gek<\/strong><\/h3><p><strong><span style=\"text-decoration: underline;\">Eszk\u00f6z<\/span>:&nbsp;<\/strong>V\u00e1lassza ki a kereskedni k\u00edv\u00e1nt term\u00e9keket, p\u00e9ld\u00e1ul devizap\u00e1r, r\u00e9szv\u00e9nyek, kriptovalut\u00e1k, f\u00e9mek, indexek, CFD-k stb.<\/p><p><strong><span style=\"text-decoration: underline;\">Let\u00e9ti p\u00e9nznem<\/span>:&nbsp;<\/strong>V\u00e1lassza ki a sz\u00e1mla p\u00e9nznem\u00e9t, p\u00e9ld\u00e1ul amerikai doll\u00e1r (USD), eur\u00f3 (EUR) stb.<\/p><p><strong><span style=\"text-decoration: underline;\">T\u0151ke\u00e1tt\u00e9tel<\/span>:&nbsp;<\/strong>\u00cdrja be a sz\u00e1ml\u00e1ja keresked\u00e9si t\u0151ke\u00e1tt\u00e9tel\u00e9t.<\/p><p><strong><span style=\"text-decoration: underline;\">Csomagok (keresked\u00e9s m\u00e9rete)<\/span>:&nbsp;<\/strong>\u00cdrja be a kereskedni k\u00edv\u00e1nt lotok sz\u00e1m\u00e1t.<\/p><p><strong><span style=\"text-decoration: underline;\">\u00c1r<\/span>:&nbsp;<\/strong>\u00cdrja be a kereskedni k\u00edv\u00e1nt term\u00e9k aktu\u00e1lis \u00e1r\u00e1t.<\/p><h3><strong>Sz\u00e1m\u00edt\u00e1si eredm\u00e9ny<\/strong><\/h3><p><strong><span style=\"text-decoration: underline;\">Bet\u00e9t \u00f6sszege, hogy nyissa ki a kereskedelmi<\/span>:&nbsp;<\/strong>Mutassa meg a jelenlegi poz\u00edci\u00f3 megnyit\u00e1s\u00e1hoz sz\u00fcks\u00e9ges margin \u00f6sszeg\u00e9t.<\/p>\t\t\t\t\t\t\t\t<\/div>\n\t\t\t\t<div class=\"elementor-element elementor-element-6df10a8 elementor-widget elementor-widget-text-editor\" data-id=\"6df10a8\" data-element_type=\"widget\" data-widget_type=\"text-editor.default\">\n\t\t\t\t\t\t\t\t\t<h2><strong>Mi az a t\u0151ke\u00e1tt\u00e9tel \u00e9s mi az a margin?<\/strong><\/h2><p>A t\u0151ke\u00e1tt\u00e9teles keresked\u00e9s lehet\u0151v\u00e9 teszi a keresked\u0151k sz\u00e1m\u00e1ra, hogy kevesebb t\u0151k\u00e9vel (azaz margin) nagyobb poz\u00edci\u00f3kat nyissanak, \u00edgy n\u00f6velve a nyeres\u00e9get, de egyben a vesztes\u00e9geket is. Ezt a keresked\u00e9si m\u00f3dot margin keresked\u00e9snek is nevezik.<\/p><p>A t\u0151ke\u00e1tt\u00e9tel szerepe a potenci\u00e1lis nyeres\u00e9g \u00e9s vesztes\u00e9g felnagy\u00edt\u00e1sa. P\u00e9ld\u00e1ul, ha 1.0000 \u00e1ron v\u00e1s\u00e1rol eur\u00f3\/doll\u00e1rt t\u0151ke\u00e1tt\u00e9tel n\u00e9lk\u00fcl, akkor a teljes vesztes\u00e9g elvisel\u00e9s\u00e9hez az \u00e1rnak null\u00e1ra kell cs\u00f6kkennie, vagy a befektet\u00e9se megdupl\u00e1z\u00e1s\u00e1hoz az \u00e1rnak 2.0000-ra kell emelkednie. De ha 1:&nbsp;100 t\u0151ke\u00e1tt\u00e9tellel kereskedik, akkor az \u00e1rnak csak 1% v\u00e1ltoznia kell ahhoz, hogy ugyanakkora nyeres\u00e9get vagy vesztes\u00e9get gener\u00e1ljon.<\/p><p>A margin az a p\u00e9nz, amelyet a keresked\u0151knek \u00faj poz\u00edci\u00f3k nyit\u00e1sakor kell befizetni\u00fck. Ez nem keresked\u00e9si k\u00f6lts\u00e9g vagy d\u00edj, \u00e9s a keresked\u00e9s befejez\u00e9se ut\u00e1n visszat\u00e9r\u00edtik. A margin c\u00e9lja, hogy megv\u00e9dje a br\u00f3kert a vesztes\u00e9gekt\u0151l. Amikor a vesztes\u00e9gek a keresked\u0151 marginj\u00e1t a meghat\u00e1rozott stop-loss sz\u00e1zal\u00e9k al\u00e1 cs\u00f6kkentik, a br\u00f3ker automatikusan lez\u00e1rja az egy vagy t\u00f6bb nyitott poz\u00edci\u00f3t. A br\u00f3ker ilyen likvid\u00e1l\u00e1s el\u0151tt figyelmeztet\u00e9st adhat a margin kieg\u00e9sz\u00edt\u00e9s\u00e9re, de ezt nem mindig teszi meg.<\/p>\t\t\t\t\t\t\t\t<\/div>\n\t\t\t\t<div class=\"elementor-element elementor-element-7e524c6 elementor-widget elementor-widget-text-editor\" data-id=\"7e524c6\" data-element_type=\"widget\" data-widget_type=\"text-editor.default\">\n\t\t\t\t\t\t\t\t\t<h2><strong>Hogyan m\u0171k\u00f6dik a t\u0151ke\u00e1tt\u00e9tel?<\/strong><\/h2><p>Haszn\u00e1lva a 100:&nbsp;1 t\u0151ke\u00e1tt\u00e9telt, a keresked\u0151k olyan poz\u00edci\u00f3m\u00e9retet nyithatnak, amely a t\u0151ke\u00e1tt\u00e9tel n\u00e9lk\u00fcli m\u00e9ret 100-szorosa. P\u00e9ld\u00e1ul, ha a 0,01 lot eur\u00f3\/doll\u00e1r keresked\u00e9si poz\u00edci\u00f3 k\u00f6lts\u00e9ge 1,000 doll\u00e1r (t\u0151ke\u00e1tt\u00e9tel n\u00e9lk\u00fcl), \u00e9s a br\u00f3ker 100:&nbsp;1 t\u0151ke\u00e1tt\u00e9telt k\u00edn\u00e1l, akkor a keresked\u0151nek csak 10 doll\u00e1rt kell let\u00e9tbe helyeznie. Term\u00e9szetesen a keresked\u0151k v\u00e1laszthatj\u00e1k az alacsonyabb t\u0151ke\u00e1tt\u00e9telt is, p\u00e9ld\u00e1ul 30:&nbsp;1 vagy 5:&nbsp;1, s\u0151t ak\u00e1r a t\u0151ke\u00e1tt\u00e9tel n\u00e9lk\u00fcli keresked\u00e9st is.<\/p><p>Figyelem:&nbsp;A t\u0151ke\u00e1tt\u00e9tel ar\u00e1ny\u00e1nak n\u00f6veked\u00e9s\u00e9vel a kock\u00e1zat is n\u0151. A legt\u00f6bb professzion\u00e1lis keresked\u0151 alacsonyabb t\u0151ke\u00e1tt\u00e9teli ar\u00e1nyt v\u00e1laszt, legfeljebb 5:&nbsp;1, vagy teljesen elker\u00fcli a t\u0151ke\u00e1tt\u00e9telt, mik\u00f6zben a kock\u00e1zati sz\u00e1zal\u00e9kot m\u00e9rs\u00e9kelt szinten tartja (p\u00e9ld\u00e1ul 2%).<\/p>\t\t\t\t\t\t\t\t<\/div>\n\t\t\t\t<div class=\"elementor-element elementor-element-2928908 elementor-alert-success elementor-widget elementor-widget-alert\" data-id=\"2928908\" data-element_type=\"widget\" data-widget_type=\"alert.default\">\n\t\t\t\t\t\t\t<div class=\"elementor-alert\" role=\"alert\">\n\n\t\t\t\n\t\t\t\t\t\t<span class=\"elementor-alert-description\"><b>Javaslat:&nbsp;<\/b><br>Min\u00e9l magasabb a t\u0151ke\u00e1tt\u00e9tel, ann\u00e1l nagyobb a kock\u00e1zat. A legt\u00f6bb professzion\u00e1lis keresked\u0151 alacsonyabb t\u0151ke\u00e1tt\u00e9teli ar\u00e1nyt v\u00e1laszt, legfeljebb 5:&nbsp;1, vagy teljesen elker\u00fcli a t\u0151ke\u00e1tt\u00e9telt, mik\u00f6zben a kock\u00e1zati sz\u00e1zal\u00e9kot m\u00e9rs\u00e9kelt szinten tartja (p\u00e9ld\u00e1ul 2%).<\/span>\n\t\t\t\n\t\t\t\n\t\t<\/div>\n\t\t\t\t\t\t<\/div>\n\t\t\t\t<\/div>\n\t\t<div class=\"elementor-element elementor-element-6209c4a e-con-full e-flex e-con e-child\" data-id=\"6209c4a\" data-element_type=\"container\">\n\t\t\t\t<div class=\"elementor-element elementor-element-973a2f9 elementor-widget__width-initial elementor-widget elementor-widget-html\" data-id=\"973a2f9\" data-element_type=\"widget\" data-widget_type=\"html.default\">\n\t\t\t\t\t<div id=\"margin-calculator-537057\"><script type=\"text\/javascript\" src=\"https:\/\/www.cashbackforex.com\/Content\/remote\/remote-widgets.js\"><\/script><script type=\"text\/javascript\"> RemoteCalc({\"Url\":\"https:\/\/www.cashbackforex.com\", \"TopPaneStyle\":\"YmFja2dyb3VuZDogbGluZWFyLWdyYWRpZW50KCNmZmYgMjAlLCAjZjVmNWY1IDQ1JSk7IGNvbG9yOiBibGFjazsgYm9yZGVyOiBzb2xpZCAxcHggI2FhYTsgYm9yZGVyLWJvdHRvbTogbm9uZTsg\",\"BottomPaneStyle\":\"YmFja2dyb3VuZDogI2YzZjNmMzsgYm9yZGVyOiBzb2xpZCAxcHggI2FhYTsgY29sb3I6IGJsYWNrOw==\",\"ButtonStyle\":\"YmFja2dyb3VuZDogIzM0MzU0MDsgY29sb3I6IHdoaXRlOyBib3JkZXItcmFkaXVzOiAyMHB4Ow==\",\"TitleStyle\":\"dGV4dC1hbGlnbjogbGVmdDsgZm9udC1zaXplOiAxNnB4OyBmb250LXdlaWdodDogNTAwOw==\",\"TextboxStyle\":\"YmFja2dyb3VuZC1jb2xvcjogd2hpdGU7IGNvbG9yOiBibGFjazsgYm9yZGVyOiBzb2xpZCAxcHggI2FhYWFhYQ==\",\"ContainerWidth\":\"500\",\"HighlightColor\":\"#ffff00\",\"IsDisplayTitle\":false,\"IsShowChartLinks\":false,\"IsShowEmbedButton\":false,\"Lang\":wlang(),\"CompactType\":\"large\",\"Calculator\":\"margin-calculator\",\"ContainerId\":\"margin-calculator-537057\"});\n\nfunction wlang() {\n    \n\tvar lang = window.location.href;\n\n\tif (!lang) {\n\t\treturn 'en';\n\t}\n\n        if (lang.match('\/zh\/')) {\n\t\treturn 'zh';\n\n\t} else if (lang.match('\/hk\/')) {\n\t\treturn 'zh';\n\t\t\n\t} else if (lang.match('\/cn\/')) {\n\t\treturn 'zh';\n\t\t\n\t} else if (lang.match('\/en\/')) {\n\t\treturn 'en';\n\t\t\n\t} else if (lang.match('\/hi\/')) {\n\t\treturn 'en';\n\t\t\n\t} else if (lang.match('\/pt_br\/')) {\n\t\treturn 'pt';\n\t\t\n\t} else if (lang.match('\/ms\/')) {\n\t\treturn 'id';\n\t\t\n\t} else if (lang.match('\/es\/')) {\n\t\treturn 'es';\n\t\t\n\t} else if (lang.match('\/es_ar\/')) {\n\t\treturn 'es';\n\t\t\n\t} else if (lang.match('\/es_mx\/')) {\n\t\treturn 'es';\n\n\t} else if (lang.match('\/bn\/')) {\n\t\treturn 'en';\n\t\t\n\t} else if (lang.match('\/nb\/')) {\n\t\treturn 'en';\t\t\n\n\t} else if (lang.match('\/da\/')) {\n\t\treturn 'en';\n\t\t\n\t} else if (lang.match('\/nl\/')) {\n\t\treturn 'en';\n\t\t\n\t} else if (lang.match('\/sv\/')) {\n\t\treturn 'en';\n\t\t\n\t} else if (lang.match('\/uk\/')) {\n\t\treturn 'ru';\n\t\t\n\t} else if (lang.match('\/ur\/')) {\n\t\treturn 'en';\n\t\t\n\t} else if (lang.match('\/de\/')) {\n\t\treturn 'de';\n\t\t\n\t} else if (lang.match('\/fr\/')) {\n\t\treturn 'fr';\n\t\t\n\t} else if (lang.match('\/id\/')) {\n\t\treturn 'id';\n\t\t\n\t} else if (lang.match('\/it\/')) {\n\t\treturn 'it';\n\t\t\n\t} else if (lang.match('\/hu\/')) {\n\t\treturn 'hu';\n\t\t\n\t} else if (lang.match('\/pt\/')) {\n\t\treturn 'pt';\n\t\t\n\t} else if (lang.match('\/pl\/')) {\n\t\treturn 'pl';\n\t\t\n\t} else if (lang.match('\/ro\/')) {\n\t\treturn 'ro';\n\t\t\n\t} else if (lang.match('\/vi\/')) {\n\t\treturn 'vi';\n\t\t\n\t} else if (lang.match('\/tr\/')) {\n\t\treturn 'tr';\n\t\t\n\t} else if (lang.match('\/el\/')) {\n\t\treturn 'el';\n\t\t\n\t} else if (lang.match('\/ru\/')) {\n\t\treturn 'ru';\n\t\t\n\t} else if (lang.match('\/ar\/')) {\n\t\treturn 'ar';\n\t\t\n\t} else if (lang.match('\/th\/')) {\n\t\treturn 'th';\n\t\t\n\t} else if (lang.match('\/kr\/')) {\n\t\treturn 'ko';\n\t\t\n\t} else if (lang.match('\/jp\/')) {\n\t\treturn 'ja';\n\t\t\n\t} else if (lang.match('\/cs\/')) {\n\t\treturn 'cs';\n\t\t\n\t}else {\n\t\treturn 'zh';\n\t}\n}\n<\/script><\/div>\t\t\t\t<\/div>\n\t\t\t\t<\/div>\n\t\t\t\t<\/div>\n\t\t\t\t\t<\/div>\n\t\t\t\t<\/div>\n\t\t\t\t<\/div>","protected":false},"excerpt":{"rendered":"<p>Forex Margin Kalkul\u00e1tor egy er\u0151teljes eszk\u00f6z, amely seg\u00edthet \u00d6nnek b\u00f6lcs d\u00f6nt\u00e9seket hozni a T\u0151ke\u00e1tt\u00e9tel keresked\u00e9s sor\u00e1n. K\u00e9pes kisz\u00e1m\u00edtani a keresked\u00e9shez sz\u00fcks\u00e9ges kezdeti Margin \u00f6sszeget a Keresked\u00e9si eszk\u00f6z t\u00edpusa, a sz\u00e1mla p\u00e9nzneme, a T\u0151ke\u00e1tt\u00e9tel, a k\u00e9zm\u00e9ret \u00e9s az Eszk\u00f6z \u00e1ra alapj\u00e1n.<\/p>","protected":false},"author":1,"featured_media":23590,"parent":15462,"menu_order":0,"comment_status":"closed","ping_status":"closed","template":"","meta":{"footnotes":""},"tags":[128],"class_list":["post-15663","page","type-page","status-publish","has-post-thumbnail","hentry","tag-no-google"],"_links":{"self":[{"href":"https:\/\/mister.forex\/hu\/wp-json\/wp\/v2\/pages\/15663","targetHints":{"allow":["GET"]}}],"collection":[{"href":"https:\/\/mister.forex\/hu\/wp-json\/wp\/v2\/pages"}],"about":[{"href":"https:\/\/mister.forex\/hu\/wp-json\/wp\/v2\/types\/page"}],"author":[{"embeddable":true,"href":"https:\/\/mister.forex\/hu\/wp-json\/wp\/v2\/users\/1"}],"replies":[{"embeddable":true,"href":"https:\/\/mister.forex\/hu\/wp-json\/wp\/v2\/comments?post=15663"}],"version-history":[{"count":3,"href":"https:\/\/mister.forex\/hu\/wp-json\/wp\/v2\/pages\/15663\/revisions"}],"predecessor-version":[{"id":69184,"href":"https:\/\/mister.forex\/hu\/wp-json\/wp\/v2\/pages\/15663\/revisions\/69184"}],"up":[{"embeddable":true,"href":"https:\/\/mister.forex\/hu\/wp-json\/wp\/v2\/pages\/15462"}],"wp:featuredmedia":[{"embeddable":true,"href":"https:\/\/mister.forex\/hu\/wp-json\/wp\/v2\/media\/23590"}],"wp:attachment":[{"href":"https:\/\/mister.forex\/hu\/wp-json\/wp\/v2\/media?parent=15663"}],"wp:term":[{"taxonomy":"post_tag","embeddable":true,"href":"https:\/\/mister.forex\/hu\/wp-json\/wp\/v2\/tags?post=15663"}],"curies":[{"name":"wp","href":"https:\/\/api.w.org\/{rel}","templated":true}]}}