{"id":15689,"date":"2024-05-03T20:52:04","date_gmt":"2024-05-03T12:52:04","guid":{"rendered":"http:\/\/192.168.0.254\/?page_id=15689"},"modified":"2026-04-02T23:17:21","modified_gmt":"2026-04-02T15:17:21","slug":"pivot-point-calculator","status":"publish","type":"page","link":"https:\/\/mister.forex\/hu\/tools\/pivot-point-calculator\/","title":{"rendered":"Pivotpont Kalkul\u00e1tor | Forex t\u00e1masz \u00e9s ellen\u00e1ll\u00e1s sz\u00e1m\u00edt\u00f3"},"content":{"rendered":"<div data-elementor-type=\"wp-page\" data-elementor-id=\"15689\" class=\"elementor elementor-15689\" data-elementor-post-type=\"page\">\n\t\t\t\t<div class=\"elementor-element elementor-element-5536ed9 e-flex e-con-boxed e-con e-parent\" data-id=\"5536ed9\" data-element_type=\"container\" data-settings=\"{&quot;background_background&quot;:&quot;classic&quot;}\">\n\t\t\t\t\t<div class=\"e-con-inner\">\n\t\t<div class=\"elementor-element elementor-element-ba5a32b e-flex e-con-boxed e-con e-child\" data-id=\"ba5a32b\" data-element_type=\"container\">\n\t\t\t\t\t<div class=\"e-con-inner\">\n\t\t\t\t<div class=\"elementor-element elementor-element-2136e2e elementor-widget elementor-widget-heading\" data-id=\"2136e2e\" data-element_type=\"widget\" data-widget_type=\"heading.default\">\n\t\t\t\t\t<h1 class=\"elementor-heading-title elementor-size-default\">Pivotpont Kalkul\u00e1tor<\/h1>\t\t\t\t<\/div>\n\t\t\t\t<div class=\"elementor-element elementor-element-cedcae0 elementor-widget elementor-widget-heading\" data-id=\"cedcae0\" data-element_type=\"widget\" data-widget_type=\"heading.default\">\n\t\t\t\t\t<h2 class=\"elementor-heading-title elementor-size-default\">Forex pivot point calculator for support and resistance<\/h2>\t\t\t\t<\/div>\n\t\t\t\t\t<\/div>\n\t\t\t\t<\/div>\n\t\t\t\t<div class=\"elementor-element elementor-element-bf99893 elementor-widget__width-inherit elementor-absolute elementor-widget elementor-widget-image\" data-id=\"bf99893\" data-element_type=\"widget\" data-settings=\"{&quot;_position&quot;:&quot;absolute&quot;}\" data-widget_type=\"image.default\">\n\t\t\t\t\t\t\t\t\t\t\t\t\t\t\t<img fetchpriority=\"high\" decoding=\"async\" width=\"500\" height=\"281\" src=\"https:\/\/mister.forex\/wp-content\/uploads\/2024\/02\/9-500x281.webp\" class=\"attachment-medium size-medium wp-image-4081\" alt=\"\" srcset=\"https:\/\/mister.forex\/wp-content\/uploads\/2024\/02\/9-500x281.webp 500w, https:\/\/mister.forex\/wp-content\/uploads\/2024\/02\/9-600x337.webp 600w, https:\/\/mister.forex\/wp-content\/uploads\/2024\/02\/9-1200x675.webp 1200w, https:\/\/mister.forex\/wp-content\/uploads\/2024\/02\/9-300x169.webp 300w, https:\/\/mister.forex\/wp-content\/uploads\/2024\/02\/9-768x432.webp 768w, https:\/\/mister.forex\/wp-content\/uploads\/2024\/02\/9.webp 1366w\" sizes=\"(max-width: 500px) 100vw, 500px\" \/>\t\t\t\t\t\t\t\t\t\t\t\t\t\t\t<\/div>\n\t\t\t\t\t<\/div>\n\t\t\t\t<\/div>\n\t\t<div class=\"elementor-element elementor-element-f4bbbce e-flex e-con-boxed e-con e-parent\" data-id=\"f4bbbce\" data-element_type=\"container\">\n\t\t\t\t\t<div class=\"e-con-inner\">\n\t\t<div class=\"elementor-element elementor-element-118367b e-con-full e-flex e-con e-child\" data-id=\"118367b\" data-element_type=\"container\">\n\t\t<div class=\"elementor-element elementor-element-4aaf97d e-con-full e-flex e-con e-child\" data-id=\"4aaf97d\" data-element_type=\"container\">\n\t\t\t\t<div class=\"elementor-element elementor-element-7a71ef8 elementor-widget elementor-widget-text-editor\" data-id=\"7a71ef8\" data-element_type=\"widget\" data-widget_type=\"text-editor.default\">\n\t\t\t\t\t\t\t\t\t<h2><strong>Haszn\u00e1lati \u00fatmutat\u00f3<\/strong><\/h2><h3><strong>Bemeneti lehet\u0151s\u00e9gek<\/strong><\/h3><p><strong><span style=\"text-decoration: underline;\">t\u00edpus<\/span>:&nbsp;<\/strong>Ebben a mez\u0151ben n\u00e9gy k\u00fcl\u00f6nb\u00f6z\u0151 szint\u0171 pivot pont sz\u00e1m\u00edt\u00e1si m\u00f3dszer k\u00f6z\u00fcl v\u00e1laszthat.<\/p><ol><li><strong><span style=\"text-decoration: underline;\">Alap\u00e9rtelmezett<\/span>:&nbsp;<\/strong>7 szint R3 \u00e9s S3 k\u00f6z\u00f6tt.<\/li><li><strong><span style=\"text-decoration: underline;\">Woodie<\/span>:&nbsp;<\/strong>5 szint R2 \u00e9s S2 k\u00f6z\u00f6tt.<\/li><li><strong><span style=\"text-decoration: underline;\">Camarilla<\/span>:&nbsp;<\/strong>9 szint, R4 \u00e9s S4 k\u00f6z\u00f6tt.<\/li><li><strong><span style=\"text-decoration: underline;\">DeMark<\/span>:&nbsp;<\/strong>Csak az R1 \u00e9s S1 k\u00f6z\u00f6tti 2 szintet sz\u00e1molja.<\/li><\/ol>\t\t\t\t\t\t\t\t<\/div>\n\t\t\t\t<div class=\"elementor-element elementor-element-61abba3 elementor-widget elementor-widget-text-editor\" data-id=\"61abba3\" data-element_type=\"widget\" data-widget_type=\"text-editor.default\">\n\t\t\t\t\t\t\t\t\t<p><strong><span style=\"text-decoration: underline;\">Legmagasabb \u00e1r<\/span>:&nbsp;<\/strong>\u00cdrja be a kereskedett term\u00e9k el\u0151z\u0151 keresked\u00e9si napj\u00e1nak legmagasabb \u00e1r\u00e1t.<\/p><p><strong><span style=\"text-decoration: underline;\">Legalacsonyabb \u00e1r<\/span>:&nbsp;<\/strong>\u00cdrja be a kereskedett term\u00e9k el\u0151z\u0151 keresked\u00e9si napj\u00e1nak legalacsonyabb \u00e1r\u00e1t.<\/p><p><strong><span style=\"text-decoration: underline;\">\u00c1r z\u00e1r\u00e1sa<\/span>:&nbsp;<\/strong>\u00cdrja be az el\u0151z\u0151 keresked\u00e9si nap z\u00e1r\u00f3 \u00e1r\u00e1t.<\/p><p><strong>\u203b<\/strong>\u00a0<strong><span style=\"text-decoration: underline;\">Nyitott \u00e1r<\/span>:&nbsp;<\/strong>\u00cdrja be az el\u0151z\u0151 keresked\u00e9si nap nyit\u00f3 \u00e1r\u00e1t, amely a DeMark m\u00f3dszer egyik kulcsfontoss\u00e1g\u00fa sz\u00e1m\u00edt\u00e1si adata.<\/p>\t\t\t\t\t\t\t\t<\/div>\n\t\t\t\t<div class=\"elementor-element elementor-element-d6b57e4 elementor-widget elementor-widget-text-editor\" data-id=\"d6b57e4\" data-element_type=\"widget\" data-widget_type=\"text-editor.default\">\n\t\t\t\t\t\t\t\t\t<h2><strong>Sz\u00e1m\u00edt\u00e1si eredm\u00e9ny<\/strong><\/h2><p>A Pivotpont Kalkul\u00e1tor a v\u00e1lasztott sz\u00e1m\u00edt\u00e1si m\u00f3dszer \u00e9s a megadott \u00e1radatai alapj\u00e1n kisz\u00e1m\u00edtja \u00e9s megjelen\u00edti a k\u00f6vetkez\u0151 keresked\u00e9si id\u0151szak pivot szintjeit.<\/p><p>P\u00e9ld\u00e1ul tegy\u00fck fel, hogy az eur\u00f3\/doll\u00e1r \u00e9s a k\u00f6vetkez\u0151 keresked\u00e9si id\u0151szak pivot pontjait szeretn\u00e9nk kisz\u00e1m\u00edtani.<\/p><p>El\u0151sz\u00f6r a p\u00e9ld\u00e1nkban a standard sz\u00e1m\u00edt\u00e1si m\u00f3dszert fogjuk v\u00e1lasztani.<\/p><p>Be\u00edrtuk az eur\u00f3\/doll\u00e1r devizap\u00e1r el\u0151z\u0151 keresked\u00e9si napj\u00e1n el\u00e9rt legmagasabb \u00e1rfolyam\u00e1t, ami 1.2000, a legalacsonyabb \u00e1rfolyam\u00e1t, ami 1.1500, \u00e9s a z\u00e1r\u00f3 \u00e1rfolyam\u00e1t, ami 1.1700.<\/p><p>Pivotpont Kalkul\u00e1tor (a standard m\u00f3dban) kisz\u00e1m\u00edtja \u00e9s megjelen\u00edti az eur\u00f3\/doll\u00e1r p\u00e1r k\u00f6vetkez\u0151 keresked\u00e9si id\u0151szak\u00e1nak 7 pivot szintj\u00e9t.<\/p><p>A k\u00f6vetkez\u0151 napi pivot pont szintje 1.1733<\/p><p>A h\u00e1rom t\u00e1maszszint:&nbsp;1.1467 (S1), 1.1233 (S2) \u00e9s 1.0967 (S3).<\/p><p>A h\u00e1rom ellen\u00e1ll\u00e1si szint:&nbsp;1.1967 (R1), 1.2233 (R2) \u00e9s 1.2467 (R3).<\/p>\t\t\t\t\t\t\t\t<\/div>\n\t\t\t\t<div class=\"elementor-element elementor-element-51954b1 elementor-widget elementor-widget-text-editor\" data-id=\"51954b1\" data-element_type=\"widget\" data-widget_type=\"text-editor.default\">\n\t\t\t\t\t\t\t\t\t<h2><strong>Mi az a pivot pont?<\/strong><\/h2><p>A pivot point egy gyakori technikai elemz\u0151 eszk\u00f6z a devizakereskedelemben, amelyet a lehets\u00e9ges t\u00e1masz- \u00e9s ellen\u00e1ll\u00e1sszintek meghat\u00e1roz\u00e1s\u00e1ra haszn\u00e1lnak.<\/p><p>Ez a megel\u0151z\u0151 keresked\u00e9si nap legmagasabb, legalacsonyabb \u00e9s z\u00e1r\u00f3\u00e1r\u00e1nak \u00e1tlag\u00e1b\u00f3l sz\u00e1m\u00edt\u00f3dik.<\/p><p><strong>Pivot Point =<\/strong><\/p><p data-pm-slice=\"0 0 []\"><strong>[Legmagasabb \u00e1r (magas \u00e1r) + Legalacsonyabb \u00e1r (alacsony \u00e1r) + Z\u00e1r\u00f3 \u00e1r (z\u00e1r\u00f3 \u00e1r) ] \/ 3<\/strong><\/p><p>A k\u00f6vetkez\u0151 keresked\u00e9si id\u0151szakban, ha az aktu\u00e1lis \u00e1r a pivot pont szintje alatt van, az jelezheti, hogy a piac tov\u00e1bbra is cs\u00f6kkenni fog; ezzel szemben, ha az aktu\u00e1lis \u00e1r a pivot pont szintje felett van, az jelezheti, hogy a piac tov\u00e1bbra is emelkedni fog.<\/p><p>A pivot point strat\u00e9gia egy el\u0151rejelz\u0151 keresked\u00e9si strat\u00e9gia, amely seg\u00edthet a keresked\u0151knek meghat\u00e1rozni a lehets\u00e9ges \u00e1rfordul\u00f3pontokat vagy \u00e1tt\u00f6r\u00e9si szinteket. Ennek a strat\u00e9gi\u00e1nak a f\u0151 el\u0151nye, hogy azonnali piaci ir\u00e1nyinform\u00e1ci\u00f3t tud ny\u00fajtani, nem pedig k\u00e9sleltetett inform\u00e1ci\u00f3t.<\/p><p>A Pivotpont Kalkul\u00e1torunk seg\u00edthet \u00d6nnek pontosan kisz\u00e1m\u00edtani b\u00e1rmely p\u00e9nz\u00fcgyi eszk\u00f6z \u00e1r\u00e1nak pivotpontj\u00e1t, h\u00e1rom ellen\u00e1ll\u00e1si szintet \u00e9s h\u00e1rom t\u00e1maszszintet. Ezek a szintek seg\u00edthetnek \u00d6nnek jobban meg\u00e9rteni a piac lehets\u00e9ges mozg\u00e1s\u00e1t, \u00e9s hat\u00e9kony keresked\u00e9si strat\u00e9gi\u00e1kat kidolgozni.<\/p>\t\t\t\t\t\t\t\t<\/div>\n\t\t\t\t<div class=\"elementor-element elementor-element-5a452a9 elementor-alert-danger elementor-widget elementor-widget-alert\" data-id=\"5a452a9\" data-element_type=\"widget\" data-widget_type=\"alert.default\">\n\t\t\t\t\t\t\t<div class=\"elementor-alert\" role=\"alert\">\n\n\t\t\t\n\t\t\t\t\t\t<span class=\"elementor-alert-description\">A pivot point keresked\u00e9si strat\u00e9gia hat\u00e9konys\u00e1ga nagym\u00e9rt\u00e9kben f\u00fcgg az alkalmazott \u00e1radataik pontoss\u00e1g\u00e1t\u00f3l. Ezeknek az \u00e1radatoknak (bele\u00e9rtve a legmagasabb \u00e1rat, a legalacsonyabb \u00e1rat \u00e9s a z\u00e1r\u00f3\u00e1rat) k\u00f6zvetlen\u00fcl a term\u00e9k br\u00f3ker\u00e9nek piaci keresked\u00e9si idej\u00e9b\u0151l kell sz\u00e1rmazniuk, hogy biztos\u00edts\u00e1k, hogy azok \u00f6sszhangban legyenek a br\u00f3ker \u00e1radataival.\n<br><br>\nAzonban n\u00e9h\u00e1ny kiskereskedelmi CFD br\u00f3ker k\u00fcl\u00f6nb\u00f6z\u0151 id\u0151z\u00f3n\u00e1kban rendelkezik adat szerverekkel, ami elt\u00e9r\u00e9seket okozhat a hivatalos piaccal \u00f6sszehasonl\u00edtva. Ez a helyzet elt\u00e9r\u00e9seket okozhat a keresked\u00e9si termin\u00e1lokon tal\u00e1lhat\u00f3 grafikonok \u00e9s \u00e1rak k\u00f6z\u00f6tt a br\u00f3kerek miatt, ami befoly\u00e1solhatja a pivot pont strat\u00e9gi\u00e1k eredm\u00e9nyeit.\n<br><br>\nEz\u00e9rt, a pivot pont strat\u00e9gia hat\u00e9konys\u00e1g\u00e1nak biztos\u00edt\u00e1sa \u00e9rdek\u00e9ben a keresked\u0151knek biztos\u00edtaniuk kell, hogy a haszn\u00e1lt \u00e1radataik pontosak \u00e9s megb\u00edzhat\u00f3ak legyenek, \u00e9s hogy azok \u00f6sszhangban legyenek a br\u00f3ker\u00fck adataival. Ez megk\u00f6vetelheti, hogy a keresked\u0151k kommunik\u00e1ljanak br\u00f3ker\u00fckkel a legjobb adatforr\u00e1sok meghat\u00e1roz\u00e1sa \u00e9rdek\u00e9ben.<\/span>\n\t\t\t\n\t\t\t\n\t\t<\/div>\n\t\t\t\t\t\t<\/div>\n\t\t\t\t<\/div>\n\t\t\t\t<\/div>\n\t\t<div class=\"elementor-element elementor-element-e6e20af e-con-full e-flex e-con e-child\" data-id=\"e6e20af\" data-element_type=\"container\">\n\t\t\t\t<div class=\"elementor-element elementor-element-46abd96 elementor-widget__width-initial elementor-widget elementor-widget-html\" data-id=\"46abd96\" data-element_type=\"widget\" data-widget_type=\"html.default\">\n\t\t\t\t\t<div id=\"pivot-point-calculator-29446\"><script type=\"text\/javascript\" src=\"https:\/\/www.cashbackforex.com\/Content\/remote\/remote-widgets.js\"><\/script><script type=\"text\/javascript\"> RemoteCalc({\"Url\":\"https:\/\/www.cashbackforex.com\", \"TopPaneStyle\":\"YmFja2dyb3VuZDogbGluZWFyLWdyYWRpZW50KCNmZmYgMjAlLCAjZjVmNWY1IDQ1JSk7IGNvbG9yOiBibGFjazsgYm9yZGVyOiBzb2xpZCAxcHggI2FhYTsgYm9yZGVyLWJvdHRvbTogbm9uZTsg\",\"BottomPaneStyle\":\"YmFja2dyb3VuZDogI2YzZjNmMzsgYm9yZGVyOiBzb2xpZCAxcHggI2FhYTsgY29sb3I6IGJsYWNrOw==\",\"ButtonStyle\":\"YmFja2dyb3VuZDogIzM0MzU0MDsgY29sb3I6IHdoaXRlOyBib3JkZXItcmFkaXVzOiAyMHB4Ow==\",\"TitleStyle\":\"dGV4dC1hbGlnbjogbGVmdDsgZm9udC1zaXplOiAxNnB4OyBmb250LXdlaWdodDogNTAwOw==\",\"TextboxStyle\":\"YmFja2dyb3VuZC1jb2xvcjogd2hpdGU7IGNvbG9yOiBibGFjazsgYm9yZGVyOiBzb2xpZCAxcHggI2FhYWFhYQ==\",\"ContainerWidth\":\"500\",\"HighlightColor\":\"#ffff00\",\"IsDisplayTitle\":false,\"IsShowEmbedButton\":false,\"Lang\":wlang(),\"CompactType\":\"large\",\"Calculator\":\"pivot-point-calculator\",\"ContainerId\":\"pivot-point-calculator-29446\"});\n\nfunction wlang() {\n    \n\tvar lang = window.location.href;\n\n\tif (!lang) {\n\t\treturn 'en';\n\t}\n\n        if (lang.match('\/zh\/')) {\n\t\treturn 'zh';\n\n\t} else if (lang.match('\/hk\/')) {\n\t\treturn 'zh';\n\t\t\n\t} else if (lang.match('\/cn\/')) {\n\t\treturn 'zh';\n\t\t\n\t} else if (lang.match('\/en\/')) {\n\t\treturn 'en';\n\t\t\n\t} else if (lang.match('\/hi\/')) {\n\t\treturn 'en';\n\t\t\n\t} else if (lang.match('\/pt_br\/')) {\n\t\treturn 'pt';\n\t\t\n\t} else if (lang.match('\/ms\/')) {\n\t\treturn 'id';\n\t\t\n\t} else if (lang.match('\/es\/')) {\n\t\treturn 'es';\n\t\t\n\t} else if (lang.match('\/es_ar\/')) {\n\t\treturn 'es';\n\t\t\n\t} else if (lang.match('\/es_mx\/')) {\n\t\treturn 'es';\n\n\t} else if (lang.match('\/bn\/')) {\n\t\treturn 'en';\n\t\t\n\t} else if (lang.match('\/nb\/')) {\n\t\treturn 'en';\t\t\n\n\t} else if (lang.match('\/da\/')) {\n\t\treturn 'en';\n\t\t\n\t} else if (lang.match('\/nl\/')) {\n\t\treturn 'en';\n\t\t\n\t} else if (lang.match('\/sv\/')) {\n\t\treturn 'en';\n\t\t\n\t} else if (lang.match('\/uk\/')) {\n\t\treturn 'ru';\n\t\t\n\t} else if (lang.match('\/ur\/')) {\n\t\treturn 'en';\n\t\t\n\t} else if (lang.match('\/de\/')) {\n\t\treturn 'de';\n\t\t\n\t} else if (lang.match('\/fr\/')) {\n\t\treturn 'fr';\n\t\t\n\t} else if (lang.match('\/id\/')) {\n\t\treturn 'id';\n\t\t\n\t} else if (lang.match('\/it\/')) {\n\t\treturn 'it';\n\t\t\n\t} else if (lang.match('\/hu\/')) {\n\t\treturn 'hu';\n\t\t\n\t} else if (lang.match('\/pt\/')) {\n\t\treturn 'pt';\n\t\t\n\t} else if (lang.match('\/pl\/')) {\n\t\treturn 'pl';\n\t\t\n\t} else if (lang.match('\/ro\/')) {\n\t\treturn 'ro';\n\t\t\n\t} else if (lang.match('\/vi\/')) {\n\t\treturn 'vi';\n\t\t\n\t} else if (lang.match('\/tr\/')) {\n\t\treturn 'tr';\n\t\t\n\t} else if (lang.match('\/el\/')) {\n\t\treturn 'el';\n\t\t\n\t} else if (lang.match('\/ru\/')) {\n\t\treturn 'ru';\n\t\t\n\t} else if (lang.match('\/ar\/')) {\n\t\treturn 'ar';\n\t\t\n\t} else if (lang.match('\/th\/')) {\n\t\treturn 'th';\n\t\t\n\t} else if (lang.match('\/kr\/')) {\n\t\treturn 'ko';\n\t\t\n\t} else if (lang.match('\/jp\/')) {\n\t\treturn 'ja';\n\t\t\n\t} else if (lang.match('\/cs\/')) {\n\t\treturn 'cs';\n\t\t\n\t}else {\n\t\treturn 'zh';\n\t}\n}\n<\/script><\/div>\t\t\t\t<\/div>\n\t\t\t\t<\/div>\n\t\t\t\t\t<\/div>\n\t\t\t\t<\/div>\n\t\t\t\t<\/div>","protected":false},"excerpt":{"rendered":"<p>Szeretn\u00e9 pontosan meghat\u00e1rozni a t\u00e1mogat\u00e1si \u00e9s ellen\u00e1ll\u00e1si szinteket a devizapiacon? A Pivotpont Kalkul\u00e1torunk az ide\u00e1lis eszk\u00f6z az \u00d6n sz\u00e1m\u00e1ra! Legyen sz\u00f3 standard, Woodie, Camarilla vagy DeMark m\u00f3dszerr\u0151l, seg\u00edt\u00fcnk \u00d6nnek k\u00f6nnyed\u00e9n kisz\u00e1m\u00edtani a k\u00f6vetkez\u0151 keresked\u00e9si id\u0151szak kulcsfontoss\u00e1g\u00fa pivotpontjait. Kattintson a teljes cikk megtekint\u00e9s\u00e9hez, hogy elsaj\u00e1t\u00edtsa a tov\u00e1bbi keresked\u00e9si tippeket, \u00e9s n\u00f6velje keresked\u00e9si sikeress\u00e9g\u00e9t!<\/p>","protected":false},"author":1,"featured_media":23607,"parent":15462,"menu_order":0,"comment_status":"closed","ping_status":"closed","template":"","meta":{"footnotes":""},"tags":[128],"class_list":["post-15689","page","type-page","status-publish","has-post-thumbnail","hentry","tag-no-google"],"_links":{"self":[{"href":"https:\/\/mister.forex\/hu\/wp-json\/wp\/v2\/pages\/15689","targetHints":{"allow":["GET"]}}],"collection":[{"href":"https:\/\/mister.forex\/hu\/wp-json\/wp\/v2\/pages"}],"about":[{"href":"https:\/\/mister.forex\/hu\/wp-json\/wp\/v2\/types\/page"}],"author":[{"embeddable":true,"href":"https:\/\/mister.forex\/hu\/wp-json\/wp\/v2\/users\/1"}],"replies":[{"embeddable":true,"href":"https:\/\/mister.forex\/hu\/wp-json\/wp\/v2\/comments?post=15689"}],"version-history":[{"count":3,"href":"https:\/\/mister.forex\/hu\/wp-json\/wp\/v2\/pages\/15689\/revisions"}],"predecessor-version":[{"id":69187,"href":"https:\/\/mister.forex\/hu\/wp-json\/wp\/v2\/pages\/15689\/revisions\/69187"}],"up":[{"embeddable":true,"href":"https:\/\/mister.forex\/hu\/wp-json\/wp\/v2\/pages\/15462"}],"wp:featuredmedia":[{"embeddable":true,"href":"https:\/\/mister.forex\/hu\/wp-json\/wp\/v2\/media\/23607"}],"wp:attachment":[{"href":"https:\/\/mister.forex\/hu\/wp-json\/wp\/v2\/media?parent=15689"}],"wp:term":[{"taxonomy":"post_tag","embeddable":true,"href":"https:\/\/mister.forex\/hu\/wp-json\/wp\/v2\/tags?post=15689"}],"curies":[{"name":"wp","href":"https:\/\/api.w.org\/{rel}","templated":true}]}}