{"id":15818,"date":"2024-05-04T06:28:50","date_gmt":"2024-05-03T22:28:50","guid":{"rendered":"http:\/\/192.168.0.254\/?page_id=15818"},"modified":"2026-04-02T23:14:41","modified_gmt":"2026-04-02T15:14:41","slug":"risk-of-ruin-calculator","status":"publish","type":"page","link":"https:\/\/mister.forex\/hu\/tools\/risk-of-ruin-calculator\/","title":{"rendered":"Cs\u0151d Kock\u00e1zat Sz\u00e1m\u00edt\u00f3 | Forex \u00e9s keresked\u00e9si strat\u00e9gi\u00e1k Cs\u0151d Kock\u00e1zat Sz\u00e1m\u00edt\u00f3"},"content":{"rendered":"<div data-elementor-type=\"wp-page\" data-elementor-id=\"15818\" class=\"elementor elementor-15818\" data-elementor-post-type=\"page\">\n\t\t\t\t<div class=\"elementor-element elementor-element-8e47a81 e-flex e-con-boxed e-con e-parent\" data-id=\"8e47a81\" data-element_type=\"container\" data-settings=\"{&quot;background_background&quot;:&quot;classic&quot;}\">\n\t\t\t\t\t<div class=\"e-con-inner\">\n\t\t<div class=\"elementor-element elementor-element-8d637f2 e-flex e-con-boxed e-con e-child\" data-id=\"8d637f2\" data-element_type=\"container\">\n\t\t\t\t\t<div class=\"e-con-inner\">\n\t\t\t\t<div class=\"elementor-element elementor-element-159a7ad elementor-widget elementor-widget-heading\" data-id=\"159a7ad\" data-element_type=\"widget\" data-widget_type=\"heading.default\">\n\t\t\t\t\t<h1 class=\"elementor-heading-title elementor-size-default\">Cs\u0151d Kock\u00e1zat Sz\u00e1m\u00edt\u00f3<\/h1>\t\t\t\t<\/div>\n\t\t\t\t<div class=\"elementor-element elementor-element-16c9f83 elementor-widget elementor-widget-heading\" data-id=\"16c9f83\" data-element_type=\"widget\" data-widget_type=\"heading.default\">\n\t\t\t\t\t<h2 class=\"elementor-heading-title elementor-size-default\">Forex \u00e9s keresked\u00e9si strat\u00e9gi\u00e1k Cs\u0151d Kock\u00e1zat Kalkul\u00e1tor<\/h2>\t\t\t\t<\/div>\n\t\t\t\t\t<\/div>\n\t\t\t\t<\/div>\n\t\t\t\t<div class=\"elementor-element elementor-element-623cea9 elementor-widget__width-inherit elementor-absolute elementor-widget elementor-widget-image\" data-id=\"623cea9\" data-element_type=\"widget\" data-settings=\"{&quot;_position&quot;:&quot;absolute&quot;}\" data-widget_type=\"image.default\">\n\t\t\t\t\t\t\t\t\t\t\t\t\t\t\t<img fetchpriority=\"high\" decoding=\"async\" width=\"500\" height=\"281\" src=\"https:\/\/mister.forex\/wp-content\/uploads\/2024\/02\/9-500x281.webp\" class=\"attachment-medium size-medium wp-image-4081\" alt=\"\" srcset=\"https:\/\/mister.forex\/wp-content\/uploads\/2024\/02\/9-500x281.webp 500w, https:\/\/mister.forex\/wp-content\/uploads\/2024\/02\/9-600x337.webp 600w, https:\/\/mister.forex\/wp-content\/uploads\/2024\/02\/9-1200x675.webp 1200w, https:\/\/mister.forex\/wp-content\/uploads\/2024\/02\/9-300x169.webp 300w, https:\/\/mister.forex\/wp-content\/uploads\/2024\/02\/9-768x432.webp 768w, https:\/\/mister.forex\/wp-content\/uploads\/2024\/02\/9.webp 1366w\" sizes=\"(max-width: 500px) 100vw, 500px\" \/>\t\t\t\t\t\t\t\t\t\t\t\t\t\t\t<\/div>\n\t\t\t\t\t<\/div>\n\t\t\t\t<\/div>\n\t\t<div class=\"elementor-element elementor-element-a4b2228 e-flex e-con-boxed e-con e-parent\" data-id=\"a4b2228\" data-element_type=\"container\">\n\t\t\t\t\t<div class=\"e-con-inner\">\n\t\t<div class=\"elementor-element elementor-element-7a7f8bc e-con-full e-flex e-con e-child\" data-id=\"7a7f8bc\" data-element_type=\"container\">\n\t\t<div class=\"elementor-element elementor-element-04a7380 e-con-full e-flex e-con e-child\" data-id=\"04a7380\" data-element_type=\"container\">\n\t\t\t\t<div class=\"elementor-element elementor-element-c082aaa elementor-widget elementor-widget-text-editor\" data-id=\"c082aaa\" data-element_type=\"widget\" data-widget_type=\"text-editor.default\">\n\t\t\t\t\t\t\t\t\t<h2><strong>Haszn\u00e1lati \u00fatmutat\u00f3<\/strong><\/h2><h3><strong>Bemeneti lehet\u0151s\u00e9gek<\/strong><\/h3><p><strong><span style=\"text-decoration: underline;\">Nyer\u00e9si ar\u00e1ny %<\/span>:&nbsp;<\/strong>Adja meg a keresked\u00e9si rendszer \u00f6sszes\u00edtett nyer\u00e9si ar\u00e1ny\u00e1t, p\u00e9ld\u00e1ul 50%.<\/p><p><strong><span style=\"text-decoration: underline;\">\u00c1tlagos nyeres\u00e9g \/ vesztes\u00e9g<\/span>:&nbsp;<\/strong>\u00cdrja be az \u00e1tlagos nyeres\u00e9g \u00e9s az \u00e1tlagos vesztes\u00e9g ar\u00e1ny\u00e1t (kock\u00e1zati ar\u00e1ny), p\u00e9ld\u00e1ul 1:&nbsp;1.<\/p><p><strong><span style=\"text-decoration: underline;\">Kock\u00e1zat keresked\u00e9senk\u00e9nt %<\/span>:&nbsp;<\/strong>\u00cdrja be a keresked\u00e9senk\u00e9nti vesztes\u00e9g sz\u00e1zal\u00e9k\u00e1t a teljes t\u0151k\u00e9hez viszony\u00edtva, p\u00e9ld\u00e1ul 2%.<\/p><p><strong><span style=\"text-decoration: underline;\">Keresked\u00e9sek sz\u00e1ma<\/span>:&nbsp;<\/strong>Adja meg a v\u00e1rt keresked\u00e9sek sz\u00e1m\u00e1t vagy a jelenlegi keresked\u00e9sek \u00f6sszes sz\u00e1m\u00e1t, p\u00e9ld\u00e1ul 100 alkalommal.<\/p><p><strong><span style=\"text-decoration: underline;\">Max szints\u00fcllyed\u00e9s%<\/span>:&nbsp;<\/strong>\u00cdrja be a jelenlegi keresked\u00e9si strat\u00e9gia maxim\u00e1lis visszaes\u00e9s\u00e9nek sz\u00e1zal\u00e9k\u00e1t, p\u00e9ld\u00e1ul 30%.<\/p><h3><strong>Sz\u00e1m\u00edt\u00e1si eredm\u00e9ny<\/strong><\/h3><p><strong><span style=\"text-decoration: underline;\">A cs\u00facsr\u00f3l a m\u00e9lybe visszaes\u00e9s kock\u00e1zata<\/span>:&nbsp;<\/strong>Megjelen\u00edti az N keresked\u00e9s ut\u00e1n a v\u00e9gs\u0151 sz\u00e1mlaegyenleg val\u00f3sz\u00edn\u0171s\u00e9g\u00e9t, hogy alacsonyabb, mint a kezdeti sz\u00e1mlaegyenleg.<\/p><p><strong><span style=\"text-decoration: underline;\">T\u00f6nkremenetel<\/span>:&nbsp;<\/strong>Megjelen\u00edti a vesztes\u00e9g el\u00e9r\u00e9s\u00e9nek val\u00f3sz\u00edn\u0171s\u00e9g\u00e9t a megadott maxim\u00e1lis vesztes\u00e9gsz\u00e1zal\u00e9kig.<\/p><p>\u203b <strong><span style=\"text-decoration: underline;\">K\u00e9rj\u00fck, vegye figyelembe, hogy a kalkul\u00e1tor kimenete elt\u00e9r\u0151 lehet, mivel az N alkalommal v\u00e9gzett keresked\u00e9sek szimul\u00e1lt helyzet\u00e9n alapul.<\/span><\/strong><\/p>\t\t\t\t\t\t\t\t<\/div>\n\t\t\t\t<div class=\"elementor-element elementor-element-99f0110 elementor-widget elementor-widget-text-editor\" data-id=\"99f0110\" data-element_type=\"widget\" data-widget_type=\"text-editor.default\">\n\t\t\t\t\t\t\t\t\t<h2><strong>Mi az a t\u0151ke\u00e1tt\u00e9teles kock\u00e1zat?<\/strong><\/h2><p>A buk\u00e1s kock\u00e1zat (cs\u0151d kock\u00e1zat, RoR, Risk of Ruin) egy matematikai modell, amely a keresked\u00e9si rendszer nyer\u00e9si ar\u00e1nya, a nyerem\u00e9nyek ar\u00e1nya \u00e9s a tranzakci\u00f3nk\u00e9nti vesztes\u00e9g sz\u00e1zal\u00e9ka alapj\u00e1n sz\u00e1molja ki a teljes sz\u00e1mlaegyenleg elveszt\u00e9s\u00e9nek val\u00f3sz\u00edn\u0171s\u00e9g\u00e9t.<\/p><p>P\u00e9ld\u00e1ul, ha a keresked\u0151 rendszere j\u00f3l teljes\u00edt, a nyer\u00e9si ar\u00e1ny 30%, az \u00e1tlagos nyeres\u00e9g\/vesztes\u00e9g (nyeres\u00e9gi t\u00e9nyez\u0151) 2, \u00e9s minden egyes keresked\u00e9s vesztes\u00e9ge 2%, akkor ezeket az adatokat hozz\u00e1 lehet adni a kock\u00e1zati kalkul\u00e1torhoz, \u00e9s felhaszn\u00e1lhat\u00f3k a keresked\u00e9si rendszer \u00e1ltal\u00e1nos stabilit\u00e1s\u00e1nak meg\u00e9rt\u00e9s\u00e9re. Ugyanakkor a kalkul\u00e1tor haszn\u00e1lhat\u00f3 a strat\u00e9gi\u00e1k buk\u00e1s\u00e1nak \u00e9s\/vagy a cs\u00facs-v\u00f6lgy visszaes\u00e9s\u00e9nek kock\u00e1zat\u00e1nak kezel\u00e9s\u00e9re.<\/p><p>Ezzel a kalkul\u00e1torral a keresked\u0151k megtudhatj\u00e1k, hogy az id\u0151 m\u00fal\u00e1s\u00e1val, egy adott keresked\u00e9si strat\u00e9gia haszn\u00e1lat\u00e1val mekkora a val\u00f3sz\u00edn\u0171s\u00e9ge annak, hogy a keresked\u00e9si sz\u00e1ml\u00e1juk ki\u00fcr\u00fcl. Ez a minden egyes keresked\u00e9s nyer\u00e9si ar\u00e1ny\u00e1nak \u00e9s az \u00e1tlagos kock\u00e1zati sz\u00e1zal\u00e9k\u00e1nak alapj\u00e1n t\u00f6rt\u00e9nik. A keresked\u00e9si rendszer teljes\u00edtm\u00e9ny\u00e9nek statisztikai adatait a kalkul\u00e1torba be\u00edrva a keresked\u0151k k\u00f6nnyed\u00e9n kisz\u00e1m\u00edthatj\u00e1k b\u00e1rmely keresked\u00e9si strat\u00e9gia ki\u00fcr\u00fcl\u00e9si kock\u00e1zat\u00e1t.<\/p>\t\t\t\t\t\t\t\t<\/div>\n\t\t\t\t<div class=\"elementor-element elementor-element-021f4ab elementor-alert-danger elementor-widget elementor-widget-alert\" data-id=\"021f4ab\" data-element_type=\"widget\" data-widget_type=\"alert.default\">\n\t\t\t\t\t\t\t<div class=\"elementor-alert\" role=\"alert\">\n\n\t\t\t\n\t\t\t\t\t\t<span class=\"elementor-alert-description\">A keresked\u00e9si \u00f6sszes\u00edtett sz\u00e1mok \u00e9s a felt\u00e9telezett maxim\u00e1lis visszaes\u00e9s sz\u00e1zal\u00e9k\u00e1nak megv\u00e1ltoztat\u00e1s\u00e1val v\u00e9gezzen el n\u00e9h\u00e1ny v\u00e9letlenszer\u0171 eredm\u00e9nyt, \u00e9s finom\u00edtsa a keresked\u00e9si rendszert.<\/span>\n\t\t\t\n\t\t\t\n\t\t<\/div>\n\t\t\t\t\t\t<\/div>\n\t\t\t\t<div class=\"elementor-element elementor-element-ba51955 elementor-widget elementor-widget-text-editor\" data-id=\"ba51955\" data-element_type=\"widget\" data-widget_type=\"text-editor.default\">\n\t\t\t\t\t\t\t\t\t<p>Lehet, hogy hasznosnak tal\u00e1lja a visszah\u00faz\u00f3d\u00e1si kalkul\u00e1torunkat. Ez seg\u00edthet \u00e9s pontosan kisz\u00e1m\u00edthatja, hogy egy sor vesztes\u00e9ges keresked\u00e9s ut\u00e1n hogyan befoly\u00e1solja a keresked\u00e9si sz\u00e1mla nett\u00f3 \u00e9rt\u00e9k\u00e9t.<\/p>\t\t\t\t\t\t\t\t<\/div>\n\t\t\t\t<div class=\"elementor-element elementor-element-747e98f elementor-list-item-link-inline elementor-icon-list--layout-traditional elementor-widget elementor-widget-icon-list\" data-id=\"747e98f\" data-element_type=\"widget\" data-widget_type=\"icon-list.default\">\n\t\t\t\t\t\t\t<ul class=\"elementor-icon-list-items\">\n\t\t\t\t\t\t\t<li class=\"elementor-icon-list-item\">\n\t\t\t\t\t\t\t\t\t\t\t<a href=\"https:\/\/mister.forex\/hu\/tools\/forex-drawdown-calculator\/\">\n\n\t\t\t\t\t\t\t\t\t\t\t\t<span class=\"elementor-icon-list-icon\">\n\t\t\t\t\t\t\t<svg aria-hidden=\"true\" class=\"e-font-icon-svg e-fas-bomb\" viewbox=\"0 0 512 512\" xmlns=\"http:\/\/www.w3.org\/2000\/svg\"><path d=\"M440.5 88.5l-52 52L415 167c9.4 9.4 9.4 24.6 0 33.9l-17.4 17.4c11.8 26.1 18.4 55.1 18.4 85.6 0 114.9-93.1 208-208 208S0 418.9 0 304 93.1 96 208 96c30.5 0 59.5 6.6 85.6 18.4L311 97c9.4-9.4 24.6-9.4 33.9 0l26.5 26.5 52-52 17.1 17zM500 60h-24c-6.6 0-12 5.4-12 12s5.4 12 12 12h24c6.6 0 12-5.4 12-12s-5.4-12-12-12zM440 0c-6.6 0-12 5.4-12 12v24c0 6.6 5.4 12 12 12s12-5.4 12-12V12c0-6.6-5.4-12-12-12zm33.9 55l17-17c4.7-4.7 4.7-12.3 0-17-4.7-4.7-12.3-4.7-17 0l-17 17c-4.7 4.7-4.7 12.3 0 17 4.8 4.7 12.4 4.7 17 0zm-67.8 0c4.7 4.7 12.3 4.7 17 0 4.7-4.7 4.7-12.3 0-17l-17-17c-4.7-4.7-12.3-4.7-17 0-4.7 4.7-4.7 12.3 0 17l17 17zm67.8 34c-4.7-4.7-12.3-4.7-17 0-4.7 4.7-4.7 12.3 0 17l17 17c4.7 4.7 12.3 4.7 17 0 4.7-4.7 4.7-12.3 0-17l-17-17zM112 272c0-35.3 28.7-64 64-64 8.8 0 16-7.2 16-16s-7.2-16-16-16c-52.9 0-96 43.1-96 96 0 8.8 7.2 16 16 16s16-7.2 16-16z\"><\/path><\/svg>\t\t\t\t\t\t<\/span>\n\t\t\t\t\t\t\t\t\t\t<span class=\"elementor-icon-list-text\">Forex Drawdown Kalkul\u00e1tor<\/span>\n\t\t\t\t\t\t\t\t\t\t\t<\/a>\n\t\t\t\t\t\t\t\t\t<\/li>\n\t\t\t\t\t\t<\/ul>\n\t\t\t\t\t\t<\/div>\n\t\t\t\t<\/div>\n\t\t<div class=\"elementor-element elementor-element-098f10a e-con-full e-flex e-con e-child\" data-id=\"098f10a\" data-element_type=\"container\">\n\t\t\t\t<div class=\"elementor-element elementor-element-0d13a8f elementor-widget__width-initial elementor-widget elementor-widget-html\" data-id=\"0d13a8f\" data-element_type=\"widget\" data-widget_type=\"html.default\">\n\t\t\t\t\t<div id=\"risk-of-ruin-calculator-225732\"><script type=\"text\/javascript\" src=\"https:\/\/www.cashbackforex.com\/Content\/remote\/remote-widgets.js\"><\/script><script type=\"text\/javascript\"> RemoteCalc({\"Url\":\"https:\/\/www.cashbackforex.com\", \"TopPaneStyle\":\"YmFja2dyb3VuZDogbGluZWFyLWdyYWRpZW50KCNmZmYgMjAlLCAjZjVmNWY1IDQ1JSk7IGNvbG9yOiBibGFjazsgYm9yZGVyOiBzb2xpZCAxcHggI2FhYTsgYm9yZGVyLWJvdHRvbTogbm9uZTsg\",\"BottomPaneStyle\":\"YmFja2dyb3VuZDogI2YzZjNmMzsgYm9yZGVyOiBzb2xpZCAxcHggI2FhYTsgY29sb3I6IGJsYWNrOw==\",\"ButtonStyle\":\"YmFja2dyb3VuZDogIzM0MzU0MDsgY29sb3I6IHdoaXRlOyBib3JkZXItcmFkaXVzOiAyMHB4Ow==\",\"TitleStyle\":\"dGV4dC1hbGlnbjogbGVmdDsgZm9udC1zaXplOiAxNnB4OyBmb250LXdlaWdodDogNTAwOw==\",\"TextboxStyle\":\"YmFja2dyb3VuZC1jb2xvcjogd2hpdGU7IGNvbG9yOiBibGFjazsgYm9yZGVyOiBzb2xpZCAxcHggI2FhYWFhYQ==\",\"ContainerWidth\":\"500\",\"HighlightColor\":\"#ffff00\",\"IsDisplayTitle\":false,\"IsShowEmbedButton\":false,\"Lang\":wlang(),\"CompactType\":\"large\",\"Calculator\":\"risk-of-ruin-calculator\",\"ContainerId\":\"risk-of-ruin-calculator-225732\"});\n\nfunction wlang() {\n    \n\tvar lang = window.location.href;\n\n\tif (!lang) {\n\t\treturn 'en';\n\t}\n\n        if (lang.match('\/zh\/')) {\n\t\treturn 'zh';\n\n\t} else if (lang.match('\/hk\/')) {\n\t\treturn 'zh';\n\t\t\n\t} else if (lang.match('\/cn\/')) {\n\t\treturn 'zh';\n\t\t\n\t} else if (lang.match('\/en\/')) {\n\t\treturn 'en';\n\t\t\n\t} else if (lang.match('\/hi\/')) {\n\t\treturn 'en';\n\t\t\n\t} else if (lang.match('\/pt_br\/')) {\n\t\treturn 'pt';\n\t\t\n\t} else if (lang.match('\/ms\/')) {\n\t\treturn 'id';\n\t\t\n\t} else if (lang.match('\/es\/')) {\n\t\treturn 'es';\n\t\t\n\t} else if (lang.match('\/es_ar\/')) {\n\t\treturn 'es';\n\t\t\n\t} else if (lang.match('\/es_mx\/')) {\n\t\treturn 'es';\n\n\t} else if (lang.match('\/bn\/')) {\n\t\treturn 'en';\n\t\t\n\t} else if (lang.match('\/nb\/')) {\n\t\treturn 'en';\t\t\n\n\t} else if (lang.match('\/da\/')) {\n\t\treturn 'en';\n\t\t\n\t} else if (lang.match('\/nl\/')) {\n\t\treturn 'en';\n\t\t\n\t} else if (lang.match('\/sv\/')) {\n\t\treturn 'en';\n\t\t\n\t} else if (lang.match('\/uk\/')) {\n\t\treturn 'ru';\n\t\t\n\t} else if (lang.match('\/ur\/')) {\n\t\treturn 'en';\n\t\t\n\t} else if (lang.match('\/de\/')) {\n\t\treturn 'de';\n\t\t\n\t} else if (lang.match('\/fr\/')) {\n\t\treturn 'fr';\n\t\t\n\t} else if (lang.match('\/id\/')) {\n\t\treturn 'id';\n\t\t\n\t} else if (lang.match('\/it\/')) {\n\t\treturn 'it';\n\t\t\n\t} else if (lang.match('\/hu\/')) {\n\t\treturn 'hu';\n\t\t\n\t} else if (lang.match('\/pt\/')) {\n\t\treturn 'pt';\n\t\t\n\t} else if (lang.match('\/pl\/')) {\n\t\treturn 'pl';\n\t\t\n\t} else if (lang.match('\/ro\/')) {\n\t\treturn 'ro';\n\t\t\n\t} else if (lang.match('\/vi\/')) {\n\t\treturn 'vi';\n\t\t\n\t} else if (lang.match('\/tr\/')) {\n\t\treturn 'tr';\n\t\t\n\t} else if (lang.match('\/el\/')) {\n\t\treturn 'el';\n\t\t\n\t} else if (lang.match('\/ru\/')) {\n\t\treturn 'ru';\n\t\t\n\t} else if (lang.match('\/ar\/')) {\n\t\treturn 'ar';\n\t\t\n\t} else if (lang.match('\/th\/')) {\n\t\treturn 'th';\n\t\t\n\t} else if (lang.match('\/kr\/')) {\n\t\treturn 'ko';\n\t\t\n\t} else if (lang.match('\/jp\/')) {\n\t\treturn 'ja';\n\t\t\n\t} else if (lang.match('\/cs\/')) {\n\t\treturn 'cs';\n\t\t\n\t}else {\n\t\treturn 'zh';\n\t}\n}\n<\/script><\/div>\t\t\t\t<\/div>\n\t\t\t\t<\/div>\n\t\t\t\t<\/div>\n\t\t\t\t\t<\/div>\n\t\t\t\t<\/div>\n\t\t\t\t<\/div>","protected":false},"excerpt":{"rendered":"<p>Cs\u0151d Kock\u00e1zat Sz\u00e1m\u00edt\u00f3 seg\u00edt a keresked\u0151knek el\u0151re jelezni a potenci\u00e1lis vesztes\u00e9geket, maxim\u00e1lis visszaes\u00e9st \u00e9s a robban\u00e1s kock\u00e1zat\u00e1t t\u00f6bb keresked\u00e9s ut\u00e1n, meg\u00e9rteni a kock\u00e1zati helyzetet \u00e9s kidolgozni pontosabb kock\u00e1zatkezel\u00e9si strat\u00e9gi\u00e1kat. Azonnal haszn\u00e1lja a Cs\u0151d Kock\u00e1zat Sz\u00e1m\u00edt\u00f3t, hogy uralja a keresked\u00e9si kock\u00e1zat\u00e1t!<\/p>","protected":false},"author":1,"featured_media":23591,"parent":15462,"menu_order":0,"comment_status":"closed","ping_status":"closed","template":"","meta":{"footnotes":""},"tags":[128],"class_list":["post-15818","page","type-page","status-publish","has-post-thumbnail","hentry","tag-no-google"],"_links":{"self":[{"href":"https:\/\/mister.forex\/hu\/wp-json\/wp\/v2\/pages\/15818","targetHints":{"allow":["GET"]}}],"collection":[{"href":"https:\/\/mister.forex\/hu\/wp-json\/wp\/v2\/pages"}],"about":[{"href":"https:\/\/mister.forex\/hu\/wp-json\/wp\/v2\/types\/page"}],"author":[{"embeddable":true,"href":"https:\/\/mister.forex\/hu\/wp-json\/wp\/v2\/users\/1"}],"replies":[{"embeddable":true,"href":"https:\/\/mister.forex\/hu\/wp-json\/wp\/v2\/comments?post=15818"}],"version-history":[{"count":3,"href":"https:\/\/mister.forex\/hu\/wp-json\/wp\/v2\/pages\/15818\/revisions"}],"predecessor-version":[{"id":69178,"href":"https:\/\/mister.forex\/hu\/wp-json\/wp\/v2\/pages\/15818\/revisions\/69178"}],"up":[{"embeddable":true,"href":"https:\/\/mister.forex\/hu\/wp-json\/wp\/v2\/pages\/15462"}],"wp:featuredmedia":[{"embeddable":true,"href":"https:\/\/mister.forex\/hu\/wp-json\/wp\/v2\/media\/23591"}],"wp:attachment":[{"href":"https:\/\/mister.forex\/hu\/wp-json\/wp\/v2\/media?parent=15818"}],"wp:term":[{"taxonomy":"post_tag","embeddable":true,"href":"https:\/\/mister.forex\/hu\/wp-json\/wp\/v2\/tags?post=15818"}],"curies":[{"name":"wp","href":"https:\/\/api.w.org\/{rel}","templated":true}]}}