{"id":15934,"date":"2024-05-04T07:46:55","date_gmt":"2024-05-03T23:46:55","guid":{"rendered":"http:\/\/192.168.0.254\/?page_id=15934"},"modified":"2026-04-03T09:29:43","modified_gmt":"2026-04-03T01:29:43","slug":"calendar","status":"publish","type":"page","link":"https:\/\/mister.forex\/hu\/tools\/calendar\/","title":{"rendered":"Gazdas\u00e1gi Napt\u00e1r | Forex keresked\u0151k p\u00e9nz\u00fcgyi napt\u00e1ra"},"content":{"rendered":"<div data-elementor-type=\"wp-page\" data-elementor-id=\"15934\" class=\"elementor elementor-15934\" data-elementor-post-type=\"page\">\n\t\t\t\t<div class=\"elementor-element elementor-element-2c1a772 e-flex e-con-boxed e-con e-parent\" data-id=\"2c1a772\" data-element_type=\"container\" data-settings=\"{&quot;background_background&quot;:&quot;classic&quot;}\">\n\t\t\t\t\t<div class=\"e-con-inner\">\n\t\t<div class=\"elementor-element elementor-element-84a271a e-flex e-con-boxed e-con e-child\" data-id=\"84a271a\" data-element_type=\"container\">\n\t\t\t\t\t<div class=\"e-con-inner\">\n\t\t\t\t<div class=\"elementor-element elementor-element-f112296 elementor-widget elementor-widget-heading\" data-id=\"f112296\" data-element_type=\"widget\" data-widget_type=\"heading.default\">\n\t\t\t\t\t<h1 class=\"elementor-heading-title elementor-size-default\">Gazdas\u00e1gi Napt\u00e1r<\/h1>\t\t\t\t<\/div>\n\t\t\t\t<div class=\"elementor-element elementor-element-160d208 elementor-widget elementor-widget-heading\" data-id=\"160d208\" data-element_type=\"widget\" data-widget_type=\"heading.default\">\n\t\t\t\t\t<h2 class=\"elementor-heading-title elementor-size-default\">Devizakeresked\u0151k p\u00e9nz\u00fcgyi napt\u00e1ra<\/h2>\t\t\t\t<\/div>\n\t\t\t\t\t<\/div>\n\t\t\t\t<\/div>\n\t\t\t\t<div class=\"elementor-element elementor-element-b3a56af elementor-widget__width-inherit elementor-absolute elementor-widget elementor-widget-image\" data-id=\"b3a56af\" data-element_type=\"widget\" data-settings=\"{&quot;_position&quot;:&quot;absolute&quot;}\" data-widget_type=\"image.default\">\n\t\t\t\t\t\t\t\t\t\t\t\t\t\t\t<img fetchpriority=\"high\" decoding=\"async\" width=\"500\" height=\"281\" src=\"https:\/\/mister.forex\/wp-content\/uploads\/2024\/02\/9-500x281.webp\" class=\"attachment-medium size-medium wp-image-4081\" alt=\"\" srcset=\"https:\/\/mister.forex\/wp-content\/uploads\/2024\/02\/9-500x281.webp 500w, https:\/\/mister.forex\/wp-content\/uploads\/2024\/02\/9-600x337.webp 600w, https:\/\/mister.forex\/wp-content\/uploads\/2024\/02\/9-1200x675.webp 1200w, https:\/\/mister.forex\/wp-content\/uploads\/2024\/02\/9-300x169.webp 300w, https:\/\/mister.forex\/wp-content\/uploads\/2024\/02\/9-768x432.webp 768w, https:\/\/mister.forex\/wp-content\/uploads\/2024\/02\/9.webp 1366w\" sizes=\"(max-width: 500px) 100vw, 500px\" \/>\t\t\t\t\t\t\t\t\t\t\t\t\t\t\t<\/div>\n\t\t\t\t\t<\/div>\n\t\t\t\t<\/div>\n\t\t<div class=\"elementor-element elementor-element-3b579c7 e-flex e-con-boxed e-con e-parent\" data-id=\"3b579c7\" data-element_type=\"container\">\n\t\t\t\t\t<div class=\"e-con-inner\">\n\t\t<div class=\"elementor-element elementor-element-b803e2b e-flex e-con-boxed e-con e-child\" data-id=\"b803e2b\" data-element_type=\"container\">\n\t\t\t\t\t<div class=\"e-con-inner\">\n\t\t\t\t<div class=\"elementor-element elementor-element-23d41b1 elementor-widget elementor-widget-text-editor\" data-id=\"23d41b1\" data-element_type=\"widget\" data-widget_type=\"text-editor.default\">\n\t\t\t\t\t\t\t\t\t<p>A Gazdas\u00e1gi Napt\u00e1runk seg\u00edts\u00e9g\u00e9vel folyamatosan nyomon k\u00f6vetheti a piac ingadoz\u00e1s\u00e1t befoly\u00e1sol\u00f3 legfrissebb fontos gazdas\u00e1gi esem\u00e9nyeket.<\/p><p>A vil\u00e1g k\u00fcl\u00f6nb\u00f6z\u0151 korm\u00e1nya \u00e9s egy\u00e9b int\u00e9zm\u00e9nyei folyamatosan m\u00e9rik \u00e9s jelentik az gazdas\u00e1gi n\u00f6veked\u00e9st \u00e9s adatokat, egy megb\u00edzhat\u00f3 Gazdas\u00e1gi Napt\u00e1r pedig alapvet\u0151 eszk\u00f6z a keresked\u0151k sz\u00e1m\u00e1ra.<\/p><p>P\u00e9ld\u00e1ul, amikor k\u00f6zz\u00e9teszik a kulcsfontoss\u00e1g\u00fa foglalkoztat\u00e1si adatokat (mint p\u00e9ld\u00e1ul az Egyes\u00fclt \u00c1llamok nem mez\u0151gazdas\u00e1gi foglalkoztat\u00e1si adatai), akkor az Euro \/ Doll\u00e1r \u00e9s hasonl\u00f3 valut\u00e1k eset\u00e9ben jelent\u0151s volatilit\u00e1s \u00e9s \u00e1rk\u00fcl\u00f6nbs\u00e9g l\u00e9phet fel. Ha az \u00e1rk\u00fcl\u00f6nbs\u00e9g 50 pips, akkor ezen 50 pips tartom\u00e1nyon bel\u00fcl a piacon nem lesz likvidit\u00e1s, \u00e9s ideiglenesen nem tudja lez\u00e1rni a poz\u00edci\u00f3j\u00e1t vagy \u00faj keresked\u00e9st ind\u00edtani.<\/p><p>A gazdas\u00e1gi adatok k\u00f6zz\u00e9t\u00e9tele el\u0151tt az elemz\u0151k megpr\u00f3b\u00e1lj\u00e1k el\u0151re jelezni az eredm\u00e9nyeket \u00e9s konszenzusra jutni. Ha az adatok nagyon fontosak, \u00e9s a jelent\u00e9s \u00e9rt\u00e9ke jelent\u0151sen elt\u00e9r a becsl\u00e9sekt\u0151l, akkor nagyfok\u00fa volatilit\u00e1st okozhat.<\/p>\t\t\t\t\t\t\t\t<\/div>\n\t\t\t\t<div class=\"elementor-element elementor-element-4074ff7 elementor-list-item-link-inline elementor-icon-list--layout-traditional elementor-widget elementor-widget-icon-list\" data-id=\"4074ff7\" data-element_type=\"widget\" data-widget_type=\"icon-list.default\">\n\t\t\t\t\t\t\t<ul class=\"elementor-icon-list-items\">\n\t\t\t\t\t\t\t<li class=\"elementor-icon-list-item\">\n\t\t\t\t\t\t\t\t\t\t\t<a href=\"#Instruction\">\n\n\t\t\t\t\t\t\t\t\t\t\t\t<span class=\"elementor-icon-list-icon\">\n\t\t\t\t\t\t\t<svg aria-hidden=\"true\" class=\"e-font-icon-svg e-fas-check-circle\" viewbox=\"0 0 512 512\" xmlns=\"http:\/\/www.w3.org\/2000\/svg\"><path d=\"M504 256c0 136.967-111.033 248-248 248S8 392.967 8 256 119.033 8 256 8s248 111.033 248 248zM227.314 387.314l184-184c6.248-6.248 6.248-16.379 0-22.627l-22.627-22.627c-6.248-6.249-16.379-6.249-22.628 0L216 308.118l-70.059-70.059c-6.248-6.248-16.379-6.248-22.628 0l-22.627 22.627c-6.248 6.248-6.248 16.379 0 22.627l104 104c6.249 6.249 16.379 6.249 22.628.001z\"><\/path><\/svg>\t\t\t\t\t\t<\/span>\n\t\t\t\t\t\t\t\t\t\t<span class=\"elementor-icon-list-text\">Haszn\u00e1lati \u00fatmutat\u00f3<\/span>\n\t\t\t\t\t\t\t\t\t\t\t<\/a>\n\t\t\t\t\t\t\t\t\t<\/li>\n\t\t\t\t\t\t<\/ul>\n\t\t\t\t\t\t<\/div>\n\t\t\t\t<div class=\"elementor-element elementor-element-d0490b4 elementor-alert-danger elementor-widget elementor-widget-alert\" data-id=\"d0490b4\" data-element_type=\"widget\" data-widget_type=\"alert.default\">\n\t\t\t\t\t\t\t<div class=\"elementor-alert\" role=\"alert\">\n\n\t\t\t\n\t\t\t\t\t\t<span class=\"elementor-alert-description\">A jelent\u0151s gazdas\u00e1gi vagy geopolitikai h\u00edrek k\u00f6zz\u00e9t\u00e9tele alatt t\u00f6rt\u00e9n\u0151 keresked\u00e9s kock\u00e1zatot jelenthet. Ezek a h\u00edrek a k\u00f6zz\u00e9t\u00e9tel ut\u00e1n n\u00e9h\u00e1ny m\u00e1sodpercen bel\u00fcl er\u0151s volatilit\u00e1st okozhatnak.<\/span>\n\t\t\t\n\t\t\t\n\t\t<\/div>\n\t\t\t\t\t\t<\/div>\n\t\t\t\t<div class=\"elementor-element elementor-element-8f6daff elementor-widget__width-inherit elementor-widget elementor-widget-html\" data-id=\"8f6daff\" data-element_type=\"widget\" data-widget_type=\"html.default\">\n\t\t\t\t\t<div id=\"economic-calendar-649957\"><script type=\"text\/javascript\" src=\"https:\/\/www.cashbackforex.com\/Content\/remote\/remote-calendar-widget.js\"><\/script><script type=\"text\/javascript\"> RemoteCalendar({\"Lang\":wlang(),\"DefaultTime\": \"7_days\",\"DefaultTheme\": \"plain\",\"Url\":\"https:\/\/www.cashbackforex.com\", \"SubPath\":\"economic-calendar\",\"IsShowEmbedButton\":false,\"DefaultCountries\":\"au,cn,eu,fr,de,jp,gb,us\",\"DefaultImpacts\":\"HIGH,MEDIUM\",\"ContainerId\":\"economic-calendar-649957\"});\r\n\r\nfunction wlang() {\r\n    \r\n\tvar lang = window.location.href;\r\n\r\n\tif (!lang) {\r\n\t\treturn 'en';\r\n\t}\r\n\r\n        if (lang.match('\/zh\/')) {\r\n\t\treturn 'zh';\r\n\r\n\t} else if (lang.match('\/hk\/')) {\r\n\t\treturn 'zh';\r\n\t\t\r\n\t} else if (lang.match('\/cn\/')) {\r\n\t\treturn 'zh';\r\n\t\t\r\n\t} else if (lang.match('\/en\/')) {\r\n\t\treturn 'en';\r\n\t\t\r\n\t} else if (lang.match('\/hi\/')) {\r\n\t\treturn 'en';\r\n\t\t\r\n\t} else if (lang.match('\/pt_br\/')) {\r\n\t\treturn 'pt';\r\n\t\t\r\n\t} else if (lang.match('\/ms\/')) {\r\n\t\treturn 'id';\r\n\t\t\r\n\t} else if (lang.match('\/es\/')) {\r\n\t\treturn 'es';\r\n\t\t\r\n\t} else if (lang.match('\/es_ar\/')) {\r\n\t\treturn 'es';\r\n\t\t\r\n\t} else if (lang.match('\/es_mx\/')) {\r\n\t\treturn 'es';\r\n\r\n\t} else if (lang.match('\/bn\/')) {\r\n\t\treturn 'en';\r\n\t\t\r\n\t} else if (lang.match('\/nb\/')) {\r\n\t\treturn 'en';\t\t\r\n\r\n\t} else if (lang.match('\/da\/')) {\r\n\t\treturn 'en';\r\n\t\t\r\n\t} else if (lang.match('\/nl\/')) {\r\n\t\treturn 'en';\r\n\t\t\r\n\t} else if (lang.match('\/sv\/')) {\r\n\t\treturn 'en';\r\n\t\t\r\n\t} else if (lang.match('\/uk\/')) {\r\n\t\treturn 'ru';\r\n\t\t\r\n\t} else if (lang.match('\/ur\/')) {\r\n\t\treturn 'en';\r\n\t\t\r\n\t} else if (lang.match('\/de\/')) {\r\n\t\treturn 'de';\r\n\t\t\r\n\t} else if (lang.match('\/fr\/')) {\r\n\t\treturn 'fr';\r\n\t\t\r\n\t} else if (lang.match('\/id\/')) {\r\n\t\treturn 'id';\r\n\t\t\r\n\t} else if (lang.match('\/it\/')) {\r\n\t\treturn 'it';\r\n\t\t\r\n\t} else if (lang.match('\/hu\/')) {\r\n\t\treturn 'hu';\r\n\t\t\r\n\t} else if (lang.match('\/pt\/')) {\r\n\t\treturn 'pt';\r\n\t\t\r\n\t} else if (lang.match('\/pl\/')) {\r\n\t\treturn 'pl';\r\n\t\t\r\n\t} else if (lang.match('\/ro\/')) {\r\n\t\treturn 'ro';\r\n\t\t\r\n\t} else if (lang.match('\/vi\/')) {\r\n\t\treturn 'vi';\r\n\t\t\r\n\t} else if (lang.match('\/tr\/')) {\r\n\t\treturn 'tr';\r\n\t\t\r\n\t} else if (lang.match('\/el\/')) {\r\n\t\treturn 'el';\r\n\t\t\r\n\t} else if (lang.match('\/ru\/')) {\r\n\t\treturn 'en';\r\n\t\t\r\n\t} else if (lang.match('\/ar\/')) {\r\n\t\treturn 'ar';\r\n\t\t\r\n\t} else if (lang.match('\/th\/')) {\r\n\t\treturn 'th';\r\n\t\t\r\n\t} else if (lang.match('\/kr\/')) {\r\n\t\treturn 'ko';\r\n\t\t\r\n\t} else if (lang.match('\/jp\/')) {\r\n\t\treturn 'ja';\r\n\t\t\r\n\t} else if (lang.match('\/cs\/')) {\r\n\t\treturn 'cs';\r\n\t\t\r\n\t}else {\r\n\t\treturn 'zh';\r\n\t}\r\n}\r\n<\/script><\/div>\t\t\t\t<\/div>\n\t\t\t\t<div class=\"elementor-element elementor-element-149b148 elementor-widget elementor-widget-spacer\" data-id=\"149b148\" data-element_type=\"widget\" data-widget_type=\"spacer.default\">\n\t\t\t\t\t\t\t<div class=\"elementor-spacer\">\n\t\t\t<div class=\"elementor-spacer-inner\"><\/div>\n\t\t<\/div>\n\t\t\t\t\t\t<\/div>\n\t\t\t\t<div class=\"elementor-element elementor-element-f893efc elementor-widget elementor-widget-menu-anchor\" data-id=\"f893efc\" data-element_type=\"widget\" data-widget_type=\"menu-anchor.default\">\n\t\t\t\t\t\t\t<div class=\"elementor-menu-anchor\" id=\"Instruction\"><\/div>\n\t\t\t\t\t\t<\/div>\n\t\t\t\t<div class=\"elementor-element elementor-element-19b5142 elementor-widget elementor-widget-text-editor\" data-id=\"19b5142\" data-element_type=\"widget\" data-widget_type=\"text-editor.default\">\n\t\t\t\t\t\t\t\t\t<h2><strong>Haszn\u00e1lati \u00fatmutat\u00f3<\/strong><\/h2>\n<p>A \u00faj keresked\u00e9si h\u00e9t kezdet\u00e9n gy\u0151z\u0151dj\u00f6n meg arr\u00f3l, hogy ellen\u0151rzi az \u00f6sszes k\u00f6zelg\u0151 esem\u00e9ny hat\u00e1s\u00e1t. Ezt \u00fagy teheti meg, hogy megn\u00e9zi az esem\u00e9ny neve mellett tal\u00e1lhat\u00f3 ikonokat. A nagy hat\u00e1s\u00fa esem\u00e9nyeket piros ikon jelzi, m\u00edg a k\u00f6zepes hat\u00e1s\u00fa esem\u00e9nyeket narancss\u00e1rga ikon jelzi. Ez seg\u00edthet jobban meg\u00e9rteni, hogy az egyes esem\u00e9nyek milyen m\u00e9rt\u00e9kben befoly\u00e1solhatj\u00e1k a piacot.<\/p>\n<p>A Gazdas\u00e1gi Napt\u00e1rban az \"hat\u00e1s\" \u00e9rt\u00e9k azt jelzi, hogy a jelent\u00e9s milyen m\u00e9rt\u00e9kben befoly\u00e1solhatja a piacot. Ha a gazdas\u00e1gi jelent\u00e9sben k\u00f6zz\u00e9tett adatok jelent\u0151s elt\u00e9r\u00e9st mutatnak a v\u00e1rakoz\u00e1sokkal vagy el\u0151rejelz\u00e9sekkel szemben, akkor a piac dr\u00e1mai ingadoz\u00e1s\u00e1t okozhatj\u00e1k. Ha azonban az adatok megfelelnek a v\u00e1rakoz\u00e1soknak, akkor a jelent\u00e9s hat\u00e1sa a piacra kicsi vagy egy\u00e1ltal\u00e1n nem lesz. M\u00e1s szavakkal, az \"hat\u00e1s\" \u00e9rt\u00e9k egy olyan mutat\u00f3, amely a piac gazdas\u00e1gi jelent\u00e9sre adott reakci\u00f3j\u00e1nak intenzit\u00e1s\u00e1t m\u00e9ri. Seg\u00edthet a keresked\u0151knek el\u0151re jelezni a piac lehets\u00e9ges reakci\u00f3j\u00e1t, \u00e9s ezen inform\u00e1ci\u00f3k alapj\u00e1n keresked\u00e9si strat\u00e9gi\u00e1kat kidolgozni.<\/p>\n<p>A keresked\u0151k \u00e1ltal\u00e1ban k\u00e9t f\u0151 okb\u00f3l n\u00e9zik meg a Gazdas\u00e1gi Napt\u00e1r k\u00f6zelg\u0151 esem\u00e9nyeit. El\u0151sz\u00f6r is, el akarj\u00e1k ker\u00fclni a keresked\u00e9st olyan id\u0151szakokban, amikor jelent\u0151s \u00e1rmozg\u00e1sok v\u00e1rhat\u00f3ak, hogy cs\u00f6kkents\u00e9k a kock\u00e1zatot. M\u00e1sodszor, szeretn\u00e9k kihaszn\u00e1lni a piac volatilit\u00e1s\u00e1t, hogy megtal\u00e1lj\u00e1k a legjobb bel\u00e9p\u00e9si \u00e9s kil\u00e9p\u00e9si pontokat \u00faj vagy megl\u00e9v\u0151 keresked\u00e9sekben. R\u00f6viden, ezek a keresked\u0151k a Gazdas\u00e1gi Napt\u00e1rat haszn\u00e1lj\u00e1k keresked\u00e9si strat\u00e9gi\u00e1ik optimaliz\u00e1l\u00e1s\u00e1ra, \u00e9s pr\u00f3b\u00e1lnak profit\u00e1lni a piac volatilit\u00e1s\u00e1b\u00f3l.<\/p>\t\t\t\t\t\t\t\t<\/div>\n\t\t\t\t<div class=\"elementor-element elementor-element-d3f7924 elementor-hidden-desktop elementor-hidden-tablet elementor-hidden-mobile elementor-widget elementor-widget-text-editor\" data-id=\"d3f7924\" data-element_type=\"widget\" data-widget_type=\"text-editor.default\">\n\t\t\t\t\t\t\t\t\t<p><span style=\"color: var( --e-global-color-text ); font-family: var( --e-global-typography-text-font-family ), Sans-serif; font-size: var( --e-global-typography-text-font-size ); font-weight: var( --e-global-typography-text-font-weight ); text-align: var(--text-align);\">A legt\u00f6bb devizapiaci Gazdas\u00e1gi Napt\u00e1rban az al\u00e1bbi fontos \u00e9rt\u00e9keket fogja l\u00e1tni.<\/span><\/p>\t\t\t\t\t\t\t\t<\/div>\n\t\t\t\t<div class=\"elementor-element elementor-element-f09fbfd elementor-hidden-desktop elementor-hidden-tablet elementor-hidden-mobile elementor-widget elementor-widget-text-editor\" data-id=\"f09fbfd\" data-element_type=\"widget\" data-widget_type=\"text-editor.default\">\n\t\t\t\t\t\t\t\t\t<p><strong><span style=\"text-decoration: underline;\">El\u0151z\u0151<\/span>:&nbsp;<\/strong>A kor\u00e1bbi id\u0151szak adatait mutatja, mint referencia\u00e9rt\u00e9ket.<\/p><p><strong><span style=\"text-decoration: underline;\">El\u0151rejelz\u00e9s<\/span>:&nbsp;<\/strong>A gazdas\u00e1gi elemz\u00e9si jelent\u00e9sek alapj\u00e1n el\u0151rejelzett adatok.<\/p><p><strong><span style=\"text-decoration: underline;\">T\u00e9nyleges<\/span>:&nbsp;<\/strong>A t\u00e9nyleges gazdas\u00e1gi adatok megjelen\u00edt\u00e9se, ha jelent\u0151s elt\u00e9r\u00e9s van a becsl\u00e9sekt\u0151l, volatilit\u00e1st okozhat.<\/p><p><strong><span style=\"text-decoration: underline;\">Hat\u00e1s<\/span>:&nbsp;<\/strong>Az esem\u00e9ny neve mellett sz\u00ednes ikonokkal van jel\u00f6lve. A piros er\u0151s hat\u00e1st, a narancss\u00e1rga k\u00f6zepes hat\u00e1st jelent.<\/p>\t\t\t\t\t\t\t\t<\/div>\n\t\t\t\t\t<\/div>\n\t\t\t\t<\/div>\n\t\t\t\t\t<\/div>\n\t\t\t\t<\/div>\n\t\t\t\t<\/div>","protected":false},"excerpt":{"rendered":"<p>A Gazdas\u00e1gi Napt\u00e1r egy er\u0151teljes eszk\u00f6z a piaci dinamik\u00e1k meg\u00e9rt\u00e9s\u00e9hez. Lehet\u0151v\u00e9 teszi, hogy nyomon k\u00f6vesse a glob\u00e1lis gazdas\u00e1gi esem\u00e9nyeket, meg\u00e9rtse, hogyan befoly\u00e1solj\u00e1k ezek az esem\u00e9nyek a piacot, \u00e9s el\u0151re jelezze a piac lehets\u00e9ges v\u00e1ltoz\u00e1sait. Ak\u00e1r r\u00e9szv\u00e9ny-, ak\u00e1r deviza-, ak\u00e1r kriptovaluta- vagy indexkeresked\u0151, ez a napt\u00e1r azonnali piaci h\u00edreket k\u00edn\u00e1l \u00d6nnek.<\/p>","protected":false},"author":1,"featured_media":23605,"parent":15462,"menu_order":0,"comment_status":"closed","ping_status":"closed","template":"","meta":{"footnotes":""},"tags":[128],"class_list":["post-15934","page","type-page","status-publish","has-post-thumbnail","hentry","tag-no-google"],"_links":{"self":[{"href":"https:\/\/mister.forex\/hu\/wp-json\/wp\/v2\/pages\/15934","targetHints":{"allow":["GET"]}}],"collection":[{"href":"https:\/\/mister.forex\/hu\/wp-json\/wp\/v2\/pages"}],"about":[{"href":"https:\/\/mister.forex\/hu\/wp-json\/wp\/v2\/types\/page"}],"author":[{"embeddable":true,"href":"https:\/\/mister.forex\/hu\/wp-json\/wp\/v2\/users\/1"}],"replies":[{"embeddable":true,"href":"https:\/\/mister.forex\/hu\/wp-json\/wp\/v2\/comments?post=15934"}],"version-history":[{"count":12,"href":"https:\/\/mister.forex\/hu\/wp-json\/wp\/v2\/pages\/15934\/revisions"}],"predecessor-version":[{"id":69345,"href":"https:\/\/mister.forex\/hu\/wp-json\/wp\/v2\/pages\/15934\/revisions\/69345"}],"up":[{"embeddable":true,"href":"https:\/\/mister.forex\/hu\/wp-json\/wp\/v2\/pages\/15462"}],"wp:featuredmedia":[{"embeddable":true,"href":"https:\/\/mister.forex\/hu\/wp-json\/wp\/v2\/media\/23605"}],"wp:attachment":[{"href":"https:\/\/mister.forex\/hu\/wp-json\/wp\/v2\/media?parent=15934"}],"wp:term":[{"taxonomy":"post_tag","embeddable":true,"href":"https:\/\/mister.forex\/hu\/wp-json\/wp\/v2\/tags?post=15934"}],"curies":[{"name":"wp","href":"https:\/\/api.w.org\/{rel}","templated":true}]}}