{"id":16663,"date":"2024-05-09T10:16:13","date_gmt":"2024-05-09T02:16:13","guid":{"rendered":"http:\/\/192.168.0.254\/?page_id=16663"},"modified":"2026-04-02T23:19:33","modified_gmt":"2026-04-02T15:19:33","slug":"fibonacci-calculator","status":"publish","type":"page","link":"https:\/\/mister.forex\/hu\/tools\/fibonacci-calculator\/","title":{"rendered":"Fibonacci Kalkul\u00e1tor | Azonnali Fibonacci kalkul\u00e1tor t\u00e1masz \u00e9s ellen\u00e1ll\u00e1s sz\u00e1m\u00e1ra"},"content":{"rendered":"<div data-elementor-type=\"wp-page\" data-elementor-id=\"16663\" class=\"elementor elementor-16663\" data-elementor-post-type=\"page\">\n\t\t\t\t<div class=\"elementor-element elementor-element-581b21e e-flex e-con-boxed e-con e-parent\" data-id=\"581b21e\" data-element_type=\"container\" data-settings=\"{&quot;background_background&quot;:&quot;classic&quot;}\">\n\t\t\t\t\t<div class=\"e-con-inner\">\n\t\t<div class=\"elementor-element elementor-element-96f071a e-flex e-con-boxed e-con e-child\" data-id=\"96f071a\" data-element_type=\"container\">\n\t\t\t\t\t<div class=\"e-con-inner\">\n\t\t\t\t<div class=\"elementor-element elementor-element-4b49364 elementor-widget elementor-widget-heading\" data-id=\"4b49364\" data-element_type=\"widget\" data-widget_type=\"heading.default\">\n\t\t\t\t\t<h1 class=\"elementor-heading-title elementor-size-default\">Fibonacci Kalkul\u00e1tor<\/h1>\t\t\t\t<\/div>\n\t\t\t\t<div class=\"elementor-element elementor-element-bb99fa7 elementor-widget elementor-widget-heading\" data-id=\"bb99fa7\" data-element_type=\"widget\" data-widget_type=\"heading.default\">\n\t\t\t\t\t<h2 class=\"elementor-heading-title elementor-size-default\">Azonnali Fibonacci kalkul\u00e1tor, t\u00e1mogat\u00e1sra \u00e9s ellen\u00e1ll\u00e1sra<\/h2>\t\t\t\t<\/div>\n\t\t\t\t\t<\/div>\n\t\t\t\t<\/div>\n\t\t\t\t<div class=\"elementor-element elementor-element-c391668 elementor-widget__width-inherit elementor-absolute elementor-widget elementor-widget-image\" data-id=\"c391668\" data-element_type=\"widget\" data-settings=\"{&quot;_position&quot;:&quot;absolute&quot;}\" data-widget_type=\"image.default\">\n\t\t\t\t\t\t\t\t\t\t\t\t\t\t\t<img fetchpriority=\"high\" decoding=\"async\" width=\"500\" height=\"281\" src=\"https:\/\/mister.forex\/wp-content\/uploads\/2024\/02\/9-500x281.webp\" class=\"attachment-medium size-medium wp-image-4081\" alt=\"\" srcset=\"https:\/\/mister.forex\/wp-content\/uploads\/2024\/02\/9-500x281.webp 500w, https:\/\/mister.forex\/wp-content\/uploads\/2024\/02\/9-600x337.webp 600w, https:\/\/mister.forex\/wp-content\/uploads\/2024\/02\/9-1200x675.webp 1200w, https:\/\/mister.forex\/wp-content\/uploads\/2024\/02\/9-300x169.webp 300w, https:\/\/mister.forex\/wp-content\/uploads\/2024\/02\/9-768x432.webp 768w, https:\/\/mister.forex\/wp-content\/uploads\/2024\/02\/9.webp 1366w\" sizes=\"(max-width: 500px) 100vw, 500px\" \/>\t\t\t\t\t\t\t\t\t\t\t\t\t\t\t<\/div>\n\t\t\t\t\t<\/div>\n\t\t\t\t<\/div>\n\t\t<div class=\"elementor-element elementor-element-2be8f0c e-flex e-con-boxed e-con e-parent\" data-id=\"2be8f0c\" data-element_type=\"container\">\n\t\t\t\t\t<div class=\"e-con-inner\">\n\t\t<div class=\"elementor-element elementor-element-da76163 e-con-full e-flex e-con e-child\" data-id=\"da76163\" data-element_type=\"container\">\n\t\t<div class=\"elementor-element elementor-element-e4ed029 e-con-full e-flex e-con e-child\" data-id=\"e4ed029\" data-element_type=\"container\">\n\t\t\t\t<div class=\"elementor-element elementor-element-18d29fb elementor-widget elementor-widget-text-editor\" data-id=\"18d29fb\" data-element_type=\"widget\" data-widget_type=\"text-editor.default\">\n\t\t\t\t\t\t\t\t\t<h2><strong>Haszn\u00e1lati \u00fatmutat\u00f3<\/strong><\/h2><h3><strong>Bemeneti lehet\u0151s\u00e9gek<\/strong><\/h3><p><strong><span style=\"text-decoration: underline;\">Trend ir\u00e1ny<\/span>:&nbsp;<\/strong>V\u00e1lassza az \u201eemelked\u0151\u201d vagy \u201ecs\u00f6kken\u0151\u201d lehet\u0151s\u00e9get, hogy szimul\u00e1lja az emelked\u0151 vagy cs\u00f6kken\u0151 trendet.<\/p><p><strong><span style=\"text-decoration: underline;\">Visszaes\u00e9s \/ Kiterjeszt\u00e9s<\/span>:&nbsp;<\/strong>V\u00e1lassza a \u201evisszah\u00faz\u00f3d\u00e1s\u201d lehet\u0151s\u00e9get az \u00e1r trendbeli korrekci\u00f3s pontj\u00e1nak kisz\u00e1m\u00edt\u00e1s\u00e1hoz, vagy v\u00e1lassza a \u201ev\u00e1rhat\u00f3\u201d lehet\u0151s\u00e9get az \u00e1r \u00e1tt\u00f6r\u00e9s ut\u00e1ni c\u00e9lpontj\u00e1nak kisz\u00e1m\u00edt\u00e1s\u00e1hoz.<\/p><p><strong><span style=\"text-decoration: underline;\">Legalacsonyabb \u00e1r<\/span>:&nbsp;<\/strong>Felfel\u00e9 ir\u00e1nyul\u00f3 trendben ez az \u00e1r visszah\u00faz\u00f3d\u00e1s\u00e1nak legals\u00f3 pontja. Lefel\u00e9 ir\u00e1nyul\u00f3 trendben ez az \u00e1r el\u00e9rt legalacsonyabb pontja.<\/p><p><strong><span style=\"text-decoration: underline;\">Legmagasabb \u00e1r<\/span>:&nbsp;<\/strong>Felfel\u00e9 ir\u00e1nyul\u00f3 trend eset\u00e9n ez az \u00e1r el\u00e9rt legmagasabb pontja. Lefel\u00e9 ir\u00e1nyul\u00f3 trend eset\u00e9n ez az \u00e1r visszapattan\u00e1s\u00e1nak legmagasabb pontja.<\/p><p>\u203b <span style=\"text-decoration: underline;\"><strong>Z\u00e1r\u00f3 \u00e1r<\/strong><\/span><strong>:&nbsp;<\/strong>\u00cdrd be a v\u00e1rt \u00e1r c\u00e9lt. Ez a sz\u00e1m \u00e1ltal\u00e1ban az a k\u00f6vetkez\u0151 magas vagy alacsony pont, amelyet el\u0151rejelzel, a jelenlegi piaci trendek alapj\u00e1n.<\/p>\t\t\t\t\t\t\t\t<\/div>\n\t\t\t\t<div class=\"elementor-element elementor-element-3e0b4e6 elementor-widget elementor-widget-text-editor\" data-id=\"3e0b4e6\" data-element_type=\"widget\" data-widget_type=\"text-editor.default\">\n\t\t\t\t\t\t\t\t\t<h3><strong>M\u0171veleti l\u00e9p\u00e9sek<\/strong><\/h3><p>V\u00e1lassza ki a trend ir\u00e1ny\u00e1t. P\u00e9ld\u00e1ul, ha az EUR\/USD Fibonacci visszah\u00faz\u00f3d\u00e1si szintjeit sz\u00e1molja, v\u00e1lassza a \u201efelfel\u00e9\u201d trend ir\u00e1nyt.<\/p><p>Jel\u00f6lje be a \"visszah\u00faz\u00e1s\" r\u00e1di\u00f3gombot, hogy jelezze a kalkul\u00e1tornak, hogy sz\u00e1molja ki a visszah\u00faz\u00e1si szinteket.<\/p><p>\u00cdrja be az alacsony \u00e9s a magas \u00e1rat. P\u00e9ld\u00e1ul az alacsony \u00e1r 1.16653, a magas \u00e1r pedig 1.20552.<\/p>\t\t\t\t\t\t\t\t<\/div>\n\t\t\t\t<div class=\"elementor-element elementor-element-4799a02 elementor-widget elementor-widget-text-editor\" data-id=\"4799a02\" data-element_type=\"widget\" data-widget_type=\"text-editor.default\">\n\t\t\t\t\t\t\t\t\t<h3><strong>Sz\u00e1m\u00edt\u00e1si eredm\u00e9ny<\/strong><\/h3><p>Fibonacci Kalkul\u00e1tor kisz\u00e1m\u00edtja \u00e9s megjelen\u00edti a devizap\u00e1r Visszaes\u00e9s szintjeit. Ezek a szintek az Eszk\u00f6z \u00e1rmozg\u00e1s\u00e1nak k\u00e9t sz\u00e9ls\u0151 \u00e9rt\u00e9kpontj\u00e1nak (legalacsonyabb vagy legmagasabb ingadoz\u00e1s, vagy egyszer\u0171en A pont \u00e9s B pont) figyelembev\u00e9tel\u00e9vel \u00e9s a f\u00fcgg\u0151leges t\u00e1vols\u00e1g kulcsfontoss\u00e1g\u00fa Fibonacci ar\u00e1nyokkal, mint p\u00e9ld\u00e1ul 23.6%, 38.2%, 50%, 61.8% val\u00f3 eloszt\u00e1s\u00e1val j\u00f6nnek l\u00e9tre.<\/p><p>P\u00e9ld\u00e1ul, egy emelked\u0151 trendben az EUR\/USD legalacsonyabb ingadoz\u00e1sa (A pont) 1.16653, m\u00edg az \u00e1rfolyam a legmagasabb pontra emelkedik 1.20552 (B pont). Ezeknek az adatoknak a megad\u00e1sa ut\u00e1n a kalkul\u00e1tor megjelen\u00edti a k\u00fcl\u00f6nb\u00f6z\u0151 visszah\u00faz\u00f3d\u00e1si szintek Fibonacci visszah\u00faz\u00f3d\u00e1si szintjeit.<\/p><p>Alap\u00e9rtelmez\u00e9s szerint a kalkul\u00e1tor a visszah\u00faz\u00f3d\u00e1si szinteket fogja megjelen\u00edteni. A progn\u00f3zis (kiterjeszt\u00e9si) szintekhez a keresked\u0151knek ki kell t\u00f6lteni\u00fck a \u201ev\u00e9gs\u0151 \u00e1r\u201d mez\u0151t, a kalkul\u00e1tor pedig t\u00f6bb lehets\u00e9ges progn\u00f3zist fog megjelen\u00edteni (maximum 161.8%).<\/p>\t\t\t\t\t\t\t\t<\/div>\n\t\t\t\t<div class=\"elementor-element elementor-element-353ada7 elementor-widget elementor-widget-text-editor\" data-id=\"353ada7\" data-element_type=\"widget\" data-widget_type=\"text-editor.default\">\n\t\t\t\t\t\t\t\t\t<h2><strong>Mi az a Fibonacci szint?<\/strong><\/h2><p>A Fibonacci szintek egy gyakori m\u00f3dszer az \u00e1ruk \u00e1rmozg\u00e1s\u00e1nak elemz\u00e9s\u00e9re a p\u00e9nz\u00fcgyi piacokon. Ez nem egy titokzatos ar\u00e1ny vagy \u00e1rmodell, hanem egy n\u00e9pszer\u0171 elemz\u0151 eszk\u00f6z, amelynek hat\u00e9konys\u00e1ga a saj\u00e1t megval\u00f3sul\u00e1s\u00e1nak m\u00e9rt\u00e9k\u00e9t\u0151l f\u00fcgg.<\/p><p>A Fibonacci szintek f\u0151k\u00e9nt k\u00e9t t\u00edpusa l\u00e9tezik:&nbsp;visszah\u00faz\u00f3d\u00e1s \u00e9s kiterjeszt\u00e9s. A visszah\u00faz\u00f3d\u00e1si szinteket akkor haszn\u00e1lj\u00e1k, amikor az \u00e1r \u00faj cs\u00facsot (emelked\u0151 trend) vagy \u00faj m\u00e9lypontot (cs\u00f6kken\u0151 trend) \u00e9r el, valamint amikor a keresked\u0151k \u00fagy v\u00e9lik, hogy a trend ideiglenesen v\u00e9get \u00e9rhet. A Fibonacci visszah\u00faz\u00f3d\u00e1si szintek akkor jelennek meg, amikor a piac elkezd korrekci\u00f3t vagy konszolid\u00e1ci\u00f3t v\u00e9gezni.<\/p><p><strong>A f\u0151bb Fibonacci visszah\u00faz\u00f3d\u00e1si szintek a k\u00f6vetkez\u0151k:&nbsp;0.236, 0.382, 0.500, 0.618 \u00e9s 0.764.<\/strong><\/p><p>M\u00e1sr\u00e9szt a Fibonacci kiterjeszt\u00e9si szintek arra szolg\u00e1lnak, hogy el\u0151re jelezz\u00e9k, hogy az \u00e1rak val\u00f3sz\u00edn\u0171leg t\u00fall\u00e9pik az eredeti tartom\u00e1nyukat, \u00e9s folytatj\u00e1k a mozg\u00e1st a trend ir\u00e1ny\u00e1ba. A piaci \u00e1rak visszah\u00faz\u00f3dhatnak egy Fibonacci visszah\u00faz\u00f3d\u00e1si szintre, majd folytatj\u00e1k a mozg\u00e1st az alapvet\u0151 trend ir\u00e1ny\u00e1ba, \u00faj cs\u00facsokat vagy m\u00e9lypontokat l\u00e9trehozva. Vagy a konszolid\u00e1ci\u00f3s id\u0151szak ut\u00e1n folytathatj\u00e1k a mozg\u00e1st a f\u0151 trend ir\u00e1ny\u00e1ba an\u00e9lk\u00fcl, hogy b\u00e1rmilyen Fibonacci visszah\u00faz\u00f3d\u00e1si szintet el\u00e9rn\u00e9nek.<\/p><p><strong>A f\u0151 Fibonacci kiterjeszt\u00e9si szintek k\u00f6z\u00e9 tartozik a 0.382, 0.618, 1.000, 1.382 \u00e9s 1.618.<\/strong><\/p><p>Ahogyan a Fibonacci ar\u00e1nyoknak sincsenek var\u00e1zslatos vagy univerz\u00e1lis szab\u00e1lyai, \u00fagy a Fibonacci ar\u00e1nyok sem ilyenek. Ezek csup\u00e1n matematikusok \u00e1ltal felfedezett \u00e9rdekes ar\u00e1nyok, amelyeket k\u00e9s\u0151bb a keresked\u0151k alkalmaztak.<\/p><p>Mivel a Fibonacci ar\u00e1nyokat sz\u00e9les k\u00f6rben haszn\u00e1lj\u00e1k a glob\u00e1lis piacokon, bele\u00e9rtve n\u00e9h\u00e1ny professzion\u00e1lis keresked\u0151t is, sokan v\u00e1s\u00e1rolnak \u00e9s\/vagy adnak el ezeken a szinteken, ez\u00e9rt a Fibonacci szintek nagyon hat\u00e9konyak lehetnek.<\/p>\t\t\t\t\t\t\t\t<\/div>\n\t\t\t\t<\/div>\n\t\t<div class=\"elementor-element elementor-element-012fcfe e-con-full e-flex e-con e-child\" data-id=\"012fcfe\" data-element_type=\"container\">\n\t\t\t\t<div class=\"elementor-element elementor-element-af3faae elementor-widget__width-initial elementor-widget elementor-widget-html\" data-id=\"af3faae\" data-element_type=\"widget\" data-widget_type=\"html.default\">\n\t\t\t\t\t<div id=\"fibonacci-calculator-386315\"><script type=\"text\/javascript\" src=\"https:\/\/www.cashbackforex.com\/Content\/remote\/remote-widgets.js\"><\/script><script type=\"text\/javascript\"> RemoteCalc({\"Url\":\"https:\/\/www.cashbackforex.com\", \"TopPaneStyle\":\"YmFja2dyb3VuZDogbGluZWFyLWdyYWRpZW50KCNmZmYgMjAlLCAjZjVmNWY1IDQ1JSk7IGNvbG9yOiBibGFjazsgYm9yZGVyOiBzb2xpZCAxcHggI2FhYTsgYm9yZGVyLWJvdHRvbTogbm9uZTsg\",\"BottomPaneStyle\":\"YmFja2dyb3VuZDogI2YzZjNmMzsgYm9yZGVyOiBzb2xpZCAxcHggI2FhYTsgY29sb3I6IGJsYWNrOw==\",\"ButtonStyle\":\"YmFja2dyb3VuZDogIzM0MzU0MDsgY29sb3I6IHdoaXRlOyBib3JkZXItcmFkaXVzOiAyMHB4Ow==\",\"TitleStyle\":\"dGV4dC1hbGlnbjogbGVmdDsgZm9udC1zaXplOiAxNnB4OyBmb250LXdlaWdodDogNTAwOw==\",\"TextboxStyle\":\"YmFja2dyb3VuZC1jb2xvcjogd2hpdGU7IGNvbG9yOiBibGFjazsgYm9yZGVyOiBzb2xpZCAxcHggI2FhYWFhYQ==\",\"HighlightColor\":\"#ffff00\",\"IsDisplayTitle\":false,\"IsShowEmbedButton\":false,\"Lang\":wlang(),\"CompactType\":\"large\",\"Calculator\":\"fibonacci-calculator\",\"ContainerId\":\"fibonacci-calculator-386315\"});\n\nfunction wlang() {\n    \n\tvar lang = window.location.href;\n\n\tif (!lang) {\n\t\treturn 'en';\n\t}\n\n        if (lang.match('\/zh\/')) {\n\t\treturn 'zh';\n\n\t} else if (lang.match('\/hk\/')) {\n\t\treturn 'zh';\n\t\t\n\t} else if (lang.match('\/cn\/')) {\n\t\treturn 'zh';\n\t\t\n\t} else if (lang.match('\/en\/')) {\n\t\treturn 'en';\n\t\t\n\t} else if (lang.match('\/hi\/')) {\n\t\treturn 'en';\n\t\t\n\t} else if (lang.match('\/pt_br\/')) {\n\t\treturn 'pt';\n\t\t\n\t} else if (lang.match('\/ms\/')) {\n\t\treturn 'id';\n\t\t\n\t} else if (lang.match('\/es\/')) {\n\t\treturn 'es';\n\t\t\n\t} else if (lang.match('\/es_ar\/')) {\n\t\treturn 'es';\n\t\t\n\t} else if (lang.match('\/es_mx\/')) {\n\t\treturn 'es';\n\n\t} else if (lang.match('\/bn\/')) {\n\t\treturn 'en';\n\t\t\n\t} else if (lang.match('\/nb\/')) {\n\t\treturn 'en';\t\t\n\n\t} else if (lang.match('\/da\/')) {\n\t\treturn 'en';\n\t\t\n\t} else if (lang.match('\/nl\/')) {\n\t\treturn 'en';\n\t\t\n\t} else if (lang.match('\/sv\/')) {\n\t\treturn 'en';\n\t\t\n\t} else if (lang.match('\/uk\/')) {\n\t\treturn 'ru';\n\t\t\n\t} else if (lang.match('\/ur\/')) {\n\t\treturn 'en';\n\t\t\n\t} else if (lang.match('\/de\/')) {\n\t\treturn 'de';\n\t\t\n\t} else if (lang.match('\/fr\/')) {\n\t\treturn 'fr';\n\t\t\n\t} else if (lang.match('\/id\/')) {\n\t\treturn 'id';\n\t\t\n\t} else if (lang.match('\/it\/')) {\n\t\treturn 'it';\n\t\t\n\t} else if (lang.match('\/hu\/')) {\n\t\treturn 'hu';\n\t\t\n\t} else if (lang.match('\/pt\/')) {\n\t\treturn 'pt';\n\t\t\n\t} else if (lang.match('\/pl\/')) {\n\t\treturn 'pl';\n\t\t\n\t} else if (lang.match('\/ro\/')) {\n\t\treturn 'ro';\n\t\t\n\t} else if (lang.match('\/vi\/')) {\n\t\treturn 'vi';\n\t\t\n\t} else if (lang.match('\/tr\/')) {\n\t\treturn 'tr';\n\t\t\n\t} else if (lang.match('\/el\/')) {\n\t\treturn 'el';\n\t\t\n\t} else if (lang.match('\/ru\/')) {\n\t\treturn 'ru';\n\t\t\n\t} else if (lang.match('\/ar\/')) {\n\t\treturn 'ar';\n\t\t\n\t} else if (lang.match('\/th\/')) {\n\t\treturn 'th';\n\t\t\n\t} else if (lang.match('\/kr\/')) {\n\t\treturn 'ko';\n\t\t\n\t} else if (lang.match('\/jp\/')) {\n\t\treturn 'ja';\n\t\t\n\t} else if (lang.match('\/cs\/')) {\n\t\treturn 'cs';\n\t\t\n\t}else {\n\t\treturn 'zh';\n\t}\n}\n<\/script><\/div>\t\t\t\t<\/div>\n\t\t\t\t<\/div>\n\t\t\t\t<\/div>\n\t\t\t\t\t<\/div>\n\t\t\t\t<\/div>\n\t\t\t\t<\/div>","protected":false},"excerpt":{"rendered":"<p>Szeretn\u00e9 pontosan el\u0151re jelezni az \u00e1rfolyamok alakul\u00e1s\u00e1t a p\u00e9nz\u00fcgyi piacon? A Fibonacci Kalkul\u00e1tor a legjobb seg\u00edt\u0151t\u00e1rsa! Legyen sz\u00f3 Visszaes\u00e9sr\u0151l vagy kiterjeszt\u00e9sr\u0151l, seg\u00edt\u00fcnk \u00d6nnek k\u00f6nnyed\u00e9n kisz\u00e1m\u00edtani a kulcsfontoss\u00e1g\u00fa Fibonacci szinteket. Ismerje meg, hogyan haszn\u00e1lhatja ezeket az adatokat hat\u00e9kony keresked\u00e9si strat\u00e9gi\u00e1k kidolgoz\u00e1s\u00e1ra, \u00e9s biztos\u00edtsa, hogy az \u00e1rfolyamadatai szinkronban legyenek a piaccal. Kattintson a teljes cikk megtekint\u00e9s\u00e9hez, saj\u00e1t\u00edtsa el a tov\u00e1bbi keresked\u00e9si tippeket, \u00e9s n\u00f6velje keresked\u00e9si sikeress\u00e9g\u00e9t!<\/p>","protected":false},"author":1,"featured_media":23603,"parent":15462,"menu_order":0,"comment_status":"closed","ping_status":"closed","template":"","meta":{"footnotes":""},"tags":[128],"class_list":["post-16663","page","type-page","status-publish","has-post-thumbnail","hentry","tag-no-google"],"_links":{"self":[{"href":"https:\/\/mister.forex\/hu\/wp-json\/wp\/v2\/pages\/16663","targetHints":{"allow":["GET"]}}],"collection":[{"href":"https:\/\/mister.forex\/hu\/wp-json\/wp\/v2\/pages"}],"about":[{"href":"https:\/\/mister.forex\/hu\/wp-json\/wp\/v2\/types\/page"}],"author":[{"embeddable":true,"href":"https:\/\/mister.forex\/hu\/wp-json\/wp\/v2\/users\/1"}],"replies":[{"embeddable":true,"href":"https:\/\/mister.forex\/hu\/wp-json\/wp\/v2\/comments?post=16663"}],"version-history":[{"count":3,"href":"https:\/\/mister.forex\/hu\/wp-json\/wp\/v2\/pages\/16663\/revisions"}],"predecessor-version":[{"id":69196,"href":"https:\/\/mister.forex\/hu\/wp-json\/wp\/v2\/pages\/16663\/revisions\/69196"}],"up":[{"embeddable":true,"href":"https:\/\/mister.forex\/hu\/wp-json\/wp\/v2\/pages\/15462"}],"wp:featuredmedia":[{"embeddable":true,"href":"https:\/\/mister.forex\/hu\/wp-json\/wp\/v2\/media\/23603"}],"wp:attachment":[{"href":"https:\/\/mister.forex\/hu\/wp-json\/wp\/v2\/media?parent=16663"}],"wp:term":[{"taxonomy":"post_tag","embeddable":true,"href":"https:\/\/mister.forex\/hu\/wp-json\/wp\/v2\/tags?post=16663"}],"curies":[{"name":"wp","href":"https:\/\/api.w.org\/{rel}","templated":true}]}}