{"id":57287,"date":"2025-08-10T11:17:07","date_gmt":"2025-08-10T03:17:07","guid":{"rendered":"http:\/\/test.swqi.tw\/?page_id=57287"},"modified":"2026-04-22T13:45:28","modified_gmt":"2026-04-22T05:45:28","slug":"ebook-hub","status":"publish","type":"page","link":"https:\/\/mister.forex\/hu\/ebook-hub\/","title":{"rendered":"Forex E-k\u00f6nyv K\u00f6zpont | Mr.Forex"},"content":{"rendered":"<div data-elementor-type=\"wp-page\" data-elementor-id=\"57287\" class=\"elementor elementor-57287\" data-elementor-post-type=\"page\">\n\t\t\t\t<div class=\"elementor-element elementor-element-9c2365a e-flex e-con-boxed e-con e-parent\" data-id=\"9c2365a\" data-element_type=\"container\">\n\t\t\t\t\t<div class=\"e-con-inner\">\n\t\t<div class=\"elementor-element elementor-element-554e08a e-con-full e-flex e-con e-child\" data-id=\"554e08a\" data-element_type=\"container\" data-settings=\"{&quot;background_background&quot;:&quot;classic&quot;}\">\n\t\t\t\t<div class=\"elementor-element elementor-element-1cc91d5 elementor-widget elementor-widget-heading\" data-id=\"1cc91d5\" data-element_type=\"widget\" data-widget_type=\"heading.default\">\n\t\t\t\t\t<h1 class=\"elementor-heading-title elementor-size-default\">Forex Keresked\u0151 K\u00e9pz\u00e9si Program<\/h1>\t\t\t\t<\/div>\n\t\t\t\t<div class=\"elementor-element elementor-element-56b107e elementor-widget elementor-widget-heading\" data-id=\"56b107e\" data-element_type=\"widget\" data-widget_type=\"heading.default\">\n\t\t\t\t\t<span class=\"elementor-heading-title elementor-size-default\">Bel\u00e9p\u0151 a profi keresked\u00e9s vil\u00e1g\u00e1ba<\/span>\t\t\t\t<\/div>\n\t\t\t\t<\/div>\n\t\t\t\t<div class=\"elementor-element elementor-element-2daaa31 elementor-widget elementor-widget-heading\" data-id=\"2daaa31\" data-element_type=\"widget\" data-widget_type=\"heading.default\">\n\t\t\t\t\t<h3 class=\"elementor-heading-title elementor-size-default\">1. Szakasz: Alapok \u00e9s Eszk\u00f6z\u00f6k<\/h3>\t\t\t\t<\/div>\n\t\t<div class=\"elementor-element elementor-element-54eeb99 e-grid e-con-full e-con e-child\" data-id=\"54eeb99\" data-element_type=\"container\">\n\t\t<div class=\"elementor-element elementor-element-acf09bd e-con-full e-flex e-con e-child\" data-id=\"acf09bd\" data-element_type=\"container\" data-settings=\"{&quot;background_background&quot;:&quot;classic&quot;}\">\n\t\t<div class=\"elementor-element elementor-element-65ca042 e-con-full e-flex e-con e-child\" data-id=\"65ca042\" data-element_type=\"container\" data-settings=\"{&quot;background_background&quot;:&quot;classic&quot;}\">\n\t\t\t\t<div class=\"elementor-element elementor-element-c3fe150 elementor-widget elementor-widget-heading\" data-id=\"c3fe150\" data-element_type=\"widget\" data-widget_type=\"heading.default\">\n\t\t\t\t\t<h4 class=\"elementor-heading-title elementor-size-default\">Biztons\u00e1g \u00e9s Forex Szab\u00e1lyoz\u00e1s<\/h4>\t\t\t\t<\/div>\n\t\t\t\t<\/div>\n\t\t<div class=\"elementor-element elementor-element-53ef0d3 e-con-full e-flex e-con e-child\" data-id=\"53ef0d3\" data-element_type=\"container\">\n\t\t\t\t<div class=\"elementor-element elementor-element-a05170b elementor-widget elementor-widget-text-editor\" data-id=\"a05170b\" data-element_type=\"widget\" data-widget_type=\"text-editor.default\">\n\t\t\t\t\t\t\t\t\t<p>Tanulja meg a licencek ellen\u0151rz\u00e9s\u00e9t \u00e9s ker\u00fclje el a csal\u00f3 br\u00f3kereket.<\/p>\t\t\t\t\t\t\t\t<\/div>\n\t\t\t\t<div class=\"elementor-element elementor-element-62c5ce0 elementor-widget elementor-widget-heading\" data-id=\"62c5ce0\" data-element_type=\"widget\" data-widget_type=\"heading.default\">\n\t\t\t\t\t<span class=\"elementor-heading-title elementor-size-default\"><a href=\"https:\/\/mister.forex\/hu\/avoid-forex-scams-and-fake-brokers\/\">R\u00e9szletek<\/a><\/span>\t\t\t\t<\/div>\n\t\t\t\t<\/div>\n\t\t\t\t<\/div>\n\t\t<div class=\"elementor-element elementor-element-3f4fe82 e-con-full e-flex e-con e-child\" data-id=\"3f4fe82\" data-element_type=\"container\" data-settings=\"{&quot;background_background&quot;:&quot;classic&quot;}\">\n\t\t<div class=\"elementor-element elementor-element-96e3cc9 e-con-full e-flex e-con e-child\" data-id=\"96e3cc9\" data-element_type=\"container\" data-settings=\"{&quot;background_background&quot;:&quot;classic&quot;}\">\n\t\t\t\t<div class=\"elementor-element elementor-element-826dbd9 elementor-widget elementor-widget-heading\" data-id=\"826dbd9\" data-element_type=\"widget\" data-widget_type=\"heading.default\">\n\t\t\t\t\t<h4 class=\"elementor-heading-title elementor-size-default\">Forex Sz\u00e1mlanyit\u00e1si \u00datmutat\u00f3<\/h4>\t\t\t\t<\/div>\n\t\t\t\t<\/div>\n\t\t<div class=\"elementor-element elementor-element-7afa1da e-con-full e-flex e-con e-child\" data-id=\"7afa1da\" data-element_type=\"container\">\n\t\t\t\t<div class=\"elementor-element elementor-element-214ca99 elementor-widget elementor-widget-text-editor\" data-id=\"214ca99\" data-element_type=\"widget\" data-widget_type=\"text-editor.default\">\n\t\t\t\t\t\t\t\t\t<p>L\u00e9p\u00e9sr\u0151l l\u00e9p\u00e9sre \u00fatmutat\u00f3 a gyors \u00e9s biztons\u00e1gos regisztr\u00e1ci\u00f3hoz.<\/p>\t\t\t\t\t\t\t\t<\/div>\n\t\t\t\t<div class=\"elementor-element elementor-element-7c1e760 elementor-widget elementor-widget-heading\" data-id=\"7c1e760\" data-element_type=\"widget\" data-widget_type=\"heading.default\">\n\t\t\t\t\t<span class=\"elementor-heading-title elementor-size-default\"><a href=\"https:\/\/mister.forex\/hu\/forex-account-opening-guide\/\">R\u00e9szletek<\/a><\/span>\t\t\t\t<\/div>\n\t\t\t\t<\/div>\n\t\t\t\t<\/div>\n\t\t<div class=\"elementor-element elementor-element-a6a452f e-con-full e-flex e-con e-child\" data-id=\"a6a452f\" data-element_type=\"container\" data-settings=\"{&quot;background_background&quot;:&quot;classic&quot;}\">\n\t\t<div class=\"elementor-element elementor-element-c312a1b e-con-full e-flex e-con e-child\" data-id=\"c312a1b\" data-element_type=\"container\" data-settings=\"{&quot;background_background&quot;:&quot;classic&quot;}\">\n\t\t\t\t<div class=\"elementor-element elementor-element-a96d60b elementor-widget elementor-widget-heading\" data-id=\"a96d60b\" data-element_type=\"widget\" data-widget_type=\"heading.default\">\n\t\t\t\t\t<h4 class=\"elementor-heading-title elementor-size-default\">Piacm\u0171k\u00f6d\u00e9s \u00e9s Forex Alapok<\/h4>\t\t\t\t<\/div>\n\t\t\t\t<\/div>\n\t\t<div class=\"elementor-element elementor-element-c23ca41 e-con-full e-flex e-con e-child\" data-id=\"c23ca41\" data-element_type=\"container\">\n\t\t\t\t<div class=\"elementor-element elementor-element-bfd3415 elementor-widget elementor-widget-text-editor\" data-id=\"bfd3415\" data-element_type=\"widget\" data-widget_type=\"text-editor.default\">\n\t\t\t\t\t\t\t\t\t<p>Ismerje meg a t\u0151ke\u00e1tt\u00e9telt, a let\u00e9tet \u00e9s a glob\u00e1lis p\u00e9nz\u00e1raml\u00e1st.<\/p>\t\t\t\t\t\t\t\t<\/div>\n\t\t\t\t<div class=\"elementor-element elementor-element-705f7f7 elementor-widget elementor-widget-heading\" data-id=\"705f7f7\" data-element_type=\"widget\" data-widget_type=\"heading.default\">\n\t\t\t\t\t<span class=\"elementor-heading-title elementor-size-default\"><a href=\"https:\/\/mister.forex\/hu\/forex-market-worldview-basics\/\">R\u00e9szletek<\/a><\/span>\t\t\t\t<\/div>\n\t\t\t\t<\/div>\n\t\t\t\t<\/div>\n\t\t<div class=\"elementor-element elementor-element-f0be71d e-con-full e-flex e-con e-child\" data-id=\"f0be71d\" data-element_type=\"container\" data-settings=\"{&quot;background_background&quot;:&quot;classic&quot;}\">\n\t\t<div class=\"elementor-element elementor-element-a8f6557 e-con-full e-flex e-con e-child\" data-id=\"a8f6557\" data-element_type=\"container\" data-settings=\"{&quot;background_background&quot;:&quot;classic&quot;}\">\n\t\t\t\t<div class=\"elementor-element elementor-element-1bf04da elementor-widget elementor-widget-heading\" data-id=\"1bf04da\" data-element_type=\"widget\" data-widget_type=\"heading.default\">\n\t\t\t\t\t<h4 class=\"elementor-heading-title elementor-size-default\">MT5 Mobilalkalmaz\u00e1s \u00datmutat\u00f3<\/h4>\t\t\t\t<\/div>\n\t\t\t\t<\/div>\n\t\t<div class=\"elementor-element elementor-element-bf0ce49 e-con-full e-flex e-con e-child\" data-id=\"bf0ce49\" data-element_type=\"container\">\n\t\t\t\t<div class=\"elementor-element elementor-element-cead929 elementor-widget elementor-widget-text-editor\" data-id=\"cead929\" data-element_type=\"widget\" data-widget_type=\"text-editor.default\">\n\t\t\t\t\t\t\t\t\t<p>Kereskedjen b\u00e1rhol: MT5 megb\u00edz\u00e1sok \u00e9s mobilos technik\u00e1k.<\/p>\t\t\t\t\t\t\t\t<\/div>\n\t\t\t\t<div class=\"elementor-element elementor-element-a26de5b elementor-widget elementor-widget-heading\" data-id=\"a26de5b\" data-element_type=\"widget\" data-widget_type=\"heading.default\">\n\t\t\t\t\t<span class=\"elementor-heading-title elementor-size-default\"><a href=\"https:\/\/mister.forex\/hu\/mt5-mobile-app-trading-guide-for-beginners\/\">R\u00e9szletek<\/a><\/span>\t\t\t\t<\/div>\n\t\t\t\t<\/div>\n\t\t\t\t<\/div>\n\t\t\t\t<\/div>\n\t\t\t\t<div class=\"elementor-element elementor-element-51568a0 elementor-widget elementor-widget-heading\" data-id=\"51568a0\" data-element_type=\"widget\" data-widget_type=\"heading.default\">\n\t\t\t\t\t<h3 class=\"elementor-heading-title elementor-size-default\">2. Szakasz: Technikai Gyakorlat<\/h3>\t\t\t\t<\/div>\n\t\t<div class=\"elementor-element elementor-element-0fc0867 e-grid e-con-full e-con e-child\" data-id=\"0fc0867\" data-element_type=\"container\">\n\t\t<div class=\"elementor-element elementor-element-f67509c e-con-full e-flex e-con e-child\" data-id=\"f67509c\" data-element_type=\"container\" data-settings=\"{&quot;background_background&quot;:&quot;classic&quot;}\">\n\t\t<div class=\"elementor-element elementor-element-1b5730a e-con-full e-flex e-con e-child\" data-id=\"1b5730a\" data-element_type=\"container\" data-settings=\"{&quot;background_background&quot;:&quot;classic&quot;}\">\n\t\t\t\t<div class=\"elementor-element elementor-element-38decaf elementor-widget elementor-widget-heading\" data-id=\"38decaf\" data-element_type=\"widget\" data-widget_type=\"heading.default\">\n\t\t\t\t\t<h4 class=\"elementor-heading-title elementor-size-default\">Gyertyaalakzatok 5 perc alatt<\/h4>\t\t\t\t<\/div>\n\t\t\t\t<\/div>\n\t\t<div class=\"elementor-element elementor-element-c26a790 e-con-full e-flex e-con e-child\" data-id=\"c26a790\" data-element_type=\"container\">\n\t\t\t\t<div class=\"elementor-element elementor-element-ff8d030 elementor-widget elementor-widget-text-editor\" data-id=\"ff8d030\" data-element_type=\"widget\" data-widget_type=\"text-editor.default\">\n\t\t\t\t\t\t\t\t\t<p>\u00c9rtse meg a grafikonokat \u00e9s a piaci hangulatot a gyerty\u00e1kb\u00f3l.<\/p>\t\t\t\t\t\t\t\t<\/div>\n\t\t\t\t<div class=\"elementor-element elementor-element-bc42c17 elementor-widget elementor-widget-heading\" data-id=\"bc42c17\" data-element_type=\"widget\" data-widget_type=\"heading.default\">\n\t\t\t\t\t<span class=\"elementor-heading-title elementor-size-default\"><a href=\"https:\/\/mister.forex\/hu\/understanding-candlestick-charts\/\">R\u00e9szletek<\/a><\/span>\t\t\t\t<\/div>\n\t\t\t\t<\/div>\n\t\t\t\t<\/div>\n\t\t<div class=\"elementor-element elementor-element-446e356 e-con-full e-flex e-con e-child\" data-id=\"446e356\" data-element_type=\"container\" data-settings=\"{&quot;background_background&quot;:&quot;classic&quot;}\">\n\t\t<div class=\"elementor-element elementor-element-4649980 e-con-full e-flex e-con e-child\" data-id=\"4649980\" data-element_type=\"container\" data-settings=\"{&quot;background_background&quot;:&quot;classic&quot;}\">\n\t\t\t\t<div class=\"elementor-element elementor-element-bcbc534 elementor-widget elementor-widget-heading\" data-id=\"bcbc534\" data-element_type=\"widget\" data-widget_type=\"heading.default\">\n\t\t\t\t\t<h4 class=\"elementor-heading-title elementor-size-default\">Indik\u00e1torok: Mozg\u00f3\u00e1tlag \u00e9s KD<\/h4>\t\t\t\t<\/div>\n\t\t\t\t<\/div>\n\t\t<div class=\"elementor-element elementor-element-722fb54 e-con-full e-flex e-con e-child\" data-id=\"722fb54\" data-element_type=\"container\">\n\t\t\t\t<div class=\"elementor-element elementor-element-eb906eb elementor-widget elementor-widget-text-editor\" data-id=\"eb906eb\" data-element_type=\"widget\" data-widget_type=\"text-editor.default\">\n\t\t\t\t\t\t\t\t\t<p>\u00c9p\u00edtsen profi strat\u00e9gi\u00e1t technikai indik\u00e1torok seg\u00edts\u00e9g\u00e9vel.<\/p>\t\t\t\t\t\t\t\t<\/div>\n\t\t\t\t<div class=\"elementor-element elementor-element-bddf1c3 elementor-widget elementor-widget-heading\" data-id=\"bddf1c3\" data-element_type=\"widget\" data-widget_type=\"heading.default\">\n\t\t\t\t\t<span class=\"elementor-heading-title elementor-size-default\"><a href=\"https:\/\/mister.forex\/hu\/forex-trading-strategy-basics\/\">R\u00e9szletek<\/a><\/span>\t\t\t\t<\/div>\n\t\t\t\t<\/div>\n\t\t\t\t<\/div>\n\t\t\t\t<\/div>\n\t\t\t\t<div class=\"elementor-element elementor-element-708541b elementor-widget elementor-widget-heading\" data-id=\"708541b\" data-element_type=\"widget\" data-widget_type=\"heading.default\">\n\t\t\t\t\t<h3 class=\"elementor-heading-title elementor-size-default\">3. Szakasz: A T\u00fal\u00e9l\u00e9s Szab\u00e1lyai<\/h3>\t\t\t\t<\/div>\n\t\t<div class=\"elementor-element elementor-element-1f03149 e-grid e-con-full e-con e-child\" data-id=\"1f03149\" data-element_type=\"container\">\n\t\t<div class=\"elementor-element elementor-element-5e0346e e-con-full e-flex e-con e-child\" data-id=\"5e0346e\" data-element_type=\"container\" data-settings=\"{&quot;background_background&quot;:&quot;classic&quot;}\">\n\t\t<div class=\"elementor-element elementor-element-f6412bd e-con-full e-flex e-con e-child\" data-id=\"f6412bd\" data-element_type=\"container\" data-settings=\"{&quot;background_background&quot;:&quot;classic&quot;}\">\n\t\t\t\t<div class=\"elementor-element elementor-element-3368022 elementor-widget elementor-widget-heading\" data-id=\"3368022\" data-element_type=\"widget\" data-widget_type=\"heading.default\">\n\t\t\t\t\t<h4 class=\"elementor-heading-title elementor-size-default\">T\u0151kev\u00e9delem \u00e9s Kock\u00e1zatkezel\u00e9s<\/h4>\t\t\t\t<\/div>\n\t\t\t\t<\/div>\n\t\t<div class=\"elementor-element elementor-element-e7eaf9b e-con-full e-flex e-con e-child\" data-id=\"e7eaf9b\" data-element_type=\"container\">\n\t\t\t\t<div class=\"elementor-element elementor-element-ceb0af2 elementor-widget elementor-widget-text-editor\" data-id=\"ceb0af2\" data-element_type=\"widget\" data-widget_type=\"text-editor.default\">\n\t\t\t\t\t\t\t\t\t<p>Haszn\u00e1lja a 2%-os szab\u00e1lyt a sz\u00e1ml\u00e1ja hossz\u00fa t\u00e1v\u00fa v\u00e9delm\u00e9ben.<\/p>\t\t\t\t\t\t\t\t<\/div>\n\t\t\t\t<div class=\"elementor-element elementor-element-86f8eee elementor-widget elementor-widget-heading\" data-id=\"86f8eee\" data-element_type=\"widget\" data-widget_type=\"heading.default\">\n\t\t\t\t\t<span class=\"elementor-heading-title elementor-size-default\"><a href=\"https:\/\/mister.forex\/hu\/money-management-rules-to-avoid-blowup\/\">R\u00e9szletek<\/a><\/span>\t\t\t\t<\/div>\n\t\t\t\t<\/div>\n\t\t\t\t<\/div>\n\t\t<div class=\"elementor-element elementor-element-43aec22 e-con-full e-flex e-con e-child\" data-id=\"43aec22\" data-element_type=\"container\" data-settings=\"{&quot;background_background&quot;:&quot;classic&quot;}\">\n\t\t<div class=\"elementor-element elementor-element-714f0ff e-con-full e-flex e-con e-child\" data-id=\"714f0ff\" data-element_type=\"container\" data-settings=\"{&quot;background_background&quot;:&quot;classic&quot;}\">\n\t\t\t\t<div class=\"elementor-element elementor-element-344d206 elementor-widget elementor-widget-heading\" data-id=\"344d206\" data-element_type=\"widget\" data-widget_type=\"heading.default\">\n\t\t\t\t\t<h4 class=\"elementor-heading-title elementor-size-default\">Keresked\u00e9si Pszichol\u00f3gia<\/h4>\t\t\t\t<\/div>\n\t\t\t\t<\/div>\n\t\t<div class=\"elementor-element elementor-element-c2551e3 e-con-full e-flex e-con e-child\" data-id=\"c2551e3\" data-element_type=\"container\">\n\t\t\t\t<div class=\"elementor-element elementor-element-d857d0e elementor-widget elementor-widget-text-editor\" data-id=\"d857d0e\" data-element_type=\"widget\" data-widget_type=\"text-editor.default\">\n\t\t\t\t\t\t\t\t\t<p>Gy\u0151zze le a FOMO-t \u00e9s a k\u00e9nyszeres keresked\u00e9st a siker\u00e9rt.<\/p>\t\t\t\t\t\t\t\t<\/div>\n\t\t\t\t<div class=\"elementor-element elementor-element-3a676c0 elementor-widget elementor-widget-heading\" data-id=\"3a676c0\" data-element_type=\"widget\" data-widget_type=\"heading.default\">\n\t\t\t\t\t<span class=\"elementor-heading-title elementor-size-default\"><a href=\"https:\/\/mister.forex\/hu\/trading-psychology-fomo-revenge-trading\/\">R\u00e9szletek<\/a><\/span>\t\t\t\t<\/div>\n\t\t\t\t<\/div>\n\t\t\t\t<\/div>\n\t\t<div class=\"elementor-element elementor-element-b515000 e-con-full e-flex e-con e-child\" data-id=\"b515000\" data-element_type=\"container\" data-settings=\"{&quot;background_background&quot;:&quot;classic&quot;}\">\n\t\t<div class=\"elementor-element elementor-element-49c2968 e-con-full e-flex e-con e-child\" data-id=\"49c2968\" data-element_type=\"container\" data-settings=\"{&quot;background_background&quot;:&quot;classic&quot;}\">\n\t\t\t\t<div class=\"elementor-element elementor-element-96615f1 elementor-widget elementor-widget-heading\" data-id=\"96615f1\" data-element_type=\"widget\" data-widget_type=\"heading.default\">\n\t\t\t\t\t<h4 class=\"elementor-heading-title elementor-size-default\">Eszk\u00f6z\u00f6k \u00e9s Keresked\u00e9si Id\u0151<\/h4>\t\t\t\t<\/div>\n\t\t\t\t<\/div>\n\t\t<div class=\"elementor-element elementor-element-02248bc e-con-full e-flex e-con e-child\" data-id=\"02248bc\" data-element_type=\"container\">\n\t\t\t\t<div class=\"elementor-element elementor-element-e2bae71 elementor-widget elementor-widget-text-editor\" data-id=\"e2bae71\" data-element_type=\"widget\" data-widget_type=\"text-editor.default\">\n\t\t\t\t\t\t\t\t\t<p>Ismerje meg a devizap\u00e1rok jellemz\u0151it \u00e9s a legjobb id\u0151pontokat.<\/p>\t\t\t\t\t\t\t\t<\/div>\n\t\t\t\t<div class=\"elementor-element elementor-element-426be58 elementor-widget elementor-widget-heading\" data-id=\"426be58\" data-element_type=\"widget\" data-widget_type=\"heading.default\">\n\t\t\t\t\t<span class=\"elementor-heading-title elementor-size-default\"><a href=\"https:\/\/mister.forex\/hu\/forex-market-sessions-and-currency-pairs-guide\/\">R\u00e9szletek<\/a><\/span>\t\t\t\t<\/div>\n\t\t\t\t<\/div>\n\t\t\t\t<\/div>\n\t\t<div class=\"elementor-element elementor-element-a00b0b2 e-con-full e-flex e-con e-child\" data-id=\"a00b0b2\" data-element_type=\"container\" data-settings=\"{&quot;background_background&quot;:&quot;classic&quot;}\">\n\t\t<div class=\"elementor-element elementor-element-5e96366 e-con-full e-flex e-con e-child\" data-id=\"5e96366\" data-element_type=\"container\" data-settings=\"{&quot;background_background&quot;:&quot;classic&quot;}\">\n\t\t\t\t<div class=\"elementor-element elementor-element-eb33f83 elementor-widget elementor-widget-heading\" data-id=\"eb33f83\" data-element_type=\"widget\" data-widget_type=\"heading.default\">\n\t\t\t\t\t<h4 class=\"elementor-heading-title elementor-size-default\">Eredm\u00e9nyelemz\u00e9s \u00e9s Profitn\u00f6vel\u00e9s<\/h4>\t\t\t\t<\/div>\n\t\t\t\t<\/div>\n\t\t<div class=\"elementor-element elementor-element-3a84001 e-con-full e-flex e-con e-child\" data-id=\"3a84001\" data-element_type=\"container\">\n\t\t\t\t<div class=\"elementor-element elementor-element-2c5a88e elementor-widget elementor-widget-text-editor\" data-id=\"2c5a88e\" data-element_type=\"widget\" data-widget_type=\"text-editor.default\">\n\t\t\t\t\t\t\t\t\t<p>Haszn\u00e1lja a statisztik\u00e1kat a hib\u00e1k jav\u00edt\u00e1s\u00e1ra \u00e9s a fejl\u0151d\u00e9sre.<\/p>\t\t\t\t\t\t\t\t<\/div>\n\t\t\t\t<div class=\"elementor-element elementor-element-fd2e660 elementor-widget elementor-widget-heading\" data-id=\"fd2e660\" data-element_type=\"widget\" data-widget_type=\"heading.default\">\n\t\t\t\t\t<span class=\"elementor-heading-title elementor-size-default\"><a href=\"https:\/\/mister.forex\/hu\/trading-performance-review-myfxbook\/\">R\u00e9szletek<\/a><\/span>\t\t\t\t<\/div>\n\t\t\t\t<\/div>\n\t\t\t\t<\/div>\n\t\t\t\t<\/div>\n\t\t\t\t<div class=\"elementor-element elementor-element-63b6a1d elementor-widget elementor-widget-heading\" data-id=\"63b6a1d\" data-element_type=\"widget\" data-widget_type=\"heading.default\">\n\t\t\t\t\t<h3 class=\"elementor-heading-title elementor-size-default\">\ud83c\udfc6 Z\u00e1r\u00f3fejezet: V\u00e1ljon Profiv\u00e1<\/h3>\t\t\t\t<\/div>\n\t\t<div class=\"elementor-element elementor-element-8867f4f e-con-full e-flex e-con e-child\" data-id=\"8867f4f\" data-element_type=\"container\" data-settings=\"{&quot;background_background&quot;:&quot;classic&quot;}\">\n\t\t\t\t<div class=\"elementor-element elementor-element-52f5e1e elementor-widget elementor-widget-heading\" data-id=\"52f5e1e\" data-element_type=\"widget\" data-widget_type=\"heading.default\">\n\t\t\t\t\t<h4 class=\"elementor-heading-title elementor-size-default\">Prop Firm: 100 000$ T\u0151ke a Tud\u00e1s\u00e1\u00e9rt<\/h4>\t\t\t\t<\/div>\n\t\t\t\t<div class=\"elementor-element elementor-element-c6a447b elementor-widget elementor-widget-text-editor\" data-id=\"c6a447b\" data-element_type=\"widget\" data-widget_type=\"text-editor.default\">\n\t\t\t\t\t\t\t\t\t<p>Kev\u00e9s a t\u0151k\u00e9je a keresked\u00e9shez?<\/p>\t\t\t\t\t\t\t\t<\/div>\n\t\t\t\t<div class=\"elementor-element elementor-element-68168d7 elementor-widget elementor-widget-text-editor\" data-id=\"68168d7\" data-element_type=\"widget\" data-widget_type=\"text-editor.default\">\n\t\t\t\t\t\t\t\t\t<p class=\" translation-block\">Tudja meg, hogyan szerezhet <strong>100 000$<\/strong> kezel\u00e9si jogot egy <strong>Prop Firm<\/strong> vizsga sikeres teljes\u00edt\u00e9s\u00e9vel.<\/p>\t\t\t\t\t\t\t\t<\/div>\n\t\t\t\t<div class=\"elementor-element elementor-element-d68c02c elementor-widget__width-initial elementor-widget elementor-widget-heading\" data-id=\"d68c02c\" data-element_type=\"widget\" data-widget_type=\"heading.default\">\n\t\t\t\t\t<span class=\"elementor-heading-title elementor-size-default\"><a href=\"https:\/\/mister.forex\/hu\/prop-firm-trading-guide-get-funded\/\">R\u00e9szletek<\/a><\/span>\t\t\t\t<\/div>\n\t\t\t\t<\/div>\n\t\t\t\t\t<\/div>\n\t\t\t\t<\/div>\n\t\t\t\t<\/div>","protected":false},"excerpt":{"rendered":"<p>Fedezze fel ingyenes forex \u00fatmutat\u00f3inkat. Piaci strukt\u00fara, pszichol\u00f3gia \u00e9s strat\u00e9gi\u00e1k \u2013 minden, ami a profiv\u00e1 v\u00e1l\u00e1shoz kell. Kezdje el a tanul\u00e1st most!<\/p>","protected":false},"author":1,"featured_media":57306,"parent":0,"menu_order":0,"comment_status":"closed","ping_status":"closed","template":"","meta":{"footnotes":""},"tags":[128],"class_list":["post-57287","page","type-page","status-publish","has-post-thumbnail","hentry","tag-no-google"],"_links":{"self":[{"href":"https:\/\/mister.forex\/hu\/wp-json\/wp\/v2\/pages\/57287","targetHints":{"allow":["GET"]}}],"collection":[{"href":"https:\/\/mister.forex\/hu\/wp-json\/wp\/v2\/pages"}],"about":[{"href":"https:\/\/mister.forex\/hu\/wp-json\/wp\/v2\/types\/page"}],"author":[{"embeddable":true,"href":"https:\/\/mister.forex\/hu\/wp-json\/wp\/v2\/users\/1"}],"replies":[{"embeddable":true,"href":"https:\/\/mister.forex\/hu\/wp-json\/wp\/v2\/comments?post=57287"}],"version-history":[{"count":27,"href":"https:\/\/mister.forex\/hu\/wp-json\/wp\/v2\/pages\/57287\/revisions"}],"predecessor-version":[{"id":70679,"href":"https:\/\/mister.forex\/hu\/wp-json\/wp\/v2\/pages\/57287\/revisions\/70679"}],"wp:featuredmedia":[{"embeddable":true,"href":"https:\/\/mister.forex\/hu\/wp-json\/wp\/v2\/media\/57306"}],"wp:attachment":[{"href":"https:\/\/mister.forex\/hu\/wp-json\/wp\/v2\/media?parent=57287"}],"wp:term":[{"taxonomy":"post_tag","embeddable":true,"href":"https:\/\/mister.forex\/hu\/wp-json\/wp\/v2\/tags?post=57287"}],"curies":[{"name":"wp","href":"https:\/\/api.w.org\/{rel}","templated":true}]}}