{"id":57343,"date":"2025-08-10T20:01:39","date_gmt":"2025-08-10T12:01:39","guid":{"rendered":"http:\/\/test.swqi.tw\/?page_id=57343"},"modified":"2025-12-03T03:34:46","modified_gmt":"2025-12-02T19:34:46","slug":"forex-market-structure-101","status":"publish","type":"page","link":"https:\/\/mister.forex\/hu\/forex-market-structure-101\/","title":{"rendered":"A devizapiac szerkezete:&nbsp;Ingyenes e-k\u00f6nyv let\u00f6lt\u00e9se | Mr.Forex"},"content":{"rendered":"<div data-elementor-type=\"wp-page\" data-elementor-id=\"57343\" class=\"elementor elementor-57343\" data-elementor-post-type=\"page\">\n\t\t\t\t<div class=\"elementor-element elementor-element-67805e7 e-flex e-con-boxed e-con e-parent\" data-id=\"67805e7\" data-element_type=\"container\">\n\t\t\t\t\t<div class=\"e-con-inner\">\n\t\t\t\t<div class=\"elementor-element elementor-element-1150040 elementor-icon-list--layout-inline elementor-list-item-link-inline elementor-widget elementor-widget-icon-list\" data-id=\"1150040\" data-element_type=\"widget\" data-widget_type=\"icon-list.default\">\n\t\t\t\t\t\t\t<ul class=\"elementor-icon-list-items elementor-inline-items\">\n\t\t\t\t\t\t\t<li class=\"elementor-icon-list-item elementor-inline-item\">\n\t\t\t\t\t\t\t\t\t\t\t<a href=\"https:\/\/mister.forex\/hu\/ebook-hub\/\">\n\n\t\t\t\t\t\t\t\t\t\t\t\t<span class=\"elementor-icon-list-icon\">\n\t\t\t\t\t\t\t<svg aria-hidden=\"true\" class=\"e-font-icon-svg e-fas-reply\" viewbox=\"0 0 512 512\" xmlns=\"http:\/\/www.w3.org\/2000\/svg\"><path d=\"M8.309 189.836L184.313 37.851C199.719 24.546 224 35.347 224 56.015v80.053c160.629 1.839 288 34.032 288 186.258 0 61.441-39.581 122.309-83.333 154.132-13.653 9.931-33.111-2.533-28.077-18.631 45.344-145.012-21.507-183.51-176.59-185.742V360c0 20.7-24.3 31.453-39.687 18.164l-176.004-152c-11.071-9.562-11.086-26.753 0-36.328z\"><\/path><\/svg>\t\t\t\t\t\t<\/span>\n\t\t\t\t\t\t\t\t\t\t<span class=\"elementor-icon-list-text\">El\u0151z\u0151 oldal<\/span>\n\t\t\t\t\t\t\t\t\t\t\t<\/a>\n\t\t\t\t\t\t\t\t\t<\/li>\n\t\t\t\t\t\t<\/ul>\n\t\t\t\t\t\t<\/div>\n\t\t\t\t\t<\/div>\n\t\t\t\t<\/div>\n\t\t<div class=\"elementor-element elementor-element-73c6844 e-flex e-con-boxed e-con e-parent\" data-id=\"73c6844\" data-element_type=\"container\" data-settings=\"{&quot;background_background&quot;:&quot;classic&quot;}\">\n\t\t\t\t\t<div class=\"e-con-inner\">\n\t\t<div class=\"elementor-element elementor-element-78b05d9 e-con-full e-flex e-con e-child\" data-id=\"78b05d9\" data-element_type=\"container\" data-settings=\"{&quot;background_background&quot;:&quot;classic&quot;}\">\n\t\t\t\t<div class=\"elementor-element elementor-element-de85dcd elementor-widget elementor-widget-image\" data-id=\"de85dcd\" data-element_type=\"widget\" data-settings=\"{&quot;_animation&quot;:&quot;none&quot;}\" data-widget_type=\"image.default\">\n\t\t\t\t\t\t\t\t\t\t\t\t\t\t\t<img fetchpriority=\"high\" decoding=\"async\" width=\"188\" height=\"300\" src=\"https:\/\/mister.forex\/wp-content\/uploads\/2025\/08\/Book-1-Mockup-EN.webp\" class=\"attachment-thumbnail size-thumbnail wp-image-57291\" alt=\"A devizapiac szerkezete\" srcset=\"https:\/\/mister.forex\/wp-content\/uploads\/2025\/08\/Book-1-Mockup-EN.webp 1410w, https:\/\/mister.forex\/wp-content\/uploads\/2025\/08\/Book-1-Mockup-EN-313x500.webp 313w, https:\/\/mister.forex\/wp-content\/uploads\/2025\/08\/Book-1-Mockup-EN-752x1200.webp 752w, https:\/\/mister.forex\/wp-content\/uploads\/2025\/08\/Book-1-Mockup-EN-188x300.webp 188w, https:\/\/mister.forex\/wp-content\/uploads\/2025\/08\/Book-1-Mockup-EN-768x1226.webp 768w, https:\/\/mister.forex\/wp-content\/uploads\/2025\/08\/Book-1-Mockup-EN-963x1536.webp 963w, https:\/\/mister.forex\/wp-content\/uploads\/2025\/08\/Book-1-Mockup-EN-1283x2048.webp 1283w, https:\/\/mister.forex\/wp-content\/uploads\/2025\/08\/Book-1-Mockup-EN-8x12.webp 8w, https:\/\/mister.forex\/wp-content\/uploads\/2025\/08\/Book-1-Mockup-EN-600x957.webp 600w\" sizes=\"(max-width: 188px) 100vw, 188px\" \/>\t\t\t\t\t\t\t\t\t\t\t\t\t\t\t<\/div>\n\t\t\t\t<div class=\"elementor-element elementor-element-b2d0fcb elementor-align-center elementor-widget elementor-widget-button\" data-id=\"b2d0fcb\" data-element_type=\"widget\" data-widget_type=\"button.default\">\n\t\t\t\t\t\t\t\t\t\t<a class=\"elementor-button elementor-button-link elementor-size-sm\" href=\"https:\/\/1drv.ms\/f\/c\/7c6c551c74c8b8b2\/EgQPKr9lq_JHr6c0ivFHwV8Blty7mnnxYcMKsLlHwFaHaw?e=VWE8uf\" target=\"_blank\" rel=\"noopener\">\n\t\t\t\t\t\t<span class=\"elementor-button-content-wrapper\">\n\t\t\t\t\t\t\t\t\t<span class=\"elementor-button-text\">Let\u00f6lt\u00e9s most<\/span>\n\t\t\t\t\t<\/span>\n\t\t\t\t\t<\/a>\n\t\t\t\t\t\t\t\t<\/div>\n\t\t\t\t<div class=\"elementor-element elementor-element-18919db elementor-widget elementor-widget-heading\" data-id=\"18919db\" data-element_type=\"widget\" data-widget_type=\"heading.default\">\n\t\t\t\t\t<span class=\"elementor-heading-title elementor-size-default\">T\u00e1mogatott nyelvek<\/span>\t\t\t\t<\/div>\n\t\t<div class=\"elementor-element elementor-element-74d7abe e-con-full e-flex e-con e-child\" data-id=\"74d7abe\" data-element_type=\"container\">\n\t\t\t\t<div class=\"elementor-element elementor-element-174c14a elementor-align-center elementor-widget elementor-widget-button\" data-id=\"174c14a\" data-element_type=\"widget\" data-widget_type=\"button.default\">\n\t\t\t\t\t\t\t\t\t\t<a class=\"elementor-button elementor-size-sm\" role=\"button\">\n\t\t\t\t\t\t<span class=\"elementor-button-content-wrapper\">\n\t\t\t\t\t\t\t\t\t<span class=\"elementor-button-text\">\u7b80\u4f53\u4e2d\u6587<\/span>\n\t\t\t\t\t<\/span>\n\t\t\t\t\t<\/a>\n\t\t\t\t\t\t\t\t<\/div>\n\t\t\t\t<div class=\"elementor-element elementor-element-4f640e0 elementor-align-center elementor-widget elementor-widget-button\" data-id=\"4f640e0\" data-element_type=\"widget\" data-widget_type=\"button.default\">\n\t\t\t\t\t\t\t\t\t\t<a class=\"elementor-button elementor-size-sm\" role=\"button\">\n\t\t\t\t\t\t<span class=\"elementor-button-content-wrapper\">\n\t\t\t\t\t\t\t\t\t<span class=\"elementor-button-text\">\u7e41\u9ad4\u4e2d\u6587<\/span>\n\t\t\t\t\t<\/span>\n\t\t\t\t\t<\/a>\n\t\t\t\t\t\t\t\t<\/div>\n\t\t\t\t<div class=\"elementor-element elementor-element-f5d914d elementor-align-center elementor-widget elementor-widget-button\" data-id=\"f5d914d\" data-element_type=\"widget\" data-widget_type=\"button.default\">\n\t\t\t\t\t\t\t\t\t\t<a class=\"elementor-button elementor-size-sm\" role=\"button\">\n\t\t\t\t\t\t<span class=\"elementor-button-content-wrapper\">\n\t\t\t\t\t\t\t\t\t<span class=\"elementor-button-text\">English<\/span>\n\t\t\t\t\t<\/span>\n\t\t\t\t\t<\/a>\n\t\t\t\t\t\t\t\t<\/div>\n\t\t\t\t<\/div>\n\t\t\t\t<\/div>\n\t\t<div class=\"elementor-element elementor-element-1c29e47 e-con-full e-flex e-con e-child\" data-id=\"1c29e47\" data-element_type=\"container\" data-settings=\"{&quot;background_background&quot;:&quot;classic&quot;}\">\n\t\t<div class=\"elementor-element elementor-element-1a75d62 e-con-full e-flex e-con e-child\" data-id=\"1a75d62\" data-element_type=\"container\">\n\t\t\t\t<div class=\"elementor-element elementor-element-ff219a2 elementor-widget elementor-widget-heading\" data-id=\"ff219a2\" data-element_type=\"widget\" data-widget_type=\"heading.default\">\n\t\t\t\t\t<h2 class=\"elementor-heading-title elementor-size-default\">A devizapiac szerkezete<\/h2>\t\t\t\t<\/div>\n\t\t\t\t<div class=\"elementor-element elementor-element-ba1b765 elementor-widget elementor-widget-heading\" data-id=\"ba1b765\" data-element_type=\"widget\" data-widget_type=\"heading.default\">\n\t\t\t\t\t<h3 class=\"elementor-heading-title elementor-size-default\">B\u00facs\u00fat intve a tal\u00e1lgat\u00f3 piaci mozg\u00e1soknak! T\u00f6ltse le most ezt az ingyenes \u00fatmutat\u00f3t, \u00e9s saj\u00e1t\u00edtsa el a profi keresked\u0151k \u00e1ltal haszn\u00e1lt \u201epiaci strukt\u00fara\u201d elemz\u00e9si m\u00f3dszert.<\/h3>\t\t\t\t<\/div>\n\t\t\t\t<div class=\"elementor-element elementor-element-8cec964 elementor-widget elementor-widget-heading\" data-id=\"8cec964\" data-element_type=\"widget\" data-widget_type=\"heading.default\">\n\t\t\t\t\t<h3 class=\"elementor-heading-title elementor-size-default\">Kifejezetten kezd\u0151 keresked\u0151k sz\u00e1m\u00e1ra tervezve, l\u00e9p\u00e9sr\u0151l l\u00e9p\u00e9sre megtan\u00edtjuk \u00d6nnek, hogyan \u00e9rtse meg a trendeket, azonos\u00edtsa a kulcsfontoss\u00e1g\u00fa fordul\u00f3pontokat, \u00e9s er\u0151s elemz\u00e9si alapot \u00e9p\u00edtsen keresked\u00e9se sz\u00e1m\u00e1ra.<\/h3>\t\t\t\t<\/div>\n\t\t\t\t<div class=\"elementor-element elementor-element-960527b elementor-widget-divider--view-line elementor-widget elementor-widget-divider\" data-id=\"960527b\" data-element_type=\"widget\" data-widget_type=\"divider.default\">\n\t\t\t\t\t\t\t<div class=\"elementor-divider\">\n\t\t\t<span class=\"elementor-divider-separator\">\n\t\t\t\t\t\t<\/span>\n\t\t<\/div>\n\t\t\t\t\t\t<\/div>\n\t\t\t\t<\/div>\n\t\t\t\t<div class=\"elementor-element elementor-element-e24f4fc elementor-widget elementor-widget-html translation-block\" data-id=\"e24f4fc\" data-element_type=\"widget\" data-widget_type=\"html.default\"><div style=\"16px\"><span>\r\n<h3><strong>\u00d6n is szembes\u00fclt m\u00e1r ezekkel a neh\u00e9zs\u00e9gekkel?<\/strong>&nbsp;<\/h3>\r\n<ul>\r\n <li>N\u00e9zi a K vonaldiagramot, ahogy fel-le mozog, de egy\u00e1ltal\u00e1n nem tal\u00e1lja az ir\u00e1nyt?<\/li>\r\n <li>M\u00e1sokat hall, amint a HH, LL, BOS, CHOCH kifejez\u00e9sekr\u0151l besz\u00e9lnek, \u00e9s \u00fagy \u00e9rzi, mintha idegen nyelvet hallana?<\/li>\r\n <li>A keresked\u00e9si d\u00f6nt\u00e9seit ink\u00e1bb \u00e9rz\u00e9sekre \u00e9s rem\u00e9nyekre alapozza, nem pedig objekt\u00edv elemz\u00e9sre?<\/li>\r\n<\/ul>\r\n<br>\r\n\r\n<!-- Section:&nbsp;Megold\u00e1s \u00e9s \u00e1talakul\u00e1s (Solution &amp; Transformation) -->\r\n<h3><strong>A piac szerkezet\u00e9nek meg\u00e9rt\u00e9se az els\u0151 fordul\u00f3pont a keresked\u00e9si p\u00e1lyafut\u00e1s\u00e1ban<\/strong>&nbsp;<\/h3>\r\nA zavaros grafikonok m\u00f6g\u00f6tt val\u00f3j\u00e1ban vil\u00e1gos rend rejt\u0151zik.<br>\r\nEz az ingyenes \u201eA devizapiac szerkezete\u201d \u00fatmutat\u00f3 \u00e9ppen ezt a piac\u00e9rtelmez\u00e9si nyelvet tan\u00edtja meg \u00d6nnek rendszerezett form\u00e1ban.<br>\r\n<br>\r\n<h4><strong>A k\u00f6nyv elolvas\u00e1sa ut\u00e1n k\u00e9pes lesz arra, hogy:<\/strong>&nbsp;<\/h4>\r\n<ul>\r\n <li><strong>Vil\u00e1gosan meg\u00edt\u00e9lje a trendet:<\/strong>&nbsp;Egy pillant\u00e1ssal felismeri, hogy jelenleg a vev\u0151k vagy az elad\u00f3k uralj\u00e1k-e a piacot.<\/li>\r\n <li><strong>Azonos\u00edtsa a kulcsfontoss\u00e1g\u00fa jeleket:<\/strong>&nbsp;Megtanulja, hogyan haszn\u00e1lja a BOS \u00e9s CHOCH jeleket a trend folytat\u00e1s\u00e1nak vagy lehets\u00e9ges fordulat\u00e1nak felismer\u00e9s\u00e9re.<\/li>\r\n <li><strong>Elemz\u00e9si keretrendszert \u00e9p\u00edtsen ki:<\/strong>&nbsp;Olyan objekt\u00edv elemz\u00e9si folyamatot saj\u00e1t\u00edt el, amely b\u00e1rmely piacon alkalmazhat\u00f3.<\/li>\r\n<\/ul>\r\n<br>\r\n\r\n<!-- Section:&nbsp;Elektronikus k\u00f6nyv tartalom el\u0151n\u00e9zet (What's Inside) -->\r\n<h4><strong>Ebben az \u00fatmutat\u00f3ban megtanulja:<\/strong>&nbsp;<\/h4>\r\n<ol>\r\n <li><strong>Els\u0151 fejezet:<\/strong>&nbsp;A piac h\u00e1rom alapvet\u0151 \u00e1llapota:&nbsp;emelked\u0151, cs\u00f6kken\u0151 \u00e9s oldalaz\u00f3<\/li>\r\n <li><strong>M\u00e1sodik fejezet:<\/strong>&nbsp;A trend meger\u0151s\u00edt\u00e9s\u00e9nek k\u00e9t kulcsfontoss\u00e1g\u00fa jele:&nbsp;BOS \u00e9s CHOCH<\/li>\r\n <li><strong>Harmadik fejezet:<\/strong>&nbsp;Gyakorlati p\u00e9ld\u00e1k:&nbsp;h\u00e1rom l\u00e9p\u00e9sben rajzolja meg saj\u00e1t piacszerkezeti \u00e1br\u00e1j\u00e1t<\/li>\r\n<\/ol>\r\n<\/span><\/div><\/div>\n\t\t\t\t<\/div>\n\t\t\t\t\t<\/div>\n\t\t\t\t<\/div>\n\t\t\t\t<\/div>","protected":false},"excerpt":{"rendered":"<p>Szeretn\u00e9 meg\u00e9rteni a K-vonal diagram trendjeit, \u00e9s nem csak meg\u00e9rz\u00e9sekre hagyatkozni a keresked\u00e9s sor\u00e1n? T\u00f6ltse le ingyenes \u201eA devizapiac szerkezete\u201d e-k\u00f6nyv\u00fcnket, \u00e9s tanulja meg a profi keresked\u0151k \u00e1ltal haszn\u00e1lt elemz\u00e9si m\u00f3dszereket, a HH\/LL-t\u0151l a BOS\/CHOCH-ig, l\u00e9p\u00e9sr\u0151l l\u00e9p\u00e9sre vezetj\u00fck \u00d6nt a elsaj\u00e1t\u00edt\u00e1sban.<\/p>","protected":false},"author":1,"featured_media":57402,"parent":0,"menu_order":0,"comment_status":"closed","ping_status":"closed","template":"","meta":{"footnotes":""},"tags":[128],"class_list":["post-57343","page","type-page","status-publish","has-post-thumbnail","hentry","tag-no-google"],"_links":{"self":[{"href":"https:\/\/mister.forex\/hu\/wp-json\/wp\/v2\/pages\/57343","targetHints":{"allow":["GET"]}}],"collection":[{"href":"https:\/\/mister.forex\/hu\/wp-json\/wp\/v2\/pages"}],"about":[{"href":"https:\/\/mister.forex\/hu\/wp-json\/wp\/v2\/types\/page"}],"author":[{"embeddable":true,"href":"https:\/\/mister.forex\/hu\/wp-json\/wp\/v2\/users\/1"}],"replies":[{"embeddable":true,"href":"https:\/\/mister.forex\/hu\/wp-json\/wp\/v2\/comments?post=57343"}],"version-history":[{"count":0,"href":"https:\/\/mister.forex\/hu\/wp-json\/wp\/v2\/pages\/57343\/revisions"}],"wp:featuredmedia":[{"embeddable":true,"href":"https:\/\/mister.forex\/hu\/wp-json\/wp\/v2\/media\/57402"}],"wp:attachment":[{"href":"https:\/\/mister.forex\/hu\/wp-json\/wp\/v2\/media?parent=57343"}],"wp:term":[{"taxonomy":"post_tag","embeddable":true,"href":"https:\/\/mister.forex\/hu\/wp-json\/wp\/v2\/tags?post=57343"}],"curies":[{"name":"wp","href":"https:\/\/api.w.org\/{rel}","templated":true}]}}