{"id":57412,"date":"2025-08-10T21:56:08","date_gmt":"2025-08-10T13:56:08","guid":{"rendered":"http:\/\/test.swqi.tw\/?page_id=57412"},"modified":"2025-12-03T03:33:50","modified_gmt":"2025-12-02T19:33:50","slug":"your-first-trading-plan","status":"publish","type":"page","link":"https:\/\/mister.forex\/hu\/your-first-trading-plan\/","title":{"rendered":"Az \u00d6n keresked\u00e9si terve:&nbsp;Ingyenes e-k\u00f6nyv let\u00f6lt\u00e9se | Mr.Forex"},"content":{"rendered":"<div data-elementor-type=\"wp-page\" data-elementor-id=\"57412\" class=\"elementor elementor-57412\" data-elementor-post-type=\"page\">\n\t\t\t\t<div class=\"elementor-element elementor-element-55c5bbf e-flex e-con-boxed e-con e-parent\" data-id=\"55c5bbf\" data-element_type=\"container\">\n\t\t\t\t\t<div class=\"e-con-inner\">\n\t\t\t\t<div class=\"elementor-element elementor-element-f726aa8 elementor-icon-list--layout-inline elementor-list-item-link-inline elementor-widget elementor-widget-icon-list\" data-id=\"f726aa8\" data-element_type=\"widget\" data-widget_type=\"icon-list.default\">\n\t\t\t\t\t\t\t<ul class=\"elementor-icon-list-items elementor-inline-items\">\n\t\t\t\t\t\t\t<li class=\"elementor-icon-list-item elementor-inline-item\">\n\t\t\t\t\t\t\t\t\t\t\t<a href=\"https:\/\/mister.forex\/hu\/ebook-hub\/\">\n\n\t\t\t\t\t\t\t\t\t\t\t\t<span class=\"elementor-icon-list-icon\">\n\t\t\t\t\t\t\t<svg aria-hidden=\"true\" class=\"e-font-icon-svg e-fas-reply\" viewbox=\"0 0 512 512\" xmlns=\"http:\/\/www.w3.org\/2000\/svg\"><path d=\"M8.309 189.836L184.313 37.851C199.719 24.546 224 35.347 224 56.015v80.053c160.629 1.839 288 34.032 288 186.258 0 61.441-39.581 122.309-83.333 154.132-13.653 9.931-33.111-2.533-28.077-18.631 45.344-145.012-21.507-183.51-176.59-185.742V360c0 20.7-24.3 31.453-39.687 18.164l-176.004-152c-11.071-9.562-11.086-26.753 0-36.328z\"><\/path><\/svg>\t\t\t\t\t\t<\/span>\n\t\t\t\t\t\t\t\t\t\t<span class=\"elementor-icon-list-text\">El\u0151z\u0151 oldal<\/span>\n\t\t\t\t\t\t\t\t\t\t\t<\/a>\n\t\t\t\t\t\t\t\t\t<\/li>\n\t\t\t\t\t\t<\/ul>\n\t\t\t\t\t\t<\/div>\n\t\t\t\t\t<\/div>\n\t\t\t\t<\/div>\n\t\t<div class=\"elementor-element elementor-element-7e1da9a e-flex e-con-boxed e-con e-parent\" data-id=\"7e1da9a\" data-element_type=\"container\" data-settings=\"{&quot;background_background&quot;:&quot;classic&quot;}\">\n\t\t\t\t\t<div class=\"e-con-inner\">\n\t\t<div class=\"elementor-element elementor-element-a372f93 e-con-full e-flex e-con e-child\" data-id=\"a372f93\" data-element_type=\"container\" data-settings=\"{&quot;background_background&quot;:&quot;classic&quot;}\">\n\t\t\t\t<div class=\"elementor-element elementor-element-13e00e6 elementor-widget elementor-widget-image\" data-id=\"13e00e6\" data-element_type=\"widget\" data-settings=\"{&quot;_animation&quot;:&quot;none&quot;}\" data-widget_type=\"image.default\">\n\t\t\t\t\t\t\t\t\t\t\t\t\t\t\t<img fetchpriority=\"high\" decoding=\"async\" width=\"188\" height=\"300\" src=\"https:\/\/mister.forex\/wp-content\/uploads\/2025\/08\/Book-2-Mockup-EN.webp\" class=\"attachment-thumbnail size-thumbnail wp-image-57294\" alt=\"Az \u00d6n keresked\u00e9si terve\" srcset=\"https:\/\/mister.forex\/wp-content\/uploads\/2025\/08\/Book-2-Mockup-EN.webp 1410w, https:\/\/mister.forex\/wp-content\/uploads\/2025\/08\/Book-2-Mockup-EN-313x500.webp 313w, https:\/\/mister.forex\/wp-content\/uploads\/2025\/08\/Book-2-Mockup-EN-752x1200.webp 752w, https:\/\/mister.forex\/wp-content\/uploads\/2025\/08\/Book-2-Mockup-EN-188x300.webp 188w, https:\/\/mister.forex\/wp-content\/uploads\/2025\/08\/Book-2-Mockup-EN-768x1226.webp 768w, https:\/\/mister.forex\/wp-content\/uploads\/2025\/08\/Book-2-Mockup-EN-963x1536.webp 963w, https:\/\/mister.forex\/wp-content\/uploads\/2025\/08\/Book-2-Mockup-EN-1283x2048.webp 1283w, https:\/\/mister.forex\/wp-content\/uploads\/2025\/08\/Book-2-Mockup-EN-8x12.webp 8w, https:\/\/mister.forex\/wp-content\/uploads\/2025\/08\/Book-2-Mockup-EN-600x957.webp 600w\" sizes=\"(max-width: 188px) 100vw, 188px\" \/>\t\t\t\t\t\t\t\t\t\t\t\t\t\t\t<\/div>\n\t\t\t\t<div class=\"elementor-element elementor-element-796c6fa elementor-align-center elementor-widget elementor-widget-button\" data-id=\"796c6fa\" data-element_type=\"widget\" data-widget_type=\"button.default\">\n\t\t\t\t\t\t\t\t\t\t<a class=\"elementor-button elementor-button-link elementor-size-sm\" href=\"https:\/\/1drv.ms\/f\/c\/7c6c551c74c8b8b2\/Epgzj3OLLL9FrOujuRVQW5oBEQI00xiL_HtaDtjvaKkOiA?e=oSBYzx\" target=\"_blank\" rel=\"noopener\">\n\t\t\t\t\t\t<span class=\"elementor-button-content-wrapper\">\n\t\t\t\t\t\t\t\t\t<span class=\"elementor-button-text\">Let\u00f6lt\u00e9s most<\/span>\n\t\t\t\t\t<\/span>\n\t\t\t\t\t<\/a>\n\t\t\t\t\t\t\t\t<\/div>\n\t\t\t\t<div class=\"elementor-element elementor-element-a8f4ce8 elementor-widget elementor-widget-heading\" data-id=\"a8f4ce8\" data-element_type=\"widget\" data-widget_type=\"heading.default\">\n\t\t\t\t\t<span class=\"elementor-heading-title elementor-size-default\">T\u00e1mogatott nyelvek<\/span>\t\t\t\t<\/div>\n\t\t<div class=\"elementor-element elementor-element-db0673a e-con-full e-flex e-con e-child\" data-id=\"db0673a\" data-element_type=\"container\">\n\t\t\t\t<div class=\"elementor-element elementor-element-6318b23 elementor-align-center elementor-widget elementor-widget-button\" data-id=\"6318b23\" data-element_type=\"widget\" data-widget_type=\"button.default\">\n\t\t\t\t\t\t\t\t\t\t<a class=\"elementor-button elementor-size-sm\" role=\"button\">\n\t\t\t\t\t\t<span class=\"elementor-button-content-wrapper\">\n\t\t\t\t\t\t\t\t\t<span class=\"elementor-button-text\">\u7b80\u4f53\u4e2d\u6587<\/span>\n\t\t\t\t\t<\/span>\n\t\t\t\t\t<\/a>\n\t\t\t\t\t\t\t\t<\/div>\n\t\t\t\t<div class=\"elementor-element elementor-element-e616a5d elementor-align-center elementor-widget elementor-widget-button\" data-id=\"e616a5d\" data-element_type=\"widget\" data-widget_type=\"button.default\">\n\t\t\t\t\t\t\t\t\t\t<a class=\"elementor-button elementor-size-sm\" role=\"button\">\n\t\t\t\t\t\t<span class=\"elementor-button-content-wrapper\">\n\t\t\t\t\t\t\t\t\t<span class=\"elementor-button-text\">\u7e41\u9ad4\u4e2d\u6587<\/span>\n\t\t\t\t\t<\/span>\n\t\t\t\t\t<\/a>\n\t\t\t\t\t\t\t\t<\/div>\n\t\t\t\t<div class=\"elementor-element elementor-element-451970b elementor-align-center elementor-widget elementor-widget-button\" data-id=\"451970b\" data-element_type=\"widget\" data-widget_type=\"button.default\">\n\t\t\t\t\t\t\t\t\t\t<a class=\"elementor-button elementor-size-sm\" role=\"button\">\n\t\t\t\t\t\t<span class=\"elementor-button-content-wrapper\">\n\t\t\t\t\t\t\t\t\t<span class=\"elementor-button-text\">English<\/span>\n\t\t\t\t\t<\/span>\n\t\t\t\t\t<\/a>\n\t\t\t\t\t\t\t\t<\/div>\n\t\t\t\t<\/div>\n\t\t\t\t<\/div>\n\t\t<div class=\"elementor-element elementor-element-0bfee77 e-con-full e-flex e-con e-child\" data-id=\"0bfee77\" data-element_type=\"container\" data-settings=\"{&quot;background_background&quot;:&quot;classic&quot;}\">\n\t\t<div class=\"elementor-element elementor-element-72b4f33 e-con-full e-flex e-con e-child\" data-id=\"72b4f33\" data-element_type=\"container\">\n\t\t\t\t<div class=\"elementor-element elementor-element-a784f62 elementor-widget elementor-widget-heading\" data-id=\"a784f62\" data-element_type=\"widget\" data-widget_type=\"heading.default\">\n\t\t\t\t\t<h2 class=\"elementor-heading-title elementor-size-default\">Az \u00d6n keresked\u00e9si terve<\/h2>\t\t\t\t<\/div>\n\t\t\t\t<div class=\"elementor-element elementor-element-d8fe0e1 elementor-widget elementor-widget-heading\" data-id=\"d8fe0e1\" data-element_type=\"widget\" data-widget_type=\"heading.default\">\n\t\t\t\t\t<h3 class=\"elementor-heading-title elementor-size-default\">\u00c1ll\u00edtsa le a v\u00e9letlenszer\u0171 keresked\u00e9st! Szerezze be ingyen ezt a gyakorlati mint\u00e1t, \u00e9s k\u00e9sz\u00edtse el els\u0151 profi keresked\u00e9si terv\u00e9t.<\/h3>\t\t\t\t<\/div>\n\t\t\t\t<div class=\"elementor-element elementor-element-e3d5154 elementor-widget elementor-widget-heading\" data-id=\"e3d5154\" data-element_type=\"widget\" data-widget_type=\"heading.default\">\n\t\t\t\t\t<h3 class=\"elementor-heading-title elementor-size-default\">Ez az \u00fatmutat\u00f3 seg\u00edt \u00d6nnek c\u00e9lokat meghat\u00e1rozni, szab\u00e1lyokat fel\u00e1ll\u00edtani, kock\u00e1zatokat kezelni, \u00e9s \u00e1talak\u00edtani keresked\u00e9s\u00e9t a kaotikus szerencsej\u00e1t\u00e9kr\u00f3l egy fegyelmezett v\u00e1llalkoz\u00e1ss\u00e1.<\/h3>\t\t\t\t<\/div>\n\t\t\t\t<div class=\"elementor-element elementor-element-04256c5 elementor-widget-divider--view-line elementor-widget elementor-widget-divider\" data-id=\"04256c5\" data-element_type=\"widget\" data-widget_type=\"divider.default\">\n\t\t\t\t\t\t\t<div class=\"elementor-divider\">\n\t\t\t<span class=\"elementor-divider-separator\">\n\t\t\t\t\t\t<\/span>\n\t\t<\/div>\n\t\t\t\t\t\t<\/div>\n\t\t\t\t<\/div>\n\t\t\t\t<div class=\"elementor-element elementor-element-3a37ac6 elementor-widget elementor-widget-html translation-block\" data-id=\"3a37ac6\" data-element_type=\"widget\" data-widget_type=\"html.default\"><div style=\"16px\"><span>\r\n<h3><strong>Az \u00d6n keresked\u00e9se is rendszer n\u00e9lk\u00fcl zajlik?<\/strong>&nbsp;<\/h3>\r\n<ul>\r\n <li>Gyakran l\u00e9p be impulz\u00edvan a piacra, an\u00e9lk\u00fcl, hogy egy\u00e9rtelm\u0171 kil\u00e9p\u00e9si strat\u00e9gi\u00e1ja lenne?<\/li>\r\n <li>El\u0151fordult m\u00e1r, hogy egy-k\u00e9t v\u00e1ratlan vesztes\u00e9g miatt elvesz\u00edtette az \u00f6sszes kor\u00e1bbi nyeres\u00e9g\u00e9t?<\/li>\r\n <li>A keresked\u00e9s lez\u00e1r\u00e1sa ut\u00e1n nem tudja objekt\u00edven meg\u00edt\u00e9lni, hogy d\u00f6nt\u00e9se helyes volt-e vagy sem?<\/li>\r\n<\/ul>\r\n<br>\r\n\r\n<!-- Section:&nbsp;Megold\u00e1s \u00e9s \u00e1talakul\u00e1s (Solution &amp; Transformation) -->\r\n<h3><strong>Terv n\u00e9lk\u00fcli keresked\u00e9s a kudarc tervez\u00e9se<\/strong>&nbsp;<\/h3>\r\nA profi \u00e9s az amat\u0151r k\u00f6z\u00f6tti legnagyobb k\u00fcl\u00f6nbs\u00e9g abban rejlik, hogy van-e \u00edr\u00e1sos, v\u00e9grehajthat\u00f3 terve.<br>\r\nEz az \u300aAz \u00d6n keresked\u00e9si terve\u300b egy egyszer\u0171 keretet ad, amely seg\u00edt \u00d6nnek saj\u00e1t kez\u0171leg megalkotni ezt a tervet.<br>\r\n<br>\r\n<h4><strong>A k\u00f6nyv gyakorlatait elv\u00e9gezve egy teljes tervet kap, amely tartalmazza a k\u00f6vetkez\u0151ket:<\/strong>&nbsp;<\/h4>\r\n<ul>\r\n <li><strong>Konkr\u00e9t keresked\u00e9si c\u00e9lok:<\/strong>&nbsp;Az elmos\u00f3dott v\u00e1gyakat v\u00e9grehajthat\u00f3 l\u00e9p\u00e9sekk\u00e9 alak\u00edtja.<\/li>\r\n <li><strong>Objekt\u00edv keresked\u00e9si szab\u00e1lyok:<\/strong>&nbsp;Vil\u00e1gosan meghat\u00e1rozza a bel\u00e9p\u00e9si, kil\u00e9p\u00e9si \u00e9s stop-loss felt\u00e9teleit.<\/li>\r\n <li><strong>Stabil kock\u00e1zatkezel\u00e9s:<\/strong>&nbsp;Megtanulja megv\u00e9deni t\u0151k\u00e9j\u00e9t, biztos\u00edtva a hossz\u00fa t\u00e1v\u00fa fennmarad\u00e1st.<\/li>\r\n<\/ul>\r\n<br>\r\n\r\n<!-- Section:&nbsp;Elektronikus k\u00f6nyv tartalom el\u0151n\u00e9zet (What's Inside) -->\r\n<h4><strong>Ebben az \u00fatmutat\u00f3ban a k\u00f6vetkez\u0151ket fogja elk\u00e9sz\u00edteni:<\/strong>&nbsp;<\/h4>\r\n<ol>\r\n <li><strong>Els\u0151 fejezet:<\/strong>&nbsp;Keresked\u00e9si c\u00e9ljainak meghat\u00e1roz\u00e1sa (SMART elv) <\/li>\r\n <li><strong>M\u00e1sodik fejezet:<\/strong>&nbsp;F\u00f3kusz\u00e1l\u00e1s meghat\u00e1rozott piacokra \u00e9s eszk\u00f6z\u00f6kre<\/li>\r\n <li><strong>Harmadik fejezet:<\/strong>&nbsp;Keresked\u00e9si szab\u00e1lyainak kialak\u00edt\u00e1sa:&nbsp;bel\u00e9p\u00e9s, kil\u00e9p\u00e9s \u00e9s stop-loss<\/li>\r\n <li><strong>Negyedik fejezet:<\/strong>&nbsp;Kock\u00e1zatkezel\u00e9s:&nbsp;keresked\u00e9si t\u0151k\u00e9je v\u00e9delme<\/li>\r\n<\/ol>\r\n<\/span><\/div><\/div>\n\t\t\t\t<\/div>\n\t\t\t\t\t<\/div>\n\t\t\t\t<\/div>\n\t\t\t\t<\/div>","protected":false},"excerpt":{"rendered":"<p>\u00c1ll\u00edtsa le a v\u00e9letlenszer\u0171 keresked\u00e9st! T\u00f6ltse le ingyenes \u201eAz \u00d6n keresked\u00e9si terve\u201d gyakorlati mint\u00e1nkat, tanulja meg, hogyan \u00e1ll\u00edtson be c\u00e9lokat, alak\u00edtson ki szab\u00e1lyokat \u00e9s kezelje a kock\u00e1zatokat, rendszerezze keresked\u00e9s\u00e9t, \u00e9s tegye meg az els\u0151 l\u00e9p\u00e9st a stabil nyeres\u00e9g fel\u00e9.<\/p>","protected":false},"author":1,"featured_media":57405,"parent":0,"menu_order":0,"comment_status":"closed","ping_status":"closed","template":"","meta":{"footnotes":""},"tags":[128],"class_list":["post-57412","page","type-page","status-publish","has-post-thumbnail","hentry","tag-no-google"],"_links":{"self":[{"href":"https:\/\/mister.forex\/hu\/wp-json\/wp\/v2\/pages\/57412","targetHints":{"allow":["GET"]}}],"collection":[{"href":"https:\/\/mister.forex\/hu\/wp-json\/wp\/v2\/pages"}],"about":[{"href":"https:\/\/mister.forex\/hu\/wp-json\/wp\/v2\/types\/page"}],"author":[{"embeddable":true,"href":"https:\/\/mister.forex\/hu\/wp-json\/wp\/v2\/users\/1"}],"replies":[{"embeddable":true,"href":"https:\/\/mister.forex\/hu\/wp-json\/wp\/v2\/comments?post=57412"}],"version-history":[{"count":0,"href":"https:\/\/mister.forex\/hu\/wp-json\/wp\/v2\/pages\/57412\/revisions"}],"wp:featuredmedia":[{"embeddable":true,"href":"https:\/\/mister.forex\/hu\/wp-json\/wp\/v2\/media\/57405"}],"wp:attachment":[{"href":"https:\/\/mister.forex\/hu\/wp-json\/wp\/v2\/media?parent=57412"}],"wp:term":[{"taxonomy":"post_tag","embeddable":true,"href":"https:\/\/mister.forex\/hu\/wp-json\/wp\/v2\/tags?post=57412"}],"curies":[{"name":"wp","href":"https:\/\/api.w.org\/{rel}","templated":true}]}}