{"id":57464,"date":"2025-08-10T22:11:57","date_gmt":"2025-08-10T14:11:57","guid":{"rendered":"http:\/\/test.swqi.tw\/?page_id=57464"},"modified":"2025-12-03T03:33:51","modified_gmt":"2025-12-02T19:33:51","slug":"overcome-5-psychological-traps","status":"publish","type":"page","link":"https:\/\/mister.forex\/hu\/overcome-5-psychological-traps\/","title":{"rendered":"5 gyakori pszichol\u00f3giai csapda lek\u00fczd\u00e9se:&nbsp;ingyenes e-k\u00f6nyv let\u00f6lt\u00e9se | Mr.Forex"},"content":{"rendered":"<div data-elementor-type=\"wp-page\" data-elementor-id=\"57464\" class=\"elementor elementor-57464\" data-elementor-post-type=\"page\">\n\t\t\t\t<div class=\"elementor-element elementor-element-d97b493 e-flex e-con-boxed e-con e-parent\" data-id=\"d97b493\" data-element_type=\"container\">\n\t\t\t\t\t<div class=\"e-con-inner\">\n\t\t\t\t<div class=\"elementor-element elementor-element-f60eab9 elementor-icon-list--layout-inline elementor-list-item-link-inline elementor-widget elementor-widget-icon-list\" data-id=\"f60eab9\" data-element_type=\"widget\" data-widget_type=\"icon-list.default\">\n\t\t\t\t\t\t\t<ul class=\"elementor-icon-list-items elementor-inline-items\">\n\t\t\t\t\t\t\t<li class=\"elementor-icon-list-item elementor-inline-item\">\n\t\t\t\t\t\t\t\t\t\t\t<a href=\"https:\/\/mister.forex\/hu\/ebook-hub\/\">\n\n\t\t\t\t\t\t\t\t\t\t\t\t<span class=\"elementor-icon-list-icon\">\n\t\t\t\t\t\t\t<svg aria-hidden=\"true\" class=\"e-font-icon-svg e-fas-reply\" viewbox=\"0 0 512 512\" xmlns=\"http:\/\/www.w3.org\/2000\/svg\"><path d=\"M8.309 189.836L184.313 37.851C199.719 24.546 224 35.347 224 56.015v80.053c160.629 1.839 288 34.032 288 186.258 0 61.441-39.581 122.309-83.333 154.132-13.653 9.931-33.111-2.533-28.077-18.631 45.344-145.012-21.507-183.51-176.59-185.742V360c0 20.7-24.3 31.453-39.687 18.164l-176.004-152c-11.071-9.562-11.086-26.753 0-36.328z\"><\/path><\/svg>\t\t\t\t\t\t<\/span>\n\t\t\t\t\t\t\t\t\t\t<span class=\"elementor-icon-list-text\">El\u0151z\u0151 oldal<\/span>\n\t\t\t\t\t\t\t\t\t\t\t<\/a>\n\t\t\t\t\t\t\t\t\t<\/li>\n\t\t\t\t\t\t<\/ul>\n\t\t\t\t\t\t<\/div>\n\t\t\t\t\t<\/div>\n\t\t\t\t<\/div>\n\t\t<div class=\"elementor-element elementor-element-3090bf1 e-flex e-con-boxed e-con e-parent\" data-id=\"3090bf1\" data-element_type=\"container\" data-settings=\"{&quot;background_background&quot;:&quot;classic&quot;}\">\n\t\t\t\t\t<div class=\"e-con-inner\">\n\t\t<div class=\"elementor-element elementor-element-0261845 e-con-full e-flex e-con e-child\" data-id=\"0261845\" data-element_type=\"container\" data-settings=\"{&quot;background_background&quot;:&quot;classic&quot;}\">\n\t\t\t\t<div class=\"elementor-element elementor-element-3fde205 elementor-widget elementor-widget-image\" data-id=\"3fde205\" data-element_type=\"widget\" data-settings=\"{&quot;_animation&quot;:&quot;none&quot;}\" data-widget_type=\"image.default\">\n\t\t\t\t\t\t\t\t\t\t\t\t\t\t\t<img fetchpriority=\"high\" decoding=\"async\" width=\"188\" height=\"300\" src=\"https:\/\/mister.forex\/wp-content\/uploads\/2025\/08\/Book-3-Mockup-EN.webp\" class=\"attachment-thumbnail size-thumbnail wp-image-57297\" alt=\"5 gyakori pszichol\u00f3giai csapda lek\u00fczd\u00e9se\" srcset=\"https:\/\/mister.forex\/wp-content\/uploads\/2025\/08\/Book-3-Mockup-EN.webp 1410w, https:\/\/mister.forex\/wp-content\/uploads\/2025\/08\/Book-3-Mockup-EN-313x500.webp 313w, https:\/\/mister.forex\/wp-content\/uploads\/2025\/08\/Book-3-Mockup-EN-752x1200.webp 752w, https:\/\/mister.forex\/wp-content\/uploads\/2025\/08\/Book-3-Mockup-EN-188x300.webp 188w, https:\/\/mister.forex\/wp-content\/uploads\/2025\/08\/Book-3-Mockup-EN-768x1226.webp 768w, https:\/\/mister.forex\/wp-content\/uploads\/2025\/08\/Book-3-Mockup-EN-963x1536.webp 963w, https:\/\/mister.forex\/wp-content\/uploads\/2025\/08\/Book-3-Mockup-EN-1283x2048.webp 1283w, https:\/\/mister.forex\/wp-content\/uploads\/2025\/08\/Book-3-Mockup-EN-8x12.webp 8w, https:\/\/mister.forex\/wp-content\/uploads\/2025\/08\/Book-3-Mockup-EN-600x957.webp 600w\" sizes=\"(max-width: 188px) 100vw, 188px\" \/>\t\t\t\t\t\t\t\t\t\t\t\t\t\t\t<\/div>\n\t\t\t\t<div class=\"elementor-element elementor-element-d4eeded elementor-align-center elementor-widget elementor-widget-button\" data-id=\"d4eeded\" data-element_type=\"widget\" data-widget_type=\"button.default\">\n\t\t\t\t\t\t\t\t\t\t<a class=\"elementor-button elementor-button-link elementor-size-sm\" href=\"https:\/\/1drv.ms\/f\/c\/7c6c551c74c8b8b2\/EgXL8oGw3CdFgHB4r64KTksB4KNOstV59YhWQgFCVsbmBg?e=nJM7ld\" target=\"_blank\" rel=\"noopener\">\n\t\t\t\t\t\t<span class=\"elementor-button-content-wrapper\">\n\t\t\t\t\t\t\t\t\t<span class=\"elementor-button-text\">Let\u00f6lt\u00e9s most<\/span>\n\t\t\t\t\t<\/span>\n\t\t\t\t\t<\/a>\n\t\t\t\t\t\t\t\t<\/div>\n\t\t\t\t<div class=\"elementor-element elementor-element-a153df0 elementor-widget elementor-widget-heading\" data-id=\"a153df0\" data-element_type=\"widget\" data-widget_type=\"heading.default\">\n\t\t\t\t\t<span class=\"elementor-heading-title elementor-size-default\">T\u00e1mogatott nyelvek<\/span>\t\t\t\t<\/div>\n\t\t<div class=\"elementor-element elementor-element-3aa1b4d e-con-full e-flex e-con e-child\" data-id=\"3aa1b4d\" data-element_type=\"container\">\n\t\t\t\t<div class=\"elementor-element elementor-element-e8975ec elementor-align-center elementor-widget elementor-widget-button\" data-id=\"e8975ec\" data-element_type=\"widget\" data-widget_type=\"button.default\">\n\t\t\t\t\t\t\t\t\t\t<a class=\"elementor-button elementor-size-sm\" role=\"button\">\n\t\t\t\t\t\t<span class=\"elementor-button-content-wrapper\">\n\t\t\t\t\t\t\t\t\t<span class=\"elementor-button-text\">\u7b80\u4f53\u4e2d\u6587<\/span>\n\t\t\t\t\t<\/span>\n\t\t\t\t\t<\/a>\n\t\t\t\t\t\t\t\t<\/div>\n\t\t\t\t<div class=\"elementor-element elementor-element-d50312a elementor-align-center elementor-widget elementor-widget-button\" data-id=\"d50312a\" data-element_type=\"widget\" data-widget_type=\"button.default\">\n\t\t\t\t\t\t\t\t\t\t<a class=\"elementor-button elementor-size-sm\" role=\"button\">\n\t\t\t\t\t\t<span class=\"elementor-button-content-wrapper\">\n\t\t\t\t\t\t\t\t\t<span class=\"elementor-button-text\">\u7e41\u9ad4\u4e2d\u6587<\/span>\n\t\t\t\t\t<\/span>\n\t\t\t\t\t<\/a>\n\t\t\t\t\t\t\t\t<\/div>\n\t\t\t\t<div class=\"elementor-element elementor-element-1c6f173 elementor-align-center elementor-widget elementor-widget-button\" data-id=\"1c6f173\" data-element_type=\"widget\" data-widget_type=\"button.default\">\n\t\t\t\t\t\t\t\t\t\t<a class=\"elementor-button elementor-size-sm\" role=\"button\">\n\t\t\t\t\t\t<span class=\"elementor-button-content-wrapper\">\n\t\t\t\t\t\t\t\t\t<span class=\"elementor-button-text\">English<\/span>\n\t\t\t\t\t<\/span>\n\t\t\t\t\t<\/a>\n\t\t\t\t\t\t\t\t<\/div>\n\t\t\t\t<\/div>\n\t\t\t\t<\/div>\n\t\t<div class=\"elementor-element elementor-element-05dc3d5 e-con-full e-flex e-con e-child\" data-id=\"05dc3d5\" data-element_type=\"container\" data-settings=\"{&quot;background_background&quot;:&quot;classic&quot;}\">\n\t\t<div class=\"elementor-element elementor-element-0f23524 e-con-full e-flex e-con e-child\" data-id=\"0f23524\" data-element_type=\"container\">\n\t\t\t\t<div class=\"elementor-element elementor-element-23f1220 elementor-widget elementor-widget-heading\" data-id=\"23f1220\" data-element_type=\"widget\" data-widget_type=\"heading.default\">\n\t\t\t\t\t<h2 class=\"elementor-heading-title elementor-size-default\">5 gyakori pszichol\u00f3giai csapda lek\u00fczd\u00e9se<\/h2>\t\t\t\t<\/div>\n\t\t\t\t<div class=\"elementor-element elementor-element-794c598 elementor-widget elementor-widget-heading\" data-id=\"794c598\" data-element_type=\"widget\" data-widget_type=\"heading.default\">\n\t\t\t\t\t<h3 class=\"elementor-heading-title elementor-size-default\">Mi\u00e9rt vezet egy t\u00f6k\u00e9letes terv is vesztes\u00e9ghez? T\u00f6ltse le ingyenes \u00fatmutat\u00f3nkat, \u00e9s gy\u0151zze le az 5 legvesz\u00e9lyesebb keresked\u00e9si pszichol\u00f3giai akad\u00e1lyt.<\/h3>\t\t\t\t<\/div>\n\t\t\t\t<div class=\"elementor-element elementor-element-3ab86cb elementor-widget elementor-widget-heading\" data-id=\"3ab86cb\" data-element_type=\"widget\" data-widget_type=\"heading.default\">\n\t\t\t\t\t<h3 class=\"elementor-heading-title elementor-size-default\">Ez az \u00fatmutat\u00f3 seg\u00edt felismerni \u00e9s legy\u0151zni a kapzsis\u00e1got, a f\u00e9lelmet, a lemarad\u00e1st\u00f3l val\u00f3 f\u00e9lelmet (FOMO) \u00e9s egy\u00e9b keresked\u00e9si pszichol\u00f3giai csapd\u00e1kat, hogy val\u00f3ban el\u00e9rje a \u201etud\u00e1s \u00e9s cselekv\u00e9s egys\u00e9g\u00e9t\u201d.<\/h3>\t\t\t\t<\/div>\n\t\t\t\t<div class=\"elementor-element elementor-element-6922722 elementor-widget-divider--view-line elementor-widget elementor-widget-divider\" data-id=\"6922722\" data-element_type=\"widget\" data-widget_type=\"divider.default\">\n\t\t\t\t\t\t\t<div class=\"elementor-divider\">\n\t\t\t<span class=\"elementor-divider-separator\">\n\t\t\t\t\t\t<\/span>\n\t\t<\/div>\n\t\t\t\t\t\t<\/div>\n\t\t\t\t<\/div>\n\t\t\t\t<div class=\"elementor-element elementor-element-7c4d490 elementor-widget elementor-widget-html translation-block\" data-id=\"7c4d490\" data-element_type=\"widget\" data-widget_type=\"html.default\"><div style=\"16px\"><span>\n<h3><strong>Zavarja a bels\u0151 vil\u00e1god a keresked\u00e9sedet?<\/strong>&nbsp;<\/h3>\n<ul>\n <li>El\u0151fordult m\u00e1r, hogy a <strong>kapzsis\u00e1g<\/strong>&nbsp;miatt a nyeres\u00e9ges keresked\u00e9sed vesztes\u00e9gbe fordult?<\/li>\n <li>El\u0151fordult m\u00e1r, hogy a <strong>f\u00e9lelem<\/strong>&nbsp;miatt kihagyt\u00e1l egy teljesen a tervednek megfelel\u0151 lehet\u0151s\u00e9get?<\/li>\n <li>El\u0151fordult m\u00e1r, hogy vesztes\u00e9g ut\u00e1n <strong>d\u00fchb\u0151l<\/strong>&nbsp;m\u00e9g nagyobb, impulz\u00edvabb \u201ebossz\u00fakeresked\u00e9st\u201d hajtott\u00e1l v\u00e9gre?<\/li>\n<\/ul>\n<br>\n\n<!-- Section:&nbsp;Megold\u00e1s \u00e9s \u00e1talakul\u00e1s (Solution &amp; Transformation) -->\n<h3><strong>A keresked\u00e9s sikere 80%-ban a pszichol\u00f3giai kontrollb\u00f3l ered<\/strong>&nbsp;<\/h3>\nA legjobb strat\u00e9gia is \u00e9rt\u00e9ktelen, ha nem hajtod v\u00e9gre szigor\u00fa fegyelemmel.<br>\nEz az \u201e5 gyakori pszichol\u00f3giai csapda lek\u00fczd\u00e9se\u201d c\u00edm\u0171 k\u00f6nyv gyakorlati eszk\u00f6z\u00f6ket ad a bels\u0151 \u00e9rzelmek kezel\u00e9s\u00e9hez.<br>\n<br>\n<h4><strong>A k\u00e9zik\u00f6nyv elolvas\u00e1sa ut\u00e1n megtanulod, hogyan:<\/strong>&nbsp;<\/h4>\n<ul>\n <li><strong>Kezeld a kapzsis\u00e1got:<\/strong>&nbsp;Az \u201e80\/20 szab\u00e1ly\u201d seg\u00edts\u00e9g\u00e9vel r\u00f6gz\u00edtsd a profitot, mik\u00f6zben hagyod futni a nyeres\u00e9get.<\/li>\n <li><strong>Gy\u0151zd le a f\u00e9lelmet:<\/strong>&nbsp;\u201eAdatokkal\u201d \u00e9s \u201efegyelemmel\u201d \u00e9p\u00edtsd fel a keresked\u00e9si \u00f6nbizalmad.<\/li>\n <li><strong>T\u00f6rd meg a negat\u00edv spir\u00e1lt:<\/strong>&nbsp;\u201eSzigor\u00fa szab\u00e1lyokkal\u201d ker\u00fcld el a bossz\u00fakeresked\u00e9st.<\/li>\n<\/ul>\n<br>\n\n<!-- Section:&nbsp;Elektronikus k\u00f6nyv tartalom el\u0151n\u00e9zet (What's Inside) -->\n<h4><strong>Ebben az \u00fatmutat\u00f3ban megtanulod kezelni:<\/strong>&nbsp;<\/h4>\n<ul>\n <li><strong>Csapda 1:<\/strong>&nbsp;Kapzsis\u00e1g \u2013 \u201eT\u00f6bbet kellett volna keresnem!\u201d<\/li>\n <li><strong>Csapda 2:<\/strong>&nbsp;F\u00e9lelem \u2013 \u201eF\u00e9lek a vesztes\u00e9gt\u0151l...\u201d<\/li>\n <li><strong>Csapda 3:<\/strong>&nbsp;FOMO \u2013 \u201eF\u00e9lek, hogy lemaradok a lehet\u0151s\u00e9gr\u0151l!\u201d<\/li>\n <li><strong>Csapda 4:<\/strong>&nbsp;Bossz\u00fakeresked\u00e9s \u2013 \u201eVissza akarom nyerni a p\u00e9nzem!\u201d<\/li>\n <li><strong>Csapda 5:<\/strong>&nbsp;T\u00falzott \u00f6nbizalom \u2013 \u201eLehetetlen, hogy \u00fajra vesz\u00edtsek!\u201d<\/li>\n<\/ul>\n<\/span><\/div><\/div>\n\t\t\t\t<\/div>\n\t\t\t\t\t<\/div>\n\t\t\t\t<\/div>\n\t\t\t\t<\/div>","protected":false},"excerpt":{"rendered":"<p>Mi\u00e9rt vezetnek a t\u00f6k\u00e9letes tervek m\u00e9gis vesztes\u00e9ghez? T\u00f6ltse le ingyenesen az \u201e5 gyakori pszichol\u00f3giai csapda lek\u00fczd\u00e9se\u201d \u00fatmutat\u00f3t, amelyben elemezz\u00fck az irigys\u00e9get, a f\u00e9lelmet, a FOMO-t \u00e9s az 5 leggyakoribb pszichol\u00f3giai csapd\u00e1t, valamint konkr\u00e9t megold\u00e1sokat k\u00edn\u00e1lunk.<\/p>","protected":false},"author":1,"featured_media":57408,"parent":0,"menu_order":0,"comment_status":"closed","ping_status":"closed","template":"","meta":{"footnotes":""},"tags":[128],"class_list":["post-57464","page","type-page","status-publish","has-post-thumbnail","hentry","tag-no-google"],"_links":{"self":[{"href":"https:\/\/mister.forex\/hu\/wp-json\/wp\/v2\/pages\/57464","targetHints":{"allow":["GET"]}}],"collection":[{"href":"https:\/\/mister.forex\/hu\/wp-json\/wp\/v2\/pages"}],"about":[{"href":"https:\/\/mister.forex\/hu\/wp-json\/wp\/v2\/types\/page"}],"author":[{"embeddable":true,"href":"https:\/\/mister.forex\/hu\/wp-json\/wp\/v2\/users\/1"}],"replies":[{"embeddable":true,"href":"https:\/\/mister.forex\/hu\/wp-json\/wp\/v2\/comments?post=57464"}],"version-history":[{"count":0,"href":"https:\/\/mister.forex\/hu\/wp-json\/wp\/v2\/pages\/57464\/revisions"}],"wp:featuredmedia":[{"embeddable":true,"href":"https:\/\/mister.forex\/hu\/wp-json\/wp\/v2\/media\/57408"}],"wp:attachment":[{"href":"https:\/\/mister.forex\/hu\/wp-json\/wp\/v2\/media?parent=57464"}],"wp:term":[{"taxonomy":"post_tag","embeddable":true,"href":"https:\/\/mister.forex\/hu\/wp-json\/wp\/v2\/tags?post=57464"}],"curies":[{"name":"wp","href":"https:\/\/api.w.org\/{rel}","templated":true}]}}