{"id":59827,"date":"2025-10-09T02:26:46","date_gmt":"2025-10-08T18:26:46","guid":{"rendered":"https:\/\/mister.forex\/?page_id=59827"},"modified":"2025-12-03T03:34:44","modified_gmt":"2025-12-02T19:34:44","slug":"the-forex-trading-execution-bible","status":"publish","type":"page","link":"https:\/\/mister.forex\/hu\/the-forex-trading-execution-bible\/","title":{"rendered":"A Forex keresked\u00e9si v\u00e9grehajt\u00e1s bibli\u00e1ja: Gyakorlati SOP a \u201etud\u00e1st\u00f3l\u201d a \u201ecselekv\u00e9sig\u201d"},"content":{"rendered":"<div data-elementor-type=\"wp-page\" data-elementor-id=\"59827\" class=\"elementor elementor-59827\" data-elementor-post-type=\"page\">\n\t\t\t\t<div class=\"elementor-element elementor-element-9a261e9 e-flex e-con-boxed e-con e-parent\" data-id=\"9a261e9\" data-element_type=\"container\">\n\t\t\t\t\t<div class=\"e-con-inner\">\n\t\t\t\t<div class=\"elementor-element elementor-element-0f38502 elementor-icon-list--layout-inline elementor-list-item-link-inline elementor-widget elementor-widget-icon-list\" data-id=\"0f38502\" data-element_type=\"widget\" data-widget_type=\"icon-list.default\">\n\t\t\t\t\t\t\t<ul class=\"elementor-icon-list-items elementor-inline-items\">\n\t\t\t\t\t\t\t<li class=\"elementor-icon-list-item elementor-inline-item\">\n\t\t\t\t\t\t\t\t\t\t\t<a href=\"https:\/\/mister.forex\/hu\/ebook-hub\/\">\n\n\t\t\t\t\t\t\t\t\t\t\t\t<span class=\"elementor-icon-list-icon\">\n\t\t\t\t\t\t\t<svg aria-hidden=\"true\" class=\"e-font-icon-svg e-fas-reply\" viewbox=\"0 0 512 512\" xmlns=\"http:\/\/www.w3.org\/2000\/svg\"><path d=\"M8.309 189.836L184.313 37.851C199.719 24.546 224 35.347 224 56.015v80.053c160.629 1.839 288 34.032 288 186.258 0 61.441-39.581 122.309-83.333 154.132-13.653 9.931-33.111-2.533-28.077-18.631 45.344-145.012-21.507-183.51-176.59-185.742V360c0 20.7-24.3 31.453-39.687 18.164l-176.004-152c-11.071-9.562-11.086-26.753 0-36.328z\"><\/path><\/svg>\t\t\t\t\t\t<\/span>\n\t\t\t\t\t\t\t\t\t\t<span class=\"elementor-icon-list-text\">El\u0151z\u0151 oldal<\/span>\n\t\t\t\t\t\t\t\t\t\t\t<\/a>\n\t\t\t\t\t\t\t\t\t<\/li>\n\t\t\t\t\t\t<\/ul>\n\t\t\t\t\t\t<\/div>\n\t\t\t\t\t<\/div>\n\t\t\t\t<\/div>\n\t\t<div class=\"elementor-element elementor-element-05e34f2 e-flex e-con-boxed e-con e-parent\" data-id=\"05e34f2\" data-element_type=\"container\" data-settings=\"{&quot;background_background&quot;:&quot;classic&quot;}\">\n\t\t\t\t\t<div class=\"e-con-inner\">\n\t\t<div class=\"elementor-element elementor-element-928477a e-con-full e-flex e-con e-child\" data-id=\"928477a\" data-element_type=\"container\" data-settings=\"{&quot;background_background&quot;:&quot;classic&quot;}\">\n\t\t\t\t<div class=\"elementor-element elementor-element-2d61e89 elementor-widget elementor-widget-image\" data-id=\"2d61e89\" data-element_type=\"widget\" data-settings=\"{&quot;_animation&quot;:&quot;none&quot;}\" data-widget_type=\"image.default\">\n\t\t\t\t\t\t\t\t\t\t\t\t\t\t\t<img fetchpriority=\"high\" decoding=\"async\" width=\"188\" height=\"300\" src=\"https:\/\/mister.forex\/wp-content\/uploads\/2025\/10\/Book-4-Mockup-EN.webp\" class=\"attachment-thumbnail size-thumbnail wp-image-59802\" alt=\"A Forex V\u00e9grehajt\u00e1s Bibli\u00e1ja\" srcset=\"https:\/\/mister.forex\/wp-content\/uploads\/2025\/10\/Book-4-Mockup-EN.webp 1410w, https:\/\/mister.forex\/wp-content\/uploads\/2025\/10\/Book-4-Mockup-EN-313x500.webp 313w, https:\/\/mister.forex\/wp-content\/uploads\/2025\/10\/Book-4-Mockup-EN-752x1200.webp 752w, https:\/\/mister.forex\/wp-content\/uploads\/2025\/10\/Book-4-Mockup-EN-188x300.webp 188w, https:\/\/mister.forex\/wp-content\/uploads\/2025\/10\/Book-4-Mockup-EN-768x1226.webp 768w, https:\/\/mister.forex\/wp-content\/uploads\/2025\/10\/Book-4-Mockup-EN-963x1536.webp 963w, https:\/\/mister.forex\/wp-content\/uploads\/2025\/10\/Book-4-Mockup-EN-1283x2048.webp 1283w, https:\/\/mister.forex\/wp-content\/uploads\/2025\/10\/Book-4-Mockup-EN-8x12.webp 8w\" sizes=\"(max-width: 188px) 100vw, 188px\" \/>\t\t\t\t\t\t\t\t\t\t\t\t\t\t\t<\/div>\n\t\t\t\t<div class=\"elementor-element elementor-element-a1569ba elementor-widget elementor-widget-html\" data-id=\"a1569ba\" data-element_type=\"widget\" data-widget_type=\"html.default\">\n\t\t\t\t\t<script src=\"https:\/\/gumroad.com\/js\/gumroad.js\"><\/script>\n<a class=\"gumroad-button\" href=\"https:\/\/mrforex.gumroad.com\/l\/cobxuz\" rel=\"noopener\">V\u00e1s\u00e1roljon most<\/a>\t\t\t\t<\/div>\n\t\t\t\t<div class=\"elementor-element elementor-element-41d361c elementor-widget elementor-widget-heading\" data-id=\"41d361c\" data-element_type=\"widget\" data-widget_type=\"heading.default\">\n\t\t\t\t\t<span class=\"elementor-heading-title elementor-size-default\">T\u00e1mogatott nyelvek<\/span>\t\t\t\t<\/div>\n\t\t<div class=\"elementor-element elementor-element-6a6dad0 e-con-full e-flex e-con e-child\" data-id=\"6a6dad0\" data-element_type=\"container\">\n\t\t\t\t<div class=\"elementor-element elementor-element-44ffc6c elementor-align-center elementor-widget elementor-widget-button\" data-id=\"44ffc6c\" data-element_type=\"widget\" data-widget_type=\"button.default\">\n\t\t\t\t\t\t\t\t\t\t<a class=\"elementor-button elementor-size-sm\" role=\"button\">\n\t\t\t\t\t\t<span class=\"elementor-button-content-wrapper\">\n\t\t\t\t\t\t\t\t\t<span class=\"elementor-button-text\">\u7b80\u4f53\u4e2d\u6587<\/span>\n\t\t\t\t\t<\/span>\n\t\t\t\t\t<\/a>\n\t\t\t\t\t\t\t\t<\/div>\n\t\t\t\t<div class=\"elementor-element elementor-element-5fce700 elementor-align-center elementor-widget elementor-widget-button\" data-id=\"5fce700\" data-element_type=\"widget\" data-widget_type=\"button.default\">\n\t\t\t\t\t\t\t\t\t\t<a class=\"elementor-button elementor-size-sm\" role=\"button\">\n\t\t\t\t\t\t<span class=\"elementor-button-content-wrapper\">\n\t\t\t\t\t\t\t\t\t<span class=\"elementor-button-text\">\u7e41\u9ad4\u4e2d\u6587<\/span>\n\t\t\t\t\t<\/span>\n\t\t\t\t\t<\/a>\n\t\t\t\t\t\t\t\t<\/div>\n\t\t\t\t<div class=\"elementor-element elementor-element-7d063fa elementor-align-center elementor-widget elementor-widget-button\" data-id=\"7d063fa\" data-element_type=\"widget\" data-widget_type=\"button.default\">\n\t\t\t\t\t\t\t\t\t\t<a class=\"elementor-button elementor-size-sm\" role=\"button\">\n\t\t\t\t\t\t<span class=\"elementor-button-content-wrapper\">\n\t\t\t\t\t\t\t\t\t<span class=\"elementor-button-text\">English<\/span>\n\t\t\t\t\t<\/span>\n\t\t\t\t\t<\/a>\n\t\t\t\t\t\t\t\t<\/div>\n\t\t\t\t<\/div>\n\t\t\t\t<\/div>\n\t\t<div class=\"elementor-element elementor-element-9f32aa3 e-con-full e-flex e-con e-child\" data-id=\"9f32aa3\" data-element_type=\"container\" data-settings=\"{&quot;background_background&quot;:&quot;classic&quot;}\">\n\t\t<div class=\"elementor-element elementor-element-14ce0ce e-con-full e-flex e-con e-child\" data-id=\"14ce0ce\" data-element_type=\"container\">\n\t\t\t\t<div class=\"elementor-element elementor-element-b3a35b3 elementor-widget elementor-widget-heading\" data-id=\"b3a35b3\" data-element_type=\"widget\" data-widget_type=\"heading.default\">\n\t\t\t\t\t<h2 class=\"elementor-heading-title elementor-size-default\">A Forex V\u00e9grehajt\u00e1s Bibli\u00e1ja<\/h2>\t\t\t\t<\/div>\n\t\t\t\t<div class=\"elementor-element elementor-element-073be8c elementor-widget elementor-widget-heading\" data-id=\"073be8c\" data-element_type=\"widget\" data-widget_type=\"heading.default\">\n\t\t\t\t\t<h3 class=\"elementor-heading-title elementor-size-default\">B\u00facs\u00fat intve az elm\u00e9leti vesztes\u00e9gek k\u00f6rforg\u00e1s\u00e1nak! Ez egy olyan teljes Forex keresked\u00e9si v\u00e9grehajt\u00e1si rendszer, amely lehet\u0151v\u00e9 teszi, hogy \u201etudd\u201d \u00e9s \u201emeg is tedd\u201d.<\/h3>\t\t\t\t<\/div>\n\t\t\t\t<div class=\"elementor-element elementor-element-d18e613 elementor-widget-divider--view-line elementor-widget elementor-widget-divider\" data-id=\"d18e613\" data-element_type=\"widget\" data-widget_type=\"divider.default\">\n\t\t\t\t\t\t\t<div class=\"elementor-divider\">\n\t\t\t<span class=\"elementor-divider-separator\">\n\t\t\t\t\t\t<\/span>\n\t\t<\/div>\n\t\t\t\t\t\t<\/div>\n\t\t\t\t<\/div>\n\t\t\t\t<div class=\"elementor-element elementor-element-7ac01e9 elementor-widget elementor-widget-html translation-block\" data-id=\"7ac01e9\" data-element_type=\"widget\" data-widget_type=\"html.default\"><span>\n<h2><strong>Az Utols\u00f3 M\u00e9rf\u00f6ld a \u201eTud\u00e1st\u00f3l\u201d a \u201eCselekv\u00e9sig\u201d<\/strong><\/h2>\nHa ezt olvassa, val\u00f3sz\u00edn\u0171leg m\u00e1r sokat tud a keresked\u00e9sr\u0151l. Ismeri a piaci strukt\u00far\u00e1t, sz\u00e1mtalan technikai indik\u00e1tort tanulm\u00e1nyozott, \u00e9s m\u00e9g \u00e9kessz\u00f3l\u00f3an is tud besz\u00e9lni a piac hull\u00e1mz\u00e1sair\u00f3l.<br>\nAzonban egy \u00e9les k\u00e9rd\u00e9s tov\u00e1bbra is fenn\u00e1ll, ami minden k\u00e9s\u0151 esti elemz\u00e9s sor\u00e1n k\u00eds\u00e9rti: \u201eMi\u00e9rt van az, hogy ennyi tud\u00e1s birtok\u00e1ban sem tudok k\u00f6vetkezetes nyeres\u00e9get el\u00e9rni?\u201d\n<br><br>\nA v\u00e1lasz tal\u00e1n egyszer\u0171bb \u00e9s nehezebben elfogadhat\u00f3, mint gondoln\u00e1: mert a forex keresked\u00e9s brut\u00e1lis z\u00e9r\u00f3 \u00f6sszeg\u0171 j\u00e1t\u00e9k\u00e1ban a gy\u0151zelmet soha nem az hat\u00e1rozza meg, hogy mennyit \u201etud\u201d, hanem az, hogy mennyit tud k\u00f6vetkezetesen \u201emegtenni\u201d.\n<br><br>\nEz a k\u00f6nyv az \u00d6n utols\u00f3 m\u00e9rf\u00f6ldje a \u201etud\u00e1st\u00f3l\u201d a \u201ecselekv\u00e9sig\u201d. Nem adunk \u00d6nnek m\u00e9g sz\u00e1z divatos indik\u00e1tort vagy egy mitikus \u201eSzent Gr\u00e1lt\u201d. Ehelyett valami sokkal \u00e9rt\u00e9kesebbet ny\u00fajtunk: egy teljes, m\u00e1solhat\u00f3 \u201eStandard M\u0171k\u00f6d\u00e9si Elj\u00e1r\u00e1st\u201d (SOP) a v\u00e9grehajt\u00e1shoz.\n<br><br>\nEz nem egy \u00fajabb elm\u00e9leti tank\u00f6nyv; ez egy gyakorlati k\u00e9zik\u00f6nyv a \u201ecselekv\u00e9shez\u201d. Meg fogja tanulni:\n<br>\n<ul>\n  <li><strong>Professzion\u00e1lis Piac El\u0151tti Felk\u00e9sz\u00fcl\u00e9s Elsaj\u00e1t\u00edt\u00e1sa:<\/strong> Tanuljon meg egy napi harci ritu\u00e1l\u00e9t, amely kiirtja a tal\u00e1lgat\u00e1st, \u00e9s biztos\u00edtja, hogy minden nap tiszta, v\u00e9grehajthat\u00f3 tervvel l\u00e9pjen a piacra.<\/li>\n  <li><strong>A+ Keresked\u00e9sek Prec\u00edz V\u00e9grehajt\u00e1sa:<\/strong> Saj\u00e1t\u00edtson el k\u00e9t alapvet\u0151, nagy val\u00f3sz\u00edn\u0171s\u00e9g\u0171 taktikai tervet mind a \u201eTrend Folytat\u00f3d\u00e1sa\u201d, mind a \u201eTrend Megfordul\u00e1sa\u201d forgat\u00f3k\u00f6nyvekre.<\/li>\n  <li><strong>Profit Maximaliz\u00e1l\u00e1sa \u00e9s Kock\u00e1zatok Minimaliz\u00e1l\u00e1sa:<\/strong> Tanulja meg a poz\u00edci\u00f3kezel\u00e9st, a piramis \u00e9p\u00edt\u00e9st nyer\u0151 keresked\u00e9sekbe, \u00e9s a piaci strukt\u00far\u00e1n alapul\u00f3 cs\u00fasz\u00f3 stopok haszn\u00e1lat\u00e1t a nyeres\u00e9g r\u00f6gz\u00edt\u00e9s\u00e9hez.<\/li>\n  <li><strong>Keresked\u00e9s\u00e9t \u00dczletk\u00e9nt Kezelni:<\/strong> Fedezze fel a prop firm kih\u00edv\u00e1sok teljes\u00edt\u00e9s\u00e9nek, a finansz\u00edrozott sz\u00e1ml\u00e1k kezel\u00e9s\u00e9nek \u00e9s a k\u00fcls\u0151 t\u0151ke felhaszn\u00e1l\u00e1s\u00e1nak pontos strat\u00e9gi\u00e1it a j\u00f6vedelme n\u00f6vel\u00e9s\u00e9hez.<\/li>\n<\/ul>\n<br>\nEz a k\u00f6nyv \u00e1talak\u00edtja \u00d6nt egy piaci \u00e9rzelmek \u00e9s kaotikus d\u00f6nt\u00e9sek \u00e1ltal befoly\u00e1solt amat\u0151rb\u0151l egy tiszta folyamatokkal \u00e9s vasfegyelemmel rendelkez\u0151 profi keresked\u0151v\u00e9. Hagyja abba a tanul\u00e1s \u00e9s a vesztes\u00e9g v\u00e9gtelen k\u00f6rforg\u00e1s\u00e1t. Itt az ideje, hogy fel\u00e9p\u00edtse a val\u00f3di keresked\u00e9si v\u00e1llalkoz\u00e1s\u00e1t.\n<\/span><\/div>\n\t\t\t\t<\/div>\n\t\t\t\t\t<\/div>\n\t\t\t\t<\/div>\n\t\t\t\t<\/div>","protected":false},"excerpt":{"rendered":"<p>M\u00e9g mindig a v\u00e9gtelen tanul\u00e1ssal \u00e9s vesztes\u00e9gekkel k\u00fcszk\u00f6dik? Ez a forex keresked\u00e9si v\u00e9grehajt\u00e1si rendszer az utols\u00f3 m\u00e9rf\u00f6ld, amelyet \u00d6nnek \u00e9p\u00edtettek. Nem az elm\u00e9letr\u0151l besz\u00e9l\u00fcnk, hanem csak egy megism\u00e9telhet\u0151 SOP-t, magas nyer\u00e9si ar\u00e1ny\u00fa strat\u00e9gi\u00e1kat \u00e9s p\u00e9nzkezel\u00e9si k\u00e9szs\u00e9geket biztos\u00edtunk, hogy fegyelmezett profi keresked\u0151v\u00e9 v\u00e1ljon, \u00e9s folyamatos nyeres\u00e9get \u00e9rjen el.<\/p>","protected":false},"author":1,"featured_media":59805,"parent":0,"menu_order":0,"comment_status":"closed","ping_status":"closed","template":"","meta":{"footnotes":""},"tags":[128],"class_list":["post-59827","page","type-page","status-publish","has-post-thumbnail","hentry","tag-no-google"],"_links":{"self":[{"href":"https:\/\/mister.forex\/hu\/wp-json\/wp\/v2\/pages\/59827","targetHints":{"allow":["GET"]}}],"collection":[{"href":"https:\/\/mister.forex\/hu\/wp-json\/wp\/v2\/pages"}],"about":[{"href":"https:\/\/mister.forex\/hu\/wp-json\/wp\/v2\/types\/page"}],"author":[{"embeddable":true,"href":"https:\/\/mister.forex\/hu\/wp-json\/wp\/v2\/users\/1"}],"replies":[{"embeddable":true,"href":"https:\/\/mister.forex\/hu\/wp-json\/wp\/v2\/comments?post=59827"}],"version-history":[{"count":0,"href":"https:\/\/mister.forex\/hu\/wp-json\/wp\/v2\/pages\/59827\/revisions"}],"wp:featuredmedia":[{"embeddable":true,"href":"https:\/\/mister.forex\/hu\/wp-json\/wp\/v2\/media\/59805"}],"wp:attachment":[{"href":"https:\/\/mister.forex\/hu\/wp-json\/wp\/v2\/media?parent=59827"}],"wp:term":[{"taxonomy":"post_tag","embeddable":true,"href":"https:\/\/mister.forex\/hu\/wp-json\/wp\/v2\/tags?post=59827"}],"curies":[{"name":"wp","href":"https:\/\/api.w.org\/{rel}","templated":true}]}}