{"id":66033,"date":"2026-02-04T23:49:39","date_gmt":"2026-02-04T15:49:39","guid":{"rendered":"https:\/\/mister.forex\/?page_id=66033"},"modified":"2026-05-06T13:28:44","modified_gmt":"2026-05-06T05:28:44","slug":"prop-firm-trading-guide-get-funded","status":"publish","type":"page","link":"https:\/\/mister.forex\/hu\/prop-firm-trading-guide-get-funded\/","title":{"rendered":"A leg\u00e1tfog\u00f3bb Prop Firm \u00fatmutat\u00f3: Hogyan szerezz 100 000 USD keresked\u00e9si t\u0151k\u00e9t | Mr.Forex"},"content":{"rendered":"<div data-elementor-type=\"wp-page\" data-elementor-id=\"66033\" class=\"elementor elementor-66033\" data-elementor-post-type=\"page\">\n\t\t\t\t<div class=\"elementor-element elementor-element-3c29475 e-flex e-con-boxed e-con e-parent\" data-id=\"3c29475\" data-element_type=\"container\">\n\t\t\t\t\t<div class=\"e-con-inner\">\n\t\t\t\t<div class=\"elementor-element elementor-element-4a3ad48 elementor-widget elementor-widget-heading\" data-id=\"4a3ad48\" data-element_type=\"widget\" data-widget_type=\"heading.default\">\n\t\t\t\t\t<h1 class=\"elementor-heading-title elementor-size-default\">A Prop Firm modell alapjai: Monetiz\u00e1ld keresked\u00e9si tud\u00e1sodat k\u00f6zvetlen\u00fcl<\/h1>\t\t\t\t<\/div>\n\t\t\t\t<div class=\"elementor-element elementor-element-9eca83a elementor-widget elementor-widget-html\" data-id=\"9eca83a\" data-element_type=\"widget\" data-widget_type=\"html.default\">\n\t\t\t\t\tA Prop Firm ki\u00e9rt\u00e9kel\u00e9si mechanizmus\u00e1nak meg\u00e9rt\u00e9se. Kamatoztasd szak\u00e9rtelmedet, \u00e9s szabadulj meg a kis sz\u00e1ml\u00e1k korl\u00e1tait\u00f3l.\t\t\t\t<\/div>\n\t\t\t\t<div class=\"elementor-element elementor-element-d45ecae elementor-widget elementor-widget-html translation-block\" data-id=\"d45ecae\" data-element_type=\"widget\" data-widget_type=\"html.default\">Szerz\u0151: <strong>Mr.Forex<\/strong><\/div>\n\t\t\t\t<div class=\"elementor-element elementor-element-50a8bd5 elementor-widget elementor-widget-html translation-block\" data-id=\"50a8bd5\" data-element_type=\"widget\" data-widget_type=\"html.default\"><span>\n<h2><strong>El\u0151sz\u00f3: A tud\u00e1sod \u00e9rt\u00e9kes, de a t\u0151k\u00e9d kev\u00e9s<\/strong><\/h2>\nGratul\u00e1lunk, hogy eljutott\u00e1l id\u00e1ig.<br><br>\n\nMost m\u00e1r \u00e9rted a gyerty\u00e1kat (K-lines), a strat\u00e9gi\u00e1kat \u00e9s a kock\u00e1zatkezel\u00e9st. Rendelkezel az alapvet\u0151 k\u00e9szs\u00e9gekkel, hogy t\u00fal\u00e9lj ezen a piacon.<br><br>\n\nA val\u00f3s\u00e1g azonban gyakran zord:<br><br>\n\nHa csak <strong>1000 USD<\/strong> t\u0151k\u00e9d van, m\u00e9g ha te lenn\u00e9l Warren Buffett is, \u00e9s havi stabil 5%-ot \u00e9rn\u00e9l el (ami m\u00e1r leny\u0171g\u00f6z\u0151), akkor is csak <strong>50 USD<\/strong>-t keresn\u00e9l.<br><br>\n\nEz aligha el\u00e9g a rezsi kifizet\u00e9s\u00e9re.<br><br>\n\nEz a kisbefektet\u0151i keresked\u0151k dilemm\u00e1ja: <strong>Van tud\u00e1s, de nincs t\u0151ke.<\/strong><br><br>\n\nR\u00e9gebben csak lassan tudt\u00e1l sp\u00f3rolni. De most egy \u00faj modell jelent meg a p\u00e9nz\u00fcgyi vil\u00e1gban \u2014 a <strong>Prop Firm (Proprietary Trading Firm)<\/strong>.<br><br>\n\nAm\u00edg egy vizsg\u00e1n bizony\u00edtani tudod a k\u00e9pess\u00e9geidet, \u0151k biztos\u00edtanak neked egy 10 000, 100 000 vagy ak\u00e1r 500 000 doll\u00e1ros sz\u00e1ml\u00e1t a keresked\u00e9shez. A megtermelt profit 80%-\u00e1t vagy ak\u00e1r 90%-\u00e1t is megtarthatod.<br><br>\n\nEz nem hitelfelv\u00e9tel a befektet\u00e9shez; ez a <strong>\"t\u0151keszerz\u00e9s \u00e9rdem alapon.\"<\/strong><br><br>\n\n<h2><strong>Mi az a Prop Firm (Saj\u00e1t t\u0151k\u00e9s keresked\u00e9si c\u00e9g)?<\/strong><\/h2>\nA <strong>Prop Firm<\/strong> egy olyan c\u00e9g, amely tehets\u00e9ges f\u00fcggetlen keresked\u0151ket keres. A logik\u00e1juk egyszer\u0171: a c\u00e9g rendelkezik a t\u0151k\u00e9vel, de nincs el\u00e9g k\u00e9pzett keresked\u0151je.<br>\n\n<h3><strong>Hogyan m\u0171k\u00f6dik:<\/strong><\/h3>\n<ol>\n    <li><strong>Fizet\u0151s ki\u00e9rt\u00e9kel\u00e9s:<\/strong> Fizetsz egy csek\u00e9ly regisztr\u00e1ci\u00f3s d\u00edjat (pl. 100 USD), hogy r\u00e9szt vegy\u00e9l a szimul\u00e1lt kih\u00edv\u00e1sukban.<\/li>\n    <li><strong>Bizony\u00edtsd a tud\u00e1sod:<\/strong> Egy meghat\u00e1rozott id\u0151kereten bel\u00fcl \u00e9rd el a profitc\u00e9lt (pl. 10%) an\u00e9lk\u00fcl, hogy t\u00fall\u00e9pn\u00e9d a maxim\u00e1lis leh\u00edv\u00e1si (drawdown) limitet (pl. 10%).<\/li>\n    <li><strong>T\u0151keszerz\u00e9s:<\/strong> Miut\u00e1n sikeresen teljes\u00edtetted, biztos\u00edtanak neked egy felt\u00f6lt\u00f6tt sz\u00e1ml\u00e1t (Live Account).<\/li>\n    <li><strong>Profitmegoszt\u00e1s:<\/strong> Megtartod az azon a sz\u00e1ml\u00e1n el\u00e9rt nyeres\u00e9g nagy r\u00e9sz\u00e9t (\u00e1ltal\u00e1ban 80%-ot), m\u00edg a platform egy kis r\u00e9szt vesz el.<\/li>\n<\/ol><br>\n\nEz egy okos \u00fczlet:<br><br>\n\nEgy 100 doll\u00e1ros regisztr\u00e1ci\u00f3s d\u00edjat (a kock\u00e1zatodat) haszn\u00e1lsz fel arra, hogy lehet\u0151s\u00e9get kapj egy 10 000 doll\u00e1ros sz\u00e1ml\u00e1n val\u00f3 keresked\u00e9sre (a sz\u00ednpadodra).<br><br>\n\n<h2><strong>Mi\u00e9rt csatlakozz egy Prop Firm-h\u00f6z?<\/strong><\/h2>\nSz\u00e1moljunk egy kicsit, \u00e9s hasonl\u00edtsuk \u00f6ssze a \"saj\u00e1t p\u00e9nzzel val\u00f3 keresked\u00e9st\" a \"<strong>Prop Firm<\/strong>-h\u00f6z val\u00f3 csatlakoz\u00e1ssal.\"<br><br>\n\nTegy\u00fck fel, hogy a havi profitpotenci\u00e1lod <strong>5%<\/strong>:<br><br>\n\n<table style=\"border-radius: 8px;border-collapse: separate;border-spacing: 0;overflow: hidden;text-align: center;width: 100%;border: 1px solid #ddd;font-family: sans-serif\">\n<thead style=\"background-color: #15264D;color: #ffffff\">\n      <tr>\n        <th style=\"padding: 15px\">\u00d6sszehasonl\u00edt\u00e1s<\/th>\n        <th style=\"padding: 15px\">A eset: Saj\u00e1t p\u00e9nz haszn\u00e1lata<\/th>\n        <th style=\"padding: 15px\">B eset: Csatlakoz\u00e1s Prop Firm-h\u00f6z (10k)<\/th>\n      <\/tr>\n<\/thead>\n<tbody>\n      <tr>\n        <td style=\"padding: 12px;border-bottom: 1px solid #eee;background-color: #f9f9f9\"><strong>Kezdeti k\u00f6lts\u00e9g<\/strong><\/td>\n        <td style=\"padding: 12px;border-bottom: 1px solid #eee\">1 000 USD (Saj\u00e1t t\u0151ke)<\/td>\n        <td style=\"padding: 12px;border-bottom: 1px solid #eee\">Kb. 100 USD (D\u00edj)<\/td>\n      <\/tr>\n      <tr>\n        <td style=\"padding: 12px;border-bottom: 1px solid #eee;background-color: #f9f9f9\"><strong>Keresked\u00e9si t\u0151ke<\/strong><\/td>\n        <td style=\"padding: 12px;border-bottom: 1px solid #eee\">1 000 USD<\/td>\n        <td style=\"padding: 12px;border-bottom: 1px solid #eee\">10 000 USD<\/td>\n      <\/tr>\n      <tr>\n        <td style=\"padding: 12px;border-bottom: 1px solid #eee;background-color: #f9f9f9\"><strong>Havi profit (5%)<\/strong><\/td>\n        <td style=\"padding: 12px;border-bottom: 1px solid #eee\">50 USD<\/td>\n        <td style=\"padding: 12px;border-bottom: 1px solid #eee\">500 USD<\/td>\n      <\/tr>\n      <tr>\n        <td style=\"padding: 12px;border-bottom: 1px solid #eee;background-color: #f9f9f9\"><strong>T\u00e9nyleges j\u00f6vedelem<\/strong><\/td>\n        <td style=\"padding: 12px;border-bottom: 1px solid #eee\">50 USD<\/td>\n        <td style=\"padding: 12px;border-bottom: 1px solid #eee;color: #008000;font-size: 1.1em\"><strong>400 USD (80%-os r\u00e9szesed\u00e9s)<\/strong><\/td>\n      <\/tr>\n    <\/tbody>\n<\/table><br>\n\n<strong>K\u00f6vetkeztet\u00e9s:<\/strong> Ugyanazzal a tud\u00e1ssal \u00e9s ugyanazzal a sz\u00e1zal\u00e9kos profittal (%) a j\u00f6vedelmed <strong>nyolcszoros\u00e1ra<\/strong> n\u0151. R\u00e1ad\u00e1sul az eredeti t\u0151k\u00e9d a zsebedben marad, nulla kock\u00e1zattal a saj\u00e1t t\u0151k\u00e9d elveszt\u00e9s\u00e9re.<br><br>\n\n<h2><strong>A szab\u00e1lyok: Nincs ingyen eb\u00e9d<\/strong><\/h2>\nJ\u00f3l hangzik? Ne szaladjunk el\u0151re. A <strong>Prop Firm-ek<\/strong> nem j\u00f3t\u00e9konys\u00e1gi szervezetek; szigor\u00fa szab\u00e1lyokat alkalmaznak a szakk\u00e9pzetlen keresked\u0151k kisz\u0171r\u00e9s\u00e9re.<br><br>\n\n<h3><strong>Gyakori ki\u00e9rt\u00e9kel\u00e9si szab\u00e1lyok:<\/strong><\/h3>\n<ul>\n    <li><strong>\ud83c\udfaf Profitc\u00e9l:<\/strong> \u00c1ltal\u00e1ban 8-10% profit el\u00e9r\u00e9s\u00e9t ig\u00e9nyli az els\u0151 szakaszban.<\/li>\n    <li><strong>\u26a0\ufe0f Napi leh\u00edv\u00e1si limit (Daily Drawdown):<\/strong> Itt bukik el a legt\u00f6bb ember. A szab\u00e1lyok kimondj\u00e1k, hogy a napi lebeg\u0151 vagy realiz\u00e1lt vesztes\u00e9g nem haladhatja meg a t\u0151ke 5%-\u00e1t. Ha ezt el\u00e9red, azonnal buktad a vizsg\u00e1t.<\/li>\n    <li><strong>\ud83d\udcc9 Teljes maxim\u00e1lis leh\u00edv\u00e1s (Max Drawdown):<\/strong> A sz\u00e1mlaegyenleged soha nem eshet egy meghat\u00e1rozott szint al\u00e1 (pl. a kezdeti t\u0151ke 10%-a).<\/li>\n    <li><strong>\ud83d\udcf0 Keresked\u00e9si korl\u00e1toz\u00e1sok:<\/strong> Egyes c\u00e9gek tiltj\u00e1k a keresked\u00e9st a fontos h\u00edrek alatt, vagy a poz\u00edci\u00f3k h\u00e9tv\u00e9g\u00e9n t\u00f6rt\u00e9n\u0151 tart\u00e1s\u00e1t.<\/li>\n<\/ul><br>\n\n<h4><strong>Mr.Forex elemz\u00e9se:<\/strong><\/h4>\nEzek a szab\u00e1lyok szigor\u00fanak t\u0171nhetnek, de val\u00f3j\u00e1ban ezek a <strong>\"Kock\u00e1zatkezel\u00e9s Vasas T\u00f6rv\u00e9nyei\"<\/strong>, amiket mi is hangs\u00falyozunk. Ha a szerencsej\u00e1t\u00e9khoz (All-in) vagy szokva, nem fogsz h\u00e1rom napn\u00e1l tov\u00e1bb tartani egy Prop Firm-n\u00e9l; de ha szigor\u00faan k\u00f6veted a kock\u00e1zatkezel\u00e9st, a vizsga sikeres teljes\u00edt\u00e9se csak id\u0151 k\u00e9rd\u00e9se.\n<\/span><\/div>\n\t\t<div class=\"elementor-element elementor-element-63c0e87 e-con-full e-flex e-con e-child\" data-id=\"63c0e87\" data-element_type=\"container\" data-settings=\"{&quot;background_background&quot;:&quot;classic&quot;}\">\n\t\t\t\t<div class=\"elementor-element elementor-element-dbec11a elementor-widget elementor-widget-html translation-block\" data-id=\"dbec11a\" data-element_type=\"widget\" data-widget_type=\"html.default\"><span>\n<h3><strong>\ud83c\udfc6 Mr.Forex Pro-v\u00e1logatott lista<\/strong><\/h3>\nHogy megsp\u00f3roljam neked a kutat\u00e1si id\u0151t, \u00f6ssze\u00e1ll\u00edtottam egy list\u00e1t a piac jelenleg legelismertebb, cs\u00facskateg\u00f3ri\u00e1s c\u00e9geir\u0151l:\n<\/span><\/div>\n\t\t\t\t<div class=\"elementor-element elementor-element-b596fdf elementor-widget elementor-widget-html translation-block\" data-id=\"b596fdf\" data-element_type=\"widget\" data-widget_type=\"html.default\"><span>\n<strong>FTMO \u2014 Az elismert piacvezet\u0151<\/strong><br><br>\n<ul>\n    <li><strong>Jellemz\u0151k:<\/strong> A Prop Firm vil\u00e1g \"aranystandardja\". A leghosszabb m\u00faltra tekint vissza, a legszil\u00e1rdabb h\u00edrn\u00e9vvel, vill\u00e1mgyors kifizet\u00e9sekkel \u00e9s kiv\u00e1l\u00f3 keresked\u00e9si k\u00f6rnyezettel rendelkezik.<\/li>\n    <li><strong>C\u00e9lk\u00f6z\u00f6ns\u00e9g:<\/strong> Professzion\u00e1lis keresked\u0151k, akik \u00e9rt\u00e9kelik a szabv\u00e1nyos\u00edtott folyamatokat \u00e9s a m\u00e1rka hiteless\u00e9g\u00e9t.<\/li>\n<\/ul>\n<\/span><\/div>\n\t\t\t\t<div class=\"elementor-element elementor-element-824ddcf elementor-icon-list--layout-inline elementor-list-item-link-inline elementor-widget elementor-widget-icon-list\" data-id=\"824ddcf\" data-element_type=\"widget\" data-widget_type=\"icon-list.default\">\n\t\t\t\t\t\t\t<ul class=\"elementor-icon-list-items elementor-inline-items\">\n\t\t\t\t\t\t\t<li class=\"elementor-icon-list-item elementor-inline-item\">\n\t\t\t\t\t\t\t\t\t\t\t<a href=\"https:\/\/trader.ftmo.com\/?affiliates=eHFMXPlbOlHBoIeBTdvU\" target=\"_blank\" rel=\"nofollow noopener\">\n\n\t\t\t\t\t\t\t\t\t\t\t\t<span class=\"elementor-icon-list-icon\">\n\t\t\t\t\t\t\t<svg aria-hidden=\"true\" class=\"e-font-icon-svg e-far-check-circle\" viewbox=\"0 0 512 512\" xmlns=\"http:\/\/www.w3.org\/2000\/svg\"><path d=\"M256 8C119.033 8 8 119.033 8 256s111.033 248 248 248 248-111.033 248-248S392.967 8 256 8zm0 48c110.532 0 200 89.451 200 200 0 110.532-89.451 200-200 200-110.532 0-200-89.451-200-200 0-110.532 89.451-200 200-200m140.204 130.267l-22.536-22.718c-4.667-4.705-12.265-4.736-16.97-.068L215.346 303.697l-59.792-60.277c-4.667-4.705-12.265-4.736-16.97-.069l-22.719 22.536c-4.705 4.667-4.736 12.265-.068 16.971l90.781 91.516c4.667 4.705 12.265 4.736 16.97.068l172.589-171.204c4.704-4.668 4.734-12.266.067-16.971z\"><\/path><\/svg>\t\t\t\t\t\t<\/span>\n\t\t\t\t\t\t\t\t\t\t<span class=\"elementor-icon-list-text\">Kattints az FTMO Challenge szab\u00e1lyainak megtekint\u00e9s\u00e9hez<\/span>\n\t\t\t\t\t\t\t\t\t\t\t<\/a>\n\t\t\t\t\t\t\t\t\t<\/li>\n\t\t\t\t\t\t<\/ul>\n\t\t\t\t\t\t<\/div>\n\t\t\t\t<div class=\"elementor-element elementor-element-c798038 elementor-widget elementor-widget-html translation-block\" data-id=\"c798038\" data-element_type=\"widget\" data-widget_type=\"html.default\"><span>\n<strong>Darwinex Zero \u2014 Az \u00fat az alapkezel\u0151v\u00e9 v\u00e1l\u00e1shoz<\/strong><br><br>\n  <ul>\n    <li><strong>Jellemz\u0151k:<\/strong> Egyed\u00fcl\u00e1ll\u00f3 \"el\u0151fizet\u00e9s-alap\u00fa\" modell, vizsgid\u0151korl\u00e1tok n\u00e9lk\u00fcl. A hangs\u00faly a hossz\u00fa t\u00e1v\u00fa teljes\u00edtm\u00e9ny \u00e9p\u00edt\u00e9s\u00e9n van; a legjobbak k\u00f6zvetlen int\u00e9zm\u00e9nyi t\u0151keallok\u00e1ci\u00f3t kapnak.<\/li>\n    <li><strong>C\u00e9lk\u00f6z\u00f6ns\u00e9g:<\/strong> Keresked\u0151k, akik szeretn\u00e9nek megszabadulni a vizsganyom\u00e1st\u00f3l, \u00e9s azok, akik hossz\u00fa t\u00e1v\u00fa \"Asset Management\" karrierre v\u00e1gynak.<\/li>\n  <\/ul>\n<\/span><\/div>\n\t\t\t\t<div class=\"elementor-element elementor-element-c584754 elementor-icon-list--layout-inline elementor-list-item-link-inline elementor-widget elementor-widget-icon-list\" data-id=\"c584754\" data-element_type=\"widget\" data-widget_type=\"icon-list.default\">\n\t\t\t\t\t\t\t<ul class=\"elementor-icon-list-items elementor-inline-items\">\n\t\t\t\t\t\t\t<li class=\"elementor-icon-list-item elementor-inline-item\">\n\t\t\t\t\t\t\t\t\t\t\t<a href=\"https:\/\/www.darwinexzero.com?fpr=6a0yb2\" target=\"_blank\" rel=\"nofollow noopener\">\n\n\t\t\t\t\t\t\t\t\t\t\t\t<span class=\"elementor-icon-list-icon\">\n\t\t\t\t\t\t\t<svg aria-hidden=\"true\" class=\"e-font-icon-svg e-far-check-circle\" viewbox=\"0 0 512 512\" xmlns=\"http:\/\/www.w3.org\/2000\/svg\"><path d=\"M256 8C119.033 8 8 119.033 8 256s111.033 248 248 248 248-111.033 248-248S392.967 8 256 8zm0 48c110.532 0 200 89.451 200 200 0 110.532-89.451 200-200 200-110.532 0-200-89.451-200-200 0-110.532 89.451-200 200-200m140.204 130.267l-22.536-22.718c-4.667-4.705-12.265-4.736-16.97-.068L215.346 303.697l-59.792-60.277c-4.667-4.705-12.265-4.736-16.97-.069l-22.719 22.536c-4.705 4.667-4.736 12.265-.068 16.971l90.781 91.516c4.667 4.705 12.265 4.736 16.97.068l172.589-171.204c4.704-4.668 4.734-12.266.067-16.971z\"><\/path><\/svg>\t\t\t\t\t\t<\/span>\n\t\t\t\t\t\t\t\t\t\t<span class=\"elementor-icon-list-text\">Kattints az exkluz\u00edv 20%-os kedvezm\u00e9nyk\u00f3dod\u00e9rt<\/span>\n\t\t\t\t\t\t\t\t\t\t\t<\/a>\n\t\t\t\t\t\t\t\t\t<\/li>\n\t\t\t\t\t\t<\/ul>\n\t\t\t\t\t\t<\/div>\n\t\t\t\t<div class=\"elementor-element elementor-element-01023ef elementor-icon-list--layout-inline elementor-list-item-link-inline elementor-widget elementor-widget-icon-list\" data-id=\"01023ef\" data-element_type=\"widget\" data-widget_type=\"icon-list.default\">\n\t\t\t\t\t\t\t<ul class=\"elementor-icon-list-items elementor-inline-items\">\n\t\t\t\t\t\t\t<li class=\"elementor-icon-list-item elementor-inline-item\">\n\t\t\t\t\t\t\t\t\t\t\t<span class=\"elementor-icon-list-icon\">\n\t\t\t\t\t\t\t<svg aria-hidden=\"true\" class=\"e-font-icon-svg e-fas-bullhorn\" viewbox=\"0 0 576 512\" xmlns=\"http:\/\/www.w3.org\/2000\/svg\"><path d=\"M576 240c0-23.63-12.95-44.04-32-55.12V32.01C544 23.26 537.02 0 512 0c-7.12 0-14.19 2.38-19.98 7.02l-85.03 68.03C364.28 109.19 310.66 128 256 128H64c-35.35 0-64 28.65-64 64v96c0 35.35 28.65 64 64 64h33.7c-1.39 10.48-2.18 21.14-2.18 32 0 39.77 9.26 77.35 25.56 110.94 5.19 10.69 16.52 17.06 28.4 17.06h74.28c26.05 0 41.69-29.84 25.9-50.56-16.4-21.52-26.15-48.36-26.15-77.44 0-11.11 1.62-21.79 4.41-32H256c54.66 0 108.28 18.81 150.98 52.95l85.03 68.03a32.023 32.023 0 0 0 19.98 7.02c24.92 0 32-22.78 32-32V295.13C563.05 284.04 576 263.63 576 240zm-96 141.42l-33.05-26.44C392.95 311.78 325.12 288 256 288v-96c69.12 0 136.95-23.78 190.95-66.98L480 98.58v282.84z\"><\/path><\/svg>\t\t\t\t\t\t<\/span>\n\t\t\t\t\t\t\t\t\t\t<span class=\"elementor-icon-list-text\"><strong>Kedvezm\u00e9nyk\u00f3d:\u00a0<\/strong>ZEROPARTNER_20<\/span>\n\t\t\t\t\t\t\t\t\t<\/li>\n\t\t\t\t\t\t<\/ul>\n\t\t\t\t\t\t<\/div>\n\t\t\t\t<div class=\"elementor-element elementor-element-6c863f8 elementor-widget elementor-widget-heading\" data-id=\"6c863f8\" data-element_type=\"widget\" data-widget_type=\"heading.default\">\n\t\t\t\t\t<span class=\"elementor-heading-title elementor-size-default\">(Megjegyz\u00e9s: A linken kereszt\u00fcli regisztr\u00e1ci\u00f3 extra el\u0151ny\u00f6ket biztos\u00edt, \u00e9s t\u00e1mogatja az oldal m\u0171k\u00f6d\u00e9s\u00e9t.)<\/span>\t\t\t\t<\/div>\n\t\t\t\t<\/div>\n\t\t\t\t<div class=\"elementor-element elementor-element-6a1281a elementor-widget elementor-widget-html translation-block\" data-id=\"6a1281a\" data-element_type=\"widget\" data-widget_type=\"html.default\"><span>\n<h2><strong>K\u00f6vetkeztet\u00e9s: A diplomavizsga \u2014 A k\u00f6vetkez\u0151 l\u00e9p\u00e9sed<\/strong><\/h2>\nN\u00e9zz vissza az \u00fatra, amit bej\u00e1rt\u00e1l: elsaj\u00e1t\u00edtottad a szoftver haszn\u00e1lat\u00e1t, megtanultad a strat\u00e9gi\u00e1kat \u00e9s meg\u00e9rtetted a kock\u00e1zatkezel\u00e9st. Most m\u00e1r a kezedben van a jegy a megsokszorozott profithoz.<br><br>\n\n<h3><strong>\ud83c\udf93 Mikor \u00e9rdemes elkezdeni a kih\u00edv\u00e1st?<\/strong><\/h3>\nK\u00e9rlek, el\u0151sz\u00f6r \u00e9rd el az al\u00e1bbi <strong>\"Diplom\u00e1z\u00e1si felt\u00e9teleket\"<\/strong> egy demo sz\u00e1ml\u00e1n:<br><br>\n  <ol>\n    <li>R\u00f6gz\u00edtsd a demo sz\u00e1mla teljes\u00edtm\u00e9ny\u00e9t legal\u00e1bb 1 h\u00f3napig a <strong>Myfxbook<\/strong> seg\u00edts\u00e9g\u00e9vel.<\/li>\n    <li>Teljes\u00edtsd a mutat\u00f3kat: <strong>Profit Factor &gt; 1.5<\/strong> \u00e9s <strong>Max Drawdown &lt; 10%<\/strong>.<\/li>\n    <li>Ment\u00e1lis ellen\u0151rz\u00e9s: K\u00e9pes vagy k\u00f6vetkezetesen betartani a fegyelmet, \u00e9s abszol\u00fat nincs \"bossz\u00fakeresked\u00e9s\" (revenge trading).<\/li>\n  <\/ol><br>\n\nHa ezek a felt\u00e9telek teljes\u00fclnek, jelentkezz b\u00e1tran a legkisebb kih\u00edv\u00e1sra. Az a csek\u00e9ly regisztr\u00e1ci\u00f3s d\u00edj lesz a legmagasabb megt\u00e9r\u00fcl\u00e9s\u0171 (ROI) befektet\u00e9s a professzion\u00e1lis keresked\u0151v\u00e9 v\u00e1l\u00e1sod \u00fatj\u00e1n.<br><br>\n\n<strong>Sok szerencs\u00e9t a piacokon. Tal\u00e1lkozunk a halad\u00f3 kurzusokon.<\/strong><br><br>\n\n  \u2014 <strong>Mr.Forex<\/strong>\n<\/span><\/div>\n\t\t\t\t<div class=\"elementor-element elementor-element-b8c31ee elementor-icon-list--layout-inline elementor-list-item-link-inline elementor-widget elementor-widget-icon-list\" data-id=\"b8c31ee\" data-element_type=\"widget\" data-widget_type=\"icon-list.default\">\n\t\t\t\t\t\t\t<ul class=\"elementor-icon-list-items elementor-inline-items\">\n\t\t\t\t\t\t\t<li class=\"elementor-icon-list-item elementor-inline-item\">\n\t\t\t\t\t\t\t\t\t\t\t<a href=\"https:\/\/mister.forex\/hu\/ebook-hub\/\">\n\n\t\t\t\t\t\t\t\t\t\t\t\t<span class=\"elementor-icon-list-icon\">\n\t\t\t\t\t\t\t<svg aria-hidden=\"true\" class=\"e-font-icon-svg e-fas-home\" viewbox=\"0 0 576 512\" xmlns=\"http:\/\/www.w3.org\/2000\/svg\"><path d=\"M280.37 148.26L96 300.11V464a16 16 0 0 0 16 16l112.06-.29a16 16 0 0 0 15.92-16V368a16 16 0 0 1 16-16h64a16 16 0 0 1 16 16v95.64a16 16 0 0 0 16 16.05L464 480a16 16 0 0 0 16-16V300L295.67 148.26a12.19 12.19 0 0 0-15.3 0zM571.6 251.47L488 182.56V44.05a12 12 0 0 0-12-12h-56a12 12 0 0 0-12 12v72.61L318.47 43a48 48 0 0 0-61 0L4.34 251.47a12 12 0 0 0-1.6 16.9l25.5 31A12 12 0 0 0 45.15 301l235.22-193.74a12.19 12.19 0 0 1 15.3 0L530.9 301a12 12 0 0 0 16.9-1.6l25.5-31a12 12 0 0 0-1.7-16.93z\"><\/path><\/svg>\t\t\t\t\t\t<\/span>\n\t\t\t\t\t\t\t\t\t\t<span class=\"elementor-icon-list-text\">Vissza az e-k\u00f6nyv f\u0151oldal\u00e1ra<\/span>\n\t\t\t\t\t\t\t\t\t\t\t<\/a>\n\t\t\t\t\t\t\t\t\t<\/li>\n\t\t\t\t\t\t<\/ul>\n\t\t\t\t\t\t<\/div>\n\t\t\t\t\t<\/div>\n\t\t\t\t<\/div>\n\t\t\t\t<\/div>","protected":false},"excerpt":{"rendered":"<p>Fedezd fel a Prop Firm-ek m\u0171k\u00f6d\u00e9s\u00e9t: Ad\u00f3ss\u00e1g n\u00e9lk\u00fcl. Teljes\u00edtsd a ki\u00e9rt\u00e9kel\u00e9st, \u00e9s f\u00e9rj hozz\u00e1 100 000 USD feletti t\u0151k\u00e9hez 80%-os profitmegoszt\u00e1ssal! Mr.Forex megmutatja, hogyan v\u00e1ltsd a regisztr\u00e1ci\u00f3s d\u00edjat professzion\u00e1lis karrierr\u00e9, monetiz\u00e1ld tud\u00e1sod, \u00e9s t\u00f6rd \u00e1t a kis sz\u00e1ml\u00e1k korl\u00e1tait.<\/p>","protected":false},"author":1,"featured_media":66049,"parent":0,"menu_order":0,"comment_status":"closed","ping_status":"closed","template":"","meta":{"footnotes":""},"tags":[128],"class_list":["post-66033","page","type-page","status-publish","has-post-thumbnail","hentry","tag-no-google"],"_links":{"self":[{"href":"https:\/\/mister.forex\/hu\/wp-json\/wp\/v2\/pages\/66033","targetHints":{"allow":["GET"]}}],"collection":[{"href":"https:\/\/mister.forex\/hu\/wp-json\/wp\/v2\/pages"}],"about":[{"href":"https:\/\/mister.forex\/hu\/wp-json\/wp\/v2\/types\/page"}],"author":[{"embeddable":true,"href":"https:\/\/mister.forex\/hu\/wp-json\/wp\/v2\/users\/1"}],"replies":[{"embeddable":true,"href":"https:\/\/mister.forex\/hu\/wp-json\/wp\/v2\/comments?post=66033"}],"version-history":[{"count":39,"href":"https:\/\/mister.forex\/hu\/wp-json\/wp\/v2\/pages\/66033\/revisions"}],"predecessor-version":[{"id":71275,"href":"https:\/\/mister.forex\/hu\/wp-json\/wp\/v2\/pages\/66033\/revisions\/71275"}],"wp:featuredmedia":[{"embeddable":true,"href":"https:\/\/mister.forex\/hu\/wp-json\/wp\/v2\/media\/66049"}],"wp:attachment":[{"href":"https:\/\/mister.forex\/hu\/wp-json\/wp\/v2\/media?parent=66033"}],"wp:term":[{"taxonomy":"post_tag","embeddable":true,"href":"https:\/\/mister.forex\/hu\/wp-json\/wp\/v2\/tags?post=66033"}],"curies":[{"name":"wp","href":"https:\/\/api.w.org\/{rel}","templated":true}]}}