{"id":66268,"date":"2026-02-07T21:05:51","date_gmt":"2026-02-07T13:05:51","guid":{"rendered":"https:\/\/mister.forex\/?page_id=66268"},"modified":"2026-04-21T14:49:01","modified_gmt":"2026-04-21T06:49:01","slug":"hedge-fund-portfolio-logic","status":"publish","type":"page","link":"https:\/\/mister.forex\/hu\/hedge-fund-portfolio-logic\/","title":{"rendered":"Ne tegyen fel mindent egy lapra! A hedge fundok titka: Kvantitat\u00edv strat\u00e9gi\u00e1k \u00e9s eszk\u00f6zallok\u00e1ci\u00f3"},"content":{"rendered":"<div data-elementor-type=\"wp-page\" data-elementor-id=\"66268\" class=\"elementor elementor-66268\" data-elementor-post-type=\"page\">\n\t\t\t\t<div class=\"elementor-element elementor-element-e573153 e-flex e-con-boxed e-con e-parent\" data-id=\"e573153\" data-element_type=\"container\">\n\t\t\t\t\t<div class=\"e-con-inner\">\n\t\t\t\t<div class=\"elementor-element elementor-element-4658f0d elementor-widget elementor-widget-heading\" data-id=\"4658f0d\" data-element_type=\"widget\" data-widget_type=\"heading.default\">\n\t\t\t\t\t<h1 class=\"elementor-heading-title elementor-size-default\">Mi\u00e9rt nem tesznek fel mindent egy lapra a hedge fundok? A hossz\u00fa t\u00e1v\u00fa profit logik\u00e1ja<\/h1>\t\t\t\t<\/div>\n\t\t\t\t<div class=\"elementor-element elementor-element-52dd9d1 elementor-widget elementor-widget-html translation-block\" data-id=\"52dd9d1\" data-element_type=\"widget\" data-widget_type=\"html.default\"><span>\nA befektet\u00e9sek vil\u00e1g\u00e1ban a \u201eleger\u0151sebb egyetlen jel\u201d hajszol\u00e1sa gyakran a vesztes\u00e9gek kezdete. Mivel a piaci k\u00f6rnyezet folyamatosan v\u00e1ltozik, egyetlen algoritmus sem maradhat \u00f6r\u00f6kk\u00e9 legy\u0151zhetetlen.<br><br>\nA professzion\u00e1lis int\u00e9zm\u00e9nyek a <strong>\u201estrat\u00e9giai komplementarit\u00e1s\u201d<\/strong> r\u00e9v\u00e9n maradnak talpon hossz\u00fa t\u00e1von. \u00cdme az eszk\u00f6zallok\u00e1ci\u00f3 alapvet\u0151 logik\u00e1ja:\n<\/span><br><br>\n\n<span>\n<h2><strong>1. A piac v\u00e1ltozik, a strat\u00e9gi\u00e1j\u00e1nak kell egy \u201eB terv\u201d<\/strong><\/h2>\nA piaci mozg\u00e1sok \u00e1ltal\u00e1ban k\u00e9tf\u00e9l\u00e9k: <strong>Trend<\/strong> (er\u0151s emelked\u00e9s vagy es\u00e9s) \u00e9s <strong>Oldalaz\u00e1s<\/strong> (oda-vissza r\u00e1ngat\u00e1s).<br><br>\n<ul>\n    <li>Ha csak <strong>trendk\u00f6vet\u0151 strat\u00e9gi\u00e1ba<\/strong> fektet, sz\u00e1ml\u00e1ja folyamatos stop-lossokkal szembes\u00fcl, amikor a piac oldalazni kezd.<\/li><br>\n    <li>Ha csak <strong>ellen-trend strat\u00e9gi\u00e1ba<\/strong> fektet, sz\u00e1ml\u00e1ja jelent\u0151s lebeg\u0151 vesztes\u00e9get szenvedhet el egy egyir\u00e1ny\u00fa piaci kit\u00f6r\u00e9sn\u00e9l.<\/li>\n<\/ul>\n<br>\n<strong>A professzion\u00e1lis megk\u00f6zel\u00edt\u00e9s:<\/strong> Hagyja, hogy a k\u00fcl\u00f6nb\u00f6z\u0151 karakter\u0171 strat\u00e9gi\u00e1k fedezz\u00e9k egym\u00e1st. Amikor az egyik strat\u00e9gia oldalaz\u00e1skor vesz\u00edt, a m\u00e1sik profit\u00e1l a trendb\u0151l. Ez a \u201enegat\u00edv korrel\u00e1ci\u00f3\u201d az egyetlen \u00fat a sz\u00e1mlaegyenleg stabil n\u00f6veked\u00e9s\u00e9hez.\n<\/span><br><br>\n\n<span>\n<h2><strong>2. K\u00e9t alapvet\u0151 technol\u00f3gia: Komplementer kvantitat\u00edv keretrendszer<\/strong><\/h2>\nK\u00e9t k\u00fcl\u00f6nb\u00f6z\u0151 keresked\u00e9si strat\u00e9gi\u00e1t fejlesztett\u00fcnk ki a k\u00fcl\u00f6nf\u00e9le piaci k\u00f6rnyezetekhez, amelyek bel\u00e9p\u0151k\u00e9nt szolg\u00e1lnak a befektet\u0151knek:\n<\/span><\/div>\n\t\t\t\t<div class=\"elementor-element elementor-element-96d5a99 elementor-widget elementor-widget-html\" data-id=\"96d5a99\" data-element_type=\"widget\" data-widget_type=\"html.default\">\n\t\t\t\t\t<span>\n<ul>\n    <li class=\" translation-block\"><strong>Alpha Gold:<\/strong> A piaci \u00e1relt\u00e9r\u00e9sek meglovagl\u00e1s\u00e1ra specializ\u00e1l\u00f3dott. Min\u00e9l nagyobb az elt\u00e9r\u00e9s, ann\u00e1l nagyobb a profitpotenci\u00e1l. Ide\u00e1lis a robban\u00e1sszer\u0171 n\u00f6veked\u00e9st keres\u0151 befektet\u0151knek.<\/li><br>\n    \n    <li class=\" translation-block\"><strong>Quant Matrix:<\/strong> T\u00f6bb devizap\u00e1r statisztikai mint\u00e1zataira \u00e9s apr\u00f3 oszcill\u00e1ci\u00f3ira \u00f6sszpontos\u00edt. A v\u00e9gs\u0151 stabilit\u00e1sra t\u00f6rekszik, a profitot pedig a banki kamatokhoz hasonl\u00f3an halmozza fel.<\/li>\n<\/ul>\n<\/span>\t\t\t\t<\/div>\n\t\t\t\t<div class=\"elementor-element elementor-element-eaa015f elementor-widget elementor-widget-html translation-block\" data-id=\"eaa015f\" data-element_type=\"widget\" data-widget_type=\"html.default\"><span>\n<h2><strong>3. Fejl\u0151d\u00e9si \u00fat: Az alapokt\u00f3l az int\u00e9zm\u00e9nyi szintig<\/strong><\/h2>\nTudjuk, hogy a bizalomhoz id\u0151 kell, ez\u00e9rt teljes k\u00f6r\u0171 fejl\u0151d\u00e9si lehet\u0151s\u00e9get k\u00edn\u00e1lunk az alapokt\u00f3l a profi szintig:<br><br>\n<ul>\n    <li><strong>Alapszint\u0171 ellen\u0151rz\u00e9s:<\/strong> Kezdhet egy bel\u00e9p\u0151 szint\u0171 strat\u00e9gi\u00e1val, \u00e9s szem\u00e9lyesen \u00f6sszevetheti a <strong>Myfxbook<\/strong> adatait a val\u00f3s sz\u00e1mlateljes\u00edtm\u00e9nnyel.<\/li><br>\n    \n    <li><strong>Fokozatos b\u0151v\u00edt\u00e9s:<\/strong> A stabilit\u00e1s igazol\u00e1sa ut\u00e1n javasolt a trendk\u00f6vet\u0151 \u00e9s az oldalaz\u00f3 strat\u00e9gi\u00e1k kombin\u00e1l\u00e1sa a val\u00f3di kock\u00e1zatkezel\u00e9s \u00e9rdek\u00e9ben.<\/li><br>\n    \n    <li><strong>Befektet\u00e9si portf\u00f3li\u00f3:<\/strong> Megfelel\u0151 t\u0151kem\u00e9retn\u00e9l a rendszer \u00f6sszetettebb fedezeti logik\u00e1t alkalmaz, hedge fund szint\u0171 stabilit\u00e1st biztos\u00edtva.<\/li>\n<\/ul>\n<\/span><br>\n\n<span>\n<h2><strong>\u00d6sszegz\u00e9s: A legjobb befektet\u00e9s a bizonyoss\u00e1ggal kezd\u0151dik<\/strong><\/h2>\nA kvantitat\u00edv keresked\u00e9s nem var\u00e1zslat a gyors meggazdagod\u00e1shoz, hanem tudom\u00e1nyos racionalit\u00e1s. Ne kapkodjon, v\u00e1lasszon egy strat\u00e9gi\u00e1t, \u00e9s tapasztalja meg az automatiz\u00e1lt keresked\u00e9s fegyelm\u00e9t.\n<\/span><br><br>\n\n<span>\n<h2><strong>V\u00e1lassza ki az els\u0151 kvantitat\u00edv kiindul\u00f3pontj\u00e1t<\/strong><\/h2>\nA kvantitat\u00edv keresked\u00e9s tudom\u00e1ny. Kezdje egy strat\u00e9gi\u00e1val, \u00e9s tapasztalja meg a val\u00f3di automatiz\u00e1lt vagyonkezel\u00e9st:\n<\/span><\/div>\n\t\t\t\t<div class=\"elementor-element elementor-element-1c09d1f elementor-icon-list--layout-inline elementor-list-item-link-inline elementor-widget elementor-widget-icon-list\" data-id=\"1c09d1f\" data-element_type=\"widget\" data-widget_type=\"icon-list.default\">\n\t\t\t\t\t\t\t<ul class=\"elementor-icon-list-items elementor-inline-items\">\n\t\t\t\t\t\t\t<li class=\"elementor-icon-list-item elementor-inline-item\">\n\t\t\t\t\t\t\t\t\t\t\t<a href=\"https:\/\/mister.forex\/hu\/alpha-gold\/\">\n\n\t\t\t\t\t\t\t\t\t\t\t\t<span class=\"elementor-icon-list-icon\">\n\t\t\t\t\t\t\t<svg aria-hidden=\"true\" class=\"e-font-icon-svg e-far-check-circle\" viewbox=\"0 0 512 512\" xmlns=\"http:\/\/www.w3.org\/2000\/svg\"><path d=\"M256 8C119.033 8 8 119.033 8 256s111.033 248 248 248 248-111.033 248-248S392.967 8 256 8zm0 48c110.532 0 200 89.451 200 200 0 110.532-89.451 200-200 200-110.532 0-200-89.451-200-200 0-110.532 89.451-200 200-200m140.204 130.267l-22.536-22.718c-4.667-4.705-12.265-4.736-16.97-.068L215.346 303.697l-59.792-60.277c-4.667-4.705-12.265-4.736-16.97-.069l-22.719 22.536c-4.705 4.667-4.736 12.265-.068 16.971l90.781 91.516c4.667 4.705 12.265 4.736 16.97.068l172.589-171.204c4.704-4.668 4.734-12.266.067-16.971z\"><\/path><\/svg>\t\t\t\t\t\t<\/span>\n\t\t\t\t\t\t\t\t\t\t<span class=\"elementor-icon-list-text\">Alpha Gold \u00e9l\u0151 teljes\u00edtm\u00e9ny megtekint\u00e9se<\/span>\n\t\t\t\t\t\t\t\t\t\t\t<\/a>\n\t\t\t\t\t\t\t\t\t<\/li>\n\t\t\t\t\t\t<\/ul>\n\t\t\t\t\t\t<\/div>\n\t\t\t\t<div class=\"elementor-element elementor-element-29c4922 elementor-widget elementor-widget-heading\" data-id=\"29c4922\" data-element_type=\"widget\" data-widget_type=\"heading.default\">\n\t\t\t\t\t<span class=\"elementor-heading-title elementor-size-default\">(Ide\u00e1lis a robban\u00e1sszer\u0171 n\u00f6veked\u00e9st keres\u0151 \u00e9s az aranykeresked\u00e9st kedvel\u0151 befektet\u0151knek)<\/span>\t\t\t\t<\/div>\n\t\t\t\t<div class=\"elementor-element elementor-element-0b7b33a elementor-icon-list--layout-inline elementor-list-item-link-inline elementor-widget elementor-widget-icon-list\" data-id=\"0b7b33a\" data-element_type=\"widget\" data-widget_type=\"icon-list.default\">\n\t\t\t\t\t\t\t<ul class=\"elementor-icon-list-items elementor-inline-items\">\n\t\t\t\t\t\t\t<li class=\"elementor-icon-list-item elementor-inline-item\">\n\t\t\t\t\t\t\t\t\t\t\t<a href=\"https:\/\/mister.forex\/hu\/quant-matrix\/\">\n\n\t\t\t\t\t\t\t\t\t\t\t\t<span class=\"elementor-icon-list-icon\">\n\t\t\t\t\t\t\t<svg aria-hidden=\"true\" class=\"e-font-icon-svg e-far-check-circle\" viewbox=\"0 0 512 512\" xmlns=\"http:\/\/www.w3.org\/2000\/svg\"><path d=\"M256 8C119.033 8 8 119.033 8 256s111.033 248 248 248 248-111.033 248-248S392.967 8 256 8zm0 48c110.532 0 200 89.451 200 200 0 110.532-89.451 200-200 200-110.532 0-200-89.451-200-200 0-110.532 89.451-200 200-200m140.204 130.267l-22.536-22.718c-4.667-4.705-12.265-4.736-16.97-.068L215.346 303.697l-59.792-60.277c-4.667-4.705-12.265-4.736-16.97-.069l-22.719 22.536c-4.705 4.667-4.736 12.265-.068 16.971l90.781 91.516c4.667 4.705 12.265 4.736 16.97.068l172.589-171.204c4.704-4.668 4.734-12.266.067-16.971z\"><\/path><\/svg>\t\t\t\t\t\t<\/span>\n\t\t\t\t\t\t\t\t\t\t<span class=\"elementor-icon-list-text\">Quant Matrix \u00e9l\u0151 teljes\u00edtm\u00e9ny megtekint\u00e9se<\/span>\n\t\t\t\t\t\t\t\t\t\t\t<\/a>\n\t\t\t\t\t\t\t\t\t<\/li>\n\t\t\t\t\t\t<\/ul>\n\t\t\t\t\t\t<\/div>\n\t\t\t\t<div class=\"elementor-element elementor-element-6b74cb5 elementor-widget elementor-widget-heading\" data-id=\"6b74cb5\" data-element_type=\"widget\" data-widget_type=\"heading.default\">\n\t\t\t\t\t<span class=\"elementor-heading-title elementor-size-default\">(Ide\u00e1lis a stabilit\u00e1st keres\u0151 \u00e9s a sz\u00e1mla egyenletes n\u00f6veked\u00e9s\u00e9t k\u00edv\u00e1n\u00f3 befektet\u0151knek)<\/span>\t\t\t\t<\/div>\n\t\t\t\t<div class=\"elementor-element elementor-element-6319289 elementor-icon-list--layout-inline elementor-list-item-link-inline elementor-widget elementor-widget-icon-list\" data-id=\"6319289\" data-element_type=\"widget\" data-widget_type=\"icon-list.default\">\n\t\t\t\t\t\t\t<ul class=\"elementor-icon-list-items elementor-inline-items\">\n\t\t\t\t\t\t\t<li class=\"elementor-icon-list-item elementor-inline-item\">\n\t\t\t\t\t\t\t\t\t\t\t<a href=\"https:\/\/mister.forex\/hu\/calmar-ratio-investment-efficiency\/\">\n\n\t\t\t\t\t\t\t\t\t\t\t\t<span class=\"elementor-icon-list-icon\">\n\t\t\t\t\t\t\t<svg aria-hidden=\"true\" class=\"e-font-icon-svg e-far-check-circle\" viewbox=\"0 0 512 512\" xmlns=\"http:\/\/www.w3.org\/2000\/svg\"><path d=\"M256 8C119.033 8 8 119.033 8 256s111.033 248 248 248 248-111.033 248-248S392.967 8 256 8zm0 48c110.532 0 200 89.451 200 200 0 110.532-89.451 200-200 200-110.532 0-200-89.451-200-200 0-110.532 89.451-200 200-200m140.204 130.267l-22.536-22.718c-4.667-4.705-12.265-4.736-16.97-.068L215.346 303.697l-59.792-60.277c-4.667-4.705-12.265-4.736-16.97-.069l-22.719 22.536c-4.705 4.667-4.736 12.265-.068 16.971l90.781 91.516c4.667 4.705 12.265 4.736 16.97.068l172.589-171.204c4.704-4.668 4.734-12.266.067-16.971z\"><\/path><\/svg>\t\t\t\t\t\t<\/span>\n\t\t\t\t\t\t\t\t\t\t<span class=\"elementor-icon-list-text\">B\u00facs\u00fa a felf\u00fajt hozamokt\u00f3l: Calmar-r\u00e1ta elemz\u00e9s a stabil, profi eszk\u00f6zg\u00f6rb\u00e9\u00e9rt<\/span>\n\t\t\t\t\t\t\t\t\t\t\t<\/a>\n\t\t\t\t\t\t\t\t\t<\/li>\n\t\t\t\t\t\t<\/ul>\n\t\t\t\t\t\t<\/div>\n\t\t\t\t\t<\/div>\n\t\t\t\t<\/div>\n\t\t\t\t<\/div>","protected":false},"excerpt":{"rendered":"<p>Mi\u00e9rt nem tesznek fel a legjobb hedge fundok soha mindent egyetlen jelre? Ismerje meg az int\u00e9zm\u00e9nyi szint\u0171 \u201enegat\u00edv korrel\u00e1ci\u00f3s\u201d eszk\u00f6zallok\u00e1ci\u00f3t. Tanulja meg, hogyan \u00e1llhat ellen a piaci volatilit\u00e1snak portf\u00f3li\u00f3val, el\u00e9rve a profit\u00f6sszead\u00e1s \u00e9s kock\u00e1zatkiolt\u00e1s matematikai el\u0151ny\u00e9t. Ne keresse tov\u00e1bb a 100%-os Szent Gr\u00e1lt, V\u00e1ljon \u00d6n is profi befektet\u0151v\u00e9!<\/p>","protected":false},"author":1,"featured_media":66336,"parent":0,"menu_order":0,"comment_status":"closed","ping_status":"closed","template":"","meta":{"footnotes":""},"tags":[128],"class_list":["post-66268","page","type-page","status-publish","has-post-thumbnail","hentry","tag-no-google"],"_links":{"self":[{"href":"https:\/\/mister.forex\/hu\/wp-json\/wp\/v2\/pages\/66268","targetHints":{"allow":["GET"]}}],"collection":[{"href":"https:\/\/mister.forex\/hu\/wp-json\/wp\/v2\/pages"}],"about":[{"href":"https:\/\/mister.forex\/hu\/wp-json\/wp\/v2\/types\/page"}],"author":[{"embeddable":true,"href":"https:\/\/mister.forex\/hu\/wp-json\/wp\/v2\/users\/1"}],"replies":[{"embeddable":true,"href":"https:\/\/mister.forex\/hu\/wp-json\/wp\/v2\/comments?post=66268"}],"version-history":[{"count":12,"href":"https:\/\/mister.forex\/hu\/wp-json\/wp\/v2\/pages\/66268\/revisions"}],"predecessor-version":[{"id":70533,"href":"https:\/\/mister.forex\/hu\/wp-json\/wp\/v2\/pages\/66268\/revisions\/70533"}],"wp:featuredmedia":[{"embeddable":true,"href":"https:\/\/mister.forex\/hu\/wp-json\/wp\/v2\/media\/66336"}],"wp:attachment":[{"href":"https:\/\/mister.forex\/hu\/wp-json\/wp\/v2\/media?parent=66268"}],"wp:term":[{"taxonomy":"post_tag","embeddable":true,"href":"https:\/\/mister.forex\/hu\/wp-json\/wp\/v2\/tags?post=66268"}],"curies":[{"name":"wp","href":"https:\/\/api.w.org\/{rel}","templated":true}]}}