{"id":66480,"date":"2026-02-24T21:42:23","date_gmt":"2026-02-24T13:42:23","guid":{"rendered":"https:\/\/mister.forex\/?page_id=66480"},"modified":"2026-04-21T19:07:21","modified_gmt":"2026-04-21T11:07:21","slug":"ic-markets-mam-withdrawal-guide","status":"publish","type":"page","link":"https:\/\/mister.forex\/hu\/ic-markets-mam-withdrawal-guide\/","title":{"rendered":"IC Markets MAM kifizet\u00e9si \u00fatmutat\u00f3: Hogyan utalhat vissza p\u00e9nzt szem\u00e9lyes sz\u00e1ml\u00e1j\u00e1ra"},"content":{"rendered":"<div data-elementor-type=\"wp-page\" data-elementor-id=\"66480\" class=\"elementor elementor-66480\" data-elementor-post-type=\"page\">\n\t\t\t\t<div class=\"elementor-element elementor-element-99c3d86 e-flex e-con-boxed e-con e-parent\" data-id=\"99c3d86\" data-element_type=\"container\">\n\t\t\t\t\t<div class=\"e-con-inner\">\n\t\t\t\t<div class=\"elementor-element elementor-element-d947537 elementor-widget elementor-widget-spacer\" data-id=\"d947537\" data-element_type=\"widget\" data-widget_type=\"spacer.default\">\n\t\t\t\t\t\t\t<div class=\"elementor-spacer\">\n\t\t\t<div class=\"elementor-spacer-inner\"><\/div>\n\t\t<\/div>\n\t\t\t\t\t\t<\/div>\n\t\t\t\t<div class=\"elementor-element elementor-element-ff00f82 elementor-widget elementor-widget-heading\" data-id=\"ff00f82\" data-element_type=\"widget\" data-widget_type=\"heading.default\">\n\t\t\t\t\t<h1 class=\"elementor-heading-title elementor-size-default\">IC Markets MAM p\u00e9nzfelv\u00e9tel<\/h1>\t\t\t\t<\/div>\n\t\t\t\t<div class=\"elementor-element elementor-element-31aee80 elementor-widget elementor-widget-text-editor\" data-id=\"31aee80\" data-element_type=\"widget\" data-widget_type=\"text-editor.default\">\n\t\t\t\t\t\t\t\t\t<p class=\" translation-block\">A <strong>MAM<\/strong> alsz\u00e1ml\u00e1r\u00f3l a szem\u00e9lyes sz\u00e1ml\u00e1j\u00e1ra t\u00f6rt\u00e9n\u0151 kifizet\u00e9shez k\u00f6vesse az al\u00e1bbi l\u00e9p\u00e9seket.<\/p>\t\t\t\t\t\t\t\t<\/div>\n\t\t\t\t<div class=\"elementor-element elementor-element-cd0858e elementor-icon-list--layout-inline elementor-list-item-link-inline elementor-widget elementor-widget-icon-list\" data-id=\"cd0858e\" data-element_type=\"widget\" data-widget_type=\"icon-list.default\">\n\t\t\t\t\t\t\t<ul class=\"elementor-icon-list-items elementor-inline-items\">\n\t\t\t\t\t\t\t<li class=\"elementor-icon-list-item elementor-inline-item\">\n\t\t\t\t\t\t\t\t\t\t\t<a href=\"https:\/\/mister.forex\/wp-content\/uploads\/2026\/02\/MAM-Transfer-ICM-Raw-Trading.pdf\" target=\"_blank\">\n\n\t\t\t\t\t\t\t\t\t\t\t\t<span class=\"elementor-icon-list-icon\">\n\t\t\t\t\t\t\t<svg aria-hidden=\"true\" class=\"e-font-icon-svg e-fas-file-download\" viewbox=\"0 0 384 512\" xmlns=\"http:\/\/www.w3.org\/2000\/svg\"><path d=\"M224 136V0H24C10.7 0 0 10.7 0 24v464c0 13.3 10.7 24 24 24h336c13.3 0 24-10.7 24-24V160H248c-13.2 0-24-10.8-24-24zm76.45 211.36l-96.42 95.7c-6.65 6.61-17.39 6.61-24.04 0l-96.42-95.7C73.42 337.29 80.54 320 94.82 320H160v-80c0-8.84 7.16-16 16-16h32c8.84 0 16 7.16 16 16v80h65.18c14.28 0 21.4 17.29 11.27 27.36zM377 105L279.1 7c-4.5-4.5-10.6-7-17-7H256v128h128v-6.1c0-6.3-2.5-12.4-7-16.9z\"><\/path><\/svg>\t\t\t\t\t\t<\/span>\n\t\t\t\t\t\t\t\t\t\t<span class=\"elementor-icon-list-text\">IC Markets p\u00e9nz\u00e1tutal\u00e1si \u0171rlap let\u00f6lt\u00e9se<\/span>\n\t\t\t\t\t\t\t\t\t\t\t<\/a>\n\t\t\t\t\t\t\t\t\t<\/li>\n\t\t\t\t\t\t<\/ul>\n\t\t\t\t\t\t<\/div>\n\t\t\t\t<div class=\"elementor-element elementor-element-b36adde elementor-icon-list--layout-inline elementor-list-item-link-inline elementor-widget elementor-widget-icon-list\" data-id=\"b36adde\" data-element_type=\"widget\" data-widget_type=\"icon-list.default\">\n\t\t\t\t\t\t\t<ul class=\"elementor-icon-list-items elementor-inline-items\">\n\t\t\t\t\t\t\t<li class=\"elementor-icon-list-item elementor-inline-item\">\n\t\t\t\t\t\t\t\t\t\t\t<a href=\"https:\/\/www.sejda.com\/pdf-editor\" target=\"_blank\" rel=\"nofollow noopener\">\n\n\t\t\t\t\t\t\t\t\t\t\t\t<span class=\"elementor-icon-list-icon\">\n\t\t\t\t\t\t\t<svg aria-hidden=\"true\" class=\"e-font-icon-svg e-fas-pencil-alt\" viewbox=\"0 0 512 512\" xmlns=\"http:\/\/www.w3.org\/2000\/svg\"><path d=\"M497.9 142.1l-46.1 46.1c-4.7 4.7-12.3 4.7-17 0l-111-111c-4.7-4.7-4.7-12.3 0-17l46.1-46.1c18.7-18.7 49.1-18.7 67.9 0l60.1 60.1c18.8 18.7 18.8 49.1 0 67.9zM284.2 99.8L21.6 362.4.4 483.9c-2.9 16.4 11.4 30.6 27.8 27.8l121.5-21.3 262.6-262.6c4.7-4.7 4.7-12.3 0-17l-111-111c-4.8-4.7-12.4-4.7-17.1 0zM124.1 339.9c-5.5-5.5-5.5-14.3 0-19.8l154-154c5.5-5.5 14.3-5.5 19.8 0s5.5 14.3 0 19.8l-154 154c-5.5 5.5-14.3 5.5-19.8 0zM88 424h48v36.3l-64.5 11.3-31.1-31.1L51.7 376H88v48z\"><\/path><\/svg>\t\t\t\t\t\t<\/span>\n\t\t\t\t\t\t\t\t\t\t<span class=\"elementor-icon-list-text\">Kit\u00f6lt\u00e9s \u00e9s al\u00e1\u00edr\u00e1s online, egyszer\u0171en ezzel az eszk\u00f6zzel.<\/span>\n\t\t\t\t\t\t\t\t\t\t\t<\/a>\n\t\t\t\t\t\t\t\t\t<\/li>\n\t\t\t\t\t\t<\/ul>\n\t\t\t\t\t\t<\/div>\n\t\t\t\t<div class=\"elementor-element elementor-element-d13ecca elementor-widget elementor-widget-html translation-block\" data-id=\"d13ecca\" data-element_type=\"widget\" data-widget_type=\"html.default\"><span>\n<h2><strong>I. Kit\u00f6lt\u00e9si \u00fatmutat\u00f3<\/strong><\/h2>\nEz az \u0171rlap az al\u00e1bbi r\u00e9szekre oszlik. K\u00e9rj\u00fck, kiz\u00e1r\u00f3lag angol nyelven t\u00f6ltse ki:<br>\n<br>\n<strong>1. Your Details<\/strong><br><br>\n<ul>\n    <li><strong>First\/Last Name<\/strong>: Az \u00d6n neve angolul, meg kell egyeznie a sz\u00e1mlanyit\u00e1skor haszn\u00e1lt okm\u00e1nyon szerepl\u0151 n\u00e9vvel.<\/li>\n    <li><strong>Email\/Phone<\/strong>: Regisztr\u00e1lt e-mail c\u00edme \u00e9s telefonsz\u00e1ma.<\/li>\n    <li><strong>Sub Account Number<\/strong>: T\u00f6ltse ki a MAM alsz\u00e1mla sz\u00e1m\u00e1t, amelyr\u0151l p\u00e9nzt k\u00edv\u00e1n felvenni.<\/li>\n    <li><strong>Date<\/strong>: T\u00f6ltse ki a k\u00e9relem d\u00e1tum\u00e1t.<\/li>\n<\/ul>\n<img class=\"aligncenter size-large wp-image-66512\" src=\"https:\/\/mister.forex\/wp-content\/uploads\/2026\/02\/IC-Markets-MAM-Transfer-01-1200x305.webp\" alt=\"\" width=\"800\" height=\"203\" \/>\n<br>\n\n<strong>2. Your Money Managers Details<\/strong><br><br>\n<ul>\n    <li><strong>First\/Last Name<\/strong>: Strat\u00e9giamenedzser neve (el\u0151re kit\u00f6ltve).<\/li>\n    <li><strong>Company\/MAM Name<\/strong>: Strat\u00e9gia neve, pl.: Alpha Gold.<\/li>\n<\/ul>\n<br>\n<img class=\"aligncenter size-large wp-image-66513\" src=\"https:\/\/mister.forex\/wp-content\/uploads\/2026\/02\/IC-Markets-MAM-Transfer-02-1200x212.webp\" alt=\"\" width=\"800\" height=\"141\" \/>\n<br>\n<strong>3. Transfer Amount<\/strong><br><br>\n<ul>\n    <li><strong>Transfer Amount<\/strong>: Az \u00e1tutalni k\u00edv\u00e1nt \u00f6sszeg sz\u00e1mokkal.<\/li>\n    <li><strong>Amount in Words<\/strong>: Az \u00f6sszeg bet\u0171vel angolul, pl.: One Thousand.<\/li>\n    <li><strong>Receiving ICM Account<\/strong>: A szem\u00e9lyes keresked\u00e9si sz\u00e1mla sz\u00e1ma, amelyre az \u00f6sszeget kapni szeretn\u00e9.<\/li>\n    <li><strong>Currency<\/strong>: P\u00e9nznem t\u00edpusa, alap\u00e9rtelmezett az USD.<\/li>\n<\/ul>\n<br>\n<img class=\"aligncenter size-large wp-image-66514\" src=\"https:\/\/mister.forex\/wp-content\/uploads\/2026\/02\/IC-Markets-MAM-Transfer-03-1200x340.webp\" alt=\"\" width=\"800\" height=\"227\" \/>\n<br>\n<strong>4. Checkboxes<\/strong><br><br>\n<ul>\n    <li><strong>Does your account currently have open trades?<\/strong>: Jel\u00f6lje be, ha a sz\u00e1ml\u00e1n vannak nyitott poz\u00edci\u00f3k; a rendszer \u00e1tutal\u00e1skor ar\u00e1nyosan lez\u00e1rja a poz\u00edci\u00f3kat.<\/li>\n    <li><strong>Are you transferring your balance?<\/strong>: Jel\u00f6lje be, ha az alsz\u00e1mla teljes egyenleg\u00e9t \u00e1t k\u00edv\u00e1nja utalni.<\/li>\n<\/ul>\n<br>\n<img class=\"aligncenter size-large wp-image-66515\" src=\"https:\/\/mister.forex\/wp-content\/uploads\/2026\/02\/IC-Markets-MAM-Transfer-04-1200x102.webp\" alt=\"\" width=\"800\" height=\"68\" \/>\n<br>\n<h2><strong>II. Al\u00e1\u00edr\u00e1s \u00e9s bek\u00fcld\u00e9s<\/strong><\/h2>\n<ul>\n    <li><strong>Signature<\/strong>: K\u00e9rj\u00fck, \u00edrja al\u00e1 k\u00e9zzel vagy elektronikusan; az al\u00e1\u00edr\u00e1snak meg kell egyeznie a sz\u00e1mlanyit\u00e1skor megadottal.<\/li>\n    <li><strong>E-mail k\u00fcld\u00e9se<\/strong>: Fot\u00f3zza le vagy szkennelje be a kit\u00f6lt\u00f6tt \u0171rlapot, \u00e9s k\u00fcldje el mell\u00e9kletk\u00e9nt az <strong>IC Markets<\/strong> r\u00e9sz\u00e9re (<a href=\"mailto:accounts@icmarkets.com\" target=\"_blank\" rel=\"nofollow noopener\">accounts@icmarkets.com<\/a>).<\/li>\n    <li><strong>M\u00e1solat (CC)<\/strong>: Egyidej\u0171leg k\u00fcldj\u00f6n m\u00e1solatot a <strong>Mr.Forex<\/strong> r\u00e9sz\u00e9re is (<a href=\"mailto:support@mister.forex\" target=\"_blank\" rel=\"nofollow noopener\">support@mister.forex<\/a>) a gyors visszaigazol\u00e1s \u00e9rdek\u00e9ben.<\/li>\n<\/ul>\n<br>\n<img class=\"aligncenter size-large wp-image-66516\" src=\"https:\/\/mister.forex\/wp-content\/uploads\/2026\/02\/IC-Markets-MAM-Transfer-05-1200x335.webp\" alt=\"\" width=\"800\" height=\"223\" \/>\n<h2><strong>III. Fontos megjegyz\u00e9sek<\/strong><\/h2>\n<ul>\n    <li><strong>Visszaigazol\u00e1si folyamat<\/strong>: K\u00e9relm\u00e9nek be\u00e9rkez\u00e9se ut\u00e1n az IC Markets csak akkor hajtja v\u00e9gre az \u00e1tutal\u00e1st, miut\u00e1n a strat\u00e9giamenedzser visszaigazolta a k\u00e9r\u00e9s be\u00e9rkez\u00e9s\u00e9t.<\/li>\n    <li><strong>Poz\u00edci\u00f3kezel\u00e9s<\/strong>: Mivel a MAM ar\u00e1nyos keresked\u00e9st alkalmaz, a p\u00e9nzfelv\u00e9tel \u00e1ltal\u00e1ban bizonyos poz\u00edci\u00f3k lez\u00e1r\u00e1s\u00e1t ig\u00e9nyli, ami megfelel\u0151 nyeres\u00e9g- vagy vesztes\u00e9gelsz\u00e1mol\u00e1st eredm\u00e9nyez.<\/li>\n<\/ul>\n<\/span><\/div>\n\t\t\t\t<div class=\"elementor-element elementor-element-eb9e9d4 elementor-widget elementor-widget-spacer\" data-id=\"eb9e9d4\" data-element_type=\"widget\" data-widget_type=\"spacer.default\">\n\t\t\t\t\t\t\t<div class=\"elementor-spacer\">\n\t\t\t<div class=\"elementor-spacer-inner\"><\/div>\n\t\t<\/div>\n\t\t\t\t\t\t<\/div>\n\t\t\t\t\t<\/div>\n\t\t\t\t<\/div>\n\t\t\t\t<\/div>","protected":false},"excerpt":{"rendered":"<p>Ez az \u00fatmutat\u00f3 seg\u00edt az IC Markets MAM \u00e1tutal\u00e1si \u0171rlap kit\u00f6lt\u00e9s\u00e9ben, hogy sikeresen kifizethesse az \u00f6sszeget a MAM-alsz\u00e1ml\u00e1j\u00e1r\u00f3l a szem\u00e9lyes sz\u00e1ml\u00e1j\u00e1ra. Tartalmazza az \u00f6sszeg megad\u00e1s\u00e1t, az alsz\u00e1mla adatait \u00e9s a hivatalos e-mail-k\u00fcld\u00e9si folyamatot a gyors \u00e9s \u00e1tl\u00e1that\u00f3 kifizet\u00e9s biztos\u00edt\u00e1sa \u00e9rdek\u00e9ben.<\/p>","protected":false},"author":1,"featured_media":66487,"parent":0,"menu_order":0,"comment_status":"closed","ping_status":"closed","template":"","meta":{"footnotes":""},"tags":[128],"class_list":["post-66480","page","type-page","status-publish","has-post-thumbnail","hentry","tag-no-google"],"_links":{"self":[{"href":"https:\/\/mister.forex\/hu\/wp-json\/wp\/v2\/pages\/66480","targetHints":{"allow":["GET"]}}],"collection":[{"href":"https:\/\/mister.forex\/hu\/wp-json\/wp\/v2\/pages"}],"about":[{"href":"https:\/\/mister.forex\/hu\/wp-json\/wp\/v2\/types\/page"}],"author":[{"embeddable":true,"href":"https:\/\/mister.forex\/hu\/wp-json\/wp\/v2\/users\/1"}],"replies":[{"embeddable":true,"href":"https:\/\/mister.forex\/hu\/wp-json\/wp\/v2\/comments?post=66480"}],"version-history":[{"count":3,"href":"https:\/\/mister.forex\/hu\/wp-json\/wp\/v2\/pages\/66480\/revisions"}],"predecessor-version":[{"id":70548,"href":"https:\/\/mister.forex\/hu\/wp-json\/wp\/v2\/pages\/66480\/revisions\/70548"}],"wp:featuredmedia":[{"embeddable":true,"href":"https:\/\/mister.forex\/hu\/wp-json\/wp\/v2\/media\/66487"}],"wp:attachment":[{"href":"https:\/\/mister.forex\/hu\/wp-json\/wp\/v2\/media?parent=66480"}],"wp:term":[{"taxonomy":"post_tag","embeddable":true,"href":"https:\/\/mister.forex\/hu\/wp-json\/wp\/v2\/tags?post=66480"}],"curies":[{"name":"wp","href":"https:\/\/api.w.org\/{rel}","templated":true}]}}