{"id":67265,"date":"2026-03-08T21:50:21","date_gmt":"2026-03-08T13:50:21","guid":{"rendered":"https:\/\/mister.forex\/?page_id=67265"},"modified":"2026-04-22T08:37:32","modified_gmt":"2026-04-22T00:37:32","slug":"maximum-drawdown-mdd-investment-risk-guide","status":"publish","type":"page","link":"https:\/\/mister.forex\/hu\/maximum-drawdown-mdd-investment-risk-guide\/","title":{"rendered":"50% vesztes\u00e9ghez 100% profit kell? Az MDD csapda \u00e9s professzion\u00e1lis kock\u00e1zatkezel\u00e9s"},"content":{"rendered":"<div data-elementor-type=\"wp-page\" data-elementor-id=\"67265\" class=\"elementor elementor-67265\" data-elementor-post-type=\"page\">\n\t\t\t\t<div class=\"elementor-element elementor-element-7776ca1 e-flex e-con-boxed e-con e-parent\" data-id=\"7776ca1\" data-element_type=\"container\">\n\t\t\t\t\t<div class=\"e-con-inner\">\n\t\t\t\t<div class=\"elementor-element elementor-element-3384b88 elementor-widget elementor-widget-heading\" data-id=\"3384b88\" data-element_type=\"widget\" data-widget_type=\"heading.default\">\n\t\t\t\t\t<h1 class=\"elementor-heading-title elementor-size-default\">A vagyoncs\u00f6kken\u00e9s \u201ehal\u00e1los csapd\u00e1ja\u201d: Mi\u00e9rt fontosabb az MDD a profiknak, mint a hozam?<\/h1>\t\t\t\t<\/div>\n\t\t\t\t<div class=\"elementor-element elementor-element-cc0096f elementor-widget elementor-widget-html translation-block\" data-id=\"cc0096f\" data-element_type=\"widget\" data-widget_type=\"html.default\"><span>\n<h2><strong>\ud83d\udccc Bevezet\u00e9s: A befektet\u00e9s legnagyobb t\u00e1vols\u00e1ga a \u201evisszanyer\u00e9s\u201d t\u00e1vols\u00e1ga<\/strong><\/h2>\nK\u00e9pzelje el a 100 egys\u00e9get, amit \u00e9vekig tart\u00f3 kem\u00e9ny munk\u00e1val sp\u00f3rolt meg. Befekteti, de a piac hirtelen ingadozni kezd, \u00e9s mind\u00f6ssze k\u00e9t h\u00e9t alatt az \u00f6sszege 70 egys\u00e9gre zsugorodik.<br><br>\nEz az elt\u0171nt 30 egys\u00e9g nem csak egy sz\u00e1m; jelentheti a lak\u00e1sv\u00e1s\u00e1rl\u00e1si \u00f6ner\u0151t, gyermeke tan\u00edttat\u00e1s\u00e1t, vagy ak\u00e1r a nyugd\u00edjba vonul\u00e1s \u00f6t \u00e9ves k\u00e9sleltet\u00e9s\u00e9t is. Ez a hatalmas pszichol\u00f3giai nyom\u00e1s gyakran vezet \u201ep\u00e1nikelad\u00e1shoz\u201d a piac alj\u00e1n, pont a hajnal el\u0151tt, amikor a rem\u00e9nytelennek t\u0171nik a helyzet.<br><br>\nHa megk\u00e9rdez egy kezd\u0151t: \u201eMi a befektet\u00e9si c\u00e9lod?\u201d, tal\u00e1n azt mondja: \u201e\u00c9vi 50% nyeres\u00e9g\u201d.<br>\nDe ha egy profi keresked\u0151t k\u00e9rdez: \u201eMit tartasz a legfontosabbnak?\u201d, biztosan azt fogja mondani: <strong>\u201eMaxim\u00e1lis visszaes\u00e9s (Maximum Drawdown - MDD)\u201d.<\/strong><br><br>\nMert a p\u00e9nz\u00fcgyi piacokon <strong>t\u00fal\u00e9lni sokkal fontosabb, mint nagyot kasz\u00e1lni.<\/strong>\n<\/span><br><br>\n\n<span>\n<h2><strong>\ud83d\udccc Mi az a maxim\u00e1lis visszaes\u00e9s (MDD)?<\/strong><\/h2>\nEgyszer\u0171en fogalmazva: az MDD azt a legnagyobb vesztes\u00e9get jelenti, amely egy adott id\u0151szakban a <strong>\u201ecs\u00facspontt\u00f3l (Peak)\u201d<\/strong> a <strong>\u201em\u00e9lypontig (Trough)\u201d<\/strong> k\u00f6vetkezik be, miel\u0151tt \u00faj cs\u00facsot \u00e9rne el az eszk\u00f6z.<br>\n<blockquote style=\"background-color: #f8fafc;border: 1px solid #2D4273;padding: 16px;margin: 20px 6px;color: #1e293b;border-radius: 6px;text-align: center\">\n    <strong>MDD = (Cs\u00facsponti \u00e1r - M\u00e9lyponti \u00e1r) \/ Cs\u00facsponti \u00e1r<\/strong>\n<\/blockquote>\nFigyelem! Ez nem azt jelenti, hogy \u201emennyit esett ma a tegnapihoz k\u00e9pest\u201d, hanem a sz\u00e1ml\u00e1ja valaha el\u00e9rt \u201ef\u00e9nypontja\u201d \u00e9s az azt k\u00f6vet\u0151 \u201elegrosszabb pillanat\u201d k\u00f6z\u00f6tti t\u00e1vols\u00e1got. Am\u00edg az eszk\u00f6z nem \u00e9r el \u00faj cs\u00facsot, a visszaes\u00e9s okozta pszichol\u00f3giai \u00e1rny\u00e9k megmarad.<br><br>\nEzenk\u00edv\u00fcl a profi befektet\u0151k jobban t\u00f6r\u0151dnek a <strong>\u201ehelyre\u00e1ll\u00e1si id\u0151vel (Recovery Time)\u201d<\/strong> \u2013 mennyi id\u0151be telik visszakapaszkodni a kiindul\u00f3pontra? A leger\u0151sebb strat\u00e9gi\u00e1k nemcsak keveset esnek, hanem \u201egyorsan gy\u00f3gyulnak\u201d is.\n<\/span><br><br>\n\n<span>\n<h2><strong>\ud83d\udccc A matematika kegyetlen igazs\u00e1ga: Mi\u00e9rt nehezebb visszanyerni a nagyobb vesztes\u00e9get?<\/strong><\/h2>\nSokan azt gondolj\u00e1k: \u201eNem baj, ha 50%-ot esik, majd keresek 50%-ot \u00e9s visszaj\u00f6tt a p\u00e9nzem.\u201d<br>\nEz a befektet\u00e9s legv\u00e9gzetesebb matematikai t\u00e9ved\u00e9se!<br><br>\nAmikor a t\u0151k\u00e9je zsugorodik, \u201ekisebb b\u00e1zisr\u00f3l\u201d kell \u201enagyobb sz\u00e1zal\u00e9kos n\u00f6veked\u00e9st\u201d el\u00e9rnie ahhoz, hogy nullszald\u00f3s legyen. Ez az \u00fagynevezett <strong>nyeres\u00e9g-vesztes\u00e9g aszimmetria<\/strong>:<br><br>\n\n<div style=\"margin-bottom: 25px\">\n    <table style=\"width: 100%;min-width: 500px;border-collapse: separate;border-spacing: 0;border: 1px solid #2D4273;border-radius: 6px;text-align: center;font-family: 'Inter', sans-serif;overflow: hidden\">\n        <thead>\n            <tr style=\"background-color: #2D4273;color: #ffffff\">\n                <th style=\"padding: 15px;border-right: 1px solid #ffffff;border-bottom: 1px solid #2D4273\"><strong>Sz\u00e1mlavesztes\u00e9g (MDD)<\/strong><\/th>\n                <th style=\"padding: 15px;border-right: 1px solid #ffffff;border-bottom: 1px solid #2D4273\"><strong>Sz\u00fcks\u00e9ges emelked\u00e9s<\/strong><\/th>\n                <th style=\"padding: 15px;border-bottom: 1px solid #2D4273\"><strong>Neh\u00e9zs\u00e9gi szint<\/strong><\/th>\n            <\/tr>\n        <\/thead>\n        <tbody>\n            <tr>\n                <td style=\"padding: 15px;border-right: 1px solid #2D4273;border-bottom: 1px solid #2D4273\">-10%<\/td>\n                <td style=\"padding: 15px;border-right: 1px solid #2D4273;border-bottom: 1px solid #2D4273\">+11%<\/td>\n                <td style=\"padding: 15px;border-bottom: 1px solid #2D4273\">K\u00f6nnyen jav\u00edthat\u00f3<\/td>\n            <\/tr>\n            <tr>\n                <td style=\"padding: 15px;border-right: 1px solid #2D4273;border-bottom: 1px solid #2D4273\">-20%<\/td>\n                <td style=\"padding: 15px;border-right: 1px solid #2D4273;border-bottom: 1px solid #2D4273\">+25%<\/td>\n                <td style=\"padding: 15px;border-bottom: 1px solid #2D4273\">M\u00e9g elfogadhat\u00f3<\/td>\n            <\/tr>\n            <tr>\n                <td style=\"padding: 15px;border-right: 1px solid #2D4273;border-bottom: 1px solid #2D4273\">-30%<\/td>\n                <td style=\"padding: 15px;border-right: 1px solid #2D4273;border-bottom: 1px solid #2D4273\">+43%<\/td>\n                <td style=\"padding: 15px;border-bottom: 1px solid #2D4273\">Kezd neh\u00e9zz\u00e9 v\u00e1lni<\/td>\n            <\/tr>\n            <tr style=\"background-color: #fffafa\">\n                <td style=\"padding: 15px;border-right: 1px solid #2D4273;border-bottom: 1px solid #2D4273\"><strong style=\"color: #db473e\">-50%<\/strong><\/td>\n                <td style=\"padding: 15px;border-right: 1px solid #2D4273;border-bottom: 1px solid #2D4273\"><strong style=\"color: #db473e\">+100%<\/strong><\/td>\n                <td style=\"padding: 15px;border-bottom: 1px solid #2D4273\"><strong style=\"color: #db473e\">Dupla neh\u00e9zs\u00e9g (Extr\u00e9m)<\/strong><\/td>\n            <\/tr>\n            <tr>\n                <td style=\"padding: 15px;border-right: 1px solid #2D4273;border-bottom: 1px solid #2D4273\">-70%<\/td>\n                <td style=\"padding: 15px;border-right: 1px solid #2D4273;border-bottom: 1px solid #2D4273\">+233%<\/td>\n                <td style=\"padding: 15px;border-bottom: 1px solid #2D4273\">Szinte lehetetlen<\/td>\n            <\/tr>\n            <tr>\n                <td style=\"padding: 15px;border-right: 1px solid #2D4273\">-90%<\/td>\n                <td style=\"padding: 15px;border-right: 1px solid #2D4273\">+900%<\/td>\n                <td style=\"padding: 15px\">Javasolt az \u00fajrastrat\u00e9gia<\/td>\n            <\/tr>\n        <\/tbody>\n    <\/table>\n<\/div>\n\n<strong>K\u00f6vetkeztet\u00e9s:<\/strong> A befektet\u00e9sek vil\u00e1g\u00e1ban a vesztes\u00e9g line\u00e1risan n\u0151, de a visszanyer\u00e9s neh\u00e9zs\u00e9ge <strong>exponenci\u00e1lisan<\/strong> emelkedik. Amikor az MDD el\u00e9ri az 50%-ot, nem befektet\u00e9sre, hanem csod\u00e1ra (+100% n\u00f6veked\u00e9s) van sz\u00fcks\u00e9ge a kiindul\u00f3pont el\u00e9r\u00e9s\u00e9hez.\n<\/span><br><br>\n\n<span>\n<h2><strong>\ud83d\udccc Mi\u00e9rt az MDD hat\u00e1rozza meg a vagyona fels\u0151 hat\u00e1r\u00e1t?<\/strong><\/h2>\n<ul>\n    <li><strong>Eld\u00f6nti, hogy \u201ekiesik-e a j\u00e1t\u00e9kb\u00f3l\u201d:<\/strong> Az MDD m\u00e9ri a pszichol\u00f3giai t\u0171r\u0151k\u00e9pess\u00e9get. Amikor a sz\u00e1mla jelent\u0151sen zsugorodik, az agy v\u00e9dekez\u0151 mechanizmusai bekapcsolnak, ami gyakran irracion\u00e1lis d\u00f6nt\u00e9sekhez vezet. Ha nem b\u00edrja el a 30%-os visszaes\u00e9st, nem fogja tudni tartani az eszk\u00f6zt addig, am\u00edg az megt\u00edzszerezi az \u00e9rt\u00e9k\u00e9t.<\/li><br>\n\n    <li><strong>Rombolja a kamatos kamat erej\u00e9t:<\/strong> A kamatos kamatnak id\u0151re van sz\u00fcks\u00e9ge, a s\u00falyos visszaes\u00e9sek pedig \u201eszakad\u00e9kok\u201d ezen az \u00faton. Az \u00e9vi 10%-os stabil n\u00f6veked\u00e9s nagyszer\u0171, de egyetlen 50%-os MDD \u00e9v azt jelenti, hogy \u00e9veket pazarol el csak a \u201enullszald\u00f3\u201d el\u00e9r\u00e9s\u00e9re.<\/li><br>\n\n    <li><strong>Ez a \u201eCalmar-r\u00e1ta\u201d lelke:<\/strong> Calmar-r\u00e1ta = \u00c9ves\u00edtett hozam \/ Maxim\u00e1lis visszaes\u00e9s. Ha figyelmen k\u00edv\u00fcl hagyja az MDD-t, a hozam (CAGR) csak \u00fcres sz\u00e1m. Egy 100%-os hozam\u00fa, de 80%-os MDD-vel rendelkez\u0151 eszk\u00f6z val\u00f3j\u00e1ban egy vesz\u00e9lyes szerencsej\u00e1t\u00e9k, nem befektet\u00e9s.<\/li>\n<\/ul>\n<\/span><br>\n\n<span>\n<h2><strong>\ud83d\udccc Hogyan kezelj\u00fck az MDD-t? A \u201et\u00fcrelemt\u0151l\u201d a \u201etudom\u00e1nyos kock\u00e1zatkezel\u00e9sig\u201d<\/strong><\/h2>\nMivel az MDD ennyire vesz\u00e9lyes, hogyan v\u00e9dekezz\u00fcnk? A hagyom\u00e1nyos \u201evedd meg \u00e9s tartsd\u201d strat\u00e9gia gyakran elbukik az akarater\u0151 pr\u00f3b\u00e1j\u00e1n egy 50%-os es\u00e9sn\u00e9l. Ez\u00e9rt fordulnak a profik kvantitat\u00edv strat\u00e9gi\u00e1khoz:<br><br>\n<ul>\n  <li><strong>Automatiz\u00e1lt stop-loss mechanizmusok:<\/strong> Az algoritmusok automatikusan cs\u00f6kkentik a kitetts\u00e9get, miel\u0151tt a kock\u00e1zat elszabadulna, kiker\u00fclve az emberi kapzsis\u00e1got \u00e9s haboz\u00e1st.<\/li><br>\n  <li><strong>Dinamikus helyre\u00e1ll\u00edt\u00e1si g\u00f6rb\u00e9k:<\/strong> A professzion\u00e1lis rendszerek (mint az Alpha Gold vagy a Quant Matrix) az MDD kontroll\u00e1lt tartom\u00e1nyban tart\u00e1s\u00e1ra f\u00f3kusz\u00e1lnak az egyszeri \u00f3ri\u00e1si profit hajszol\u00e1sa helyett.<\/li><br>\n  <li><strong>A helyre\u00e1ll\u00edt\u00e1si id\u0151 ler\u00f6vid\u00edt\u00e9se:<\/strong> Fedezeti \u00fcgyletek (hedging) vagy dinamikus \u00e1ts\u00falyoz\u00e1s haszn\u00e1lata, hogy az eszk\u00f6z\u00f6k hat\u00e9konyabban \u00e9rjenek el \u00faj cs\u00facsokat a piaci fordulat ut\u00e1n.<\/li>\n<\/ul>\n<\/span><br>\n\n<span>\n<h2><strong>\ud83d\udccc \u00d6sszegz\u00e9s: Kezelje a kock\u00e1zatot, a profit pedig j\u00f6n mag\u00e1t\u00f3l<\/strong><\/h2>\nA befektet\u00e9si legenda, Soros Gy\u00f6rgy egyszer azt mondta: \u201e<strong>El\u0151sz\u00f6r \u00e9lj t\u00fal, azt\u00e1n keress p\u00e9nzt.<\/strong>\u201d<br><br>\nLegk\u00f6zelebb, amikor egy befektet\u00e9st \u00e9rt\u00e9kel, ne csak a m\u00faltbeli hozamokat n\u00e9zze. El\u0151sz\u00f6r ellen\u0151rizze a \u201eMaxim\u00e1lis visszaes\u00e9st\u201d. Ha ez a sz\u00e1m \u00e1lmatlan \u00e9jszak\u00e1kat okozna, akkor a magas hozam nem \u00d6nnek val\u00f3.<br><br>\n<strong>Ne feledje: Az a profit a val\u00f3di vagyon, amelyet meg tud tartani \u00e9s amivel nyugodtan tud aludni.<\/strong>\n<\/span><\/div>\n\t\t\t\t<div class=\"elementor-element elementor-element-6655aec elementor-icon-list--layout-inline elementor-list-item-link-inline elementor-widget elementor-widget-icon-list\" data-id=\"6655aec\" data-element_type=\"widget\" data-widget_type=\"icon-list.default\">\n\t\t\t\t\t\t\t<ul class=\"elementor-icon-list-items elementor-inline-items\">\n\t\t\t\t\t\t\t<li class=\"elementor-icon-list-item elementor-inline-item\">\n\t\t\t\t\t\t\t\t\t\t\t<a href=\"https:\/\/mister.forex\/hu\/alpha-gold\/\">\n\n\t\t\t\t\t\t\t\t\t\t\t\t<span class=\"elementor-icon-list-icon\">\n\t\t\t\t\t\t\t<svg aria-hidden=\"true\" class=\"e-font-icon-svg e-far-check-circle\" viewbox=\"0 0 512 512\" xmlns=\"http:\/\/www.w3.org\/2000\/svg\"><path d=\"M256 8C119.033 8 8 119.033 8 256s111.033 248 248 248 248-111.033 248-248S392.967 8 256 8zm0 48c110.532 0 200 89.451 200 200 0 110.532-89.451 200-200 200-110.532 0-200-89.451-200-200 0-110.532 89.451-200 200-200m140.204 130.267l-22.536-22.718c-4.667-4.705-12.265-4.736-16.97-.068L215.346 303.697l-59.792-60.277c-4.667-4.705-12.265-4.736-16.97-.069l-22.719 22.536c-4.705 4.667-4.736 12.265-.068 16.971l90.781 91.516c4.667 4.705 12.265 4.736 16.97.068l172.589-171.204c4.704-4.668 4.734-12.266.067-16.971z\"><\/path><\/svg>\t\t\t\t\t\t<\/span>\n\t\t\t\t\t\t\t\t\t\t<span class=\"elementor-icon-list-text\">Alpha Gold \u00e9l\u0151 teljes\u00edtm\u00e9ny megtekint\u00e9se<\/span>\n\t\t\t\t\t\t\t\t\t\t\t<\/a>\n\t\t\t\t\t\t\t\t\t<\/li>\n\t\t\t\t\t\t<\/ul>\n\t\t\t\t\t\t<\/div>\n\t\t\t\t<div class=\"elementor-element elementor-element-dfa00c2 elementor-widget elementor-widget-heading\" data-id=\"dfa00c2\" data-element_type=\"widget\" data-widget_type=\"heading.default\">\n\t\t\t\t\t<span class=\"elementor-heading-title elementor-size-default\">(Ide\u00e1lis a robban\u00e1sszer\u0171 n\u00f6veked\u00e9st keres\u0151 \u00e9s az aranykeresked\u00e9st kedvel\u0151 befektet\u0151knek)<\/span>\t\t\t\t<\/div>\n\t\t\t\t<div class=\"elementor-element elementor-element-db8dcde elementor-icon-list--layout-inline elementor-list-item-link-inline elementor-widget elementor-widget-icon-list\" data-id=\"db8dcde\" data-element_type=\"widget\" data-widget_type=\"icon-list.default\">\n\t\t\t\t\t\t\t<ul class=\"elementor-icon-list-items elementor-inline-items\">\n\t\t\t\t\t\t\t<li class=\"elementor-icon-list-item elementor-inline-item\">\n\t\t\t\t\t\t\t\t\t\t\t<a href=\"https:\/\/mister.forex\/hu\/quant-matrix\/\">\n\n\t\t\t\t\t\t\t\t\t\t\t\t<span class=\"elementor-icon-list-icon\">\n\t\t\t\t\t\t\t<svg aria-hidden=\"true\" class=\"e-font-icon-svg e-far-check-circle\" viewbox=\"0 0 512 512\" xmlns=\"http:\/\/www.w3.org\/2000\/svg\"><path d=\"M256 8C119.033 8 8 119.033 8 256s111.033 248 248 248 248-111.033 248-248S392.967 8 256 8zm0 48c110.532 0 200 89.451 200 200 0 110.532-89.451 200-200 200-110.532 0-200-89.451-200-200 0-110.532 89.451-200 200-200m140.204 130.267l-22.536-22.718c-4.667-4.705-12.265-4.736-16.97-.068L215.346 303.697l-59.792-60.277c-4.667-4.705-12.265-4.736-16.97-.069l-22.719 22.536c-4.705 4.667-4.736 12.265-.068 16.971l90.781 91.516c4.667 4.705 12.265 4.736 16.97.068l172.589-171.204c4.704-4.668 4.734-12.266.067-16.971z\"><\/path><\/svg>\t\t\t\t\t\t<\/span>\n\t\t\t\t\t\t\t\t\t\t<span class=\"elementor-icon-list-text\">Quant Matrix \u00e9l\u0151 teljes\u00edtm\u00e9ny megtekint\u00e9se<\/span>\n\t\t\t\t\t\t\t\t\t\t\t<\/a>\n\t\t\t\t\t\t\t\t\t<\/li>\n\t\t\t\t\t\t<\/ul>\n\t\t\t\t\t\t<\/div>\n\t\t\t\t<div class=\"elementor-element elementor-element-31472a2 elementor-widget elementor-widget-heading\" data-id=\"31472a2\" data-element_type=\"widget\" data-widget_type=\"heading.default\">\n\t\t\t\t\t<span class=\"elementor-heading-title elementor-size-default\">(Ide\u00e1lis a stabilit\u00e1st keres\u0151 \u00e9s a sz\u00e1mla egyenletes n\u00f6veked\u00e9s\u00e9t k\u00edv\u00e1n\u00f3 befektet\u0151knek)<\/span>\t\t\t\t<\/div>\n\t\t\t\t\t<\/div>\n\t\t\t\t<\/div>\n\t\t\t\t<\/div>","protected":false},"excerpt":{"rendered":"<p>Leleplezz\u00fck a vagyoncs\u00f6kken\u00e9s \u201ehal\u00e1los csapd\u00e1j\u00e1t\u201d: a Maximum Drawdown-t (MDD). Mi\u00e9rt kell 50%-os es\u00e9s ut\u00e1n 100%-os emelked\u00e9s a nullszald\u00f3hoz? Cikk\u00fcnk elemzi az MDD-t, a nyeres\u00e9g-vesztes\u00e9g aszimmetri\u00e1t \u00e9s a kamatos kamat rombol\u00e1s\u00e1t. Tudja meg, hogyan kezelik a profik a kock\u00e1zatokat kvantitat\u00edv strat\u00e9gi\u00e1kkal.<\/p>","protected":false},"author":1,"featured_media":67304,"parent":0,"menu_order":0,"comment_status":"closed","ping_status":"closed","template":"","meta":{"footnotes":""},"tags":[128],"class_list":["post-67265","page","type-page","status-publish","has-post-thumbnail","hentry","tag-no-google"],"_links":{"self":[{"href":"https:\/\/mister.forex\/hu\/wp-json\/wp\/v2\/pages\/67265","targetHints":{"allow":["GET"]}}],"collection":[{"href":"https:\/\/mister.forex\/hu\/wp-json\/wp\/v2\/pages"}],"about":[{"href":"https:\/\/mister.forex\/hu\/wp-json\/wp\/v2\/types\/page"}],"author":[{"embeddable":true,"href":"https:\/\/mister.forex\/hu\/wp-json\/wp\/v2\/users\/1"}],"replies":[{"embeddable":true,"href":"https:\/\/mister.forex\/hu\/wp-json\/wp\/v2\/comments?post=67265"}],"version-history":[{"count":3,"href":"https:\/\/mister.forex\/hu\/wp-json\/wp\/v2\/pages\/67265\/revisions"}],"predecessor-version":[{"id":70590,"href":"https:\/\/mister.forex\/hu\/wp-json\/wp\/v2\/pages\/67265\/revisions\/70590"}],"wp:featuredmedia":[{"embeddable":true,"href":"https:\/\/mister.forex\/hu\/wp-json\/wp\/v2\/media\/67304"}],"wp:attachment":[{"href":"https:\/\/mister.forex\/hu\/wp-json\/wp\/v2\/media?parent=67265"}],"wp:term":[{"taxonomy":"post_tag","embeddable":true,"href":"https:\/\/mister.forex\/hu\/wp-json\/wp\/v2\/tags?post=67265"}],"curies":[{"name":"wp","href":"https:\/\/api.w.org\/{rel}","templated":true}]}}