{"id":15689,"date":"2024-05-03T20:52:04","date_gmt":"2024-05-03T12:52:04","guid":{"rendered":"http:\/\/192.168.0.254\/?page_id=15689"},"modified":"2026-04-02T23:17:21","modified_gmt":"2026-04-02T15:17:21","slug":"pivot-point-calculator","status":"publish","type":"page","link":"https:\/\/mister.forex\/it\/tools\/pivot-point-calculator\/","title":{"rendered":"Calcolatore del Punto Pivot | Calcolatore di supporto e resistenza per il Forex"},"content":{"rendered":"<div data-elementor-type=\"wp-page\" data-elementor-id=\"15689\" class=\"elementor elementor-15689\" data-elementor-post-type=\"page\">\n\t\t\t\t<div class=\"elementor-element elementor-element-5536ed9 e-flex e-con-boxed e-con e-parent\" data-id=\"5536ed9\" data-element_type=\"container\" data-settings=\"{&quot;background_background&quot;:&quot;classic&quot;}\">\n\t\t\t\t\t<div class=\"e-con-inner\">\n\t\t<div class=\"elementor-element elementor-element-ba5a32b e-flex e-con-boxed e-con e-child\" data-id=\"ba5a32b\" data-element_type=\"container\">\n\t\t\t\t\t<div class=\"e-con-inner\">\n\t\t\t\t<div class=\"elementor-element elementor-element-2136e2e elementor-widget elementor-widget-heading\" data-id=\"2136e2e\" data-element_type=\"widget\" data-widget_type=\"heading.default\">\n\t\t\t\t\t<h1 class=\"elementor-heading-title elementor-size-default\">Calcolatore del Punto Pivot<\/h1>\t\t\t\t<\/div>\n\t\t\t\t<div class=\"elementor-element elementor-element-cedcae0 elementor-widget elementor-widget-heading\" data-id=\"cedcae0\" data-element_type=\"widget\" data-widget_type=\"heading.default\">\n\t\t\t\t\t<h2 class=\"elementor-heading-title elementor-size-default\">Calcolatore di Pivot Point Forex, per supporto e resistenza<\/h2>\t\t\t\t<\/div>\n\t\t\t\t\t<\/div>\n\t\t\t\t<\/div>\n\t\t\t\t<div class=\"elementor-element elementor-element-bf99893 elementor-widget__width-inherit elementor-absolute elementor-widget elementor-widget-image\" data-id=\"bf99893\" data-element_type=\"widget\" data-settings=\"{&quot;_position&quot;:&quot;absolute&quot;}\" data-widget_type=\"image.default\">\n\t\t\t\t\t\t\t\t\t\t\t\t\t\t\t<img fetchpriority=\"high\" decoding=\"async\" width=\"500\" height=\"281\" src=\"https:\/\/mister.forex\/wp-content\/uploads\/2024\/02\/9-500x281.webp\" class=\"attachment-medium size-medium wp-image-4081\" alt=\"\" srcset=\"https:\/\/mister.forex\/wp-content\/uploads\/2024\/02\/9-500x281.webp 500w, https:\/\/mister.forex\/wp-content\/uploads\/2024\/02\/9-600x337.webp 600w, https:\/\/mister.forex\/wp-content\/uploads\/2024\/02\/9-1200x675.webp 1200w, https:\/\/mister.forex\/wp-content\/uploads\/2024\/02\/9-300x169.webp 300w, https:\/\/mister.forex\/wp-content\/uploads\/2024\/02\/9-768x432.webp 768w, https:\/\/mister.forex\/wp-content\/uploads\/2024\/02\/9.webp 1366w\" sizes=\"(max-width: 500px) 100vw, 500px\" \/>\t\t\t\t\t\t\t\t\t\t\t\t\t\t\t<\/div>\n\t\t\t\t\t<\/div>\n\t\t\t\t<\/div>\n\t\t<div class=\"elementor-element elementor-element-f4bbbce e-flex e-con-boxed e-con e-parent\" data-id=\"f4bbbce\" data-element_type=\"container\">\n\t\t\t\t\t<div class=\"e-con-inner\">\n\t\t<div class=\"elementor-element elementor-element-118367b e-con-full e-flex e-con e-child\" data-id=\"118367b\" data-element_type=\"container\">\n\t\t<div class=\"elementor-element elementor-element-4aaf97d e-con-full e-flex e-con e-child\" data-id=\"4aaf97d\" data-element_type=\"container\">\n\t\t\t\t<div class=\"elementor-element elementor-element-7a71ef8 elementor-widget elementor-widget-text-editor\" data-id=\"7a71ef8\" data-element_type=\"widget\" data-widget_type=\"text-editor.default\">\n\t\t\t\t\t\t\t\t\t<h2><strong>Istruzioni per l'uso<\/strong><\/h2><h3><strong>Opzioni di input<\/strong><\/h3><p><strong><span style=\"text-decoration: underline;\">genere<\/span>:&nbsp;<\/strong>In questo campo sono disponibili quattro diversi metodi di calcolo dei livelli di pivot.<\/p><ol><li><strong><span style=\"text-decoration: underline;\">Standard<\/span>:&nbsp;<\/strong>7 livelli tra R3 e S3.<\/li><li><strong><span style=\"text-decoration: underline;\">Woodie<\/span>:&nbsp;<\/strong>5 livelli tra R2 e S2.<\/li><li><strong><span style=\"text-decoration: underline;\">Camarilla<\/span>:&nbsp;<\/strong>9 livelli tra R4 e S4.<\/li><li><strong><span style=\"text-decoration: underline;\">DeMark<\/span>:&nbsp;<\/strong>Calcola solo 2 livelli tra R1 e S1.<\/li><\/ol>\t\t\t\t\t\t\t\t<\/div>\n\t\t\t\t<div class=\"elementor-element elementor-element-61abba3 elementor-widget elementor-widget-text-editor\" data-id=\"61abba3\" data-element_type=\"widget\" data-widget_type=\"text-editor.default\">\n\t\t\t\t\t\t\t\t\t<p><strong><span style=\"text-decoration: underline;\">Prezzo elevato<\/span>:&nbsp;<\/strong>Inserisci il prezzo massimo del giorno di trading precedente per il prodotto negoziato.<\/p><p><strong><span style=\"text-decoration: underline;\">Prezzo basso<\/span>:&nbsp;<\/strong>Inserisci il prezzo minimo del giorno di trading precedente per il prodotto negoziato.<\/p><p><strong><span style=\"text-decoration: underline;\">Prezzo di chiusura<\/span>:&nbsp;<\/strong>Inserisci il prezzo di chiusura del giorno di trading precedente.<\/p><p><strong>\u203b<\/strong>\u00a0<strong><span style=\"text-decoration: underline;\">Prezzo di apertura<\/span>:&nbsp;<\/strong>Inserisci il prezzo di apertura del giorno di trading precedente, che \u00e8 uno dei dati di calcolo chiave nel metodo DeMark.<\/p>\t\t\t\t\t\t\t\t<\/div>\n\t\t\t\t<div class=\"elementor-element elementor-element-d6b57e4 elementor-widget elementor-widget-text-editor\" data-id=\"d6b57e4\" data-element_type=\"widget\" data-widget_type=\"text-editor.default\">\n\t\t\t\t\t\t\t\t\t<h2><strong>Risultati del calcolo<\/strong><\/h2><p>Il Calcolatore del Punto Pivot calcoler\u00e0 e mostrer\u00e0 i livelli di pivot per il prossimo periodo di trading in base al metodo di calcolo selezionato e ai dati di prezzo inseriti.<\/p><p>Ad esempio, supponiamo di voler calcolare il punto pivot per l'EUR\/USD e il prossimo periodo di trading.<\/p><p>Innanzitutto, nel nostro esempio, sceglieremo il metodo di calcolo standard.<\/p><p>Inseriamo il prezzo massimo dell'EUR\/USD raggiunto nel giorno di trading precedente, che \u00e8 1.2000, il prezzo minimo \u00e8 1.1500 e il prezzo di chiusura \u00e8 1.1700.<\/p><p>Il Calcolatore del Punto Pivot (in modalit\u00e0 standard) calcoler\u00e0 e mostrer\u00e0 i 7 livelli di pivot per la coppia Euro\/Dollaro nel prossimo periodo di trading.<\/p><p>Il livello del punto pivot per il giorno successivo \u00e8 1.1733<\/p><p>I tre livelli di supporto sono 1.1467 (S1), 1.1233 (S2) e 1.0967 (S3).<\/p><p>I tre livelli di resistenza sono rispettivamente 1.1967 (R1), 1.2233 (R2) e 1.2467 (R3).<\/p>\t\t\t\t\t\t\t\t<\/div>\n\t\t\t\t<div class=\"elementor-element elementor-element-51954b1 elementor-widget elementor-widget-text-editor\" data-id=\"51954b1\" data-element_type=\"widget\" data-widget_type=\"text-editor.default\">\n\t\t\t\t\t\t\t\t\t<h2><strong>Che cos'\u00e8 un punto di pivot?<\/strong><\/h2><p>Il punto pivot \u00e8 uno strumento di analisi tecnica comune nel trading Forex, utilizzato per determinare i potenziali livelli di supporto e resistenza.<\/p><p>\u00c8 calcolato come la media del prezzo massimo, minimo e di chiusura del giorno di trading precedente.<\/p><p><strong>Punto di Pivot (Pivot Point) =<\/strong><\/p><p data-pm-slice=\"0 0 []\"><strong>\uff3bPrezzo massimo (high) \uff0bPrezzo minimo (low) \uff0bPrezzo di chiusura (close) \uff3d\uff0f\uff13<\/strong><\/p><p>Nel prossimo periodo di trading, se il prezzo attuale \u00e8 inferiore al livello del punto pivot, potrebbe indicare che il mercato continuer\u00e0 a scendere; al contrario, se il prezzo attuale \u00e8 superiore al livello del punto pivot, potrebbe indicare che il mercato continuer\u00e0 a salire.<\/p><p>La strategia dei Pivot Point \u00e8 una strategia di trading predittiva che pu\u00f2 aiutare i trader a identificare potenziali punti di inversione dei prezzi o livelli di rottura. Il principale vantaggio di questa strategia \u00e8 che pu\u00f2 fornire informazioni tempestive sulle tendenze di mercato, piuttosto che informazioni ritardate.<\/p><p>Il nostro Calcolatore del Punto Pivot pu\u00f2 aiutarti a calcolare con precisione il punto pivot di qualsiasi strumento finanziario, tre livelli di resistenza e tre livelli di supporto. Questi livelli possono aiutarti a comprendere meglio le possibili tendenze di mercato e a sviluppare strategie di trading efficaci.<\/p>\t\t\t\t\t\t\t\t<\/div>\n\t\t\t\t<div class=\"elementor-element elementor-element-5a452a9 elementor-alert-danger elementor-widget elementor-widget-alert\" data-id=\"5a452a9\" data-element_type=\"widget\" data-widget_type=\"alert.default\">\n\t\t\t\t\t\t\t<div class=\"elementor-alert\" role=\"alert\">\n\n\t\t\t\n\t\t\t\t\t\t<span class=\"elementor-alert-description\">L'efficacia della strategia di trading dei pivot point dipende in gran parte dall'accuratezza dei dati di prezzo utilizzati. Questi dati di prezzo (inclusi il prezzo massimo, il prezzo minimo e il prezzo di chiusura) dovrebbero essere estratti direttamente dal tempo di trading di mercato del fornitore del prodotto, per garantire che siano allineati con i dati di prezzo del fornitore.\n<br><br>\nTuttavia, a causa di alcuni broker di contratti per differenza al dettaglio che hanno server di dati in diversi fusi orari, ci\u00f2 potrebbe portare a discrepanze nei dati rispetto al mercato ufficiale. Questa situazione potrebbe causare differenze nei grafici e nei prezzi sui terminali di trading a seconda del broker, influenzando cos\u00ec i risultati della strategia dei punti pivot.\n<br><br>\nPertanto, per garantire l'efficacia della strategia dei punti pivot, i trader devono assicurarsi che i dati di prezzo utilizzati siano accurati e affidabili, e che corrispondano ai dati del loro broker. Questo potrebbe richiedere ai trader di comunicare con i loro broker per determinare la migliore fonte di dati.<\/span>\n\t\t\t\n\t\t\t\n\t\t<\/div>\n\t\t\t\t\t\t<\/div>\n\t\t\t\t<\/div>\n\t\t\t\t<\/div>\n\t\t<div class=\"elementor-element elementor-element-e6e20af e-con-full e-flex e-con e-child\" data-id=\"e6e20af\" data-element_type=\"container\">\n\t\t\t\t<div class=\"elementor-element elementor-element-46abd96 elementor-widget__width-initial elementor-widget elementor-widget-html\" data-id=\"46abd96\" data-element_type=\"widget\" data-widget_type=\"html.default\">\n\t\t\t\t\t<div id=\"pivot-point-calculator-29446\"><script type=\"text\/javascript\" src=\"https:\/\/www.cashbackforex.com\/Content\/remote\/remote-widgets.js\"><\/script><script type=\"text\/javascript\"> RemoteCalc({\"Url\":\"https:\/\/www.cashbackforex.com\", \"TopPaneStyle\":\"YmFja2dyb3VuZDogbGluZWFyLWdyYWRpZW50KCNmZmYgMjAlLCAjZjVmNWY1IDQ1JSk7IGNvbG9yOiBibGFjazsgYm9yZGVyOiBzb2xpZCAxcHggI2FhYTsgYm9yZGVyLWJvdHRvbTogbm9uZTsg\",\"BottomPaneStyle\":\"YmFja2dyb3VuZDogI2YzZjNmMzsgYm9yZGVyOiBzb2xpZCAxcHggI2FhYTsgY29sb3I6IGJsYWNrOw==\",\"ButtonStyle\":\"YmFja2dyb3VuZDogIzM0MzU0MDsgY29sb3I6IHdoaXRlOyBib3JkZXItcmFkaXVzOiAyMHB4Ow==\",\"TitleStyle\":\"dGV4dC1hbGlnbjogbGVmdDsgZm9udC1zaXplOiAxNnB4OyBmb250LXdlaWdodDogNTAwOw==\",\"TextboxStyle\":\"YmFja2dyb3VuZC1jb2xvcjogd2hpdGU7IGNvbG9yOiBibGFjazsgYm9yZGVyOiBzb2xpZCAxcHggI2FhYWFhYQ==\",\"ContainerWidth\":\"500\",\"HighlightColor\":\"#ffff00\",\"IsDisplayTitle\":false,\"IsShowEmbedButton\":false,\"Lang\":wlang(),\"CompactType\":\"large\",\"Calculator\":\"pivot-point-calculator\",\"ContainerId\":\"pivot-point-calculator-29446\"});\n\nfunction wlang() {\n    \n\tvar lang = window.location.href;\n\n\tif (!lang) {\n\t\treturn 'en';\n\t}\n\n        if (lang.match('\/zh\/')) {\n\t\treturn 'zh';\n\n\t} else if (lang.match('\/hk\/')) {\n\t\treturn 'zh';\n\t\t\n\t} else if (lang.match('\/cn\/')) {\n\t\treturn 'zh';\n\t\t\n\t} else if (lang.match('\/en\/')) {\n\t\treturn 'en';\n\t\t\n\t} else if (lang.match('\/hi\/')) {\n\t\treturn 'en';\n\t\t\n\t} else if (lang.match('\/pt_br\/')) {\n\t\treturn 'pt';\n\t\t\n\t} else if (lang.match('\/ms\/')) {\n\t\treturn 'id';\n\t\t\n\t} else if (lang.match('\/es\/')) {\n\t\treturn 'es';\n\t\t\n\t} else if (lang.match('\/es_ar\/')) {\n\t\treturn 'es';\n\t\t\n\t} else if (lang.match('\/es_mx\/')) {\n\t\treturn 'es';\n\n\t} else if (lang.match('\/bn\/')) {\n\t\treturn 'en';\n\t\t\n\t} else if (lang.match('\/nb\/')) {\n\t\treturn 'en';\t\t\n\n\t} else if (lang.match('\/da\/')) {\n\t\treturn 'en';\n\t\t\n\t} else if (lang.match('\/nl\/')) {\n\t\treturn 'en';\n\t\t\n\t} else if (lang.match('\/sv\/')) {\n\t\treturn 'en';\n\t\t\n\t} else if (lang.match('\/uk\/')) {\n\t\treturn 'ru';\n\t\t\n\t} else if (lang.match('\/ur\/')) {\n\t\treturn 'en';\n\t\t\n\t} else if (lang.match('\/de\/')) {\n\t\treturn 'de';\n\t\t\n\t} else if (lang.match('\/fr\/')) {\n\t\treturn 'fr';\n\t\t\n\t} else if (lang.match('\/id\/')) {\n\t\treturn 'id';\n\t\t\n\t} else if (lang.match('\/it\/')) {\n\t\treturn 'it';\n\t\t\n\t} else if (lang.match('\/hu\/')) {\n\t\treturn 'hu';\n\t\t\n\t} else if (lang.match('\/pt\/')) {\n\t\treturn 'pt';\n\t\t\n\t} else if (lang.match('\/pl\/')) {\n\t\treturn 'pl';\n\t\t\n\t} else if (lang.match('\/ro\/')) {\n\t\treturn 'ro';\n\t\t\n\t} else if (lang.match('\/vi\/')) {\n\t\treturn 'vi';\n\t\t\n\t} else if (lang.match('\/tr\/')) {\n\t\treturn 'tr';\n\t\t\n\t} else if (lang.match('\/el\/')) {\n\t\treturn 'el';\n\t\t\n\t} else if (lang.match('\/ru\/')) {\n\t\treturn 'ru';\n\t\t\n\t} else if (lang.match('\/ar\/')) {\n\t\treturn 'ar';\n\t\t\n\t} else if (lang.match('\/th\/')) {\n\t\treturn 'th';\n\t\t\n\t} else if (lang.match('\/kr\/')) {\n\t\treturn 'ko';\n\t\t\n\t} else if (lang.match('\/jp\/')) {\n\t\treturn 'ja';\n\t\t\n\t} else if (lang.match('\/cs\/')) {\n\t\treturn 'cs';\n\t\t\n\t}else {\n\t\treturn 'zh';\n\t}\n}\n<\/script><\/div>\t\t\t\t<\/div>\n\t\t\t\t<\/div>\n\t\t\t\t\t<\/div>\n\t\t\t\t<\/div>\n\t\t\t\t<\/div>","protected":false},"excerpt":{"rendered":"<p>Vuoi trovare livelli di supporto e resistenza precisi nel mercato Forex? Il nostro Calcolatore del Punto Pivot \u00e8 il tuo strumento ideale! Che si tratti del metodo standard, Woodie, Camarilla o DeMark, possiamo aiutarti a calcolare facilmente i punti pivot chiave per il prossimo periodo di trading. Clicca per leggere l'articolo completo, apprendere ulteriori tecniche di trading e migliorare il tuo tasso di successo nel trading!<\/p>","protected":false},"author":1,"featured_media":23607,"parent":15462,"menu_order":0,"comment_status":"closed","ping_status":"closed","template":"","meta":{"footnotes":""},"tags":[128],"class_list":["post-15689","page","type-page","status-publish","has-post-thumbnail","hentry","tag-no-google"],"_links":{"self":[{"href":"https:\/\/mister.forex\/it\/wp-json\/wp\/v2\/pages\/15689","targetHints":{"allow":["GET"]}}],"collection":[{"href":"https:\/\/mister.forex\/it\/wp-json\/wp\/v2\/pages"}],"about":[{"href":"https:\/\/mister.forex\/it\/wp-json\/wp\/v2\/types\/page"}],"author":[{"embeddable":true,"href":"https:\/\/mister.forex\/it\/wp-json\/wp\/v2\/users\/1"}],"replies":[{"embeddable":true,"href":"https:\/\/mister.forex\/it\/wp-json\/wp\/v2\/comments?post=15689"}],"version-history":[{"count":3,"href":"https:\/\/mister.forex\/it\/wp-json\/wp\/v2\/pages\/15689\/revisions"}],"predecessor-version":[{"id":69187,"href":"https:\/\/mister.forex\/it\/wp-json\/wp\/v2\/pages\/15689\/revisions\/69187"}],"up":[{"embeddable":true,"href":"https:\/\/mister.forex\/it\/wp-json\/wp\/v2\/pages\/15462"}],"wp:featuredmedia":[{"embeddable":true,"href":"https:\/\/mister.forex\/it\/wp-json\/wp\/v2\/media\/23607"}],"wp:attachment":[{"href":"https:\/\/mister.forex\/it\/wp-json\/wp\/v2\/media?parent=15689"}],"wp:term":[{"taxonomy":"post_tag","embeddable":true,"href":"https:\/\/mister.forex\/it\/wp-json\/wp\/v2\/tags?post=15689"}],"curies":[{"name":"wp","href":"https:\/\/api.w.org\/{rel}","templated":true}]}}