{"id":6209,"date":"2024-03-02T19:37:13","date_gmt":"2024-03-02T11:37:13","guid":{"rendered":"http:\/\/192.168.0.254\/?page_id=6209"},"modified":"2026-04-02T23:27:28","modified_gmt":"2026-04-02T15:27:28","slug":"terms","status":"publish","type":"page","link":"https:\/\/mister.forex\/it\/terms\/","title":{"rendered":"Termini di Servizio e Note Legali | Mr.Forex"},"content":{"rendered":"<div data-elementor-type=\"wp-page\" data-elementor-id=\"6209\" class=\"elementor elementor-6209\" data-elementor-post-type=\"page\">\n\t\t\t\t<div class=\"elementor-element elementor-element-1a1c01d e-flex e-con-boxed e-con e-parent\" data-id=\"1a1c01d\" data-element_type=\"container\" data-settings=\"{&quot;background_background&quot;:&quot;classic&quot;}\">\n\t\t\t\t\t<div class=\"e-con-inner\">\n\t\t<div class=\"elementor-element elementor-element-9b1b493 e-flex e-con-boxed e-con e-child\" data-id=\"9b1b493\" data-element_type=\"container\">\n\t\t\t\t\t<div class=\"e-con-inner\">\n\t\t\t\t<div class=\"elementor-element elementor-element-d53c7ca elementor-widget elementor-widget-heading\" data-id=\"d53c7ca\" data-element_type=\"widget\" data-widget_type=\"heading.default\">\n\t\t\t\t\t<h1 class=\"elementor-heading-title elementor-size-default\">Termini di utilizzo<\/h1>\t\t\t\t<\/div>\n\t\t\t\t\t<\/div>\n\t\t\t\t<\/div>\n\t\t\t\t<div class=\"elementor-element elementor-element-1e799c7 elementor-widget__width-inherit elementor-absolute elementor-widget elementor-widget-image\" data-id=\"1e799c7\" data-element_type=\"widget\" data-settings=\"{&quot;_position&quot;:&quot;absolute&quot;}\" data-widget_type=\"image.default\">\n\t\t\t\t\t\t\t\t\t\t\t\t\t\t\t<img fetchpriority=\"high\" decoding=\"async\" width=\"500\" height=\"281\" src=\"https:\/\/mister.forex\/wp-content\/uploads\/2025\/12\/TC-500x281.webp\" class=\"attachment-medium size-medium wp-image-62793\" alt=\"\" srcset=\"https:\/\/mister.forex\/wp-content\/uploads\/2025\/12\/TC-500x281.webp 500w, https:\/\/mister.forex\/wp-content\/uploads\/2025\/12\/TC-300x169.webp 300w, https:\/\/mister.forex\/wp-content\/uploads\/2025\/12\/TC-768x432.webp 768w, https:\/\/mister.forex\/wp-content\/uploads\/2025\/12\/TC-18x10.webp 18w, https:\/\/mister.forex\/wp-content\/uploads\/2025\/12\/TC.webp 1200w\" sizes=\"(max-width: 500px) 100vw, 500px\" \/>\t\t\t\t\t\t\t\t\t\t\t\t\t\t\t<\/div>\n\t\t\t\t\t<\/div>\n\t\t\t\t<\/div>\n\t\t<div class=\"elementor-element elementor-element-440b919 e-flex e-con-boxed e-con e-parent\" data-id=\"440b919\" data-element_type=\"container\">\n\t\t\t\t\t<div class=\"e-con-inner\">\n\t\t\t\t<div class=\"elementor-element elementor-element-87f0330 elementor-widget elementor-widget-spacer\" data-id=\"87f0330\" data-element_type=\"widget\" data-widget_type=\"spacer.default\">\n\t\t\t\t\t\t\t<div class=\"elementor-spacer\">\n\t\t\t<div class=\"elementor-spacer-inner\"><\/div>\n\t\t<\/div>\n\t\t\t\t\t\t<\/div>\n\t\t\t\t<div class=\"elementor-element elementor-element-0afc9c9 elementor-widget elementor-widget-html translation-block\" data-id=\"0afc9c9\" data-element_type=\"widget\" data-widget_type=\"html.default\"><span>\nBenvenuto su Mr.Forex (di seguito denominato \"questo sito web\"). Al fine di offrirti un'esperienza sicura e senza intoppi durante l'utilizzo dei vari servizi e informazioni sul nostro sito web, ti preghiamo di leggere attentamente le seguenti informazioni. Accedendo o utilizzando questo sito web, accetti i seguenti termini:<br>\n<br>\n<h2><strong>1. Restrizioni del Servizio<\/strong><\/h2>\nQuesto sito web non fornisce servizi ai residenti di paesi specifici come Stati Uniti, Taiwan, Canada, Israele, Nuova Zelanda, Iran e Corea del Nord, o paesi\/regioni in cui la distribuzione o l'uso violerebbe le leggi o i regolamenti locali. Se ti trovi nelle aree sopra menzionate, ti preghiamo di lasciare immediatamente questo sito.<br>\n<br>\n<h2><strong>2. Et\u00e0 e Libera Volont\u00e0<\/strong><\/h2>\nDevi avere almeno 18 anni, o l'et\u00e0 legale secondo le leggi del tuo paese. Utilizzando i servizi di questo sito web, riconosci di farlo di tua spontanea volont\u00e0 e su tua esplicita richiesta, e non in risposta a qualsiasi forma di sollecitazione attiva o marketing da parte di questo sito web.<br>\n<br>\n<h2><strong>3. Uso del Sito Web e dei Servizi<\/strong><\/h2>\nQuesto sito web non indirizza il proprio sito e i propri servizi a persone in paesi in cui il loro utilizzo \u00e8 vietato dalle leggi o dai regolamenti locali. Quando si accede a questo sito web da un paese in cui il suo utilizzo potrebbe essere vietato, l'utente \u00e8 responsabile di garantire che qualsiasi utilizzo del sito web o dei servizi sia conforme alle leggi o ai regolamenti locali. Questo sito web non conferma che le informazioni sul proprio sito siano applicabili a tutte le giurisdizioni.<br>\n<br>\n<h2><strong>4. Responsabilit\u00e0 Legale<\/strong><\/h2>\nPresumiamo che tu sia idoneo ad acquistare e utilizzare legalmente i nostri prodotti. \u00c8 tua responsabilit\u00e0 assicurarti di rispettare le leggi e i regolamenti globali e locali. Non siamo responsabili per eventuali danni o azioni legali intentate contro di te a causa di tali regolamenti.<br>\n<br>\n<h2><strong>5. Norma CFTC 4.41 (Dichiarazione sui risultati ipotetici)<\/strong><\/h2>\nREGOLA CFTC 4.41: I RISULTATI DI PERFORMANCE IPOTETICI O SIMULATI HANNO DETERMINATE LIMITAZIONI. A DIFFERENZA DI UN RECORD DI PERFORMANCE REALE, I RISULTATI SIMULATI NON RAPPRESENTANO IL TRADING REALE. INOLTRE, POICH\u00c9 LE OPERAZIONI NON SONO STATE ESEGUITE, I RISULTATI POSSONO AVER SOTTO O SOVRA-COMPENSATO L'IMPATTO, SE PRESENTE, DI DETERMINATI FATTORI DI MERCATO, COME LA MANCANZA DI LIQUIDIT\u00c0. I PROGRAMMI DI TRADING SIMULATI IN GENERALE SONO INOLTRE SOGGETTI AL FATTO DI ESSERE PROGETTATI CON IL SENNO DI POI. NON VIENE RILASCIATA ALCUNA DICHIARAZIONE CHE UN CONTO OTTERR\u00c0 O POTREBBE OTTENERE PROFITTI O PERDITE SIMILI A QUELLI MOSTRATI.<br>\n<br>\n<h2><strong>6. Rischi e Rendimenti del Trading Automatico sul Forex<\/strong><\/h2>\nIl trading automatico sul Forex ha il potenziale per grandi rendimenti, ma comporta anche potenziali grandi rischi. Devi essere consapevole dei rischi ed essere disposto ad accettarli per investire nel mercato Forex. Non fare trading con denaro che non puoi permetterti di perdere. Questo annuncio\/presentazione non \u00e8 n\u00e9 una sollecitazione n\u00e9 un'offerta per fare trading sul Forex. Non viene rilasciata alcuna dichiarazione che un conto otterr\u00e0 o potrebbe ottenere profitti o perdite simili a quelli discussi in questo annuncio\/presentazione.<br>\n<br>\n<h2><strong>7. Responsabilit\u00e0 dell'Investitore<\/strong><\/h2>\nIl trading automatico sul Forex \u00e8 un'opportunit\u00e0 stimolante e potenziale per investitori istruiti ed esperti. Prima di decidere di partecipare, considera attentamente i tuoi obiettivi di investimento, il livello di esperienza e la propensione al rischio. Qualsiasi operazione che coinvolga valute comporta rischi, inclusi, ma non limitati a, il potenziale impatto significativo sui prezzi delle valute o sulla liquidit\u00e0 a causa di cambiamenti politici o mutamenti delle condizioni economiche. Inoltre, la natura della leva finanziaria nel trading Forex significa che i movimenti di mercato avranno un effetto ugualmente proporzionale sui fondi depositati. Questo pu\u00f2 andare a tuo favore o a tuo svantaggio. Esiste la possibilit\u00e0 di subire una perdita totale dei fondi di margine iniziali e la tua posizione verr\u00e0 liquidata, e sarai responsabile di qualsiasi perdita risultante. Si consiglia agli investitori di utilizzare strategie come \"Stop Loss\" o \"Limit\" per mitigare il rischio. Il contenuto fornito \u00e8 presentato in buona fede e ritenuto accurato, ma questo sito web non fornisce alcuna garanzia espressa o implicita in merito all'accuratezza o alla tempestivit\u00e0.<br>\n<br>\n<h2><strong>8. Disclaimer<\/strong><\/h2>\nQuesto sito web, la sua direzione e i suoi dipendenti non si assumono alcuna responsabilit\u00e0 per errori, inesattezze o omissioni in questi materiali. Non garantiscono l'accuratezza o la completezza delle informazioni, dei testi, della grafica, dei link o di altri elementi contenuti in questi materiali. Questo sito web, la sua direzione e i suoi dipendenti non saranno responsabili per eventuali danni speciali, indiretti, incidentali o consequenziali che potrebbero derivare da questi materiali, inclusi, ma non limitati a, perdita di dati, perdita di entrate o perdita di profitti.<br>\n<br>\n<h2><strong>9. Promozioni, Bonus e Sicurezza dei Fondi<\/strong><\/h2>\nLe promozioni e i bonus di terze parti offerti tramite questo sito web sono responsabilit\u00e0 della terza parte. Questo sito web non \u00e8 responsabile per il fallimento o l'inadeguata performance delle offerte di bonus o promozionali da parte di terzi. Per alcuni broker, i bonus possono essere detratti dalle nostre commissioni, con conseguente riduzione dei rimborsi (rebates) rispetto alle aspettative. Questo sito web agisce solo come fornitore di servizi tecnici e informativi, non gestisce i fondi degli utenti e non fornisce servizi di gestione del conto.<br>\n<br>\n<h2><strong>10. Propriet\u00e0 Intellettuale<\/strong><\/h2>\nTutti i software (EA), gli indicatori, i parametri strategici e i contenuti forniti da questo sito web sono propriet\u00e0 intellettuale della nostra societ\u00e0. Il reverse engineering, la modifica, la copia o la rivendita del software su questo sito web sono severamente vietati senza autorizzazione scritta.<br>\n<br>\n<h2><strong>11. Legge Applicabile<\/strong><\/h2>\nL'interpretazione e l'applicazione di questi Termini di Servizio saranno gestite in conformit\u00e0 con le leggi di Taiwan (R.O.C.). In caso di controversia, entrambe le parti concordano che il Tribunale Distrettuale di Taipei di Taiwan sar\u00e0 il tribunale di primo grado competente.<br>\n<br>\n<h2><strong>12. Clausola Linguistica<\/strong><\/h2>\nQuesti termini legali possono essere forniti in pi\u00f9 versioni linguistiche per riferimento. In caso di errori di traduzione o differenze semantiche, prevarr\u00e0 la versione inglese. La versione inglese \u00e8 l'unica versione ufficiale dei termini legali di questo sito web e ha effetto legale.<br>\n<\/span><\/div>\n\t\t\t\t<div class=\"elementor-element elementor-element-21aff1c elementor-widget elementor-widget-spacer\" data-id=\"21aff1c\" data-element_type=\"widget\" data-widget_type=\"spacer.default\">\n\t\t\t\t\t\t\t<div class=\"elementor-spacer\">\n\t\t\t<div class=\"elementor-spacer-inner\"><\/div>\n\t\t<\/div>\n\t\t\t\t\t\t<\/div>\n\t\t\t\t\t<\/div>\n\t\t\t\t<\/div>\n\t\t\t\t<\/div>","protected":false},"excerpt":{"rendered":"<p>Informazioni essenziali su servizi, registrazione e sicurezza. Comprendi i tuoi diritti e doveri per un'esperienza di trading sicura con Mr.Forex.<\/p>","protected":false},"author":1,"featured_media":62793,"parent":0,"menu_order":0,"comment_status":"closed","ping_status":"closed","template":"","meta":{"footnotes":""},"tags":[],"class_list":["post-6209","page","type-page","status-publish","has-post-thumbnail","hentry"],"_links":{"self":[{"href":"https:\/\/mister.forex\/it\/wp-json\/wp\/v2\/pages\/6209","targetHints":{"allow":["GET"]}}],"collection":[{"href":"https:\/\/mister.forex\/it\/wp-json\/wp\/v2\/pages"}],"about":[{"href":"https:\/\/mister.forex\/it\/wp-json\/wp\/v2\/types\/page"}],"author":[{"embeddable":true,"href":"https:\/\/mister.forex\/it\/wp-json\/wp\/v2\/users\/1"}],"replies":[{"embeddable":true,"href":"https:\/\/mister.forex\/it\/wp-json\/wp\/v2\/comments?post=6209"}],"version-history":[{"count":12,"href":"https:\/\/mister.forex\/it\/wp-json\/wp\/v2\/pages\/6209\/revisions"}],"predecessor-version":[{"id":69214,"href":"https:\/\/mister.forex\/it\/wp-json\/wp\/v2\/pages\/6209\/revisions\/69214"}],"wp:featuredmedia":[{"embeddable":true,"href":"https:\/\/mister.forex\/it\/wp-json\/wp\/v2\/media\/62793"}],"wp:attachment":[{"href":"https:\/\/mister.forex\/it\/wp-json\/wp\/v2\/media?parent=6209"}],"wp:term":[{"taxonomy":"post_tag","embeddable":true,"href":"https:\/\/mister.forex\/it\/wp-json\/wp\/v2\/tags?post=6209"}],"curies":[{"name":"wp","href":"https:\/\/api.w.org\/{rel}","templated":true}]}}