{"id":65895,"date":"2026-02-03T13:31:47","date_gmt":"2026-02-03T05:31:47","guid":{"rendered":"https:\/\/mister.forex\/?page_id=65895"},"modified":"2026-05-04T21:41:24","modified_gmt":"2026-05-04T13:41:24","slug":"forex-market-sessions-and-currency-pairs-guide","status":"publish","type":"page","link":"https:\/\/mister.forex\/it\/forex-market-sessions-and-currency-pairs-guide\/","title":{"rendered":"Analisi Sessioni Forex e Personalit\u00e0 delle Valute: Guida per Principianti | Mr.Forex"},"content":{"rendered":"<div data-elementor-type=\"wp-page\" data-elementor-id=\"65895\" class=\"elementor elementor-65895\" data-elementor-post-type=\"page\">\n\t\t\t\t<div class=\"elementor-element elementor-element-ba9c75b e-flex e-con-boxed e-con e-parent\" data-id=\"ba9c75b\" data-element_type=\"container\">\n\t\t\t\t\t<div class=\"e-con-inner\">\n\t\t\t\t<div class=\"elementor-element elementor-element-27b3544 elementor-widget elementor-widget-heading\" data-id=\"27b3544\" data-element_type=\"widget\" data-widget_type=\"heading.default\">\n\t\t\t\t\t<h1 class=\"elementor-heading-title elementor-size-default\">Padroneggia il \"Ritmo\" del Forex: Individua le Sessioni di Trading con le Migliori Probabilit\u00e0<\/h1>\t\t\t\t<\/div>\n\t\t\t\t<div class=\"elementor-element elementor-element-cc53c49 elementor-widget elementor-widget-html\" data-id=\"cc53c49\" data-element_type=\"widget\" data-widget_type=\"html.default\">\n\t\t\t\t\tComprendi il battito dei tre mercati principali e la personalit\u00e0 degli asset per evitare i momenti di inattivit\u00e0.\t\t\t\t<\/div>\n\t\t\t\t<div class=\"elementor-element elementor-element-d418204 elementor-widget elementor-widget-html translation-block\" data-id=\"d418204\" data-element_type=\"widget\" data-widget_type=\"html.default\">Autore: <strong>Mr.Forex<\/strong><\/div>\n\t\t\t\t<div class=\"elementor-element elementor-element-d04bf8c elementor-widget elementor-widget-html translation-block\" data-id=\"d04bf8c\" data-element_type=\"widget\" data-widget_type=\"html.default\"><span>\n<h2><strong>Premessa: Scegliere bene \u00e8 pi\u00f9 importante che sforzarsi<\/strong><\/h2>\nMolti principianti iniziano subito a fare trading con l'Oro (XAUUSD), attirati dalla sua alta volatilit\u00e0 e dai profitti rapidi. Il risultato? Di solito sono i primi a bruciare il conto.<br><br>\n\nOgni strumento nel mercato Forex ha le sue caratteristiche. Alcuni sono come elefanti docili, adatti al ritmo dei principianti; altri sono come bestie feroci, pronte a colpire i trader indisciplinati.<br><br>\n\nInoltre, sebbene il Forex sia un mercato attivo 24 ore su 24, non ogni minuto \u00e8 adatto all'operativit\u00e0. Fissare il grafico durante le \"ore morte\" prive di volatilit\u00e0 \u00e8 solo uno spreco di tempo ed energia.<br><br>\n\nQuesta guida sar\u00e0 il tuo \"manuale da campo\", per indicarti quando scendere in campo e chi scegliere come avversario.<br><br>\n\n<h2><strong>1. L'Orologio del Forex (Market Sessions)<\/strong><\/h2>\nMentre la Terra gira, i capitali fluiscono. Il mercato globale del Forex \u00e8 gestito da tre centri finanziari principali. Gli orari indicati di seguito sono basati sul **UTC (Tempo Coordinato Universale)**.<br><br>\n\n<h3><strong>1. Sessione Asiatica (Asian Session) \u2014\u2014 Il Mattino Tranquillo<\/strong><\/h3>\n<ul>\n  <li><strong>Orario Principale (UTC):<\/strong> 22:00 ~ 06:00<\/li>\n  <li><strong>Protagonisti:<\/strong> Tokyo, Sydney.<\/li>\n  <li><strong>Caratteristiche:<\/strong> La volatilit\u00e0 \u00e8 solitamente ridotta e il mercato \u00e8 calmo. Ideale per chi preferisce strategie di \"Range Trading\".<\/li>\n  <li><strong>Valute da seguire:<\/strong> JPY (Yen), AUD (Dollaro Australiano), NZD (Dollaro Neozelandese).<\/li>\n<\/ul><br>\n\n<h3><strong>2. Sessione Europea (London Session) \u2014\u2014 Il Motore dei Trend<\/strong><\/h3>\n<ul>\n  <li><strong>Orario Principale (UTC):<\/strong> 07:00 ~ 15:00<\/li>\n  <li><strong>Protagonista:<\/strong> Londra \u2014\u2014 il pi\u00f9 grande centro di trading Forex al mondo.<\/li>\n  <li><strong>Caratteristiche:<\/strong> I veri movimenti di solito partono da qui. La volatilit\u00e0 aumenta e i volumi esplodono. La prima ora dopo l'apertura di Londra spesso fornisce il primo segnale di breakout della giornata.<\/li>\n  <li><strong>Valute da seguire:<\/strong> EUR (Euro), GBP (Sterlina), CHF (Franco Svizzero).<\/li>\n<\/ul><br>\n\n<h3><strong>3. Sessione Americana (New York Session) \u2014\u2014 La Notte Frenetica<\/strong><\/h3>\n<ul>\n  <li><strong>Orario Principale (UTC):<\/strong> 12:00 ~ 21:00<\/li>\n  <li><strong>Protagonista:<\/strong> New York.<\/li>\n  <li><strong>Caratteristiche:<\/strong> Il periodo con il flusso di capitali pi\u00f9 aggressivo.<\/li>\n  <li><strong>\ud83d\udca1 Sessione di Sovrapposizione: UTC 12:00 ~ 15:00<\/strong><br>\n  \u00c8 il momento in cui la sessione \"Europea\" e quella \"Americana\" si sovrappongono. I capitali globali si scontrano qui, la volatilit\u00e0 \u00e8 massima e le opportunit\u00e0 sono numerose (cos\u00ec come i rischi).<\/li>\n  <li><strong>Valute da seguire:<\/strong> USD (Dollaro Americano), CAD (Dollaro Canadese), XAU (Oro).<\/li>\n<\/ul>\n<\/span><\/div>\n\t\t<div class=\"elementor-element elementor-element-2c5ac2e e-con-full e-flex e-con e-child\" data-id=\"2c5ac2e\" data-element_type=\"container\" data-settings=\"{&quot;background_background&quot;:&quot;classic&quot;}\">\n\t\t\t\t<div class=\"elementor-element elementor-element-4dc0025 elementor-widget elementor-widget-html translation-block\" data-id=\"4dc0025\" data-element_type=\"widget\" data-widget_type=\"html.default\"><span>\n<h3><strong>\u26a0\ufe0f Promemoria Importante:<\/strong><\/h3>\nI mercati europei e americani adottano l'ora legale (Daylight Saving Time), solitamente tra marzo e novembre. Gli orari di apertura e chiusura saranno anticipati di 1 ora rispetto ai parametri sopra indicati; i trader devono prestare attenzione ai cambi stagionali.\n<\/span><\/div>\n\t\t\t\t<\/div>\n\t\t\t\t<div class=\"elementor-element elementor-element-576c27b elementor-widget elementor-widget-html translation-block\" data-id=\"576c27b\" data-element_type=\"widget\" data-widget_type=\"html.default\"><span>\n<h2><strong>2. La Personalit\u00e0 delle Principali Coppie Valutarie (The Personalities)<\/strong><\/h2>\nSebbene ci siano centinaia di strumenti sulla piattaforma MT5, consigliamo ai principianti di concentrarsi su queste valute rappresentative.<br><br>\n\n<h3><strong>1. EUR\/USD (Euro\/Dollaro) \u2014\u2014 L'Elefante<\/strong><\/h3>\n<ul>\n  <li><strong>Status:<\/strong> La coppia pi\u00f9 scambiata al mondo, rappresenta oltre il 30% del mercato totale.<\/li>\n  <li><strong>Personalit\u00e0:<\/strong> L'andamento pi\u00f9 stabile e il valore pi\u00f9 alto per l'analisi tecnica. Raramente presenta falsi breakout estremi. Lo spread \u00e8 solitamente il pi\u00f9 basso del mercato.<\/li>\n  <li><strong>A chi \u00e8 adatto:<\/strong> La scelta numero uno per ogni principiante.<\/li>\n<\/ul><br>\n\n<h3><strong>2. USD\/JPY (Dollaro\/Yen) \u2014\u2014 Il Coniglio<\/strong><\/h3>\n<ul>\n  <li><strong>Personalit\u00e0:<\/strong> Pu\u00f2 restare in fase laterale a lungo, ma una volta che si forma un trend (ad esempio, per un cambio di politica della BoJ), corre in una direzione senza voltarsi indietro. \u00c8 fortemente influenzato dai rendimenti dei Titoli di Stato USA.<\/li>\n  <li><strong>A chi \u00e8 adatto:<\/strong> Trader che preferiscono seguire i trend a lungo termine (Trend Following).<\/li>\n<\/ul><br>\n\n<h3><strong>3. GBP\/USD (Sterlina\/Dollaro) \u2014\u2014 La Bestia<\/strong><\/h3>\n<ul>\n  <li><strong>Personalit\u00e0:<\/strong> Soprannominata \"Cable\". Estremamente volatile e \"molto nervosa\". Adora creare \"falsi breakout\" (Fakeouts), spesso perforando deliberatamente supporti o resistenze per colpire gli stop loss prima di riprendere la direzione originale.<\/li>\n  <li><strong>A chi \u00e8 adatto:<\/strong> Trader esperti con un cuore forte e capaci di filtrare il rumore di mercato. I principianti rischiano frequenti stop loss qui.<\/li>\n<\/ul><br>\n\n<h2><strong>3. Oro (XAU\/USD)<\/strong><\/h2>\nPresta particolare attenzione a questa sezione. L'oro non \u00e8 una valuta, ma una \"commodity (metallo prezioso)\".<br><br>\n\n<h3><strong>1. Perch\u00e9 tutti amano fare trading sull'oro?<\/strong><\/h3>\n<ul>\n  <li><strong>Volatilit\u00e0 estrema:<\/strong> Se una coppia Forex pu\u00f2 muoversi di 80 pip al giorno, l'oro pu\u00f2 facilmente muoverne 200-300 (e oltre 1000 in casi estremi).<\/li>\n  <li><strong>Potenziale di profitto:<\/strong> Se la direzione \u00e8 corretta, il raddoppio del conto pu\u00f2 avvenire in pochi giorni.<\/li>\n<\/ul><br>\n\n<h3><strong>2. Dov'\u00e8 il rischio?<\/strong><\/h3>\n<ul>\n  <li><strong>Frequenti \"lavaggi\" di mercato:<\/strong> L'oro spesso subisce violente oscillazioni prima di partire, ripulendo il mercato dagli stop loss dei piccoli trader retail.<\/li>\n  <li><strong>Costi di trading elevati:<\/strong> Gli spread e i requisiti di margine sono solitamente superiori alle principali coppie valutarie.<\/li>\n<\/ul>\n<\/span><\/div>\n\t\t<div class=\"elementor-element elementor-element-1a435dd e-con-full e-flex e-con e-child\" data-id=\"1a435dd\" data-element_type=\"container\" data-settings=\"{&quot;background_background&quot;:&quot;classic&quot;}\">\n\t\t\t\t<div class=\"elementor-element elementor-element-651fbcd elementor-widget elementor-widget-html translation-block\" data-id=\"651fbcd\" data-element_type=\"widget\" data-widget_type=\"html.default\"><span>\n<h3><strong>\u26a0\ufe0f Il consiglio di Mr.Forex:<\/strong><\/h3>\nPer i primi 3 mesi di trading, consigliamo vivamente di \"concentrarsi sulle valute ed evitare l'oro\". Se decidi di scambiarlo, assicurati di ridurre il volume al minimo (0,01 lotti) e di ampliare adeguatamente la distanza dello stop loss.\n<\/span><\/div>\n\t\t\t\t<\/div>\n\t\t\t\t<div class=\"elementor-element elementor-element-9911a1b elementor-widget elementor-widget-html translation-block\" data-id=\"9911a1b\" data-element_type=\"widget\" data-widget_type=\"html.default\"><span>\n<h2><strong>4. Correlazione (Correlation) \u2014\u2014 Non mettere tutte le uova nello stesso paniere<\/strong><\/h2>\nQuesto \u00e8 un rischio critico spesso trascurato.<br><br>\n\n<h3><strong>Analisi del caso:<\/strong><\/h3>\nSe acquisti contemporaneamente EURUSD (Long) e GBPUSD (Long), pensi di aver diversificato il rischio? <strong>In realt\u00e0 no.<\/strong><br><br>\n\n<ul>\n  <li><strong>\ud83d\udd17 Correlazione Positiva (Positive Correlation):<\/strong><br>\n  L'Euro e la Sterlina solitamente si muovono in sincronia. Se il Dollaro si rafforza, entrambe le posizioni saranno probabilmente in <strong>perdita simultanea<\/strong>. Il tuo rischio \u00e8 sostanzialmente raddoppiato.<\/li><br>\n  <li><strong>\ud83d\udd17 Correlazione Negativa (Negative Correlation):<\/strong><br>\n  Tradizionalmente, USDCHF e EURUSD si muovono in direzioni opposte. Se acquisti entrambi contemporaneamente, profitti e perdite si compenseranno a vicenda, lasciandoti solo con il costo delle commissioni.<\/li>\n<\/ul><br>\n\n<strong>Consiglio professionale:<\/strong> Un principiante dovrebbe concentrarsi su <strong>1~3 coppie valutarie<\/strong> alla volta. Si suggerisce di detenere solo una tipologia di posizione alla volta per evitare che il livello di margine vada fuori controllo.<br><br>\n\n<h2><strong>Conclusione: Trova la tua zona di comfort<\/strong><\/h2>\nNon cercare di cogliere ogni singola opportunit\u00e0 sul mercato.<br><br>\n\n<ul>\n  <li>Se non puoi monitorare i grafici frequentemente, opera su timeframe <strong>H4 (4 ore) o D1 (giornaliero)<\/strong> seguendo il trend.<\/li>\n  <li>Se cerchi emozioni a breve termine, concentrati sulle <strong>sessioni di sovrapposizione<\/strong>.<\/li>\n  <li>Se sei un principiante, resta fedele a <strong>EURUSD<\/strong> finch\u00e9 non otterrai profitti stabili.<\/li>\n<\/ul><br>\nConoscere il campo di battaglia e i tuoi avversari \u00e8 gi\u00e0 met\u00e0 della vittoria. Successivamente, passeremo a un passaggio cruciale: una volta finita la battaglia, come analizzare i risultati?<br><br>\n\nNel prossimo articolo, vedremo come \"analizzare il diario di trading\", l'unica vera strada per l'eccellenza di un trader.\n<\/span><\/div>\n\t\t\t\t<div class=\"elementor-element elementor-element-9d50b10 elementor-icon-list--layout-inline elementor-list-item-link-inline elementor-widget elementor-widget-icon-list\" data-id=\"9d50b10\" data-element_type=\"widget\" data-widget_type=\"icon-list.default\">\n\t\t\t\t\t\t\t<ul class=\"elementor-icon-list-items elementor-inline-items\">\n\t\t\t\t\t\t\t<li class=\"elementor-icon-list-item elementor-inline-item\">\n\t\t\t\t\t\t\t\t\t\t\t<a href=\"https:\/\/mister.forex\/it\/trading-performance-review-myfxbook\/\">\n\n\t\t\t\t\t\t\t\t\t\t\t\t<span class=\"elementor-icon-list-icon\">\n\t\t\t\t\t\t\t<svg aria-hidden=\"true\" class=\"e-font-icon-svg e-far-check-circle\" viewbox=\"0 0 512 512\" xmlns=\"http:\/\/www.w3.org\/2000\/svg\"><path d=\"M256 8C119.033 8 8 119.033 8 256s111.033 248 248 248 248-111.033 248-248S392.967 8 256 8zm0 48c110.532 0 200 89.451 200 200 0 110.532-89.451 200-200 200-110.532 0-200-89.451-200-200 0-110.532 89.451-200 200-200m140.204 130.267l-22.536-22.718c-4.667-4.705-12.265-4.736-16.97-.068L215.346 303.697l-59.792-60.277c-4.667-4.705-12.265-4.736-16.97-.069l-22.719 22.536c-4.705 4.667-4.736 12.265-.068 16.971l90.781 91.516c4.667 4.705 12.265 4.736 16.97.068l172.589-171.204c4.704-4.668 4.734-12.266.067-16.971z\"><\/path><\/svg>\t\t\t\t\t\t<\/span>\n\t\t\t\t\t\t\t\t\t\t<span class=\"elementor-icon-list-text\">Padroneggia i Dati Chiave di MT5 e Myfxbook: Scopri la Verit\u00e0 sul Tuo Conto di Trading<\/span>\n\t\t\t\t\t\t\t\t\t\t\t<\/a>\n\t\t\t\t\t\t\t\t\t<\/li>\n\t\t\t\t\t\t<\/ul>\n\t\t\t\t\t\t<\/div>\n\t\t\t\t\t<\/div>\n\t\t\t\t<\/div>\n\t\t\t\t<\/div>","protected":false},"excerpt":{"rendered":"<p>Analisi approfondita delle sessioni asiatica, europea e americana. Scopri la personalit\u00e0 unica di EURUSD, GBPUSD e Oro (XAUUSD). Evita i \"tempi morti\", gestisci il rischio di correlazione e smetti di fare trading alla cieca!<\/p>","protected":false},"author":1,"featured_media":65986,"parent":0,"menu_order":0,"comment_status":"closed","ping_status":"closed","template":"","meta":{"footnotes":""},"tags":[128],"class_list":["post-65895","page","type-page","status-publish","has-post-thumbnail","hentry","tag-no-google"],"_links":{"self":[{"href":"https:\/\/mister.forex\/it\/wp-json\/wp\/v2\/pages\/65895","targetHints":{"allow":["GET"]}}],"collection":[{"href":"https:\/\/mister.forex\/it\/wp-json\/wp\/v2\/pages"}],"about":[{"href":"https:\/\/mister.forex\/it\/wp-json\/wp\/v2\/types\/page"}],"author":[{"embeddable":true,"href":"https:\/\/mister.forex\/it\/wp-json\/wp\/v2\/users\/1"}],"replies":[{"embeddable":true,"href":"https:\/\/mister.forex\/it\/wp-json\/wp\/v2\/comments?post=65895"}],"version-history":[{"count":46,"href":"https:\/\/mister.forex\/it\/wp-json\/wp\/v2\/pages\/65895\/revisions"}],"predecessor-version":[{"id":71223,"href":"https:\/\/mister.forex\/it\/wp-json\/wp\/v2\/pages\/65895\/revisions\/71223"}],"wp:featuredmedia":[{"embeddable":true,"href":"https:\/\/mister.forex\/it\/wp-json\/wp\/v2\/media\/65986"}],"wp:attachment":[{"href":"https:\/\/mister.forex\/it\/wp-json\/wp\/v2\/media?parent=65895"}],"wp:term":[{"taxonomy":"post_tag","embeddable":true,"href":"https:\/\/mister.forex\/it\/wp-json\/wp\/v2\/tags?post=65895"}],"curies":[{"name":"wp","href":"https:\/\/api.w.org\/{rel}","templated":true}]}}