{"id":66033,"date":"2026-02-04T23:49:39","date_gmt":"2026-02-04T15:49:39","guid":{"rendered":"https:\/\/mister.forex\/?page_id=66033"},"modified":"2026-05-06T13:28:44","modified_gmt":"2026-05-06T05:28:44","slug":"prop-firm-trading-guide-get-funded","status":"publish","type":"page","link":"https:\/\/mister.forex\/it\/prop-firm-trading-guide-get-funded\/","title":{"rendered":"Guida Definitiva alle Prop Firm: Come Ottenere 100.000$ di Capitale | Mr.Forex"},"content":{"rendered":"<div data-elementor-type=\"wp-page\" data-elementor-id=\"66033\" class=\"elementor elementor-66033\" data-elementor-post-type=\"page\">\n\t\t\t\t<div class=\"elementor-element elementor-element-3c29475 e-flex e-con-boxed e-con e-parent\" data-id=\"3c29475\" data-element_type=\"container\">\n\t\t\t\t\t<div class=\"e-con-inner\">\n\t\t\t\t<div class=\"elementor-element elementor-element-4a3ad48 elementor-widget elementor-widget-heading\" data-id=\"4a3ad48\" data-element_type=\"widget\" data-widget_type=\"heading.default\">\n\t\t\t\t\t<h1 class=\"elementor-heading-title elementor-size-default\">Il Modello Prop Firm: Monetizza Direttamente le Tue Abilit\u00e0 di Trading<\/h1>\t\t\t\t<\/div>\n\t\t\t\t<div class=\"elementor-element elementor-element-9eca83a elementor-widget elementor-widget-html\" data-id=\"9eca83a\" data-element_type=\"widget\" data-widget_type=\"html.default\">\n\t\t\t\t\tComprendere i meccanismi di valutazione delle Prop Firm. Monetizza la tua esperienza di trading e liberati dai limiti dei piccoli conti.\t\t\t\t<\/div>\n\t\t\t\t<div class=\"elementor-element elementor-element-d45ecae elementor-widget elementor-widget-html translation-block\" data-id=\"d45ecae\" data-element_type=\"widget\" data-widget_type=\"html.default\">Autore: <strong>Mr.Forex<\/strong><\/div>\n\t\t\t\t<div class=\"elementor-element elementor-element-50a8bd5 elementor-widget elementor-widget-html translation-block\" data-id=\"50a8bd5\" data-element_type=\"widget\" data-widget_type=\"html.default\"><span>\n<h2><strong>Prefazione: Le Tue Abilit\u00e0 Sono Preziose, Ma il Tuo Capitale \u00e8 Ridotto<\/strong><\/h2>\nCongratulazioni per essere arrivato fin qui.<br><br>\nOra conosci le candele giapponesi, le strategie e la gestione del rischio. Possiedi gi\u00e0 le competenze di base per sopravvivere in questo mercato.<br><br>\nMa la realt\u00e0 \u00e8 spesso dura:<br><br>\nSe hai solo <strong>1.000$ USD<\/strong> di capitale, anche se fossi Warren Buffett e guadagnassi un costante 5% al mese (il che \u00e8 gi\u00e0 impressionante), guadagneresti solo <strong>50$ USD<\/strong>.<br><br>\nBasterebbero a malapena a pagare le bollette.<br><br>\nQuesto \u00e8 il dilemma del retail trader: <strong>Competenza, ma mancanza di capitale.<\/strong><br><br>\nIn passato, l'unica soluzione era risparmiare lentamente. Ma ora \u00e8 emerso un nuovo modello nel mondo finanziario \u2014 le <strong>Prop Firm (Proprietary Trading Firm)<\/strong>.<br><br>\nFinch\u00e9 riesci a superare un esame per dimostrare le tue capacit\u00e0, ti forniranno un conto da 10k, 100k o persino 500k per fare trading. Puoi tenere l'80% o addirittura il 90% dei profitti guadagnati.<br><br>\nNon si tratta di prendere in prestito denaro per investire; si tratta di <strong>\"ottenere finanziamenti per merito.\"<\/strong><br><br>\n<h2><strong>Cos'\u00e8 una Prop Firm (Proprietary Trading Firm)?<\/strong><\/h2>\nUna <strong>Prop Firm<\/strong> \u00e8 una societ\u00e0 che cerca trader indipendenti di talento. La loro logica \u00e8 semplice: la societ\u00e0 ha il capitale ma non ha abbastanza trader esperti.<br>\n<h3><strong>Come Funziona:<\/strong><\/h3>\n<ol>\n  <li><strong>Valutazione a Pagamento:<\/strong> Paghi una piccola quota d'iscrizione (es. 100$ USD) per partecipare alla loro sfida simulata.<\/li>\n  <li><strong>Dimostra le Tue Abilit\u00e0:<\/strong> Entro un periodo specificato, raggiungi il target di profitto (es. 10%) senza superare il limite di drawdown (es. 10%).<\/li>\n  <li><strong>Ottieni il Finanziamento:<\/strong> Una volta superata la prova, ti forniranno un conto finanziato (Live Account).<\/li>\n  <li><strong>Profit Split:<\/strong> Trattieni la maggior parte dei profitti generati su quel conto (solitamente l'80%), mentre la piattaforma prende una piccola quota.<\/li>\n<\/ol><br>\n\u00c8 un accordo intelligente:<br><br>\nUsi una quota d'iscrizione di 100$ (il tuo rischio) per avere l'opportunit\u00e0 di operare su un conto da 10.000$ (il tuo palcoscenico).<br><br>\n<h2><strong>Perch\u00e9 Unirsi a una Prop Firm?<\/strong><\/h2>\nFacciamo due conti e confrontiamo il \"trading con i propri soldi\" rispetto a \"unirsi a una <strong>Prop Firm<\/strong>.\"<br><br>\nAssumiamo che il tuo potenziale di profitto mensile sia del <strong>5%<\/strong>:<br><br>\n<table style=\"border-radius: 8px;border-collapse: separate;border-spacing: 0;overflow: hidden;text-align: center;width: 100%;border: 1px solid #ddd;font-family: sans-serif\">\n<thead style=\"background-color: #15264D;color: #ffffff\">\n      <tr>\n        <th style=\"padding: 15px\">Confronto<\/th>\n        <th style=\"padding: 15px\">Caso A: Usando i Propri Soldi<\/th>\n        <th style=\"padding: 15px\">Caso B: Unendosi a una Prop Firm (10k)<\/th>\n      <\/tr>\n<\/thead>\n<tbody>\n      <tr>\n        <td style=\"padding: 12px;border-bottom: 1px solid #eee;background-color: #f9f9f9\"><strong>Costo Iniziale<\/strong><\/td>\n        <td style=\"padding: 12px;border-bottom: 1px solid #eee\">1.000$ USD (Capitale)<\/td>\n        <td style=\"padding: 12px;border-bottom: 1px solid #eee\">Circa 100$ USD (Quota)<\/td>\n      <\/tr>\n      <tr>\n        <td style=\"padding: 12px;border-bottom: 1px solid #eee;background-color: #f9f9f9\"><strong>Capitale di Trading<\/strong><\/td>\n        <td style=\"padding: 12px;border-bottom: 1px solid #eee\">1.000$ USD<\/td>\n        <td style=\"padding: 12px;border-bottom: 1px solid #eee\">10.000$ USD<\/td>\n      <\/tr>\n      <tr>\n        <td style=\"padding: 12px;border-bottom: 1px solid #eee;background-color: #f9f9f9\"><strong>Profitto Mensile (5%)<\/strong><\/td>\n        <td style=\"padding: 12px;border-bottom: 1px solid #eee\">50$ USD<\/td>\n        <td style=\"padding: 12px;border-bottom: 1px solid #eee\">500$ USD<\/td>\n      <\/tr>\n      <tr>\n        <td style=\"padding: 12px;border-bottom: 1px solid #eee;background-color: #f9f9f9\"><strong>Entrata Effettiva<\/strong><\/td>\n        <td style=\"padding: 12px;border-bottom: 1px solid #eee\">50$ USD<\/td>\n        <td style=\"padding: 12px;border-bottom: 1px solid #eee;color: #008000;font-size: 1.1em\"><strong>400$ USD (Split 80%)<\/strong><\/td>\n      <\/tr>\n    <\/tbody>\n<\/table><br>\n<strong>Conclusione:<\/strong> Con la stessa abilit\u00e0 e la stessa percentuale di profitto (%), il tuo reddito viene amplificato di <strong>8 volte<\/strong>. Inoltre, il tuo capitale originale rimane nelle tue tasche, con zero rischi di perdere il tuo patrimonio principale.<br><br>\n<h2><strong>Le Regole: Non Esistono Pasti Gratuiti<\/strong><\/h2>\nSembra fantastico? Non cos\u00ec in fretta. Le <strong>Prop Firm<\/strong> non sono enti di beneficenza; utilizzano regole ferree per filtrare i trader non qualificati.<br><br>\n<h3><strong>Regole Comuni di Valutazione:<\/strong><\/h3>\n<ul>\n    <li><strong>\ud83c\udfaf Target di Profitto:<\/strong> Solitamente richiede di guadagnare dall'8% al 10% nella prima fase.<\/li>\n    <li><strong>\u26a0\ufe0f Limite di Drawdown Giornaliero:<\/strong> \u00c8 qui che la maggior parte delle persone fallisce. Le regole stabiliscono che le perdite giornaliere (fluttuanti o realizzate) non possono superare il 5% del capitale. Se lo superi, fallisci immediatamente.<\/li>\n    <li><strong>\ud83d\udcc9 Drawdown Massimo Totale:<\/strong> Il saldo del tuo conto non deve mai scendere al di sotto di una soglia prestabilita (es. 10% del capitale iniziale).<\/li>\n    <li><strong>\ud83d\udcf0 Restrizioni di Trading:<\/strong> Alcune societ\u00e0 vietano il trading durante il rilascio di notizie importanti o il mantenimento di posizioni durante il fine settimana.<\/li>\n<\/ul><br>\n<h4><strong>Analisi di Mr.Forex:<\/strong><\/h4>\nQueste regole possono sembrare rigide, ma in realt\u00e0 sono le <strong>\"Leggi d'Oro della Gestione del Rischio\"<\/strong> su cui insistiamo. Se sei abituato a giocare d'azzardo (All-in), non durerai tre giorni in una Prop Firm; ma se segui rigorosamente il risk management, superare l'esame \u00e8 solo questione di tempo.\n<\/span><\/div>\n\t\t<div class=\"elementor-element elementor-element-63c0e87 e-con-full e-flex e-con e-child\" data-id=\"63c0e87\" data-element_type=\"container\" data-settings=\"{&quot;background_background&quot;:&quot;classic&quot;}\">\n\t\t\t\t<div class=\"elementor-element elementor-element-dbec11a elementor-widget elementor-widget-html translation-block\" data-id=\"dbec11a\" data-element_type=\"widget\" data-widget_type=\"html.default\"><span>\n<h3><strong>\ud83c\udfc6 Lista Selezionata da Mr.Forex Pro<\/strong><\/h3>\nPer farti risparmiare tempo nella ricerca, ho curato una lista delle societ\u00e0 top-tier pi\u00f9 affidabili attualmente sul mercato:\n<\/span><\/div>\n\t\t\t\t<div class=\"elementor-element elementor-element-b596fdf elementor-widget elementor-widget-html translation-block\" data-id=\"b596fdf\" data-element_type=\"widget\" data-widget_type=\"html.default\"><span>\n<strong>FTMO \u2014 Il Leader Riconosciuto del Settore<\/strong><br><br>\n\n<ul>\n    <li><strong>Caratteristiche:<\/strong> Il \"Gold Standard\" nel mondo delle Prop Firm. La pi\u00f9 lunga storia sul mercato, reputazione solidissima, prelievi fulminei e un ambiente di trading eccellente.<\/li><br>\n    <li><strong>Target Ideale:<\/strong> Trader professionisti che apprezzano processi standardizzati e la credibilit\u00e0 del brand.<\/li>\n<\/ul>\n<\/span><\/div>\n\t\t\t\t<div class=\"elementor-element elementor-element-824ddcf elementor-icon-list--layout-inline elementor-list-item-link-inline elementor-widget elementor-widget-icon-list\" data-id=\"824ddcf\" data-element_type=\"widget\" data-widget_type=\"icon-list.default\">\n\t\t\t\t\t\t\t<ul class=\"elementor-icon-list-items elementor-inline-items\">\n\t\t\t\t\t\t\t<li class=\"elementor-icon-list-item elementor-inline-item\">\n\t\t\t\t\t\t\t\t\t\t\t<a href=\"https:\/\/trader.ftmo.com\/?affiliates=eHFMXPlbOlHBoIeBTdvU\" target=\"_blank\" rel=\"nofollow noopener\">\n\n\t\t\t\t\t\t\t\t\t\t\t\t<span class=\"elementor-icon-list-icon\">\n\t\t\t\t\t\t\t<svg aria-hidden=\"true\" class=\"e-font-icon-svg e-far-check-circle\" viewbox=\"0 0 512 512\" xmlns=\"http:\/\/www.w3.org\/2000\/svg\"><path d=\"M256 8C119.033 8 8 119.033 8 256s111.033 248 248 248 248-111.033 248-248S392.967 8 256 8zm0 48c110.532 0 200 89.451 200 200 0 110.532-89.451 200-200 200-110.532 0-200-89.451-200-200 0-110.532 89.451-200 200-200m140.204 130.267l-22.536-22.718c-4.667-4.705-12.265-4.736-16.97-.068L215.346 303.697l-59.792-60.277c-4.667-4.705-12.265-4.736-16.97-.069l-22.719 22.536c-4.705 4.667-4.736 12.265-.068 16.971l90.781 91.516c4.667 4.705 12.265 4.736 16.97.068l172.589-171.204c4.704-4.668 4.734-12.266.067-16.971z\"><\/path><\/svg>\t\t\t\t\t\t<\/span>\n\t\t\t\t\t\t\t\t\t\t<span class=\"elementor-icon-list-text\">Clicca per Visualizzare le Regole della Challenge FTMO<\/span>\n\t\t\t\t\t\t\t\t\t\t\t<\/a>\n\t\t\t\t\t\t\t\t\t<\/li>\n\t\t\t\t\t\t<\/ul>\n\t\t\t\t\t\t<\/div>\n\t\t\t\t<div class=\"elementor-element elementor-element-c798038 elementor-widget elementor-widget-html translation-block\" data-id=\"c798038\" data-element_type=\"widget\" data-widget_type=\"html.default\"><span>\n<strong>Darwinex Zero \u2014 Il Tuo Percorso per Diventare Fund Manager<\/strong><br><br>\n\n  <ul>\n    <li><strong>Caratteristiche:<\/strong> Modello unico \"basato su abbonamento\" senza limiti di tempo per l'esame. Il focus principale \u00e8 costruire performance a lungo termine; i migliori ricevono allocazione diretta di capitale istituzionale.<\/li><br>\n    <li><strong>Target Ideale:<\/strong> Trader che vogliono evitare la pressione degli esami a tempo e chi aspira alla carriera nell'Asset Management a lungo termine.<\/li>\n  <\/ul>\n<\/span><\/div>\n\t\t\t\t<div class=\"elementor-element elementor-element-c584754 elementor-icon-list--layout-inline elementor-list-item-link-inline elementor-widget elementor-widget-icon-list\" data-id=\"c584754\" data-element_type=\"widget\" data-widget_type=\"icon-list.default\">\n\t\t\t\t\t\t\t<ul class=\"elementor-icon-list-items elementor-inline-items\">\n\t\t\t\t\t\t\t<li class=\"elementor-icon-list-item elementor-inline-item\">\n\t\t\t\t\t\t\t\t\t\t\t<a href=\"https:\/\/www.darwinexzero.com?fpr=6a0yb2\" target=\"_blank\" rel=\"nofollow noopener\">\n\n\t\t\t\t\t\t\t\t\t\t\t\t<span class=\"elementor-icon-list-icon\">\n\t\t\t\t\t\t\t<svg aria-hidden=\"true\" class=\"e-font-icon-svg e-far-check-circle\" viewbox=\"0 0 512 512\" xmlns=\"http:\/\/www.w3.org\/2000\/svg\"><path d=\"M256 8C119.033 8 8 119.033 8 256s111.033 248 248 248 248-111.033 248-248S392.967 8 256 8zm0 48c110.532 0 200 89.451 200 200 0 110.532-89.451 200-200 200-110.532 0-200-89.451-200-200 0-110.532 89.451-200 200-200m140.204 130.267l-22.536-22.718c-4.667-4.705-12.265-4.736-16.97-.068L215.346 303.697l-59.792-60.277c-4.667-4.705-12.265-4.736-16.97-.069l-22.719 22.536c-4.705 4.667-4.736 12.265-.068 16.971l90.781 91.516c4.667 4.705 12.265 4.736 16.97.068l172.589-171.204c4.704-4.668 4.734-12.266.067-16.971z\"><\/path><\/svg>\t\t\t\t\t\t<\/span>\n\t\t\t\t\t\t\t\t\t\t<span class=\"elementor-icon-list-text\">Clicca per Ottenere il Tuo Codice Sconto Esclusivo del 20%<\/span>\n\t\t\t\t\t\t\t\t\t\t\t<\/a>\n\t\t\t\t\t\t\t\t\t<\/li>\n\t\t\t\t\t\t<\/ul>\n\t\t\t\t\t\t<\/div>\n\t\t\t\t<div class=\"elementor-element elementor-element-01023ef elementor-icon-list--layout-inline elementor-list-item-link-inline elementor-widget elementor-widget-icon-list\" data-id=\"01023ef\" data-element_type=\"widget\" data-widget_type=\"icon-list.default\">\n\t\t\t\t\t\t\t<ul class=\"elementor-icon-list-items elementor-inline-items\">\n\t\t\t\t\t\t\t<li class=\"elementor-icon-list-item elementor-inline-item\">\n\t\t\t\t\t\t\t\t\t\t\t<span class=\"elementor-icon-list-icon\">\n\t\t\t\t\t\t\t<svg aria-hidden=\"true\" class=\"e-font-icon-svg e-fas-bullhorn\" viewbox=\"0 0 576 512\" xmlns=\"http:\/\/www.w3.org\/2000\/svg\"><path d=\"M576 240c0-23.63-12.95-44.04-32-55.12V32.01C544 23.26 537.02 0 512 0c-7.12 0-14.19 2.38-19.98 7.02l-85.03 68.03C364.28 109.19 310.66 128 256 128H64c-35.35 0-64 28.65-64 64v96c0 35.35 28.65 64 64 64h33.7c-1.39 10.48-2.18 21.14-2.18 32 0 39.77 9.26 77.35 25.56 110.94 5.19 10.69 16.52 17.06 28.4 17.06h74.28c26.05 0 41.69-29.84 25.9-50.56-16.4-21.52-26.15-48.36-26.15-77.44 0-11.11 1.62-21.79 4.41-32H256c54.66 0 108.28 18.81 150.98 52.95l85.03 68.03a32.023 32.023 0 0 0 19.98 7.02c24.92 0 32-22.78 32-32V295.13C563.05 284.04 576 263.63 576 240zm-96 141.42l-33.05-26.44C392.95 311.78 325.12 288 256 288v-96c69.12 0 136.95-23.78 190.95-66.98L480 98.58v282.84z\"><\/path><\/svg>\t\t\t\t\t\t<\/span>\n\t\t\t\t\t\t\t\t\t\t<span class=\"elementor-icon-list-text\"><strong>Codice Sconto:\u00a0<\/strong>ZEROPARTNER_20<\/span>\n\t\t\t\t\t\t\t\t\t<\/li>\n\t\t\t\t\t\t<\/ul>\n\t\t\t\t\t\t<\/div>\n\t\t\t\t<div class=\"elementor-element elementor-element-6c863f8 elementor-widget elementor-widget-heading\" data-id=\"6c863f8\" data-element_type=\"widget\" data-widget_type=\"heading.default\">\n\t\t\t\t\t<span class=\"elementor-heading-title elementor-size-default\">(Nota: la registrazione tramite il link fornisce vantaggi extra e supporta l'attivit\u00e0 di questo sito.)<\/span>\t\t\t\t<\/div>\n\t\t\t\t<\/div>\n\t\t\t\t<div class=\"elementor-element elementor-element-6a1281a elementor-widget elementor-widget-html translation-block\" data-id=\"6a1281a\" data-element_type=\"widget\" data-widget_type=\"html.default\"><span>\n<h2><strong>Conclusione: Il Test Finale \u2014 Il Tuo Prossimo Passo<\/strong><\/h2>\nGuarda il percorso che hai fatto: hai imparato a usare il software, studiato le strategie e compreso la gestione del rischio. Ora hai in mano il biglietto per amplificare i tuoi profitti.<br><br>\n<h3><strong>\ud83c\udf93 Quando Dovresti Iniziare la Sfida?<\/strong><\/h3>\nAssicurati prima di raggiungere i seguenti <strong>\"Standard di Qualifica\"<\/strong> in un conto demo:<br><br>\n  <ol>\n    <li>Registra le performance del conto demo per almeno 1 mese usando <strong>Myfxbook<\/strong>.<\/li>\n    <li>Soddisfa i parametri: <strong>Profit Factor &gt; 1.5<\/strong> e <strong>Drawdown Massimo &lt; 10%<\/strong>.<\/li>\n    <li>Controllo psicologico: Capacit\u00e0 di seguire la disciplina costantemente senza alcun \"revenge trading.\"<\/li>\n  <\/ol><br>\nUna volta soddisfatte queste condizioni, iscriviti con coraggio alla sfida pi\u00f9 piccola. Quella piccola quota d'iscrizione sar\u00e0 l'investimento con il pi\u00f9 alto ROI nel tuo viaggio per diventare un trader professionista.<br><br>\n<strong>Buona fortuna sui mercati. Ci vediamo nei corsi avanzati.<\/strong><br><br>\n  \u2014 <strong>Mr.Forex<\/strong>\n<\/span><\/div>\n\t\t\t\t<div class=\"elementor-element elementor-element-b8c31ee elementor-icon-list--layout-inline elementor-list-item-link-inline elementor-widget elementor-widget-icon-list\" data-id=\"b8c31ee\" data-element_type=\"widget\" data-widget_type=\"icon-list.default\">\n\t\t\t\t\t\t\t<ul class=\"elementor-icon-list-items elementor-inline-items\">\n\t\t\t\t\t\t\t<li class=\"elementor-icon-list-item elementor-inline-item\">\n\t\t\t\t\t\t\t\t\t\t\t<a href=\"https:\/\/mister.forex\/it\/ebook-hub\/\">\n\n\t\t\t\t\t\t\t\t\t\t\t\t<span class=\"elementor-icon-list-icon\">\n\t\t\t\t\t\t\t<svg aria-hidden=\"true\" class=\"e-font-icon-svg e-fas-home\" viewbox=\"0 0 576 512\" xmlns=\"http:\/\/www.w3.org\/2000\/svg\"><path d=\"M280.37 148.26L96 300.11V464a16 16 0 0 0 16 16l112.06-.29a16 16 0 0 0 15.92-16V368a16 16 0 0 1 16-16h64a16 16 0 0 1 16 16v95.64a16 16 0 0 0 16 16.05L464 480a16 16 0 0 0 16-16V300L295.67 148.26a12.19 12.19 0 0 0-15.3 0zM571.6 251.47L488 182.56V44.05a12 12 0 0 0-12-12h-56a12 12 0 0 0-12 12v72.61L318.47 43a48 48 0 0 0-61 0L4.34 251.47a12 12 0 0 0-1.6 16.9l25.5 31A12 12 0 0 0 45.15 301l235.22-193.74a12.19 12.19 0 0 1 15.3 0L530.9 301a12 12 0 0 0 16.9-1.6l25.5-31a12 12 0 0 0-1.7-16.93z\"><\/path><\/svg>\t\t\t\t\t\t<\/span>\n\t\t\t\t\t\t\t\t\t\t<span class=\"elementor-icon-list-text\">Torna alla Home dell'eBook<\/span>\n\t\t\t\t\t\t\t\t\t\t\t<\/a>\n\t\t\t\t\t\t\t\t\t<\/li>\n\t\t\t\t\t\t<\/ul>\n\t\t\t\t\t\t<\/div>\n\t\t\t\t\t<\/div>\n\t\t\t\t<\/div>\n\t\t\t\t<\/div>","protected":false},"excerpt":{"rendered":"<p>Scopri come funzionano le Prop Firm: nessun debito richiesto. Supera la valutazione per accedere a oltre 100.000$ di capitale con un profit split dell'80%! Mr.Forex ti mostra come trasformare una piccola quota d'iscrizione in una carriera professionale e uscire dal ciclo dei piccoli conti.<\/p>","protected":false},"author":1,"featured_media":66049,"parent":0,"menu_order":0,"comment_status":"closed","ping_status":"closed","template":"","meta":{"footnotes":""},"tags":[128],"class_list":["post-66033","page","type-page","status-publish","has-post-thumbnail","hentry","tag-no-google"],"_links":{"self":[{"href":"https:\/\/mister.forex\/it\/wp-json\/wp\/v2\/pages\/66033","targetHints":{"allow":["GET"]}}],"collection":[{"href":"https:\/\/mister.forex\/it\/wp-json\/wp\/v2\/pages"}],"about":[{"href":"https:\/\/mister.forex\/it\/wp-json\/wp\/v2\/types\/page"}],"author":[{"embeddable":true,"href":"https:\/\/mister.forex\/it\/wp-json\/wp\/v2\/users\/1"}],"replies":[{"embeddable":true,"href":"https:\/\/mister.forex\/it\/wp-json\/wp\/v2\/comments?post=66033"}],"version-history":[{"count":39,"href":"https:\/\/mister.forex\/it\/wp-json\/wp\/v2\/pages\/66033\/revisions"}],"predecessor-version":[{"id":71275,"href":"https:\/\/mister.forex\/it\/wp-json\/wp\/v2\/pages\/66033\/revisions\/71275"}],"wp:featuredmedia":[{"embeddable":true,"href":"https:\/\/mister.forex\/it\/wp-json\/wp\/v2\/media\/66049"}],"wp:attachment":[{"href":"https:\/\/mister.forex\/it\/wp-json\/wp\/v2\/media?parent=66033"}],"wp:term":[{"taxonomy":"post_tag","embeddable":true,"href":"https:\/\/mister.forex\/it\/wp-json\/wp\/v2\/tags?post=66033"}],"curies":[{"name":"wp","href":"https:\/\/api.w.org\/{rel}","templated":true}]}}