{"id":66209,"date":"2026-02-07T20:46:27","date_gmt":"2026-02-07T12:46:27","guid":{"rendered":"https:\/\/mister.forex\/?page_id=66209"},"modified":"2026-04-20T14:46:08","modified_gmt":"2026-04-20T06:46:08","slug":"how-to-verify-forex-performance-myfxbook","status":"publish","type":"page","link":"https:\/\/mister.forex\/it\/how-to-verify-forex-performance-myfxbook\/","title":{"rendered":"Scopri le truffe Forex! I professionisti si fidano solo di Myfxbook, rifiuta gli screenshot falsi"},"content":{"rendered":"<div data-elementor-type=\"wp-page\" data-elementor-id=\"66209\" class=\"elementor elementor-66209\" data-elementor-post-type=\"page\">\n\t\t\t\t<div class=\"elementor-element elementor-element-e032430 e-flex e-con-boxed e-con e-parent\" data-id=\"e032430\" data-element_type=\"container\">\n\t\t\t\t\t<div class=\"e-con-inner\">\n\t\t\t\t<div class=\"elementor-element elementor-element-b269822 elementor-widget elementor-widget-heading\" data-id=\"b269822\" data-element_type=\"widget\" data-widget_type=\"heading.default\">\n\t\t\t\t\t<h1 class=\"elementor-heading-title elementor-size-default\">Perch\u00e9 Myfxbook \u00e8 l'unica verit\u00e0 nel Forex? I costi nascosti degli screenshot falsi<\/h1>\t\t\t\t<\/div>\n\t\t\t\t<div class=\"elementor-element elementor-element-23ee36f elementor-widget elementor-widget-html translation-block\" data-id=\"23ee36f\" data-element_type=\"widget\" data-widget_type=\"html.default\"><span>\nNel mondo del trading c'\u00e8 un famoso detto: \"Se non hai un track record certificato da terze parti, tutto ci\u00f2 che dici \u00e8 fuffa.\"<br><br>\nQuando vedi quei \"screenshot di profitti blu\" o \"report con il 100% di win rate\" su <strong>Telegram<\/strong>, mantieni la calma e fatti una domanda: questi dati sono reali? Nell'era dei software di fotoritocco e dei conti Demo, il costo di uno screenshot \u00e8 praticamente zero.<br><br>\nIn qualit\u00e0 di team quantitativo responsabile, ti insegniamo a usare <strong>Myfxbook<\/strong> per distinguere il vero dal falso, proprio come gli investitori istituzionali.<br><br>\n\n<h2><strong>1. Perch\u00e9 gli screenshot di MT4 \/ MT5 non sono affidabili?<\/strong><\/h2>\nGli screenshot mostrano solo risultati statici, ma non riflettono la reale provenienza dei fondi n\u00e9 la gestione complessiva del rischio.<br><br>\n<ul>\n    <li><strong>Conto Demo spacciato per Reale:<\/strong> I truffatori usano conti demo illimitati per fare scommesse \"suicide\". Se sono fortunati una volta, postano lo screenshot; se perdono, cancellano il conto e ne aprono uno nuovo a costo zero.<\/li><br>\n    \n    <li><strong>Modifica dello storico:<\/strong> Esistono software e strumenti per modificare il codice sorgente di MT4\/MT5. I truffatori possono cambiare prezzi di entrata, lotti o profitti finali per creare uno screenshot di un'operazione \"perfetta\".<\/li><br>\n    \n    <li><strong>Esibizione parziale e bias di sopravvivenza:<\/strong> Ti mostrano solo le operazioni chiuse in profitto. Le enormi perdite latenti (\"Floating Loss\") che potrebbero bruciare il conto da un momento all'altro sono invisibili negli screenshot dello storico.<\/li>\n<\/ul>\n<\/span><\/div>\n\t\t<div class=\"elementor-element elementor-element-a666061 e-con-full e-flex e-con e-child\" data-id=\"a666061\" data-element_type=\"container\" data-settings=\"{&quot;background_background&quot;:&quot;classic&quot;}\">\n\t\t\t\t<div class=\"elementor-element elementor-element-0c15686 elementor-widget elementor-widget-html translation-block\" data-id=\"0c15686\" data-element_type=\"widget\" data-widget_type=\"html.default\"><span>\n<strong>Avvertenza:<\/strong> Un aumento del saldo (Balance) non garantisce la sicurezza del conto; \u00e8 necessario guardare l'equity per conoscere la situazione reale.\n<\/span><\/div>\n\t\t\t\t<\/div>\n\t\t\t\t<div class=\"elementor-element elementor-element-70b6592 elementor-widget elementor-widget-html translation-block\" data-id=\"70b6592\" data-element_type=\"widget\" data-widget_type=\"html.default\"><span>\n<h2><strong>2. Myfxbook: L'unica verit\u00e0 del Forex<\/strong><\/h2>\n<strong>Myfxbook<\/strong> \u00e8 una piattaforma di audit indipendente. Si collega direttamente ai dati dei conti di trading, rendendo impossibile la manipolazione. Quando consulti un conto, cerca sempre le due \"spunte verdi\":<br>\n<\/span><\/div>\n\t\t\t\t<div class=\"elementor-element elementor-element-988074f elementor-widget elementor-widget-image\" data-id=\"988074f\" data-element_type=\"widget\" data-widget_type=\"image.default\">\n\t\t\t\t\t\t\t\t\t\t\t\t<figure class=\"wp-caption\">\n\t\t\t\t\t\t\t\t\t\t<img fetchpriority=\"high\" decoding=\"async\" width=\"600\" height=\"153\" src=\"https:\/\/mister.forex\/wp-content\/uploads\/2026\/02\/myfxbook-verified-illustration.webp\" class=\"attachment-full size-full wp-image-66318\" alt=\"I badge di verifica Myfxbook &quot;Track Record verificato&quot; e &quot;Privilegi di trading verificati&quot; garantiscono l&#039;autenticit\u00e0 dei dati e la propriet\u00e0 del conto.\" srcset=\"https:\/\/mister.forex\/wp-content\/uploads\/2026\/02\/myfxbook-verified-illustration.webp 600w, https:\/\/mister.forex\/wp-content\/uploads\/2026\/02\/myfxbook-verified-illustration-500x128.webp 500w, https:\/\/mister.forex\/wp-content\/uploads\/2026\/02\/myfxbook-verified-illustration-300x77.webp 300w, https:\/\/mister.forex\/wp-content\/uploads\/2026\/02\/myfxbook-verified-illustration-18x5.webp 18w\" sizes=\"(max-width: 600px) 100vw, 600px\" \/>\t\t\t\t\t\t\t\t\t\t\t<figcaption class=\"widget-image-caption wp-caption-text\">I badge di verifica Myfxbook \"Track Record verificato\" e \"Privilegi di trading verificati\" garantiscono l'autenticit\u00e0 dei dati e la propriet\u00e0 del conto.<\/figcaption>\n\t\t\t\t\t\t\t\t\t\t<\/figure>\n\t\t\t\t\t\t\t\t\t<\/div>\n\t\t\t\t<div class=\"elementor-element elementor-element-7f51516 elementor-widget elementor-widget-html translation-block\" data-id=\"7f51516\" data-element_type=\"widget\" data-widget_type=\"html.default\"><span>\n<strong>\u2705 Track Record verificato (Track Record Verified):<\/strong><br>\nCi\u00f2 significa che i dati vengono letti direttamente dal server del broker, senza alcuna possibilit\u00e0 di modifica.<br><br>\n<strong>\u2705 Privilegi di trading verificati (Trading Privileges Verified):<\/strong><br>\nCi\u00f2 conferma che l'autore possiede effettivamente il controllo del conto e non ha rubato lo screenshot di qualcun altro.<br><br>\nSe un \"guru\" non osa fornire un link <strong>Myfxbook<\/strong>, o se mancano queste due spunte, bloccalo immediatamente.<br><br>\n\n<h2><strong>3. Non guardare \"quanto hai guadagnato\", guarda \"quanto hai rischiato\" (Drawdown)<\/strong><\/h2>\nI principianti guardano il profitto, i professionisti guardano il Drawdown (DD).<br><br>\nSe un conto ha guadagnato il 100% ma ha subito un drawdown massimo dell'80%, significa che \u00e8 stato vicino al fallimento. Questo non \u00e8 trading, \u00e8 un \"azzardo\".<br><br>\n<strong>Standard professionale:<\/strong> Puntiamo a una curva in costante crescita fluida. Un sistema che mantiene il drawdown tra il 10% e il 20% pur essendo redditizio \u00e8 un modello quantitativo affidabile.<br>\n<\/span><\/div>\n\t\t\t\t<div class=\"elementor-element elementor-element-6e158f6 elementor-widget elementor-widget-image\" data-id=\"6e158f6\" data-element_type=\"widget\" data-widget_type=\"image.default\">\n\t\t\t\t\t\t\t\t\t\t\t\t<figure class=\"wp-caption\">\n\t\t\t\t\t\t\t\t\t\t<img decoding=\"async\" width=\"919\" height=\"443\" src=\"https:\/\/mister.forex\/wp-content\/uploads\/2026\/02\/smooth-upward-equity-curve-diagram.webp\" class=\"attachment-full size-full wp-image-66319\" alt=\"Esempio di curva di profitto stabile. La linea gialla dell&#039;equity e quella rossa del saldo si sovrappongono e crescono costantemente, indicando un buon controllo del drawdown.\" srcset=\"https:\/\/mister.forex\/wp-content\/uploads\/2026\/02\/smooth-upward-equity-curve-diagram.webp 919w, https:\/\/mister.forex\/wp-content\/uploads\/2026\/02\/smooth-upward-equity-curve-diagram-500x241.webp 500w, https:\/\/mister.forex\/wp-content\/uploads\/2026\/02\/smooth-upward-equity-curve-diagram-300x145.webp 300w, https:\/\/mister.forex\/wp-content\/uploads\/2026\/02\/smooth-upward-equity-curve-diagram-768x370.webp 768w, https:\/\/mister.forex\/wp-content\/uploads\/2026\/02\/smooth-upward-equity-curve-diagram-18x9.webp 18w\" sizes=\"(max-width: 919px) 100vw, 919px\" \/>\t\t\t\t\t\t\t\t\t\t\t<figcaption class=\"widget-image-caption wp-caption-text\">Esempio di curva di profitto stabile. La linea gialla dell'equity e quella rossa del saldo si sovrappongono e crescono costantemente, indicando un buon controllo del drawdown.<\/figcaption>\n\t\t\t\t\t\t\t\t\t\t<\/figure>\n\t\t\t\t\t\t\t\t\t<\/div>\n\t\t\t\t<div class=\"elementor-element elementor-element-5ea0d62 elementor-widget elementor-widget-html translation-block\" data-id=\"5ea0d62\" data-element_type=\"widget\" data-widget_type=\"html.default\"><span>\n<h2><strong>4. Saldo (Balance) vs Equity: Scoprire la trappola del \"non chiudere in perdita\"<\/strong><\/h2>\nIn molti truffatori il \"Saldo\" continua a salire, mentre la \"Curva dell'Equity\" precipita nell'abisso. Ci\u00f2 significa che rifiutano di accettare le perdite (holding losing positions) e mantengono enormi perdite latenti. Se il mercato non inverte la rotta, il conto si azzera all'istante.<br><br>\nSu <strong>Myfxbook<\/strong>: osserva se la linea gialla dell'equity segue da vicino la linea rossa del saldo. <strong>Se le due linee divergono troppo, scappa!<\/strong><br>\n<\/span><\/div>\n\t\t\t\t<div class=\"elementor-element elementor-element-741b874 elementor-widget elementor-widget-image\" data-id=\"741b874\" data-element_type=\"widget\" data-widget_type=\"image.default\">\n\t\t\t\t\t\t\t\t\t\t\t\t<figure class=\"wp-caption\">\n\t\t\t\t\t\t\t\t\t\t<img decoding=\"async\" width=\"919\" height=\"443\" src=\"https:\/\/mister.forex\/wp-content\/uploads\/2026\/02\/martingale-reject-stoploss-diagram.webp\" class=\"attachment-full size-full wp-image-66316\" alt=\"Grafico che espone il rischio di mantenere posizioni in perdita. La freccia mostra la linea dell&#039;equity (gialla) che cade lontano dalla linea del saldo (rossa), indicando un enorme rischio di perdita latente.\" srcset=\"https:\/\/mister.forex\/wp-content\/uploads\/2026\/02\/martingale-reject-stoploss-diagram.webp 919w, https:\/\/mister.forex\/wp-content\/uploads\/2026\/02\/martingale-reject-stoploss-diagram-500x241.webp 500w, https:\/\/mister.forex\/wp-content\/uploads\/2026\/02\/martingale-reject-stoploss-diagram-300x145.webp 300w, https:\/\/mister.forex\/wp-content\/uploads\/2026\/02\/martingale-reject-stoploss-diagram-768x370.webp 768w, https:\/\/mister.forex\/wp-content\/uploads\/2026\/02\/martingale-reject-stoploss-diagram-18x9.webp 18w\" sizes=\"(max-width: 919px) 100vw, 919px\" \/>\t\t\t\t\t\t\t\t\t\t\t<figcaption class=\"widget-image-caption wp-caption-text\">Grafico che espone il rischio di mantenere posizioni in perdita. La freccia mostra la linea dell'equity (gialla) che cade lontano dalla linea del saldo (rossa), indicando un enorme rischio di perdita latente.<\/figcaption>\n\t\t\t\t\t\t\t\t\t\t<\/figure>\n\t\t\t\t\t\t\t\t\t<\/div>\n\t\t<div class=\"elementor-element elementor-element-08d76c5 e-con-full e-flex e-con e-child\" data-id=\"08d76c5\" data-element_type=\"container\" data-settings=\"{&quot;background_background&quot;:&quot;classic&quot;}\">\n\t\t\t\t<div class=\"elementor-element elementor-element-2c41fb6 elementor-widget elementor-widget-html translation-block\" data-id=\"2c41fb6\" data-element_type=\"widget\" data-widget_type=\"html.default\"><span>\n<h3><strong>La nostra promessa: la trasparenza \u00e8 la nostra unica lingua<\/strong><\/h3>\nNon inviamo screenshot inverificabili, ma forniamo link diretti ai nostri segnali di trading reali. Puoi monitorare ogni operazione, ogni drawdown e ogni profitto 24 ore su 24. Perch\u00e9 solo chi \u00e8 veramente forte osa sottoporsi al rigoroso controllo di un audit di terze parti.\n<\/span><\/div>\n\t\t\t\t<\/div>\n\t\t\t\t<div class=\"elementor-element elementor-element-4dfb66f elementor-widget elementor-widget-html translation-block\" data-id=\"4dfb66f\" data-element_type=\"widget\" data-widget_type=\"html.default\"><span>\n<h2><strong>Conclusione: ora che sai leggere i dati, come dovresti allocare i tuoi asset?<\/strong><\/h2>\nImparare a distinguere il vero dal falso \u00e8 solo il primo passo. Nel mercato reale, nessuna strategia \u00e8 invincibile per sempre. In che modo gli investitori professionisti utilizzano un \"portafoglio multi-strategia\" per proteggersi dai rischi di mercato?\n<\/span><\/div>\n\t\t\t\t<div class=\"elementor-element elementor-element-d10242b elementor-icon-list--layout-inline elementor-list-item-link-inline elementor-widget elementor-widget-icon-list\" data-id=\"d10242b\" data-element_type=\"widget\" data-widget_type=\"icon-list.default\">\n\t\t\t\t\t\t\t<ul class=\"elementor-icon-list-items elementor-inline-items\">\n\t\t\t\t\t\t\t<li class=\"elementor-icon-list-item elementor-inline-item\">\n\t\t\t\t\t\t\t\t\t\t\t<a href=\"https:\/\/mister.forex\/it\/hedge-fund-portfolio-logic\/\">\n\n\t\t\t\t\t\t\t\t\t\t\t\t<span class=\"elementor-icon-list-icon\">\n\t\t\t\t\t\t\t<svg aria-hidden=\"true\" class=\"e-font-icon-svg e-far-check-circle\" viewbox=\"0 0 512 512\" xmlns=\"http:\/\/www.w3.org\/2000\/svg\"><path d=\"M256 8C119.033 8 8 119.033 8 256s111.033 248 248 248 248-111.033 248-248S392.967 8 256 8zm0 48c110.532 0 200 89.451 200 200 0 110.532-89.451 200-200 200-110.532 0-200-89.451-200-200 0-110.532 89.451-200 200-200m140.204 130.267l-22.536-22.718c-4.667-4.705-12.265-4.736-16.97-.068L215.346 303.697l-59.792-60.277c-4.667-4.705-12.265-4.736-16.97-.069l-22.719 22.536c-4.705 4.667-4.736 12.265-.068 16.971l90.781 91.516c4.667 4.705 12.265 4.736 16.97.068l172.589-171.204c4.704-4.668 4.734-12.266.067-16.971z\"><\/path><\/svg>\t\t\t\t\t\t<\/span>\n\t\t\t\t\t\t\t\t\t\t<span class=\"elementor-icon-list-text\">Perch\u00e9 gli hedge fund non puntano mai tutto? La logica dei profitti di lungo periodo<\/span>\n\t\t\t\t\t\t\t\t\t\t\t<\/a>\n\t\t\t\t\t\t\t\t\t<\/li>\n\t\t\t\t\t\t<\/ul>\n\t\t\t\t\t\t<\/div>\n\t\t\t\t\t<\/div>\n\t\t\t\t<\/div>\n\t\t\t\t<\/div>","protected":false},"excerpt":{"rendered":"<p>Gli screenshot del Forex sono facili da falsificare. Come possono proteggersi gli investitori? Il nostro team analizza le trappole di MT4\/MT5 e presenta Myfxbook. Punti chiave: verifica dello storico, analisi dell'equity e allocazione professionale dei fondi.<\/p>","protected":false},"author":1,"featured_media":60992,"parent":0,"menu_order":0,"comment_status":"closed","ping_status":"closed","template":"","meta":{"footnotes":""},"tags":[128],"class_list":["post-66209","page","type-page","status-publish","has-post-thumbnail","hentry","tag-no-google"],"_links":{"self":[{"href":"https:\/\/mister.forex\/it\/wp-json\/wp\/v2\/pages\/66209","targetHints":{"allow":["GET"]}}],"collection":[{"href":"https:\/\/mister.forex\/it\/wp-json\/wp\/v2\/pages"}],"about":[{"href":"https:\/\/mister.forex\/it\/wp-json\/wp\/v2\/types\/page"}],"author":[{"embeddable":true,"href":"https:\/\/mister.forex\/it\/wp-json\/wp\/v2\/users\/1"}],"replies":[{"embeddable":true,"href":"https:\/\/mister.forex\/it\/wp-json\/wp\/v2\/comments?post=66209"}],"version-history":[{"count":18,"href":"https:\/\/mister.forex\/it\/wp-json\/wp\/v2\/pages\/66209\/revisions"}],"predecessor-version":[{"id":70492,"href":"https:\/\/mister.forex\/it\/wp-json\/wp\/v2\/pages\/66209\/revisions\/70492"}],"wp:featuredmedia":[{"embeddable":true,"href":"https:\/\/mister.forex\/it\/wp-json\/wp\/v2\/media\/60992"}],"wp:attachment":[{"href":"https:\/\/mister.forex\/it\/wp-json\/wp\/v2\/media?parent=66209"}],"wp:term":[{"taxonomy":"post_tag","embeddable":true,"href":"https:\/\/mister.forex\/it\/wp-json\/wp\/v2\/tags?post=66209"}],"curies":[{"name":"wp","href":"https:\/\/api.w.org\/{rel}","templated":true}]}}