{"id":66268,"date":"2026-02-07T21:05:51","date_gmt":"2026-02-07T13:05:51","guid":{"rendered":"https:\/\/mister.forex\/?page_id=66268"},"modified":"2026-04-21T14:49:01","modified_gmt":"2026-04-21T06:49:01","slug":"hedge-fund-portfolio-logic","status":"publish","type":"page","link":"https:\/\/mister.forex\/it\/hedge-fund-portfolio-logic\/","title":{"rendered":"Smetti di puntare tutto! I segreti degli hedge fund: Strategie quantitative e asset allocation"},"content":{"rendered":"<div data-elementor-type=\"wp-page\" data-elementor-id=\"66268\" class=\"elementor elementor-66268\" data-elementor-post-type=\"page\">\n\t\t\t\t<div class=\"elementor-element elementor-element-e573153 e-flex e-con-boxed e-con e-parent\" data-id=\"e573153\" data-element_type=\"container\">\n\t\t\t\t\t<div class=\"e-con-inner\">\n\t\t\t\t<div class=\"elementor-element elementor-element-4658f0d elementor-widget elementor-widget-heading\" data-id=\"4658f0d\" data-element_type=\"widget\" data-widget_type=\"heading.default\">\n\t\t\t\t\t<h1 class=\"elementor-heading-title elementor-size-default\">Perch\u00e9 gli hedge fund non puntano mai tutto? La logica dei profitti di lungo periodo<\/h1>\t\t\t\t<\/div>\n\t\t\t\t<div class=\"elementor-element elementor-element-52dd9d1 elementor-widget elementor-widget-html translation-block\" data-id=\"52dd9d1\" data-element_type=\"widget\" data-widget_type=\"html.default\"><span>\nNel mondo degli investimenti, inseguire il \"singolo segnale pi\u00f9 forte\" \u00e8 spesso l'inizio delle perdite. Poich\u00e9 gli ambienti di mercato ruotano costantemente, nessun algoritmo pu\u00f2 rimanere invincibile per sempre.<br><br>\nLe istituzioni professionali sopravvivono a lungo termine grazie alla <strong>\"complementarit\u00e0 delle strategie\"<\/strong>. Ecco la logica fondamentale dell'asset allocation:\n<\/span><br><br>\n\n<span>\n<h2><strong>1. Il mercato cambia, la tua strategia deve avere un \"Piano B\"<\/strong><\/h2>\nLe condizioni di mercato si dividono generalmente in due: <strong>Trend<\/strong> (forti rialzi o ribassi) e <strong>Lateralizzazione<\/strong> (movimenti incerti).<br><br>\n<ul>\n    <li>Se investi solo in <strong>strategie di trend<\/strong>, il tuo conto subir\u00e0 ripetuti stop-loss quando il mercato si muove lateralmente.<\/li><br>\n    <li>Se investi solo in <strong>strategie counter-trend<\/strong>, il tuo conto subir\u00e0 forti perdite potenziali durante un trend esplosivo unidirezionale.<\/li>\n<\/ul>\n<br>\n<strong>L'approccio professionale:<\/strong> Lascia che strategie con caratteristiche diverse si proteggano a vicenda. Quando una strategia perde durante la lateralizzazione, l'altra guadagna dal trend. Questa allocazione a \"correlazione negativa\" \u00e8 l'unica via per una crescita stabile del conto.\n<\/span><br><br>\n\n<span>\n<h2><strong>2. Due tecnologie chiave: un'architettura quantitativa complementare<\/strong><\/h2>\nAbbiamo sviluppato due strategie di trading per diversi contesti di mercato, come biglietto d'ingresso per gli investitori:\n<\/span><\/div>\n\t\t\t\t<div class=\"elementor-element elementor-element-96d5a99 elementor-widget elementor-widget-html\" data-id=\"96d5a99\" data-element_type=\"widget\" data-widget_type=\"html.default\">\n\t\t\t\t\t<span>\n<ul>\n    <li class=\" translation-block\"><strong>Alpha Gold:<\/strong> Specializzato nel catturare le deviazioni dei prezzi di mercato. Maggiore \u00e8 la deviazione, maggiore \u00e8 il potenziale di profitto. Ideale per investitori che cercano una crescita esplosiva.<\/li><br>\n    \n    <li class=\" translation-block\"><strong>Quant Matrix:<\/strong> Si concentra su modelli statistici e micro-oscillazioni in pi\u00f9 coppie di valute. Persegue la massima stabilit\u00e0, accumulando profitti come gli interessi bancari.<\/li>\n<\/ul>\n<\/span>\t\t\t\t<\/div>\n\t\t\t\t<div class=\"elementor-element elementor-element-eaa015f elementor-widget elementor-widget-html translation-block\" data-id=\"eaa015f\" data-element_type=\"widget\" data-widget_type=\"html.default\"><span>\n<h2><strong>3. Percorso di crescita: dalla verifica iniziale al portafoglio professionale<\/strong><\/h2>\nSappiamo che la fiducia richiede tempo, per questo offriamo un percorso completo dal livello base a quello istituzionale:<br><br>\n<ul>\n    <li><strong>Verifica iniziale:<\/strong> Puoi iniziare con una strategia entry-level e confrontare i dati di <strong>Myfxbook<\/strong> con le performance reali del conto.<\/li><br>\n    \n    <li><strong>Scalabilit\u00e0 graduale:<\/strong> Dopo aver confermato la stabilit\u00e0, consigliamo di combinare strategie di \"trend\" e \"swing\" per un'efficace isolamento del rischio.<\/li><br>\n    \n    <li><strong>Portafoglio di investimento:<\/strong> Con capitali pi\u00f9 importanti, il sistema attiva logiche di hedging complesse, offrendo stabilit\u00e0 da hedge fund.<\/li>\n<\/ul>\n<\/span><br>\n\n<span>\n<h2><strong>Conclusione: Il miglior investimento parte dai fatti<\/strong><\/h2>\nIl trading quantitativo non \u00e8 una magia per arricchirsi subito, ma un processo razionale basato sulla scienza. Non avere fretta, scegli la strategia pi\u00f9 adatta e prova l'efficienza del trading automatico.\n<\/span><br><br>\n\n<span>\n<h2><strong>Scegli il tuo primo punto di partenza quantitativo<\/strong><\/h2>\nIl trading quantitativo \u00e8 scienza, non un miracolo. Inizia con una strategia e sperimenta la vera gestione automatizzata del patrimonio:\n<\/span><\/div>\n\t\t\t\t<div class=\"elementor-element elementor-element-1c09d1f elementor-icon-list--layout-inline elementor-list-item-link-inline elementor-widget elementor-widget-icon-list\" data-id=\"1c09d1f\" data-element_type=\"widget\" data-widget_type=\"icon-list.default\">\n\t\t\t\t\t\t\t<ul class=\"elementor-icon-list-items elementor-inline-items\">\n\t\t\t\t\t\t\t<li class=\"elementor-icon-list-item elementor-inline-item\">\n\t\t\t\t\t\t\t\t\t\t\t<a href=\"https:\/\/mister.forex\/it\/alpha-gold\/\">\n\n\t\t\t\t\t\t\t\t\t\t\t\t<span class=\"elementor-icon-list-icon\">\n\t\t\t\t\t\t\t<svg aria-hidden=\"true\" class=\"e-font-icon-svg e-far-check-circle\" viewbox=\"0 0 512 512\" xmlns=\"http:\/\/www.w3.org\/2000\/svg\"><path d=\"M256 8C119.033 8 8 119.033 8 256s111.033 248 248 248 248-111.033 248-248S392.967 8 256 8zm0 48c110.532 0 200 89.451 200 200 0 110.532-89.451 200-200 200-110.532 0-200-89.451-200-200 0-110.532 89.451-200 200-200m140.204 130.267l-22.536-22.718c-4.667-4.705-12.265-4.736-16.97-.068L215.346 303.697l-59.792-60.277c-4.667-4.705-12.265-4.736-16.97-.069l-22.719 22.536c-4.705 4.667-4.736 12.265-.068 16.971l90.781 91.516c4.667 4.705 12.265 4.736 16.97.068l172.589-171.204c4.704-4.668 4.734-12.266.067-16.971z\"><\/path><\/svg>\t\t\t\t\t\t<\/span>\n\t\t\t\t\t\t\t\t\t\t<span class=\"elementor-icon-list-text\">Visualizza le prestazioni reali di Alpha Gold<\/span>\n\t\t\t\t\t\t\t\t\t\t\t<\/a>\n\t\t\t\t\t\t\t\t\t<\/li>\n\t\t\t\t\t\t<\/ul>\n\t\t\t\t\t\t<\/div>\n\t\t\t\t<div class=\"elementor-element elementor-element-29c4922 elementor-widget elementor-widget-heading\" data-id=\"29c4922\" data-element_type=\"widget\" data-widget_type=\"heading.default\">\n\t\t\t\t\t<span class=\"elementor-heading-title elementor-size-default\">(Ideale per gli investitori che cercano una crescita esplosiva e preferiscono il trading sull'oro)<\/span>\t\t\t\t<\/div>\n\t\t\t\t<div class=\"elementor-element elementor-element-0b7b33a elementor-icon-list--layout-inline elementor-list-item-link-inline elementor-widget elementor-widget-icon-list\" data-id=\"0b7b33a\" data-element_type=\"widget\" data-widget_type=\"icon-list.default\">\n\t\t\t\t\t\t\t<ul class=\"elementor-icon-list-items elementor-inline-items\">\n\t\t\t\t\t\t\t<li class=\"elementor-icon-list-item elementor-inline-item\">\n\t\t\t\t\t\t\t\t\t\t\t<a href=\"https:\/\/mister.forex\/it\/quant-matrix\/\">\n\n\t\t\t\t\t\t\t\t\t\t\t\t<span class=\"elementor-icon-list-icon\">\n\t\t\t\t\t\t\t<svg aria-hidden=\"true\" class=\"e-font-icon-svg e-far-check-circle\" viewbox=\"0 0 512 512\" xmlns=\"http:\/\/www.w3.org\/2000\/svg\"><path d=\"M256 8C119.033 8 8 119.033 8 256s111.033 248 248 248 248-111.033 248-248S392.967 8 256 8zm0 48c110.532 0 200 89.451 200 200 0 110.532-89.451 200-200 200-110.532 0-200-89.451-200-200 0-110.532 89.451-200 200-200m140.204 130.267l-22.536-22.718c-4.667-4.705-12.265-4.736-16.97-.068L215.346 303.697l-59.792-60.277c-4.667-4.705-12.265-4.736-16.97-.069l-22.719 22.536c-4.705 4.667-4.736 12.265-.068 16.971l90.781 91.516c4.667 4.705 12.265 4.736 16.97.068l172.589-171.204c4.704-4.668 4.734-12.266.067-16.971z\"><\/path><\/svg>\t\t\t\t\t\t<\/span>\n\t\t\t\t\t\t\t\t\t\t<span class=\"elementor-icon-list-text\">Visualizza le performance reali di Quant Matrix<\/span>\n\t\t\t\t\t\t\t\t\t\t\t<\/a>\n\t\t\t\t\t\t\t\t\t<\/li>\n\t\t\t\t\t\t<\/ul>\n\t\t\t\t\t\t<\/div>\n\t\t\t\t<div class=\"elementor-element elementor-element-6b74cb5 elementor-widget elementor-widget-heading\" data-id=\"6b74cb5\" data-element_type=\"widget\" data-widget_type=\"heading.default\">\n\t\t\t\t\t<span class=\"elementor-heading-title elementor-size-default\">(Ideale per gli investitori che cercano stabilit\u00e0 e una crescita costante del conto)<\/span>\t\t\t\t<\/div>\n\t\t\t\t<div class=\"elementor-element elementor-element-6319289 elementor-icon-list--layout-inline elementor-list-item-link-inline elementor-widget elementor-widget-icon-list\" data-id=\"6319289\" data-element_type=\"widget\" data-widget_type=\"icon-list.default\">\n\t\t\t\t\t\t\t<ul class=\"elementor-icon-list-items elementor-inline-items\">\n\t\t\t\t\t\t\t<li class=\"elementor-icon-list-item elementor-inline-item\">\n\t\t\t\t\t\t\t\t\t\t\t<a href=\"https:\/\/mister.forex\/it\/calmar-ratio-investment-efficiency\/\">\n\n\t\t\t\t\t\t\t\t\t\t\t\t<span class=\"elementor-icon-list-icon\">\n\t\t\t\t\t\t\t<svg aria-hidden=\"true\" class=\"e-font-icon-svg e-far-check-circle\" viewbox=\"0 0 512 512\" xmlns=\"http:\/\/www.w3.org\/2000\/svg\"><path d=\"M256 8C119.033 8 8 119.033 8 256s111.033 248 248 248 248-111.033 248-248S392.967 8 256 8zm0 48c110.532 0 200 89.451 200 200 0 110.532-89.451 200-200 200-110.532 0-200-89.451-200-200 0-110.532 89.451-200 200-200m140.204 130.267l-22.536-22.718c-4.667-4.705-12.265-4.736-16.97-.068L215.346 303.697l-59.792-60.277c-4.667-4.705-12.265-4.736-16.97-.069l-22.719 22.536c-4.705 4.667-4.736 12.265-.068 16.971l90.781 91.516c4.667 4.705 12.265 4.736 16.97.068l172.589-171.204c4.704-4.668 4.734-12.266.067-16.971z\"><\/path><\/svg>\t\t\t\t\t\t<\/span>\n\t\t\t\t\t\t\t\t\t\t<span class=\"elementor-icon-list-text\">Addio ai rendimenti gonfiati: Analisi del Calmar Ratio per una curva degli asset istituzionale<\/span>\n\t\t\t\t\t\t\t\t\t\t\t<\/a>\n\t\t\t\t\t\t\t\t\t<\/li>\n\t\t\t\t\t\t<\/ul>\n\t\t\t\t\t\t<\/div>\n\t\t\t\t\t<\/div>\n\t\t\t\t<\/div>\n\t\t\t\t<\/div>","protected":false},"excerpt":{"rendered":"<p>Perch\u00e9 i principali hedge fund non puntano mai tutto su un singolo segnale? Scopri la tecnica istituzionale di asset allocation a \"correlazione negativa\". Impara a resistere alla volatilit\u00e0 del mercato tramite un portafoglio, ottenendo il vantaggio matematico di profitti cumulativi e rischi compensati. Trasformati da scommettitore a investitore professionista!<\/p>","protected":false},"author":1,"featured_media":66336,"parent":0,"menu_order":0,"comment_status":"closed","ping_status":"closed","template":"","meta":{"footnotes":""},"tags":[128],"class_list":["post-66268","page","type-page","status-publish","has-post-thumbnail","hentry","tag-no-google"],"_links":{"self":[{"href":"https:\/\/mister.forex\/it\/wp-json\/wp\/v2\/pages\/66268","targetHints":{"allow":["GET"]}}],"collection":[{"href":"https:\/\/mister.forex\/it\/wp-json\/wp\/v2\/pages"}],"about":[{"href":"https:\/\/mister.forex\/it\/wp-json\/wp\/v2\/types\/page"}],"author":[{"embeddable":true,"href":"https:\/\/mister.forex\/it\/wp-json\/wp\/v2\/users\/1"}],"replies":[{"embeddable":true,"href":"https:\/\/mister.forex\/it\/wp-json\/wp\/v2\/comments?post=66268"}],"version-history":[{"count":12,"href":"https:\/\/mister.forex\/it\/wp-json\/wp\/v2\/pages\/66268\/revisions"}],"predecessor-version":[{"id":70533,"href":"https:\/\/mister.forex\/it\/wp-json\/wp\/v2\/pages\/66268\/revisions\/70533"}],"wp:featuredmedia":[{"embeddable":true,"href":"https:\/\/mister.forex\/it\/wp-json\/wp\/v2\/media\/66336"}],"wp:attachment":[{"href":"https:\/\/mister.forex\/it\/wp-json\/wp\/v2\/media?parent=66268"}],"wp:term":[{"taxonomy":"post_tag","embeddable":true,"href":"https:\/\/mister.forex\/it\/wp-json\/wp\/v2\/tags?post=66268"}],"curies":[{"name":"wp","href":"https:\/\/api.w.org\/{rel}","templated":true}]}}