{"id":67265,"date":"2026-03-08T21:50:21","date_gmt":"2026-03-08T13:50:21","guid":{"rendered":"https:\/\/mister.forex\/?page_id=67265"},"modified":"2026-04-22T08:37:32","modified_gmt":"2026-04-22T00:37:32","slug":"maximum-drawdown-mdd-investment-risk-guide","status":"publish","type":"page","link":"https:\/\/mister.forex\/it\/maximum-drawdown-mdd-investment-risk-guide\/","title":{"rendered":"-50% richiede +100% per il pareggio? Scopri la trappola dell'MDD e il risk management"},"content":{"rendered":"<div data-elementor-type=\"wp-page\" data-elementor-id=\"67265\" class=\"elementor elementor-67265\" data-elementor-post-type=\"page\">\n\t\t\t\t<div class=\"elementor-element elementor-element-7776ca1 e-flex e-con-boxed e-con e-parent\" data-id=\"7776ca1\" data-element_type=\"container\">\n\t\t\t\t\t<div class=\"e-con-inner\">\n\t\t\t\t<div class=\"elementor-element elementor-element-3384b88 elementor-widget elementor-widget-heading\" data-id=\"3384b88\" data-element_type=\"widget\" data-widget_type=\"heading.default\">\n\t\t\t\t\t<h1 class=\"elementor-heading-title elementor-size-default\">La \"trappola mortale\" del capitale: perch\u00e9 i pro guardano all'MDD e non solo al rendimento<\/h1>\t\t\t\t<\/div>\n\t\t\t\t<div class=\"elementor-element elementor-element-cc0096f elementor-widget elementor-widget-html translation-block\" data-id=\"cc0096f\" data-element_type=\"widget\" data-widget_type=\"html.default\"><span>\n<h2><strong>\ud83d\udccc Introduzione: La distanza pi\u00f9 lunga negli investimenti \u00e8 quella per il \"pareggio\"<\/strong><\/h2>\nImmagina il milione che hai risparmiato in anni di duro lavoro. Lo investi, ma il mercato subisce violente fluttuazioni e in sole due settimane si riduce a 700.000 euro.<br><br>\nQuei 300.000 euro spariti non sono solo numeri; potrebbero rappresentare l'anticipo per la tua casa, le tasse universitarie dei tuoi figli, o l'amaro prezzo di dover rimandare la pensione di cinque anni. Questa enorme pressione psicologica spinge spesso le persone alla \"vendita da panico\" per disperazione, proprio prima che il mercato tocchi il fondo e rimbalzi.<br><br>\nChiedi a un principiante: \"Qual \u00e8 il tuo obiettivo?\" e lui potrebbe rispondere: \"Guadagnare il 50% all'anno\".<br>\nMa chiedi a un trader professionista: \"Cosa guardi di pi\u00f9?\" e lui ti dir\u00e0 sicuramente: <strong>\"Maximum Drawdown (MDD).\"<\/strong><br><br>\nPerch\u00e9 nei mercati finanziari, <strong>sopravvivere \u00e8 pi\u00f9 importante che fare il colpo grosso.<\/strong>\n<\/span><br><br>\n\n<span>\n<h2><strong>\ud83d\udccc Cos'\u00e8 il Maximum Drawdown (MDD)?<\/strong><\/h2>\nIn parole povere, l'MDD \u00e8 la perdita massima registrata da un <strong>\"Picco (Peak)\"<\/strong> a un <strong>\"Minimo (Trough)\"<\/strong> in un determinato periodo, prima che venga raggiunto un nuovo picco.<br>\n<blockquote style=\"background-color: #f8fafc;border: 1px solid #2D4273;padding: 16px;margin: 20px 6px;color: #1e293b;border-radius: 6px;text-align: center\">\n    <strong>MDD = (Prezzo di Picco - Prezzo Minimo) \/ Prezzo di Picco<\/strong>\n<\/blockquote>\nAttenzione! Non significa \"quanto \u00e8 sceso oggi rispetto a ieri\", ma la distanza dal \"momento di gloria\" del tuo conto al suo \"momento peggiore\" successivo. Finch\u00e9 l'asset non segna un nuovo record, l'ombra psicologica di questo calo rimarr\u00e0.<br><br>\nInoltre, gli investitori professionisti si preoccupano pi\u00f9 del <strong>\"Tempo di Recupero (Recovery Time)\"<\/strong> \u2014 quanto tempo ci vuole per tornare al punto di partenza? Le strategie pi\u00f9 forti non solo perdono meno, ma \"guariscono velocemente\".\n<\/span><br><br>\n\n<span>\n<h2><strong>\ud83d\udccc La crudele verit\u00e0 della matematica: Perch\u00e9 pi\u00f9 grandi sono i numeri, pi\u00f9 \u00e8 difficile risalire<\/strong><\/h2>\nMolti pensano: \"Un calo del 50% non \u00e8 un problema, basta recuperare il 50% e sono in pari.\"<br>\nQuesto \u00e8 l'errore matematico pi\u00f9 fatale negli investimenti!<br><br>\nQuando il tuo capitale si riduce, devi usare una \"base pi\u00f9 piccola\" per generare una \"percentuale di guadagno maggiore\" solo per tornare a zero. Questo \u00e8 noto come <strong>Asimmetria Guadagno-Perdita<\/strong>:<br><br>\n\n<div style=\"margin-bottom: 25px\">\n    <table style=\"width: 100%;min-width: 500px;border-collapse: separate;border-spacing: 0;border: 1px solid #2D4273;border-radius: 6px;text-align: center;font-family: 'Inter', sans-serif;overflow: hidden\">\n        <thead>\n            <tr style=\"background-color: #2D4273;color: #ffffff\">\n                <th style=\"padding: 15px;border-right: 1px solid #ffffff;border-bottom: 1px solid #2D4273\"><strong>Perdita del Conto (MDD)<\/strong><\/th>\n                <th style=\"padding: 15px;border-right: 1px solid #ffffff;border-bottom: 1px solid #2D4273\"><strong>Rialzo per il Pareggio<\/strong><\/th>\n                <th style=\"padding: 15px;border-bottom: 1px solid #2D4273\"><strong>Valutazione Difficolt\u00e0<\/strong><\/th>\n            <\/tr>\n        <\/thead>\n        <tbody>\n            <tr>\n                <td style=\"padding: 15px;border-right: 1px solid #2D4273;border-bottom: 1px solid #2D4273\">-10%<\/td>\n                <td style=\"padding: 15px;border-right: 1px solid #2D4273;border-bottom: 1px solid #2D4273\">+11%<\/td>\n                <td style=\"padding: 15px;border-bottom: 1px solid #2D4273\">Recupero Facile<\/td>\n            <\/tr>\n            <tr>\n                <td style=\"padding: 15px;border-right: 1px solid #2D4273;border-bottom: 1px solid #2D4273\">-20%<\/td>\n                <td style=\"padding: 15px;border-right: 1px solid #2D4273;border-bottom: 1px solid #2D4273\">+25%<\/td>\n                <td style=\"padding: 15px;border-bottom: 1px solid #2D4273\">Accettabile<\/td>\n            <\/tr>\n            <tr>\n                <td style=\"padding: 15px;border-right: 1px solid #2D4273;border-bottom: 1px solid #2D4273\">-30%<\/td>\n                <td style=\"padding: 15px;border-right: 1px solid #2D4273;border-bottom: 1px solid #2D4273\">+43%<\/td>\n                <td style=\"padding: 15px;border-bottom: 1px solid #2D4273\">Inizia a essere difficile<\/td>\n            <\/tr>\n            <tr style=\"background-color: #fffafa\">\n                <td style=\"padding: 15px;border-right: 1px solid #2D4273;border-bottom: 1px solid #2D4273\"><strong style=\"color: #db473e\">-50%<\/strong><\/td>\n                <td style=\"padding: 15px;border-right: 1px solid #2D4273;border-bottom: 1px solid #2D4273\"><strong style=\"color: #db473e\">+100%<\/strong><\/td>\n                <td style=\"padding: 15px;border-bottom: 1px solid #2D4273\"><strong style=\"color: #db473e\">Doppia Difficolt\u00e0 (Estremo)<\/strong><\/td>\n            <\/tr>\n            <tr>\n                <td style=\"padding: 15px;border-right: 1px solid #2D4273;border-bottom: 1px solid #2D4273\">-70%<\/td>\n                <td style=\"padding: 15px;border-right: 1px solid #2D4273;border-bottom: 1px solid #2D4273\">+233%<\/td>\n                <td style=\"padding: 15px;border-bottom: 1px solid #2D4273\">Quasi Impossibile<\/td>\n            <\/tr>\n            <tr>\n                <td style=\"padding: 15px;border-right: 1px solid #2D4273\">-90%<\/td>\n                <td style=\"padding: 15px;border-right: 1px solid #2D4273\">+900%<\/td>\n                <td style=\"padding: 15px\">Consigliata Riallocazione Asset<\/td>\n            <\/tr>\n        <\/tbody>\n    <\/table>\n<\/div>\n\n<strong>Conclusione:<\/strong> Nel mondo degli investimenti, le perdite crescono linearmente, ma la difficolt\u00e0 di pareggiare sale in modo <strong>esponenziale<\/strong>. Quando l'MDD raggiunge il 50%, non ti serve una strategia, ma un miracolo (+100% di rialzo) solo per tornare al punto di partenza.\n<\/span><br><br>\n\n<span>\n<h2><strong>\ud83d\udccc Perch\u00e9 l'MDD definisce il soffitto della tua ricchezza<\/strong><\/h2>\n<ul>\n    <li><strong>Determina se sarai \"costretto a uscire dal gioco\":<\/strong> L'MDD misura il limite di sopportazione psicologica. Quando il conto si riduce drasticamente, si attivano meccanismi di difesa del cervello che portano a decisioni irrazionali. Se non sopporti un drawdown del 30%, non riuscirai mai a detenere un asset abbastanza a lungo da vederlo decuplicare.<\/li><br>\n\n    <li><strong>Distrugge la magia dell'interesse composto:<\/strong> L'interesse composto ha bisogno di tempo, e i drawdown gravi sono \"precipizi\" su quella strada. Una crescita stabile del 10% annuo \u00e8 fantastica, ma un solo anno con un MDD del 50% significa perdere anni preziosi solo per \"tornare a zero\" \u2014 una perdita del tuo asset pi\u00f9 prezioso: il tempo.<\/li><br>\n\n    <li><strong>\u00c8 l'anima del \"Calmar Ratio\":<\/strong> Rapporto di Calmar = Rendimento Annualizzato \/ Massimo Drawdown. Se ignori l'MDD, il rendimento (CAGR) \u00e8 solo fumo negli occhi. Un asset con il 100% di rendimento ma l'80% di MDD \u00e8 fondamentalmente un azzardo pronto a crollare, non un investimento.<\/li>\n<\/ul>\n<\/span><br>\n\n<span>\n<h2><strong>\ud83d\udccc Come gestire l'MDD? Dal \"sangue freddo\" alla \"gestione scientifica del rischio\"<\/strong><\/h2>\nDato che l'MDD \u00e8 cos\u00ec temibile, come lo affrontiamo? Il tradizionale \"buy and hold\" spesso fallisce la prova di forza durante un calo del 50%. Questo \u00e8 il motivo per cui i professionisti passano alle strategie quantitative:<br><br>\n<ul>\n  <li><strong>Meccanismi di Stop-Loss Automatici:<\/strong> Gli algoritmi riducono le posizioni prima che il rischio esploda, bypassando l'avidit\u00e0 e l'esitazione umana.<\/li><br>\n  <li><strong>Curve di Recupero Dinamiche:<\/strong> I sistemi professionali (come Alpha Gold o Quant Matrix) puntano a bloccare l'MDD in un range controllato, invece di inseguire un mega-profitto una tantum.<\/li><br>\n  <li><strong>Riduzione dei Tempi di Recupero:<\/strong> Utilizzo di hedging o riallocazione dinamica per consentire agli asset di battere nuovi record in modo pi\u00f9 efficiente dopo un rimbalzo del mercato.<\/li>\n<\/ul>\n<\/span><br>\n\n<span>\n<h2><strong>\ud83d\udccc Conclusione: Gestisci il rischio, il profitto arriver\u00e0 da solo<\/strong><\/h2>\nIl leggendario George Soros disse una volta: \"<strong>Prima sopravvivi, poi fai i soldi.<\/strong>\"<br><br>\nLa prossima volta che valuti un investimento, non guardare solo i rendimenti passati. Controlla prima il \"Maximum Drawdown\". Se quel numero ti fa perdere il sonno, allora i rendimenti elevati non fanno per te.<br><br>\n<strong>Ricorda: Il profitto che riesci a mantenere e con cui riesci a dormire sereno \u00e8 la vera ricchezza.<\/strong>\n<\/span><\/div>\n\t\t\t\t<div class=\"elementor-element elementor-element-6655aec elementor-icon-list--layout-inline elementor-list-item-link-inline elementor-widget elementor-widget-icon-list\" data-id=\"6655aec\" data-element_type=\"widget\" data-widget_type=\"icon-list.default\">\n\t\t\t\t\t\t\t<ul class=\"elementor-icon-list-items elementor-inline-items\">\n\t\t\t\t\t\t\t<li class=\"elementor-icon-list-item elementor-inline-item\">\n\t\t\t\t\t\t\t\t\t\t\t<a href=\"https:\/\/mister.forex\/it\/alpha-gold\/\">\n\n\t\t\t\t\t\t\t\t\t\t\t\t<span class=\"elementor-icon-list-icon\">\n\t\t\t\t\t\t\t<svg aria-hidden=\"true\" class=\"e-font-icon-svg e-far-check-circle\" viewbox=\"0 0 512 512\" xmlns=\"http:\/\/www.w3.org\/2000\/svg\"><path d=\"M256 8C119.033 8 8 119.033 8 256s111.033 248 248 248 248-111.033 248-248S392.967 8 256 8zm0 48c110.532 0 200 89.451 200 200 0 110.532-89.451 200-200 200-110.532 0-200-89.451-200-200 0-110.532 89.451-200 200-200m140.204 130.267l-22.536-22.718c-4.667-4.705-12.265-4.736-16.97-.068L215.346 303.697l-59.792-60.277c-4.667-4.705-12.265-4.736-16.97-.069l-22.719 22.536c-4.705 4.667-4.736 12.265-.068 16.971l90.781 91.516c4.667 4.705 12.265 4.736 16.97.068l172.589-171.204c4.704-4.668 4.734-12.266.067-16.971z\"><\/path><\/svg>\t\t\t\t\t\t<\/span>\n\t\t\t\t\t\t\t\t\t\t<span class=\"elementor-icon-list-text\">Visualizza le prestazioni reali di Alpha Gold<\/span>\n\t\t\t\t\t\t\t\t\t\t\t<\/a>\n\t\t\t\t\t\t\t\t\t<\/li>\n\t\t\t\t\t\t<\/ul>\n\t\t\t\t\t\t<\/div>\n\t\t\t\t<div class=\"elementor-element elementor-element-dfa00c2 elementor-widget elementor-widget-heading\" data-id=\"dfa00c2\" data-element_type=\"widget\" data-widget_type=\"heading.default\">\n\t\t\t\t\t<span class=\"elementor-heading-title elementor-size-default\">(Ideale per gli investitori che cercano una crescita esplosiva e preferiscono il trading sull'oro)<\/span>\t\t\t\t<\/div>\n\t\t\t\t<div class=\"elementor-element elementor-element-db8dcde elementor-icon-list--layout-inline elementor-list-item-link-inline elementor-widget elementor-widget-icon-list\" data-id=\"db8dcde\" data-element_type=\"widget\" data-widget_type=\"icon-list.default\">\n\t\t\t\t\t\t\t<ul class=\"elementor-icon-list-items elementor-inline-items\">\n\t\t\t\t\t\t\t<li class=\"elementor-icon-list-item elementor-inline-item\">\n\t\t\t\t\t\t\t\t\t\t\t<a href=\"https:\/\/mister.forex\/it\/quant-matrix\/\">\n\n\t\t\t\t\t\t\t\t\t\t\t\t<span class=\"elementor-icon-list-icon\">\n\t\t\t\t\t\t\t<svg aria-hidden=\"true\" class=\"e-font-icon-svg e-far-check-circle\" viewbox=\"0 0 512 512\" xmlns=\"http:\/\/www.w3.org\/2000\/svg\"><path d=\"M256 8C119.033 8 8 119.033 8 256s111.033 248 248 248 248-111.033 248-248S392.967 8 256 8zm0 48c110.532 0 200 89.451 200 200 0 110.532-89.451 200-200 200-110.532 0-200-89.451-200-200 0-110.532 89.451-200 200-200m140.204 130.267l-22.536-22.718c-4.667-4.705-12.265-4.736-16.97-.068L215.346 303.697l-59.792-60.277c-4.667-4.705-12.265-4.736-16.97-.069l-22.719 22.536c-4.705 4.667-4.736 12.265-.068 16.971l90.781 91.516c4.667 4.705 12.265 4.736 16.97.068l172.589-171.204c4.704-4.668 4.734-12.266.067-16.971z\"><\/path><\/svg>\t\t\t\t\t\t<\/span>\n\t\t\t\t\t\t\t\t\t\t<span class=\"elementor-icon-list-text\">Visualizza le performance reali di Quant Matrix<\/span>\n\t\t\t\t\t\t\t\t\t\t\t<\/a>\n\t\t\t\t\t\t\t\t\t<\/li>\n\t\t\t\t\t\t<\/ul>\n\t\t\t\t\t\t<\/div>\n\t\t\t\t<div class=\"elementor-element elementor-element-31472a2 elementor-widget elementor-widget-heading\" data-id=\"31472a2\" data-element_type=\"widget\" data-widget_type=\"heading.default\">\n\t\t\t\t\t<span class=\"elementor-heading-title elementor-size-default\">(Ideale per gli investitori che cercano stabilit\u00e0 e una crescita costante del conto)<\/span>\t\t\t\t<\/div>\n\t\t\t\t\t<\/div>\n\t\t\t\t<\/div>\n\t\t\t\t<\/div>","protected":false},"excerpt":{"rendered":"<p>Scopri la \"trappola mortale\" dell'erosione del capitale: il Maximum Drawdown (MDD). Perch\u00e9 un calo del 50% richiede un rialzo del 100% per pareggiare? Questo articolo analizza l'MDD, l'asimmetria tra profitti e perdite e la distruzione dell'interesse composto. Scopri come i professionisti usano strategie quantitative per gestire i rischi.<\/p>","protected":false},"author":1,"featured_media":67304,"parent":0,"menu_order":0,"comment_status":"closed","ping_status":"closed","template":"","meta":{"footnotes":""},"tags":[128],"class_list":["post-67265","page","type-page","status-publish","has-post-thumbnail","hentry","tag-no-google"],"_links":{"self":[{"href":"https:\/\/mister.forex\/it\/wp-json\/wp\/v2\/pages\/67265","targetHints":{"allow":["GET"]}}],"collection":[{"href":"https:\/\/mister.forex\/it\/wp-json\/wp\/v2\/pages"}],"about":[{"href":"https:\/\/mister.forex\/it\/wp-json\/wp\/v2\/types\/page"}],"author":[{"embeddable":true,"href":"https:\/\/mister.forex\/it\/wp-json\/wp\/v2\/users\/1"}],"replies":[{"embeddable":true,"href":"https:\/\/mister.forex\/it\/wp-json\/wp\/v2\/comments?post=67265"}],"version-history":[{"count":3,"href":"https:\/\/mister.forex\/it\/wp-json\/wp\/v2\/pages\/67265\/revisions"}],"predecessor-version":[{"id":70590,"href":"https:\/\/mister.forex\/it\/wp-json\/wp\/v2\/pages\/67265\/revisions\/70590"}],"wp:featuredmedia":[{"embeddable":true,"href":"https:\/\/mister.forex\/it\/wp-json\/wp\/v2\/media\/67304"}],"wp:attachment":[{"href":"https:\/\/mister.forex\/it\/wp-json\/wp\/v2\/media?parent=67265"}],"wp:term":[{"taxonomy":"post_tag","embeddable":true,"href":"https:\/\/mister.forex\/it\/wp-json\/wp\/v2\/tags?post=67265"}],"curies":[{"name":"wp","href":"https:\/\/api.w.org\/{rel}","templated":true}]}}