{"id":66873,"date":"2026-03-05T20:36:43","date_gmt":"2026-03-05T12:36:43","guid":{"rendered":"https:\/\/mister.forex\/?page_id=66873"},"modified":"2026-03-31T00:13:41","modified_gmt":"2026-03-30T16:13:41","slug":"live-dashboard","status":"publish","type":"page","link":"https:\/\/mister.forex\/jp\/live-dashboard\/","title":{"rendered":"\u30d7\u30ed\u70ba\u66ff\u30c0\u30c3\u30b7\u30e5\u30dc\u30fc\u30c9\uff1a\u30ea\u30a2\u30eb\u30bf\u30a4\u30e0\u76f8\u5834\u30fb\u30bb\u30f3\u30c1\u30e1\u30f3\u30c8\u30fb\u30cb\u30e5\u30fc\u30b9 | Mr.Forex"},"content":{"rendered":"<div data-elementor-type=\"wp-page\" data-elementor-id=\"66873\" class=\"elementor elementor-66873\" data-elementor-post-type=\"page\">\n\t\t\t\t<div class=\"elementor-element elementor-element-60e4fde e-flex e-con-boxed e-con e-parent\" data-id=\"60e4fde\" data-element_type=\"container\">\n\t\t\t\t\t<div class=\"e-con-inner\">\n\t\t<div class=\"elementor-element elementor-element-8f1fc30 e-con-full e-flex e-con e-child\" data-id=\"8f1fc30\" data-element_type=\"container\">\n\t\t<div class=\"elementor-element elementor-element-2276206 e-con-full e-flex e-con e-child\" data-id=\"2276206\" data-element_type=\"container\">\n\t\t\t\t<div class=\"elementor-element elementor-element-a20c2c3 elementor-widget elementor-widget-html\" data-id=\"a20c2c3\" data-element_type=\"widget\" data-widget_type=\"html.default\">\n\t\t\t\t\t<style>\r\n    .symbol-info-box { width: 100% !important; height: 150px !important; display: block !important; }\r\n    .symbol-info-box iframe { border: none !important; width: 100% !important; height: 100% !important; }\r\n<\/style>\r\n<div id=\"fin-symbolinfo\" class=\"symbol-info-box\"><\/div>\t\t\t\t<\/div>\n\t\t\t\t<div class=\"elementor-element elementor-element-fd55994 elementor-widget elementor-widget-html\" data-id=\"fd55994\" data-element_type=\"widget\" data-widget_type=\"html.default\">\n\t\t\t\t\t<style>\r\n    .custom-chart-box { width: 100% !important; height: 450px !important; display: block !important; }\r\n    .custom-chart-box iframe { border: none !important; width: 100% !important; height: 100% !important; }\r\n<\/style>\r\n<div id=\"fin-bigchart\" class=\"custom-chart-box\"><\/div>\t\t\t\t<\/div>\n\t\t\t\t<div class=\"elementor-element elementor-element-5fe06ab elementor-widget elementor-widget-html\" data-id=\"5fe06ab\" data-element_type=\"widget\" data-widget_type=\"html.default\">\n\t\t\t\t\t<style>\r\n    .symbol-list-box { width: 100% !important; height: 580px !important; display: block !important; }\r\n    .symbol-list-box iframe { border: none !important; width: 100% !important; height: 100% !important; }\r\n<\/style>\r\n<div id=\"fin-symbollist\" class=\"symbol-list-box\"><\/div>\t\t\t\t<\/div>\n\t\t\t\t<\/div>\n\t\t<div class=\"elementor-element elementor-element-fd9b6d5 e-con-full e-flex e-con e-child\" data-id=\"fd9b6d5\" data-element_type=\"container\">\n\t\t\t\t<div class=\"elementor-element elementor-element-7f8a236 elementor-widget elementor-widget-html\" data-id=\"7f8a236\" data-element_type=\"widget\" data-widget_type=\"html.default\">\n\t\t\t\t\t<style>\r\n    .sentiment-box { width: 100% !important; height: 440px !important; display: block !important; }\r\n    .sentiment-box iframe { border: none !important; width: 100% !important; height: 100% !important; }\r\n<\/style>\r\n<div id=\"fin-sentiment\" class=\"sentiment-box\"><\/div>\t\t\t\t<\/div>\n\t\t\t\t<div class=\"elementor-element elementor-element-8e3cdb6 elementor-widget elementor-widget-html\" data-id=\"8e3cdb6\" data-element_type=\"widget\" data-widget_type=\"html.default\">\n\t\t\t\t\t<style>\r\n    .news-feed-box { width: 100% !important; height: 765px !important; display: block !important; }\r\n    .news-feed-box iframe { border: none !important; width: 100% !important; height: 100% !important; }\r\n<\/style>\r\n<div id=\"fin-newsfeed\" class=\"news-feed-box\"><\/div>\t\t\t\t<\/div>\n\t\t\t\t<\/div>\n\t\t\t\t<\/div>\n\t\t\t\t<div class=\"elementor-element elementor-element-fc0d21d elementor-widget elementor-widget-html\" data-id=\"fc0d21d\" data-element_type=\"widget\" data-widget_type=\"html.default\">\n\t\t\t\t\t<script type=\"text\/javascript\" src=\"https:\/\/widget.finlogix.com\/Widget.js\" defer><\/script>\r\n\r\n<script type=\"text\/javascript\">\r\n(function() {\r\n    var WIDGET_ID = \"ffe4c51e-01f0-4189-8b73-943c68c4bdbd\";\r\n\r\n    \/\/ ==========================================\r\n    \/\/ 1. \u81ea\u52d5\u8a9e\u8a00\u5075\u6e2c\u8207\u6620\u5c04\u6a5f\u5236\r\n    \/\/ ==========================================\r\n    function getWidgetLanguage() {\r\n        var path = window.location.pathname.toLowerCase();\r\n        var allLangs = ['ar','bn','cn','cs','da','de','el','en','es','es_ar','es_mx','fr','hi','hk','hu','id','it','jp','kr','ms','nb','nl','pl','pt','ro','ru','sv','th','tr','uk','ur','vi','zh','pt_br'];\r\n        \r\n        var siteLang = 'default';\r\n        for (var i = 0; i < allLangs.length; i++) {\r\n            if (path.includes('\/' + allLangs[i] + '\/') || path.endsWith('\/' + allLangs[i])) {\r\n                siteLang = allLangs[i];\r\n                break;\r\n            }\r\n        }\r\n\r\n        var langMap = {\r\n            'default': 'zh_tw',\r\n            'zh': 'zh_tw',\r\n            'hk': 'zh_tw',\r\n            'cn': 'zh',\r\n            'jp': 'ja',\r\n            'ar': 'ar',\r\n            'vi': 'vi',\r\n            'en': 'en'\r\n        };\r\n\r\n        return langMap[siteLang] || 'en';\r\n    }\r\n\r\n    var CURRENT_LANG = getWidgetLanguage();\r\n\r\n    \/\/ ==========================================\r\n    \/\/ 2. \u5206\u985e\u540d\u7a31\u52d5\u614b\u7ffb\u8b6f\r\n    \/\/ ==========================================\r\n    var categoryTranslations = {\r\n        'zh_tw': ['\u4e3b\u8981\u54c1\u7a2e', '\u6b21\u8981\u54c1\u7a2e', '\u80a1\u7968\u6307\u6578'],\r\n        'zh': ['\u4e3b\u8981\u54c1\u79cd', '\u6b21\u8981\u54c1\u79cd', '\u80a1\u7968\u6307\u6570'],\r\n        'en': ['Major Symbols', 'Minor Symbols', 'Indices'],\r\n        'ja': ['\u4e3b\u8981\u30b7\u30f3\u30dc\u30eb', '\u30de\u30a4\u30ca\u30fc\u30b7\u30f3\u30dc\u30eb', '\u682a\u4fa1\u6307\u6570'],\r\n        'vi': ['C\u00e1c m\u00e3 ch\u00ednh', 'C\u00e1c m\u00e3 ph\u1ee5', 'Ch\u1ec9 s\u1ed1'],\r\n        'ar': ['\u0627\u0644\u0631\u0645\u0648\u0632 \u0627\u0644\u0631\u0626\u064a\u0633\u064a\u0629', '\u0627\u0644\u0631\u0645\u0648\u0632 \u0627\u0644\u062b\u0627\u0646\u0648\u064a\u0629', '\u0627\u0644\u0645\u0624\u0634\u0631\u0627\u062a']\r\n    };\r\n    var currentCatNames = categoryTranslations[CURRENT_LANG] || categoryTranslations['en'];\r\n\r\n    \/\/ ==========================================\r\n    \/\/ 3. \u6838\u5fc3\u908f\u8f2f\r\n    \/\/ ==========================================\r\n    function normalizeSymbol(name, tickerName) {\r\n        if (name && typeof name === 'string') return name.toUpperCase();\r\n        if (tickerName && typeof tickerName === 'string') {\r\n            if (tickerName.includes('\/')) return tickerName.toUpperCase();\r\n            if (tickerName.length === 6) {\r\n                return tickerName.slice(0, 3).toUpperCase() + '\/' + tickerName.slice(3).toUpperCase();\r\n            }\r\n            return tickerName.toUpperCase();\r\n        }\r\n        return 'EUR\/USD';\r\n    }\r\n\r\n    function renderOrUpdateWidget(type, containerId, config) {\r\n        var container = document.getElementById(containerId);\r\n        if (!container) return;\r\n\r\n        \/\/ \u6e05\u7a7a\u5bb9\u5668\u91cd\u5efa\r\n        container.innerHTML = \"\";\r\n        var uniqueSubId = containerId + \"-\" + new Date().getTime();\r\n        var newSub = document.createElement(\"div\");\r\n        newSub.id = uniqueSubId;\r\n        newSub.style.width = \"100%\";\r\n        newSub.style.height = \"100%\";\r\n        container.appendChild(newSub);\r\n        \r\n        var instance = new WidgetIframeClass();\r\n        var baseConfig = {\r\n            renderDocumentId: uniqueSubId,\r\n            widgetId: WIDGET_ID,\r\n            type: type,\r\n            language: CURRENT_LANG,\r\n            isAdaptive: true\r\n        };\r\n        \r\n        for (var key in config) { baseConfig[key] = config[key]; }\r\n        instance.init(baseConfig);\r\n        return instance;\r\n    }\r\n\r\n    \/\/ ==========================================\r\n    \/\/ 4. \u9632\u6296 (Debounce) \u6a5f\u5236\uff1a\u907f\u514d\u9023\u7e8c\u89f8\u767c\u91cd\u7e6a\r\n    \/\/ ==========================================\r\n    var syncTimeout = null;\r\n    window.syncAllWidgets = function(symbolId, symbolName, tickerName) {\r\n        clearTimeout(syncTimeout);\r\n        \r\n        syncTimeout = setTimeout(function() {\r\n            var formattedName = normalizeSymbol(symbolName, tickerName);\r\n            var finalSymbolId = symbolId ? String(symbolId) : \"44\";\r\n\r\n            \/\/ 1. \u7d14\u5716\u8868\u5340\r\n            renderOrUpdateWidget(\"BigChart\", \"fin-bigchart\", {\r\n                symbolName: formattedName,\r\n                hasSearchBar: false,\r\n                hasSymbolName: false,     \r\n                hasSymbolChange: false,   \r\n                hasProductDetail: false,\r\n                hasButton: false,\r\n                hasChart: true,  \r\n                chartShape: \"candles\",\r\n                timePeriod: \"D1\"\r\n            });\r\n\r\n            \/\/ 2. \u7d14\u5546\u54c1\u8a0a\u606f\u5340\r\n            renderOrUpdateWidget(\"BigChart\", \"fin-symbolinfo\", {\r\n                symbolName: formattedName,\r\n                hasSearchBar: false,\r\n                hasSymbolName: true,       \r\n                hasSymbolChange: true,     \r\n                hasProductDetail: true,    \r\n                hasButton: false,\r\n                hasChart: false            \r\n            });\r\n\r\n            \/\/ 3. \u60c5\u7dd2\u6307\u6a19\r\n            renderOrUpdateWidget(\"Sentiment\", \"fin-sentiment\", {\r\n                symbolPair: { symbolId: finalSymbolId, symbolName: formattedName },\r\n                isShowPriceRelatedColumn: false\r\n            });\r\n        }, 300);\r\n    };\r\n\r\n    \/\/ ==========================================\r\n    \/\/ 5. \u521d\u59cb\u5316\uff1a\u5b89\u5168\u7684\u905e\u8ff4\u8f2a\u8a62 (\u6548\u80fd\u66f4\u4f73)\r\n    \/\/ ==========================================\r\n    var attempts = 0;\r\n    var maxAttempts = 100; \/\/ \u6700\u591a\u5617\u8a66 100 \u6b21 (10\u79d2)\uff0c\u907f\u514d\u7db2\u8def\u5361\u4f4f\u6642\u7121\u9650\u6d88\u8017\u8cc7\u6e90\r\n\r\n    function initWidgetsWhenReady() {\r\n        if (typeof WidgetIframeClass !== 'undefined') {\r\n            \r\n            var listContainer = document.getElementById('fin-symbollist');\r\n            if (listContainer) {\r\n                listContainer.innerHTML = \"\"; \r\n                var listWidget = new WidgetIframeClass();\r\n                listWidget.init({\r\n                    renderDocumentId: \"fin-symbollist\",\r\n                    widgetId: WIDGET_ID,\r\n                    type: \"SymbolList\",\r\n                    language: CURRENT_LANG,\r\n                    isShowSymbolIcon: true,\r\n                    showColumns: [\"SYMBOL\", \"BID\", \"ASK\", \"SPREAD\", \"CHANGE %\"],\r\n                    categoryList: [\r\n                        { type: currentCatNames[0], symbols: [{symbolId: \"19\", symbolName: \"EURUSD\"}, {symbolId: \"25\", symbolName: \"GBPUSD\"}, {symbolId: \"36\", symbolName: \"USDJPY\"}, {symbolId: \"31\", symbolName: \"USDCAD\"}, {symbolId: \"5\", symbolName: \"AUDUSD\"}, {symbolId: \"29\", symbolName: \"NZDUSD\"}, {symbolId: \"66\", symbolName: \"BTCUSD\"}, {symbolId: \"43\", symbolName: \"XAGUSD\"}, {symbolId: \"44\", symbolName: \"XAUUSD\"}, {symbolId: \"128\", symbolName: \"USWTI\"}, {symbolId: \"129\", symbolName: \"UKBRENT\"}] },\r\n                        { type: currentCatNames[1], symbols: [{symbolId: \"12\", symbolName: \"EURGBP\"}, {symbolId: \"9\", symbolName: \"EURAUD\"}, {symbolId: \"11\", symbolName: \"EURCHF\"}, {symbolId: \"14\", symbolName: \"EURJPY\"}, {symbolId: \"20\", symbolName: \"GBPAUD\"}, {symbolId: \"23\", symbolName: \"GBPJPY\"}, {symbolId: \"3\", symbolName: \"AUDJPY\"}, {symbolId: \"28\", symbolName: \"NZDJPY\"}, {symbolId: \"7\", symbolName: \"CADJPY\"}, {symbolId: \"1\", symbolName: \"AUDCAD\"}] },\r\n                        { type: currentCatNames[2], symbols: [{symbolId: \"143\", symbolName: \"AU200\"}, {symbolId: \"152\", symbolName: \"TWUSD\"}, {symbolId: \"50\", symbolName: \"NAS100\"}, {symbolId: \"53\", symbolName: \"GER30\"}, {symbolId: \"150\", symbolName: \"CHINA50\"}, {symbolId: \"148\", symbolName: \"HK50\"}, {symbolId: \"155\", symbolName: \"JP225\"}, {symbolId: \"157\", symbolName: \"SP500\"}, {symbolId: \"51\", symbolName: \"DJ30\"}, {symbolId: \"122\", symbolName: \"US2000\"}] }\r\n                    ],\r\n                    isAdaptive: true,\r\n                    toChart: function (id, name, exchange, tickerName) {\r\n                        window.parent.postMessage(JSON.stringify({\r\n                            syncAction: 'SYNC_WIDGET_DATA',\r\n                            id: id,\r\n                            name: name,\r\n                            exchange: exchange,\r\n                            tickerName: tickerName\r\n                        }), '*');\r\n                    }\r\n                });\r\n            }\r\n\r\n            var newsContainer = document.getElementById('fin-newsfeed');\r\n            if (newsContainer) {\r\n                newsContainer.innerHTML = \"\";\r\n                var newsWidget = new WidgetIframeClass();\r\n                newsWidget.init({\r\n                    renderDocumentId: \"fin-newsfeed\",\r\n                    widgetId: WIDGET_ID,\r\n                    type: \"NewsFeed\",\r\n                    language: CURRENT_LANG,\r\n                    isAdaptive: true,\r\n                    withBorderBox: true\r\n                });\r\n            }\r\n\r\n            \/\/ \u540c\u6b65\u6e32\u67d3\u5176\u4ed6\u95dc\u806f Widget\r\n            window.syncAllWidgets(\"44\", \"XAUUSD\", null);\r\n            \r\n        } else {\r\n            attempts++;\r\n            if (attempts < maxAttempts) {\r\n                \/\/ \u6bcf 100 \u6beb\u79d2\u6aa2\u67e5\u4e00\u6b21\uff0c\u5c07\u63a7\u5236\u6b0a\u4ea4\u9084\u7d66\u700f\u89bd\u5668\u8f49\u8b6f\u4e3b\u57f7\u884c\u7dd2\r\n                setTimeout(initWidgetsWhenReady, 100); \r\n            } else {\r\n                console.warn(\"Finlogix Widget.js \u8f09\u5165\u8d85\u6642\uff0c\u8acb\u6aa2\u67e5\u7db2\u8def\u9023\u7dda\u3002\");\r\n            }\r\n        }\r\n    }\r\n\r\n    \/\/ \u555f\u52d5\u521d\u59cb\u5316\u6aa2\u67e5\r\n    initWidgetsWhenReady();\r\n\r\n    \/\/ ==========================================\r\n    \/\/ 6. \u76e3\u807d\u5668\r\n    \/\/ ==========================================\r\n    window.addEventListener('message', function (event) {\r\n        if (typeof event.data !== 'string') return;\r\n        try {\r\n            var payload = JSON.parse(event.data);\r\n            if (payload && payload.syncAction === 'SYNC_WIDGET_DATA') {\r\n                window.syncAllWidgets(payload.id, payload.name, payload.tickerName);\r\n            }\r\n        } catch (err) {}\r\n    });\r\n})();\r\n<\/script>\t\t\t\t<\/div>\n\t\t\t\t<div class=\"elementor-element elementor-element-890802c elementor-hidden-desktop elementor-hidden-tablet elementor-hidden-mobile elementor-widget elementor-widget-html\" data-id=\"890802c\" data-element_type=\"widget\" data-widget_type=\"html.default\">\n\t\t\t\t\t<iframe src=\"https:\/\/widget.myfxbook.com\/widget\/market-hours.html\" style=\"border: 0; width:100%; height:403px;\"><\/iframe>\r\n<div style=\"margin-top: 10px;\">\r\n    <div style=\"width: fit-content; margin: auto;font-family: roboto,sans-serif!important; font-size: 13px; color: #666666;\">\r\n        <a href=\"https:\/\/www.myfxbook.com\/market-hours\" title=\"Forex Market Hours\" class=\"myfxbookLink\" target=\"_blank\" rel=\"noopener\">\r\n            <b style=\"color:#666666\">Market Hours<\/b>\r\n        <\/a>\r\n        by Myfxbook.com\r\n    <\/div>\r\n<\/div>\t\t\t\t<\/div>\n\t\t\t\t<div class=\"elementor-element elementor-element-1fae905 elementor-widget elementor-widget-heading\" data-id=\"1fae905\" data-element_type=\"widget\" data-widget_type=\"heading.default\">\n\t\t\t\t\t<h1 class=\"elementor-heading-title elementor-size-default\">\u306a\u305c Mr.Forex \u30d7\u30ed\u70ba\u66ff\u30c0\u30c3\u30b7\u30e5\u30dc\u30fc\u30c9\u3092\u9078\u3076\u306e\u304b\uff1f<\/h1>\t\t\t\t<\/div>\n\t\t\t\t<div class=\"elementor-element elementor-element-f585080 elementor-widget elementor-widget-html translation-block\" data-id=\"f585080\" data-element_type=\"widget\" data-widget_type=\"html.default\"><span>\n\u30dc\u30e9\u30c6\u30a3\u30ea\u30c6\u30a3\u306e\u6fc0\u3057\u3044\u30b0\u30ed\u30fc\u30d0\u30eb\u91d1\u878d\u5e02\u5834\u306b\u304a\u3044\u3066\u3001\u60c5\u5831\u306e\u7d71\u5408\u30b9\u30d4\u30fc\u30c9\u3068\u6b63\u78ba\u6027\u306f\u30c8\u30ec\u30fc\u30c9\u6210\u529f\u306e\u6838\u3068\u306a\u308a\u307e\u3059\u3002<br><br>\n\n<strong>Mr.Forex<\/strong> \u306f\u3001\u4e16\u754c\u4e2d\u306e\u6295\u8cc7\u5bb6\u3078\u30ef\u30f3\u30b9\u30c8\u30c3\u30d7\u306e<strong>\u56fd\u969b\u6295\u8cc7\u610f\u601d\u6c7a\u5b9a\u30bb\u30f3\u30bf\u30fc<\/strong>\u3092\u63d0\u4f9b\u3057\u307e\u3059\u3002<br><br>\n\n\u3069\u3053\u306b\u3044\u3066\u3082\u3001\u3053\u306e\u30c0\u30c3\u30b7\u30e5\u30dc\u30fc\u30c9\u3092\u901a\u3058\u3066\u6a5f\u95a2\u6295\u8cc7\u5bb6\u3068\u540c\u671f\u3057\u305f\u6df1\u3044\u5e02\u5834\u60c5\u5831\u3092\u5165\u624b\u3067\u304d\u307e\u3059\u3002<br>\n<br>\n\n<h2><strong>5\u3064\u306e\u30b3\u30a2\u6a5f\u80fd\uff1a\u30b0\u30ed\u30fc\u30d0\u30eb\u5e02\u5834\u306e\u8108\u52d5\u3092\u6d1e\u5bdf<\/strong><\/h2>\n<ul>\n    <li><strong>\u30b0\u30ed\u30fc\u30d0\u30eb\u30fb\u30ea\u30a2\u30eb\u30bf\u30a4\u30e0\u30fb\u30c1\u30e3\u30fc\u30c8\u30fb\u30b7\u30b9\u30c6\u30e0\uff1a<\/strong> \u30df\u30ea\u79d2\u5358\u4f4d\u3067\u66f4\u65b0\u3055\u308c\u308b\u56fd\u969b\u76f8\u5834\u3092\u63d0\u4f9b\u3002\u591a\u5f69\u306a\u30c6\u30af\u30cb\u30ab\u30eb\u6307\u6a19\u3092\u30b5\u30dd\u30fc\u30c8\u3057\u3001\u91d1 (XAUUSD)\u3001\u30d3\u30c3\u30c8\u30b3\u30a4\u30f3 (BTCUSD)\u3001\u304a\u3088\u3073\u4e3b\u8981\u901a\u8ca8\u30da\u30a2\u3092\u30ab\u30d0\u30fc\u3057\u307e\u3059\u3002<\/li>\n    <li><strong>\u5e02\u5834\u30bb\u30f3\u30c1\u30e1\u30f3\u30c8\u6307\u6a19\uff1a<\/strong> \u4e16\u754c\u4e2d\u306e\u30c8\u30ec\u30fc\u30c0\u30fc\u306e\u30ea\u30a2\u30eb\u30bf\u30a4\u30e0\u306a\u58f2\u8cb7\u6bd4\u7387\u3092\u63d0\u4f9b\u3057\u3001\u5e02\u5834\u5fc3\u7406\u3092\u628a\u63e1\u3002\u30d7\u30ed\u30d5\u30a7\u30c3\u30b7\u30e7\u30ca\u30eb\u306a\u300c\u9006\u5f35\u308a\u6307\u6a19\u300d\u3068\u3057\u3066\u306e\u53c2\u7167\u3092\u652f\u63f4\u3057\u307e\u3059\u3002<\/li>\n    <li><strong>\u591a\u6b21\u5143\u30af\u30aa\u30fc\u30c8\u30fb\u30c6\u30a3\u30c3\u30ab\u30fc\uff1a<\/strong> \u4e16\u754c\u306e\u4e3b\u8981\u306a\u53d6\u5f15\u9298\u67c4\u3092\u30ea\u30a2\u30eb\u30bf\u30a4\u30e0\u3067\u76e3\u8996\u3057\u3001\u91cd\u8981\u306a\u4fa1\u683c\u5909\u52d5\u3092\u898b\u9003\u3055\u306a\u3044\u3088\u3046\u306b\u3057\u307e\u3059\u3002<\/li>\n    <li><strong>\u8a73\u7d30\u306a\u5e02\u5834\u30c7\u30fc\u30bf\u5206\u6790\uff1a<\/strong> \u30ea\u30a2\u30eb\u30bf\u30a4\u30e0\u306e\u30b9\u30d7\u30ec\u30c3\u30c9\u3084\u5f53\u65e5\u306e\u5909\u52d5\u5e45\u3092\u8a73\u7d30\u306b\u8868\u793a\u3002\u53d6\u5f15\u6226\u7565\u306e\u6b63\u78ba\u306a\u5b9f\u884c\u3068\u30b3\u30b9\u30c8\u7ba1\u7406\u3092\u30b5\u30dd\u30fc\u30c8\u3057\u307e\u3059\u3002<\/li>\n    <li><strong>\u30b0\u30ed\u30fc\u30d0\u30eb\u91d1\u878d\u901f\u5831\uff1a<\/strong> \u4e16\u754c\u5e02\u5834\u306e\u91cd\u5927\u30a4\u30d9\u30f3\u30c8\u3084\u7d4c\u6e08\u30c7\u30fc\u30bf\u309224\u6642\u9593\u7d76\u3048\u9593\u306a\u304f\u30d7\u30c3\u30b7\u30e5\u914d\u4fe1\u3002\u56fd\u969b\u5e02\u5834\u3068\u5b8c\u5168\u306b\u30ea\u30f3\u30af\u3057\u305f\u60c5\u5831\u53ce\u96c6\u3092\u4fdd\u8a3c\u3057\u307e\u3059\u3002<\/li>\n<\/ul>\n<br>\n\n<h2><strong>\u30d7\u30ed\u30c8\u30ec\u30fc\u30c0\u30fc\u306e\u305f\u3081\u306e\u591a\u56fd\u7c4d\u306a\u610f\u601d\u6c7a\u5b9a\u30c4\u30fc\u30eb<\/strong><\/h2>\n<strong>\u300c\u60c5\u5831\u306e\u975e\u5bfe\u79f0\u6027\u3092\u6253\u7834\u3059\u308b\u3002\u3053\u308c\u3053\u305d\u304c\u3001\u3042\u306a\u305f\u306e\u30b0\u30ed\u30fc\u30d0\u30eb\u30fb\u30c8\u30ec\u30fc\u30c7\u30a3\u30f3\u30b0\u30fb\u30b3\u30de\u30f3\u30c9\u30bb\u30f3\u30bf\u30fc\u3067\u3059\u3002\u300d<\/strong><br>\n<br>\n\u512a\u308c\u305f\u30c8\u30ec\u30fc\u30c0\u30fc\u306f\u3001\u30c4\u30fc\u30eb\u306e\u5207\u308a\u66ff\u3048\u306b\u7e1b\u3089\u308c\u308b\u3079\u304d\u3067\u306f\u3042\u308a\u307e\u305b\u3093\u3002<strong>Mr.Forex<\/strong> \u30c0\u30c3\u30b7\u30e5\u30dc\u30fc\u30c9\u306f <strong>\u5e02\u5834\u30bb\u30f3\u30c1\u30e1\u30f3\u30c8<\/strong> \u3068 <strong>\u30ea\u30a2\u30eb\u30bf\u30a4\u30e0\u76f8\u5834<\/strong> \u3092\u7d71\u5408\u3002\u30c1\u30e3\u30fc\u30c8\u3092\u89b3\u5bdf\u3057\u306a\u304c\u3089\u4e16\u754c\u4e2d\u306e\u500b\u4eba\u6295\u8cc7\u5bb6\u306e\u30dd\u30b8\u30b7\u30e7\u30f3\u72b6\u6cc1\u3092\u540c\u6642\u306b\u900f\u8996\u3067\u304d\u308b\u305f\u3081\u3001\u30c0\u30de\u30b7\u3092\u52b9\u679c\u7684\u306b\u56de\u907f\u3057\u3001\u30c8\u30ec\u30f3\u30c9\u306e\u6a5f\u4f1a\u3092\u6349\u3048\u308b\u3053\u3068\u304c\u3067\u304d\u307e\u3059\u3002\n<\/span><\/div>\n\t\t\t\t<div class=\"elementor-element elementor-element-85f870a elementor-widget-divider--view-line elementor-widget elementor-widget-divider\" data-id=\"85f870a\" data-element_type=\"widget\" data-widget_type=\"divider.default\">\n\t\t\t\t\t\t\t<div class=\"elementor-divider\">\n\t\t\t<span class=\"elementor-divider-separator\">\n\t\t\t\t\t\t<\/span>\n\t\t<\/div>\n\t\t\t\t\t\t<\/div>\n\t\t\t\t<div class=\"elementor-element elementor-element-c594be9 elementor-widget elementor-widget-html\" data-id=\"c594be9\" data-element_type=\"widget\" data-widget_type=\"html.default\">\n\t\t\t\t\t<style>.elementor-element-c594be9{display:none !important}<\/style>\t\t\t\t<\/div>\n\t\t\t\t<div class=\"elementor-element elementor-element-b2454f8 elementor-widget elementor-widget-html translation-block\" data-id=\"b2454f8\" data-element_type=\"widget\" data-widget_type=\"html.default\"><span>\n<strong>\u3053\u306e\u30da\u30fc\u30b8\u306e\u6280\u8853\u30b5\u30dd\u30fc\u30c8\u306f <a href=\"https:\/\/acy.com\/en?affiliate=LTD42804\" target=\"_blank\" rel=\"nofollow noopener sponsored\">ACY\u8a3c\u5238<\/a> \u306b\u3088\u3063\u3066\u63d0\u4f9b\u3055\u308c\u3066\u3044\u307e\u3059<\/strong>\n<\/span><\/div>\n\t\t\t\t<div class=\"elementor-element elementor-element-ccede7e elementor-widget elementor-widget-spacer\" data-id=\"ccede7e\" data-element_type=\"widget\" data-widget_type=\"spacer.default\">\n\t\t\t\t\t\t\t<div class=\"elementor-spacer\">\n\t\t\t<div class=\"elementor-spacer-inner\"><\/div>\n\t\t<\/div>\n\t\t\t\t\t\t<\/div>\n\t\t\t\t\t<\/div>\n\t\t\t\t<\/div>\n\t\t\t\t<\/div>","protected":false},"excerpt":{"rendered":"<p>Mr.Forex\u30d7\u30ed\u770b\u677f\uff1a\u91d1\u30fb\u70ba\u66ff\u30fb\u4eee\u60f3\u901a\u8ca8\u306e\u30ea\u30a2\u30eb\u30bf\u30a4\u30e0\u30c1\u30e3\u30fc\u30c8\u3001\u72ec\u81ea\u306e\u30bb\u30f3\u30c1\u30e1\u30f3\u30c8\u3001\u6700\u65b0\u30cb\u30e5\u30fc\u30b9\u30921\u753b\u9762\u306b\u96c6\u7d04\u3002\u753b\u9762\u5207\u66ff\u4e0d\u8981\u3067\u3001\u7cbe\u5ea6\u306e\u9ad8\u3044\u6295\u8cc7\u5224\u65ad\u3092\u30b5\u30dd\u30fc\u30c8\u3002<\/p>","protected":false},"author":1,"featured_media":68960,"parent":0,"menu_order":0,"comment_status":"closed","ping_status":"closed","template":"","meta":{"footnotes":""},"tags":[128],"class_list":["post-66873","page","type-page","status-publish","has-post-thumbnail","hentry","tag-no-google"],"_links":{"self":[{"href":"https:\/\/mister.forex\/jp\/wp-json\/wp\/v2\/pages\/66873","targetHints":{"allow":["GET"]}}],"collection":[{"href":"https:\/\/mister.forex\/jp\/wp-json\/wp\/v2\/pages"}],"about":[{"href":"https:\/\/mister.forex\/jp\/wp-json\/wp\/v2\/types\/page"}],"author":[{"embeddable":true,"href":"https:\/\/mister.forex\/jp\/wp-json\/wp\/v2\/users\/1"}],"replies":[{"embeddable":true,"href":"https:\/\/mister.forex\/jp\/wp-json\/wp\/v2\/comments?post=66873"}],"version-history":[{"count":0,"href":"https:\/\/mister.forex\/jp\/wp-json\/wp\/v2\/pages\/66873\/revisions"}],"wp:featuredmedia":[{"embeddable":true,"href":"https:\/\/mister.forex\/jp\/wp-json\/wp\/v2\/media\/68960"}],"wp:attachment":[{"href":"https:\/\/mister.forex\/jp\/wp-json\/wp\/v2\/media?parent=66873"}],"wp:term":[{"taxonomy":"post_tag","embeddable":true,"href":"https:\/\/mister.forex\/jp\/wp-json\/wp\/v2\/tags?post=66873"}],"curies":[{"name":"wp","href":"https:\/\/api.w.org\/{rel}","templated":true}]}}