{"id":57464,"date":"2025-08-10T22:11:57","date_gmt":"2025-08-10T14:11:57","guid":{"rendered":"http:\/\/test.swqi.tw\/?page_id=57464"},"modified":"2025-12-03T03:33:51","modified_gmt":"2025-12-02T19:33:51","slug":"overcome-5-psychological-traps","status":"publish","type":"page","link":"https:\/\/mister.forex\/nb\/overcome-5-psychological-traps\/","title":{"rendered":"\u00c5 overvinne 5 vanlige psykologiske feller:&nbsp;Gratis e-bok nedlasting | Mr.Forex"},"content":{"rendered":"<div data-elementor-type=\"wp-page\" data-elementor-id=\"57464\" class=\"elementor elementor-57464\" data-elementor-post-type=\"page\">\n\t\t\t\t<div class=\"elementor-element elementor-element-d97b493 e-flex e-con-boxed e-con e-parent\" data-id=\"d97b493\" data-element_type=\"container\">\n\t\t\t\t\t<div class=\"e-con-inner\">\n\t\t\t\t<div class=\"elementor-element elementor-element-f60eab9 elementor-icon-list--layout-inline elementor-list-item-link-inline elementor-widget elementor-widget-icon-list\" data-id=\"f60eab9\" data-element_type=\"widget\" data-widget_type=\"icon-list.default\">\n\t\t\t\t\t\t\t<ul class=\"elementor-icon-list-items elementor-inline-items\">\n\t\t\t\t\t\t\t<li class=\"elementor-icon-list-item elementor-inline-item\">\n\t\t\t\t\t\t\t\t\t\t\t<a href=\"https:\/\/mister.forex\/nb\/ebook-hub\/\">\n\n\t\t\t\t\t\t\t\t\t\t\t\t<span class=\"elementor-icon-list-icon\">\n\t\t\t\t\t\t\t<svg aria-hidden=\"true\" class=\"e-font-icon-svg e-fas-reply\" viewbox=\"0 0 512 512\" xmlns=\"http:\/\/www.w3.org\/2000\/svg\"><path d=\"M8.309 189.836L184.313 37.851C199.719 24.546 224 35.347 224 56.015v80.053c160.629 1.839 288 34.032 288 186.258 0 61.441-39.581 122.309-83.333 154.132-13.653 9.931-33.111-2.533-28.077-18.631 45.344-145.012-21.507-183.51-176.59-185.742V360c0 20.7-24.3 31.453-39.687 18.164l-176.004-152c-11.071-9.562-11.086-26.753 0-36.328z\"><\/path><\/svg>\t\t\t\t\t\t<\/span>\n\t\t\t\t\t\t\t\t\t\t<span class=\"elementor-icon-list-text\">Forrige side<\/span>\n\t\t\t\t\t\t\t\t\t\t\t<\/a>\n\t\t\t\t\t\t\t\t\t<\/li>\n\t\t\t\t\t\t<\/ul>\n\t\t\t\t\t\t<\/div>\n\t\t\t\t\t<\/div>\n\t\t\t\t<\/div>\n\t\t<div class=\"elementor-element elementor-element-3090bf1 e-flex e-con-boxed e-con e-parent\" data-id=\"3090bf1\" data-element_type=\"container\" data-settings=\"{&quot;background_background&quot;:&quot;classic&quot;}\">\n\t\t\t\t\t<div class=\"e-con-inner\">\n\t\t<div class=\"elementor-element elementor-element-0261845 e-con-full e-flex e-con e-child\" data-id=\"0261845\" data-element_type=\"container\" data-settings=\"{&quot;background_background&quot;:&quot;classic&quot;}\">\n\t\t\t\t<div class=\"elementor-element elementor-element-3fde205 elementor-widget elementor-widget-image\" data-id=\"3fde205\" data-element_type=\"widget\" data-settings=\"{&quot;_animation&quot;:&quot;none&quot;}\" data-widget_type=\"image.default\">\n\t\t\t\t\t\t\t\t\t\t\t\t\t\t\t<img fetchpriority=\"high\" decoding=\"async\" width=\"188\" height=\"300\" src=\"https:\/\/mister.forex\/wp-content\/uploads\/2025\/08\/Book-3-Mockup-EN.webp\" class=\"attachment-thumbnail size-thumbnail wp-image-57297\" alt=\"\u00c5 overvinne 5 vanlige psykologiske feller\" srcset=\"https:\/\/mister.forex\/wp-content\/uploads\/2025\/08\/Book-3-Mockup-EN.webp 1410w, https:\/\/mister.forex\/wp-content\/uploads\/2025\/08\/Book-3-Mockup-EN-313x500.webp 313w, https:\/\/mister.forex\/wp-content\/uploads\/2025\/08\/Book-3-Mockup-EN-752x1200.webp 752w, https:\/\/mister.forex\/wp-content\/uploads\/2025\/08\/Book-3-Mockup-EN-188x300.webp 188w, https:\/\/mister.forex\/wp-content\/uploads\/2025\/08\/Book-3-Mockup-EN-768x1226.webp 768w, https:\/\/mister.forex\/wp-content\/uploads\/2025\/08\/Book-3-Mockup-EN-963x1536.webp 963w, https:\/\/mister.forex\/wp-content\/uploads\/2025\/08\/Book-3-Mockup-EN-1283x2048.webp 1283w, https:\/\/mister.forex\/wp-content\/uploads\/2025\/08\/Book-3-Mockup-EN-8x12.webp 8w, https:\/\/mister.forex\/wp-content\/uploads\/2025\/08\/Book-3-Mockup-EN-600x957.webp 600w\" sizes=\"(max-width: 188px) 100vw, 188px\" \/>\t\t\t\t\t\t\t\t\t\t\t\t\t\t\t<\/div>\n\t\t\t\t<div class=\"elementor-element elementor-element-d4eeded elementor-align-center elementor-widget elementor-widget-button\" data-id=\"d4eeded\" data-element_type=\"widget\" data-widget_type=\"button.default\">\n\t\t\t\t\t\t\t\t\t\t<a class=\"elementor-button elementor-button-link elementor-size-sm\" href=\"https:\/\/1drv.ms\/f\/c\/7c6c551c74c8b8b2\/EgXL8oGw3CdFgHB4r64KTksB4KNOstV59YhWQgFCVsbmBg?e=nJM7ld\" target=\"_blank\" rel=\"noopener\">\n\t\t\t\t\t\t<span class=\"elementor-button-content-wrapper\">\n\t\t\t\t\t\t\t\t\t<span class=\"elementor-button-text\">Last ned n\u00e5<\/span>\n\t\t\t\t\t<\/span>\n\t\t\t\t\t<\/a>\n\t\t\t\t\t\t\t\t<\/div>\n\t\t\t\t<div class=\"elementor-element elementor-element-a153df0 elementor-widget elementor-widget-heading\" data-id=\"a153df0\" data-element_type=\"widget\" data-widget_type=\"heading.default\">\n\t\t\t\t\t<span class=\"elementor-heading-title elementor-size-default\">St\u00f8ttede spr\u00e5k<\/span>\t\t\t\t<\/div>\n\t\t<div class=\"elementor-element elementor-element-3aa1b4d e-con-full e-flex e-con e-child\" data-id=\"3aa1b4d\" data-element_type=\"container\">\n\t\t\t\t<div class=\"elementor-element elementor-element-e8975ec elementor-align-center elementor-widget elementor-widget-button\" data-id=\"e8975ec\" data-element_type=\"widget\" data-widget_type=\"button.default\">\n\t\t\t\t\t\t\t\t\t\t<a class=\"elementor-button elementor-size-sm\" role=\"button\">\n\t\t\t\t\t\t<span class=\"elementor-button-content-wrapper\">\n\t\t\t\t\t\t\t\t\t<span class=\"elementor-button-text\">\u7b80\u4f53\u4e2d\u6587<\/span>\n\t\t\t\t\t<\/span>\n\t\t\t\t\t<\/a>\n\t\t\t\t\t\t\t\t<\/div>\n\t\t\t\t<div class=\"elementor-element elementor-element-d50312a elementor-align-center elementor-widget elementor-widget-button\" data-id=\"d50312a\" data-element_type=\"widget\" data-widget_type=\"button.default\">\n\t\t\t\t\t\t\t\t\t\t<a class=\"elementor-button elementor-size-sm\" role=\"button\">\n\t\t\t\t\t\t<span class=\"elementor-button-content-wrapper\">\n\t\t\t\t\t\t\t\t\t<span class=\"elementor-button-text\">\u7e41\u9ad4\u4e2d\u6587<\/span>\n\t\t\t\t\t<\/span>\n\t\t\t\t\t<\/a>\n\t\t\t\t\t\t\t\t<\/div>\n\t\t\t\t<div class=\"elementor-element elementor-element-1c6f173 elementor-align-center elementor-widget elementor-widget-button\" data-id=\"1c6f173\" data-element_type=\"widget\" data-widget_type=\"button.default\">\n\t\t\t\t\t\t\t\t\t\t<a class=\"elementor-button elementor-size-sm\" role=\"button\">\n\t\t\t\t\t\t<span class=\"elementor-button-content-wrapper\">\n\t\t\t\t\t\t\t\t\t<span class=\"elementor-button-text\">English<\/span>\n\t\t\t\t\t<\/span>\n\t\t\t\t\t<\/a>\n\t\t\t\t\t\t\t\t<\/div>\n\t\t\t\t<\/div>\n\t\t\t\t<\/div>\n\t\t<div class=\"elementor-element elementor-element-05dc3d5 e-con-full e-flex e-con e-child\" data-id=\"05dc3d5\" data-element_type=\"container\" data-settings=\"{&quot;background_background&quot;:&quot;classic&quot;}\">\n\t\t<div class=\"elementor-element elementor-element-0f23524 e-con-full e-flex e-con e-child\" data-id=\"0f23524\" data-element_type=\"container\">\n\t\t\t\t<div class=\"elementor-element elementor-element-23f1220 elementor-widget elementor-widget-heading\" data-id=\"23f1220\" data-element_type=\"widget\" data-widget_type=\"heading.default\">\n\t\t\t\t\t<h2 class=\"elementor-heading-title elementor-size-default\">\u00c5 overvinne 5 vanlige psykologiske feller<\/h2>\t\t\t\t<\/div>\n\t\t\t\t<div class=\"elementor-element elementor-element-794c598 elementor-widget elementor-widget-heading\" data-id=\"794c598\" data-element_type=\"widget\" data-widget_type=\"heading.default\">\n\t\t\t\t\t<h3 class=\"elementor-heading-title elementor-size-default\">Hvorfor f\u00f8rer perfekte planer fortsatt til tap? Last ned den gratis guiden og overvinn de 5 mest d\u00f8delige handelspsykologiske utfordringene.<\/h3>\t\t\t\t<\/div>\n\t\t\t\t<div class=\"elementor-element elementor-element-3ab86cb elementor-widget elementor-widget-heading\" data-id=\"3ab86cb\" data-element_type=\"widget\" data-widget_type=\"heading.default\">\n\t\t\t\t\t<h3 class=\"elementor-heading-title elementor-size-default\">Denne guiden vil hjelpe deg med \u00e5 identifisere og overvinne gr\u00e5dighet, frykt, FOMO (Fear of Missing Out) og andre handelspsykologiske utfordringer, slik at du virkelig kan oppn\u00e5 \u00abenhet mellom kunnskap og handling\u00bb.<\/h3>\t\t\t\t<\/div>\n\t\t\t\t<div class=\"elementor-element elementor-element-6922722 elementor-widget-divider--view-line elementor-widget elementor-widget-divider\" data-id=\"6922722\" data-element_type=\"widget\" data-widget_type=\"divider.default\">\n\t\t\t\t\t\t\t<div class=\"elementor-divider\">\n\t\t\t<span class=\"elementor-divider-separator\">\n\t\t\t\t\t\t<\/span>\n\t\t<\/div>\n\t\t\t\t\t\t<\/div>\n\t\t\t\t<\/div>\n\t\t\t\t<div class=\"elementor-element elementor-element-7c4d490 elementor-widget elementor-widget-html translation-block\" data-id=\"7c4d490\" data-element_type=\"widget\" data-widget_type=\"html.default\"><div style=\"16px\"><span>\r\n<h3><strong>Forstyrrer ditt indre din trading?<\/strong>&nbsp;<\/h3>\r\n<ul>\r\n <li>Har du noen gang latt en l\u00f8nnsom trade bli til tap p\u00e5 grunn av <strong>gr\u00e5dighet<\/strong>&nbsp;?<\/li>\r\n <li>Har du noen gang g\u00e5tt glipp av en mulighet som passet perfekt til planen din p\u00e5 grunn av <strong>frykt<\/strong>&nbsp;?<\/li>\r\n <li>Har du noen gang, etter et tap, gjort st\u00f8rre og mer impulsive \"hevnhandlinger\" p\u00e5 grunn av <strong>sinne<\/strong>&nbsp;?<\/li>\r\n<\/ul>\r\n<br>\r\n\r\n<!-- Section:&nbsp;L\u00f8sning og transformasjon -->\r\n<h3><strong>Suksess i trading kommer 80% fra psykologisk kontroll<\/strong>&nbsp;<\/h3>\r\nSelv den beste strategien er verdil\u00f8s uten en disiplinert mentalitet til \u00e5 gjennomf\u00f8re den.<br>\r\nDenne boken \u00ab\u00c5 overvinne 5 vanlige psykologiske feller\u00bb vil gi deg et praktisk verkt\u00f8ysett for \u00e5 h\u00e5ndtere indre f\u00f8lelser.<br>\r\n<br>\r\n<h4><strong>Etter \u00e5 ha lest denne guiden vil du l\u00e6re \u00e5:<\/strong>&nbsp;<\/h4>\r\n<ul>\r\n <li><strong>H\u00e5ndtere gr\u00e5dighet:<\/strong>&nbsp;Bruk \"80\/20-regelen\" for \u00e5 sikre gevinst, samtidig som du lar profitten l\u00f8pe.<\/li>\r\n <li><strong>Overvinne frykt:<\/strong>&nbsp;Bygg selvtillit i trading med \"data\" og \"disiplin\".<\/li>\r\n <li><strong>Bryte onde sirkler:<\/strong>&nbsp;Unng\u00e5 hevnhandlinger med \"strenge regler\".<\/li>\r\n<\/ul>\r\n<br>\r\n\r\n<!-- Section:&nbsp;Forh\u00e5ndsvisning av e-bokinnhold -->\r\n<h4><strong>I denne guiden vil du l\u00e6re \u00e5 h\u00e5ndtere:<\/strong>&nbsp;<\/h4>\r\n<ol>\r\n <li><strong>Felle \u00e9n:<\/strong>&nbsp;Gr\u00e5dighet \u2013 \"Jeg burde kunne tjene mer!\"<\/li>\r\n <li><strong>Felle to:<\/strong>&nbsp;Frykt \u2013 \"Jeg er redd for \u00e5 tape...\"<\/li>\r\n <li><strong>Felle tre:<\/strong>&nbsp;FOMO \u2013 \"Jeg er redd for \u00e5 g\u00e5 glipp av en mulighet!\"<\/li>\r\n <li><strong>Felle fire:<\/strong>&nbsp;Hevnhandling \u2013 \"Jeg skal vinne tilbake pengene mine!\"<\/li>\r\n <li><strong>Felle fem:<\/strong>&nbsp;Overdreven selvtillit \u2013 \"Jeg kan umulig tape igjen!\"<\/li>\r\n<\/ol>\r\n<\/span><\/div><\/div>\n\t\t\t\t<\/div>\n\t\t\t\t\t<\/div>\n\t\t\t\t<\/div>\n\t\t\t\t<\/div>","protected":false},"excerpt":{"rendered":"<p>Hvorfor f\u00f8rer perfekte planer fortsatt til tap? Last ned den gratis guiden \u00ab\u00c5 overvinne 5 vanlige psykologiske feller\u00bb, hvor vi analyserer gr\u00e5dighet, frykt, FOMO og de 5 mest vanlige psykologiske fellene, samt gir konkrete mottiltak.<\/p>","protected":false},"author":1,"featured_media":57408,"parent":0,"menu_order":0,"comment_status":"closed","ping_status":"closed","template":"","meta":{"footnotes":""},"tags":[128],"class_list":["post-57464","page","type-page","status-publish","has-post-thumbnail","hentry","tag-no-google"],"_links":{"self":[{"href":"https:\/\/mister.forex\/nb\/wp-json\/wp\/v2\/pages\/57464","targetHints":{"allow":["GET"]}}],"collection":[{"href":"https:\/\/mister.forex\/nb\/wp-json\/wp\/v2\/pages"}],"about":[{"href":"https:\/\/mister.forex\/nb\/wp-json\/wp\/v2\/types\/page"}],"author":[{"embeddable":true,"href":"https:\/\/mister.forex\/nb\/wp-json\/wp\/v2\/users\/1"}],"replies":[{"embeddable":true,"href":"https:\/\/mister.forex\/nb\/wp-json\/wp\/v2\/comments?post=57464"}],"version-history":[{"count":0,"href":"https:\/\/mister.forex\/nb\/wp-json\/wp\/v2\/pages\/57464\/revisions"}],"wp:featuredmedia":[{"embeddable":true,"href":"https:\/\/mister.forex\/nb\/wp-json\/wp\/v2\/media\/57408"}],"wp:attachment":[{"href":"https:\/\/mister.forex\/nb\/wp-json\/wp\/v2\/media?parent=57464"}],"wp:term":[{"taxonomy":"post_tag","embeddable":true,"href":"https:\/\/mister.forex\/nb\/wp-json\/wp\/v2\/tags?post=57464"}],"curies":[{"name":"wp","href":"https:\/\/api.w.org\/{rel}","templated":true}]}}