{"id":6209,"date":"2024-03-02T19:37:13","date_gmt":"2024-03-02T11:37:13","guid":{"rendered":"http:\/\/192.168.0.254\/?page_id=6209"},"modified":"2026-04-18T02:49:46","modified_gmt":"2026-04-17T18:49:46","slug":"terms","status":"publish","type":"page","link":"https:\/\/mister.forex\/nb\/terms\/","title":{"rendered":"Brukervilk\u00e5r og juridisk merknad | Mr.Forex"},"content":{"rendered":"<div data-elementor-type=\"wp-page\" data-elementor-id=\"6209\" class=\"elementor elementor-6209\" data-elementor-post-type=\"page\">\n\t\t\t\t<div class=\"elementor-element elementor-element-1a1c01d e-flex e-con-boxed e-con e-parent\" data-id=\"1a1c01d\" data-element_type=\"container\" data-settings=\"{&quot;background_background&quot;:&quot;classic&quot;}\">\n\t\t\t\t\t<div class=\"e-con-inner\">\n\t\t<div class=\"elementor-element elementor-element-9b1b493 e-flex e-con-boxed e-con e-child\" data-id=\"9b1b493\" data-element_type=\"container\">\n\t\t\t\t\t<div class=\"e-con-inner\">\n\t\t\t\t<div class=\"elementor-element elementor-element-d53c7ca elementor-widget elementor-widget-heading\" data-id=\"d53c7ca\" data-element_type=\"widget\" data-widget_type=\"heading.default\">\n\t\t\t\t\t<h1 class=\"elementor-heading-title elementor-size-default\">Brukervilk\u00e5r<\/h1>\t\t\t\t<\/div>\n\t\t\t\t\t<\/div>\n\t\t\t\t<\/div>\n\t\t\t\t<div class=\"elementor-element elementor-element-1e799c7 elementor-widget__width-inherit elementor-absolute elementor-widget elementor-widget-image\" data-id=\"1e799c7\" data-element_type=\"widget\" data-settings=\"{&quot;_position&quot;:&quot;absolute&quot;}\" data-widget_type=\"image.default\">\n\t\t\t\t\t\t\t\t\t\t\t\t\t\t\t<img fetchpriority=\"high\" decoding=\"async\" width=\"500\" height=\"281\" src=\"https:\/\/mister.forex\/wp-content\/uploads\/2025\/12\/TC-500x281.webp\" class=\"attachment-medium size-medium wp-image-62793\" alt=\"\" srcset=\"https:\/\/mister.forex\/wp-content\/uploads\/2025\/12\/TC-500x281.webp 500w, https:\/\/mister.forex\/wp-content\/uploads\/2025\/12\/TC-300x169.webp 300w, https:\/\/mister.forex\/wp-content\/uploads\/2025\/12\/TC-768x432.webp 768w, https:\/\/mister.forex\/wp-content\/uploads\/2025\/12\/TC-18x10.webp 18w, https:\/\/mister.forex\/wp-content\/uploads\/2025\/12\/TC.webp 1200w\" sizes=\"(max-width: 500px) 100vw, 500px\" \/>\t\t\t\t\t\t\t\t\t\t\t\t\t\t\t<\/div>\n\t\t\t\t\t<\/div>\n\t\t\t\t<\/div>\n\t\t<div class=\"elementor-element elementor-element-440b919 e-flex e-con-boxed e-con e-parent\" data-id=\"440b919\" data-element_type=\"container\">\n\t\t\t\t\t<div class=\"e-con-inner\">\n\t\t\t\t<div class=\"elementor-element elementor-element-87f0330 elementor-widget elementor-widget-spacer\" data-id=\"87f0330\" data-element_type=\"widget\" data-widget_type=\"spacer.default\">\n\t\t\t\t\t\t\t<div class=\"elementor-spacer\">\n\t\t\t<div class=\"elementor-spacer-inner\"><\/div>\n\t\t<\/div>\n\t\t\t\t\t\t<\/div>\n\t\t\t\t<div class=\"elementor-element elementor-element-0afc9c9 elementor-widget elementor-widget-html translation-block\" data-id=\"0afc9c9\" data-element_type=\"widget\" data-widget_type=\"html.default\"><span>\nVelkommen til Mr.Forex (heretter kalt \"dette nettstedet\"). For \u00e5 gi deg en trygg og s\u00f8ml\u00f8s opplevelse n\u00e5r du bruker de ulike tjenestene og informasjonen p\u00e5 nettstedet v\u00e5rt, vennligst les f\u00f8lgende informasjon n\u00f8ye. Ved \u00e5 g\u00e5 inn p\u00e5 eller bruke dette nettstedet, godtar du f\u00f8lgende vilk\u00e5r:<br>\n<br>\n<h2><strong>1. Tjenestebegrensninger<\/strong><\/h2>\nDette nettstedet leverer ikke tjenester til innbyggere i spesifikke land som USA, Taiwan, Canada, Israel, New Zealand, Iran og Nord-Korea, eller land\/regioner der distribusjon eller bruk ville v\u00e6re i strid med lokale lover eller forskrifter. Hvis du befinner deg i de nevnte omr\u00e5dene, vennligst forlat dette nettstedet umiddelbart.<br>\n<br>\n<h2><strong>2. Alder og fri vilje<\/strong><\/h2>\nDu m\u00e5 v\u00e6re minst 18 \u00e5r gammel, eller ha n\u00e5dd myndighetsalder i henhold til lovene i landet ditt. Ved \u00e5 bruke tjenestene p\u00e5 dette nettstedet bekrefter du at du gj\u00f8r det av egen fri vilje og etter eget aktivt \u00f8nske, og ikke som svar p\u00e5 noen form for aktiv oppfordring eller markedsf\u00f8ring fra dette nettstedet.<br>\n<br>\n<h2><strong>3. Bruk av nettsted og tjenester<\/strong><\/h2>\nDette nettstedet retter ikke sitt nettsted og sine tjenester mot noen person i noe land der bruken er forbudt i henhold til lokale lover eller forskrifter. N\u00e5r du f\u00e5r tilgang til dette nettstedet fra et land der bruken kan v\u00e6re forbudt, er brukeren ansvarlig for \u00e5 sikre at all bruk av nettstedet eller tjenestene er i samsvar med lokale lover eller forskrifter. Dette nettstedet bekrefter ikke at informasjonen p\u00e5 nettstedet er gjeldende for alle jurisdiksjoner.<br>\n<br>\n<h2><strong>4. Juridisk ansvar<\/strong><\/h2>\nVi forutsetter at du er kvalifisert til \u00e5 kj\u00f8pe og bruke produktene v\u00e5re p\u00e5 lovlig vis. Det er ditt ansvar \u00e5 sikre at du overholder globale og lokale lover og forskrifter. Vi er ikke ansvarlige for eventuelle skader eller s\u00f8ksm\u00e5l anlagt mot deg p\u00e5 grunn av slike forskrifter.<br>\n<br>\n<h2><strong>5. CFTC-regel 4.41 (Opplysning om hypotetisk avkastning)<\/strong><\/h2>\nCFTC-REGEL 4.41: HYPOTETISKE ELLER SIMULERTE RESULTATER HAR VISSE BEGRENSNINGER. I MOTSETNING TIL EN FAKTISK HISTORIKK, REPRESENTERER IKKE SIMULERTE RESULTATER FAKTISK HANDEL. SIDEN HANDLENE IKKE ER UTF\u00d8RT, KAN RESULTATENE OGS\u00c5 HA UNDER- ELLER OVERKOMPENSERT FOR EFFEKTEN AV VISSE MARKEDSFAKTORER, SOM MANGELLENDE LIKVIDITET. SIMULERTE HANDELSPROGRAMMER ER GENERELT OGS\u00c5 UNDERLAGT DET FAKTUM AT DE ER DESIGNET MED ETTERP\u00c5KLOKSKAP. DET GIS INGEN GARANTI FOR AT NOEN KONTO VIL ELLER FORVENTES \u00c5 OPPN\u00c5 GEVINST ELLER TAP TILSVARENDE DE SOM VISES.<br>\n<br>\n<h2><strong>6. Risiko og avkastning ved automatisert Forex-handel<\/strong><\/h2>\nAutomatisert Forex-handel har potensial for store gevinster, men inneb\u00e6rer ogs\u00e5 potensiell stor risiko. Du m\u00e5 v\u00e6re klar over risikoen og v\u00e6re villig til \u00e5 akseptere den for \u00e5 investere i Forex-markedet. Ikke handle med penger du ikke har r\u00e5d til \u00e5 tape. Denne annonsen\/presentasjonen er verken en oppfordring eller et tilbud om \u00e5 handle Forex. Det gis ingen garanti for at noen konto vil eller forventes \u00e5 oppn\u00e5 gevinster eller tap tilsvarende de som diskuteres i denne annonsen\/presentasjonen.<br>\n<br>\n<h2><strong>7. Investoransvar<\/strong><\/h2>\nAutomatisert Forex-handel er en utfordrende og potensiell mulighet for utdannede og erfarne investorer. F\u00f8r du bestemmer deg for \u00e5 delta, b\u00f8r du n\u00f8ye vurdere dine investeringsm\u00e5l, erfaringsniv\u00e5 og risikovillighet. Enhver transaksjon som involverer valutaer inneb\u00e6rer risiko, inkludert men ikke begrenset til potensialet for betydelig innvirkning p\u00e5 valutakurser eller likviditet p\u00e5 grunn av politiske endringer eller endringer i \u00f8konomiske forhold. Videre betyr giringen i Forex-handel at markedsbevegelser vil ha en tilsvarende proporsjonal effekt p\u00e5 dine innskutte midler. Dette kan fungere til din fordel eller ulempe. Muligheten eksisterer for at du kan lide et totalt tap av opprinnelige marginmidler og at posisjonen din vil bli likvidert, og du vil v\u00e6re ansvarlig for ethvert resulterende tap. Investorer r\u00e5des til \u00e5 bruke strategier som \"Stop Loss\" eller \"Limit\" for \u00e5 begrense risikoen. Innholdet leveres i god tro og anses \u00e5 v\u00e6re n\u00f8yaktig, men dette nettstedet gir ingen uttrykkelig eller underforst\u00e5tt garanti for n\u00f8yaktighet eller aktualitet.<br>\n<br>\n<h2><strong>8. Ansvarsfraskrivelse<\/strong><\/h2>\nDette nettstedet og dets ledelse og ansatte p\u00e5tar seg intet ansvar for feil, un\u00f8yaktigheter eller utelatelser i dette materialet. De garanterer ikke n\u00f8yaktigheten eller fullstendigheten av informasjonen, teksten, grafikken, lenkene eller andre elementer i dette materialet. Dette nettstedet og dets ledelse og ansatte skal ikke holdes ansvarlige for noen spesielle, indirekte, tilfeldige eller f\u00f8lgeskader som kan oppst\u00e5 som f\u00f8lge av dette materialet, inkludert men ikke begrenset til tap av data, tap av inntekter eller tap av fortjeneste.<br>\n<br>\n<h2><strong>9. Kampanjer, bonuser og fondsikkerhet<\/strong><\/h2>\nTredjepartskampanjer og bonuser som tilbys gjennom dette nettstedet er tredjepartens ansvar. Dette nettstedet er ikke ansvarlig for manglende eller utilstrekkelig oppfyllelse av bonus- eller kampanjetilbud fra tredjeparter. For enkelte meglere kan bonuser trekkes fra v\u00e5r kommisjon, noe som resulterer i lavere rabatter enn forventet. Dette nettstedet fungerer kun som en teknisk tjeneste- og informasjonsleverand\u00f8r, h\u00e5ndterer ikke brukermidler og tilbyr ikke kontoforvaltningstjenester.<br>\n<br>\n<h2><strong>10. Immaterielle rettigheter<\/strong><\/h2>\nAll programvare (EA), indikatorer, strategiparametere og innhold levert av dette nettstedet er v\u00e5rt firmas immaterielle eiendom. Omvendt utvikling (reverse engineering), modifisering, kopiering eller videresalg av programvaren p\u00e5 dette nettstedet er strengt forbudt uten skriftlig tillatelse.<br>\n<br>\n<h2><strong>11. Gjeldende lov<\/strong><\/h2>\nTolkningen og anvendelsen av disse brukervilk\u00e5rene skal h\u00e5ndteres i samsvar med lovene i Taiwan (R.O.C.). I tilfelle en tvist, er begge parter enige om at Taiwan Taipei District Court skal v\u00e6re domstolen i f\u00f8rste instans.<br>\n<br>\n<h2><strong>12. Spr\u00e5kklausul<\/strong><\/h2>\nDisse juridiske vilk\u00e5rene kan leveres i flere spr\u00e5kversjoner for referanse. Ved oversettelsesfeil eller semantiske forskjeller skal den engelske versjonen gjelde. Den engelske versjonen er den eneste offisielle versjonen av dette nettstedets juridiske vilk\u00e5r og har rettslig virkning.<br>\n<\/span><\/div>\n\t\t\t\t<div class=\"elementor-element elementor-element-21aff1c elementor-widget elementor-widget-spacer\" data-id=\"21aff1c\" data-element_type=\"widget\" data-widget_type=\"spacer.default\">\n\t\t\t\t\t\t\t<div class=\"elementor-spacer\">\n\t\t\t<div class=\"elementor-spacer-inner\"><\/div>\n\t\t<\/div>\n\t\t\t\t\t\t<\/div>\n\t\t\t\t\t<\/div>\n\t\t\t\t<\/div>\n\t\t\t\t<\/div>","protected":false},"excerpt":{"rendered":"<p>Viktig info om tjenester, registrering og sikkerhet. Forst\u00e5 dine rettigheter og plikter for en trygg og god handelsopplevelse hos Mr.Forex.<\/p>","protected":false},"author":1,"featured_media":62793,"parent":0,"menu_order":0,"comment_status":"closed","ping_status":"closed","template":"","meta":{"footnotes":""},"tags":[],"class_list":["post-6209","page","type-page","status-publish","has-post-thumbnail","hentry"],"_links":{"self":[{"href":"https:\/\/mister.forex\/nb\/wp-json\/wp\/v2\/pages\/6209","targetHints":{"allow":["GET"]}}],"collection":[{"href":"https:\/\/mister.forex\/nb\/wp-json\/wp\/v2\/pages"}],"about":[{"href":"https:\/\/mister.forex\/nb\/wp-json\/wp\/v2\/types\/page"}],"author":[{"embeddable":true,"href":"https:\/\/mister.forex\/nb\/wp-json\/wp\/v2\/users\/1"}],"replies":[{"embeddable":true,"href":"https:\/\/mister.forex\/nb\/wp-json\/wp\/v2\/comments?post=6209"}],"version-history":[{"count":15,"href":"https:\/\/mister.forex\/nb\/wp-json\/wp\/v2\/pages\/6209\/revisions"}],"predecessor-version":[{"id":70328,"href":"https:\/\/mister.forex\/nb\/wp-json\/wp\/v2\/pages\/6209\/revisions\/70328"}],"wp:featuredmedia":[{"embeddable":true,"href":"https:\/\/mister.forex\/nb\/wp-json\/wp\/v2\/media\/62793"}],"wp:attachment":[{"href":"https:\/\/mister.forex\/nb\/wp-json\/wp\/v2\/media?parent=6209"}],"wp:term":[{"taxonomy":"post_tag","embeddable":true,"href":"https:\/\/mister.forex\/nb\/wp-json\/wp\/v2\/tags?post=6209"}],"curies":[{"name":"wp","href":"https:\/\/api.w.org\/{rel}","templated":true}]}}