{"id":66400,"date":"2026-02-13T13:35:55","date_gmt":"2026-02-13T05:35:55","guid":{"rendered":"https:\/\/mister.forex\/?page_id=66400"},"modified":"2026-04-19T09:12:36","modified_gmt":"2026-04-19T01:12:36","slug":"why-we-refuse-mql5-signalstart","status":"publish","type":"page","link":"https:\/\/mister.forex\/nb\/why-we-refuse-mql5-signalstart\/","title":{"rendered":"Er MQL5-abonnement virkelig l\u00f8nnsomt? 3 feller ved copy-trading avsl\u00f8rt | Mr.Forex"},"content":{"rendered":"<div data-elementor-type=\"wp-page\" data-elementor-id=\"66400\" class=\"elementor elementor-66400\" data-elementor-post-type=\"page\">\n\t\t\t\t<div class=\"elementor-element elementor-element-5818207 e-flex e-con-boxed e-con e-parent\" data-id=\"5818207\" data-element_type=\"container\">\n\t\t\t\t\t<div class=\"e-con-inner\">\n\t\t\t\t<div class=\"elementor-element elementor-element-384e732 elementor-widget elementor-widget-heading\" data-id=\"384e732\" data-element_type=\"widget\" data-widget_type=\"heading.default\">\n\t\t\t\t\t<h1 class=\"elementor-heading-title elementor-size-default\">Beskytt investorenes profitt: 4 tekniske grunner til at vi avviser MQL5-abonnement<\/h1>\t\t\t\t<\/div>\n\t\t\t\t<div class=\"elementor-element elementor-element-dbb2d15 elementor-widget elementor-widget-html translation-block\" data-id=\"dbb2d15\" data-element_type=\"widget\" data-widget_type=\"html.default\"><span>\nN\u00e5r du begynner \u00e5 s\u00f8ke etter automatiserte handelsverkt\u00f8y, har du sikkert h\u00f8rt om kjente plattformer for signalabonnement som <strong>MQL5<\/strong>, <strong>SignalStart<\/strong> eller <strong>ZuluTrade<\/strong>. Mange brukere sp\u00f8r meg: \"Siden systemet ditt er s\u00e5 stabilt, hvorfor legger du det ikke ut p\u00e5 disse plattformene med en m\u00e5nedsavgift?\"<br><br>\n\nDette er et sv\u00e6rt profesjonelt sp\u00f8rsm\u00e5l. I dag vil jeg avsl\u00f8re hvorfor vi avviser disse plattformene. Det er ikke p\u00e5 grunn av tekniske begrensninger, men fordi vi vet: <strong>\u00c5 abonnere p\u00e5 \"Scalping-strategier\" p\u00e5 disse plattformene f\u00f8rer ofte til at bare signalkilden tjener penger, mens f\u00f8lgerne taper penger.<\/strong><br><br>\n\nHer er de tekniske retningslinjene vi f\u00f8lger for \u00e5 beskytte investorenes kapital:\n<\/span><br><br>\n\n<span>\n<h2><strong>1. En \"selvmorderisk\" handelsfelle for sm\u00e5sparere<\/strong><\/h2>\n\nPlattformer som <strong>MQL5<\/strong> tar vanligvis en fast m\u00e5nedsavgift (f.eks. $30 - $100 USD). Dette bel\u00f8pet kan v\u00e6re ubetydelig for store kontoer, men det er et d\u00f8dsst\u00f8t for sm\u00e5 investorer.<br><br>\n\n<ul>\n    <li><strong>H\u00f8yt profittpress:<\/strong> Hvis kontoen din er p\u00e5 $1 000 og du betaler $50 i avgift, m\u00e5 du tjene 5 % hver m\u00e5ned bare for \u00e5 g\u00e5 i null.<\/li><br>\n    <li><strong>Endret handelspsykologi:<\/strong> For \u00e5 dekke denne faste kostnaden vil sm\u00e5sparere ubevisst s\u00f8ke h\u00f8yere avkastning, noe som tvinger systemet inn i h\u00f8yrisiko-tilstander med stort drawdown.<\/li><br>\n    <li><strong>V\u00e5r l\u00f8sning:<\/strong> Vi insisterer p\u00e5 en <strong>\"Performance Fee\"<\/strong>-modell. Hvis du ikke tjener penger, tar vi ikke en krone. Dette sikrer at v\u00e5re interesser er helt i tr\u00e5d med investorens.<\/li>\n<\/ul>\n<\/span><br>\n\n<span>\n<h2><strong>2. Den tekniske sannheten: Signalkilden vinner, f\u00f8lgeren taper<\/strong><\/h2>\n\nDette er den vanligste klagen p\u00e5 tredjepartsplattformer. Spesielt v\u00e5r \"Scalping-strategi\" krever ekstremt strenge handelsforhold (spread, slippage, latens).<br><br>\n\n<ul>\n    <li><strong>Teknisk flaskehals:<\/strong> P\u00e5 plattformer som <strong>MQL5<\/strong> skaper overf\u00f8ring mellom servere betydelige prisforskjeller.<\/li><br>\n    <li><strong>D\u00e5rlig utf\u00f8relse:<\/strong> Kilden g\u00e5r inn p\u00e5 2030,10 og ut p\u00e5 2030,50 (4 pips gevinst). P\u00e5 grunn av forsinkelse g\u00e5r du inn p\u00e5 2030,40 og ut p\u00e5 2030,45. Etter gebyrer er kontoen din i minus.<\/li><br>\n    <li><strong>Konklusjon:<\/strong> Abonnement p\u00e5 tvers av plattformer egner seg ikke for presise og raske kvantitative strategier.<\/li>\n<\/ul>\n<\/span><\/div>\n\t\t<div class=\"elementor-element elementor-element-0917671 e-con-full e-flex e-con e-child\" data-id=\"0917671\" data-element_type=\"container\" data-settings=\"{&quot;background_background&quot;:&quot;classic&quot;}\">\n\t\t\t\t<div class=\"elementor-element elementor-element-e0481e3 elementor-widget elementor-widget-html translation-block\" data-id=\"e0481e3\" data-element_type=\"widget\" data-widget_type=\"html.default\"><span>\n<strong>Mr.Forex Insight:<\/strong> Du trenger ikke bare ta mitt ord for det. Du kan sjekke de reelle vurderingene av disse plattformene p\u00e5 <a href=\"https:\/\/www.trustpilot.com\/\" target=\"_blank\" rel=\"nofollow noopener\"><strong>Trustpilot<\/strong><\/a>. N\u00e5r brukere klager over \"un\u00f8yaktige signaler\" eller \"t\u00f8mte kontoer\", er hoved\u00e5rsaken ofte at **slippage mellom plattformer spiser opp profitten**, mens faste abonnementsavgifter t\u00e6rer p\u00e5 kapitalen din.\n<\/span><\/div>\n\t\t\t\t<\/div>\n\t\t<div class=\"elementor-element elementor-element-46f9c19 e-grid e-con-full e-con e-child\" data-id=\"46f9c19\" data-element_type=\"container\">\n\t\t\t\t<div class=\"elementor-element elementor-element-c27ab99 elementor-widget elementor-widget-image\" data-id=\"c27ab99\" data-element_type=\"widget\" data-widget_type=\"image.default\">\n\t\t\t\t\t\t\t\t\t\t\t\t<figure class=\"wp-caption\">\n\t\t\t\t\t\t\t\t\t\t\t<a href=\"https:\/\/www.trustpilot.com\/review\/www.mql5.com\" target=\"_blank\" rel=\"nofollow noopener\">\n\t\t\t\t\t\t\t<img decoding=\"async\" width=\"429\" height=\"115\" src=\"https:\/\/mister.forex\/wp-content\/uploads\/2026\/02\/MQL5.webp\" class=\"attachment-full size-full wp-image-66412\" alt=\"MQL5-anmeldelser\" srcset=\"https:\/\/mister.forex\/wp-content\/uploads\/2026\/02\/MQL5.webp 429w, https:\/\/mister.forex\/wp-content\/uploads\/2026\/02\/MQL5-300x80.webp 300w, https:\/\/mister.forex\/wp-content\/uploads\/2026\/02\/MQL5-18x5.webp 18w\" sizes=\"(max-width: 429px) 100vw, 429px\" \/>\t\t\t\t\t\t\t\t<\/a>\n\t\t\t\t\t\t\t\t\t\t\t<figcaption class=\"widget-image-caption wp-caption-text\">MQL5-anmeldelser<\/figcaption>\n\t\t\t\t\t\t\t\t\t\t<\/figure>\n\t\t\t\t\t\t\t\t\t<\/div>\n\t\t\t\t<div class=\"elementor-element elementor-element-ad74459 elementor-widget elementor-widget-image\" data-id=\"ad74459\" data-element_type=\"widget\" data-widget_type=\"image.default\">\n\t\t\t\t\t\t\t\t\t\t\t\t<figure class=\"wp-caption\">\n\t\t\t\t\t\t\t\t\t\t\t<a href=\"https:\/\/www.trustpilot.com\/review\/signalstart.com\" target=\"_blank\" rel=\"nofollow noopener\">\n\t\t\t\t\t\t\t<img decoding=\"async\" width=\"410\" height=\"115\" src=\"https:\/\/mister.forex\/wp-content\/uploads\/2026\/02\/SignalStart.webp\" class=\"attachment-full size-full wp-image-66413\" alt=\"SignalStart-anmeldelser\" srcset=\"https:\/\/mister.forex\/wp-content\/uploads\/2026\/02\/SignalStart.webp 410w, https:\/\/mister.forex\/wp-content\/uploads\/2026\/02\/SignalStart-300x84.webp 300w, https:\/\/mister.forex\/wp-content\/uploads\/2026\/02\/SignalStart-18x5.webp 18w\" sizes=\"(max-width: 410px) 100vw, 410px\" \/>\t\t\t\t\t\t\t\t<\/a>\n\t\t\t\t\t\t\t\t\t\t\t<figcaption class=\"widget-image-caption wp-caption-text\">SignalStart-anmeldelser<\/figcaption>\n\t\t\t\t\t\t\t\t\t\t<\/figure>\n\t\t\t\t\t\t\t\t\t<\/div>\n\t\t\t\t<div class=\"elementor-element elementor-element-bd76ace elementor-widget elementor-widget-image\" data-id=\"bd76ace\" data-element_type=\"widget\" data-widget_type=\"image.default\">\n\t\t\t\t\t\t\t\t\t\t\t\t<figure class=\"wp-caption\">\n\t\t\t\t\t\t\t\t\t\t\t<a href=\"https:\/\/www.trustpilot.com\/review\/zulutrade.com\" target=\"_blank\" rel=\"nofollow noopener\">\n\t\t\t\t\t\t\t<img decoding=\"async\" width=\"400\" height=\"115\" src=\"https:\/\/mister.forex\/wp-content\/uploads\/2026\/02\/ZuluTrade.webp\" class=\"attachment-full size-full wp-image-66414\" alt=\"ZuluTrade-anmeldelser\" srcset=\"https:\/\/mister.forex\/wp-content\/uploads\/2026\/02\/ZuluTrade.webp 400w, https:\/\/mister.forex\/wp-content\/uploads\/2026\/02\/ZuluTrade-300x86.webp 300w, https:\/\/mister.forex\/wp-content\/uploads\/2026\/02\/ZuluTrade-18x5.webp 18w\" sizes=\"(max-width: 400px) 100vw, 400px\" \/>\t\t\t\t\t\t\t\t<\/a>\n\t\t\t\t\t\t\t\t\t\t\t<figcaption class=\"widget-image-caption wp-caption-text\">ZuluTrade-anmeldelser<\/figcaption>\n\t\t\t\t\t\t\t\t\t\t<\/figure>\n\t\t\t\t\t\t\t\t\t<\/div>\n\t\t\t\t<\/div>\n\t\t\t\t<div class=\"elementor-element elementor-element-499a12a elementor-widget elementor-widget-html translation-block\" data-id=\"499a12a\" data-element_type=\"widget\" data-widget_type=\"html.default\"><span>\n<h2><strong>3. Hvorfor f\u00f8rer abonnement til \"gambler-atferd\"?<\/strong><\/h2>\n\nP\u00e5 abonnementsplattformer er tilbyderens inntekt enkel: antall abonnenter \u00d7 fast m\u00e5nedsavgift.<br><br>\n\n<ul>\n    <li><strong>Alvorlig moralsk risiko:<\/strong> Tilbydere trenger bare \u00e5 ta ekstrem risiko for \u00e5 vise ett flott m\u00e5nedsresultat for \u00e5 tiltrekke seg folk. Selv om kontoen ryker neste m\u00e5ned, er pengene tjent. De har ingen grunn til \u00e5 beskytte din risiko.<\/li><br>\n    <li><strong>Ekte partnerskap:<\/strong> Vi insisterer p\u00e5 en performance-modell. Det betyr: <strong>Vi tjener bare penger n\u00e5r du har netto overskudd.<\/strong> Dette tvinger oss til \u00e5 sette risikostyring og stabilitet f\u00f8rst.<\/li>\n<\/ul>\n<\/span><br>\n\n<span>\n<h2><strong>4. Kj\u00f8rer kun i \"teknisk verifiserte\" milj\u00f8er<\/strong><\/h2>\n\nFor \u00e5 fjerne forsinkelse og slippage, avviser vi tredjepartsabonnement. I et ukontrollert milj\u00f8 vil selv de beste strategiene feile.<br><br>\n\n<ul>\n    <li><strong>Milj\u00f8konsistens:<\/strong> Vi opererer kun i testede milj\u00f8er for \u00e5 sikre at din konto eksekverer n\u00f8yaktig synkront med kilden.<\/li><br>\n    <li><strong>Null skjulte kostnader:<\/strong> Du skal ikke betale m\u00e5nedsavgifter for gammel teknologi. Pengene dine skal vokse p\u00e5 din konto.<\/li><br>\n    <li><strong>Kvalitetskontroll:<\/strong> Gjennom v\u00e5rt eget system sikrer vi kvaliteten p\u00e5 hver handel. Ekte <strong>\"What You See Is What You Get.\"<\/strong><\/li>\n<\/ul>\n<\/span><br>\n\n<span>\n<h2><strong>Oppsummering: Vi velger den t\u00f8ffe, men rette veien<\/strong><\/h2>\n\nSelv om <strong>MQL5<\/strong> ville gitt oss enkle penger, ville det v\u00e6rt uansvarlig overfor eksekveringskvaliteten til v\u00e5re investorer.<br><br>\n\nVi velger en resultatbasert modell. Det sikrer ett resultat: <strong>N\u00e5r v\u00e5r live-konto tjener penger, vokser din konto i takt med den.<\/strong><br><br>\n\n<strong>\"Det h\u00f8res proft ut, men hvordan vet jeg at resultatene er ekte?\"<\/strong><br><br>\n\nProffe investorer ser p\u00e5 data. Bruk verkt\u00f8y som Myfxbook til \u00e5 avsl\u00f8re 90 % av de falske resultatene i markedet.\n<\/span><\/div>\n\t\t\t\t<div class=\"elementor-element elementor-element-02a8139 elementor-icon-list--layout-inline elementor-list-item-link-inline elementor-widget elementor-widget-icon-list\" data-id=\"02a8139\" data-element_type=\"widget\" data-widget_type=\"icon-list.default\">\n\t\t\t\t\t\t\t<ul class=\"elementor-icon-list-items elementor-inline-items\">\n\t\t\t\t\t\t\t<li class=\"elementor-icon-list-item elementor-inline-item\">\n\t\t\t\t\t\t\t\t\t\t\t<a href=\"https:\/\/mister.forex\/nb\/how-to-verify-forex-performance-myfxbook\/\">\n\n\t\t\t\t\t\t\t\t\t\t\t\t<span class=\"elementor-icon-list-icon\">\n\t\t\t\t\t\t\t<svg aria-hidden=\"true\" class=\"e-font-icon-svg e-far-check-circle\" viewbox=\"0 0 512 512\" xmlns=\"http:\/\/www.w3.org\/2000\/svg\"><path d=\"M256 8C119.033 8 8 119.033 8 256s111.033 248 248 248 248-111.033 248-248S392.967 8 256 8zm0 48c110.532 0 200 89.451 200 200 0 110.532-89.451 200-200 200-110.532 0-200-89.451-200-200 0-110.532 89.451-200 200-200m140.204 130.267l-22.536-22.718c-4.667-4.705-12.265-4.736-16.97-.068L215.346 303.697l-59.792-60.277c-4.667-4.705-12.265-4.736-16.97-.069l-22.719 22.536c-4.705 4.667-4.736 12.265-.068 16.971l90.781 91.516c4.667 4.705 12.265 4.736 16.97.068l172.589-171.204c4.704-4.668 4.734-12.266.067-16.971z\"><\/path><\/svg>\t\t\t\t\t\t<\/span>\n\t\t\t\t\t\t\t\t\t\t<span class=\"elementor-icon-list-text\">Hvorfor er Myfxbook den eneste sannheten i Forex? De skjulte kostnadene ved falske skjermbilder<\/span>\n\t\t\t\t\t\t\t\t\t\t\t<\/a>\n\t\t\t\t\t\t\t\t\t<\/li>\n\t\t\t\t\t\t<\/ul>\n\t\t\t\t\t\t<\/div>\n\t\t\t\t\t<\/div>\n\t\t\t\t<\/div>\n\t\t\t\t<\/div>","protected":false},"excerpt":{"rendered":"<p>Avsl\u00f8rer skjulte utf\u00f8relsesfeil i MQL5 og SignalStart! Hvorfor faste gebyrer er gift for sm\u00e5 kontoer. Dykk ned i Mr.Forex' strategi med \"performance fee\" og et enhetlig handelsmilj\u00f8 for \u00e5 sikre din profitt.<\/p>","protected":false},"author":1,"featured_media":66429,"parent":0,"menu_order":0,"comment_status":"closed","ping_status":"closed","template":"","meta":{"footnotes":""},"tags":[128],"class_list":["post-66400","page","type-page","status-publish","has-post-thumbnail","hentry","tag-no-google"],"_links":{"self":[{"href":"https:\/\/mister.forex\/nb\/wp-json\/wp\/v2\/pages\/66400","targetHints":{"allow":["GET"]}}],"collection":[{"href":"https:\/\/mister.forex\/nb\/wp-json\/wp\/v2\/pages"}],"about":[{"href":"https:\/\/mister.forex\/nb\/wp-json\/wp\/v2\/types\/page"}],"author":[{"embeddable":true,"href":"https:\/\/mister.forex\/nb\/wp-json\/wp\/v2\/users\/1"}],"replies":[{"embeddable":true,"href":"https:\/\/mister.forex\/nb\/wp-json\/wp\/v2\/comments?post=66400"}],"version-history":[{"count":12,"href":"https:\/\/mister.forex\/nb\/wp-json\/wp\/v2\/pages\/66400\/revisions"}],"predecessor-version":[{"id":70357,"href":"https:\/\/mister.forex\/nb\/wp-json\/wp\/v2\/pages\/66400\/revisions\/70357"}],"wp:featuredmedia":[{"embeddable":true,"href":"https:\/\/mister.forex\/nb\/wp-json\/wp\/v2\/media\/66429"}],"wp:attachment":[{"href":"https:\/\/mister.forex\/nb\/wp-json\/wp\/v2\/media?parent=66400"}],"wp:term":[{"taxonomy":"post_tag","embeddable":true,"href":"https:\/\/mister.forex\/nb\/wp-json\/wp\/v2\/tags?post=66400"}],"curies":[{"name":"wp","href":"https:\/\/api.w.org\/{rel}","templated":true}]}}