{"id":67137,"date":"2026-03-06T16:33:55","date_gmt":"2026-03-06T08:33:55","guid":{"rendered":"https:\/\/mister.forex\/?page_id=67137"},"modified":"2026-04-22T08:38:09","modified_gmt":"2026-04-22T00:38:09","slug":"calmar-ratio-investment-efficiency","status":"publish","type":"page","link":"https:\/\/mister.forex\/nb\/calmar-ratio-investment-efficiency\/","title":{"rendered":"Hva er Calmar Ratio? Indikatoren profesjonelle prioriterer over \u00e5rlig avkastning"},"content":{"rendered":"<div data-elementor-type=\"wp-page\" data-elementor-id=\"67137\" class=\"elementor elementor-67137\" data-elementor-post-type=\"page\">\n\t\t\t\t<div class=\"elementor-element elementor-element-656ff23 e-flex e-con-boxed e-con e-parent\" data-id=\"656ff23\" data-element_type=\"container\">\n\t\t\t\t\t<div class=\"e-con-inner\">\n\t\t\t\t<div class=\"elementor-element elementor-element-dd8b4c5 elementor-widget elementor-widget-heading\" data-id=\"dd8b4c5\" data-element_type=\"widget\" data-widget_type=\"heading.default\">\n\t\t\t\t\t<h1 class=\"elementor-heading-title elementor-size-default\">Si farvel til oppbl\u00e5st avkastning: Mestre Calmar Ratio for en stabil aktivakurve<\/h1>\t\t\t\t<\/div>\n\t\t\t\t<div class=\"elementor-element elementor-element-566f2b5 elementor-widget elementor-widget-html translation-block\" data-id=\"566f2b5\" data-element_type=\"widget\" data-widget_type=\"html.default\"><span>\n<h2><strong>\ud83d\udccc Forord: Tjener du penger eller hjertebank?<\/strong><\/h2>\nI en tid med teknologib\u00f8lger og ekstreme markedssvingninger, endres tallene p\u00e5 investeringskontoen din hver dag.<br>\nHar du opplevd dette: \u00e5 se et popul\u00e6rt aktivum stige voldsomt p\u00e5 \u00e9n dag, men du t\u00f8r ikke g\u00e5 inn fordi du frykter et 30 % fall n\u00e5r som helst?<br>\nEller ligger du s\u00f8vnl\u00f8s om natten i angst n\u00e5r aktivaprisene stuper?<br><br>\n\n<strong>\u00abGevinsten du klarer \u00e5 beholde, er din sanne rikdom.\u00bb<\/strong><br>\nDe fleste privatinvestorer ser kun p\u00e5 avkastningen, men de profesjonelle ser p\u00e5 <strong>eierkvalitet<\/strong>.<br>\nEierkvalitet betyr \u00e5 \u00f8ke verdiene dine uten \u00e5 m\u00e5tte ofre livskvalitet og hvilepuls.<br><br>\n\nI dag presenterer vi en n\u00f8kkelindikator som avgj\u00f8r din investeringssuksess \u2014 <strong>Calmar Ratio<\/strong>.\n<\/span><br><br>\n\n<span>\n<h2><strong>\ud83d\udccc Hva er Calmar Ratio? Hvorfor er det viktigere enn \u00e5rlig avkastning?<\/strong><\/h2>\nFormelen for Calmar Ratio er veldig enkel:\n<blockquote style=\"background-color: #f8fafc;border: 1px solid #2D4273;padding: 25px;margin: 30px 0;color: #1e293b;border-radius: 6px\">\n    <strong>Calmar Ratio = Gjennomsnittlig \u00e5rlig avkastning (CAGR) \/ Maksimalt verdifall (MDD)<\/strong>\n<\/blockquote>\nHvis en investering gir 50 % \u00e5rlig avkastning, men faller 50 % underveis, er Calmar-verdien kun 1.0.<br>\nMen hvis en investering gir 25 % avkastning med et fall p\u00e5 kun 10 %, stiger Calmar-verdien til 2.5.<br>\nSistnevnte er et ekte <strong>profesjonelt aktivum<\/strong>.<br>\nM\u00e5let for profesjonelle er ikke det \"h\u00f8yeste tallet\", men <strong>\"h\u00f8yest avkastning per risikoenhet\"<\/strong>.\n<\/span><br><br>\n\n<span>\n<h2><strong>\ud83d\udccc Global aktivasammenligning: Hvem er den sanne effektivitetskongen?<\/strong><\/h2>\nVi har sammenlignet vanlige aktivatyper og profesjonelle kvantitative systemer:<br><br>\n\n<div style=\"margin-bottom: 25px\">\n    <table style=\"width: 100%;min-width: 650px;border-collapse: separate;border-spacing: 0;border: 1px solid #2D4273;border-radius: 6px;text-align: center;font-family: 'Inter', sans-serif;overflow: hidden\">\n        <thead>\n            <tr style=\"background-color: #2D4273;color: #ffffff\">\n                <th style=\"padding: 15px;border-right: 1px solid #ffffff;border-bottom: 1px solid #2D4273\"><strong>Aktivatype<\/strong><\/th>\n                <th style=\"padding: 15px;border-right: 1px solid #ffffff;border-bottom: 1px solid #2D4273\"><strong>\u00c5rlig (CAGR)<\/strong><\/th>\n                <th style=\"padding: 15px;border-right: 1px solid #ffffff;border-bottom: 1px solid #2D4273\"><strong>Verdifall (MDD)<\/strong><\/th>\n                <th style=\"padding: 15px;border-right: 1px solid #ffffff;border-bottom: 1px solid #2D4273\"><strong>Calmar Ratio<\/strong><\/th>\n                <th style=\"padding: 15px;border-bottom: 1px solid #2D4273\"><strong>Eier-vanskelighet<\/strong><\/th>\n            <\/tr>\n        <\/thead>\n        <tbody>\n            <tr>\n                <td style=\"padding: 15px;border-right: 1px solid #2D4273;border-bottom: 1px solid #2D4273\"><strong>Quant Matrix<\/strong><\/td>\n                <td style=\"padding: 15px;border-right: 1px solid #2D4273;border-bottom: 1px solid #2D4273\">30%<\/td>\n                <td style=\"padding: 15px;border-right: 1px solid #2D4273;border-bottom: 1px solid #2D4273\"><strong style=\"color: #00AA54\">20%<\/strong><\/td>\n                <td style=\"padding: 15px;border-right: 1px solid #2D4273;border-bottom: 1px solid #2D4273\"><strong style=\"color: #00AA54\">1.50<\/strong><\/td>\n                <td style=\"padding: 15px;border-bottom: 1px solid #2D4273\"><strong>Ekstremt stabil<\/strong><\/td>\n            <\/tr>\n            <tr>\n                <td style=\"padding: 15px;border-right: 1px solid #2D4273;border-bottom: 1px solid #2D4273\"><strong>Alpha Gold<\/strong><\/td>\n                <td style=\"padding: 15px;border-right: 1px solid #2D4273;border-bottom: 1px solid #2D4273\">35%<\/td>\n                <td style=\"padding: 15px;border-right: 1px solid #2D4273;border-bottom: 1px solid #2D4273\"><strong style=\"color: #00AA54\">25%<\/strong><\/td>\n                <td style=\"padding: 15px;border-right: 1px solid #2D4273;border-bottom: 1px solid #2D4273\"><strong style=\"color: #00AA54\">1.40<\/strong><\/td>\n                <td style=\"padding: 15px;border-bottom: 1px solid #2D4273\"><strong>Solid vekst<\/strong><\/td>\n            <\/tr>\n            <tr>\n                <td style=\"padding: 15px;border-right: 1px solid #2D4273;border-bottom: 1px solid #2D4273\">Tech-aksjer<\/td>\n                <td style=\"padding: 15px;border-right: 1px solid #2D4273;border-bottom: 1px solid #2D4273\">30%~70%<\/td>\n                <td style=\"padding: 15px;border-right: 1px solid #2D4273;border-bottom: 1px solid #2D4273\">40%~60%<\/td>\n                <td style=\"padding: 15px;border-right: 1px solid #2D4273;border-bottom: 1px solid #2D4273\">1.00<\/td>\n                <td style=\"padding: 15px;border-bottom: 1px solid #2D4273\">H\u00f8y<\/td>\n            <\/tr>\n            <tr>\n                <td style=\"padding: 15px;border-right: 1px solid #2D4273;border-bottom: 1px solid #2D4273\">Krypto (BTC)<\/td>\n                <td style=\"padding: 15px;border-right: 1px solid #2D4273;border-bottom: 1px solid #2D4273\">60%<\/td>\n                <td style=\"padding: 15px;border-right: 1px solid #2D4273;border-bottom: 1px solid #2D4273\">75%<\/td>\n                <td style=\"padding: 15px;border-right: 1px solid #2D4273;border-bottom: 1px solid #2D4273\">0.80<\/td>\n                <td style=\"padding: 15px;border-bottom: 1px solid #2D4273\">Ekstremt h\u00f8y<\/td>\n            <\/tr>\n            <tr>\n                <td style=\"padding: 15px;border-right: 1px solid #2D4273;border-bottom: 1px solid #2D4273\">S&amp;P 500 Index<\/td>\n                <td style=\"padding: 15px;border-right: 1px solid #2D4273;border-bottom: 1px solid #2D4273\">12%<\/td>\n                <td style=\"padding: 15px;border-right: 1px solid #2D4273;border-bottom: 1px solid #2D4273\">50%<\/td>\n                <td style=\"padding: 15px;border-right: 1px solid #2D4273;border-bottom: 1px solid #2D4273\">0.24<\/td>\n                <td style=\"padding: 15px;border-bottom: 1px solid #2D4273\">Moderat<\/td>\n            <\/tr>\n            <tr>\n                <td style=\"padding: 15px;border-right: 1px solid #2D4273\">Gull (Sikker havn)<\/td>\n                <td style=\"padding: 15px;border-right: 1px solid #2D4273\">8%<\/td>\n                <td style=\"padding: 15px;border-right: 1px solid #2D4273\">25%<\/td>\n                <td style=\"padding: 15px;border-right: 1px solid #2D4273\">0.32<\/td>\n                <td style=\"padding: 15px\">Defensiv balanse<\/td>\n            <\/tr>\n        <\/tbody>\n    <\/table>\n<\/div>\n<\/span>\n\n<span>\n<h2><strong>\ud83d\udccc Dataanalyse: Hvorfor skiller profesjonelle tall seg fra den gjengse oppfatningen?<\/strong><\/h2>\nSom tabellen over viser, ligger Calmar Ratio for de fleste kvalitetsaktiva mellom 0.4 og 1.1.<br><br>\nProfesjonelle kvantitative systemer klarer stabilt \u00e5 bryte over 1.2, ikke bare ved \u00e5 doble profitten, men gjennom matematiske modeller som utf\u00f8rer <strong>\u00abekstrem reparasjon\u00bb<\/strong> av hvert verdifall.\n<\/span><\/div>\n\t\t\t\t<div class=\"elementor-element elementor-element-49e8d19 elementor-widget elementor-widget-html\" data-id=\"49e8d19\" data-element_type=\"widget\" data-widget_type=\"html.default\">\n\t\t\t\t\t<h3><strong>Calmar Ratio Standard<\/strong><\/h3>\t\t\t\t<\/div>\n\t\t<div class=\"elementor-element elementor-element-9ceb46b e-grid e-con-full e-con e-child\" data-id=\"9ceb46b\" data-element_type=\"container\">\n\t\t<div class=\"elementor-element elementor-element-3eed16a e-con-full e-flex e-con e-child\" data-id=\"3eed16a\" data-element_type=\"container\" data-settings=\"{&quot;background_background&quot;:&quot;classic&quot;}\">\n\t\t\t\t<div class=\"elementor-element elementor-element-38dfcd9 elementor-widget elementor-widget-text-editor\" data-id=\"38dfcd9\" data-element_type=\"widget\" data-widget_type=\"text-editor.default\">\n\t\t\t\t\t\t\t\t\t<p>Institusjonell<\/p>\t\t\t\t\t\t\t\t<\/div>\n\t\t\t\t<div class=\"elementor-element elementor-element-970a36d elementor-widget elementor-widget-text-editor\" data-id=\"970a36d\" data-element_type=\"widget\" data-widget_type=\"text-editor.default\">\n\t\t\t\t\t\t\t\t\t<p>&gt; 1.2<\/p>\t\t\t\t\t\t\t\t<\/div>\n\t\t\t\t<div class=\"elementor-element elementor-element-4f674d5 elementor-widget elementor-widget-text-editor\" data-id=\"4f674d5\" data-element_type=\"widget\" data-widget_type=\"text-editor.default\">\n\t\t\t\t\t\t\t\t\t<p>Ultimat risikobalanse<\/p>\t\t\t\t\t\t\t\t<\/div>\n\t\t\t\t<\/div>\n\t\t<div class=\"elementor-element elementor-element-511b8b7 e-con-full e-flex e-con e-child\" data-id=\"511b8b7\" data-element_type=\"container\" data-settings=\"{&quot;background_background&quot;:&quot;classic&quot;}\">\n\t\t\t\t<div class=\"elementor-element elementor-element-efdc16c elementor-widget elementor-widget-text-editor\" data-id=\"efdc16c\" data-element_type=\"widget\" data-widget_type=\"text-editor.default\">\n\t\t\t\t\t\t\t\t\t<p>Sterk vekst<\/p>\t\t\t\t\t\t\t\t<\/div>\n\t\t\t\t<div class=\"elementor-element elementor-element-5d72ff3 elementor-widget elementor-widget-text-editor\" data-id=\"5d72ff3\" data-element_type=\"widget\" data-widget_type=\"text-editor.default\">\n\t\t\t\t\t\t\t\t\t<p>0.7 ~ 1.2<\/p>\t\t\t\t\t\t\t\t<\/div>\n\t\t\t\t<div class=\"elementor-element elementor-element-cb94c67 elementor-widget elementor-widget-text-editor\" data-id=\"cb94c67\" data-element_type=\"widget\" data-widget_type=\"text-editor.default\">\n\t\t\t\t\t\t\t\t\t<p>Tech-gigant niv\u00e5<\/p>\t\t\t\t\t\t\t\t<\/div>\n\t\t\t\t<\/div>\n\t\t<div class=\"elementor-element elementor-element-051252a e-con-full e-flex e-con e-child\" data-id=\"051252a\" data-element_type=\"container\" data-settings=\"{&quot;background_background&quot;:&quot;classic&quot;}\">\n\t\t\t\t<div class=\"elementor-element elementor-element-05d30c3 elementor-widget elementor-widget-text-editor\" data-id=\"05d30c3\" data-element_type=\"widget\" data-widget_type=\"text-editor.default\">\n\t\t\t\t\t\t\t\t\t<p>Standard<\/p>\t\t\t\t\t\t\t\t<\/div>\n\t\t\t\t<div class=\"elementor-element elementor-element-b01b678 elementor-widget elementor-widget-text-editor\" data-id=\"b01b678\" data-element_type=\"widget\" data-widget_type=\"text-editor.default\">\n\t\t\t\t\t\t\t\t\t<p>&lt; 0.7<\/p>\t\t\t\t\t\t\t\t<\/div>\n\t\t\t\t<div class=\"elementor-element elementor-element-8bfc1cf elementor-widget elementor-widget-text-editor\" data-id=\"8bfc1cf\" data-element_type=\"widget\" data-widget_type=\"text-editor.default\">\n\t\t\t\t\t\t\t\t\t<p>Indekser &amp; trygge havner<\/p>\t\t\t\t\t\t\t\t<\/div>\n\t\t\t\t<\/div>\n\t\t\t\t<\/div>\n\t\t\t\t<div class=\"elementor-element elementor-element-9663660 elementor-widget elementor-widget-html translation-block\" data-id=\"9663660\" data-element_type=\"widget\" data-widget_type=\"html.default\"><span>\n<h2><strong>\ud83d\udccc Hvorfor profesjonelle kvantitative strategier er \u00abden siste brikken i puslespillet\u00bb?<\/strong><\/h2>\nP\u00e5 investeringsreisen er den virkelige fienden vanligvis ikke markedet, men investorens egne f\u00f8lelser.<br><br>\nKvantitative strategier (som <strong>Alpha Gold<\/strong> eller <strong>Quant Matrix<\/strong>) eksisterer for \u00e5 <strong>\u00abreparere din aktivakurve\u00bb<\/strong> gjennom matematisk logikk.<br><br>\n<ul>\n    <li><strong>Optimalisering av eieropplevelsen:<\/strong><br>\n    N\u00e5r du plasserer en del av midlene i strategier med \u00abh\u00f8y Calmar Ratio\u00bb, vil det totale verdifallet p\u00e5 kontoen reduseres betydelig. Du vil ikke lenger bli tvunget til \u00e5 tvangsselge p\u00e5 grunn av et krasj i et enkeltmarked.<\/li><br>\n    <li><strong>Vitenskapelig frekvenskontroll:<\/strong><br>\n    Systemet kj\u00f8rer automatisk basert p\u00e5 algoritmer. Dette sikrer effektivitet samtidig som det fjerner menneskelig frykt og gr\u00e5dighet, og fanger opp markedsmuligheter kontinuerlig.<\/li><br>\n    <li><strong>Strukturell risikostyring:<\/strong><br>\n    Ekte kvantitative strategier baserer seg ikke p\u00e5 risikabel \u00abaveraging down\u00bb for \u00e5 pynte p\u00e5 tallene, men bruker presis oddskontroll for \u00e5 optimalisere vinnerraten innenfor kontrollerte verdifall.<\/li>\n<\/ul>\n<\/span><br>\n\n<span>\n<h2><strong>\ud83d\udccc Konklusjon: M\u00e5let med investering er ro i sjelen<\/strong><\/h2>\nDet mangler ikke p\u00e5 muligheter i markedet; det mangler p\u00e5 <strong>\u00abstyrken til \u00e5 holde fast i mulighetene\u00bb<\/strong>.<br>\nDenne styrken kommer fra din n\u00f8yaktige kontroll over risiko og ditt fokus p\u00e5 \u00abeierkvalitet\u00bb.\n<\/span><\/div>\n\t\t\t\t<div class=\"elementor-element elementor-element-872e24a elementor-icon-list--layout-inline elementor-list-item-link-inline elementor-widget elementor-widget-icon-list\" data-id=\"872e24a\" data-element_type=\"widget\" data-widget_type=\"icon-list.default\">\n\t\t\t\t\t\t\t<ul class=\"elementor-icon-list-items elementor-inline-items\">\n\t\t\t\t\t\t\t<li class=\"elementor-icon-list-item elementor-inline-item\">\n\t\t\t\t\t\t\t\t\t\t\t<a href=\"https:\/\/mister.forex\/nb\/alpha-gold\/\">\n\n\t\t\t\t\t\t\t\t\t\t\t\t<span class=\"elementor-icon-list-icon\">\n\t\t\t\t\t\t\t<svg aria-hidden=\"true\" class=\"e-font-icon-svg e-far-check-circle\" viewbox=\"0 0 512 512\" xmlns=\"http:\/\/www.w3.org\/2000\/svg\"><path d=\"M256 8C119.033 8 8 119.033 8 256s111.033 248 248 248 248-111.033 248-248S392.967 8 256 8zm0 48c110.532 0 200 89.451 200 200 0 110.532-89.451 200-200 200-110.532 0-200-89.451-200-200 0-110.532 89.451-200 200-200m140.204 130.267l-22.536-22.718c-4.667-4.705-12.265-4.736-16.97-.068L215.346 303.697l-59.792-60.277c-4.667-4.705-12.265-4.736-16.97-.069l-22.719 22.536c-4.705 4.667-4.736 12.265-.068 16.971l90.781 91.516c4.667 4.705 12.265 4.736 16.97.068l172.589-171.204c4.704-4.668 4.734-12.266.067-16.971z\"><\/path><\/svg>\t\t\t\t\t\t<\/span>\n\t\t\t\t\t\t\t\t\t\t<span class=\"elementor-icon-list-text\">Se Alpha Gold live-resultater<\/span>\n\t\t\t\t\t\t\t\t\t\t\t<\/a>\n\t\t\t\t\t\t\t\t\t<\/li>\n\t\t\t\t\t\t<\/ul>\n\t\t\t\t\t\t<\/div>\n\t\t\t\t<div class=\"elementor-element elementor-element-002b377 elementor-widget elementor-widget-heading\" data-id=\"002b377\" data-element_type=\"widget\" data-widget_type=\"heading.default\">\n\t\t\t\t\t<span class=\"elementor-heading-title elementor-size-default\">(Passer for investorer som s\u00f8ker eksplosiv vekst og foretrekker gullhandel)<\/span>\t\t\t\t<\/div>\n\t\t\t\t<div class=\"elementor-element elementor-element-53e1d6a elementor-icon-list--layout-inline elementor-list-item-link-inline elementor-widget elementor-widget-icon-list\" data-id=\"53e1d6a\" data-element_type=\"widget\" data-widget_type=\"icon-list.default\">\n\t\t\t\t\t\t\t<ul class=\"elementor-icon-list-items elementor-inline-items\">\n\t\t\t\t\t\t\t<li class=\"elementor-icon-list-item elementor-inline-item\">\n\t\t\t\t\t\t\t\t\t\t\t<a href=\"https:\/\/mister.forex\/nb\/quant-matrix\/\">\n\n\t\t\t\t\t\t\t\t\t\t\t\t<span class=\"elementor-icon-list-icon\">\n\t\t\t\t\t\t\t<svg aria-hidden=\"true\" class=\"e-font-icon-svg e-far-check-circle\" viewbox=\"0 0 512 512\" xmlns=\"http:\/\/www.w3.org\/2000\/svg\"><path d=\"M256 8C119.033 8 8 119.033 8 256s111.033 248 248 248 248-111.033 248-248S392.967 8 256 8zm0 48c110.532 0 200 89.451 200 200 0 110.532-89.451 200-200 200-110.532 0-200-89.451-200-200 0-110.532 89.451-200 200-200m140.204 130.267l-22.536-22.718c-4.667-4.705-12.265-4.736-16.97-.068L215.346 303.697l-59.792-60.277c-4.667-4.705-12.265-4.736-16.97-.069l-22.719 22.536c-4.705 4.667-4.736 12.265-.068 16.971l90.781 91.516c4.667 4.705 12.265 4.736 16.97.068l172.589-171.204c4.704-4.668 4.734-12.266.067-16.971z\"><\/path><\/svg>\t\t\t\t\t\t<\/span>\n\t\t\t\t\t\t\t\t\t\t<span class=\"elementor-icon-list-text\">Se Quant Matrix live-resultater<\/span>\n\t\t\t\t\t\t\t\t\t\t\t<\/a>\n\t\t\t\t\t\t\t\t\t<\/li>\n\t\t\t\t\t\t<\/ul>\n\t\t\t\t\t\t<\/div>\n\t\t\t\t<div class=\"elementor-element elementor-element-3951116 elementor-widget elementor-widget-heading\" data-id=\"3951116\" data-element_type=\"widget\" data-widget_type=\"heading.default\">\n\t\t\t\t\t<span class=\"elementor-heading-title elementor-size-default\">(Passer for investorer som s\u00f8ker stabilitet og jevn kontovekst)<\/span>\t\t\t\t<\/div>\n\t\t\t\t<div class=\"elementor-element elementor-element-88b3398 elementor-icon-list--layout-inline elementor-list-item-link-inline elementor-widget elementor-widget-icon-list\" data-id=\"88b3398\" data-element_type=\"widget\" data-widget_type=\"icon-list.default\">\n\t\t\t\t\t\t\t<ul class=\"elementor-icon-list-items elementor-inline-items\">\n\t\t\t\t\t\t\t<li class=\"elementor-icon-list-item elementor-inline-item\">\n\t\t\t\t\t\t\t\t\t\t\t<a href=\"https:\/\/mister.forex\/nb\/maximum-drawdown-mdd-investment-risk-guide\/\">\n\n\t\t\t\t\t\t\t\t\t\t\t\t<span class=\"elementor-icon-list-icon\">\n\t\t\t\t\t\t\t<svg aria-hidden=\"true\" class=\"e-font-icon-svg e-far-check-circle\" viewbox=\"0 0 512 512\" xmlns=\"http:\/\/www.w3.org\/2000\/svg\"><path d=\"M256 8C119.033 8 8 119.033 8 256s111.033 248 248 248 248-111.033 248-248S392.967 8 256 8zm0 48c110.532 0 200 89.451 200 200 0 110.532-89.451 200-200 200-110.532 0-200-89.451-200-200 0-110.532 89.451-200 200-200m140.204 130.267l-22.536-22.718c-4.667-4.705-12.265-4.736-16.97-.068L215.346 303.697l-59.792-60.277c-4.667-4.705-12.265-4.736-16.97-.069l-22.719 22.536c-4.705 4.667-4.736 12.265-.068 16.971l90.781 91.516c4.667 4.705 12.265 4.736 16.97.068l172.589-171.204c4.704-4.668 4.734-12.266.067-16.971z\"><\/path><\/svg>\t\t\t\t\t\t<\/span>\n\t\t\t\t\t\t\t\t\t\t<span class=\"elementor-icon-list-text\">Formuens \"d\u00f8dsfelle\": Hvorfor profesjonelle tradere bryr seg mer om MDD enn avkastning<\/span>\n\t\t\t\t\t\t\t\t\t\t\t<\/a>\n\t\t\t\t\t\t\t\t\t<\/li>\n\t\t\t\t\t\t<\/ul>\n\t\t\t\t\t\t<\/div>\n\t\t\t\t\t<\/div>\n\t\t\t\t<\/div>\n\t\t\t\t<\/div>","protected":false},"excerpt":{"rendered":"<p>I volatile markeder er \"eierkvalitet\" n\u00f8kkelen til langsiktig gevinst. Denne artikkelen analyserer Calmar Ratio \u2013 indikatoren proffene f\u00f8lger \u2013 og sammenligner krypto, tech-aksjer og kvantitative systemer. Oppdag hvorfor eksperter prioriterer en stabil aktivakurve fremfor papirprofit. Inkluderer et diagnoseverkt\u00f8y for \u00f8kt trygghet i investeringene dine.<\/p>","protected":false},"author":1,"featured_media":46711,"parent":0,"menu_order":0,"comment_status":"closed","ping_status":"closed","template":"","meta":{"footnotes":""},"tags":[128],"class_list":["post-67137","page","type-page","status-publish","has-post-thumbnail","hentry","tag-no-google"],"_links":{"self":[{"href":"https:\/\/mister.forex\/nb\/wp-json\/wp\/v2\/pages\/67137","targetHints":{"allow":["GET"]}}],"collection":[{"href":"https:\/\/mister.forex\/nb\/wp-json\/wp\/v2\/pages"}],"about":[{"href":"https:\/\/mister.forex\/nb\/wp-json\/wp\/v2\/types\/page"}],"author":[{"embeddable":true,"href":"https:\/\/mister.forex\/nb\/wp-json\/wp\/v2\/users\/1"}],"replies":[{"embeddable":true,"href":"https:\/\/mister.forex\/nb\/wp-json\/wp\/v2\/comments?post=67137"}],"version-history":[{"count":9,"href":"https:\/\/mister.forex\/nb\/wp-json\/wp\/v2\/pages\/67137\/revisions"}],"predecessor-version":[{"id":70593,"href":"https:\/\/mister.forex\/nb\/wp-json\/wp\/v2\/pages\/67137\/revisions\/70593"}],"wp:featuredmedia":[{"embeddable":true,"href":"https:\/\/mister.forex\/nb\/wp-json\/wp\/v2\/media\/46711"}],"wp:attachment":[{"href":"https:\/\/mister.forex\/nb\/wp-json\/wp\/v2\/media?parent=67137"}],"wp:term":[{"taxonomy":"post_tag","embeddable":true,"href":"https:\/\/mister.forex\/nb\/wp-json\/wp\/v2\/tags?post=67137"}],"curies":[{"name":"wp","href":"https:\/\/api.w.org\/{rel}","templated":true}]}}