{"id":67265,"date":"2026-03-08T21:50:21","date_gmt":"2026-03-08T13:50:21","guid":{"rendered":"https:\/\/mister.forex\/?page_id=67265"},"modified":"2026-04-22T08:37:32","modified_gmt":"2026-04-22T00:37:32","slug":"maximum-drawdown-mdd-investment-risk-guide","status":"publish","type":"page","link":"https:\/\/mister.forex\/nb\/maximum-drawdown-mdd-investment-risk-guide\/","title":{"rendered":"50 % fall krever 100 % gevinst? Avsl\u00f8r MDD-fellen og profesjonell risikostyring"},"content":{"rendered":"<div data-elementor-type=\"wp-page\" data-elementor-id=\"67265\" class=\"elementor elementor-67265\" data-elementor-post-type=\"page\">\n\t\t\t\t<div class=\"elementor-element elementor-element-7776ca1 e-flex e-con-boxed e-con e-parent\" data-id=\"7776ca1\" data-element_type=\"container\">\n\t\t\t\t\t<div class=\"e-con-inner\">\n\t\t\t\t<div class=\"elementor-element elementor-element-3384b88 elementor-widget elementor-widget-heading\" data-id=\"3384b88\" data-element_type=\"widget\" data-widget_type=\"heading.default\">\n\t\t\t\t\t<h1 class=\"elementor-heading-title elementor-size-default\">Formuens \"d\u00f8dsfelle\": Hvorfor profesjonelle tradere bryr seg mer om MDD enn avkastning<\/h1>\t\t\t\t<\/div>\n\t\t\t\t<div class=\"elementor-element elementor-element-cc0096f elementor-widget elementor-widget-html translation-block\" data-id=\"cc0096f\" data-element_type=\"widget\" data-widget_type=\"html.default\"><span>\n<h2><strong>\ud83d\udccc Innledning: Den lengste avstanden i investering er avstanden til \u00e5 \"g\u00e5 i null\"<\/strong><\/h2>\nSe for deg den millionen du har jobbet hardt for \u00e5 spare opp gjennom mange \u00e5r. Du investerer den, men markedet rammes av voldsomme svingninger, og p\u00e5 bare to uker har den krympet til 700 000 kr.<br><br>\nDisse 300 000 kronene som er borte, er ikke bare tall; de kan representere egenkapitalen til din f\u00f8rste bolig, barnas utdanning, eller den tunge prisen ved \u00e5 m\u00e5tte utsette pensjonisttilv\u00e6relsen i fem \u00e5r. Dette enorme psykiske presset f\u00f8rer ofte til \"panikksalg\" i desperasjon, rett f\u00f8r markedet n\u00e5r bunnen og snur.<br><br>\nSp\u00f8r en nybegynner: \"Hva er m\u00e5let ditt?\" og vedkommende vil kanskje si: \"\u00c5 tjene 50 % i \u00e5ret.\"<br>\nMen sp\u00f8r en profesjonell trader: \"Hva er det viktigste for deg?\" og de vil garantert svare: <strong>\"Maximum Drawdown (MDD).\"<\/strong><br><br>\nFordi i finansmarkedene handler det om \u00e5 <strong>overleve f\u00f8rst, f\u00f8r man kan tjene store penger.<\/strong>\n<\/span><br><br>\n\n<span>\n<h2><strong>\ud83d\udccc Hva er Maximum Drawdown (MDD)?<\/strong><\/h2>\nEnkelt forklart er MDD det st\u00f8rste verditapet fra en <strong>\"Topp (Peak)\"<\/strong> til en <strong>\"Bunn (Trough)\"<\/strong> i en bestemt periode, f\u00f8r en ny topp n\u00e5s.<br>\n<blockquote style=\"background-color: #f8fafc;border: 1px solid #2D4273;padding: 16px;margin: 20px 6px;color: #1e293b;border-radius: 6px;text-align: center\">\n    <strong>MDD = (Toppverdi - Bunnverdi) \/ Toppverdi<\/strong>\n<\/blockquote>\nMerk! Dette handler ikke om \"hvor mye det falt i dag sammenlignet med i g\u00e5r\", men avstanden fra kontoens \"glansdager\" til det etterf\u00f8lgende \"m\u00f8rkeste \u00f8yeblikket\". S\u00e5 lenge aktivumet ikke setter ny rekord, vil den psykologiske skyggen av dette fallet eksistere.<br><br>\nProfesjonelle investorer er dessuten mer opptatt av <strong>\"Gjenopprettingstid (Recovery Time)\"<\/strong> \u2014 hvor lang tid tar det \u00e5 klatre tilbake til utgangspunktet? De sterkeste strategiene faller ikke bare mindre, de \"heles ogs\u00e5 raskere\".\n<\/span><br><br>\n\n<span>\n<h2><strong>\ud83d\udccc Matematikkens brutale sannhet: Hvorfor det er vanskeligere \u00e5 vinne tilbake det tapte<\/strong><\/h2>\nMange tenker: \"Det gj\u00f8r ikke noe \u00e5 tape 50 %, jeg m\u00e5 bare tjene 50 % igjen for \u00e5 v\u00e6re i null.\"<br>\nDette er den mest fatale matematiske misforst\u00e5elsen innen investering!<br><br>\nN\u00e5r startkapitalen din krymper, m\u00e5 du bruke et \"mindre grunnlag\" for \u00e5 oppn\u00e5 en \"st\u00f8rre prosentvis stigning\" bare for \u00e5 komme tilbake til start. Dette kalles <strong>asymmetri mellom tap og gevinst<\/strong>:<br><br>\n\n<div style=\"margin-bottom: 25px\">\n    <table style=\"width: 100%;min-width: 500px;border-collapse: separate;border-spacing: 0;border: 1px solid #2D4273;border-radius: 6px;text-align: center;font-family: 'Inter', sans-serif;overflow: hidden\">\n        <thead>\n            <tr style=\"background-color: #2D4273;color: #ffffff\">\n                <th style=\"padding: 15px;border-right: 1px solid #ffffff;border-bottom: 1px solid #2D4273\"><strong>Kontotap (MDD)<\/strong><\/th>\n                <th style=\"padding: 15px;border-right: 1px solid #ffffff;border-bottom: 1px solid #2D4273\"><strong>N\u00f8dvendig oppgang for nullpunkt<\/strong><\/th>\n                <th style=\"padding: 15px;border-bottom: 1px solid #2D4273\"><strong>Vurdering av vanskelighetsgrad<\/strong><\/th>\n            <\/tr>\n        <\/thead>\n        <tbody>\n            <tr>\n                <td style=\"padding: 15px;border-right: 1px solid #2D4273;border-bottom: 1px solid #2D4273\">-10 %<\/td>\n                <td style=\"padding: 15px;border-right: 1px solid #2D4273;border-bottom: 1px solid #2D4273\">+11 %<\/td>\n                <td style=\"padding: 15px;border-bottom: 1px solid #2D4273\">Enkel gjenoppretting<\/td>\n            <\/tr>\n            <tr>\n                <td style=\"padding: 15px;border-right: 1px solid #2D4273;border-bottom: 1px solid #2D4273\">-20 %<\/td>\n                <td style=\"padding: 15px;border-right: 1px solid #2D4273;border-bottom: 1px solid #2D4273\">+25 %<\/td>\n                <td style=\"padding: 15px;border-bottom: 1px solid #2D4273\">Akseptabelt<\/td>\n            <\/tr>\n            <tr>\n                <td style=\"padding: 15px;border-right: 1px solid #2D4273;border-bottom: 1px solid #2D4273\">-30 %<\/td>\n                <td style=\"padding: 15px;border-right: 1px solid #2D4273;border-bottom: 1px solid #2D4273\">+43 %<\/td>\n                <td style=\"padding: 15px;border-bottom: 1px solid #2D4273\">Begynner \u00e5 bli t\u00f8ft<\/td>\n            <\/tr>\n            <tr style=\"background-color: #fffafa\">\n                <td style=\"padding: 15px;border-right: 1px solid #2D4273;border-bottom: 1px solid #2D4273\"><strong style=\"color: #db473e\">-50 %<\/strong><\/td>\n                <td style=\"padding: 15px;border-right: 1px solid #2D4273;border-bottom: 1px solid #2D4273\"><strong style=\"color: #db473e\">+100 %<\/strong><\/td>\n                <td style=\"padding: 15px;border-bottom: 1px solid #2D4273\"><strong style=\"color: #db473e\">Dobbel vanskelighetsgrad (Ekstremt)<\/strong><\/td>\n            <\/tr>\n            <tr>\n                <td style=\"padding: 15px;border-right: 1px solid #2D4273;border-bottom: 1px solid #2D4273\">-70 %<\/td>\n                <td style=\"padding: 15px;border-right: 1px solid #2D4273;border-bottom: 1px solid #2D4273\">+233 %<\/td>\n                <td style=\"padding: 15px;border-bottom: 1px solid #2D4273\">Nesten umulig<\/td>\n            <\/tr>\n            <tr>\n                <td style=\"padding: 15px;border-right: 1px solid #2D4273\">-90 %<\/td>\n                <td style=\"padding: 15px;border-right: 1px solid #2D4273\">+900 %<\/td>\n                <td style=\"padding: 15px\">Anbefaler reallokering av midler<\/td>\n            <\/tr>\n        <\/tbody>\n    <\/table>\n<\/div>\n\n<strong>Konklusjon:<\/strong> I investeringsverdenen vokser tap line\u00e6rt, men vanskelighetsgraden for \u00e5 komme tilbake til null stiger <strong>eksponentielt<\/strong>. N\u00e5r MDD n\u00e5r 50 %, trenger du ikke en strategi \u2014 du trenger et mirakel (+100 % oppgang) bare for \u00e5 komme tilbake til startpunktet.\n<\/span><br><br>\n\n<span>\n<h2><strong>\ud83d\udccc Hvorfor MDD definerer ditt formuestak<\/strong><\/h2>\n<ul>\n    <li><strong>Det avgj\u00f8r om du blir \"tvunget ut av spillet\":<\/strong> MDD m\u00e5ler din psykologiske t\u00e5legrense. N\u00e5r kontoen krymper voldsomt, aktiveres hjernens forsvarsmekanismer, noe som ofte f\u00f8rer til irrasjonelle beslutninger. Hvis du ikke t\u00e5ler et fall p\u00e5 30 %, vil du ikke klare \u00e5 holde p\u00e5 aktivumet lenge nok til \u00e5 se det tidobles i verdi.<\/li><br>\n\n    <li><strong>Det \u00f8delegger magien med renters rente:<\/strong> Renters rente trenger tid, og alvorlige fall er \"stup\" p\u00e5 den veien. En stabil vekst p\u00e5 10 % i \u00e5ret er fantastisk, men ett enkelt \u00e5r med en MDD p\u00e5 50 % betyr at du kaster bort \u00e5r p\u00e5 \u00e5 bare \"komme tilbake\" \u2014 et tap av din mest verdifulle ressurs: tid.<\/li><br>\n\n    <li><strong>Det er sjelen i \"Calmar-ratioen\":<\/strong> Calmar-ratio = \u00c5rlig avkastning \/ Maksimal drawdown. Hvis man ignorerer MDD, er avkastningen (CAGR) bare et overflatisk tall. Et aktivum med 100 % avkastning, men en MDD p\u00e5 80 %, er i bunn og grunn et veddem\u00e5l som kan g\u00e5 galt n\u00e5r som helst, ikke en investering.<\/li>\n<\/ul>\n<\/span><br>\n\n<span>\n<h2><strong>\ud83d\udccc Hvordan h\u00e5ndtere MDD? Fra \"is i magen\" til \"vitenskapelig risikoavlastning\"<\/strong><\/h2>\nSiden MDD er s\u00e5 farlig, hvordan h\u00e5ndterer vi det? Tradisjonell \"kj\u00f8p og hold\" svikter ofte n\u00e5r viljestyrken testes under et fall p\u00e5 50 %. Det er grunnen til at profesjonelle g\u00e5r over til kvantitative strategier:<br><br>\n<ul>\n  <li><strong>Automatiserte stop-loss-mekanismer:<\/strong> Algoritmer selger ut f\u00f8r risikoen eskalerer, og omg\u00e5r dermed menneskelig gr\u00e5dighet og n\u00f8ling.<\/li><br>\n  <li><strong>Dynamiske gjenopprettingskurver:<\/strong> Profesjonelle systemer (som Alpha Gold eller Quant Matrix) fokuserer p\u00e5 \u00e5 l\u00e5se MDD i et kontrollert intervall, fremfor \u00e5 jage engangsgevinster.<\/li><br>\n  <li><strong>Forkorting av gjenopprettingstid:<\/strong> Bruk av hedging eller dynamisk rebalansering for \u00e5 sikre at aktivene mer effektivt n\u00e5r nye h\u00f8yder n\u00e5r markedet snur.<\/li>\n<\/ul>\n<\/span><br>\n\n<span>\n<h2><strong>\ud83d\udccc Konklusjon: Styr risikoen, s\u00e5 f\u00f8lger profitten naturlig<\/strong><\/h2>\nInvesteringslegenden George Soros sa en gang: \"<strong>Overlev f\u00f8rst, og tjen penger etterp\u00e5.<\/strong>\"<br><br>\nNeste gang du vurderer en investering, ikke se bare p\u00e5 historisk avkastning. Sjekk \"Maximum Drawdown\" f\u00f8rst. Hvis det tallet vil gi deg s\u00f8vnl\u00f8se netter, s\u00e5 er ikke den h\u00f8ye avkastningen noe for deg.<br><br>\n<strong>Husk: Den profitten du kan holde fast ved og sove godt med, er den sanne rikdommen.<\/strong>\n<\/span><\/div>\n\t\t\t\t<div class=\"elementor-element elementor-element-6655aec elementor-icon-list--layout-inline elementor-list-item-link-inline elementor-widget elementor-widget-icon-list\" data-id=\"6655aec\" data-element_type=\"widget\" data-widget_type=\"icon-list.default\">\n\t\t\t\t\t\t\t<ul class=\"elementor-icon-list-items elementor-inline-items\">\n\t\t\t\t\t\t\t<li class=\"elementor-icon-list-item elementor-inline-item\">\n\t\t\t\t\t\t\t\t\t\t\t<a href=\"https:\/\/mister.forex\/nb\/alpha-gold\/\">\n\n\t\t\t\t\t\t\t\t\t\t\t\t<span class=\"elementor-icon-list-icon\">\n\t\t\t\t\t\t\t<svg aria-hidden=\"true\" class=\"e-font-icon-svg e-far-check-circle\" viewbox=\"0 0 512 512\" xmlns=\"http:\/\/www.w3.org\/2000\/svg\"><path d=\"M256 8C119.033 8 8 119.033 8 256s111.033 248 248 248 248-111.033 248-248S392.967 8 256 8zm0 48c110.532 0 200 89.451 200 200 0 110.532-89.451 200-200 200-110.532 0-200-89.451-200-200 0-110.532 89.451-200 200-200m140.204 130.267l-22.536-22.718c-4.667-4.705-12.265-4.736-16.97-.068L215.346 303.697l-59.792-60.277c-4.667-4.705-12.265-4.736-16.97-.069l-22.719 22.536c-4.705 4.667-4.736 12.265-.068 16.971l90.781 91.516c4.667 4.705 12.265 4.736 16.97.068l172.589-171.204c4.704-4.668 4.734-12.266.067-16.971z\"><\/path><\/svg>\t\t\t\t\t\t<\/span>\n\t\t\t\t\t\t\t\t\t\t<span class=\"elementor-icon-list-text\">Se Alpha Gold live-resultater<\/span>\n\t\t\t\t\t\t\t\t\t\t\t<\/a>\n\t\t\t\t\t\t\t\t\t<\/li>\n\t\t\t\t\t\t<\/ul>\n\t\t\t\t\t\t<\/div>\n\t\t\t\t<div class=\"elementor-element elementor-element-dfa00c2 elementor-widget elementor-widget-heading\" data-id=\"dfa00c2\" data-element_type=\"widget\" data-widget_type=\"heading.default\">\n\t\t\t\t\t<span class=\"elementor-heading-title elementor-size-default\">(Passer for investorer som s\u00f8ker eksplosiv vekst og foretrekker gullhandel)<\/span>\t\t\t\t<\/div>\n\t\t\t\t<div class=\"elementor-element elementor-element-db8dcde elementor-icon-list--layout-inline elementor-list-item-link-inline elementor-widget elementor-widget-icon-list\" data-id=\"db8dcde\" data-element_type=\"widget\" data-widget_type=\"icon-list.default\">\n\t\t\t\t\t\t\t<ul class=\"elementor-icon-list-items elementor-inline-items\">\n\t\t\t\t\t\t\t<li class=\"elementor-icon-list-item elementor-inline-item\">\n\t\t\t\t\t\t\t\t\t\t\t<a href=\"https:\/\/mister.forex\/nb\/quant-matrix\/\">\n\n\t\t\t\t\t\t\t\t\t\t\t\t<span class=\"elementor-icon-list-icon\">\n\t\t\t\t\t\t\t<svg aria-hidden=\"true\" class=\"e-font-icon-svg e-far-check-circle\" viewbox=\"0 0 512 512\" xmlns=\"http:\/\/www.w3.org\/2000\/svg\"><path d=\"M256 8C119.033 8 8 119.033 8 256s111.033 248 248 248 248-111.033 248-248S392.967 8 256 8zm0 48c110.532 0 200 89.451 200 200 0 110.532-89.451 200-200 200-110.532 0-200-89.451-200-200 0-110.532 89.451-200 200-200m140.204 130.267l-22.536-22.718c-4.667-4.705-12.265-4.736-16.97-.068L215.346 303.697l-59.792-60.277c-4.667-4.705-12.265-4.736-16.97-.069l-22.719 22.536c-4.705 4.667-4.736 12.265-.068 16.971l90.781 91.516c4.667 4.705 12.265 4.736 16.97.068l172.589-171.204c4.704-4.668 4.734-12.266.067-16.971z\"><\/path><\/svg>\t\t\t\t\t\t<\/span>\n\t\t\t\t\t\t\t\t\t\t<span class=\"elementor-icon-list-text\">Se Quant Matrix live-resultater<\/span>\n\t\t\t\t\t\t\t\t\t\t\t<\/a>\n\t\t\t\t\t\t\t\t\t<\/li>\n\t\t\t\t\t\t<\/ul>\n\t\t\t\t\t\t<\/div>\n\t\t\t\t<div class=\"elementor-element elementor-element-31472a2 elementor-widget elementor-widget-heading\" data-id=\"31472a2\" data-element_type=\"widget\" data-widget_type=\"heading.default\">\n\t\t\t\t\t<span class=\"elementor-heading-title elementor-size-default\">(Passer for investorer som s\u00f8ker stabilitet og jevn kontovekst)<\/span>\t\t\t\t<\/div>\n\t\t\t\t\t<\/div>\n\t\t\t\t<\/div>\n\t\t\t\t<\/div>","protected":false},"excerpt":{"rendered":"<p>Avsl\u00f8r \"d\u00f8dsfellen\" for formuen din: Maximum Drawdown (MDD). Hvorfor krever et fall p\u00e5 50 % en oppgang p\u00e5 100 % for \u00e5 g\u00e5 i null? Denne artikkelen analyserer MDD, asymmetrien mellom tap og gevinst og \u00f8deleggelsen av renters rente. Se hvordan profesjonelle bruker kvantitative strategier for \u00e5 styre risiko og sikre formuen.<\/p>","protected":false},"author":1,"featured_media":67304,"parent":0,"menu_order":0,"comment_status":"closed","ping_status":"closed","template":"","meta":{"footnotes":""},"tags":[128],"class_list":["post-67265","page","type-page","status-publish","has-post-thumbnail","hentry","tag-no-google"],"_links":{"self":[{"href":"https:\/\/mister.forex\/nb\/wp-json\/wp\/v2\/pages\/67265","targetHints":{"allow":["GET"]}}],"collection":[{"href":"https:\/\/mister.forex\/nb\/wp-json\/wp\/v2\/pages"}],"about":[{"href":"https:\/\/mister.forex\/nb\/wp-json\/wp\/v2\/types\/page"}],"author":[{"embeddable":true,"href":"https:\/\/mister.forex\/nb\/wp-json\/wp\/v2\/users\/1"}],"replies":[{"embeddable":true,"href":"https:\/\/mister.forex\/nb\/wp-json\/wp\/v2\/comments?post=67265"}],"version-history":[{"count":3,"href":"https:\/\/mister.forex\/nb\/wp-json\/wp\/v2\/pages\/67265\/revisions"}],"predecessor-version":[{"id":70590,"href":"https:\/\/mister.forex\/nb\/wp-json\/wp\/v2\/pages\/67265\/revisions\/70590"}],"wp:featuredmedia":[{"embeddable":true,"href":"https:\/\/mister.forex\/nb\/wp-json\/wp\/v2\/media\/67304"}],"wp:attachment":[{"href":"https:\/\/mister.forex\/nb\/wp-json\/wp\/v2\/media?parent=67265"}],"wp:term":[{"taxonomy":"post_tag","embeddable":true,"href":"https:\/\/mister.forex\/nb\/wp-json\/wp\/v2\/tags?post=67265"}],"curies":[{"name":"wp","href":"https:\/\/api.w.org\/{rel}","templated":true}]}}