{"id":15818,"date":"2024-05-04T06:28:50","date_gmt":"2024-05-03T22:28:50","guid":{"rendered":"http:\/\/192.168.0.254\/?page_id=15818"},"modified":"2026-04-02T23:14:41","modified_gmt":"2026-04-02T15:14:41","slug":"risk-of-ruin-calculator","status":"publish","type":"page","link":"https:\/\/mister.forex\/pl\/tools\/risk-of-ruin-calculator\/","title":{"rendered":"Kalkulator Ryzyka Bankructwa | Kalkulator Ryzyka Bankructwa dla strategii Forex i handlu"},"content":{"rendered":"<div data-elementor-type=\"wp-page\" data-elementor-id=\"15818\" class=\"elementor elementor-15818\" data-elementor-post-type=\"page\">\n\t\t\t\t<div class=\"elementor-element elementor-element-8e47a81 e-flex e-con-boxed e-con e-parent\" data-id=\"8e47a81\" data-element_type=\"container\" data-settings=\"{&quot;background_background&quot;:&quot;classic&quot;}\">\n\t\t\t\t\t<div class=\"e-con-inner\">\n\t\t<div class=\"elementor-element elementor-element-8d637f2 e-flex e-con-boxed e-con e-child\" data-id=\"8d637f2\" data-element_type=\"container\">\n\t\t\t\t\t<div class=\"e-con-inner\">\n\t\t\t\t<div class=\"elementor-element elementor-element-159a7ad elementor-widget elementor-widget-heading\" data-id=\"159a7ad\" data-element_type=\"widget\" data-widget_type=\"heading.default\">\n\t\t\t\t\t<h1 class=\"elementor-heading-title elementor-size-default\">Kalkulator Ryzyka Bankructwa<\/h1>\t\t\t\t<\/div>\n\t\t\t\t<div class=\"elementor-element elementor-element-16c9f83 elementor-widget elementor-widget-heading\" data-id=\"16c9f83\" data-element_type=\"widget\" data-widget_type=\"heading.default\">\n\t\t\t\t\t<h2 class=\"elementor-heading-title elementor-size-default\">Kalkulator Ryzyka Ruiny dla strategii Forex i handlowych<\/h2>\t\t\t\t<\/div>\n\t\t\t\t\t<\/div>\n\t\t\t\t<\/div>\n\t\t\t\t<div class=\"elementor-element elementor-element-623cea9 elementor-widget__width-inherit elementor-absolute elementor-widget elementor-widget-image\" data-id=\"623cea9\" data-element_type=\"widget\" data-settings=\"{&quot;_position&quot;:&quot;absolute&quot;}\" data-widget_type=\"image.default\">\n\t\t\t\t\t\t\t\t\t\t\t\t\t\t\t<img fetchpriority=\"high\" decoding=\"async\" width=\"500\" height=\"281\" src=\"https:\/\/mister.forex\/wp-content\/uploads\/2024\/02\/9-500x281.webp\" class=\"attachment-medium size-medium wp-image-4081\" alt=\"\" srcset=\"https:\/\/mister.forex\/wp-content\/uploads\/2024\/02\/9-500x281.webp 500w, https:\/\/mister.forex\/wp-content\/uploads\/2024\/02\/9-600x337.webp 600w, https:\/\/mister.forex\/wp-content\/uploads\/2024\/02\/9-1200x675.webp 1200w, https:\/\/mister.forex\/wp-content\/uploads\/2024\/02\/9-300x169.webp 300w, https:\/\/mister.forex\/wp-content\/uploads\/2024\/02\/9-768x432.webp 768w, https:\/\/mister.forex\/wp-content\/uploads\/2024\/02\/9.webp 1366w\" sizes=\"(max-width: 500px) 100vw, 500px\" \/>\t\t\t\t\t\t\t\t\t\t\t\t\t\t\t<\/div>\n\t\t\t\t\t<\/div>\n\t\t\t\t<\/div>\n\t\t<div class=\"elementor-element elementor-element-a4b2228 e-flex e-con-boxed e-con e-parent\" data-id=\"a4b2228\" data-element_type=\"container\">\n\t\t\t\t\t<div class=\"e-con-inner\">\n\t\t<div class=\"elementor-element elementor-element-7a7f8bc e-con-full e-flex e-con e-child\" data-id=\"7a7f8bc\" data-element_type=\"container\">\n\t\t<div class=\"elementor-element elementor-element-04a7380 e-con-full e-flex e-con e-child\" data-id=\"04a7380\" data-element_type=\"container\">\n\t\t\t\t<div class=\"elementor-element elementor-element-c082aaa elementor-widget elementor-widget-text-editor\" data-id=\"c082aaa\" data-element_type=\"widget\" data-widget_type=\"text-editor.default\">\n\t\t\t\t\t\t\t\t\t<h2><strong>Instrukcja obs\u0142ugi<\/strong><\/h2><h3><strong>Wprowad\u017a opcje<\/strong><\/h3><p><strong><span style=\"text-decoration: underline;\">% wygranych<\/span>:&nbsp;<\/strong>Wprowad\u017a og\u00f3lny procentowy wska\u017anik wygranych w systemie transakcyjnym, na przyk\u0142ad 50%.<\/p><p><strong><span style=\"text-decoration: underline;\">\u015aredni profit\/strata<\/span>:&nbsp;<\/strong>Wprowad\u017a stosunek \u015bredniego zysku do \u015bredniej straty (wska\u017anik), na przyk\u0142ad 1:&nbsp;1.<\/p><p><strong><span style=\"text-decoration: underline;\">Ryzyko dla transakcji %<\/span>:&nbsp;<\/strong>Wprowad\u017a procent straty na ka\u017cd\u0105 transakcj\u0119 w stosunku do ca\u0142kowitego kapita\u0142u, na przyk\u0142ad 2%.<\/p><p><strong><span style=\"text-decoration: underline;\">Liczba transakcji<\/span>:&nbsp;<\/strong>Wprowad\u017a oczekiwan\u0105 liczb\u0119 transakcji lub ca\u0142kowit\u0105 liczb\u0119 transakcji przeprowadzonych do tej pory, na przyk\u0142ad 100 razy.<\/p><p><strong><span style=\"text-decoration: underline;\">Maksymalne Obsuni\u0119cie Kapita\u0142u<\/span>:&nbsp;<\/strong>Wprowad\u017a maksymalny procent spadku obecnej strategii handlowej, na przyk\u0142ad 30%.<\/p><h3><strong>Wynik oblicze\u0144<\/strong><\/h3><p><strong><span style=\"text-decoration: underline;\">Ryzyko obni\u017cenia warto\u015bci szczytowej do doliny<\/span>:&nbsp;<\/strong>Wy\u015bwietl prawdopodobie\u0144stwo, \u017ce saldo konta na koniec N transakcji b\u0119dzie ni\u017csze ni\u017c saldo konta na pocz\u0105tku.<\/p><p><strong><span style=\"text-decoration: underline;\">Ryzyko straty<\/span>:&nbsp;<\/strong>Wy\u015bwietl prawdopodobie\u0144stwo osi\u0105gni\u0119cia zdefiniowanego maksymalnego procentu straty.<\/p><p>\u203b <strong><span style=\"text-decoration: underline;\">Prosz\u0119 zauwa\u017cy\u0107, \u017ce wyniki kalkulatora mog\u0105 si\u0119 r\u00f3\u017cni\u0107, poniewa\u017c opieraj\u0105 si\u0119 na symulacji powtarzaj\u0105cych si\u0119 transakcji N razy.<\/span><\/strong><\/p>\t\t\t\t\t\t\t\t<\/div>\n\t\t\t\t<div class=\"elementor-element elementor-element-99f0110 elementor-widget elementor-widget-text-editor\" data-id=\"99f0110\" data-element_type=\"widget\" data-widget_type=\"text-editor.default\">\n\t\t\t\t\t\t\t\t\t<h2><strong>Czym jest ryzyko likwidacji?<\/strong><\/h2><p>Ryzyko bankructwa (Ryzyko Ruin, RoR, Risk of Ruin) to model matematyczny, kt\u00f3ry mo\u017cna wykorzysta\u0107 do obliczenia prawdopodobie\u0144stwa utraty ca\u0142kowitego salda konta na podstawie wska\u017anika wygranych w systemie transakcyjnym, wsp\u00f3\u0142czynnika wyp\u0142aty oraz procentu straty na ka\u017cd\u0105 transakcj\u0119.<\/p><p>Na przyk\u0142ad, je\u015bli system tradera dzia\u0142a dobrze, a wska\u017anik wygranych wynosi 30%, \u015bredni zysk\/strata (wsp\u00f3\u0142czynnik zysku) wynosi 2, a procent straty na ka\u017cd\u0105 transakcj\u0119 wynosi 2%, mo\u017cna doda\u0107 te dane do kalkulatora ryzyka i wykorzysta\u0107 je do zrozumienia og\u00f3lnej solidno\u015bci systemu transakcyjnego. Jednocze\u015bnie kalkulator mo\u017ce by\u0107 u\u017cywany do kontrolowania ryzyka zwi\u0105zanego z likwidacj\u0105 strategii i\/lub ryzyka spadk\u00f3w.<\/p><p>Dzi\u0119ki temu kalkulatorowi traderzy mog\u0105 dowiedzie\u0107 si\u0119, jakie maj\u0105 szanse na likwidacj\u0119 swojego konta handlowego w miar\u0119 up\u0142ywu czasu, korzystaj\u0105c z okre\u015blonej strategii handlowej. Oparte jest to na procentowym wska\u017aniku wygranych w ka\u017cdej transakcji oraz \u015brednim procencie ryzyka. Wprowadzaj\u0105c dane statystyczne dotycz\u0105ce wydajno\u015bci systemu handlowego do kalkulatora, traderzy mog\u0105 \u0142atwo obliczy\u0107 ryzyko likwidacji dla dowolnej strategii handlowej.<\/p>\t\t\t\t\t\t\t\t<\/div>\n\t\t\t\t<div class=\"elementor-element elementor-element-021f4ab elementor-alert-danger elementor-widget elementor-widget-alert\" data-id=\"021f4ab\" data-element_type=\"widget\" data-widget_type=\"alert.default\">\n\t\t\t\t\t\t\t<div class=\"elementor-alert\" role=\"alert\">\n\n\t\t\t\n\t\t\t\t\t\t<span class=\"elementor-alert-description\">Poprzez zmian\u0119 ca\u0142kowitej liczby transakcji i za\u0142o\u017conego maksymalnego procentu spadku, mo\u017cna obliczy\u0107 kilka losowych wynik\u00f3w i dostosowa\u0107 system transakcyjny.<\/span>\n\t\t\t\n\t\t\t\n\t\t<\/div>\n\t\t\t\t\t\t<\/div>\n\t\t\t\t<div class=\"elementor-element elementor-element-ba51955 elementor-widget elementor-widget-text-editor\" data-id=\"ba51955\" data-element_type=\"widget\" data-widget_type=\"text-editor.default\">\n\t\t\t\t\t\t\t\t\t<p>Mo\u017cesz r\u00f3wnie\u017c odkry\u0107, \u017ce nasz kalkulator retrakcji jest bardzo przydatny. Mo\u017ce pom\u00f3c w dok\u0142adnym obliczeniu, jak seria stratnych transakcji wp\u0142ynie na warto\u015b\u0107 netto konta handlowego.<\/p>\t\t\t\t\t\t\t\t<\/div>\n\t\t\t\t<div class=\"elementor-element elementor-element-747e98f elementor-list-item-link-inline elementor-icon-list--layout-traditional elementor-widget elementor-widget-icon-list\" data-id=\"747e98f\" data-element_type=\"widget\" data-widget_type=\"icon-list.default\">\n\t\t\t\t\t\t\t<ul class=\"elementor-icon-list-items\">\n\t\t\t\t\t\t\t<li class=\"elementor-icon-list-item\">\n\t\t\t\t\t\t\t\t\t\t\t<a href=\"https:\/\/mister.forex\/pl\/tools\/forex-drawdown-calculator\/\">\n\n\t\t\t\t\t\t\t\t\t\t\t\t<span class=\"elementor-icon-list-icon\">\n\t\t\t\t\t\t\t<svg aria-hidden=\"true\" class=\"e-font-icon-svg e-fas-bomb\" viewbox=\"0 0 512 512\" xmlns=\"http:\/\/www.w3.org\/2000\/svg\"><path d=\"M440.5 88.5l-52 52L415 167c9.4 9.4 9.4 24.6 0 33.9l-17.4 17.4c11.8 26.1 18.4 55.1 18.4 85.6 0 114.9-93.1 208-208 208S0 418.9 0 304 93.1 96 208 96c30.5 0 59.5 6.6 85.6 18.4L311 97c9.4-9.4 24.6-9.4 33.9 0l26.5 26.5 52-52 17.1 17zM500 60h-24c-6.6 0-12 5.4-12 12s5.4 12 12 12h24c6.6 0 12-5.4 12-12s-5.4-12-12-12zM440 0c-6.6 0-12 5.4-12 12v24c0 6.6 5.4 12 12 12s12-5.4 12-12V12c0-6.6-5.4-12-12-12zm33.9 55l17-17c4.7-4.7 4.7-12.3 0-17-4.7-4.7-12.3-4.7-17 0l-17 17c-4.7 4.7-4.7 12.3 0 17 4.8 4.7 12.4 4.7 17 0zm-67.8 0c4.7 4.7 12.3 4.7 17 0 4.7-4.7 4.7-12.3 0-17l-17-17c-4.7-4.7-12.3-4.7-17 0-4.7 4.7-4.7 12.3 0 17l17 17zm67.8 34c-4.7-4.7-12.3-4.7-17 0-4.7 4.7-4.7 12.3 0 17l17 17c4.7 4.7 12.3 4.7 17 0 4.7-4.7 4.7-12.3 0-17l-17-17zM112 272c0-35.3 28.7-64 64-64 8.8 0 16-7.2 16-16s-7.2-16-16-16c-52.9 0-96 43.1-96 96 0 8.8 7.2 16 16 16s16-7.2 16-16z\"><\/path><\/svg>\t\t\t\t\t\t<\/span>\n\t\t\t\t\t\t\t\t\t\t<span class=\"elementor-icon-list-text\">Kalkulator Drawdown Forex<\/span>\n\t\t\t\t\t\t\t\t\t\t\t<\/a>\n\t\t\t\t\t\t\t\t\t<\/li>\n\t\t\t\t\t\t<\/ul>\n\t\t\t\t\t\t<\/div>\n\t\t\t\t<\/div>\n\t\t<div class=\"elementor-element elementor-element-098f10a e-con-full e-flex e-con e-child\" data-id=\"098f10a\" data-element_type=\"container\">\n\t\t\t\t<div class=\"elementor-element elementor-element-0d13a8f elementor-widget__width-initial elementor-widget elementor-widget-html\" data-id=\"0d13a8f\" data-element_type=\"widget\" data-widget_type=\"html.default\">\n\t\t\t\t\t<div id=\"risk-of-ruin-calculator-225732\"><script type=\"text\/javascript\" src=\"https:\/\/www.cashbackforex.com\/Content\/remote\/remote-widgets.js\"><\/script><script type=\"text\/javascript\"> RemoteCalc({\"Url\":\"https:\/\/www.cashbackforex.com\", \"TopPaneStyle\":\"YmFja2dyb3VuZDogbGluZWFyLWdyYWRpZW50KCNmZmYgMjAlLCAjZjVmNWY1IDQ1JSk7IGNvbG9yOiBibGFjazsgYm9yZGVyOiBzb2xpZCAxcHggI2FhYTsgYm9yZGVyLWJvdHRvbTogbm9uZTsg\",\"BottomPaneStyle\":\"YmFja2dyb3VuZDogI2YzZjNmMzsgYm9yZGVyOiBzb2xpZCAxcHggI2FhYTsgY29sb3I6IGJsYWNrOw==\",\"ButtonStyle\":\"YmFja2dyb3VuZDogIzM0MzU0MDsgY29sb3I6IHdoaXRlOyBib3JkZXItcmFkaXVzOiAyMHB4Ow==\",\"TitleStyle\":\"dGV4dC1hbGlnbjogbGVmdDsgZm9udC1zaXplOiAxNnB4OyBmb250LXdlaWdodDogNTAwOw==\",\"TextboxStyle\":\"YmFja2dyb3VuZC1jb2xvcjogd2hpdGU7IGNvbG9yOiBibGFjazsgYm9yZGVyOiBzb2xpZCAxcHggI2FhYWFhYQ==\",\"ContainerWidth\":\"500\",\"HighlightColor\":\"#ffff00\",\"IsDisplayTitle\":false,\"IsShowEmbedButton\":false,\"Lang\":wlang(),\"CompactType\":\"large\",\"Calculator\":\"risk-of-ruin-calculator\",\"ContainerId\":\"risk-of-ruin-calculator-225732\"});\n\nfunction wlang() {\n    \n\tvar lang = window.location.href;\n\n\tif (!lang) {\n\t\treturn 'en';\n\t}\n\n        if (lang.match('\/zh\/')) {\n\t\treturn 'zh';\n\n\t} else if (lang.match('\/hk\/')) {\n\t\treturn 'zh';\n\t\t\n\t} else if (lang.match('\/cn\/')) {\n\t\treturn 'zh';\n\t\t\n\t} else if (lang.match('\/en\/')) {\n\t\treturn 'en';\n\t\t\n\t} else if (lang.match('\/hi\/')) {\n\t\treturn 'en';\n\t\t\n\t} else if (lang.match('\/pt_br\/')) {\n\t\treturn 'pt';\n\t\t\n\t} else if (lang.match('\/ms\/')) {\n\t\treturn 'id';\n\t\t\n\t} else if (lang.match('\/es\/')) {\n\t\treturn 'es';\n\t\t\n\t} else if (lang.match('\/es_ar\/')) {\n\t\treturn 'es';\n\t\t\n\t} else if (lang.match('\/es_mx\/')) {\n\t\treturn 'es';\n\n\t} else if (lang.match('\/bn\/')) {\n\t\treturn 'en';\n\t\t\n\t} else if (lang.match('\/nb\/')) {\n\t\treturn 'en';\t\t\n\n\t} else if (lang.match('\/da\/')) {\n\t\treturn 'en';\n\t\t\n\t} else if (lang.match('\/nl\/')) {\n\t\treturn 'en';\n\t\t\n\t} else if (lang.match('\/sv\/')) {\n\t\treturn 'en';\n\t\t\n\t} else if (lang.match('\/uk\/')) {\n\t\treturn 'ru';\n\t\t\n\t} else if (lang.match('\/ur\/')) {\n\t\treturn 'en';\n\t\t\n\t} else if (lang.match('\/de\/')) {\n\t\treturn 'de';\n\t\t\n\t} else if (lang.match('\/fr\/')) {\n\t\treturn 'fr';\n\t\t\n\t} else if (lang.match('\/id\/')) {\n\t\treturn 'id';\n\t\t\n\t} else if (lang.match('\/it\/')) {\n\t\treturn 'it';\n\t\t\n\t} else if (lang.match('\/hu\/')) {\n\t\treturn 'hu';\n\t\t\n\t} else if (lang.match('\/pt\/')) {\n\t\treturn 'pt';\n\t\t\n\t} else if (lang.match('\/pl\/')) {\n\t\treturn 'pl';\n\t\t\n\t} else if (lang.match('\/ro\/')) {\n\t\treturn 'ro';\n\t\t\n\t} else if (lang.match('\/vi\/')) {\n\t\treturn 'vi';\n\t\t\n\t} else if (lang.match('\/tr\/')) {\n\t\treturn 'tr';\n\t\t\n\t} else if (lang.match('\/el\/')) {\n\t\treturn 'el';\n\t\t\n\t} else if (lang.match('\/ru\/')) {\n\t\treturn 'ru';\n\t\t\n\t} else if (lang.match('\/ar\/')) {\n\t\treturn 'ar';\n\t\t\n\t} else if (lang.match('\/th\/')) {\n\t\treturn 'th';\n\t\t\n\t} else if (lang.match('\/kr\/')) {\n\t\treturn 'ko';\n\t\t\n\t} else if (lang.match('\/jp\/')) {\n\t\treturn 'ja';\n\t\t\n\t} else if (lang.match('\/cs\/')) {\n\t\treturn 'cs';\n\t\t\n\t}else {\n\t\treturn 'zh';\n\t}\n}\n<\/script><\/div>\t\t\t\t<\/div>\n\t\t\t\t<\/div>\n\t\t\t\t<\/div>\n\t\t\t\t\t<\/div>\n\t\t\t\t<\/div>\n\t\t\t\t<\/div>","protected":false},"excerpt":{"rendered":"<p>Kalkulator Ryzyka Bankructwa pomaga traderom przewidzie\u0107 potencjalne straty po wielu transakcjach, Maksymalny Spadek i ryzyko bankructwa, zrozumie\u0107 sytuacj\u0119 ryzyka i opracowa\u0107 dok\u0142adniejsze strategie Zarz\u0105dzania ryzykiem. Natychmiast u\u017cyj Kalkulatora Ryzyka Bankructwa, aby opanowa\u0107 swoje ryzyko handlowe!<\/p>","protected":false},"author":1,"featured_media":23591,"parent":15462,"menu_order":0,"comment_status":"closed","ping_status":"closed","template":"","meta":{"footnotes":""},"tags":[128],"class_list":["post-15818","page","type-page","status-publish","has-post-thumbnail","hentry","tag-no-google"],"_links":{"self":[{"href":"https:\/\/mister.forex\/pl\/wp-json\/wp\/v2\/pages\/15818","targetHints":{"allow":["GET"]}}],"collection":[{"href":"https:\/\/mister.forex\/pl\/wp-json\/wp\/v2\/pages"}],"about":[{"href":"https:\/\/mister.forex\/pl\/wp-json\/wp\/v2\/types\/page"}],"author":[{"embeddable":true,"href":"https:\/\/mister.forex\/pl\/wp-json\/wp\/v2\/users\/1"}],"replies":[{"embeddable":true,"href":"https:\/\/mister.forex\/pl\/wp-json\/wp\/v2\/comments?post=15818"}],"version-history":[{"count":3,"href":"https:\/\/mister.forex\/pl\/wp-json\/wp\/v2\/pages\/15818\/revisions"}],"predecessor-version":[{"id":69178,"href":"https:\/\/mister.forex\/pl\/wp-json\/wp\/v2\/pages\/15818\/revisions\/69178"}],"up":[{"embeddable":true,"href":"https:\/\/mister.forex\/pl\/wp-json\/wp\/v2\/pages\/15462"}],"wp:featuredmedia":[{"embeddable":true,"href":"https:\/\/mister.forex\/pl\/wp-json\/wp\/v2\/media\/23591"}],"wp:attachment":[{"href":"https:\/\/mister.forex\/pl\/wp-json\/wp\/v2\/media?parent=15818"}],"wp:term":[{"taxonomy":"post_tag","embeddable":true,"href":"https:\/\/mister.forex\/pl\/wp-json\/wp\/v2\/tags?post=15818"}],"curies":[{"name":"wp","href":"https:\/\/api.w.org\/{rel}","templated":true}]}}