{"id":16663,"date":"2024-05-09T10:16:13","date_gmt":"2024-05-09T02:16:13","guid":{"rendered":"http:\/\/192.168.0.254\/?page_id=16663"},"modified":"2026-04-02T23:19:33","modified_gmt":"2026-04-02T15:19:33","slug":"fibonacci-calculator","status":"publish","type":"page","link":"https:\/\/mister.forex\/pl\/tools\/fibonacci-calculator\/","title":{"rendered":"Kalkulator Fibonacciego | Kalkulator Fibonacciego w czasie rzeczywistym do wsparcia i oporu"},"content":{"rendered":"<div data-elementor-type=\"wp-page\" data-elementor-id=\"16663\" class=\"elementor elementor-16663\" data-elementor-post-type=\"page\">\n\t\t\t\t<div class=\"elementor-element elementor-element-581b21e e-flex e-con-boxed e-con e-parent\" data-id=\"581b21e\" data-element_type=\"container\" data-settings=\"{&quot;background_background&quot;:&quot;classic&quot;}\">\n\t\t\t\t\t<div class=\"e-con-inner\">\n\t\t<div class=\"elementor-element elementor-element-96f071a e-flex e-con-boxed e-con e-child\" data-id=\"96f071a\" data-element_type=\"container\">\n\t\t\t\t\t<div class=\"e-con-inner\">\n\t\t\t\t<div class=\"elementor-element elementor-element-4b49364 elementor-widget elementor-widget-heading\" data-id=\"4b49364\" data-element_type=\"widget\" data-widget_type=\"heading.default\">\n\t\t\t\t\t<h1 class=\"elementor-heading-title elementor-size-default\">Kalkulator Fibonacciego<\/h1>\t\t\t\t<\/div>\n\t\t\t\t<div class=\"elementor-element elementor-element-bb99fa7 elementor-widget elementor-widget-heading\" data-id=\"bb99fa7\" data-element_type=\"widget\" data-widget_type=\"heading.default\">\n\t\t\t\t\t<h2 class=\"elementor-heading-title elementor-size-default\">Natychmiastowy kalkulator Fibonacciego do wsparcia i oporu<\/h2>\t\t\t\t<\/div>\n\t\t\t\t\t<\/div>\n\t\t\t\t<\/div>\n\t\t\t\t<div class=\"elementor-element elementor-element-c391668 elementor-widget__width-inherit elementor-absolute elementor-widget elementor-widget-image\" data-id=\"c391668\" data-element_type=\"widget\" data-settings=\"{&quot;_position&quot;:&quot;absolute&quot;}\" data-widget_type=\"image.default\">\n\t\t\t\t\t\t\t\t\t\t\t\t\t\t\t<img fetchpriority=\"high\" decoding=\"async\" width=\"500\" height=\"281\" src=\"https:\/\/mister.forex\/wp-content\/uploads\/2024\/02\/9-500x281.webp\" class=\"attachment-medium size-medium wp-image-4081\" alt=\"\" srcset=\"https:\/\/mister.forex\/wp-content\/uploads\/2024\/02\/9-500x281.webp 500w, https:\/\/mister.forex\/wp-content\/uploads\/2024\/02\/9-600x337.webp 600w, https:\/\/mister.forex\/wp-content\/uploads\/2024\/02\/9-1200x675.webp 1200w, https:\/\/mister.forex\/wp-content\/uploads\/2024\/02\/9-300x169.webp 300w, https:\/\/mister.forex\/wp-content\/uploads\/2024\/02\/9-768x432.webp 768w, https:\/\/mister.forex\/wp-content\/uploads\/2024\/02\/9.webp 1366w\" sizes=\"(max-width: 500px) 100vw, 500px\" \/>\t\t\t\t\t\t\t\t\t\t\t\t\t\t\t<\/div>\n\t\t\t\t\t<\/div>\n\t\t\t\t<\/div>\n\t\t<div class=\"elementor-element elementor-element-2be8f0c e-flex e-con-boxed e-con e-parent\" data-id=\"2be8f0c\" data-element_type=\"container\">\n\t\t\t\t\t<div class=\"e-con-inner\">\n\t\t<div class=\"elementor-element elementor-element-da76163 e-con-full e-flex e-con e-child\" data-id=\"da76163\" data-element_type=\"container\">\n\t\t<div class=\"elementor-element elementor-element-e4ed029 e-con-full e-flex e-con e-child\" data-id=\"e4ed029\" data-element_type=\"container\">\n\t\t\t\t<div class=\"elementor-element elementor-element-18d29fb elementor-widget elementor-widget-text-editor\" data-id=\"18d29fb\" data-element_type=\"widget\" data-widget_type=\"text-editor.default\">\n\t\t\t\t\t\t\t\t\t<h2><strong>Instrukcja obs\u0142ugi<\/strong><\/h2><h3><strong>Wprowad\u017a opcje<\/strong><\/h3><p><strong><span style=\"text-decoration: underline;\">Kierunek trendu<\/span>:&nbsp;<\/strong>Wybierz \u201ew g\u00f3r\u0119\u201d lub \u201ew d\u00f3\u0142\u201d, aby zasymulowa\u0107 trend wzrostowy lub spadkowy.<\/p><p><strong><span style=\"text-decoration: underline;\">Zniesienie \/ Projekcja<\/span>:&nbsp;<\/strong>Wybierz \u201eRetracement\u201d, aby obliczy\u0107 punkty korekty cen w trendzie, lub wybierz \u201eProjection\u201d, aby obliczy\u0107 docelowe punkty cenowe po prze\u0142amaniu.<\/p><p><strong><span style=\"text-decoration: underline;\">Najni\u017csza cena<\/span>:&nbsp;<\/strong>W trendzie wzrostowym jest to najni\u017cszy punkt korekty cenowej. W trendzie spadkowym jest to najni\u017cszy punkt, kt\u00f3ry osi\u0105gn\u0119\u0142a cena.<\/p><p><strong><span style=\"text-decoration: underline;\">Najwy\u017csza cena<\/span>:&nbsp;<\/strong>W trendzie wzrostowym jest to najwy\u017cszy punkt, do kt\u00f3rego osi\u0105gn\u0119\u0142a cena. W trendzie spadkowym jest to najwy\u017cszy punkt, do kt\u00f3rego cena si\u0119 odbi\u0142a.<\/p><p>\u203b <span style=\"text-decoration: underline;\"><strong>Cena ko\u0144cowa<\/strong><\/span><strong>:&nbsp;<\/strong>Wprowad\u017a oczekiwany cel cenowy. Ta liczba zazwyczaj jest prognozowanym przez Ciebie nast\u0119pnym szczytem lub do\u0142kiem cenowym, ustalanym na podstawie aktualnych trend\u00f3w rynkowych.<\/p>\t\t\t\t\t\t\t\t<\/div>\n\t\t\t\t<div class=\"elementor-element elementor-element-3e0b4e6 elementor-widget elementor-widget-text-editor\" data-id=\"3e0b4e6\" data-element_type=\"widget\" data-widget_type=\"text-editor.default\">\n\t\t\t\t\t\t\t\t\t<h3><strong>Kroki operacyjne<\/strong><\/h3><p>Wybierz kierunek trendu. Na przyk\u0142ad, obliczaj\u0105c poziomy retracement Fibonacciego dla EUR\/USD, wybierz kierunek trendu \u201ew g\u00f3r\u0119\u201d.<\/p><p>Zaznacz przycisk radiowy \u201eRetracement\u201d, aby wskaza\u0107 kalkulatorowi obliczenie poziom\u00f3w retracement.<\/p><p>Wprowad\u017a cen\u0119 minimaln\u0105 i maksymaln\u0105. Na przyk\u0142ad, cena minimalna to 1.16653, a cena maksymalna to 1.20552.<\/p>\t\t\t\t\t\t\t\t<\/div>\n\t\t\t\t<div class=\"elementor-element elementor-element-4799a02 elementor-widget elementor-widget-text-editor\" data-id=\"4799a02\" data-element_type=\"widget\" data-widget_type=\"text-editor.default\">\n\t\t\t\t\t\t\t\t\t<h3><strong>Wynik oblicze\u0144<\/strong><\/h3><p>Kalkulator Fibonacciego b\u0119dzie oblicza\u0107 i wy\u015bwietla\u0107 poziomy spadku dla pary walutowej. Poziomy te s\u0105 uzyskiwane poprzez wzi\u0119cie dw\u00f3ch ekstremalnych punkt\u00f3w (najni\u017cszej lub najwy\u017cszej zmienno\u015bci, lub po prostu punkt\u00f3w A i B) i podzielenie pionowej odleg\u0142o\u015bci przez kluczowe wsp\u00f3\u0142czynniki Fibonacciego 23.6%, 38.2%, 50%, 61.8%.<\/p><p>Na przyk\u0142ad, w trendzie wzrostowym, najni\u017cszy punkt wahania EUR\/USD (punkt A) wynosi 1.16653, a cena wzrasta do najwy\u017cszego punktu 1.20552 (punkt B). Po wprowadzeniu tych danych, kalkulator wy\u015bwietli poziomy retracement Fibonacciego dla poszczeg\u00f3lnych poziom\u00f3w.<\/p><p>Domy\u015blnie kalkulator wy\u015bwietli poziomy korekty. Aby uzyska\u0107 poziomy prognozowania (ekspansji), traderzy powinni wype\u0142ni\u0107 pole \u201ecena docelowa\u201d, a kalkulator wy\u015bwietli wiele mo\u017cliwych poziom\u00f3w prognozowania (maksymalnie 161.8%).<\/p>\t\t\t\t\t\t\t\t<\/div>\n\t\t\t\t<div class=\"elementor-element elementor-element-353ada7 elementor-widget elementor-widget-text-editor\" data-id=\"353ada7\" data-element_type=\"widget\" data-widget_type=\"text-editor.default\">\n\t\t\t\t\t\t\t\t\t<h2><strong>Czym s\u0105 poziomy Fibonacciego?<\/strong><\/h2><p>Poziomy Fibonacciego to powszechnie stosowana metoda analizy zachowa\u0144 cen towar\u00f3w na rynkach finansowych. Nie jest to tajemniczy wska\u017anik ani wz\u00f3r cenowy, lecz popularne narz\u0119dzie analityczne, kt\u00f3rego skuteczno\u015b\u0107 zale\u017cy od stopnia jego samospe\u0142nienia.<\/p><p>Poziomy Fibonacciego maj\u0105 dwa g\u0142\u00f3wne typy:&nbsp;retrakcje i rozszerzenia. Poziomy retrakcji s\u0105 stosowane, gdy cena osi\u0105ga nowe szczyty (trend wzrostowy) lub nowe do\u0142ki (trend spadkowy), a tak\u017ce gdy traderzy uwa\u017caj\u0105, \u017ce trend mo\u017ce tymczasowo si\u0119 zako\u0144czy\u0107. Pojawiaj\u0105 si\u0119 tzw. poziomy retrakcji Fibonacciego, gdy rynek zaczyna si\u0119 korygowa\u0107 lub konsolidowa\u0107.<\/p><p><strong>G\u0142\u00f3wne poziomy retracement Fibonacciego to 0.236, 0.382, 0.500, 0.618 i 0.764.<\/strong><\/p><p>Z drugiej strony, poziomy rozszerzenia Fibonacciego s\u0142u\u017c\u0105 do prognozowania, w jakim stopniu cena mo\u017ce przekroczy\u0107 swoje pierwotne zakresy i kontynuowa\u0107 ruch w kierunku trendu. Ceny rynkowe mog\u0105 cofn\u0105\u0107 si\u0119 do poziomu retracement Fibonacciego, a nast\u0119pnie kontynuowa\u0107 ruch w kierunku podstawowego trendu, tworz\u0105c nowe maksima lub minima. Alternatywnie, po okresie konsolidacji, mog\u0105 kontynuowa\u0107 ruch w kierunku g\u0142\u00f3wnego trendu, nie dotykaj\u0105c \u017cadnego poziomu retracement Fibonacciego.<\/p><p><strong>G\u0142\u00f3wne poziomy rozszerzenia Fibonacciego to 0.382, 0.618, 1.000, 1.382 i 1.618.<\/strong><\/p><p>Podobnie jak z\u0142oty podzia\u0142 nie ma magicznych ani uniwersalnych zasad, tak i wsp\u00f3\u0142czynniki Fibonacciego nie s\u0105 takie. S\u0105 to jedynie interesuj\u0105ce proporcje odkryte przez matematyk\u00f3w, kt\u00f3re p\u00f3\u017aniej zosta\u0142y przyj\u0119te przez trader\u00f3w.<\/p><p>Ze wzgl\u0119du na szerokie zastosowanie wska\u017anik\u00f3w Fibonacciego na globalnych rynkach, w tym przez niekt\u00f3rych profesjonalnych trader\u00f3w, wiele os\u00f3b dokonuje zakup\u00f3w i\/lub sprzeda\u017cy na tych poziomach, co sprawia, \u017ce poziomy Fibonacciego mog\u0105 by\u0107 bardzo skuteczne.<\/p>\t\t\t\t\t\t\t\t<\/div>\n\t\t\t\t<\/div>\n\t\t<div class=\"elementor-element elementor-element-012fcfe e-con-full e-flex e-con e-child\" data-id=\"012fcfe\" data-element_type=\"container\">\n\t\t\t\t<div class=\"elementor-element elementor-element-af3faae elementor-widget__width-initial elementor-widget elementor-widget-html\" data-id=\"af3faae\" data-element_type=\"widget\" data-widget_type=\"html.default\">\n\t\t\t\t\t<div id=\"fibonacci-calculator-386315\"><script type=\"text\/javascript\" src=\"https:\/\/www.cashbackforex.com\/Content\/remote\/remote-widgets.js\"><\/script><script type=\"text\/javascript\"> RemoteCalc({\"Url\":\"https:\/\/www.cashbackforex.com\", \"TopPaneStyle\":\"YmFja2dyb3VuZDogbGluZWFyLWdyYWRpZW50KCNmZmYgMjAlLCAjZjVmNWY1IDQ1JSk7IGNvbG9yOiBibGFjazsgYm9yZGVyOiBzb2xpZCAxcHggI2FhYTsgYm9yZGVyLWJvdHRvbTogbm9uZTsg\",\"BottomPaneStyle\":\"YmFja2dyb3VuZDogI2YzZjNmMzsgYm9yZGVyOiBzb2xpZCAxcHggI2FhYTsgY29sb3I6IGJsYWNrOw==\",\"ButtonStyle\":\"YmFja2dyb3VuZDogIzM0MzU0MDsgY29sb3I6IHdoaXRlOyBib3JkZXItcmFkaXVzOiAyMHB4Ow==\",\"TitleStyle\":\"dGV4dC1hbGlnbjogbGVmdDsgZm9udC1zaXplOiAxNnB4OyBmb250LXdlaWdodDogNTAwOw==\",\"TextboxStyle\":\"YmFja2dyb3VuZC1jb2xvcjogd2hpdGU7IGNvbG9yOiBibGFjazsgYm9yZGVyOiBzb2xpZCAxcHggI2FhYWFhYQ==\",\"HighlightColor\":\"#ffff00\",\"IsDisplayTitle\":false,\"IsShowEmbedButton\":false,\"Lang\":wlang(),\"CompactType\":\"large\",\"Calculator\":\"fibonacci-calculator\",\"ContainerId\":\"fibonacci-calculator-386315\"});\n\nfunction wlang() {\n    \n\tvar lang = window.location.href;\n\n\tif (!lang) {\n\t\treturn 'en';\n\t}\n\n        if (lang.match('\/zh\/')) {\n\t\treturn 'zh';\n\n\t} else if (lang.match('\/hk\/')) {\n\t\treturn 'zh';\n\t\t\n\t} else if (lang.match('\/cn\/')) {\n\t\treturn 'zh';\n\t\t\n\t} else if (lang.match('\/en\/')) {\n\t\treturn 'en';\n\t\t\n\t} else if (lang.match('\/hi\/')) {\n\t\treturn 'en';\n\t\t\n\t} else if (lang.match('\/pt_br\/')) {\n\t\treturn 'pt';\n\t\t\n\t} else if (lang.match('\/ms\/')) {\n\t\treturn 'id';\n\t\t\n\t} else if (lang.match('\/es\/')) {\n\t\treturn 'es';\n\t\t\n\t} else if (lang.match('\/es_ar\/')) {\n\t\treturn 'es';\n\t\t\n\t} else if (lang.match('\/es_mx\/')) {\n\t\treturn 'es';\n\n\t} else if (lang.match('\/bn\/')) {\n\t\treturn 'en';\n\t\t\n\t} else if (lang.match('\/nb\/')) {\n\t\treturn 'en';\t\t\n\n\t} else if (lang.match('\/da\/')) {\n\t\treturn 'en';\n\t\t\n\t} else if (lang.match('\/nl\/')) {\n\t\treturn 'en';\n\t\t\n\t} else if (lang.match('\/sv\/')) {\n\t\treturn 'en';\n\t\t\n\t} else if (lang.match('\/uk\/')) {\n\t\treturn 'ru';\n\t\t\n\t} else if (lang.match('\/ur\/')) {\n\t\treturn 'en';\n\t\t\n\t} else if (lang.match('\/de\/')) {\n\t\treturn 'de';\n\t\t\n\t} else if (lang.match('\/fr\/')) {\n\t\treturn 'fr';\n\t\t\n\t} else if (lang.match('\/id\/')) {\n\t\treturn 'id';\n\t\t\n\t} else if (lang.match('\/it\/')) {\n\t\treturn 'it';\n\t\t\n\t} else if (lang.match('\/hu\/')) {\n\t\treturn 'hu';\n\t\t\n\t} else if (lang.match('\/pt\/')) {\n\t\treturn 'pt';\n\t\t\n\t} else if (lang.match('\/pl\/')) {\n\t\treturn 'pl';\n\t\t\n\t} else if (lang.match('\/ro\/')) {\n\t\treturn 'ro';\n\t\t\n\t} else if (lang.match('\/vi\/')) {\n\t\treturn 'vi';\n\t\t\n\t} else if (lang.match('\/tr\/')) {\n\t\treturn 'tr';\n\t\t\n\t} else if (lang.match('\/el\/')) {\n\t\treturn 'el';\n\t\t\n\t} else if (lang.match('\/ru\/')) {\n\t\treturn 'ru';\n\t\t\n\t} else if (lang.match('\/ar\/')) {\n\t\treturn 'ar';\n\t\t\n\t} else if (lang.match('\/th\/')) {\n\t\treturn 'th';\n\t\t\n\t} else if (lang.match('\/kr\/')) {\n\t\treturn 'ko';\n\t\t\n\t} else if (lang.match('\/jp\/')) {\n\t\treturn 'ja';\n\t\t\n\t} else if (lang.match('\/cs\/')) {\n\t\treturn 'cs';\n\t\t\n\t}else {\n\t\treturn 'zh';\n\t}\n}\n<\/script><\/div>\t\t\t\t<\/div>\n\t\t\t\t<\/div>\n\t\t\t\t<\/div>\n\t\t\t\t\t<\/div>\n\t\t\t\t<\/div>\n\t\t\t\t<\/div>","protected":false},"excerpt":{"rendered":"<p>Chcesz dok\u0142adnie przewidzie\u0107 ruchy cen na rynku finansowym? Nasz Kalkulator Fibonacciego jest Twoim najlepszym asystentem! Niezale\u017cnie od tego, czy chodzi o Spadek, czy rozszerzenie, mo\u017cemy pom\u00f3c Ci \u0142atwo obliczy\u0107 kluczowe poziomy Fibonacciego. Dowiedz si\u0119, jak wykorzysta\u0107 te dane do opracowania skutecznych strategii handlowych i upewnij si\u0119, \u017ce Twoje dane cenowe s\u0105 zsynchronizowane z rynkiem. Kliknij, aby zobaczy\u0107 pe\u0142ny artyku\u0142, opanuj wi\u0119cej technik handlowych i zwi\u0119ksz swoj\u0105 skuteczno\u015b\u0107 w handlu!<\/p>","protected":false},"author":1,"featured_media":23603,"parent":15462,"menu_order":0,"comment_status":"closed","ping_status":"closed","template":"","meta":{"footnotes":""},"tags":[128],"class_list":["post-16663","page","type-page","status-publish","has-post-thumbnail","hentry","tag-no-google"],"_links":{"self":[{"href":"https:\/\/mister.forex\/pl\/wp-json\/wp\/v2\/pages\/16663","targetHints":{"allow":["GET"]}}],"collection":[{"href":"https:\/\/mister.forex\/pl\/wp-json\/wp\/v2\/pages"}],"about":[{"href":"https:\/\/mister.forex\/pl\/wp-json\/wp\/v2\/types\/page"}],"author":[{"embeddable":true,"href":"https:\/\/mister.forex\/pl\/wp-json\/wp\/v2\/users\/1"}],"replies":[{"embeddable":true,"href":"https:\/\/mister.forex\/pl\/wp-json\/wp\/v2\/comments?post=16663"}],"version-history":[{"count":3,"href":"https:\/\/mister.forex\/pl\/wp-json\/wp\/v2\/pages\/16663\/revisions"}],"predecessor-version":[{"id":69196,"href":"https:\/\/mister.forex\/pl\/wp-json\/wp\/v2\/pages\/16663\/revisions\/69196"}],"up":[{"embeddable":true,"href":"https:\/\/mister.forex\/pl\/wp-json\/wp\/v2\/pages\/15462"}],"wp:featuredmedia":[{"embeddable":true,"href":"https:\/\/mister.forex\/pl\/wp-json\/wp\/v2\/media\/23603"}],"wp:attachment":[{"href":"https:\/\/mister.forex\/pl\/wp-json\/wp\/v2\/media?parent=16663"}],"wp:term":[{"taxonomy":"post_tag","embeddable":true,"href":"https:\/\/mister.forex\/pl\/wp-json\/wp\/v2\/tags?post=16663"}],"curies":[{"name":"wp","href":"https:\/\/api.w.org\/{rel}","templated":true}]}}