{"id":16910,"date":"2024-05-09T16:36:05","date_gmt":"2024-05-09T08:36:05","guid":{"rendered":"http:\/\/192.168.0.254\/?page_id=16910"},"modified":"2026-04-02T23:12:38","modified_gmt":"2026-04-02T15:12:38","slug":"investment-compound-calculator","status":"publish","type":"page","link":"https:\/\/mister.forex\/pl\/tools\/investment-compound-calculator\/","title":{"rendered":"Kalkulator Odsetek Sk\u0142adanych Inwestycji | Kalkulator Odsetek Sk\u0142adanych Inwestora"},"content":{"rendered":"<div data-elementor-type=\"wp-page\" data-elementor-id=\"16910\" class=\"elementor elementor-16910\" data-elementor-post-type=\"page\">\n\t\t\t\t<div class=\"elementor-element elementor-element-c0f75c5 e-flex e-con-boxed e-con e-parent\" data-id=\"c0f75c5\" data-element_type=\"container\" data-settings=\"{&quot;background_background&quot;:&quot;classic&quot;}\">\n\t\t\t\t\t<div class=\"e-con-inner\">\n\t\t<div class=\"elementor-element elementor-element-90317ca e-flex e-con-boxed e-con e-child\" data-id=\"90317ca\" data-element_type=\"container\">\n\t\t\t\t\t<div class=\"e-con-inner\">\n\t\t\t\t<div class=\"elementor-element elementor-element-a598dd9 elementor-widget elementor-widget-heading\" data-id=\"a598dd9\" data-element_type=\"widget\" data-widget_type=\"heading.default\">\n\t\t\t\t\t<h1 class=\"elementor-heading-title elementor-size-default\">Kalkulator Odsetek Sk\u0142adanych Inwestycji<\/h1>\t\t\t\t<\/div>\n\t\t\t\t<div class=\"elementor-element elementor-element-6a48532 elementor-widget elementor-widget-heading\" data-id=\"6a48532\" data-element_type=\"widget\" data-widget_type=\"heading.default\">\n\t\t\t\t\t<h2 class=\"elementor-heading-title elementor-size-default\">Kalkulator sk\u0142adanych odsetek inwestora<\/h2>\t\t\t\t<\/div>\n\t\t\t\t\t<\/div>\n\t\t\t\t<\/div>\n\t\t\t\t<div class=\"elementor-element elementor-element-096af7b elementor-widget__width-inherit elementor-absolute elementor-widget elementor-widget-image\" data-id=\"096af7b\" data-element_type=\"widget\" data-settings=\"{&quot;_position&quot;:&quot;absolute&quot;}\" data-widget_type=\"image.default\">\n\t\t\t\t\t\t\t\t\t\t\t\t\t\t\t<img fetchpriority=\"high\" decoding=\"async\" width=\"500\" height=\"281\" src=\"https:\/\/mister.forex\/wp-content\/uploads\/2024\/02\/9-500x281.webp\" class=\"attachment-medium size-medium wp-image-4081\" alt=\"\" srcset=\"https:\/\/mister.forex\/wp-content\/uploads\/2024\/02\/9-500x281.webp 500w, https:\/\/mister.forex\/wp-content\/uploads\/2024\/02\/9-600x337.webp 600w, https:\/\/mister.forex\/wp-content\/uploads\/2024\/02\/9-1200x675.webp 1200w, https:\/\/mister.forex\/wp-content\/uploads\/2024\/02\/9-300x169.webp 300w, https:\/\/mister.forex\/wp-content\/uploads\/2024\/02\/9-768x432.webp 768w, https:\/\/mister.forex\/wp-content\/uploads\/2024\/02\/9.webp 1366w\" sizes=\"(max-width: 500px) 100vw, 500px\" \/>\t\t\t\t\t\t\t\t\t\t\t\t\t\t\t<\/div>\n\t\t\t\t\t<\/div>\n\t\t\t\t<\/div>\n\t\t<div class=\"elementor-element elementor-element-1d623fb e-con-full e-flex e-con e-parent\" data-id=\"1d623fb\" data-element_type=\"container\">\n\t\t<div class=\"elementor-element elementor-element-1ce5a63 e-flex e-con-boxed e-con e-child\" data-id=\"1ce5a63\" data-element_type=\"container\">\n\t\t\t\t\t<div class=\"e-con-inner\">\n\t\t\t\t<div class=\"elementor-element elementor-element-b1fa562 elementor-widget elementor-widget-text-editor\" data-id=\"b1fa562\" data-element_type=\"widget\" data-widget_type=\"text-editor.default\">\n\t\t\t\t\t\t\t\t\t<h2><strong>Co to jest Kalkulator Odsetek Sk\u0142adanych Inwestycji?<\/strong><\/h2><p>Kalkulator Odsetek Sk\u0142adanych Inwestycji s\u0142u\u017cy do symulacji, jak zyski z konta handlowego rosn\u0105 w czasie przy za\u0142o\u017conym procencie zysku. Odkrywa niesamowit\u0105 moc odsetek sk\u0142adanych, kt\u00f3re mog\u0105 przekszta\u0142ci\u0107 ograniczon\u0105 kwot\u0119 inwestycji w znaczn\u0105 fortun\u0119, nawet je\u015bli stopa zwrotu z ka\u017cdej transakcji wynosi zaledwie 5%.<\/p>\t\t\t\t\t\t\t\t<\/div>\n\t\t<div class=\"elementor-element elementor-element-050006e e-con-full e-flex e-con e-child\" data-id=\"050006e\" data-element_type=\"container\">\n\t\t\t\t<div class=\"elementor-element elementor-element-e96e992 elementor-widget elementor-widget-text-editor\" data-id=\"e96e992\" data-element_type=\"widget\" data-widget_type=\"text-editor.default\">\n\t\t\t\t\t\t\t\t\t<h2><strong>Instrukcja obs\u0142ugi<\/strong><\/h2><h3><strong>Wprowad\u017a opcje<\/strong><\/h3><p><strong><span style=\"text-decoration: underline;\">Kapita\u0142 pocz\u0105tkowy<\/span>:&nbsp;<\/strong>Wprowad\u017a pocz\u0105tkow\u0105 kwot\u0119 inwestycji, na przyk\u0142ad $1,000 dolar\u00f3w.<\/p><p><strong><span style=\"text-decoration: underline;\">Liczba okres\u00f3w<\/span>:&nbsp;<\/strong>Wprowad\u017a liczb\u0119 okres\u00f3w inwestycji, symuluj\u0105c N rund zysk\u00f3w z transakcji, na przyk\u0142ad 6 okres\u00f3w.<\/p><p><strong><span style=\"text-decoration: underline;\">Zysk % za okres<\/span>:&nbsp;<\/strong>Wprowad\u017a oczekiwan\u0105 procentow\u0105 stop\u0119 zwrotu na ka\u017cd\u0105 okres, na przyk\u0142ad 5%.<\/p><h3><strong>Wynik oblicze\u0144<\/strong><\/h3><p><strong><span style=\"text-decoration: underline;\">Saldo ko\u0144cowe<\/span>:&nbsp;<\/strong>Kalkulator wy\u015bwietli ostateczn\u0105 warto\u015b\u0107 Twojej inwestycji przy podanej liczbie okres\u00f3w i stopie zwrotu.<\/p><p><strong><span style=\"text-decoration: underline;\">Ca\u0142kowity zysk<\/span>:&nbsp;<\/strong>Kalkulator poka\u017ce r\u00f3wnie\u017c ca\u0142kowity zysk z inwestycji, wyra\u017cony w procentach.<\/p><p>W przyk\u0142adzie, poprzez 6 kolejnych zyskownych transakcji, z kt\u00f3rych ka\u017cda przynios\u0142a zysk na poziomie 5%, saldo konta wzros\u0142o o 34.1%.<\/p><p>W powy\u017cszych wynikach szczeg\u00f3\u0142owo przedstawiono, w jaki spos\u00f3b ka\u017cda transakcja z\u0142o\u017cona zwi\u0119ksza saldo konta, ca\u0142kowity procent ka\u017cdej transakcji z\u0142o\u017conej oraz saldo konta po zako\u0144czeniu.<\/p>\t\t\t\t\t\t\t\t<\/div>\n\t\t\t\t<div class=\"elementor-element elementor-element-38cdf82 elementor-widget__width-initial elementor-widget-mobile__width-inherit elementor-widget elementor-widget-html\" data-id=\"38cdf82\" data-element_type=\"widget\" data-widget_type=\"html.default\">\n\t\t\t\t\t<div id=\"compounding-calculator-101989\"><script type=\"text\/javascript\" src=\"https:\/\/www.cashbackforex.com\/Content\/remote\/remote-widgets.js\"><\/script><script type=\"text\/javascript\"> RemoteCalc({\"Url\":\"https:\/\/www.cashbackforex.com\", \"TopPaneStyle\":\"YmFja2dyb3VuZDogbGluZWFyLWdyYWRpZW50KCNmZmYgMjAlLCAjZjVmNWY1IDQ1JSk7IGNvbG9yOiBibGFjazsgYm9yZGVyOiBzb2xpZCAxcHggI2FhYTsgYm9yZGVyLWJvdHRvbTogbm9uZTsg\",\"BottomPaneStyle\":\"YmFja2dyb3VuZDogI2YzZjNmMzsgYm9yZGVyOiBzb2xpZCAxcHggI2FhYTsgY29sb3I6IGJsYWNrOw==\",\"ButtonStyle\":\"YmFja2dyb3VuZDogIzM0MzU0MDsgY29sb3I6IHdoaXRlOyBib3JkZXItcmFkaXVzOiAyMHB4Ow==\",\"TitleStyle\":\"dGV4dC1hbGlnbjogbGVmdDsgZm9udC1zaXplOiA0MHB4OyBmb250LXdlaWdodDogNTAwOw==\",\"TextboxStyle\":\"YmFja2dyb3VuZC1jb2xvcjogd2hpdGU7IGNvbG9yOiBibGFjazsgYm9yZGVyOiBzb2xpZCAxcHggI2FhYWFhYQ==\",\"ContainerWidth\":\"665\",\"HighlightColor\":\"#ffff00\",\"IsDisplayTitle\":false,\"IsShowEmbedButton\":false,\"Lang\":wlang(),\"CompactType\":\"large\",\"DefaultBalance\":\"1000\",\"DefaultPeriod\":\"6\",\"DefaultGain\":\"5\",\"Calculator\":\"compounding-calculator\",\"ContainerId\":\"compounding-calculator-101989\"});\n\nfunction wlang() {\n    \n\tvar lang = window.location.href;\n\n\tif (!lang) {\n\t\treturn 'en';\n\t}\n\n        if (lang.match('\/zh\/')) {\n\t\treturn 'zh';\n\n\t} else if (lang.match('\/hk\/')) {\n\t\treturn 'zh';\n\t\t\n\t} else if (lang.match('\/cn\/')) {\n\t\treturn 'zh';\n\t\t\n\t} else if (lang.match('\/en\/')) {\n\t\treturn 'en';\n\t\t\n\t} else if (lang.match('\/hi\/')) {\n\t\treturn 'en';\n\t\t\n\t} else if (lang.match('\/pt_br\/')) {\n\t\treturn 'pt';\n\t\t\n\t} else if (lang.match('\/ms\/')) {\n\t\treturn 'id';\n\t\t\n\t} else if (lang.match('\/es\/')) {\n\t\treturn 'es';\n\t\t\n\t} else if (lang.match('\/es_ar\/')) {\n\t\treturn 'es';\n\t\t\n\t} else if (lang.match('\/es_mx\/')) {\n\t\treturn 'es';\n\n\t} else if (lang.match('\/bn\/')) {\n\t\treturn 'en';\n\t\t\n\t} else if (lang.match('\/nb\/')) {\n\t\treturn 'en';\t\t\n\n\t} else if (lang.match('\/da\/')) {\n\t\treturn 'en';\n\t\t\n\t} else if (lang.match('\/nl\/')) {\n\t\treturn 'en';\n\t\t\n\t} else if (lang.match('\/sv\/')) {\n\t\treturn 'en';\n\t\t\n\t} else if (lang.match('\/uk\/')) {\n\t\treturn 'ru';\n\t\t\n\t} else if (lang.match('\/ur\/')) {\n\t\treturn 'en';\n\t\t\n\t} else if (lang.match('\/de\/')) {\n\t\treturn 'de';\n\t\t\n\t} else if (lang.match('\/fr\/')) {\n\t\treturn 'fr';\n\t\t\n\t} else if (lang.match('\/id\/')) {\n\t\treturn 'id';\n\t\t\n\t} else if (lang.match('\/it\/')) {\n\t\treturn 'it';\n\t\t\n\t} else if (lang.match('\/hu\/')) {\n\t\treturn 'hu';\n\t\t\n\t} else if (lang.match('\/pt\/')) {\n\t\treturn 'pt';\n\t\t\n\t} else if (lang.match('\/pl\/')) {\n\t\treturn 'pl';\n\t\t\n\t} else if (lang.match('\/ro\/')) {\n\t\treturn 'ro';\n\t\t\n\t} else if (lang.match('\/vi\/')) {\n\t\treturn 'vi';\n\t\t\n\t} else if (lang.match('\/tr\/')) {\n\t\treturn 'tr';\n\t\t\n\t} else if (lang.match('\/el\/')) {\n\t\treturn 'el';\n\t\t\n\t} else if (lang.match('\/ru\/')) {\n\t\treturn 'ru';\n\t\t\n\t} else if (lang.match('\/ar\/')) {\n\t\treturn 'ar';\n\t\t\n\t} else if (lang.match('\/th\/')) {\n\t\treturn 'th';\n\t\t\n\t} else if (lang.match('\/kr\/')) {\n\t\treturn 'ko';\n\t\t\n\t} else if (lang.match('\/jp\/')) {\n\t\treturn 'ja';\n\t\t\n\t} else if (lang.match('\/cs\/')) {\n\t\treturn 'cs';\n\t\t\n\t}else {\n\t\treturn 'zh';\n\t}\n}\n<\/script><\/div>\t\t\t\t<\/div>\n\t\t\t\t<\/div>\n\t\t\t\t\t<\/div>\n\t\t\t\t<\/div>\n\t\t\t\t<\/div>\n\t\t\t\t<\/div>","protected":false},"excerpt":{"rendered":"<p>Natychmiast skorzystaj z naszego Kalkulatora Odsetek Sk\u0142adanych Inwestycji, aby zbudowa\u0107 solidne podstawy dla swojej finansowej przysz\u0142o\u015bci. Dzi\u0119ki prostemu wprowadzeniu mo\u017cesz wyra\u017anie zobaczy\u0107, jak Twoje inwestycje b\u0119d\u0105 ros\u0142y w czasie i obliczy\u0107 konkretne zyski z odsetek sk\u0142adanych. Kliknij, aby zobaczy\u0107 szczeg\u00f3\u0142y i odkry\u0107, jak maksymalizowa\u0107 swoje zwroty z inwestycji.<\/p>","protected":false},"author":1,"featured_media":23609,"parent":15462,"menu_order":0,"comment_status":"closed","ping_status":"closed","template":"","meta":{"footnotes":""},"tags":[128],"class_list":["post-16910","page","type-page","status-publish","has-post-thumbnail","hentry","tag-no-google"],"_links":{"self":[{"href":"https:\/\/mister.forex\/pl\/wp-json\/wp\/v2\/pages\/16910","targetHints":{"allow":["GET"]}}],"collection":[{"href":"https:\/\/mister.forex\/pl\/wp-json\/wp\/v2\/pages"}],"about":[{"href":"https:\/\/mister.forex\/pl\/wp-json\/wp\/v2\/types\/page"}],"author":[{"embeddable":true,"href":"https:\/\/mister.forex\/pl\/wp-json\/wp\/v2\/users\/1"}],"replies":[{"embeddable":true,"href":"https:\/\/mister.forex\/pl\/wp-json\/wp\/v2\/comments?post=16910"}],"version-history":[{"count":3,"href":"https:\/\/mister.forex\/pl\/wp-json\/wp\/v2\/pages\/16910\/revisions"}],"predecessor-version":[{"id":69172,"href":"https:\/\/mister.forex\/pl\/wp-json\/wp\/v2\/pages\/16910\/revisions\/69172"}],"up":[{"embeddable":true,"href":"https:\/\/mister.forex\/pl\/wp-json\/wp\/v2\/pages\/15462"}],"wp:featuredmedia":[{"embeddable":true,"href":"https:\/\/mister.forex\/pl\/wp-json\/wp\/v2\/media\/23609"}],"wp:attachment":[{"href":"https:\/\/mister.forex\/pl\/wp-json\/wp\/v2\/media?parent=16910"}],"wp:term":[{"taxonomy":"post_tag","embeddable":true,"href":"https:\/\/mister.forex\/pl\/wp-json\/wp\/v2\/tags?post=16910"}],"curies":[{"name":"wp","href":"https:\/\/api.w.org\/{rel}","templated":true}]}}