{"id":59827,"date":"2025-10-09T02:26:46","date_gmt":"2025-10-08T18:26:46","guid":{"rendered":"https:\/\/mister.forex\/?page_id=59827"},"modified":"2025-12-03T03:34:44","modified_gmt":"2025-12-02T19:34:44","slug":"the-forex-trading-execution-bible","status":"publish","type":"page","link":"https:\/\/mister.forex\/pl\/the-forex-trading-execution-bible\/","title":{"rendered":"Biblia realizacji transakcji na rynku Forex: Praktyczny SOP od \u201ewiedzy\u201d do \u201edzia\u0142ania\u201d"},"content":{"rendered":"<div data-elementor-type=\"wp-page\" data-elementor-id=\"59827\" class=\"elementor elementor-59827\" data-elementor-post-type=\"page\">\n\t\t\t\t<div class=\"elementor-element elementor-element-9a261e9 e-flex e-con-boxed e-con e-parent\" data-id=\"9a261e9\" data-element_type=\"container\">\n\t\t\t\t\t<div class=\"e-con-inner\">\n\t\t\t\t<div class=\"elementor-element elementor-element-0f38502 elementor-icon-list--layout-inline elementor-list-item-link-inline elementor-widget elementor-widget-icon-list\" data-id=\"0f38502\" data-element_type=\"widget\" data-widget_type=\"icon-list.default\">\n\t\t\t\t\t\t\t<ul class=\"elementor-icon-list-items elementor-inline-items\">\n\t\t\t\t\t\t\t<li class=\"elementor-icon-list-item elementor-inline-item\">\n\t\t\t\t\t\t\t\t\t\t\t<a href=\"https:\/\/mister.forex\/pl\/ebook-hub\/\">\n\n\t\t\t\t\t\t\t\t\t\t\t\t<span class=\"elementor-icon-list-icon\">\n\t\t\t\t\t\t\t<svg aria-hidden=\"true\" class=\"e-font-icon-svg e-fas-reply\" viewbox=\"0 0 512 512\" xmlns=\"http:\/\/www.w3.org\/2000\/svg\"><path d=\"M8.309 189.836L184.313 37.851C199.719 24.546 224 35.347 224 56.015v80.053c160.629 1.839 288 34.032 288 186.258 0 61.441-39.581 122.309-83.333 154.132-13.653 9.931-33.111-2.533-28.077-18.631 45.344-145.012-21.507-183.51-176.59-185.742V360c0 20.7-24.3 31.453-39.687 18.164l-176.004-152c-11.071-9.562-11.086-26.753 0-36.328z\"><\/path><\/svg>\t\t\t\t\t\t<\/span>\n\t\t\t\t\t\t\t\t\t\t<span class=\"elementor-icon-list-text\">Wstecz<\/span>\n\t\t\t\t\t\t\t\t\t\t\t<\/a>\n\t\t\t\t\t\t\t\t\t<\/li>\n\t\t\t\t\t\t<\/ul>\n\t\t\t\t\t\t<\/div>\n\t\t\t\t\t<\/div>\n\t\t\t\t<\/div>\n\t\t<div class=\"elementor-element elementor-element-05e34f2 e-flex e-con-boxed e-con e-parent\" data-id=\"05e34f2\" data-element_type=\"container\" data-settings=\"{&quot;background_background&quot;:&quot;classic&quot;}\">\n\t\t\t\t\t<div class=\"e-con-inner\">\n\t\t<div class=\"elementor-element elementor-element-928477a e-con-full e-flex e-con e-child\" data-id=\"928477a\" data-element_type=\"container\" data-settings=\"{&quot;background_background&quot;:&quot;classic&quot;}\">\n\t\t\t\t<div class=\"elementor-element elementor-element-2d61e89 elementor-widget elementor-widget-image\" data-id=\"2d61e89\" data-element_type=\"widget\" data-settings=\"{&quot;_animation&quot;:&quot;none&quot;}\" data-widget_type=\"image.default\">\n\t\t\t\t\t\t\t\t\t\t\t\t\t\t\t<img fetchpriority=\"high\" decoding=\"async\" width=\"188\" height=\"300\" src=\"https:\/\/mister.forex\/wp-content\/uploads\/2025\/10\/Book-4-Mockup-EN.webp\" class=\"attachment-thumbnail size-thumbnail wp-image-59802\" alt=\"Biblia Egzekucji na Forex\" srcset=\"https:\/\/mister.forex\/wp-content\/uploads\/2025\/10\/Book-4-Mockup-EN.webp 1410w, https:\/\/mister.forex\/wp-content\/uploads\/2025\/10\/Book-4-Mockup-EN-313x500.webp 313w, https:\/\/mister.forex\/wp-content\/uploads\/2025\/10\/Book-4-Mockup-EN-752x1200.webp 752w, https:\/\/mister.forex\/wp-content\/uploads\/2025\/10\/Book-4-Mockup-EN-188x300.webp 188w, https:\/\/mister.forex\/wp-content\/uploads\/2025\/10\/Book-4-Mockup-EN-768x1226.webp 768w, https:\/\/mister.forex\/wp-content\/uploads\/2025\/10\/Book-4-Mockup-EN-963x1536.webp 963w, https:\/\/mister.forex\/wp-content\/uploads\/2025\/10\/Book-4-Mockup-EN-1283x2048.webp 1283w, https:\/\/mister.forex\/wp-content\/uploads\/2025\/10\/Book-4-Mockup-EN-8x12.webp 8w\" sizes=\"(max-width: 188px) 100vw, 188px\" \/>\t\t\t\t\t\t\t\t\t\t\t\t\t\t\t<\/div>\n\t\t\t\t<div class=\"elementor-element elementor-element-a1569ba elementor-widget elementor-widget-html\" data-id=\"a1569ba\" data-element_type=\"widget\" data-widget_type=\"html.default\">\n\t\t\t\t\t<script src=\"https:\/\/gumroad.com\/js\/gumroad.js\"><\/script>\n<a class=\"gumroad-button\" href=\"https:\/\/mrforex.gumroad.com\/l\/cobxuz\" rel=\"noopener\">Kup teraz<\/a>\t\t\t\t<\/div>\n\t\t\t\t<div class=\"elementor-element elementor-element-41d361c elementor-widget elementor-widget-heading\" data-id=\"41d361c\" data-element_type=\"widget\" data-widget_type=\"heading.default\">\n\t\t\t\t\t<span class=\"elementor-heading-title elementor-size-default\">Obs\u0142ugiwane j\u0119zyki<\/span>\t\t\t\t<\/div>\n\t\t<div class=\"elementor-element elementor-element-6a6dad0 e-con-full e-flex e-con e-child\" data-id=\"6a6dad0\" data-element_type=\"container\">\n\t\t\t\t<div class=\"elementor-element elementor-element-44ffc6c elementor-align-center elementor-widget elementor-widget-button\" data-id=\"44ffc6c\" data-element_type=\"widget\" data-widget_type=\"button.default\">\n\t\t\t\t\t\t\t\t\t\t<a class=\"elementor-button elementor-size-sm\" role=\"button\">\n\t\t\t\t\t\t<span class=\"elementor-button-content-wrapper\">\n\t\t\t\t\t\t\t\t\t<span class=\"elementor-button-text\">\u7b80\u4f53\u4e2d\u6587<\/span>\n\t\t\t\t\t<\/span>\n\t\t\t\t\t<\/a>\n\t\t\t\t\t\t\t\t<\/div>\n\t\t\t\t<div class=\"elementor-element elementor-element-5fce700 elementor-align-center elementor-widget elementor-widget-button\" data-id=\"5fce700\" data-element_type=\"widget\" data-widget_type=\"button.default\">\n\t\t\t\t\t\t\t\t\t\t<a class=\"elementor-button elementor-size-sm\" role=\"button\">\n\t\t\t\t\t\t<span class=\"elementor-button-content-wrapper\">\n\t\t\t\t\t\t\t\t\t<span class=\"elementor-button-text\">\u7e41\u9ad4\u4e2d\u6587<\/span>\n\t\t\t\t\t<\/span>\n\t\t\t\t\t<\/a>\n\t\t\t\t\t\t\t\t<\/div>\n\t\t\t\t<div class=\"elementor-element elementor-element-7d063fa elementor-align-center elementor-widget elementor-widget-button\" data-id=\"7d063fa\" data-element_type=\"widget\" data-widget_type=\"button.default\">\n\t\t\t\t\t\t\t\t\t\t<a class=\"elementor-button elementor-size-sm\" role=\"button\">\n\t\t\t\t\t\t<span class=\"elementor-button-content-wrapper\">\n\t\t\t\t\t\t\t\t\t<span class=\"elementor-button-text\">English<\/span>\n\t\t\t\t\t<\/span>\n\t\t\t\t\t<\/a>\n\t\t\t\t\t\t\t\t<\/div>\n\t\t\t\t<\/div>\n\t\t\t\t<\/div>\n\t\t<div class=\"elementor-element elementor-element-9f32aa3 e-con-full e-flex e-con e-child\" data-id=\"9f32aa3\" data-element_type=\"container\" data-settings=\"{&quot;background_background&quot;:&quot;classic&quot;}\">\n\t\t<div class=\"elementor-element elementor-element-14ce0ce e-con-full e-flex e-con e-child\" data-id=\"14ce0ce\" data-element_type=\"container\">\n\t\t\t\t<div class=\"elementor-element elementor-element-b3a35b3 elementor-widget elementor-widget-heading\" data-id=\"b3a35b3\" data-element_type=\"widget\" data-widget_type=\"heading.default\">\n\t\t\t\t\t<h2 class=\"elementor-heading-title elementor-size-default\">Biblia Egzekucji na Forex<\/h2>\t\t\t\t<\/div>\n\t\t\t\t<div class=\"elementor-element elementor-element-073be8c elementor-widget elementor-widget-heading\" data-id=\"073be8c\" data-element_type=\"widget\" data-widget_type=\"heading.default\">\n\t\t\t\t\t<h3 class=\"elementor-heading-title elementor-size-default\">Po\u017cegnaj si\u0119 z cyklem strat teoretyk\u00f3w! To kompletny system realizacji transakcji Forex, kt\u00f3ry pozwoli Ci \u201ewiedzie\u0107\u201d i \u201edzia\u0142a\u0107\u201d.<\/h3>\t\t\t\t<\/div>\n\t\t\t\t<div class=\"elementor-element elementor-element-d18e613 elementor-widget-divider--view-line elementor-widget elementor-widget-divider\" data-id=\"d18e613\" data-element_type=\"widget\" data-widget_type=\"divider.default\">\n\t\t\t\t\t\t\t<div class=\"elementor-divider\">\n\t\t\t<span class=\"elementor-divider-separator\">\n\t\t\t\t\t\t<\/span>\n\t\t<\/div>\n\t\t\t\t\t\t<\/div>\n\t\t\t\t<\/div>\n\t\t\t\t<div class=\"elementor-element elementor-element-7ac01e9 elementor-widget elementor-widget-html translation-block\" data-id=\"7ac01e9\" data-element_type=\"widget\" data-widget_type=\"html.default\"><span>\n<h2><strong>Ostatni Krok od \u201eWiedzy\u201d do \u201eDzia\u0142ania\u201d<\/strong><\/h2>\nJe\u015bli to czytasz, prawdopodobnie wiesz ju\u017c du\u017co o handlu. Rozumiesz struktur\u0119 rynku, przestudiowa\u0142e\u015b niezliczone wska\u017aniki techniczne, a nawet potrafisz elokwentnie m\u00f3wi\u0107 o wzlotach i upadkach rynku.<br>\nJednak pozostaje ostre pytanie, kt\u00f3re dr\u0119czy ci\u0119 podczas ka\u017cdej p\u00f3\u017anej nocnej analizy: \u201eDlaczego, wiedz\u0105c tak wiele, wci\u0105\u017c nie jestem w stanie osi\u0105gn\u0105\u0107 sta\u0142ej rentowno\u015bci?\u201d\n<br><br>\nOdpowied\u017a mo\u017ce by\u0107 prostsza i trudniejsza do zaakceptowania, ni\u017c my\u015blisz: poniewa\u017c w brutalnej grze o sumie zerowej, jak\u0105 jest handel na rynku Forex, o wygranej nigdy \u043d\u0435 decyduje to, ile \u201ewiesz\u201d, ale to, ile jeste\u015b w stanie konsekwentnie \u201erobi\u0107\u201d.\n<br><br>\nTa ksi\u0105\u017cka to tw\u00f3j ostatni krok od \u201ewiedzy\u201d do \u201edzia\u0142ania\u201d. Nie damy ci kolejnych stu wymy\u015blnych wska\u017anik\u00f3w ani mitycznego \u201e\u015awi\u0119tego Graala\u201d. Zamiast tego dostarczymy co\u015b o wiele cenniejszego: kompletn\u0105, powtarzaln\u0105 \u201eStandardow\u0105 Procedur\u0119 Operacyjn\u0105\u201d (SOP) do wykonania.\n<br><br>\nTo nie jest kolejny podr\u0119cznik teoretyczny; to praktyczny podr\u0119cznik do \u201edzia\u0142ania\u201d. Nauczysz si\u0119:\n<br>\n<ul>\n  <li><strong>Opanowa\u0107 Profesjonalne Przygotowanie Przed Rynkiem:<\/strong> Naucz si\u0119 codziennego rytua\u0142u bojowego, kt\u00f3ry eliminuje zgadywanie i zapewnia, \u017ce ka\u017cdego dnia wchodzisz na rynek z jasnym, wykonalnym planem.<\/li>\n  <li><strong>Precyzyjnie Realizowa\u0107 Transakcje Klasy A+:<\/strong> Opanuj dwa podstawowe, wysoce prawdopodobne schematy taktyczne dla scenariuszy \u201eKontynuacji Trendu\u201d i \u201eOdwr\u00f3cenia Trendu\u201d.<\/li>\n  <li><strong>Maksymalizowa\u0107 Zyski i Minimalizowa\u0107 Ryzyko:<\/strong> Naucz si\u0119 zarz\u0105dzania pozycj\u0105, piramidowania w wygrywaj\u0105cych transakcjach oraz u\u017cywania krocz\u0105cych stop-loss\u00f3w opartych na strukturze rynku, aby zabezpieczy\u0107 swoje zyski.<\/li>\n  <li><strong>Prowadzi\u0107 Sw\u00f3j Handel Jak Biznes:<\/strong> Poznaj precyzyjne strategie zdawania wyzwa\u0144 w firmach prop tradingowych, zarz\u0105dzania finansowanymi kontami i wykorzystywania zewn\u0119trznego kapita\u0142u do skalowania swoich dochod\u00f3w.<\/li>\n<\/ul>\n<br>\nTa ksi\u0105\u017cka przekszta\u0142ci ci\u0119 z amatora, kt\u00f3rym kieruj\u0105 emocje rynkowe i chaotyczne decyzje, w profesjonalnego tradera z jasnym procesem i \u017celazn\u0105 dyscyplin\u0105. Zatrzymaj nieko\u0144cz\u0105cy si\u0119 cykl nauki i strat. Czas zbudowa\u0107 sw\u00f3j prawdziwy biznes handlowy.\n<\/span><\/div>\n\t\t\t\t<\/div>\n\t\t\t\t\t<\/div>\n\t\t\t\t<\/div>\n\t\t\t\t<\/div>","protected":false},"excerpt":{"rendered":"<p>Nadal zmagasz si\u0119 z nieko\u0144cz\u0105c\u0105 si\u0119 nauk\u0105 i stratami? Ten system realizacji transakcji na rynku Forex to ostatnia mila zbudowana dla Ciebie. Nie m\u00f3wimy o teorii, dostarczamy jedynie powtarzaln\u0105 procedur\u0119 operacyjn\u0105, strategie o wysokim wska\u017aniku wygranych i umiej\u0119tno\u015bci zarz\u0105dzania pieni\u0119dzmi, aby uczyni\u0107 Ci\u0119 zdyscyplinowanym profesjonalnym traderem i osi\u0105ga\u0107 ci\u0105g\u0142e zyski.<\/p>","protected":false},"author":1,"featured_media":59805,"parent":0,"menu_order":0,"comment_status":"closed","ping_status":"closed","template":"","meta":{"footnotes":""},"tags":[128],"class_list":["post-59827","page","type-page","status-publish","has-post-thumbnail","hentry","tag-no-google"],"_links":{"self":[{"href":"https:\/\/mister.forex\/pl\/wp-json\/wp\/v2\/pages\/59827","targetHints":{"allow":["GET"]}}],"collection":[{"href":"https:\/\/mister.forex\/pl\/wp-json\/wp\/v2\/pages"}],"about":[{"href":"https:\/\/mister.forex\/pl\/wp-json\/wp\/v2\/types\/page"}],"author":[{"embeddable":true,"href":"https:\/\/mister.forex\/pl\/wp-json\/wp\/v2\/users\/1"}],"replies":[{"embeddable":true,"href":"https:\/\/mister.forex\/pl\/wp-json\/wp\/v2\/comments?post=59827"}],"version-history":[{"count":0,"href":"https:\/\/mister.forex\/pl\/wp-json\/wp\/v2\/pages\/59827\/revisions"}],"wp:featuredmedia":[{"embeddable":true,"href":"https:\/\/mister.forex\/pl\/wp-json\/wp\/v2\/media\/59805"}],"wp:attachment":[{"href":"https:\/\/mister.forex\/pl\/wp-json\/wp\/v2\/media?parent=59827"}],"wp:term":[{"taxonomy":"post_tag","embeddable":true,"href":"https:\/\/mister.forex\/pl\/wp-json\/wp\/v2\/tags?post=59827"}],"curies":[{"name":"wp","href":"https:\/\/api.w.org\/{rel}","templated":true}]}}