{"id":61945,"date":"2025-12-04T19:14:13","date_gmt":"2025-12-04T11:14:13","guid":{"rendered":"https:\/\/mister.forex\/?page_id=61945"},"modified":"2026-04-20T17:04:35","modified_gmt":"2026-04-20T09:04:35","slug":"trust-standards","status":"publish","type":"page","link":"https:\/\/mister.forex\/pl\/trust-standards\/","title":{"rendered":"Zaufanie i standardy: Metodologia oceniania, wytyczne redakcyjne i transparentno\u015b\u0107 | Mr.Forex"},"content":{"rendered":"<div data-elementor-type=\"wp-page\" data-elementor-id=\"61945\" class=\"elementor elementor-61945\" data-elementor-post-type=\"page\">\n\t\t\t\t<div class=\"elementor-element elementor-element-1b09601 e-flex e-con-boxed e-con e-parent\" data-id=\"1b09601\" data-element_type=\"container\" data-settings=\"{&quot;background_background&quot;:&quot;classic&quot;}\">\n\t\t\t\t\t<div class=\"e-con-inner\">\n\t\t<div class=\"elementor-element elementor-element-613ccf5 e-flex e-con-boxed e-con e-child\" data-id=\"613ccf5\" data-element_type=\"container\">\n\t\t\t\t\t<div class=\"e-con-inner\">\n\t\t\t\t<div class=\"elementor-element elementor-element-81faed3 elementor-widget elementor-widget-heading\" data-id=\"81faed3\" data-element_type=\"widget\" data-widget_type=\"heading.default\">\n\t\t\t\t\t<h1 class=\"elementor-heading-title elementor-size-default\">Zaufanie i standardy<\/h1>\t\t\t\t<\/div>\n\t\t\t\t\t<\/div>\n\t\t\t\t<\/div>\n\t\t\t\t<div class=\"elementor-element elementor-element-7907151 elementor-widget__width-inherit elementor-absolute elementor-widget elementor-widget-image\" data-id=\"7907151\" data-element_type=\"widget\" data-settings=\"{&quot;_position&quot;:&quot;absolute&quot;}\" data-widget_type=\"image.default\">\n\t\t\t\t\t\t\t\t\t\t\t\t\t\t\t<img fetchpriority=\"high\" decoding=\"async\" width=\"500\" height=\"281\" src=\"https:\/\/mister.forex\/wp-content\/uploads\/2024\/02\/services-2-500x281.webp\" class=\"attachment-medium size-medium wp-image-4104\" alt=\"\" srcset=\"https:\/\/mister.forex\/wp-content\/uploads\/2024\/02\/services-2-500x281.webp 500w, https:\/\/mister.forex\/wp-content\/uploads\/2024\/02\/services-2-600x337.webp 600w, https:\/\/mister.forex\/wp-content\/uploads\/2024\/02\/services-2-1200x675.webp 1200w, https:\/\/mister.forex\/wp-content\/uploads\/2024\/02\/services-2-300x169.webp 300w, https:\/\/mister.forex\/wp-content\/uploads\/2024\/02\/services-2-768x432.webp 768w, https:\/\/mister.forex\/wp-content\/uploads\/2024\/02\/services-2.webp 1366w\" sizes=\"(max-width: 500px) 100vw, 500px\" \/>\t\t\t\t\t\t\t\t\t\t\t\t\t\t\t<\/div>\n\t\t\t\t\t<\/div>\n\t\t\t\t<\/div>\n\t\t<div class=\"elementor-element elementor-element-ac84467 e-flex e-con-boxed e-con e-parent\" data-id=\"ac84467\" data-element_type=\"container\">\n\t\t\t\t\t<div class=\"e-con-inner\">\n\t\t\t\t<div class=\"elementor-element elementor-element-562ecf4 elementor-widget elementor-widget-spacer\" data-id=\"562ecf4\" data-element_type=\"widget\" data-widget_type=\"spacer.default\">\n\t\t\t\t\t\t\t<div class=\"elementor-spacer\">\n\t\t\t<div class=\"elementor-spacer-inner\"><\/div>\n\t\t<\/div>\n\t\t\t\t\t\t<\/div>\n\t\t\t\t<div class=\"elementor-element elementor-element-c5656c6 elementor-widget elementor-widget-html translation-block\" data-id=\"c5656c6\" data-element_type=\"widget\" data-widget_type=\"html.default\"><span>\nW Mr.Forex g\u0142\u0119boko wierzymy, \u017ce w \u015bwiecie handlu finansowego prawda jest najcenniejszym aktywem.<br>\n<br>\nNasze tre\u015bci opieraj\u0105 si\u0119 na rzeczywistej egzekucji rynkowej, rygorystycznych testach historycznych oraz anga\u017cowaniu w\u0142asnych \u015brodk\u00f3w. Na tej stronie zebrali\u015bmy nasz\u0105 \u201eMetodologi\u0119 oceniania\u201d, \u201eWytyczne redakcyjne\u201d i \u201eUjawnienie reklam\u201d, aby zapewni\u0107 pe\u0142n\u0105 przejrzysto\u015b\u0107 naszych dzia\u0142a\u0144.<br>\n<br>\n<h2><strong>1. Metodologia oceniania<\/strong><\/h2>\nNie polegamy na broszurach marketingowych. U\u017cywamy standard\u00f3w instytucjonalnych do test\u00f3w obci\u0105\u017ceniowych broker\u00f3w i oprogramowania. Dzi\u0119ki do\u015bwiadczeniu w handlu w\u0142asnym (prop trading) oceniamy \u015brodowisko transakcyjne z profesjonalnej perspektywy, kt\u00f3r\u0105 inwestorzy detaliczni cz\u0119sto pomijaj\u0105.<br>\n<br>\n<strong>Jak testujemy broker\u00f3w i infrastruktur\u0119:<\/strong>\n<ul>\n    <li><strong>Egzekucja na \u017cywo:<\/strong> Wp\u0142acamy w\u0142asne \u015brodki na prawdziwe konta, aby zweryfikowa\u0107 faktyczne warunki handlowe.<\/li>\n    <li><strong>Monitorowanie op\u00f3\u017anie\u0144:<\/strong> Korzystamy z serwer\u00f3w VPS w centrach danych (np. Equinix NY4 i LD4), aby monitorowa\u0107 stabilno\u015b\u0107 i ping 24\/7.<\/li>\n    <li><strong>Slippage i spready:<\/strong> Rejestrujemy koszty podczas wysokiej zmienno\u015bci (np. NFP, FOMC), aby wykry\u0107 ukryte mar\u017ce lub z\u0142o\u015bliwe po\u015blizgi cenowe.<\/li>\n    <li><strong>Audyt wyp\u0142at:<\/strong> Anonimowo testujemy proces wyp\u0142at, sprawdzaj\u0105c czas realizacji, ukryte op\u0142aty i \u0142atwo\u015b\u0107 dost\u0119pu do \u015brodk\u00f3w.<\/li>\n<\/ul>\n<br>\n<strong>Jak testujemy strategie (EA) i sygna\u0142y:<\/strong>\n<ul>\n    <li><strong>Precyzja danych:<\/strong> Wszystkie strategie algorytmiczne s\u0105 testowane na danych Tick o wysokiej precyzji, aby symulowa\u0107 realne spready.<\/li>\n    <li><strong>Testy stabilno\u015bci:<\/strong> Przeprowadzamy symulacje Monte Carlo i analiz\u0119 Walk-forward, aby upewni\u0107 si\u0119, \u017ce strategie nie s\u0105 nadmiernie dopasowane do danych historycznych.<\/li>\n<\/ul>\n<br>\n<h2><strong>2. Wytyczne redakcyjne i niezale\u017cno\u015b\u0107<\/strong><\/h2>\nNaszym celem jest dostarczanie bezstronnych informacji. Aby zachowa\u0107 integralno\u015b\u0107, przestrzegamy poni\u017cszych zasad:<br>\n<ul>\n    <li><strong>\u015acis\u0142a niezale\u017cno\u015b\u0107:<\/strong> Zesp\u00f3\u0142 redakcyjny dzia\u0142a niezale\u017cnie od dzia\u0142u biznesowego. \u017baden broker nie mo\u017ce zap\u0142aci\u0107 za wp\u0142yni\u0119cie na oceny lub rankingi.<\/li>\n    <li><strong>Weryfikacja danymi:<\/strong> Ka\u017cde twierdzenie jest sprawdzane w bazach organ\u00f3w regulacyjnych (np. FCA, ASIC) oraz w wewn\u0119trznych danych testowych.<\/li>\n    <li><strong>Mechanizm korekt:<\/strong> Dbamy o dok\u0142adno\u015b\u0107. W razie b\u0142\u0119du natychmiast go poprawiamy i wyra\u017anie zaznaczamy dat\u0119 aktualizacji.<\/li>\n    <li><strong>Obiektywny ton:<\/strong> Unikamy przesady. Przedstawiamy ryzyko r\u00f3wnie wyra\u017anie, co potencjalne zyski.<\/li>\n<\/ul>\n<br>\n<h2><strong>3. Ujawnienie reklam i marketingu afiliacyjnego<\/strong><\/h2>\nPrzejrzysto\u015b\u0107 obejmuje r\u00f3wnie\u017c nasz model biznesowy. Prowadzenie laboratorium bada\u0144 ilo\u015bciowych wi\u0105\u017ce si\u0119 z wysokimi kosztami. Aby tre\u015bci by\u0142y darmowe, Mr.Forex korzysta z modelu afiliacyjnego.<br>\n<ul>\n    <li><strong>Jak to dzia\u0142a:<\/strong> Niekt\u00f3re linki to linki polecaj\u0105ce. Mo\u017cemy otrzyma\u0107 prowizj\u0119, je\u015bli dokonasz zakupu przez taki link.<\/li>\n    <li><strong>Brak dodatkowych koszt\u00f3w:<\/strong> Nie wi\u0105\u017ce si\u0119 to z \u017cadnymi op\u0142atami dla Ciebie. Cz\u0119sto dzi\u0119ki naszej pozycji negocjacyjnej uzyskujemy lepsze warunki dla czytelnik\u00f3w.<\/li>\n    <li><strong>Uczciwo\u015b\u0107 przede wszystkim:<\/strong> Partnerstwa nigdy nie wp\u0142ywaj\u0105 na nasze oceny. Je\u015bli partner \u015bwiadczy us\u0142ugi niskiej jako\u015bci, poinformujemy o tym. Zaufanie u\u017cytkownik\u00f3w jest wa\u017cniejsze ni\u017c kr\u00f3tkoterminowe prowizje.<\/li>\n<\/ul>\n<\/span><\/div>\n\t\t\t\t<div class=\"elementor-element elementor-element-97e0b25 elementor-widget elementor-widget-spacer\" data-id=\"97e0b25\" data-element_type=\"widget\" data-widget_type=\"spacer.default\">\n\t\t\t\t\t\t\t<div class=\"elementor-spacer\">\n\t\t\t<div class=\"elementor-spacer-inner\"><\/div>\n\t\t<\/div>\n\t\t\t\t\t\t<\/div>\n\t\t\t\t\t<\/div>\n\t\t\t\t<\/div>\n\t\t<div class=\"elementor-element elementor-element-d617afe e-flex e-con-boxed e-con e-parent\" data-id=\"d617afe\" data-element_type=\"container\">\n\t\t\t\t\t<div class=\"e-con-inner\">\n\t\t\t\t<div class=\"elementor-element elementor-element-3e2da3e elementor-widget elementor-widget-html\" data-id=\"3e2da3e\" data-element_type=\"widget\" data-widget_type=\"html.default\">\n\t\t\t\t\t<script type=\"application\/ld+json\">{\n    \"@context\": \"https:\\\/\\\/schema.org\",\n    \"@graph\": [\n        {\n            \"@type\": \"WebPage\",\n            \"@id\": \"https:\\\/\\\/mister.forex\\\/trust-standards\\\/#webpage\",\n            \"url\": \"https:\\\/\\\/mister.forex\\\/trust-standards\\\/\",\n            \"name\": \"\\u4fe1\\u4efb\\u548c\\u6a19\\u6e96\\uff1a\\u8a55\\u6e2c\\u65b9\\u6cd5\\u3001\\u7de8\\u8f2f\\u6e96\\u5247\\u8207\\u900f\\u660e\\u5ea6\\u62ab\\u9732 | Mr.Forex\",\n            \"description\": \"\\u4e86\\u89e3 Mr.Forex \\u5982\\u4f55\\u5efa\\u7acb\\u4fe1\\u4efb\\u3002\\u6211\\u5011\\u516c\\u958b\\u8a55\\u6e2c\\u65b9\\u6cd5\\uff0c\\u900f\\u904e\\u81ea\\u6709\\u8cc7\\u91d1\\u5be6\\u76e4\\u6e2c\\u8a66\\u7d93\\u7d00\\u5546\\u3001\\u56b4\\u683c\\u6578\\u64da\\u56de\\u6e2c\\u7b56\\u7565\\uff0c\\u4e26\\u5805\\u6301\\u7de8\\u8f2f\\u7368\\u7acb\\u6027\\u3002\\u67e5\\u770b\\u6211\\u5011\\u7684\\u5ee3\\u544a\\u63ed\\u9732\\u8207\\u904b\\u4f5c\\u6a19\\u6e96\\uff0c\\u78ba\\u4fdd\\u60a8\\u7372\\u53d6\\u6700\\u516c\\u6b63\\u7684\\u4ea4\\u6613\\u60c5\\u5831\\u3002\",\n            \"isPartOf\": {\n                \"@id\": \"https:\\\/\\\/mister.forex\\\/#website\"\n            },\n            \"about\": {\n                \"@id\": \"https:\\\/\\\/mister.forex\\\/#organization\"\n            },\n            \"inLanguage\": \"zh-TW\"\n        },\n        {\n            \"@type\": \"WebSite\",\n            \"@id\": \"https:\\\/\\\/mister.forex\\\/#website\",\n            \"url\": \"https:\\\/\\\/mister.forex\\\/\",\n            \"name\": \"Mr.Forex\",\n            \"alternateName\": \"Mister Forex\",\n            \"publisher\": {\n                \"@id\": \"https:\\\/\\\/mister.forex\\\/#organization\"\n            },\n            \"inLanguage\": \"zh-TW\"\n        },\n        {\n            \"@type\": [\n                \"FinancialService\",\n                \"Organization\"\n            ],\n            \"@id\": \"https:\\\/\\\/mister.forex\\\/#organization\",\n            \"name\": \"Mr.Forex\",\n            \"legalName\": \"Shine Wealth Co., Ltd.\",\n            \"publishingPrinciples\": \"https:\\\/\\\/mister.forex\\\/trust-standards\\\/\",\n            \"url\": \"https:\\\/\\\/mister.forex\\\/\",\n            \"email\": \"support@mister.forex\",\n            \"telephone\": \"+886 2 8751 5503\",\n            \"sameAs\": [\n                \"https:\\\/\\\/www.linkedin.com\\\/company\\\/mister-forex\\\/\",\n                \"https:\\\/\\\/www.instagram.com\\\/mr.forex888\\\/\",\n                \"https:\\\/\\\/www.instagram.com\\\/mr.forex777\\\/\",\n                \"https:\\\/\\\/www.trustpilot.com\\\/review\\\/mister.forex\\\/\",\n                \"https:\\\/\\\/www.fazzaco.com\\\/companydetail\\\/mrforex-mister-forex\\\/\",\n                \"https:\\\/\\\/www.myfxbook.com\\\/members\\\/misterforex888\\\/\",\n                \"https:\\\/\\\/www.myfxbook.com\\\/reviews\\\/rebate-programs\\\/mrforex\\\/3302728,1\\\/\",\n                \"https:\\\/\\\/www.myfxbook.com\\\/reviews\\\/signal-providers\\\/mrforex\\\/3310068,1\\\/\",\n                \"https:\\\/\\\/ib.fx110.com\\\/ib\\\/3387\\\/\",\n                \"https:\\\/\\\/www.google.com\\\/viewer\\\/place?mid=\\\/g\\\/11z603zvrd\"\n            ],\n            \"logo\": {\n                \"@type\": \"ImageObject\",\n                \"url\": \"https:\\\/\\\/mister.forex\\\/wp-content\\\/uploads\\\/2026\\\/03\\\/mrforex-512x512-white.png\"\n            },\n            \"address\": {\n                \"@type\": \"PostalAddress\",\n                \"streetAddress\": \"2 F., No. 12, Zhouzi St., Neihu Dist.,\",\n                \"addressLocality\": \"Taipei City\",\n                \"addressRegion\": \"Taiwan (R.O.C.)\",\n                \"postalCode\": \"114064\",\n                \"addressCountry\": \"TW\"\n            },\n            \"parentOrganization\": {\n                \"@id\": \"https:\\\/\\\/mister.forex\\\/#parentOrganization\"\n            },\n            \"founder\": [\n                {\n                    \"@id\": \"https:\\\/\\\/mister.forex\\\/#founder-joe\"\n                },\n                {\n                    \"@id\": \"https:\\\/\\\/mister.forex\\\/#founder-john\"\n                }\n            ],\n            \"aggregateRating\": {\n                \"@type\": \"AggregateRating\",\n                \"ratingValue\": \"4.91\",\n                \"reviewCount\": \"135\",\n                \"bestRating\": \"5\",\n                \"worstRating\": \"1\"\n            }\n        },\n        {\n            \"@type\": \"Organization\",\n            \"@id\": \"https:\\\/\\\/mister.forex\\\/#parentOrganization\",\n            \"name\": \"Shine Wealth Co., Ltd.\",\n            \"alternateName\": \"Shine Wealth Strategies\",\n            \"url\": \"https:\\\/\\\/shinewealth.co\\\/en\",\n            \"leiCode\": \"300300VWJ2VA9TKZUM85\",\n            \"taxID\": \"85127140\",\n            \"sameAs\": [\n                \"https:\\\/\\\/www.crunchbase.com\\\/organization\\\/shine-wealth-strategies\",\n                \"https:\\\/\\\/findbiz.nat.gov.tw\\\/fts\\\/query\\\/QueryBar\\\/queryInit.do?banNo=85127140\",\n                \"https:\\\/\\\/search.gleif.org\\\/#\\\/record\\\/300300VWJ2VA9TKZUM85\",\n                \"https:\\\/\\\/www.linkedin.com\\\/company\\\/shine-wealth-strategies\"\n            ],\n            \"subOrganization\": [\n                {\n                    \"@type\": \"Organization\",\n                    \"name\": \"DT Media Lab\",\n                    \"description\": \"A premier digital media lab under Shine Wealth Strategies, specializing in lifestyle and entertainment content with over 700 million cumulative views.\",\n                    \"award\": \"1.1M+ Total followers & subscription\",\n                    \"sameAs\": [\n                        \"https:\\\/\\\/www.youtube.com\\\/@DietTomorrowFood\",\n                        \"https:\\\/\\\/www.tiktok.com\\\/@dt.foodie\",\n                        \"https:\\\/\\\/www.instagram.com\\\/dt.foodie\\\/\"\n                    ]\n                }\n            ]\n        },\n        {\n            \"@type\": \"Person\",\n            \"@id\": \"https:\\\/\\\/mister.forex\\\/#founder-joe\",\n            \"name\": \"Ciao Hong Jheng\",\n            \"alternateName\": \"Joe\",\n            \"jobTitle\": \"Co-Founder\",\n            \"email\": \"joe@mister.forex\",\n            \"description\": \"Expert in quantitative strategy development with extensive professional experience in the IT sector.\",\n            \"sameAs\": [\n                \"https:\\\/\\\/www.crunchbase.com\\\/person\\\/ciao-hong-jheng\",\n                \"https:\\\/\\\/www.linkedin.com\\\/in\\\/ciao-hong-jheng-joe\\\/\",\n                \"https:\\\/\\\/www.myfxbook.com\\\/members\\\/sw85127140\",\n                \"https:\\\/\\\/www.followme.com\\\/c\\\/22699319\",\n                \"https:\\\/\\\/www.followme.com\\\/u\\\/869619\"\n            ]\n        },\n        {\n            \"@type\": \"Person\",\n            \"@id\": \"https:\\\/\\\/mister.forex\\\/#founder-john\",\n            \"name\": \"Yi Hsiu Tsai\",\n            \"alternateName\": \"John\",\n            \"jobTitle\": \"Co-Founder\",\n            \"email\": \"john@mister.forex\",\n            \"description\": \"Academic background in finance, responsible for the operational execution and strategic management of the brand.\",\n            \"sameAs\": [\n                \"https:\\\/\\\/www.crunchbase.com\\\/person\\\/yi-hsiu-tsai\",\n                \"https:\\\/\\\/www.linkedin.com\\\/in\\\/yi-hsiu-tsai-john\\\/\",\n                \"https:\\\/\\\/www.myfxbook.com\\\/members\\\/sagen520\"\n            ]\n        }\n    ]\n}<\/script>\t\t\t\t<\/div>\n\t\t\t\t\t<\/div>\n\t\t\t\t<\/div>\n\t\t\t\t<\/div>","protected":false},"excerpt":{"rendered":"<p>Dowiedz si\u0119, jak Mr.Forex buduje zaufanie. Ujawniamy nasz\u0105 metodologi\u0119, testujemy broker\u00f3w w\u0142asnymi \u015brodkami i dbamy o niezale\u017cno\u015b\u0107 redakcyjn\u0105. Sprawd\u017a nasze standardy, aby uzyska\u0107 rzetelne informacje handlowe.<\/p>","protected":false},"author":1,"featured_media":4093,"parent":0,"menu_order":0,"comment_status":"closed","ping_status":"closed","template":"","meta":{"footnotes":""},"tags":[],"class_list":["post-61945","page","type-page","status-publish","has-post-thumbnail","hentry"],"_links":{"self":[{"href":"https:\/\/mister.forex\/pl\/wp-json\/wp\/v2\/pages\/61945","targetHints":{"allow":["GET"]}}],"collection":[{"href":"https:\/\/mister.forex\/pl\/wp-json\/wp\/v2\/pages"}],"about":[{"href":"https:\/\/mister.forex\/pl\/wp-json\/wp\/v2\/types\/page"}],"author":[{"embeddable":true,"href":"https:\/\/mister.forex\/pl\/wp-json\/wp\/v2\/users\/1"}],"replies":[{"embeddable":true,"href":"https:\/\/mister.forex\/pl\/wp-json\/wp\/v2\/comments?post=61945"}],"version-history":[{"count":30,"href":"https:\/\/mister.forex\/pl\/wp-json\/wp\/v2\/pages\/61945\/revisions"}],"predecessor-version":[{"id":70512,"href":"https:\/\/mister.forex\/pl\/wp-json\/wp\/v2\/pages\/61945\/revisions\/70512"}],"wp:featuredmedia":[{"embeddable":true,"href":"https:\/\/mister.forex\/pl\/wp-json\/wp\/v2\/media\/4093"}],"wp:attachment":[{"href":"https:\/\/mister.forex\/pl\/wp-json\/wp\/v2\/media?parent=61945"}],"wp:term":[{"taxonomy":"post_tag","embeddable":true,"href":"https:\/\/mister.forex\/pl\/wp-json\/wp\/v2\/tags?post=61945"}],"curies":[{"name":"wp","href":"https:\/\/api.w.org\/{rel}","templated":true}]}}