{"id":6209,"date":"2024-03-02T19:37:13","date_gmt":"2024-03-02T11:37:13","guid":{"rendered":"http:\/\/192.168.0.254\/?page_id=6209"},"modified":"2026-04-02T23:27:28","modified_gmt":"2026-04-02T15:27:28","slug":"terms","status":"publish","type":"page","link":"https:\/\/mister.forex\/pl\/terms\/","title":{"rendered":"Regulamin i zastrze\u017cenia prawne | Mr.Forex"},"content":{"rendered":"<div data-elementor-type=\"wp-page\" data-elementor-id=\"6209\" class=\"elementor elementor-6209\" data-elementor-post-type=\"page\">\n\t\t\t\t<div class=\"elementor-element elementor-element-1a1c01d e-flex e-con-boxed e-con e-parent\" data-id=\"1a1c01d\" data-element_type=\"container\" data-settings=\"{&quot;background_background&quot;:&quot;classic&quot;}\">\n\t\t\t\t\t<div class=\"e-con-inner\">\n\t\t<div class=\"elementor-element elementor-element-9b1b493 e-flex e-con-boxed e-con e-child\" data-id=\"9b1b493\" data-element_type=\"container\">\n\t\t\t\t\t<div class=\"e-con-inner\">\n\t\t\t\t<div class=\"elementor-element elementor-element-d53c7ca elementor-widget elementor-widget-heading\" data-id=\"d53c7ca\" data-element_type=\"widget\" data-widget_type=\"heading.default\">\n\t\t\t\t\t<h1 class=\"elementor-heading-title elementor-size-default\">Regulamin korzystania<\/h1>\t\t\t\t<\/div>\n\t\t\t\t\t<\/div>\n\t\t\t\t<\/div>\n\t\t\t\t<div class=\"elementor-element elementor-element-1e799c7 elementor-widget__width-inherit elementor-absolute elementor-widget elementor-widget-image\" data-id=\"1e799c7\" data-element_type=\"widget\" data-settings=\"{&quot;_position&quot;:&quot;absolute&quot;}\" data-widget_type=\"image.default\">\n\t\t\t\t\t\t\t\t\t\t\t\t\t\t\t<img fetchpriority=\"high\" decoding=\"async\" width=\"500\" height=\"281\" src=\"https:\/\/mister.forex\/wp-content\/uploads\/2025\/12\/TC-500x281.webp\" class=\"attachment-medium size-medium wp-image-62793\" alt=\"\" srcset=\"https:\/\/mister.forex\/wp-content\/uploads\/2025\/12\/TC-500x281.webp 500w, https:\/\/mister.forex\/wp-content\/uploads\/2025\/12\/TC-300x169.webp 300w, https:\/\/mister.forex\/wp-content\/uploads\/2025\/12\/TC-768x432.webp 768w, https:\/\/mister.forex\/wp-content\/uploads\/2025\/12\/TC-18x10.webp 18w, https:\/\/mister.forex\/wp-content\/uploads\/2025\/12\/TC.webp 1200w\" sizes=\"(max-width: 500px) 100vw, 500px\" \/>\t\t\t\t\t\t\t\t\t\t\t\t\t\t\t<\/div>\n\t\t\t\t\t<\/div>\n\t\t\t\t<\/div>\n\t\t<div class=\"elementor-element elementor-element-440b919 e-flex e-con-boxed e-con e-parent\" data-id=\"440b919\" data-element_type=\"container\">\n\t\t\t\t\t<div class=\"e-con-inner\">\n\t\t\t\t<div class=\"elementor-element elementor-element-87f0330 elementor-widget elementor-widget-spacer\" data-id=\"87f0330\" data-element_type=\"widget\" data-widget_type=\"spacer.default\">\n\t\t\t\t\t\t\t<div class=\"elementor-spacer\">\n\t\t\t<div class=\"elementor-spacer-inner\"><\/div>\n\t\t<\/div>\n\t\t\t\t\t\t<\/div>\n\t\t\t\t<div class=\"elementor-element elementor-element-0afc9c9 elementor-widget elementor-widget-html translation-block\" data-id=\"0afc9c9\" data-element_type=\"widget\" data-widget_type=\"html.default\"><span>\nWitamy w Mr.Forex (zwanym dalej \u201et\u0105 witryn\u0105\u201d). Aby zapewni\u0107 bezpieczne i sprawne korzystanie z r\u00f3\u017cnych us\u0142ug i informacji w naszej witrynie, prosimy o uwa\u017cne zapoznanie si\u0119 z poni\u017cszymi informacjami. Uzyskuj\u0105c dost\u0119p do tej witryny lub korzystaj\u0105c z niej, zgadzasz si\u0119 na poni\u017csze warunki i akceptujesz je:<br>\n<br>\n<h2><strong>1. Ograniczenia us\u0142ug<\/strong><\/h2>\nNiniejsza witryna nie \u015bwiadczy us\u0142ug dla rezydent\u00f3w okre\u015blonych kraj\u00f3w, takich jak Stany Zjednoczone, Tajwan, Kanada, Izrael, Nowa Zelandia, Iran i Korea P\u00f3\u0142nocna, ani w krajach\/regionach, w kt\u00f3rych dystrybucja lub u\u017cytkowanie narusza\u0142oby lokalne prawo lub regulacje. Je\u015bli znajdujesz si\u0119 w wy\u017cej wymienionych obszarach, prosimy o natychmiastowe opuszczenie tej witryny.<br>\n<br>\n<h2><strong>2. Wiek i wolna wola<\/strong><\/h2>\nMusisz mie\u0107 uko\u0144czone co najmniej 18 lat lub by\u0107 pe\u0142noletnim zgodnie z prawem Twojego kraju. Korzystaj\u0105c z us\u0142ug tej witryny, potwierdzasz, \u017ce robisz to z w\u0142asnej wolnej woli i na w\u0142asn\u0105 aktywn\u0105 pro\u015bb\u0119, a nie w odpowiedzi na jak\u0105kolwiek form\u0119 aktywnego nagabywania lub marketingu ze strony tej witryny.<br>\n<br>\n<h2><strong>3. Korzystanie z witryny i us\u0142ug<\/strong><\/h2>\nNiniejsza witryna nie kieruje swoich tre\u015bci i us\u0142ug do os\u00f3b w krajach, w kt\u00f3rych ich u\u017cytkowanie jest zabronione przez lokalne prawo lub regulacje. Podczas uzyskiwania dost\u0119pu do tej witryny z kraju, w kt\u00f3rym jej u\u017cytkowanie mo\u017ce by\u0107 zabronione, u\u017cytkownik jest odpowiedzialny za zapewnienie, \u017ce jakiekolwiek korzystanie z witryny lub us\u0142ug jest zgodne z lokalnym prawem lub regulacjami. Niniejsza witryna nie potwierdza, \u017ce informacje w niej zawarte maj\u0105 zastosowanie we wszystkich jurysdykcjach.<br>\n<br>\n<h2><strong>4. Odpowiedzialno\u015b\u0107 prawna<\/strong><\/h2>\nZak\u0142adamy, \u017ce kwalifikujesz si\u0119 do legalnego zakupu i u\u017cytkowania naszych produkt\u00f3w. Twoim obowi\u0105zkiem jest upewnienie si\u0119, \u017ce przestrzegasz globalnych i lokalnych przepis\u00f3w oraz regulacji. Nie ponosimy odpowiedzialno\u015bci za jakiekolwiek szkody lub pozwy wniesione przeciwko Tobie z powodu takich regulacji.<br>\n<br>\n<h2><strong>5. Zasada CFTC 4.41 (Ujawnienie wynik\u00f3w hipotetycznych)<\/strong><\/h2>\nZASADA CFTC 4.41: HIPOTETYCZNE LUB SYMULOWANE WYNIKI MAJ\u0104 PEWNE OGRANICZENIA. W PRZECIWIE\u0143STWIE DO RZECZYWISTYCH WYNIK\u00d3W, WYNIKI SYMULOWANE NIE REPREZENTUJ\u0104 RZECZYWISTEGO HANDLU. PONADTO, PONIEWA\u017b TRANSAKCJE NIE ZOSTA\u0141Y WYKONANE, WYNIKI MOG\u0104 BY\u0106 NIEDOSZACOWANE LUB PRZESZACOWANE POD WZGL\u0118DEM WP\u0141YWU PEWNYCH CZYNNIK\u00d3W RYNKOWYCH, TAKICH JAK BRAK P\u0141YNNO\u015aCI. SYMULOWANE PROGRAMY HANDLOWE CO DO ZASADY S\u0104 R\u00d3WNIE\u017b PROJEKTOWANE Z PERSPEKTYWY CZASU. NIE SK\u0141ADA SI\u0118 \u017bADNYCH O\u015aWIADCZE\u0143, \u017bE JAKIEKOLWIEK KONTO OSI\u0104GNIE LUB MO\u017bE OSI\u0104GN\u0104\u0106 ZYSKI LUB STRATY PODOBNE DO TYCH PRZEDSTAWIONYCH.<br>\n<br>\n<h2><strong>6. Ryzyko i nagrody w zautomatyzowanym handlu Forex<\/strong><\/h2>\nZautomatyzowany handel Forex ma potencja\u0142 du\u017cych zysk\u00f3w, ale niesie ze sob\u0105 r\u00f3wnie\u017c potencjalne du\u017ce ryzyko. Musisz by\u0107 \u015bwiadomy ryzyka i ch\u0119tny do jego zaakceptowania, aby inwestowa\u0107 na rynku Forex. Nie handluj pieni\u0119dzmi, na kt\u00f3rych strat\u0119 nie mo\u017cesz sobie pozwoli\u0107. Ta reklama\/prezentacja nie jest ani namow\u0105, ani ofert\u0105 handlu na Forex. Nie sk\u0142ada si\u0119 \u017cadnych o\u015bwiadcze\u0144, \u017ce jakiekolwiek konto osi\u0105gnie lub mo\u017ce osi\u0105gn\u0105\u0107 zyski lub straty podobne do tych om\u00f3wionych w tej reklamie\/prezentacji.<br>\n<br>\n<h2><strong>7. Odpowiedzialno\u015b\u0107 inwestora<\/strong><\/h2>\nZautomatyzowany handel Forex jest wymagaj\u0105c\u0105 i potencjaln\u0105 szans\u0105 dla wyedukowanych i do\u015bwiadczonych inwestor\u00f3w. Przed podj\u0119ciem decyzji o uczestnictwie nale\u017cy dok\u0142adnie rozwa\u017cy\u0107 swoje cele inwestycyjne, poziom do\u015bwiadczenia i apetyt na ryzyko. Ka\u017cda transakcja obejmuj\u0105ca waluty wi\u0105\u017ce si\u0119 z ryzykiem, w tym mi\u0119dzy innymi z mo\u017cliwo\u015bci\u0105 znacz\u0105cego wp\u0142ywu na ceny walut lub p\u0142ynno\u015b\u0107 z powodu zmian politycznych lub zmian warunk\u00f3w ekonomicznych. Co wi\u0119cej, charakter d\u017awigni finansowej w handlu Forex oznacza, \u017ce ruchy rynkowe b\u0119d\u0105 mia\u0142y proporcjonalnie taki sam wp\u0142yw na zdeponowane \u015brodki. Mo\u017ce to dzia\u0142a\u0107 na Twoj\u0105 korzy\u015b\u0107 lub niekorzy\u015b\u0107. Istnieje mo\u017cliwo\u015b\u0107 poniesienia ca\u0142kowitej straty pocz\u0105tkowych \u015brodk\u00f3w zabezpieczaj\u0105cych, a Twoja pozycja zostanie zlikwidowana, za co b\u0119dziesz odpowiedzialny. Inwestorom zaleca si\u0119 stosowanie strategii takich jak \u201eStop Loss\u201d lub \u201eLimit\u201d w celu \u0142agodzenia ryzyka. Dostarczone tre\u015bci s\u0105 prezentowane w dobrej wierze i uwa\u017cane za dok\u0142adne, ale ta witryna nie udziela \u017cadnych wyra\u017anych ani dorozumianych gwarancji co do dok\u0142adno\u015bci lub aktualno\u015bci.<br>\n<br>\n<h2><strong>8. Wy\u0142\u0105czenie odpowiedzialno\u015bci<\/strong><\/h2>\nNiniejsza witryna oraz jej kierownictwo i pracownicy nie ponosz\u0105 odpowiedzialno\u015bci za b\u0142\u0119dy, nie\u015bcis\u0142o\u015bci lub pomini\u0119cia w tych materia\u0142ach. Nie gwarantuj\u0105 dok\u0142adno\u015bci ani kompletno\u015bci informacji, tekst\u00f3w, grafik, link\u00f3w ani innych element\u00f3w zawartych w tych materia\u0142ach. Niniejsza witryna oraz jej kierownictwo i pracownicy nie ponosz\u0105 odpowiedzialno\u015bci za jakiekolwiek szczeg\u00f3lne, po\u015brednie, przypadkowe lub wt\u00f3rne szkody, kt\u00f3re mog\u0105 wynikn\u0105\u0107 z tych materia\u0142\u00f3w, w tym mi\u0119dzy innymi za utrat\u0119 danych, utrat\u0119 przychod\u00f3w lub utrat\u0119 zysk\u00f3w.<br>\n<br>\n<h2><strong>9. Promocje, bonusy i bezpiecze\u0144stwo \u015brodk\u00f3w<\/strong><\/h2>\nPromocje i bonusy stron trzecich oferowane za po\u015brednictwem tej witryny s\u0105 odpowiedzialno\u015bci\u0105 strony trzeciej. Ta witryna nie ponosi odpowiedzialno\u015bci za niewykonanie lub nienale\u017cyte wykonanie ofert bonusowych lub promocyjnych przez strony trzecie. W przypadku niekt\u00f3rych broker\u00f3w bonusy mog\u0105 by\u0107 odliczane od naszej prowizji, co skutkuje ni\u017cszymi ni\u017c oczekiwano rabatami (rebates). Ta witryna dzia\u0142a wy\u0142\u0105cznie jako dostawca us\u0142ug technicznych i informacyjnych, nie zarz\u0105dza \u015brodkami u\u017cytkownik\u00f3w i nie \u015bwiadczy us\u0142ug zarz\u0105dzania kontem.<br>\n<br>\n<h2><strong>10. W\u0142asno\u015b\u0107 intelektualna<\/strong><\/h2>\nWszelkie oprogramowanie (EA), wska\u017aniki, parametry strategii i tre\u015bci dostarczane przez t\u0119 witryn\u0119 s\u0105 w\u0142asno\u015bci\u0105 intelektualn\u0105 naszej firmy. In\u017cynieria wsteczna, modyfikacja, kopiowanie lub odsprzeda\u017c oprogramowania w tej witrynie s\u0105 surowo zabronione bez pisemnej zgody.<br>\n<br>\n<h2><strong>11. Prawo w\u0142a\u015bciwe<\/strong><\/h2>\nInterpretacja i stosowanie niniejszego Regulaminu b\u0119d\u0105 rozpatrywane zgodnie z prawem Tajwanu (R.O.C.). W przypadku sporu obie strony zgadzaj\u0105 si\u0119, \u017ce s\u0105dem pierwszej instancji b\u0119dzie S\u0105d Rejonowy w Tajpej na Tajwanie.<br>\n<br>\n<h2><strong>12. Klauzula j\u0119zykowa<\/strong><\/h2>\nNiniejsze warunki prawne mog\u0105 by\u0107 udost\u0119pniane w wielu wersjach j\u0119zykowych w celach informacyjnych. W przypadku jakichkolwiek b\u0142\u0119d\u00f3w w t\u0142umaczeniu lub r\u00f3\u017cnic semantycznych, wersja angielska jest rozstrzygaj\u0105ca. Wersja angielska jest jedyn\u0105 oficjaln\u0105 wersj\u0105 warunk\u00f3w prawnych tej witryny i ma moc prawn\u0105.<br>\n<\/span><\/div>\n\t\t\t\t<div class=\"elementor-element elementor-element-21aff1c elementor-widget elementor-widget-spacer\" data-id=\"21aff1c\" data-element_type=\"widget\" data-widget_type=\"spacer.default\">\n\t\t\t\t\t\t\t<div class=\"elementor-spacer\">\n\t\t\t<div class=\"elementor-spacer-inner\"><\/div>\n\t\t<\/div>\n\t\t\t\t\t\t<\/div>\n\t\t\t\t\t<\/div>\n\t\t\t\t<\/div>\n\t\t\t\t<\/div>","protected":false},"excerpt":{"rendered":"<p>Kluczowe informacje o us\u0142ugach, rejestracji i bezpiecze\u0144stwie. Poznaj swoje prawa i obowi\u0105zki, aby cieszy\u0107 si\u0119 bezpiecznym handlem z Mr.Forex.<\/p>","protected":false},"author":1,"featured_media":62793,"parent":0,"menu_order":0,"comment_status":"closed","ping_status":"closed","template":"","meta":{"footnotes":""},"tags":[],"class_list":["post-6209","page","type-page","status-publish","has-post-thumbnail","hentry"],"rankMath":{"parentDomain":"mister.forex","noFollowDomains":[],"noFollowExcludeDomains":[],"noFollowExternalLinks":false,"featuredImageNotice":"Prezentowany obraz powinien mie\u0107 co najmniej 200 na 200 pikseli, aby m\u00f3g\u0142 go pobra\u0107 Facebook i inne serwisy spo\u0142eczno\u015bciowe.","pluginReviewed":false,"postSettings":{"linkSuggestions":true,"useFocusKeyword":false},"frontEndScore":false,"postName":"terms","permalinkFormat":"https:\/\/mister.forex\/pl\/%pagename%\/","showLockModifiedDate":true,"assessor":{"focusKeywordLink":"https:\/\/mister.forex\/wp-admin\/edit.php?focus_keyword=%focus_keyword%&post_type=%post_type%","hasTOCPlugin":true,"primaryTaxonomy":false,"serpData":{"title":"%title% %page%","description":"","focusKeywords":"\u4f7f\u7528\u8005\u689d\u6b3e","pillarContent":true,"canonicalUrl":"","breadcrumbTitle":"","advancedRobots":{"max-snippet":"-1","max-video-preview":false,"max-image-preview":"large"},"facebookTitle":"","facebookDescription":"","facebookImage":"https:\/\/mister.forex\/wp-content\/uploads\/2024\/06\/term-of-use.webp","facebookImageID":"23588","facebookHasOverlay":false,"facebookImageOverlay":"","facebookAuthor":"","twitterCardType":"","twitterUseFacebook":true,"twitterTitle":"","twitterDescription":"","twitterImage":"","twitterImageID":"","twitterHasOverlay":false,"twitterImageOverlay":"","twitterPlayerUrl":"","twitterPlayerSize":"","twitterPlayerStream":"","twitterPlayerStreamCtype":"","twitterAppDescription":"","twitterAppIphoneName":"","twitterAppIphoneID":"","twitterAppIphoneUrl":"","twitterAppIpadName":"","twitterAppIpadID":"","twitterAppIpadUrl":"","twitterAppGoogleplayName":"","twitterAppGoogleplayID":"","twitterAppGoogleplayUrl":"","twitterAppCountry":"","robots":{"index":true},"twitterAuthor":"u\u017cytkownik","primaryTerm":0,"authorName":"Mr.Forex","titleTemplate":"%title%","descriptionTemplate":"%excerpt%","showScoreFrontend":true,"lockModifiedDate":false},"powerWords":[],"diacritics":{"A":"[\\u0041\\u24B6\\uFF21\\u00C0\\u00C1\\u00C2\\u1EA6\\u1EA4\\u1EAA\\u1EA8\\u00C3\\u0100\\u0102\\u1EB0\\u1EAE\\u1EB4\\u1EB2\\u0226\\u01E0\\u00C4\\u01DE\\u1EA2\\u00C5\\u01FA\\u01CD\\u0200\\u0202\\u1EA0\\u1EAC\\u1EB6\\u1E00\\u0104\\u023A\\u2C6F]","AA":"[\\uA732]","AE":"[\\u00C6\\u01FC\\u01E2]","AO":"[\\uA734]","AU":"[\\uA736]","AV":"[\\uA738\\uA73A]","AY":"[\\uA73C]","B":"[\\u0042\\u24B7\\uFF22\\u1E02\\u1E04\\u1E06\\u0243\\u0182\\u0181]","C":"[\\u0043\\u24B8\\uFF23\\u0106\\u0108\\u010A\\u010C\\u00C7\\u1E08\\u0187\\u023B\\uA73E]","D":"[\\u0044\\u24B9\\uFF24\\u1E0A\\u010E\\u1E0C\\u1E10\\u1E12\\u1E0E\\u0110\\u018B\\u018A\\u0189\\uA779]","DZ":"[\\u01F1\\u01C4]","Dz":"[\\u01F2\\u01C5]","E":"[\\u0045\\u24BA\\uFF25\\u00C8\\u00C9\\u00CA\\u1EC0\\u1EBE\\u1EC4\\u1EC2\\u1EBC\\u0112\\u1E14\\u1E16\\u0114\\u0116\\u00CB\\u1EBA\\u011A\\u0204\\u0206\\u1EB8\\u1EC6\\u0228\\u1E1C\\u0118\\u1E18\\u1E1A\\u0190\\u018E]","F":"[\\u0046\\u24BB\\uFF26\\u1E1E\\u0191\\uA77B]","G":"[\\u0047\\u24BC\\uFF27\\u01F4\\u011C\\u1E20\\u011E\\u0120\\u01E6\\u0122\\u01E4\\u0193\\uA7A0\\uA77D\\uA77E]","H":"[\\u0048\\u24BD\\uFF28\\u0124\\u1E22\\u1E26\\u021E\\u1E24\\u1E28\\u1E2A\\u0126\\u2C67\\u2C75\\uA78D]","I":"[\\u0049\\u24BE\\uFF29\\u00CC\\u00CD\\u00CE\\u0128\\u012A\\u012C\\u0130\\u00CF\\u1E2E\\u1EC8\\u01CF\\u0208\\u020A\\u1ECA\\u012E\\u1E2C\\u0197]","J":"[\\u004A\\u24BF\\uFF2A\\u0134\\u0248]","K":"[\\u004B\\u24C0\\uFF2B\\u1E30\\u01E8\\u1E32\\u0136\\u1E34\\u0198\\u2C69\\uA740\\uA742\\uA744\\uA7A2]","L":"[\\u004C\\u24C1\\uFF2C\\u013F\\u0139\\u013D\\u1E36\\u1E38\\u013B\\u1E3C\\u1E3A\\u0141\\u023D\\u2C62\\u2C60\\uA748\\uA746\\uA780]","LJ":"[\\u01C7]","Lj":"[\\u01C8]","M":"[\\u004D\\u24C2\\uFF2D\\u1E3E\\u1E40\\u1E42\\u2C6E\\u019C]","N":"[\\u004E\\u24C3\\uFF2E\\u01F8\\u0143\\u00D1\\u1E44\\u0147\\u1E46\\u0145\\u1E4A\\u1E48\\u0220\\u019D\\uA790\\uA7A4]","NJ":"[\\u01CA]","Nj":"[\\u01CB]","O":"[\\u004F\\u24C4\\uFF2F\\u00D2\\u00D3\\u00D4\\u1ED2\\u1ED0\\u1ED6\\u1ED4\\u00D5\\u1E4C\\u022C\\u1E4E\\u014C\\u1E50\\u1E52\\u014E\\u022E\\u0230\\u00D6\\u022A\\u1ECE\\u0150\\u01D1\\u020C\\u020E\\u01A0\\u1EDC\\u1EDA\\u1EE0\\u1EDE\\u1EE2\\u1ECC\\u1ED8\\u01EA\\u01EC\\u00D8\\u01FE\\u0186\\u019F\\uA74A\\uA74C]","OI":"[\\u01A2]","OO":"[\\uA74E]","OU":"[\\u0222]","P":"[\\u0050\\u24C5\\uFF30\\u1E54\\u1E56\\u01A4\\u2C63\\uA750\\uA752\\uA754]","Q":"[\\u0051\\u24C6\\uFF31\\uA756\\uA758\\u024A]","R":"[\\u0052\\u24C7\\uFF32\\u0154\\u1E58\\u0158\\u0210\\u0212\\u1E5A\\u1E5C\\u0156\\u1E5E\\u024C\\u2C64\\uA75A\\uA7A6\\uA782]","S":"[\\u0053\\u24C8\\uFF33\\u1E9E\\u015A\\u1E64\\u015C\\u1E60\\u0160\\u1E66\\u1E62\\u1E68\\u0218\\u015E\\u2C7E\\uA7A8\\uA784]","T":"[\\u0054\\u24C9\\uFF34\\u1E6A\\u0164\\u1E6C\\u021A\\u0162\\u1E70\\u1E6E\\u0166\\u01AC\\u01AE\\u023E\\uA786]","TZ":"[\\uA728]","U":"[\\u0055\\u24CA\\uFF35\\u00D9\\u00DA\\u00DB\\u0168\\u1E78\\u016A\\u1E7A\\u016C\\u00DC\\u01DB\\u01D7\\u01D5\\u01D9\\u1EE6\\u016E\\u0170\\u01D3\\u0214\\u0216\\u01AF\\u1EEA\\u1EE8\\u1EEE\\u1EEC\\u1EF0\\u1EE4\\u1E72\\u0172\\u1E76\\u1E74\\u0244]","V":"[\\u0056\\u24CB\\uFF36\\u1E7C\\u1E7E\\u01B2\\uA75E\\u0245]","VY":"[\\uA760]","W":"[\\u0057\\u24CC\\uFF37\\u1E80\\u1E82\\u0174\\u1E86\\u1E84\\u1E88\\u2C72]","X":"[\\u0058\\u24CD\\uFF38\\u1E8A\\u1E8C]","Y":"[\\u0059\\u24CE\\uFF39\\u1EF2\\u00DD\\u0176\\u1EF8\\u0232\\u1E8E\\u0178\\u1EF6\\u1EF4\\u01B3\\u024E\\u1EFE]","Z":"[\\u005A\\u24CF\\uFF3A\\u0179\\u1E90\\u017B\\u017D\\u1E92\\u1E94\\u01B5\\u0224\\u2C7F\\u2C6B\\uA762]","a":"[\\u0061\\u24D0\\uFF41\\u1E9A\\u00E0\\u00E1\\u00E2\\u1EA7\\u1EA5\\u1EAB\\u1EA9\\u00E3\\u0101\\u0103\\u1EB1\\u1EAF\\u1EB5\\u1EB3\\u0227\\u01E1\\u00E4\\u01DF\\u1EA3\\u00E5\\u01FB\\u01CE\\u0201\\u0203\\u1EA1\\u1EAD\\u1EB7\\u1E01\\u0105\\u2C65\\u0250]","aa":"[\\uA733]","ae":"[\\u00E6\\u01FD\\u01E3]","ao":"[\\uA735]","au":"[\\uA737]","av":"[\\uA739\\uA73B]","ay":"[\\uA73D]","b":"[\\u0062\\u24D1\\uFF42\\u1E03\\u1E05\\u1E07\\u0180\\u0183\\u0253]","c":"[\\u0063\\u24D2\\uFF43\\u0107\\u0109\\u010B\\u010D\\u00E7\\u1E09\\u0188\\u023C\\uA73F\\u2184]","d":"[\\u0064\\u24D3\\uFF44\\u1E0B\\u010F\\u1E0D\\u1E11\\u1E13\\u1E0F\\u0111\\u018C\\u0256\\u0257\\uA77A]","dz":"[\\u01F3\\u01C6]","e":"[\\u0065\\u24D4\\uFF45\\u00E8\\u00E9\\u00EA\\u1EC1\\u1EBF\\u1EC5\\u1EC3\\u1EBD\\u0113\\u1E15\\u1E17\\u0115\\u0117\\u00EB\\u1EBB\\u011B\\u0205\\u0207\\u1EB9\\u1EC7\\u0229\\u1E1D\\u0119\\u1E19\\u1E1B\\u0247\\u025B\\u01DD]","f":"[\\u0066\\u24D5\\uFF46\\u1E1F\\u0192\\uA77C]","g":"[\\u0067\\u24D6\\uFF47\\u01F5\\u011D\\u1E21\\u011F\\u0121\\u01E7\\u0123\\u01E5\\u0260\\uA7A1\\u1D79\\uA77F]","h":"[\\u0068\\u24D7\\uFF48\\u0125\\u1E23\\u1E27\\u021F\\u1E25\\u1E29\\u1E2B\\u1E96\\u0127\\u2C68\\u2C76\\u0265]","hv":"[\\u0195]","i":"[\\u0069\\u24D8\\uFF49\\u00EC\\u00ED\\u00EE\\u0129\\u012B\\u012D\\u00EF\\u1E2F\\u1EC9\\u01D0\\u0209\\u020B\\u1ECB\\u012F\\u1E2D\\u0268\\u0131]","j":"[\\u006A\\u24D9\\uFF4A\\u0135\\u01F0\\u0249]","k":"[\\u006B\\u24DA\\uFF4B\\u1E31\\u01E9\\u1E33\\u0137\\u1E35\\u0199\\u2C6A\\uA741\\uA743\\uA745\\uA7A3]","l":"[\\u006C\\u24DB\\uFF4C\\u0140\\u013A\\u013E\\u1E37\\u1E39\\u013C\\u1E3D\\u1E3B\\u017F\\u0142\\u019A\\u026B\\u2C61\\uA749\\uA781\\uA747]","lj":"[\\u01C9]","m":"[\\u006D\\u24DC\\uFF4D\\u1E3F\\u1E41\\u1E43\\u0271\\u026F]","n":"[\\u006E\\u24DD\\uFF4E\\u01F9\\u0144\\u00F1\\u1E45\\u0148\\u1E47\\u0146\\u1E4B\\u1E49\\u019E\\u0272\\u0149\\uA791\\uA7A5]","nj":"[\\u01CC]","o":"[\\u006F\\u24DE\\uFF4F\\u00F2\\u00F3\\u00F4\\u1ED3\\u1ED1\\u1ED7\\u1ED5\\u00F5\\u1E4D\\u022D\\u1E4F\\u014D\\u1E51\\u1E53\\u014F\\u022F\\u0231\\u00F6\\u022B\\u1ECF\\u0151\\u01D2\\u020D\\u020F\\u01A1\\u1EDD\\u1EDB\\u1EE1\\u1EDF\\u1EE3\\u1ECD\\u1ED9\\u01EB\\u01ED\\u00F8\\u01FF\\u0254\\uA74B\\uA74D\\u0275]","oi":"[\\u01A3]","ou":"[\\u0223]","oo":"[\\uA74F]","p":"[\\u0070\\u24DF\\uFF50\\u1E55\\u1E57\\u01A5\\u1D7D\\uA751\\uA753\\uA755]","q":"[\\u0071\\u24E0\\uFF51\\u024B\\uA757\\uA759]","r":"[\\u0072\\u24E1\\uFF52\\u0155\\u1E59\\u0159\\u0211\\u0213\\u1E5B\\u1E5D\\u0157\\u1E5F\\u024D\\u027D\\uA75B\\uA7A7\\uA783]","s":"[\\u0073\\u24E2\\uFF53\\u015B\\u1E65\\u015D\\u1E61\\u0161\\u1E67\\u1E63\\u1E69\\u0219\\u015F\\u023F\\uA7A9\\uA785\\u1E9B]","ss":"[\\u00DF]","t":"[\\u0074\\u24E3\\uFF54\\u1E6B\\u1E97\\u0165\\u1E6D\\u021B\\u0163\\u1E71\\u1E6F\\u0167\\u01AD\\u0288\\u2C66\\uA787]","tz":"[\\uA729]","u":"[\\u0075\\u24E4\\uFF55\\u00F9\\u00FA\\u00FB\\u0169\\u1E79\\u016B\\u1E7B\\u016D\\u00FC\\u01DC\\u01D8\\u01D6\\u01DA\\u1EE7\\u016F\\u0171\\u01D4\\u0215\\u0217\\u01B0\\u1EEB\\u1EE9\\u1EEF\\u1EED\\u1EF1\\u1EE5\\u1E73\\u0173\\u1E77\\u1E75\\u0289]","v":"[\\u0076\\u24E5\\uFF56\\u1E7D\\u1E7F\\u028B\\uA75F\\u028C]","vy":"[\\uA761]","w":"[\\u0077\\u24E6\\uFF57\\u1E81\\u1E83\\u0175\\u1E87\\u1E85\\u1E98\\u1E89\\u2C73]","x":"[\\u0078\\u24E7\\uFF58\\u1E8B\\u1E8D]","y":"[\\u0079\\u24E8\\uFF59\\u1EF3\\u00FD\\u0177\\u1EF9\\u0233\\u1E8F\\u00FF\\u1EF7\\u1E99\\u1EF5\\u01B4\\u024F\\u1EFF]","z":"[\\u007A\\u24E9\\uFF5A\\u017A\\u1E91\\u017C\\u017E\\u1E93\\u1E95\\u01B6\\u0225\\u0240\\u2C6C\\uA763]"},"researchesTests":["contentHasTOC","contentHasShortParagraphs","contentHasAssets","keywordInTitle","keywordInMetaDescription","keywordInPermalink","keywordIn10Percent","keywordInContent","keywordInSubheadings","keywordInImageAlt","keywordDensity","keywordNotUsed","lengthContent","lengthPermalink","linksHasInternal","linksHasExternals","linksNotAllExternals","titleStartWithKeyword","titleSentiment","titleHasPowerWords","titleHasNumber","hasContentAI"],"hasRedirection":true,"hasBreadcrumb":true},"homeUrl":"https:\/\/mister.forex\/pl","objectID":6209,"objectType":"post","locale":"pl","localeFull":"pl_PL","overlayImages":{"play":{"name":"Ikona PLAY","url":"https:\/\/mister.forex\/wp-content\/plugins\/seo-by-rank-math\/assets\/admin\/img\/icon-play.png","path":"C:\\Apache24\\htdocs\\wp-content\\plugins\\seo-by-rank-math\/assets\/admin\/img\/icon-play.png","position":"middle_center"},"gif":{"name":"Ikona GIF","url":"https:\/\/mister.forex\/wp-content\/plugins\/seo-by-rank-math\/assets\/admin\/img\/icon-gif.png","path":"C:\\Apache24\\htdocs\\wp-content\\plugins\\seo-by-rank-math\/assets\/admin\/img\/icon-gif.png","position":"middle_center"}},"defautOgImage":"https:\/\/mister.forex\/wp-content\/uploads\/2024\/09\/Mr-Forex-LV-Deep-Blue.webp","customPermalinks":true,"isUserRegistered":true,"autoSuggestKeywords":true,"connectSiteUrl":"https:\/\/rankmath.com\/auth?site=https%3A%2F%2Fmister.forex%2Fpl&r=https%3A%2F%2Fmister.forex%2Fpl%2Fwp-json%2Fwp%2Fv2%2Fpages%2F6209%3Fnonce%3Deb4cade43d&pro=1","maxTags":100,"trendsIcon":"<svg viewBox=\"0 0 610 610\"><path d=\"M18.85,446,174.32,290.48l58.08,58.08L76.93,504a14.54,14.54,0,0,1-20.55,0L18.83,466.48a14.54,14.54,0,0,1,0-20.55Z\" style=\"fill:#4285f4\"\/><path d=\"M242.65,242.66,377.59,377.6l-47.75,47.75a14.54,14.54,0,0,1-20.55,0L174.37,290.43l47.75-47.75A14.52,14.52,0,0,1,242.65,242.66Z\" style=\"fill:#ea4335\"\/><polygon points=\"319.53 319.53 479.26 159.8 537.34 217.88 377.61 377.62 319.53 319.53\" style=\"fill:#fabb05\"\/><path d=\"M594.26,262.73V118.61h0a16.94,16.94,0,0,0-16.94-16.94H433.2a16.94,16.94,0,0,0-12,28.92L565.34,274.71h0a16.94,16.94,0,0,0,28.92-12Z\" style=\"fill:#34a853\"\/><rect width=\"610\" height=\"610\" style=\"fill:none\"\/><\/svg>","showScore":true,"siteFavIcon":"https:\/\/mister.forex\/wp-content\/uploads\/2024\/09\/mr-forex-logo-144x144-1-100x100.webp","canUser":{"general":false,"advanced":false,"snippet":false,"social":false,"analysis":false,"analytics":false,"content_ai":false},"showKeywordIntent":true,"isPro":true,"is_front_page":false,"trendsUpgradeLink":"https:\/\/rankmath.com\/pricing\/?utm_source=Plugin&utm_medium=CE%20General%20Tab%20Trends&utm_campaign=WP","trendsUpgradeLabel":"Ulepszenie","trendsPreviewImage":"https:\/\/mister.forex\/wp-content\/plugins\/seo-by-rank-math\/assets\/admin\/img\/trends-preview.jpg","currentEditor":false,"homepageData":{"assessor":{"powerWords":[],"diacritics":true,"researchesTests":["contentHasTOC","contentHasShortParagraphs","contentHasAssets","keywordInTitle","keywordInMetaDescription","keywordInPermalink","keywordIn10Percent","keywordInContent","keywordInSubheadings","keywordInImageAlt","keywordDensity","keywordNotUsed","lengthContent","lengthPermalink","linksHasInternal","linksHasExternals","linksNotAllExternals","titleStartWithKeyword","titleSentiment","titleHasPowerWords","titleHasNumber","hasContentAI"],"hasBreadcrumb":true,"serpData":{"title":"%sitename% %page% %sep% %sitedesc%","description":"","titleTemplate":"%sitename% %page% %sep% %sitedesc%","descriptionTemplate":"","focusKeywords":"","breadcrumbTitle":"Home","robots":{"index":true},"advancedRobots":{"max-snippet":"-1","max-video-preview":false,"max-image-preview":"large"},"facebookTitle":"","facebookDescription":"","facebookImage":"","facebookImageID":""}}},"searchIntents":[],"isAnalyticsConnected":true,"tocTitle":"Table of Contents","tocExcludeHeadings":[],"listStyle":"ul"},"_links":{"self":[{"href":"https:\/\/mister.forex\/pl\/wp-json\/wp\/v2\/pages\/6209","targetHints":{"allow":["GET"]}}],"collection":[{"href":"https:\/\/mister.forex\/pl\/wp-json\/wp\/v2\/pages"}],"about":[{"href":"https:\/\/mister.forex\/pl\/wp-json\/wp\/v2\/types\/page"}],"author":[{"embeddable":true,"href":"https:\/\/mister.forex\/pl\/wp-json\/wp\/v2\/users\/1"}],"replies":[{"embeddable":true,"href":"https:\/\/mister.forex\/pl\/wp-json\/wp\/v2\/comments?post=6209"}],"version-history":[{"count":12,"href":"https:\/\/mister.forex\/pl\/wp-json\/wp\/v2\/pages\/6209\/revisions"}],"predecessor-version":[{"id":69214,"href":"https:\/\/mister.forex\/pl\/wp-json\/wp\/v2\/pages\/6209\/revisions\/69214"}],"wp:featuredmedia":[{"embeddable":true,"href":"https:\/\/mister.forex\/pl\/wp-json\/wp\/v2\/media\/62793"}],"wp:attachment":[{"href":"https:\/\/mister.forex\/pl\/wp-json\/wp\/v2\/media?parent=6209"}],"wp:term":[{"taxonomy":"post_tag","embeddable":true,"href":"https:\/\/mister.forex\/pl\/wp-json\/wp\/v2\/tags?post=6209"}],"curies":[{"name":"wp","href":"https:\/\/api.w.org\/{rel}","templated":true}]}}