{"id":66033,"date":"2026-02-04T23:49:39","date_gmt":"2026-02-04T15:49:39","guid":{"rendered":"https:\/\/mister.forex\/?page_id=66033"},"modified":"2026-05-06T13:28:44","modified_gmt":"2026-05-06T05:28:44","slug":"prop-firm-trading-guide-get-funded","status":"publish","type":"page","link":"https:\/\/mister.forex\/pl\/prop-firm-trading-guide-get-funded\/","title":{"rendered":"Kompletny Przewodnik po Prop Firmach: Jak zdoby\u0107 100 000 USD kapita\u0142u tradingowego | Mr.Forex"},"content":{"rendered":"<div data-elementor-type=\"wp-page\" data-elementor-id=\"66033\" class=\"elementor elementor-66033\" data-elementor-post-type=\"page\">\n\t\t\t\t<div class=\"elementor-element elementor-element-3c29475 e-flex e-con-boxed e-con e-parent\" data-id=\"3c29475\" data-element_type=\"container\">\n\t\t\t\t\t<div class=\"e-con-inner\">\n\t\t\t\t<div class=\"elementor-element elementor-element-4a3ad48 elementor-widget elementor-widget-heading\" data-id=\"4a3ad48\" data-element_type=\"widget\" data-widget_type=\"heading.default\">\n\t\t\t\t\t<h1 class=\"elementor-heading-title elementor-size-default\">Model Prop Firm od \u015brodka: Zarabiaj bezpo\u015brednio na swoich umiej\u0119tno\u015bciach tradingowych<\/h1>\t\t\t\t<\/div>\n\t\t\t\t<div class=\"elementor-element elementor-element-9eca83a elementor-widget elementor-widget-html\" data-id=\"9eca83a\" data-element_type=\"widget\" data-widget_type=\"html.default\">\n\t\t\t\t\tZrozum mechanik\u0119 ewaluacji w firmach prop tradingowych. Monetyzuj swoj\u0105 wiedz\u0119 eksperck\u0105 i uwolnij si\u0119 od ogranicze\u0144 ma\u0142ych kapita\u0142\u00f3w.\t\t\t\t<\/div>\n\t\t\t\t<div class=\"elementor-element elementor-element-d45ecae elementor-widget elementor-widget-html translation-block\" data-id=\"d45ecae\" data-element_type=\"widget\" data-widget_type=\"html.default\">Autor: <strong>Mr.Forex<\/strong><\/div>\n\t\t\t\t<div class=\"elementor-element elementor-element-50a8bd5 elementor-widget elementor-widget-html translation-block\" data-id=\"50a8bd5\" data-element_type=\"widget\" data-widget_type=\"html.default\"><span>\n<h2><strong>Wst\u0119p: Twoje umiej\u0119tno\u015bci s\u0105 warto\u015bciowe, ale Tw\u00f3j kapita\u0142 jest ma\u0142y<\/strong><\/h2>\nGratulacje, \u017ce dotar\u0142e\u015b tak daleko.<br><br>\n\nTeraz rozumiesz ju\u017c wykresy \u015bwiecowe, strategie i zarz\u0105dzanie ryzykiem. Posiadasz podstawowe umiej\u0119tno\u015bci, aby przetrwa\u0107 na tym rynku.<br><br>\n\nAle rzeczywisto\u015b\u0107 bywa brutalna:<br><br>\n\nJe\u015bli masz tylko <strong>1 000 USD<\/strong> kapita\u0142u, nawet gdyby\u015b by\u0142 Warrenem Buffettem i zarabia\u0142 stabilne 5% miesi\u0119cznie (co i tak jest imponuj\u0105ce), zarobi\u0142by\u015b tylko <strong>50 USD<\/strong>.<br><br>\n\nTo ledwo starcza na op\u0142acenie rachunk\u00f3w.<br><br>\n\nOto dylemat tradera detalicznego: <strong>Umiej\u0119tno\u015bci s\u0105, ale brakuje kapita\u0142u.<\/strong><br><br>\n\nW przesz\u0142o\u015bci mog\u0142e\u015b tylko powoli oszcz\u0119dza\u0107. Ale teraz w \u015bwiecie finans\u00f3w pojawi\u0142 si\u0119 nowy model \u2014 <strong>Prop Firm (Firma Prop Tradingowa)<\/strong>.<br><br>\n\nDop\u00f3ki potrafisz zda\u0107 egzamin potwierdzaj\u0105cy Twoje umiej\u0119tno\u015bci, firma udost\u0119pni Ci konto o warto\u015bci 10 tys., 100 tys., a nawet 500 tys. USD do handlu. Mo\u017cesz zachowa\u0107 80% lub nawet 90% wypracowanych zysk\u00f3w.<br><br>\n\nTo nie jest po\u017cyczanie pieni\u0119dzy na inwestycje; to <strong>\"zdobywanie finansowania dzi\u0119ki wynikom.\"<\/strong><br><br>\n\n<h2><strong>Co to jest Prop Firm (Firma Prop Tradingowa)?<\/strong><\/h2>\n<strong>Prop Firm<\/strong> to firma, kt\u00f3ra poszukuje utalentowanych, niezale\u017cnych trader\u00f3w. Ich logika jest prosta: firma posiada kapita\u0142, ale brakuje jej wystarczaj\u0105cej liczby wykwalifikowanych trader\u00f3w.<br>\n\n<h3><strong>Jak to dzia\u0142a:<\/strong><\/h3>\n<ol>\n    <li><strong>P\u0142atna ewaluacja:<\/strong> Wp\u0142acasz niewielk\u0105 op\u0142at\u0119 rejestracyjn\u0105 (np. 100 USD), aby wzi\u0105\u0107 udzia\u0142 w wyzwaniu na koncie demo.<\/li>\n    <li><strong>Udowodnij swoje umiej\u0119tno\u015bci:<\/strong> W okre\u015blonym czasie osi\u0105gnij cel zysku (np. 10%), nie przekraczaj\u0105c limitu obsuni\u0119cia kapita\u0142u (np. 10% drawdown).<\/li>\n    <li><strong>Otrzymaj finansowanie:<\/strong> Gdy zdasz, otrzymasz konto zasilone \u015brodkami (Live Account).<\/li>\n    <li><strong>Podzia\u0142 zysk\u00f3w:<\/strong> Zachowujesz wi\u0119kszo\u015b\u0107 zysk\u00f3w wypracowanych na tym koncie (zazwyczaj 80%), podczas gdy platforma pobiera niewielk\u0105 cz\u0119\u015b\u0107.<\/li>\n<\/ol><br>\n\nTo \u015bwietny uk\u0142ad:<br><br>\n\nRyzykujesz op\u0142at\u0119 rejestracyjn\u0105 w wysoko\u015bci 100 USD, aby zyska\u0107 szans\u0119 na handel na koncie o warto\u015bci 10 000 USD.<br><br>\n\n<h2><strong>Dlaczego warto do\u0142\u0105czy\u0107 do Prop Firmy?<\/strong><\/h2>\nZr\u00f3bmy proste obliczenia i por\u00f3wnajmy \"trading w\u0142asnymi pieni\u0119dzmi\" kontra \"do\u0142\u0105czenie do <strong>Prop Firm<\/strong>.\"<br><br>\n\nZa\u0142\u00f3\u017cmy, \u017ce Tw\u00f3j miesi\u0119czny potencja\u0142 zysku wynosi <strong>5%<\/strong>:<br><br>\n\n<table style=\"border-radius: 8px;border-collapse: separate;border-spacing: 0;overflow: hidden;text-align: center;width: 100%;border: 1px solid #ddd;font-family: sans-serif\">\n<thead style=\"background-color: #15264D;color: #ffffff\">\n      <tr>\n        <th style=\"padding: 15px\">Por\u00f3wnanie<\/th>\n        <th style=\"padding: 15px\">Opcja A: W\u0142asne pieni\u0105dze<\/th>\n        <th style=\"padding: 15px\">Opcja B: Prop Firm (10k)<\/th>\n      <\/tr>\n<\/thead>\n<tbody>\n      <tr>\n        <td style=\"padding: 12px;border-bottom: 1px solid #eee;background-color: #f9f9f9\"><strong>Koszt pocz\u0105tkowy<\/strong><\/td>\n        <td style=\"padding: 12px;border-bottom: 1px solid #eee\">$1,000 USD (Kapita\u0142)<\/td>\n        <td style=\"padding: 12px;border-bottom: 1px solid #eee\">Ok. $100 USD (Op\u0142ata)<\/td>\n      <\/tr>\n      <tr>\n        <td style=\"padding: 12px;border-bottom: 1px solid #eee;background-color: #f9f9f9\"><strong>Kapita\u0142 handlowy<\/strong><\/td>\n        <td style=\"padding: 12px;border-bottom: 1px solid #eee\">$1,000 USD<\/td>\n        <td style=\"padding: 12px;border-bottom: 1px solid #eee\">$10,000 USD<\/td>\n      <\/tr>\n      <tr>\n        <td style=\"padding: 12px;border-bottom: 1px solid #eee;background-color: #f9f9f9\"><strong>Zysk miesi\u0119czny (5%)<\/strong><\/td>\n        <td style=\"padding: 12px;border-bottom: 1px solid #eee\">$50 USD<\/td>\n        <td style=\"padding: 12px;border-bottom: 1px solid #eee\">$500 USD<\/td>\n      <\/tr>\n      <tr>\n        <td style=\"padding: 12px;border-bottom: 1px solid #eee;background-color: #f9f9f9\"><strong>Realny doch\u00f3d<\/strong><\/td>\n        <td style=\"padding: 12px;border-bottom: 1px solid #eee\">$50 USD<\/td>\n        <td style=\"padding: 12px;border-bottom: 1px solid #eee;color: #008000;font-size: 1.1em\"><strong>$400 USD (80% udzia\u0142u)<\/strong><\/td>\n      <\/tr>\n    <\/tbody>\n<\/table><br>\n\n<strong>Wniosek:<\/strong> Przy tych samych umiej\u0119tno\u015bciach i tym samym procencie zysku (%), Tw\u00f3j doch\u00f3d zostaje <strong>zwi\u0119kszony 8-krotnie<\/strong>. Co wi\u0119cej, Tw\u00f3j oryginalny kapita\u0142 zostaje w kieszeni, przy zerowym ryzyku utraty w\u0142asnych oszcz\u0119dno\u015bci.<br><br>\n\n<h2><strong>Zasady: Nie ma darmowych obiad\u00f3w<\/strong><\/h2>\nBrzmi \u015bwietnie? Nie tak szybko. <strong>Prop Firmy<\/strong> to nie organizacje charytatywne; stosuj\u0105 one rygorystyczne zasady, aby odsia\u0107 niewykwalifikowanych trader\u00f3w.<br><br>\n\n<h3><strong>Typowe zasady ewaluacji:<\/strong><\/h3>\n<ul>\n    <li><strong>\ud83c\udfaf Cel zysku (Profit Target):<\/strong> Zwykle wymaga wypracowania od 8% do 10% zysku w pierwszej fazie.<\/li>\n    <li><strong>\u26a0\ufe0f Dzienny limit strat (Daily Drawdown):<\/strong> Tutaj wi\u0119kszo\u015b\u0107 os\u00f3b odpada. Zasady m\u00f3wi\u0105, \u017ce dzienne straty (p\u0142ywaj\u0105ce lub zrealizowane) nie mog\u0105 przekroczy\u0107 5% kapita\u0142u. Jedno potkni\u0119cie i ko\u0144czysz wyzwanie.<\/li>\n    <li><strong>\ud83d\udcc9 Maksymalne ca\u0142kowite obsuni\u0119cie (Max Drawdown):<\/strong> Warto\u015b\u0107 Twojego konta nigdy nie mo\u017ce spa\u015b\u0107 poni\u017cej okre\u015blonego poziomu (np. 10% kapita\u0142u pocz\u0105tkowego).<\/li>\n    <li><strong>\ud83d\udcf0 Ograniczenia handlu:<\/strong> Niekt\u00f3re firmy zabraniaj\u0105 handlu podczas wa\u017cnych komunikat\u00f3w makroekonomicznych lub przetrzymywania pozycji na weekend.<\/li>\n<\/ul><br>\n\n<h4><strong>Analiza Mr.Forex:<\/strong><\/h4>\nZasady te mog\u0105 wydawa\u0107 si\u0119 surowe, ale w rzeczywisto\u015bci s\u0105 to <strong>\"\u017belazne Zasady Zarz\u0105dzania Ryzykiem\"<\/strong>, kt\u00f3re zawsze podkre\u015blamy. Je\u015bli masz nawyki hazardzisty (All-in), nie przetrwasz w Prop Firmie nawet trzech dni; ale je\u015bli \u015bci\u015ble przestrzegasz zarz\u0105dzania ryzykiem, zdanie egzaminu jest tylko kwesti\u0105 czasu.\n<\/span><\/div>\n\t\t<div class=\"elementor-element elementor-element-63c0e87 e-con-full e-flex e-con e-child\" data-id=\"63c0e87\" data-element_type=\"container\" data-settings=\"{&quot;background_background&quot;:&quot;classic&quot;}\">\n\t\t\t\t<div class=\"elementor-element elementor-element-dbec11a elementor-widget elementor-widget-html translation-block\" data-id=\"dbec11a\" data-element_type=\"widget\" data-widget_type=\"html.default\"><span>\n<h3><strong>\ud83c\udfc6 Lista rekomendowana przez Mr.Forex<\/strong><\/h3>\nAby zaoszcz\u0119dzi\u0107 Tw\u00f3j czas na szukanie, przygotowa\u0142em list\u0119 najbardziej renomowanych firm z czo\u0142\u00f3wki rynku:\n<\/span><\/div>\n\t\t\t\t<div class=\"elementor-element elementor-element-b596fdf elementor-widget elementor-widget-html translation-block\" data-id=\"b596fdf\" data-element_type=\"widget\" data-widget_type=\"html.default\"><span>\n<strong>FTMO \u2014 Uznany lider bran\u017cy<\/strong><br>\n<ul>\n    <li><strong>Cechy:<\/strong> \"Z\u0142oty standard\" w \u015bwiecie Prop Tradingu. Najd\u0142u\u017csza historia na rynku, nienaganna reputacja, b\u0142yskawiczne wyp\u0142aty i doskona\u0142e \u015brodowisko handlowe.<\/li>\n    <li><strong>Grupa docelowa:<\/strong> Profesjonalni traderzy, kt\u00f3rzy ceni\u0105 ustandaryzowane procesy i wiarygodno\u015b\u0107 marki.<\/li>\n<\/ul>\n<\/span><\/div>\n\t\t\t\t<div class=\"elementor-element elementor-element-824ddcf elementor-icon-list--layout-inline elementor-list-item-link-inline elementor-widget elementor-widget-icon-list\" data-id=\"824ddcf\" data-element_type=\"widget\" data-widget_type=\"icon-list.default\">\n\t\t\t\t\t\t\t<ul class=\"elementor-icon-list-items elementor-inline-items\">\n\t\t\t\t\t\t\t<li class=\"elementor-icon-list-item elementor-inline-item\">\n\t\t\t\t\t\t\t\t\t\t\t<a href=\"https:\/\/trader.ftmo.com\/?affiliates=eHFMXPlbOlHBoIeBTdvU\" target=\"_blank\" rel=\"nofollow noopener\">\n\n\t\t\t\t\t\t\t\t\t\t\t\t<span class=\"elementor-icon-list-icon\">\n\t\t\t\t\t\t\t<svg aria-hidden=\"true\" class=\"e-font-icon-svg e-far-check-circle\" viewbox=\"0 0 512 512\" xmlns=\"http:\/\/www.w3.org\/2000\/svg\"><path d=\"M256 8C119.033 8 8 119.033 8 256s111.033 248 248 248 248-111.033 248-248S392.967 8 256 8zm0 48c110.532 0 200 89.451 200 200 0 110.532-89.451 200-200 200-110.532 0-200-89.451-200-200 0-110.532 89.451-200 200-200m140.204 130.267l-22.536-22.718c-4.667-4.705-12.265-4.736-16.97-.068L215.346 303.697l-59.792-60.277c-4.667-4.705-12.265-4.736-16.97-.069l-22.719 22.536c-4.705 4.667-4.736 12.265-.068 16.971l90.781 91.516c4.667 4.705 12.265 4.736 16.97.068l172.589-171.204c4.704-4.668 4.734-12.266.067-16.971z\"><\/path><\/svg>\t\t\t\t\t\t<\/span>\n\t\t\t\t\t\t\t\t\t\t<span class=\"elementor-icon-list-text\">Kliknij, aby zobaczy\u0107 zasady wyzwania FTMO<\/span>\n\t\t\t\t\t\t\t\t\t\t\t<\/a>\n\t\t\t\t\t\t\t\t\t<\/li>\n\t\t\t\t\t\t<\/ul>\n\t\t\t\t\t\t<\/div>\n\t\t\t\t<div class=\"elementor-element elementor-element-c798038 elementor-widget elementor-widget-html translation-block\" data-id=\"c798038\" data-element_type=\"widget\" data-widget_type=\"html.default\"><span>\n<strong>Darwinex Zero \u2014 Twoja \u015bcie\u017cka do zostania zarz\u0105dzaj\u0105cym funduszem<\/strong><br>\n  <ul>\n    <li><strong>Cechy:<\/strong> Unikalny model subskrypcyjny bez limit\u00f3w czasowych na egzamin. G\u0142\u00f3wnym celem jest budowanie d\u0142ugoterminowych wynik\u00f3w; najlepsi otrzymuj\u0105 bezpo\u015bredni\u0105 alokacj\u0119 kapita\u0142u instytucjonalnego.<\/li>\n    <li><strong>Grupa docelowa:<\/strong> Traderzy chc\u0105cy unikn\u0105\u0107 presji egzaminacyjnej oraz osoby aspiruj\u0105ce do profesjonalnego zarz\u0105dzania aktywami.<\/li>\n  <\/ul>\n<\/span><\/div>\n\t\t\t\t<div class=\"elementor-element elementor-element-c584754 elementor-icon-list--layout-inline elementor-list-item-link-inline elementor-widget elementor-widget-icon-list\" data-id=\"c584754\" data-element_type=\"widget\" data-widget_type=\"icon-list.default\">\n\t\t\t\t\t\t\t<ul class=\"elementor-icon-list-items elementor-inline-items\">\n\t\t\t\t\t\t\t<li class=\"elementor-icon-list-item elementor-inline-item\">\n\t\t\t\t\t\t\t\t\t\t\t<a href=\"https:\/\/www.darwinexzero.com?fpr=6a0yb2\" target=\"_blank\" rel=\"nofollow noopener\">\n\n\t\t\t\t\t\t\t\t\t\t\t\t<span class=\"elementor-icon-list-icon\">\n\t\t\t\t\t\t\t<svg aria-hidden=\"true\" class=\"e-font-icon-svg e-far-check-circle\" viewbox=\"0 0 512 512\" xmlns=\"http:\/\/www.w3.org\/2000\/svg\"><path d=\"M256 8C119.033 8 8 119.033 8 256s111.033 248 248 248 248-111.033 248-248S392.967 8 256 8zm0 48c110.532 0 200 89.451 200 200 0 110.532-89.451 200-200 200-110.532 0-200-89.451-200-200 0-110.532 89.451-200 200-200m140.204 130.267l-22.536-22.718c-4.667-4.705-12.265-4.736-16.97-.068L215.346 303.697l-59.792-60.277c-4.667-4.705-12.265-4.736-16.97-.069l-22.719 22.536c-4.705 4.667-4.736 12.265-.068 16.971l90.781 91.516c4.667 4.705 12.265 4.736 16.97.068l172.589-171.204c4.704-4.668 4.734-12.266.067-16.971z\"><\/path><\/svg>\t\t\t\t\t\t<\/span>\n\t\t\t\t\t\t\t\t\t\t<span class=\"elementor-icon-list-text\">Kliknij, aby odebra\u0107 sw\u00f3j ekskluzywny 20% kod rabatowy<\/span>\n\t\t\t\t\t\t\t\t\t\t\t<\/a>\n\t\t\t\t\t\t\t\t\t<\/li>\n\t\t\t\t\t\t<\/ul>\n\t\t\t\t\t\t<\/div>\n\t\t\t\t<div class=\"elementor-element elementor-element-01023ef elementor-icon-list--layout-inline elementor-list-item-link-inline elementor-widget elementor-widget-icon-list\" data-id=\"01023ef\" data-element_type=\"widget\" data-widget_type=\"icon-list.default\">\n\t\t\t\t\t\t\t<ul class=\"elementor-icon-list-items elementor-inline-items\">\n\t\t\t\t\t\t\t<li class=\"elementor-icon-list-item elementor-inline-item\">\n\t\t\t\t\t\t\t\t\t\t\t<span class=\"elementor-icon-list-icon\">\n\t\t\t\t\t\t\t<svg aria-hidden=\"true\" class=\"e-font-icon-svg e-fas-bullhorn\" viewbox=\"0 0 576 512\" xmlns=\"http:\/\/www.w3.org\/2000\/svg\"><path d=\"M576 240c0-23.63-12.95-44.04-32-55.12V32.01C544 23.26 537.02 0 512 0c-7.12 0-14.19 2.38-19.98 7.02l-85.03 68.03C364.28 109.19 310.66 128 256 128H64c-35.35 0-64 28.65-64 64v96c0 35.35 28.65 64 64 64h33.7c-1.39 10.48-2.18 21.14-2.18 32 0 39.77 9.26 77.35 25.56 110.94 5.19 10.69 16.52 17.06 28.4 17.06h74.28c26.05 0 41.69-29.84 25.9-50.56-16.4-21.52-26.15-48.36-26.15-77.44 0-11.11 1.62-21.79 4.41-32H256c54.66 0 108.28 18.81 150.98 52.95l85.03 68.03a32.023 32.023 0 0 0 19.98 7.02c24.92 0 32-22.78 32-32V295.13C563.05 284.04 576 263.63 576 240zm-96 141.42l-33.05-26.44C392.95 311.78 325.12 288 256 288v-96c69.12 0 136.95-23.78 190.95-66.98L480 98.58v282.84z\"><\/path><\/svg>\t\t\t\t\t\t<\/span>\n\t\t\t\t\t\t\t\t\t\t<span class=\"elementor-icon-list-text\"><strong>Kod rabatowy:\u00a0<\/strong>ZEROPARTNER_20<\/span>\n\t\t\t\t\t\t\t\t\t<\/li>\n\t\t\t\t\t\t<\/ul>\n\t\t\t\t\t\t<\/div>\n\t\t\t\t<div class=\"elementor-element elementor-element-6c863f8 elementor-widget elementor-widget-heading\" data-id=\"6c863f8\" data-element_type=\"widget\" data-widget_type=\"heading.default\">\n\t\t\t\t\t<span class=\"elementor-heading-title elementor-size-default\">(Uwaga: Rejestracja przez link zapewnia dodatkowe korzy\u015bci i wspiera dzia\u0142anie tej strony).<\/span>\t\t\t\t<\/div>\n\t\t\t\t<\/div>\n\t\t\t\t<div class=\"elementor-element elementor-element-6a1281a elementor-widget elementor-widget-html translation-block\" data-id=\"6a1281a\" data-element_type=\"widget\" data-widget_type=\"html.default\"><span>\n<h2><strong>Podsumowanie: Egzamin ko\u0144cowy \u2014 Tw\u00f3j nast\u0119pny krok<\/strong><\/h2>\nSp\u00f3jrz na drog\u0119, kt\u00f3r\u0105 przeby\u0142e\u015b: opanowa\u0142e\u015b platform\u0119, pozna\u0142e\u015b strategie i zrozumia\u0142e\u015b zarz\u0105dzanie ryzykiem. Teraz trzymasz w r\u0119ku bilet do zwielokrotnionych zysk\u00f3w.<br><br>\n\n<h3><strong>\ud83c\udf93 Kiedy powiniene\u015b zacz\u0105\u0107 wyzwanie?<\/strong><\/h3>\nNajpierw osi\u0105gnij poni\u017csze <strong>\"Standardy Uko\u0144czenia\"<\/strong> na koncie demo:<br><br>\n  <ol>\n    <li>Rejestruj wyniki konta demo przez co najmniej miesi\u0105c przy u\u017cyciu <strong>Myfxbook<\/strong>.<\/li>\n    <li>Spe\u0142nij wska\u017aniki: <strong>Profit Factor &gt; 1.5<\/strong> oraz <strong>Max Drawdown &lt; 10%<\/strong>.<\/li>\n    <li>Test mentalny: Zdolno\u015b\u0107 do konsekwentnego przestrzegania dyscypliny, bez absolutnie \u017cadnego \"revenge tradingu\" (handlu odwetowego).<\/li>\n  <\/ol><br>\n\nGdy spe\u0142nisz te warunki, \u015bmia\u0142o zapisz si\u0119 na najmniejsze wyzwanie. Ta niewielka op\u0142ata rejestracyjna b\u0119dzie inwestycj\u0105 o najwy\u017cszym ROI na Twojej drodze do zostania zawodowym traderem.<br><br>\n\n<strong>Powodzenia na rynkach. Do zobaczenia na kursach zaawansowanych.<\/strong><br><br>\n\n  \u2014 <strong>Mr.Forex<\/strong>\n<\/span><\/div>\n\t\t\t\t<div class=\"elementor-element elementor-element-b8c31ee elementor-icon-list--layout-inline elementor-list-item-link-inline elementor-widget elementor-widget-icon-list\" data-id=\"b8c31ee\" data-element_type=\"widget\" data-widget_type=\"icon-list.default\">\n\t\t\t\t\t\t\t<ul class=\"elementor-icon-list-items elementor-inline-items\">\n\t\t\t\t\t\t\t<li class=\"elementor-icon-list-item elementor-inline-item\">\n\t\t\t\t\t\t\t\t\t\t\t<a href=\"https:\/\/mister.forex\/pl\/ebook-hub\/\">\n\n\t\t\t\t\t\t\t\t\t\t\t\t<span class=\"elementor-icon-list-icon\">\n\t\t\t\t\t\t\t<svg aria-hidden=\"true\" class=\"e-font-icon-svg e-fas-home\" viewbox=\"0 0 576 512\" xmlns=\"http:\/\/www.w3.org\/2000\/svg\"><path d=\"M280.37 148.26L96 300.11V464a16 16 0 0 0 16 16l112.06-.29a16 16 0 0 0 15.92-16V368a16 16 0 0 1 16-16h64a16 16 0 0 1 16 16v95.64a16 16 0 0 0 16 16.05L464 480a16 16 0 0 0 16-16V300L295.67 148.26a12.19 12.19 0 0 0-15.3 0zM571.6 251.47L488 182.56V44.05a12 12 0 0 0-12-12h-56a12 12 0 0 0-12 12v72.61L318.47 43a48 48 0 0 0-61 0L4.34 251.47a12 12 0 0 0-1.6 16.9l25.5 31A12 12 0 0 0 45.15 301l235.22-193.74a12.19 12.19 0 0 1 15.3 0L530.9 301a12 12 0 0 0 16.9-1.6l25.5-31a12 12 0 0 0-1.7-16.93z\"><\/path><\/svg>\t\t\t\t\t\t<\/span>\n\t\t\t\t\t\t\t\t\t\t<span class=\"elementor-icon-list-text\">Powr\u00f3t do strony g\u0142\u00f3wnej eBooka<\/span>\n\t\t\t\t\t\t\t\t\t\t\t<\/a>\n\t\t\t\t\t\t\t\t\t<\/li>\n\t\t\t\t\t\t<\/ul>\n\t\t\t\t\t\t<\/div>\n\t\t\t\t\t<\/div>\n\t\t\t\t<\/div>\n\t\t\t\t<\/div>","protected":false},"excerpt":{"rendered":"<p>Dowiedz si\u0119, jak dzia\u0142aj\u0105 firmy prop tradingowe: bez d\u0142ug\u00f3w i zobowi\u0105za\u0144. Zdaj ewaluacj\u0119, aby uzyska\u0107 dost\u0119p do ponad 100 000 USD kapita\u0142u z podzia\u0142em zysku 80%! Mr.Forex poka\u017ce Ci, jak zmieni\u0107 nisk\u0105 op\u0142at\u0119 rejestracyjn\u0105 w profesjonaln\u0105 karier\u0119 i wyrwa\u0107 si\u0119 z pu\u0142apki ma\u0142ych kont.<\/p>","protected":false},"author":1,"featured_media":66049,"parent":0,"menu_order":0,"comment_status":"closed","ping_status":"closed","template":"","meta":{"footnotes":""},"tags":[128],"class_list":["post-66033","page","type-page","status-publish","has-post-thumbnail","hentry","tag-no-google"],"_links":{"self":[{"href":"https:\/\/mister.forex\/pl\/wp-json\/wp\/v2\/pages\/66033","targetHints":{"allow":["GET"]}}],"collection":[{"href":"https:\/\/mister.forex\/pl\/wp-json\/wp\/v2\/pages"}],"about":[{"href":"https:\/\/mister.forex\/pl\/wp-json\/wp\/v2\/types\/page"}],"author":[{"embeddable":true,"href":"https:\/\/mister.forex\/pl\/wp-json\/wp\/v2\/users\/1"}],"replies":[{"embeddable":true,"href":"https:\/\/mister.forex\/pl\/wp-json\/wp\/v2\/comments?post=66033"}],"version-history":[{"count":39,"href":"https:\/\/mister.forex\/pl\/wp-json\/wp\/v2\/pages\/66033\/revisions"}],"predecessor-version":[{"id":71275,"href":"https:\/\/mister.forex\/pl\/wp-json\/wp\/v2\/pages\/66033\/revisions\/71275"}],"wp:featuredmedia":[{"embeddable":true,"href":"https:\/\/mister.forex\/pl\/wp-json\/wp\/v2\/media\/66049"}],"wp:attachment":[{"href":"https:\/\/mister.forex\/pl\/wp-json\/wp\/v2\/media?parent=66033"}],"wp:term":[{"taxonomy":"post_tag","embeddable":true,"href":"https:\/\/mister.forex\/pl\/wp-json\/wp\/v2\/tags?post=66033"}],"curies":[{"name":"wp","href":"https:\/\/api.w.org\/{rel}","templated":true}]}}