{"id":66209,"date":"2026-02-07T20:46:27","date_gmt":"2026-02-07T12:46:27","guid":{"rendered":"https:\/\/mister.forex\/?page_id=66209"},"modified":"2026-05-08T16:46:30","modified_gmt":"2026-05-08T08:46:30","slug":"how-to-verify-forex-performance-myfxbook","status":"publish","type":"page","link":"https:\/\/mister.forex\/pl\/how-to-verify-forex-performance-myfxbook\/","title":{"rendered":"Demaskujemy oszustwa Forex! Profesjonali\u015bci ufaj\u0105 tylko Myfxbook, odrzu\u0107 fa\u0142szywe zrzuty ekranu"},"content":{"rendered":"<div data-elementor-type=\"wp-page\" data-elementor-id=\"66209\" class=\"elementor elementor-66209\" data-elementor-post-type=\"page\">\n\t\t\t\t<div class=\"elementor-element elementor-element-e032430 e-flex e-con-boxed e-con e-parent\" data-id=\"e032430\" data-element_type=\"container\">\n\t\t\t\t\t<div class=\"e-con-inner\">\n\t\t\t\t<div class=\"elementor-element elementor-element-b269822 elementor-widget elementor-widget-heading\" data-id=\"b269822\" data-element_type=\"widget\" data-widget_type=\"heading.default\">\n\t\t\t\t\t<h1 class=\"elementor-heading-title elementor-size-default\">Dlaczego Myfxbook to jedyna prawda w Forex? Ukryte koszty fa\u0142szywych zrzut\u00f3w ekranu<\/h1>\t\t\t\t<\/div>\n\t\t\t\t<div class=\"elementor-element elementor-element-23ee36f elementor-widget elementor-widget-html translation-block\" data-id=\"23ee36f\" data-element_type=\"widget\" data-widget_type=\"html.default\"><span>\nW \u015bwiecie tradingu istnieje s\u0142ynne powiedzenie: \u201eJe\u015bli nie masz wynik\u00f3w zweryfikowanych przez stron\u0119 trzeci\u0105, to wszystko, co m\u00f3wisz, jest bez znaczenia\u201d.<br><br>\nKiedy widzisz na <strong>Telegramie<\/strong> te kusz\u0105ce \u201eniebieskie zrzuty ekranu z zyskami\u201d lub \u201eraporty o 100% skuteczno\u015bci\u201d, zachowaj spok\u00f3j i zadaj sobie pytanie: Czy te dane s\u0105 prawdziwe? W dobie program\u00f3w graficznych i kont demo koszt zrzutu ekranu jest praktycznie zerowy.<br><br>\nJako odpowiedzialny zesp\u00f3\u0142 ilo\u015bciowy nauczymy Ci\u0119, jak korzysta\u0107 z <strong>Myfxbook<\/strong>, aby odr\u00f3\u017cni\u0107 prawd\u0119 od fa\u0142szu, dok\u0142adnie tak, jak robi\u0105 to inwestorzy instytucjonalni.<br><br>\n\n<h2><strong>1. Dlaczego zrzuty ekranu z MT4 \/ MT5 s\u0105 niewiarygodne?<\/strong><\/h2>\nZrzuty ekranu pokazuj\u0105 tylko statyczne wyniki, ale nie odzwierciedlaj\u0105 rzeczywistego \u017ar\u00f3d\u0142a funduszy ani og\u00f3lnego zarz\u0105dzania ryzykiem.<br><br>\n<ul>\n    <li><strong>Konto demo jako rzeczywiste:<\/strong> Oszu\u015bci mog\u0105 u\u017cywa\u0107 kont demo z nieograniczonymi \u015brodkami do \u201esamob\u00f3jczego\u201d ryzykowania. Je\u015bli raz im si\u0119 uda, chwal\u0105 si\u0119 zrzutem ekranu; je\u015bli strac\u0105, po prostu usuwaj\u0105 konto i otwieraj\u0105 nowe bez \u017cadnych koszt\u00f3w.<\/li><br>\n    \n    <li><strong>Modyfikacja historii transakcji:<\/strong> Istnieje wiele narz\u0119dzi do edycji kodu \u017ar\u00f3d\u0142owego dla MT4\/MT5. Oszu\u015bci mog\u0105 dowolnie zmienia\u0107 ceny wej\u015bcia, wyj\u015bcia, wielko\u015b\u0107 lot\u00f3w, a nawet zysk, aby stworzy\u0107 \u201eidealny\u201d zrzut ekranu.<\/li><br>\n    \n    <li><strong>Wybi\u00f3rcza prezentacja i b\u0142\u0105d prze\u017cywalno\u015bci:<\/strong> Pokazuj\u0105 tylko zamkni\u0119te zyskowne transakcje. Ogromne \u201estraty p\u0142ywaj\u0105ce (Floating Loss)\u201d, kt\u00f3re mog\u0105 w ka\u017cdej chwili wyzerowa\u0107 konto, s\u0105 ca\u0142kowicie niewidoczne na zrzutach ekranu z histori\u0105.<\/li>\n<\/ul>\n<\/span><\/div>\n\t\t<div class=\"elementor-element elementor-element-a666061 e-con-full e-flex e-con e-child\" data-id=\"a666061\" data-element_type=\"container\" data-settings=\"{&quot;background_background&quot;:&quot;classic&quot;}\">\n\t\t\t\t<div class=\"elementor-element elementor-element-0c15686 elementor-widget elementor-widget-html translation-block\" data-id=\"0c15686\" data-element_type=\"widget\" data-widget_type=\"html.default\"><span>\n<strong>Ostrze\u017cenie:<\/strong> Wzrost salda (Balance) nie oznacza bezpiecze\u0144stwa konta; musisz sprawdza\u0107 Equity, aby pozna\u0107 rzeczywist\u0105 sytuacj\u0119.\n<\/span><\/div>\n\t\t\t\t<\/div>\n\t\t\t\t<div class=\"elementor-element elementor-element-70b6592 elementor-widget elementor-widget-html translation-block\" data-id=\"70b6592\" data-element_type=\"widget\" data-widget_type=\"html.default\"><span>\n<h2><strong>2. Myfxbook: \u201eJedyna prawda\u201d w Forex<\/strong><\/h2>\n<strong>Myfxbook<\/strong> to niezale\u017cna platforma audytorska stron trzecich. \u0141\u0105czy si\u0119 bezpo\u015brednio z danymi kont transakcyjnych, co uniemo\u017cliwia jak\u0105kolwiek manipulacj\u0119. Przegl\u0105daj\u0105c konto, zawsze szukaj dw\u00f3ch \u201ezielonych ptaszk\u00f3w\u201d:<br>\n<\/span><\/div>\n\t\t\t\t<div class=\"elementor-element elementor-element-988074f elementor-widget elementor-widget-image\" data-id=\"988074f\" data-element_type=\"widget\" data-widget_type=\"image.default\">\n\t\t\t\t\t\t\t\t\t\t\t\t<figure class=\"wp-caption\">\n\t\t\t\t\t\t\t\t\t\t<img fetchpriority=\"high\" decoding=\"async\" width=\"600\" height=\"153\" src=\"https:\/\/mister.forex\/wp-content\/uploads\/2026\/02\/myfxbook-verified-illustration.webp\" class=\"attachment-full size-full wp-image-66318\" alt=\"Znaczniki weryfikacji Myfxbook \u201eZweryfikowana historia\u201d i \u201eZweryfikowane uprawnienia handlowe\u201d gwarantuj\u0105 autentyczno\u015b\u0107 danych i w\u0142asno\u015b\u0107 konta.\" srcset=\"https:\/\/mister.forex\/wp-content\/uploads\/2026\/02\/myfxbook-verified-illustration.webp 600w, https:\/\/mister.forex\/wp-content\/uploads\/2026\/02\/myfxbook-verified-illustration-500x128.webp 500w, https:\/\/mister.forex\/wp-content\/uploads\/2026\/02\/myfxbook-verified-illustration-300x77.webp 300w, https:\/\/mister.forex\/wp-content\/uploads\/2026\/02\/myfxbook-verified-illustration-18x5.webp 18w\" sizes=\"(max-width: 600px) 100vw, 600px\" \/>\t\t\t\t\t\t\t\t\t\t\t<figcaption class=\"widget-image-caption wp-caption-text\">Znaczniki weryfikacji Myfxbook \u201eZweryfikowana historia\u201d i \u201eZweryfikowane uprawnienia handlowe\u201d gwarantuj\u0105 autentyczno\u015b\u0107 danych i w\u0142asno\u015b\u0107 konta.<\/figcaption>\n\t\t\t\t\t\t\t\t\t\t<\/figure>\n\t\t\t\t\t\t\t\t\t<\/div>\n\t\t\t\t<div class=\"elementor-element elementor-element-7f51516 elementor-widget elementor-widget-html translation-block\" data-id=\"7f51516\" data-element_type=\"widget\" data-widget_type=\"html.default\"><span>\n<strong>\u2705 Zweryfikowana historia (Track Record Verified):<\/strong><br>\nOznacza to, \u017ce dane s\u0105 pobierane bezpo\u015brednio z serwera brokera, co wyklucza mo\u017cliwo\u015b\u0107 manipulacji.<br><br>\n<strong>\u2705 Zweryfikowane uprawnienia handlowe (Trading Privileges Verified):<\/strong><br>\nPotwierdza to, \u017ce wydawca rzeczywi\u015bcie posiada uprawnienia do tego konta i nie ukrad\u0142 zrzutu ekranu innej osobie.<br><br>\nJe\u015bli jaki\u015b \u201enauczyciel\u201d boi si\u0119 poda\u0107 link do <strong>Myfxbook<\/strong> lub w linku brakuje tych dw\u00f3ch ptaszk\u00f3w, natychmiast go zablokuj.<br><br>\n\n<h2><strong>3. Nie patrz na to, \u201eile zarobi\u0142e\u015b\u201d, patrz na to, \u201eile straci\u0142e\u015b\u201d (Drawdown)<\/strong><\/h2>\nPocz\u0105tkuj\u0105cy patrz\u0105 na zysk, profesjonali\u015bci na obsuni\u0119cie kapita\u0142u (Drawdown, w skr\u00f3cie DD).<br><br>\nJe\u015bli konto zarobi\u0142o 100%, ale w mi\u0119dzyczasie maksymalne obsuni\u0119cie wynios\u0142o 80%, oznacza to, \u017ce w ka\u017cdej chwili mog\u0142o zosta\u0107 wyzerowane. To nie jest trading, to \u201ehazard\u201d.<br><br>\n<strong>Standard profesjonalny:<\/strong> D\u0105\u017cymy do p\u0142ynnie rosn\u0105cej krzywej. System, kt\u00f3ry utrzymuje Drawdown w granicach 10%\u201320% i stale zarabia, to godny zaufania model ilo\u015bciowy.<br>\n<\/span><\/div>\n\t\t\t\t<div class=\"elementor-element elementor-element-6e158f6 elementor-widget elementor-widget-image\" data-id=\"6e158f6\" data-element_type=\"widget\" data-widget_type=\"image.default\">\n\t\t\t\t\t\t\t\t\t\t\t\t<figure class=\"wp-caption\">\n\t\t\t\t\t\t\t\t\t\t<img decoding=\"async\" width=\"919\" height=\"443\" src=\"https:\/\/mister.forex\/wp-content\/uploads\/2026\/02\/smooth-upward-equity-curve-diagram.webp\" class=\"attachment-full size-full wp-image-66319\" alt=\"Przyk\u0142ad stabilnej krzywej zysku. \u017b\u00f3\u0142ta linia kapita\u0142u i czerwona linia salda pokrywaj\u0105 si\u0119 i stale rosn\u0105, co \u015bwiadczy o dobrej kontroli obsuni\u0119cia kapita\u0142u.\" srcset=\"https:\/\/mister.forex\/wp-content\/uploads\/2026\/02\/smooth-upward-equity-curve-diagram.webp 919w, https:\/\/mister.forex\/wp-content\/uploads\/2026\/02\/smooth-upward-equity-curve-diagram-500x241.webp 500w, https:\/\/mister.forex\/wp-content\/uploads\/2026\/02\/smooth-upward-equity-curve-diagram-300x145.webp 300w, https:\/\/mister.forex\/wp-content\/uploads\/2026\/02\/smooth-upward-equity-curve-diagram-768x370.webp 768w, https:\/\/mister.forex\/wp-content\/uploads\/2026\/02\/smooth-upward-equity-curve-diagram-18x9.webp 18w\" sizes=\"(max-width: 919px) 100vw, 919px\" \/>\t\t\t\t\t\t\t\t\t\t\t<figcaption class=\"widget-image-caption wp-caption-text\">Przyk\u0142ad stabilnej krzywej zysku. \u017b\u00f3\u0142ta linia kapita\u0142u i czerwona linia salda pokrywaj\u0105 si\u0119 i stale rosn\u0105, co \u015bwiadczy o dobrej kontroli obsuni\u0119cia kapita\u0142u.<\/figcaption>\n\t\t\t\t\t\t\t\t\t\t<\/figure>\n\t\t\t\t\t\t\t\t\t<\/div>\n\t\t\t\t<div class=\"elementor-element elementor-element-5ea0d62 elementor-widget elementor-widget-html translation-block\" data-id=\"5ea0d62\" data-element_type=\"widget\" data-widget_type=\"html.default\"><span>\n<h2><strong>4. Saldo (Balance) vs Equity: Demaskowanie pu\u0142apki \u201etrzymania strat\u201d<\/strong><\/h2>\nU wielu oszust\u00f3w \u201eSaldo\u201d stale ro\u015bnie, ale \u201eKrzywa kapita\u0142u (Equity)\u201d spada w przepa\u015b\u0107. Oznacza to, \u017ce odmawiaj\u0105 oni ucinania strat i utrzymuj\u0105 ogromne straty p\u0142ywaj\u0105ce. Je\u015bli rynek nie zawr\u00f3ci, konto b\u0142yskawicznie zostaje wyzerowane.<br><br>\nNa <strong>Myfxbook<\/strong>: Obserwuj, czy \u017c\u00f3\u0142ta linia Equity pod\u0105\u017ca tu\u017c za czerwon\u0105 lini\u0105 Salda. <strong>Je\u015bli obie linie zbytnio si\u0119 rozchodz\u0105, uciekaj!<\/strong><br>\n<\/span><\/div>\n\t\t\t\t<div class=\"elementor-element elementor-element-741b874 elementor-widget elementor-widget-image\" data-id=\"741b874\" data-element_type=\"widget\" data-widget_type=\"image.default\">\n\t\t\t\t\t\t\t\t\t\t\t\t<figure class=\"wp-caption\">\n\t\t\t\t\t\t\t\t\t\t<img decoding=\"async\" width=\"919\" height=\"443\" src=\"https:\/\/mister.forex\/wp-content\/uploads\/2026\/02\/martingale-reject-stoploss-diagram.webp\" class=\"attachment-full size-full wp-image-66316\" alt=\"Wykres demaskuj\u0105cy ryzyko \u201etrzymania strat\u201d. Strza\u0142ka wskazuje na gwa\u0142towny spadek linii kapita\u0142u (\u017c\u00f3\u0142ta) wzgl\u0119dem linii salda (czerwona), co oznacza ogromne ryzyko straty p\u0142ywaj\u0105cej.\" srcset=\"https:\/\/mister.forex\/wp-content\/uploads\/2026\/02\/martingale-reject-stoploss-diagram.webp 919w, https:\/\/mister.forex\/wp-content\/uploads\/2026\/02\/martingale-reject-stoploss-diagram-500x241.webp 500w, https:\/\/mister.forex\/wp-content\/uploads\/2026\/02\/martingale-reject-stoploss-diagram-300x145.webp 300w, https:\/\/mister.forex\/wp-content\/uploads\/2026\/02\/martingale-reject-stoploss-diagram-768x370.webp 768w, https:\/\/mister.forex\/wp-content\/uploads\/2026\/02\/martingale-reject-stoploss-diagram-18x9.webp 18w\" sizes=\"(max-width: 919px) 100vw, 919px\" \/>\t\t\t\t\t\t\t\t\t\t\t<figcaption class=\"widget-image-caption wp-caption-text\">Wykres demaskuj\u0105cy ryzyko \u201etrzymania strat\u201d. Strza\u0142ka wskazuje na gwa\u0142towny spadek linii kapita\u0142u (\u017c\u00f3\u0142ta) wzgl\u0119dem linii salda (czerwona), co oznacza ogromne ryzyko straty p\u0142ywaj\u0105cej.<\/figcaption>\n\t\t\t\t\t\t\t\t\t\t<\/figure>\n\t\t\t\t\t\t\t\t\t<\/div>\n\t\t<div class=\"elementor-element elementor-element-08d76c5 e-con-full e-flex e-con e-child\" data-id=\"08d76c5\" data-element_type=\"container\" data-settings=\"{&quot;background_background&quot;:&quot;classic&quot;}\">\n\t\t\t\t<div class=\"elementor-element elementor-element-2c41fb6 elementor-widget elementor-widget-html translation-block\" data-id=\"2c41fb6\" data-element_type=\"widget\" data-widget_type=\"html.default\"><span>\n<h3><strong>Nasza obietnica: Przejrzysto\u015b\u0107 to nasz jedyny j\u0119zyk<\/strong><\/h3>\nNie wysy\u0142amy nieweryfikowalnych zrzut\u00f3w ekranu, lecz udost\u0119pniamy bezpo\u015brednie linki do naszych sygna\u0142\u00f3w transakcyjnych na \u017cywo. Mo\u017cesz monitorowa\u0107 ka\u017cd\u0105 nasz\u0105 transakcj\u0119, ka\u017cde obsuni\u0119cie kapita\u0142u i ka\u017cdy zysk przez 24 godziny na dob\u0119. Tylko najlepsi maj\u0105 odwag\u0119 podda\u0107 si\u0119 rygorystycznemu audytowi zewn\u0119trznemu.\n<\/span><\/div>\n\t\t\t\t<\/div>\n\t\t\t\t<div class=\"elementor-element elementor-element-4dfb66f elementor-widget elementor-widget-html translation-block\" data-id=\"4dfb66f\" data-element_type=\"widget\" data-widget_type=\"html.default\"><span>\n<h2><strong>Podsumowanie: Skoro potrafisz ju\u017c czyta\u0107 dane, jak powiniene\u015b alokowa\u0107 swoje aktywa?<\/strong><\/h2>\nNauka odr\u00f3\u017cniania prawdy od fa\u0142szu to tylko pierwszy krok. Na prawdziwym rynku \u017cadna strategia nie jest niezwyci\u0119\u017cona na zawsze. W jaki spos\u00f3b profesjonalni inwestorzy wykorzystuj\u0105 \u201eportfel wielostrategijny\u201d do obrony przed ryzykiem rynkowym?\n<\/span><\/div>\n\t\t\t\t<div class=\"elementor-element elementor-element-d10242b elementor-icon-list--layout-inline elementor-list-item-link-inline elementor-widget elementor-widget-icon-list\" data-id=\"d10242b\" data-element_type=\"widget\" data-widget_type=\"icon-list.default\">\n\t\t\t\t\t\t\t<ul class=\"elementor-icon-list-items elementor-inline-items\">\n\t\t\t\t\t\t\t<li class=\"elementor-icon-list-item elementor-inline-item\">\n\t\t\t\t\t\t\t\t\t\t\t<a href=\"https:\/\/mister.forex\/pl\/hedge-fund-portfolio-logic\/\">\n\n\t\t\t\t\t\t\t\t\t\t\t\t<span class=\"elementor-icon-list-icon\">\n\t\t\t\t\t\t\t<svg aria-hidden=\"true\" class=\"e-font-icon-svg e-far-check-circle\" viewbox=\"0 0 512 512\" xmlns=\"http:\/\/www.w3.org\/2000\/svg\"><path d=\"M256 8C119.033 8 8 119.033 8 256s111.033 248 248 248 248-111.033 248-248S392.967 8 256 8zm0 48c110.532 0 200 89.451 200 200 0 110.532-89.451 200-200 200-110.532 0-200-89.451-200-200 0-110.532 89.451-200 200-200m140.204 130.267l-22.536-22.718c-4.667-4.705-12.265-4.736-16.97-.068L215.346 303.697l-59.792-60.277c-4.667-4.705-12.265-4.736-16.97-.069l-22.719 22.536c-4.705 4.667-4.736 12.265-.068 16.971l90.781 91.516c4.667 4.705 12.265 4.736 16.97.068l172.589-171.204c4.704-4.668 4.734-12.266.067-16.971z\"><\/path><\/svg>\t\t\t\t\t\t<\/span>\n\t\t\t\t\t\t\t\t\t\t<span class=\"elementor-icon-list-text\">Dlaczego fundusze hedgingowe nie stawiaj\u0105 wszystkiego na jedn\u0105 kart\u0119? Logika zysk\u00f3w<\/span>\n\t\t\t\t\t\t\t\t\t\t\t<\/a>\n\t\t\t\t\t\t\t\t\t<\/li>\n\t\t\t\t\t\t<\/ul>\n\t\t\t\t\t\t<\/div>\n\t\t\t\t\t<\/div>\n\t\t\t\t<\/div>\n\t\t\t\t<\/div>","protected":false},"excerpt":{"rendered":"<p>Zrzuty ekranu z Forexu \u0142atwo sfa\u0142szowa\u0107. Jak inwestorzy mog\u0105 si\u0119 chroni\u0107? Nasz zesp\u00f3\u0142 analizuje pu\u0142apki MT4\/MT5 i przedstawia Myfxbook. Kluczowe punkty: weryfikacja wynik\u00f3w, analiza krzywej kapita\u0142u i profesjonalna alokacja aktyw\u00f3w.<\/p>","protected":false},"author":1,"featured_media":60992,"parent":0,"menu_order":0,"comment_status":"closed","ping_status":"closed","template":"","meta":{"footnotes":""},"tags":[128],"class_list":["post-66209","page","type-page","status-publish","has-post-thumbnail","hentry","tag-no-google"],"_links":{"self":[{"href":"https:\/\/mister.forex\/pl\/wp-json\/wp\/v2\/pages\/66209","targetHints":{"allow":["GET"]}}],"collection":[{"href":"https:\/\/mister.forex\/pl\/wp-json\/wp\/v2\/pages"}],"about":[{"href":"https:\/\/mister.forex\/pl\/wp-json\/wp\/v2\/types\/page"}],"author":[{"embeddable":true,"href":"https:\/\/mister.forex\/pl\/wp-json\/wp\/v2\/users\/1"}],"replies":[{"embeddable":true,"href":"https:\/\/mister.forex\/pl\/wp-json\/wp\/v2\/comments?post=66209"}],"version-history":[{"count":21,"href":"https:\/\/mister.forex\/pl\/wp-json\/wp\/v2\/pages\/66209\/revisions"}],"predecessor-version":[{"id":71441,"href":"https:\/\/mister.forex\/pl\/wp-json\/wp\/v2\/pages\/66209\/revisions\/71441"}],"wp:featuredmedia":[{"embeddable":true,"href":"https:\/\/mister.forex\/pl\/wp-json\/wp\/v2\/media\/60992"}],"wp:attachment":[{"href":"https:\/\/mister.forex\/pl\/wp-json\/wp\/v2\/media?parent=66209"}],"wp:term":[{"taxonomy":"post_tag","embeddable":true,"href":"https:\/\/mister.forex\/pl\/wp-json\/wp\/v2\/tags?post=66209"}],"curies":[{"name":"wp","href":"https:\/\/api.w.org\/{rel}","templated":true}]}}