{"id":66268,"date":"2026-02-07T21:05:51","date_gmt":"2026-02-07T13:05:51","guid":{"rendered":"https:\/\/mister.forex\/?page_id=66268"},"modified":"2026-04-21T14:49:01","modified_gmt":"2026-04-21T06:49:01","slug":"hedge-fund-portfolio-logic","status":"publish","type":"page","link":"https:\/\/mister.forex\/pl\/hedge-fund-portfolio-logic\/","title":{"rendered":"Przesta\u0144 stawia\u0107 wszystko na jedn\u0105 kart\u0119! Sekrety funduszy hedgingowych: Strategie i alokacja"},"content":{"rendered":"<div data-elementor-type=\"wp-page\" data-elementor-id=\"66268\" class=\"elementor elementor-66268\" data-elementor-post-type=\"page\">\n\t\t\t\t<div class=\"elementor-element elementor-element-e573153 e-flex e-con-boxed e-con e-parent\" data-id=\"e573153\" data-element_type=\"container\">\n\t\t\t\t\t<div class=\"e-con-inner\">\n\t\t\t\t<div class=\"elementor-element elementor-element-4658f0d elementor-widget elementor-widget-heading\" data-id=\"4658f0d\" data-element_type=\"widget\" data-widget_type=\"heading.default\">\n\t\t\t\t\t<h1 class=\"elementor-heading-title elementor-size-default\">Dlaczego fundusze hedgingowe nie stawiaj\u0105 wszystkiego na jedn\u0105 kart\u0119? Logika zysk\u00f3w<\/h1>\t\t\t\t<\/div>\n\t\t\t\t<div class=\"elementor-element elementor-element-52dd9d1 elementor-widget elementor-widget-html translation-block\" data-id=\"52dd9d1\" data-element_type=\"widget\" data-widget_type=\"html.default\"><span>\nW \u015bwiecie inwestycji pogo\u0144 za \u201ejedynym najsilniejszym sygna\u0142em\u201d to zazwyczaj pocz\u0105tek strat. Poniewa\u017c otoczenie rynkowe stale si\u0119 zmienia, \u017caden algorytm nie mo\u017ce pozosta\u0107 niezwyci\u0119\u017cony na zawsze.<br><br>\nProfesjonalne instytucje przetrwaj\u0105 w d\u0142u\u017cszej perspektywie dzi\u0119ki <strong>\u201ekomplementarno\u015bci strategii\u201d<\/strong>. Oto kluczowa logika alokacji aktyw\u00f3w:\n<\/span><br><br>\n\n<span>\n<h2><strong>1. Rynek si\u0119 zmienia, Twoja strategia potrzebuje \u201ePlanu B\u201d<\/strong><\/h2>\nWarunki rynkowe dziel\u0105 si\u0119 zazwyczaj na dwa rodzaje: <strong>Trend<\/strong> (du\u017ce wzrosty i spadki) oraz <strong>Konsolidacja<\/strong> (ruch boczny).<br><br>\n<ul>\n    <li>Je\u015bli inwestujesz tylko w <strong>strategie trendowe<\/strong>, Twoje konto b\u0119dzie nara\u017cone na powtarzaj\u0105ce si\u0119 stop-lossy, gdy rynek wpadnie w trend boczny.<\/li><br>\n    <li>Je\u015bli inwestujesz tylko w <strong>strategie kontraria\u0144skie<\/strong>, Twoje konto poniesie ryzyko du\u017cych strat podczas gwa\u0142townego trendu jednokierunkowego.<\/li>\n<\/ul>\n<br>\n<strong>Profesjonalne podej\u015bcie:<\/strong> Niech strategie o r\u00f3\u017cnych charakterystykach wzajemnie si\u0119 uzupe\u0142niaj\u0105. Gdy jedna strategia traci w konsolidacji, druga zarabia na trendzie. Taka alokacja oparta na \u201eujemnej korelacji\u201d to jedyna droga do stabilnego wzrostu kapita\u0142u.\n<\/span><br><br>\n\n<span>\n<h2><strong>2. Dwie kluczowe technologie: Komplementarne ramy ilo\u015bciowe<\/strong><\/h2>\nOpracowali\u015bmy dwa zestawy strategii handlowych dla r\u00f3\u017cnych \u015brodowisk rynkowych, stanowi\u0105ce bilet wst\u0119pu dla inwestor\u00f3w:\n<\/span><\/div>\n\t\t\t\t<div class=\"elementor-element elementor-element-96d5a99 elementor-widget elementor-widget-html\" data-id=\"96d5a99\" data-element_type=\"widget\" data-widget_type=\"html.default\">\n\t\t\t\t\t<span>\n<ul>\n    <li class=\" translation-block\"><strong>Alpha Gold:<\/strong> Specjalizuje si\u0119 w wychwytywaniu odchyle\u0144 cen rynkowych. Im silniejsze odchylenie, tym wi\u0119kszy potencja\u0142 zysku. Idealny dla inwestor\u00f3w szukaj\u0105cych gwa\u0142townego wzrostu.<\/li><br>\n    \n    <li class=\" translation-block\"><strong>Quant Matrix:<\/strong> Skupia si\u0119 na wzorcach statystycznych i mikro-oscylacjach wielu par walutowych. D\u0105\u017cy do maksymalnej stabilno\u015bci, kumuluj\u0105c zyski niczym odsetki bankowe.<\/li>\n<\/ul>\n<\/span>\t\t\t\t<\/div>\n\t\t\t\t<div class=\"elementor-element elementor-element-eaa015f elementor-widget elementor-widget-html translation-block\" data-id=\"eaa015f\" data-element_type=\"widget\" data-widget_type=\"html.default\"><span>\n<h2><strong>3. \u015acie\u017cka wzrostu: od weryfikacji po profesjonalny portfel<\/strong><\/h2>\nWiemy, \u017ce zaufanie wymaga czasu, dlatego oferujemy pe\u0142n\u0105 \u015bcie\u017ck\u0119 rozwoju od poziomu podstawowego do instytucjonalnego:<br><br>\n<ul>\n    <li><strong>Wst\u0119pna weryfikacja:<\/strong> Mo\u017cesz zacz\u0105\u0107 od prostej strategii i osobi\u015bcie por\u00f3wna\u0107 dane z <strong>Myfxbook<\/strong> z rzeczywistymi wynikami konta.<\/li><br>\n    \n    <li><strong>Stopniowe zwi\u0119kszanie zaanga\u017cowania:<\/strong> Po potwierdzeniu stabilno\u015bci systemu zalecamy \u0142\u0105czenie strategii trendowych i swingowych dla realnej ochrony kapita\u0142u.<\/li><br>\n    \n    <li><strong>Portfel inwestycyjny:<\/strong> Przy wi\u0119kszym kapitale system uruchamia zaawansowany hedging, zapewniaj\u0105c stabilno\u015b\u0107 na poziomie funduszy hedgingowych.<\/li>\n<\/ul>\n<\/span><br>\n\n<span>\n<h2><strong>Podsumowanie: Najlepsza inwestycja zaczyna si\u0119 od sprawdzenia fakt\u00f3w<\/strong><\/h2>\nTrading ilo\u015bciowy to nie magia, ale nauka. Wybierz strategi\u0119 dopasowan\u0105 do Twoich plan\u00f3w i przekonaj si\u0119 o skuteczno\u015bci automatyzacji.\n<\/span><br><br>\n\n<span>\n<h2><strong>Wybierz sw\u00f3j pierwszy krok w tradingu ilo\u015bciowym<\/strong><\/h2>\nTrading ilo\u015bciowy to nauka, nie cud. Zacznij od jednej strategii i do\u015bwiadcz prawdziwego automatycznego zarz\u0105dzania maj\u0105tkiem:\n<\/span><\/div>\n\t\t\t\t<div class=\"elementor-element elementor-element-1c09d1f elementor-icon-list--layout-inline elementor-list-item-link-inline elementor-widget elementor-widget-icon-list\" data-id=\"1c09d1f\" data-element_type=\"widget\" data-widget_type=\"icon-list.default\">\n\t\t\t\t\t\t\t<ul class=\"elementor-icon-list-items elementor-inline-items\">\n\t\t\t\t\t\t\t<li class=\"elementor-icon-list-item elementor-inline-item\">\n\t\t\t\t\t\t\t\t\t\t\t<a href=\"https:\/\/mister.forex\/pl\/alpha-gold\/\">\n\n\t\t\t\t\t\t\t\t\t\t\t\t<span class=\"elementor-icon-list-icon\">\n\t\t\t\t\t\t\t<svg aria-hidden=\"true\" class=\"e-font-icon-svg e-far-check-circle\" viewbox=\"0 0 512 512\" xmlns=\"http:\/\/www.w3.org\/2000\/svg\"><path d=\"M256 8C119.033 8 8 119.033 8 256s111.033 248 248 248 248-111.033 248-248S392.967 8 256 8zm0 48c110.532 0 200 89.451 200 200 0 110.532-89.451 200-200 200-110.532 0-200-89.451-200-200 0-110.532 89.451-200 200-200m140.204 130.267l-22.536-22.718c-4.667-4.705-12.265-4.736-16.97-.068L215.346 303.697l-59.792-60.277c-4.667-4.705-12.265-4.736-16.97-.069l-22.719 22.536c-4.705 4.667-4.736 12.265-.068 16.971l90.781 91.516c4.667 4.705 12.265 4.736 16.97.068l172.589-171.204c4.704-4.668 4.734-12.266.067-16.971z\"><\/path><\/svg>\t\t\t\t\t\t<\/span>\n\t\t\t\t\t\t\t\t\t\t<span class=\"elementor-icon-list-text\">Sprawd\u017a wyniki Alpha Gold na \u017cywo<\/span>\n\t\t\t\t\t\t\t\t\t\t\t<\/a>\n\t\t\t\t\t\t\t\t\t<\/li>\n\t\t\t\t\t\t<\/ul>\n\t\t\t\t\t\t<\/div>\n\t\t\t\t<div class=\"elementor-element elementor-element-29c4922 elementor-widget elementor-widget-heading\" data-id=\"29c4922\" data-element_type=\"widget\" data-widget_type=\"heading.default\">\n\t\t\t\t\t<span class=\"elementor-heading-title elementor-size-default\">(Idealne dla inwestor\u00f3w szukaj\u0105cych dynamicznego wzrostu i preferuj\u0105cych handel z\u0142otem)<\/span>\t\t\t\t<\/div>\n\t\t\t\t<div class=\"elementor-element elementor-element-0b7b33a elementor-icon-list--layout-inline elementor-list-item-link-inline elementor-widget elementor-widget-icon-list\" data-id=\"0b7b33a\" data-element_type=\"widget\" data-widget_type=\"icon-list.default\">\n\t\t\t\t\t\t\t<ul class=\"elementor-icon-list-items elementor-inline-items\">\n\t\t\t\t\t\t\t<li class=\"elementor-icon-list-item elementor-inline-item\">\n\t\t\t\t\t\t\t\t\t\t\t<a href=\"https:\/\/mister.forex\/pl\/quant-matrix\/\">\n\n\t\t\t\t\t\t\t\t\t\t\t\t<span class=\"elementor-icon-list-icon\">\n\t\t\t\t\t\t\t<svg aria-hidden=\"true\" class=\"e-font-icon-svg e-far-check-circle\" viewbox=\"0 0 512 512\" xmlns=\"http:\/\/www.w3.org\/2000\/svg\"><path d=\"M256 8C119.033 8 8 119.033 8 256s111.033 248 248 248 248-111.033 248-248S392.967 8 256 8zm0 48c110.532 0 200 89.451 200 200 0 110.532-89.451 200-200 200-110.532 0-200-89.451-200-200 0-110.532 89.451-200 200-200m140.204 130.267l-22.536-22.718c-4.667-4.705-12.265-4.736-16.97-.068L215.346 303.697l-59.792-60.277c-4.667-4.705-12.265-4.736-16.97-.069l-22.719 22.536c-4.705 4.667-4.736 12.265-.068 16.971l90.781 91.516c4.667 4.705 12.265 4.736 16.97.068l172.589-171.204c4.704-4.668 4.734-12.266.067-16.971z\"><\/path><\/svg>\t\t\t\t\t\t<\/span>\n\t\t\t\t\t\t\t\t\t\t<span class=\"elementor-icon-list-text\">Sprawd\u017a wyniki Quant Matrix na \u017cywo<\/span>\n\t\t\t\t\t\t\t\t\t\t\t<\/a>\n\t\t\t\t\t\t\t\t\t<\/li>\n\t\t\t\t\t\t<\/ul>\n\t\t\t\t\t\t<\/div>\n\t\t\t\t<div class=\"elementor-element elementor-element-6b74cb5 elementor-widget elementor-widget-heading\" data-id=\"6b74cb5\" data-element_type=\"widget\" data-widget_type=\"heading.default\">\n\t\t\t\t\t<span class=\"elementor-heading-title elementor-size-default\">(Idealne dla inwestor\u00f3w szukaj\u0105cych stabilno\u015bci i miarowego wzrostu kapita\u0142u)<\/span>\t\t\t\t<\/div>\n\t\t\t\t<div class=\"elementor-element elementor-element-6319289 elementor-icon-list--layout-inline elementor-list-item-link-inline elementor-widget elementor-widget-icon-list\" data-id=\"6319289\" data-element_type=\"widget\" data-widget_type=\"icon-list.default\">\n\t\t\t\t\t\t\t<ul class=\"elementor-icon-list-items elementor-inline-items\">\n\t\t\t\t\t\t\t<li class=\"elementor-icon-list-item elementor-inline-item\">\n\t\t\t\t\t\t\t\t\t\t\t<a href=\"https:\/\/mister.forex\/pl\/calmar-ratio-investment-efficiency\/\">\n\n\t\t\t\t\t\t\t\t\t\t\t\t<span class=\"elementor-icon-list-icon\">\n\t\t\t\t\t\t\t<svg aria-hidden=\"true\" class=\"e-font-icon-svg e-far-check-circle\" viewbox=\"0 0 512 512\" xmlns=\"http:\/\/www.w3.org\/2000\/svg\"><path d=\"M256 8C119.033 8 8 119.033 8 256s111.033 248 248 248 248-111.033 248-248S392.967 8 256 8zm0 48c110.532 0 200 89.451 200 200 0 110.532-89.451 200-200 200-110.532 0-200-89.451-200-200 0-110.532 89.451-200 200-200m140.204 130.267l-22.536-22.718c-4.667-4.705-12.265-4.736-16.97-.068L215.346 303.697l-59.792-60.277c-4.667-4.705-12.265-4.736-16.97-.069l-22.719 22.536c-4.705 4.667-4.736 12.265-.068 16.971l90.781 91.516c4.667 4.705 12.265 4.736 16.97.068l172.589-171.204c4.704-4.668 4.734-12.266.067-16.971z\"><\/path><\/svg>\t\t\t\t\t\t<\/span>\n\t\t\t\t\t\t\t\t\t\t<span class=\"elementor-icon-list-text\">Po\u017cegnaj \u201enapompowane\u201d zyski: Poznaj Calmar Ratio i buduj stabiln\u0105 krzyw\u0105 kapita\u0142u<\/span>\n\t\t\t\t\t\t\t\t\t\t\t<\/a>\n\t\t\t\t\t\t\t\t\t<\/li>\n\t\t\t\t\t\t<\/ul>\n\t\t\t\t\t\t<\/div>\n\t\t\t\t\t<\/div>\n\t\t\t\t<\/div>\n\t\t\t\t<\/div>","protected":false},"excerpt":{"rendered":"<p>Dlaczego najlepsze fundusze hedgingowe nigdy nie stawiaj\u0105 wszystkiego na jeden sygna\u0142? Poznaj instytucjonaln\u0105 alokacj\u0119 aktyw\u00f3w opart\u0105 na \u201eujemnej korelacji\u201d. Dowiedz si\u0119, jak dzi\u0119ki portfelowi opiera\u0107 si\u0119 zmienno\u015bci rynku i osi\u0105ga\u0107 matematyczne korzy\u015bci z sumowania zysk\u00f3w i niwelowania ryzyka. Przesta\u0144 szuka\u0107 \u201e\u015awi\u0119tego Graala\u201d i zosta\u0144 profesjonalnym inwestorem!<\/p>","protected":false},"author":1,"featured_media":66336,"parent":0,"menu_order":0,"comment_status":"closed","ping_status":"closed","template":"","meta":{"footnotes":""},"tags":[128],"class_list":["post-66268","page","type-page","status-publish","has-post-thumbnail","hentry","tag-no-google"],"_links":{"self":[{"href":"https:\/\/mister.forex\/pl\/wp-json\/wp\/v2\/pages\/66268","targetHints":{"allow":["GET"]}}],"collection":[{"href":"https:\/\/mister.forex\/pl\/wp-json\/wp\/v2\/pages"}],"about":[{"href":"https:\/\/mister.forex\/pl\/wp-json\/wp\/v2\/types\/page"}],"author":[{"embeddable":true,"href":"https:\/\/mister.forex\/pl\/wp-json\/wp\/v2\/users\/1"}],"replies":[{"embeddable":true,"href":"https:\/\/mister.forex\/pl\/wp-json\/wp\/v2\/comments?post=66268"}],"version-history":[{"count":12,"href":"https:\/\/mister.forex\/pl\/wp-json\/wp\/v2\/pages\/66268\/revisions"}],"predecessor-version":[{"id":70533,"href":"https:\/\/mister.forex\/pl\/wp-json\/wp\/v2\/pages\/66268\/revisions\/70533"}],"wp:featuredmedia":[{"embeddable":true,"href":"https:\/\/mister.forex\/pl\/wp-json\/wp\/v2\/media\/66336"}],"wp:attachment":[{"href":"https:\/\/mister.forex\/pl\/wp-json\/wp\/v2\/media?parent=66268"}],"wp:term":[{"taxonomy":"post_tag","embeddable":true,"href":"https:\/\/mister.forex\/pl\/wp-json\/wp\/v2\/tags?post=66268"}],"curies":[{"name":"wp","href":"https:\/\/api.w.org\/{rel}","templated":true}]}}