{"id":11752,"date":"2024-04-01T16:47:13","date_gmt":"2024-04-01T08:47:13","guid":{"rendered":"http:\/\/192.168.0.254\/?page_id=11752"},"modified":"2026-04-18T02:49:22","modified_gmt":"2026-04-17T18:49:22","slug":"privacy","status":"publish","type":"page","link":"https:\/\/mister.forex\/pt\/privacy\/","title":{"rendered":"Pol\u00edtica de Privacidade: Como protegemos os seus dados | Mr.Forex"},"content":{"rendered":"<div data-elementor-type=\"wp-page\" data-elementor-id=\"11752\" class=\"elementor elementor-11752\" data-elementor-post-type=\"page\">\n\t\t\t\t<div class=\"elementor-element elementor-element-581c030 e-flex e-con-boxed e-con e-parent\" data-id=\"581c030\" data-element_type=\"container\" data-settings=\"{&quot;background_background&quot;:&quot;classic&quot;}\">\n\t\t\t\t\t<div class=\"e-con-inner\">\n\t\t<div class=\"elementor-element elementor-element-2ee0f91 e-flex e-con-boxed e-con e-child\" data-id=\"2ee0f91\" data-element_type=\"container\">\n\t\t\t\t\t<div class=\"e-con-inner\">\n\t\t\t\t<div class=\"elementor-element elementor-element-569d822 elementor-widget elementor-widget-heading\" data-id=\"569d822\" data-element_type=\"widget\" data-widget_type=\"heading.default\">\n\t\t\t\t\t<h1 class=\"elementor-heading-title elementor-size-default\">Pol\u00edtica de Privacidade<\/h1>\t\t\t\t<\/div>\n\t\t\t\t\t<\/div>\n\t\t\t\t<\/div>\n\t\t\t\t<div class=\"elementor-element elementor-element-581eb10 elementor-widget__width-inherit elementor-absolute elementor-widget elementor-widget-image\" data-id=\"581eb10\" data-element_type=\"widget\" data-settings=\"{&quot;_position&quot;:&quot;absolute&quot;}\" data-widget_type=\"image.default\">\n\t\t\t\t\t\t\t\t\t\t\t\t\t\t\t<img fetchpriority=\"high\" decoding=\"async\" width=\"500\" height=\"281\" src=\"https:\/\/mister.forex\/wp-content\/uploads\/2025\/12\/Privacy-500x281.webp\" class=\"attachment-medium size-medium wp-image-62783\" alt=\"\" srcset=\"https:\/\/mister.forex\/wp-content\/uploads\/2025\/12\/Privacy-500x281.webp 500w, https:\/\/mister.forex\/wp-content\/uploads\/2025\/12\/Privacy-300x169.webp 300w, https:\/\/mister.forex\/wp-content\/uploads\/2025\/12\/Privacy-768x432.webp 768w, https:\/\/mister.forex\/wp-content\/uploads\/2025\/12\/Privacy-18x10.webp 18w, https:\/\/mister.forex\/wp-content\/uploads\/2025\/12\/Privacy.webp 1200w\" sizes=\"(max-width: 500px) 100vw, 500px\" \/>\t\t\t\t\t\t\t\t\t\t\t\t\t\t\t<\/div>\n\t\t\t\t\t<\/div>\n\t\t\t\t<\/div>\n\t\t<div class=\"elementor-element elementor-element-3192ffe e-flex e-con-boxed e-con e-parent\" data-id=\"3192ffe\" data-element_type=\"container\">\n\t\t\t\t\t<div class=\"e-con-inner\">\n\t\t\t\t<div class=\"elementor-element elementor-element-3bd89c5 elementor-widget elementor-widget-spacer\" data-id=\"3bd89c5\" data-element_type=\"widget\" data-widget_type=\"spacer.default\">\n\t\t\t\t\t\t\t<div class=\"elementor-spacer\">\n\t\t\t<div class=\"elementor-spacer-inner\"><\/div>\n\t\t<\/div>\n\t\t\t\t\t\t<\/div>\n\t\t\t\t<div class=\"elementor-element elementor-element-41da8c8 elementor-widget elementor-widget-html translation-block\" data-id=\"41da8c8\" data-element_type=\"widget\" data-widget_type=\"html.default\"><span>\nEsta Pol\u00edtica de Privacidade detalha como o Mr.Forex utiliza e protege qualquer informa\u00e7\u00e3o que forne\u00e7a ao utilizar este website. Se continuar a navegar ou a utilizar este website, concorda em cumprir e estar vinculado \u00e0 seguinte pol\u00edtica de privacidade, que, juntamente com os nossos Termos de Utiliza\u00e7\u00e3o, rege a rela\u00e7\u00e3o entre o Mr.Forex e o utilizador.<br>\n<br>\nEste aviso de privacidade aplica-se a qualquer website, aplica\u00e7\u00e3o, servi\u00e7o ou ferramenta do Mr.Forex (coletivamente \"Servi\u00e7os\") que fa\u00e7a refer\u00eancia a este aviso, independentemente de como os aceda ou utilize, incluindo atrav\u00e9s de dispositivos m\u00f3veis.<br>\n<br>\nAntes de concordar, reveja cuidadosamente toda a pol\u00edtica de privacidade do website. Ao visualizar ou utilizar qualquer parte deste website, concorda em cumprir a pol\u00edtica de privacidade completa deste website.<br>\n<br>\nOs termos \"Mr.Forex\", \"este website\", \"n\u00f3s\" ou \"nosso\" referem-se ao propriet\u00e1rio do website. O termo \"voc\u00ea\" ou \"utilizador\" refere-se ao utilizador ou visitante do nosso website.<br>\n<br>\nO Mr.Forex est\u00e1 empenhado em garantir que a sua privacidade seja protegida de acordo com esta pol\u00edtica de privacidade. Se solicitarmos que forne\u00e7a certas informa\u00e7\u00f5es pelas quais possa ser identificado ao utilizar este website, pode ter a certeza de que elas ser\u00e3o utilizadas apenas de acordo com esta pol\u00edtica de privacidade.<br>\n<br>\nO Mr.Forex pode alterar esta pol\u00edtica periodicamente, atualizando esta p\u00e1gina. Ao fornecer qualquer informa\u00e7\u00e3o ao Mr.Forex, aceita tais altera\u00e7\u00f5es. Deve verificar esta p\u00e1gina periodicamente para rever quaisquer mudan\u00e7as.<br>\n<br>\n<h2><strong>1. O que s\u00e3o Informa\u00e7\u00f5es Pessoais<\/strong><\/h2>\nInforma\u00e7\u00f5es pessoais s\u00e3o informa\u00e7\u00f5es relacionadas com uma pessoa singular identificada ou identific\u00e1vel. Uma pessoa singular identific\u00e1vel \u00e9 aquela que pode ser identificada, direta ou indiretamente, por refer\u00eancia a um identificador como nome, n\u00famero de identifica\u00e7\u00e3o, dados de localiza\u00e7\u00e3o, um identificador online ou a um ou mais fatores espec\u00edficos da identidade f\u00edsica, fisiol\u00f3gica, gen\u00e9tica, mental, econ\u00f3mica, cultural ou social dessa pessoa singular.<br>\n<br>\nN\u00e3o consideramos que informa\u00e7\u00f5es pessoais incluam informa\u00e7\u00f5es que foram anonimizadas ou agregadas de forma que j\u00e1 n\u00e3o possam ser utilizadas para identificar uma pessoa singular espec\u00edfica, seja em combina\u00e7\u00e3o com outras informa\u00e7\u00f5es ou de outra forma.<br>\nRecolhemos informa\u00e7\u00f5es pessoais do utilizador quando este utiliza os nossos Servi\u00e7os.<br>\n<br>\n<h2><strong>2. O que Recolhemos<\/strong><\/h2>\nO fornecimento de todas as informa\u00e7\u00f5es pessoais \u00e9 volunt\u00e1rio, mas pode ser um requisito para a utiliza\u00e7\u00e3o dos nossos Servi\u00e7os (como o registo de uma conta).<br>\nPodemos recolher as seguintes informa\u00e7\u00f5es pessoais:<br>\n<ul>\n    <li>Detalhes de identifica\u00e7\u00e3o, como nome, idade, etc.<\/li>\n    <li>Informa\u00e7\u00f5es de contacto, incluindo endere\u00e7o de e-mail, n\u00famero de telefone, etc.<\/li>\n    <li>Informa\u00e7\u00f5es demogr\u00e1ficas, como c\u00f3digo postal, prefer\u00eancias, interesses, etc.<\/li>\n    <li>Informa\u00e7\u00f5es que somos obrigados ou autorizados pelas leis nacionais aplic\u00e1veis a recolher e processar para verificar ou identificar o utilizador, ou para verificar as informa\u00e7\u00f5es que recolhemos.<\/li>\n    <li>Qualquer informa\u00e7\u00e3o fornecida pelo utilizador ao utilizar os nossos Servi\u00e7os (discuss\u00f5es em comunidade, formul\u00e1rios de contacto, liga\u00e7\u00f5es de contas de negocia\u00e7\u00e3o, etc.).<\/li>\n<\/ul>\n<br>\n<h2><strong>3. Informa\u00e7\u00f5es Pessoais que Recolhemos Automaticamente ao Utilizar os Nossos Servi\u00e7os<\/strong><\/h2>\nRecolhemos informa\u00e7\u00f5es sobre a sua intera\u00e7\u00e3o com os nossos Servi\u00e7os e a sua comunica\u00e7\u00e3o connosco. Estas s\u00e3o informa\u00e7\u00f5es que recebemos de dispositivos (incluindo dispositivos m\u00f3veis) que utiliza quando acede aos nossos Servi\u00e7os. Estas informa\u00e7\u00f5es podem incluir, mas n\u00e3o se limitam a, ID do dispositivo ou identificador \u00fanico, tipo de dispositivo, token de dispositivo \u00fanico.<br>\n<br>\nInforma\u00e7\u00f5es de localiza\u00e7\u00e3o. Note que, ao utilizar um dispositivo m\u00f3vel, pode controlar ou desativar a utiliza\u00e7\u00e3o de servi\u00e7os de localiza\u00e7\u00e3o para qualquer aplica\u00e7\u00e3o no menu de defini\u00e7\u00f5es do seu dispositivo.<br>\n<br>\nInforma\u00e7\u00f5es de computador e liga\u00e7\u00e3o, como estat\u00edsticas sobre visualiza\u00e7\u00f5es de p\u00e1ginas, tr\u00e1fego de e para sites, URL de refer\u00eancia, dados de an\u00fancios, endere\u00e7o IP, hist\u00f3rico de navega\u00e7\u00e3o e informa\u00e7\u00f5es de log da web.<br>\n<br>\n<h2><strong>4. Informa\u00e7\u00f5es Pessoais Recolhidas Utilizando Cookies e Tecnologias Semelhantes<\/strong><\/h2>\nUtilizamos cookies, web beacons (ou p\u00edxeis), identificadores \u00fanicos e tecnologias semelhantes para recolher informa\u00e7\u00f5es sobre as p\u00e1ginas que visualiza, os links em que clica e outras a\u00e7\u00f5es que realiza ao utilizar os nossos Servi\u00e7os, nos nossos an\u00fancios ou conte\u00fado de e-mail.<br>\n<br>\nUtilizamos o Google Analytics, uma ferramenta de an\u00e1lise da web da Google Inc., para projetar adequadamente e otimizar continuamente o nosso website. O Google Analytics utiliza cookies e cria perfis de utiliza\u00e7\u00e3o an\u00f3nimos, permitindo a an\u00e1lise da sua utiliza\u00e7\u00e3o do nosso website. As informa\u00e7\u00f5es armazenadas em tais cookies (por exemplo, tipo\/vers\u00e3o do navegador, sistema operativo utilizado, URL de refer\u00eancia, nome do host do computador de acesso, hora da solicita\u00e7\u00e3o do servidor) s\u00e3o geralmente transmitidas e armazenadas nos servidores da Google.<br>\n<br>\n<h2><strong>5. Como Utilizamos Cookies<\/strong><\/h2>\nUm cookie \u00e9 um pequeno ficheiro que solicita permiss\u00e3o para ser colocado no disco r\u00edgido do seu computador. Uma vez que concorda, o ficheiro \u00e9 adicionado e o cookie ajuda a analisar o tr\u00e1fego da web ou avisa quando o utilizador visita um website espec\u00edfico. Os cookies permitem que as aplica\u00e7\u00f5es web respondam ao utilizador como um indiv\u00edduo. A aplica\u00e7\u00e3o web pode adaptar as suas opera\u00e7\u00f5es \u00e0s suas necessidades, gostos e desgostos, recolhendo e lembrando informa\u00e7\u00f5es sobre as suas prefer\u00eancias.<br>\n<br>\nUtilizamos cookies de log de tr\u00e1fego para identificar quais as p\u00e1ginas que est\u00e3o a ser utilizadas. Isso ajuda-nos a analisar dados sobre o tr\u00e1fego de p\u00e1ginas web para melhorar o nosso website a fim de o adaptar \u00e0s necessidades do cliente. Utilizamos estas informa\u00e7\u00f5es apenas para fins de an\u00e1lise estat\u00edstica e, em seguida, os dados s\u00e3o removidos do sistema.<br>\n<br>\nNo geral, os cookies ajudam-nos a fornecer-lhe um website melhor, permitindo-nos monitorizar quais as p\u00e1ginas que considera \u00fateis e quais n\u00e3o. Um cookie de forma alguma nos d\u00e1 acesso ao seu computador ou a qualquer informa\u00e7\u00e3o sobre si, al\u00e9m dos dados que escolhe partilhar connosco. Pode optar por aceitar ou recusar cookies. A maioria dos navegadores web aceita cookies automaticamente, mas pode geralmente modificar a configura\u00e7\u00e3o do seu navegador para recusar cookies, se preferir. Isso pode impedir que aproveite totalmente o website.<br>\n<br>\n<h2><strong>6. Informa\u00e7\u00f5es Pessoais Recolhidas de Outras Fontes<\/strong><\/h2>\nPermitimos que partilhe informa\u00e7\u00f5es com redes sociais ou utilize redes sociais para criar a sua conta ou ligar a sua conta \u00e0 respetiva rede social. Estas redes sociais podem dar-nos acesso autom\u00e1tico a certas informa\u00e7\u00f5es pessoais retidas por elas sobre si (por exemplo, conte\u00fado visualizado, conte\u00fado de que gostou e informa\u00e7\u00f5es sobre os an\u00fancios que lhe foram exibidos ou nos quais clicou, etc.). Pode controlar as informa\u00e7\u00f5es pessoais \u00e0s quais nos permite ter acesso atrav\u00e9s das defini\u00e7\u00f5es de privacidade na rede social aplic\u00e1vel. Ao associar uma conta gerida por uma rede social \u00e0 sua conta e autorizar-nos a aceder a essas informa\u00e7\u00f5es, concorda que podemos recolher, utilizar e reter as informa\u00e7\u00f5es fornecidas por estas redes sociais de acordo com este aviso de privacidade.<br>\n<br>\nSe nos fornecer informa\u00e7\u00f5es pessoais sobre outra pessoa, dever\u00e1 faz\u00ea-lo apenas com a autoriza\u00e7\u00e3o dessa pessoa. Deve inform\u00e1-los sobre como recolhemos, utilizamos, divulgamos e retemos as suas informa\u00e7\u00f5es pessoais de acordo com o nosso aviso de privacidade.<br>\n<br>\n<h2><strong>7. Como Utilizamos as Informa\u00e7\u00f5es que Recolhemos<\/strong><\/h2>\nExigimos estas informa\u00e7\u00f5es para entender as suas necessidades e fornecer um melhor servi\u00e7o, e em particular pelas seguintes raz\u00f5es:<br>\n<ul>\n    <li>Manuten\u00e7\u00e3o de registos internos.<\/li>\n    <li>Presta\u00e7\u00e3o de apoio ao cliente.<\/li>\n    <li>Melhoria dos nossos produtos e servi\u00e7os.<\/li>\n    <li>Envio peri\u00f3dico de e-mails promocionais sobre novos produtos, ofertas especiais ou outras informa\u00e7\u00f5es que achamos que pode considerar interessantes utilizando os detalhes de contacto que forneceu.<\/li>\n    <li>Envio de e-mails\/notifica\u00e7\u00f5es para si com base nas defini\u00e7\u00f5es da sua conta.<\/li>\n    <li>Fornecimento de uma experi\u00eancia personalizada no nosso website (incluindo publicidade e marketing) com base nos seus interesses.<\/li>\n    <li>Dete\u00e7\u00e3o, preven\u00e7\u00e3o, mitiga\u00e7\u00e3o e investiga\u00e7\u00e3o de atividades fraudulentas ou ilegais.<\/li>\n<\/ul>\n<br>\n<h2><strong>8. Como Pode Aceder, Controlar e Corrigir as Suas Informa\u00e7\u00f5es Pessoais<\/strong><\/h2>\nRespeitamos os seus direitos sob a lei aplic\u00e1vel de aceder, corrigir, solicitar a elimina\u00e7\u00e3o ou solicitar a restri\u00e7\u00e3o da utiliza\u00e7\u00e3o das suas informa\u00e7\u00f5es pessoais. Tamb\u00e9m tomamos medidas para garantir que as informa\u00e7\u00f5es pessoais que recolhemos s\u00e3o precisas e atualizadas.<br>\n<br>\nO utilizador tem os seguintes direitos em rela\u00e7\u00e3o ao nosso tratamento dos seus dados pessoais:<br>\n<ul>\n    <li>Direito de acesso<\/li>\n    <li>Direito de retifica\u00e7\u00e3o<\/li>\n    <li>Direito ao apagamento (ou \"direito ao esquecimento\")<\/li>\n    <li>Direito \u00e0 limita\u00e7\u00e3o do tratamento<\/li>\n    <li>Direito \u00e0 portabilidade dos dados<\/li>\n    <li>Direito de oposi\u00e7\u00e3o (em casos em que os seus dados pessoais s\u00e3o tratados com base nos nossos interesses leg\u00edtimos, por exemplo, marketing direto)<\/li>\n    <li>Direito de retirar o consentimento a qualquer momento, sem afetar a legalidade do tratamento baseado no consentimento antes da sua retirada<\/li>\n    <li>Direito de apresentar uma reclama\u00e7\u00e3o a uma autoridade de controlo.<\/li>\n<\/ul>\nPode exercer os seus direitos legais entrando em contacto connosco atrav\u00e9s do formul\u00e1rio de contacto no website.<br>\n<br>\n\n<h2><strong>9. Como Podemos Partilhar as Suas Informa\u00e7\u00f5es Pessoais<\/strong><\/h2>\nPodemos divulgar as suas informa\u00e7\u00f5es pessoais a outros servi\u00e7os independentes dentro do grupo de empresas Mr.Forex ou a terceiros. Isso pode ser para nos permitir fornecer acesso aos nossos Servi\u00e7os, cumprir as nossas obriga\u00e7\u00f5es legais, fazer cumprir os nossos Termos de Servi\u00e7o, facilitar as nossas atividades de marketing e publicidade ou prevenir atividades fraudulentas ou ilegais relacionadas com os nossos Servi\u00e7os. Tentamos minimizar a quantidade de informa\u00e7\u00f5es pessoais que divulgamos ao que \u00e9 diretamente relevante e necess\u00e1rio para cumprir o prop\u00f3sito especificado. N\u00e3o vendemos, alugamos ou de outra forma divulgamos as suas informa\u00e7\u00f5es pessoais a terceiros para fins de marketing e publicidade sem o seu consentimento.<br>\n<br>\nNo caso de o Mr.Forex ser adquirido ou fundido com um terceiro, reservamo-nos o direito, em qualquer uma dessas circunst\u00e2ncias, de transferir ou atribuir as informa\u00e7\u00f5es que recolhemos de si como parte de tal fus\u00e3o, aquisi\u00e7\u00e3o, venda ou outra mudan\u00e7a de controlo. Em caso de nossa fal\u00eancia, insolv\u00eancia, reorganiza\u00e7\u00e3o, administra\u00e7\u00e3o judicial ou cess\u00e3o em benef\u00edcio de credores, podemos n\u00e3o ser capazes de controlar como as suas informa\u00e7\u00f5es s\u00e3o tratadas, transferidas ou utilizadas.<br>\n<br>\n<h2><strong>10. Por Quanto Tempo Mantemos as Suas Informa\u00e7\u00f5es Pessoais<\/strong><\/h2>\nRetemos as suas informa\u00e7\u00f5es pessoais apenas pelo tempo necess\u00e1rio para cumprir as finalidades descritas nesta pol\u00edtica. No entanto, para cumprir as obriga\u00e7\u00f5es legais aplic\u00e1veis (incluindo regulamenta\u00e7\u00f5es fiscais, contabil\u00edsticas, de auditoria ou potenciais normas de Preven\u00e7\u00e3o de Branqueamento de Capitais (AML)), podemos reter legalmente registos de transa\u00e7\u00f5es espec\u00edficos, logs de login e informa\u00e7\u00f5es de autentica\u00e7\u00e3o por 5 a 7 anos, mesmo depois de ter parado de utilizar os Servi\u00e7os ou fechado a sua conta. Assim que o per\u00edodo de reten\u00e7\u00e3o legal expirar ou a reten\u00e7\u00e3o j\u00e1 n\u00e3o for necess\u00e1ria, utilizaremos meios t\u00e9cnicos razo\u00e1veis para eliminar ou anonimizar os seus dados com seguran\u00e7a.<br>\n<br>\n<h2><strong>11. Como Protegemos as Suas Informa\u00e7\u00f5es Pessoais<\/strong><\/h2>\nUtilizamos software de servidor seguro (SSL) e firewalls para proteger as suas informa\u00e7\u00f5es contra acesso n\u00e3o autorizado, divulga\u00e7\u00e3o, altera\u00e7\u00e3o ou destrui\u00e7\u00e3o. Al\u00e9m disso, os nossos funcion\u00e1rios e prestadores de servi\u00e7os terceirizados acedem \u00e0s suas informa\u00e7\u00f5es pessoais n\u00e3o p\u00fablicas apenas com base na \"necessidade de saber\".<br>\n<br>\nSeguimos os padr\u00f5es do setor para proteger as informa\u00e7\u00f5es pessoais que nos s\u00e3o enviadas, tanto durante a transmiss\u00e3o quanto ap\u00f3s o recebimento. No entanto, nenhum m\u00e9todo de transmiss\u00e3o pela Internet ou m\u00e9todo de armazenamento eletr\u00f3nico \u00e9 100% seguro. Portanto, embora utilizemos meios comercialmente aceit\u00e1veis para proteger as suas informa\u00e7\u00f5es pessoais, n\u00e3o podemos garantir a sua seguran\u00e7a absoluta.<br>\n<br>\n<h2><strong>12. Links para Outros Websites<\/strong><\/h2>\nO nosso website pode conter links para outros websites de interesse. No entanto, ap\u00f3s utilizar estes links para sair do nosso website, deve notar que n\u00e3o temos qualquer controlo sobre esse outro website. Portanto, n\u00e3o podemos ser respons\u00e1veis pela prote\u00e7\u00e3o e privacidade de qualquer informa\u00e7\u00e3o que fornecer ao visitar tais websites. Deve ter cautela e observar a declara\u00e7\u00e3o de privacidade aplic\u00e1vel ao website em quest\u00e3o.<br>\n<br>\n<h2><strong>13. Diversos<\/strong><\/h2>\nSe qualquer disposi\u00e7\u00e3o desta Pol\u00edtica de Privacidade for considerada inexequ\u00edvel, isso n\u00e3o afetar\u00e1 a validade ou exequibilidade das disposi\u00e7\u00f5es restantes, e a disposi\u00e7\u00e3o inexequ\u00edvel ser\u00e1 substitu\u00edda por uma disposi\u00e7\u00e3o exequ\u00edvel que reflita mais de perto a inten\u00e7\u00e3o da disposi\u00e7\u00e3o inexequ\u00edvel.<br>\n<br>\n<h2><strong>14. Declara\u00e7\u00e3o de Vers\u00e3o de Idioma<\/strong><\/h2>\nEstes termos legais podem ser fornecidos em v\u00e1rios idiomas para refer\u00eancia. No caso de quaisquer erros de tradu\u00e7\u00e3o ou diferen\u00e7as sem\u00e2nticas, a vers\u00e3o em ingl\u00eas prevalecer\u00e1. A vers\u00e3o em ingl\u00eas \u00e9 a \u00fanica vers\u00e3o oficial dos termos legais do website e tem efeito legal.<br>\n<br>\n<h2><strong>15. Transfer\u00eancia de Dados Transfronteiri\u00e7a<\/strong><\/h2>\nComo o Mr.Forex (Shine Wealth Co., Ltd.) \u00e9 uma entidade que opera globalmente, as suas informa\u00e7\u00f5es pessoais podem ser transferidas, armazenadas ou processadas em servidores e centros de dados fora do seu pa\u00eds de resid\u00eancia (incluindo Taiwan e os Estados Unidos). Reconhece e concorda que as leis de prote\u00e7\u00e3o de dados e as regulamenta\u00e7\u00f5es de privacidade nessas jurisdi\u00e7\u00f5es podem diferir das leis da sua regi\u00e3o. Ao aceder ou utilizar este website e servi\u00e7os, consente expressamente com a transfer\u00eancia, o armazenamento e o processamento transfronteiri\u00e7o das suas informa\u00e7\u00f5es conforme descrito nesta Pol\u00edtica de Privacidade. Implementaremos medidas de seguran\u00e7a consistentes com os padr\u00f5es da ind\u00fastria (como cl\u00e1usulas contratuais padr\u00e3o) para garantir que os seus dados sejam adequadamente protegidos durante a transmiss\u00e3o.<br>\n<\/span><\/div>\n\t\t\t\t<div class=\"elementor-element elementor-element-86eb646 elementor-widget elementor-widget-spacer\" data-id=\"86eb646\" data-element_type=\"widget\" data-widget_type=\"spacer.default\">\n\t\t\t\t\t\t\t<div class=\"elementor-spacer\">\n\t\t\t<div class=\"elementor-spacer-inner\"><\/div>\n\t\t<\/div>\n\t\t\t\t\t\t<\/div>\n\t\t\t\t\t<\/div>\n\t\t\t\t<\/div>\n\t\t\t\t<\/div>","protected":false},"excerpt":{"rendered":"<p>A nossa pol\u00edtica detalha como protegemos os seus dados e cumprimos a lei para garantir a sua privacidade.<\/p>","protected":false},"author":1,"featured_media":62783,"parent":0,"menu_order":0,"comment_status":"closed","ping_status":"closed","template":"","meta":{"footnotes":""},"tags":[],"class_list":["post-11752","page","type-page","status-publish","has-post-thumbnail","hentry"],"_links":{"self":[{"href":"https:\/\/mister.forex\/pt\/wp-json\/wp\/v2\/pages\/11752","targetHints":{"allow":["GET"]}}],"collection":[{"href":"https:\/\/mister.forex\/pt\/wp-json\/wp\/v2\/pages"}],"about":[{"href":"https:\/\/mister.forex\/pt\/wp-json\/wp\/v2\/types\/page"}],"author":[{"embeddable":true,"href":"https:\/\/mister.forex\/pt\/wp-json\/wp\/v2\/users\/1"}],"replies":[{"embeddable":true,"href":"https:\/\/mister.forex\/pt\/wp-json\/wp\/v2\/comments?post=11752"}],"version-history":[{"count":28,"href":"https:\/\/mister.forex\/pt\/wp-json\/wp\/v2\/pages\/11752\/revisions"}],"predecessor-version":[{"id":70506,"href":"https:\/\/mister.forex\/pt\/wp-json\/wp\/v2\/pages\/11752\/revisions\/70506"}],"wp:featuredmedia":[{"embeddable":true,"href":"https:\/\/mister.forex\/pt\/wp-json\/wp\/v2\/media\/62783"}],"wp:attachment":[{"href":"https:\/\/mister.forex\/pt\/wp-json\/wp\/v2\/media?parent=11752"}],"wp:term":[{"taxonomy":"post_tag","embeddable":true,"href":"https:\/\/mister.forex\/pt\/wp-json\/wp\/v2\/tags?post=11752"}],"curies":[{"name":"wp","href":"https:\/\/api.w.org\/{rel}","templated":true}]}}