{"id":15663,"date":"2024-05-03T18:15:49","date_gmt":"2024-05-03T10:15:49","guid":{"rendered":"http:\/\/192.168.0.254\/?page_id=15663"},"modified":"2026-04-02T23:15:54","modified_gmt":"2026-04-02T15:15:54","slug":"forex-margin-calculator","status":"publish","type":"page","link":"https:\/\/mister.forex\/pt\/tools\/forex-margin-calculator\/","title":{"rendered":"Calculadora de Margem Forex | Calculadora de Alavancagem e Margem Forex"},"content":{"rendered":"<div data-elementor-type=\"wp-page\" data-elementor-id=\"15663\" class=\"elementor elementor-15663\" data-elementor-post-type=\"page\">\n\t\t\t\t<div class=\"elementor-element elementor-element-67c4679 e-flex e-con-boxed e-con e-parent\" data-id=\"67c4679\" data-element_type=\"container\" data-settings=\"{&quot;background_background&quot;:&quot;classic&quot;}\">\n\t\t\t\t\t<div class=\"e-con-inner\">\n\t\t<div class=\"elementor-element elementor-element-f5ea4b8 e-flex e-con-boxed e-con e-child\" data-id=\"f5ea4b8\" data-element_type=\"container\">\n\t\t\t\t\t<div class=\"e-con-inner\">\n\t\t\t\t<div class=\"elementor-element elementor-element-b2ed106 elementor-widget elementor-widget-heading\" data-id=\"b2ed106\" data-element_type=\"widget\" data-widget_type=\"heading.default\">\n\t\t\t\t\t<h1 class=\"elementor-heading-title elementor-size-default\">Calculadora de Margem Forex<\/h1>\t\t\t\t<\/div>\n\t\t\t\t<div class=\"elementor-element elementor-element-81cfd43 elementor-widget elementor-widget-heading\" data-id=\"81cfd43\" data-element_type=\"widget\" data-widget_type=\"heading.default\">\n\t\t\t\t\t<h2 class=\"elementor-heading-title elementor-size-default\">Calculadora de Margem e Alavancagem Forex<\/h2>\t\t\t\t<\/div>\n\t\t\t\t\t<\/div>\n\t\t\t\t<\/div>\n\t\t\t\t<div class=\"elementor-element elementor-element-9dc2f58 elementor-widget__width-inherit elementor-absolute elementor-widget elementor-widget-image\" data-id=\"9dc2f58\" data-element_type=\"widget\" data-settings=\"{&quot;_position&quot;:&quot;absolute&quot;}\" data-widget_type=\"image.default\">\n\t\t\t\t\t\t\t\t\t\t\t\t\t\t\t<img fetchpriority=\"high\" decoding=\"async\" width=\"500\" height=\"281\" src=\"https:\/\/mister.forex\/wp-content\/uploads\/2024\/02\/9-500x281.webp\" class=\"attachment-medium size-medium wp-image-4081\" alt=\"\" srcset=\"https:\/\/mister.forex\/wp-content\/uploads\/2024\/02\/9-500x281.webp 500w, https:\/\/mister.forex\/wp-content\/uploads\/2024\/02\/9-600x337.webp 600w, https:\/\/mister.forex\/wp-content\/uploads\/2024\/02\/9-1200x675.webp 1200w, https:\/\/mister.forex\/wp-content\/uploads\/2024\/02\/9-300x169.webp 300w, https:\/\/mister.forex\/wp-content\/uploads\/2024\/02\/9-768x432.webp 768w, https:\/\/mister.forex\/wp-content\/uploads\/2024\/02\/9.webp 1366w\" sizes=\"(max-width: 500px) 100vw, 500px\" \/>\t\t\t\t\t\t\t\t\t\t\t\t\t\t\t<\/div>\n\t\t\t\t\t<\/div>\n\t\t\t\t<\/div>\n\t\t<div class=\"elementor-element elementor-element-cc6b6fb e-flex e-con-boxed e-con e-parent\" data-id=\"cc6b6fb\" data-element_type=\"container\">\n\t\t\t\t\t<div class=\"e-con-inner\">\n\t\t<div class=\"elementor-element elementor-element-3bb6741 e-con-full e-flex e-con e-child\" data-id=\"3bb6741\" data-element_type=\"container\">\n\t\t<div class=\"elementor-element elementor-element-e9305a3 e-con-full e-flex e-con e-child\" data-id=\"e9305a3\" data-element_type=\"container\">\n\t\t\t\t<div class=\"elementor-element elementor-element-72b1357 elementor-widget elementor-widget-text-editor\" data-id=\"72b1357\" data-element_type=\"widget\" data-widget_type=\"text-editor.default\">\n\t\t\t\t\t\t\t\t\t<h2><strong>Instru\u00e7\u00f5es de uso<\/strong><\/h2><h3><strong>Op\u00e7\u00f5es de entrada<\/strong><\/h3><p><strong><span style=\"text-decoration: underline;\">Instrumento<\/span>:&nbsp;<\/strong>Escolha o produto de negocia\u00e7\u00e3o, como margem de Forex, a\u00e7\u00f5es, criptomoedas, metais, \u00edndices, contratos por diferen\u00e7a, etc.<\/p><p><strong><span style=\"text-decoration: underline;\">Moeda de dep\u00f3sito<\/span>:&nbsp;<\/strong>Escolha a moeda da conta, como d\u00f3lares (USD), euros (EUR), etc.<\/p><p><strong><span style=\"text-decoration: underline;\">Alavancagem<\/span>:&nbsp;<\/strong>Insira o seu multiplicador de alavancagem da conta.<\/p><p><strong><span style=\"text-decoration: underline;\">Lotes (tamanho comercial)<\/span>:&nbsp;<\/strong>Insira o n\u00famero de lotes que deseja negociar.<\/p><p><strong><span style=\"text-decoration: underline;\">Pre\u00e7o<\/span>:&nbsp;<\/strong>Insira o pre\u00e7o atual do produto de negocia\u00e7\u00e3o.<\/p><h3><strong>Resultados do c\u00e1lculo<\/strong><\/h3><p><strong><span style=\"text-decoration: underline;\">Depositar quantia para abrir o com\u00e9rcio<\/span>:&nbsp;<\/strong>Mostre o valor da margem necess\u00e1ria para abrir a posi\u00e7\u00e3o agora.<\/p>\t\t\t\t\t\t\t\t<\/div>\n\t\t\t\t<div class=\"elementor-element elementor-element-6df10a8 elementor-widget elementor-widget-text-editor\" data-id=\"6df10a8\" data-element_type=\"widget\" data-widget_type=\"text-editor.default\">\n\t\t\t\t\t\t\t\t\t<h2><strong>O que \u00e9 alavancagem e o que \u00e9 margem?<\/strong><\/h2><p>A negocia\u00e7\u00e3o com margem permite que os traders operem com posi\u00e7\u00f5es maiores usando menos capital (ou seja, margem), o que pode amplificar os lucros, mas tamb\u00e9m pode aumentar as perdas. Este tipo de negocia\u00e7\u00e3o tamb\u00e9m \u00e9 conhecido como negocia\u00e7\u00e3o com margem.<\/p><p>A fun\u00e7\u00e3o da alavancagem \u00e9 amplificar os poss\u00edveis lucros e perdas. Por exemplo, se voc\u00ea comprar o par euro\/d\u00f3lar a um pre\u00e7o de 1.0000, sem usar alavancagem, para suportar toda a perda, o pre\u00e7o deve cair para zero, ou para dobrar seu investimento, o pre\u00e7o deve subir para 2.0000. Mas se voc\u00ea usar uma alavancagem de 1:&nbsp;100 para negociar, o pre\u00e7o s\u00f3 precisa se mover 1% para gerar o mesmo lucro ou perda.<\/p><p>A margem \u00e9 o capital que os traders devem pagar ao abrir uma nova posi\u00e7\u00e3o. N\u00e3o \u00e9 um custo ou despesa de negocia\u00e7\u00e3o, sendo reembolsada ap\u00f3s o t\u00e9rmino da negocia\u00e7\u00e3o. O objetivo da margem \u00e9 proteger o corretor contra perdas. Quando as perdas fazem com que a margem do trader caia abaixo de um percentual de stop-loss pr\u00e9-determinado, o corretor fechar\u00e1 automaticamente uma ou todas as posi\u00e7\u00f5es n\u00e3o liquidadas. O corretor pode emitir um aviso de margem adicional antes de tal liquida\u00e7\u00e3o, mas tamb\u00e9m pode n\u00e3o faz\u00ea-lo.<\/p>\t\t\t\t\t\t\t\t<\/div>\n\t\t\t\t<div class=\"elementor-element elementor-element-7e524c6 elementor-widget elementor-widget-text-editor\" data-id=\"7e524c6\" data-element_type=\"widget\" data-widget_type=\"text-editor.default\">\n\t\t\t\t\t\t\t\t\t<h2><strong>Como funciona a alavancagem?<\/strong><\/h2><p>Usando 100:&nbsp;1 de Alavancagem, o trader pode abrir um tamanho de posi\u00e7\u00e3o que \u00e9 100 vezes maior do que sem Alavancagem. Por exemplo, se abrir uma posi\u00e7\u00e3o de 0.01 lotes de euro\/d\u00f3lar com um custo de 1.000 d\u00f3lares (sem Alavancagem), e o corretor oferece 100:&nbsp;1 de Alavancagem, ent\u00e3o o trader s\u00f3 precisa usar 10 d\u00f3lares como Margem. Claro, o trader tamb\u00e9m pode optar por usar uma Alavancagem mais baixa, como 30:&nbsp;1 ou 5:&nbsp;1, ou at\u00e9 mesmo escolher n\u00e3o usar Alavancagem.<\/p><p>Nota:&nbsp;A taxa de alavancagem mais alta, maior \u00e9 o risco. A maioria dos traders profissionais opta por usar uma taxa de alavancagem mais baixa, no m\u00e1ximo 5:&nbsp;1, ou n\u00e3o usar alavancagem, mantendo a porcentagem de risco de cada negocia\u00e7\u00e3o em um n\u00edvel moderado (por exemplo, 2%).<\/p>\t\t\t\t\t\t\t\t<\/div>\n\t\t\t\t<div class=\"elementor-element elementor-element-2928908 elementor-alert-success elementor-widget elementor-widget-alert\" data-id=\"2928908\" data-element_type=\"widget\" data-widget_type=\"alert.default\">\n\t\t\t\t\t\t\t<div class=\"elementor-alert\" role=\"alert\">\n\n\t\t\t\n\t\t\t\t\t\t<span class=\"elementor-alert-description\"><b>Dica:&nbsp;<\/b><br>Quanto maior a taxa de alavancagem, maior o risco. A maioria dos traders profissionais opta por usar uma taxa de alavancagem mais baixa, no m\u00e1ximo 5:&nbsp;1, ou n\u00e3o usar alavancagem, mantendo a porcentagem de risco de cada opera\u00e7\u00e3o em um n\u00edvel moderado (por exemplo, 2%).<\/span>\n\t\t\t\n\t\t\t\n\t\t<\/div>\n\t\t\t\t\t\t<\/div>\n\t\t\t\t<\/div>\n\t\t<div class=\"elementor-element elementor-element-6209c4a e-con-full e-flex e-con e-child\" data-id=\"6209c4a\" data-element_type=\"container\">\n\t\t\t\t<div class=\"elementor-element elementor-element-973a2f9 elementor-widget__width-initial elementor-widget elementor-widget-html\" data-id=\"973a2f9\" data-element_type=\"widget\" data-widget_type=\"html.default\">\n\t\t\t\t\t<div id=\"margin-calculator-537057\"><script type=\"text\/javascript\" src=\"https:\/\/www.cashbackforex.com\/Content\/remote\/remote-widgets.js\"><\/script><script type=\"text\/javascript\"> RemoteCalc({\"Url\":\"https:\/\/www.cashbackforex.com\", \"TopPaneStyle\":\"YmFja2dyb3VuZDogbGluZWFyLWdyYWRpZW50KCNmZmYgMjAlLCAjZjVmNWY1IDQ1JSk7IGNvbG9yOiBibGFjazsgYm9yZGVyOiBzb2xpZCAxcHggI2FhYTsgYm9yZGVyLWJvdHRvbTogbm9uZTsg\",\"BottomPaneStyle\":\"YmFja2dyb3VuZDogI2YzZjNmMzsgYm9yZGVyOiBzb2xpZCAxcHggI2FhYTsgY29sb3I6IGJsYWNrOw==\",\"ButtonStyle\":\"YmFja2dyb3VuZDogIzM0MzU0MDsgY29sb3I6IHdoaXRlOyBib3JkZXItcmFkaXVzOiAyMHB4Ow==\",\"TitleStyle\":\"dGV4dC1hbGlnbjogbGVmdDsgZm9udC1zaXplOiAxNnB4OyBmb250LXdlaWdodDogNTAwOw==\",\"TextboxStyle\":\"YmFja2dyb3VuZC1jb2xvcjogd2hpdGU7IGNvbG9yOiBibGFjazsgYm9yZGVyOiBzb2xpZCAxcHggI2FhYWFhYQ==\",\"ContainerWidth\":\"500\",\"HighlightColor\":\"#ffff00\",\"IsDisplayTitle\":false,\"IsShowChartLinks\":false,\"IsShowEmbedButton\":false,\"Lang\":wlang(),\"CompactType\":\"large\",\"Calculator\":\"margin-calculator\",\"ContainerId\":\"margin-calculator-537057\"});\n\nfunction wlang() {\n    \n\tvar lang = window.location.href;\n\n\tif (!lang) {\n\t\treturn 'en';\n\t}\n\n        if (lang.match('\/zh\/')) {\n\t\treturn 'zh';\n\n\t} else if (lang.match('\/hk\/')) {\n\t\treturn 'zh';\n\t\t\n\t} else if (lang.match('\/cn\/')) {\n\t\treturn 'zh';\n\t\t\n\t} else if (lang.match('\/en\/')) {\n\t\treturn 'en';\n\t\t\n\t} else if (lang.match('\/hi\/')) {\n\t\treturn 'en';\n\t\t\n\t} else if (lang.match('\/pt_br\/')) {\n\t\treturn 'pt';\n\t\t\n\t} else if (lang.match('\/ms\/')) {\n\t\treturn 'id';\n\t\t\n\t} else if (lang.match('\/es\/')) {\n\t\treturn 'es';\n\t\t\n\t} else if (lang.match('\/es_ar\/')) {\n\t\treturn 'es';\n\t\t\n\t} else if (lang.match('\/es_mx\/')) {\n\t\treturn 'es';\n\n\t} else if (lang.match('\/bn\/')) {\n\t\treturn 'en';\n\t\t\n\t} else if (lang.match('\/nb\/')) {\n\t\treturn 'en';\t\t\n\n\t} else if (lang.match('\/da\/')) {\n\t\treturn 'en';\n\t\t\n\t} else if (lang.match('\/nl\/')) {\n\t\treturn 'en';\n\t\t\n\t} else if (lang.match('\/sv\/')) {\n\t\treturn 'en';\n\t\t\n\t} else if (lang.match('\/uk\/')) {\n\t\treturn 'ru';\n\t\t\n\t} else if (lang.match('\/ur\/')) {\n\t\treturn 'en';\n\t\t\n\t} else if (lang.match('\/de\/')) {\n\t\treturn 'de';\n\t\t\n\t} else if (lang.match('\/fr\/')) {\n\t\treturn 'fr';\n\t\t\n\t} else if (lang.match('\/id\/')) {\n\t\treturn 'id';\n\t\t\n\t} else if (lang.match('\/it\/')) {\n\t\treturn 'it';\n\t\t\n\t} else if (lang.match('\/hu\/')) {\n\t\treturn 'hu';\n\t\t\n\t} else if (lang.match('\/pt\/')) {\n\t\treturn 'pt';\n\t\t\n\t} else if (lang.match('\/pl\/')) {\n\t\treturn 'pl';\n\t\t\n\t} else if (lang.match('\/ro\/')) {\n\t\treturn 'ro';\n\t\t\n\t} else if (lang.match('\/vi\/')) {\n\t\treturn 'vi';\n\t\t\n\t} else if (lang.match('\/tr\/')) {\n\t\treturn 'tr';\n\t\t\n\t} else if (lang.match('\/el\/')) {\n\t\treturn 'el';\n\t\t\n\t} else if (lang.match('\/ru\/')) {\n\t\treturn 'ru';\n\t\t\n\t} else if (lang.match('\/ar\/')) {\n\t\treturn 'ar';\n\t\t\n\t} else if (lang.match('\/th\/')) {\n\t\treturn 'th';\n\t\t\n\t} else if (lang.match('\/kr\/')) {\n\t\treturn 'ko';\n\t\t\n\t} else if (lang.match('\/jp\/')) {\n\t\treturn 'ja';\n\t\t\n\t} else if (lang.match('\/cs\/')) {\n\t\treturn 'cs';\n\t\t\n\t}else {\n\t\treturn 'zh';\n\t}\n}\n<\/script><\/div>\t\t\t\t<\/div>\n\t\t\t\t<\/div>\n\t\t\t\t<\/div>\n\t\t\t\t\t<\/div>\n\t\t\t\t<\/div>\n\t\t\t\t<\/div>","protected":false},"excerpt":{"rendered":"<p>A Calculadora de Margem Forex \u00e9 uma ferramenta poderosa que pode ajud\u00e1-lo a tomar decis\u00f5es informadas ao realizar negocia\u00e7\u00f5es com Alavancagem. Ela pode calcular o valor da Margem necess\u00e1ria para a negocia\u00e7\u00e3o com base no seu Instrumento de Negocia\u00e7\u00e3o, moeda da conta, Alavancagem, tamanho do lote e pre\u00e7o do Instrumento.<\/p>","protected":false},"author":1,"featured_media":23590,"parent":15462,"menu_order":0,"comment_status":"closed","ping_status":"closed","template":"","meta":{"footnotes":""},"tags":[128],"class_list":["post-15663","page","type-page","status-publish","has-post-thumbnail","hentry","tag-no-google"],"_links":{"self":[{"href":"https:\/\/mister.forex\/pt\/wp-json\/wp\/v2\/pages\/15663","targetHints":{"allow":["GET"]}}],"collection":[{"href":"https:\/\/mister.forex\/pt\/wp-json\/wp\/v2\/pages"}],"about":[{"href":"https:\/\/mister.forex\/pt\/wp-json\/wp\/v2\/types\/page"}],"author":[{"embeddable":true,"href":"https:\/\/mister.forex\/pt\/wp-json\/wp\/v2\/users\/1"}],"replies":[{"embeddable":true,"href":"https:\/\/mister.forex\/pt\/wp-json\/wp\/v2\/comments?post=15663"}],"version-history":[{"count":3,"href":"https:\/\/mister.forex\/pt\/wp-json\/wp\/v2\/pages\/15663\/revisions"}],"predecessor-version":[{"id":69184,"href":"https:\/\/mister.forex\/pt\/wp-json\/wp\/v2\/pages\/15663\/revisions\/69184"}],"up":[{"embeddable":true,"href":"https:\/\/mister.forex\/pt\/wp-json\/wp\/v2\/pages\/15462"}],"wp:featuredmedia":[{"embeddable":true,"href":"https:\/\/mister.forex\/pt\/wp-json\/wp\/v2\/media\/23590"}],"wp:attachment":[{"href":"https:\/\/mister.forex\/pt\/wp-json\/wp\/v2\/media?parent=15663"}],"wp:term":[{"taxonomy":"post_tag","embeddable":true,"href":"https:\/\/mister.forex\/pt\/wp-json\/wp\/v2\/tags?post=15663"}],"curies":[{"name":"wp","href":"https:\/\/api.w.org\/{rel}","templated":true}]}}