{"id":15689,"date":"2024-05-03T20:52:04","date_gmt":"2024-05-03T12:52:04","guid":{"rendered":"http:\/\/192.168.0.254\/?page_id=15689"},"modified":"2026-04-02T23:17:21","modified_gmt":"2026-04-02T15:17:21","slug":"pivot-point-calculator","status":"publish","type":"page","link":"https:\/\/mister.forex\/pt\/tools\/pivot-point-calculator\/","title":{"rendered":"Calculadora de Ponto Pivot | Calculadora de pontos de suporte e resist\u00eancia para Forex"},"content":{"rendered":"<div data-elementor-type=\"wp-page\" data-elementor-id=\"15689\" class=\"elementor elementor-15689\" data-elementor-post-type=\"page\">\n\t\t\t\t<div class=\"elementor-element elementor-element-5536ed9 e-flex e-con-boxed e-con e-parent\" data-id=\"5536ed9\" data-element_type=\"container\" data-settings=\"{&quot;background_background&quot;:&quot;classic&quot;}\">\n\t\t\t\t\t<div class=\"e-con-inner\">\n\t\t<div class=\"elementor-element elementor-element-ba5a32b e-flex e-con-boxed e-con e-child\" data-id=\"ba5a32b\" data-element_type=\"container\">\n\t\t\t\t\t<div class=\"e-con-inner\">\n\t\t\t\t<div class=\"elementor-element elementor-element-2136e2e elementor-widget elementor-widget-heading\" data-id=\"2136e2e\" data-element_type=\"widget\" data-widget_type=\"heading.default\">\n\t\t\t\t\t<h1 class=\"elementor-heading-title elementor-size-default\">Calculadora de Ponto Pivot<\/h1>\t\t\t\t<\/div>\n\t\t\t\t<div class=\"elementor-element elementor-element-cedcae0 elementor-widget elementor-widget-heading\" data-id=\"cedcae0\" data-element_type=\"widget\" data-widget_type=\"heading.default\">\n\t\t\t\t\t<h2 class=\"elementor-heading-title elementor-size-default\">Calculadora de Pontos Pivotais Forex, para Suporte e Resist\u00eancia<\/h2>\t\t\t\t<\/div>\n\t\t\t\t\t<\/div>\n\t\t\t\t<\/div>\n\t\t\t\t<div class=\"elementor-element elementor-element-bf99893 elementor-widget__width-inherit elementor-absolute elementor-widget elementor-widget-image\" data-id=\"bf99893\" data-element_type=\"widget\" data-settings=\"{&quot;_position&quot;:&quot;absolute&quot;}\" data-widget_type=\"image.default\">\n\t\t\t\t\t\t\t\t\t\t\t\t\t\t\t<img fetchpriority=\"high\" decoding=\"async\" width=\"500\" height=\"281\" src=\"https:\/\/mister.forex\/wp-content\/uploads\/2024\/02\/9-500x281.webp\" class=\"attachment-medium size-medium wp-image-4081\" alt=\"\" srcset=\"https:\/\/mister.forex\/wp-content\/uploads\/2024\/02\/9-500x281.webp 500w, https:\/\/mister.forex\/wp-content\/uploads\/2024\/02\/9-600x337.webp 600w, https:\/\/mister.forex\/wp-content\/uploads\/2024\/02\/9-1200x675.webp 1200w, https:\/\/mister.forex\/wp-content\/uploads\/2024\/02\/9-300x169.webp 300w, https:\/\/mister.forex\/wp-content\/uploads\/2024\/02\/9-768x432.webp 768w, https:\/\/mister.forex\/wp-content\/uploads\/2024\/02\/9.webp 1366w\" sizes=\"(max-width: 500px) 100vw, 500px\" \/>\t\t\t\t\t\t\t\t\t\t\t\t\t\t\t<\/div>\n\t\t\t\t\t<\/div>\n\t\t\t\t<\/div>\n\t\t<div class=\"elementor-element elementor-element-f4bbbce e-flex e-con-boxed e-con e-parent\" data-id=\"f4bbbce\" data-element_type=\"container\">\n\t\t\t\t\t<div class=\"e-con-inner\">\n\t\t<div class=\"elementor-element elementor-element-118367b e-con-full e-flex e-con e-child\" data-id=\"118367b\" data-element_type=\"container\">\n\t\t<div class=\"elementor-element elementor-element-4aaf97d e-con-full e-flex e-con e-child\" data-id=\"4aaf97d\" data-element_type=\"container\">\n\t\t\t\t<div class=\"elementor-element elementor-element-7a71ef8 elementor-widget elementor-widget-text-editor\" data-id=\"7a71ef8\" data-element_type=\"widget\" data-widget_type=\"text-editor.default\">\n\t\t\t\t\t\t\t\t\t<h2><strong>Instru\u00e7\u00f5es de uso<\/strong><\/h2><h3><strong>Op\u00e7\u00f5es de entrada<\/strong><\/h3><p><strong><span style=\"text-decoration: underline;\">Tipo<\/span>:&nbsp;<\/strong>Neste campo, h\u00e1 quatro m\u00e9todos de c\u00e1lculo de pontos piv\u00f4 com diferentes n\u00edveis dispon\u00edveis para escolher.<\/p><ol><li><strong><span style=\"text-decoration: underline;\">Padr\u00e3o<\/span>:&nbsp;<\/strong>7 n\u00edveis entre R3 e S3.<\/li><li><strong><span style=\"text-decoration: underline;\">Woodie<\/span>:&nbsp;<\/strong>5 n\u00edveis entre R2 e S2.<\/li><li><strong><span style=\"text-decoration: underline;\">Camarilla<\/span>:&nbsp;<\/strong>9 n\u00edveis entre R4 e S4.<\/li><li><strong><span style=\"text-decoration: underline;\">DeMark<\/span>:&nbsp;<\/strong>Calcula apenas 2 n\u00edveis entre R1 e S1.<\/li><\/ol>\t\t\t\t\t\t\t\t<\/div>\n\t\t\t\t<div class=\"elementor-element elementor-element-61abba3 elementor-widget elementor-widget-text-editor\" data-id=\"61abba3\" data-element_type=\"widget\" data-widget_type=\"text-editor.default\">\n\t\t\t\t\t\t\t\t\t<p><strong><span style=\"text-decoration: underline;\">Pre\u00e7o alto<\/span>:&nbsp;<\/strong>Insira o pre\u00e7o m\u00e1ximo do dia de negocia\u00e7\u00e3o anterior do ativo.<\/p><p><strong><span style=\"text-decoration: underline;\">Pre\u00e7o baixo<\/span>:&nbsp;<\/strong>Insira o pre\u00e7o m\u00ednimo do dia de negocia\u00e7\u00e3o anterior do ativo.<\/p><p><strong><span style=\"text-decoration: underline;\">Pre\u00e7o de encerramento<\/span>:&nbsp;<\/strong>Insira o pre\u00e7o de fechamento do dia de negocia\u00e7\u00e3o anterior.<\/p><p><strong>\u203b<\/strong>\u00a0<strong><span style=\"text-decoration: underline;\">Pre\u00e7o de abertura<\/span>:&nbsp;<\/strong>Insira o pre\u00e7o de abertura do dia de negocia\u00e7\u00e3o anterior, que \u00e9 um dos dados de c\u00e1lculo chave no m\u00e9todo DeMark.<\/p>\t\t\t\t\t\t\t\t<\/div>\n\t\t\t\t<div class=\"elementor-element elementor-element-d6b57e4 elementor-widget elementor-widget-text-editor\" data-id=\"d6b57e4\" data-element_type=\"widget\" data-widget_type=\"text-editor.default\">\n\t\t\t\t\t\t\t\t\t<h2><strong>Resultados do c\u00e1lculo<\/strong><\/h2><p>A Calculadora de Ponto Pivot calcular\u00e1 e exibir\u00e1 os n\u00edveis de piv\u00f4 para o pr\u00f3ximo per\u00edodo de negocia\u00e7\u00e3o com base no m\u00e9todo de c\u00e1lculo escolhido e nos dados de pre\u00e7os inseridos.<\/p><p>Por exemplo, suponha que queremos calcular o ponto piv\u00f4 para o par euro\/d\u00f3lar e o pr\u00f3ximo per\u00edodo de negocia\u00e7\u00e3o.<\/p><p>Primeiro, no nosso exemplo, vamos escolher o m\u00e9todo de c\u00e1lculo padr\u00e3o.<\/p><p>Inserimos que o par de moedas euro\/d\u00f3lar atingiu um pre\u00e7o m\u00e1ximo de 1.2000, um pre\u00e7o m\u00ednimo de 1.1500 e um pre\u00e7o de fechamento de 1.1700 no dia de negocia\u00e7\u00e3o anterior.<\/p><p>A Calculadora de Ponto Pivot (no modo padr\u00e3o) calcular\u00e1 e exibir\u00e1 os 7 n\u00edveis de ponto pivot para o par Euro\/D\u00f3lar na pr\u00f3xima sess\u00e3o de negocia\u00e7\u00e3o.<\/p><p>O n\u00edvel do ponto piv\u00f4 para o dia seguinte \u00e9 1.1733<\/p><p>Os 3 n\u00edveis de suporte s\u00e3o 1.1467 (S1), 1.1233 (S2) e 1.0967 (S3).<\/p><p>Os 3 n\u00edveis de resist\u00eancia s\u00e3o 1.1967 (R1), 1.2233 (R2) e 1.2467 (R3).<\/p>\t\t\t\t\t\t\t\t<\/div>\n\t\t\t\t<div class=\"elementor-element elementor-element-51954b1 elementor-widget elementor-widget-text-editor\" data-id=\"51954b1\" data-element_type=\"widget\" data-widget_type=\"text-editor.default\">\n\t\t\t\t\t\t\t\t\t<h2><strong>O que s\u00e3o pontos piv\u00f4?<\/strong><\/h2><p>O ponto piv\u00f4 \u00e9 uma ferramenta de an\u00e1lise t\u00e9cnica comum no trading de Forex, usada para determinar poss\u00edveis n\u00edveis de suporte e resist\u00eancia.<\/p><p>\u00c9 calculado pela m\u00e9dia do pre\u00e7o m\u00e1ximo, m\u00ednimo e de fechamento do dia de negocia\u00e7\u00e3o anterior.<\/p><p><strong>Ponto de piv\u00f4 (Pivot Point) =<\/strong><\/p><p data-pm-slice=\"0 0 []\"><strong>\uff3bPre\u00e7o M\u00e1ximo + Pre\u00e7o M\u00ednimo + Pre\u00e7o de Fecho\uff3d\uff0f3<\/strong><\/p><p>No pr\u00f3ximo per\u00edodo de negocia\u00e7\u00e3o, se o pre\u00e7o atual estiver abaixo do n\u00edvel do ponto piv\u00f4, isso pode indicar que o mercado continuar\u00e1 a cair; por outro lado, se o pre\u00e7o atual estiver acima do n\u00edvel do ponto piv\u00f4, isso pode indicar que o mercado continuar\u00e1 a subir.<\/p><p>A estrat\u00e9gia de Pivot Point \u00e9 uma estrat\u00e9gia de negocia\u00e7\u00e3o preditiva que pode ajudar os traders a identificar poss\u00edveis pontos de revers\u00e3o de pre\u00e7os ou n\u00edveis de ruptura. A principal vantagem dessa estrat\u00e9gia \u00e9 que ela pode fornecer informa\u00e7\u00f5es sobre a dire\u00e7\u00e3o do mercado em tempo real, em vez de informa\u00e7\u00f5es defasadas.<\/p><p>Nossa Calculadora de Ponto Pivot pode ajud\u00e1-lo a calcular com precis\u00e3o os pontos pivot, tr\u00eas n\u00edveis de resist\u00eancia e tr\u00eas n\u00edveis de suporte para qualquer instrumento financeiro. Esses n\u00edveis podem ajud\u00e1-lo a entender melhor os poss\u00edveis movimentos do mercado e a elaborar estrat\u00e9gias de negocia\u00e7\u00e3o eficazes.<\/p>\t\t\t\t\t\t\t\t<\/div>\n\t\t\t\t<div class=\"elementor-element elementor-element-5a452a9 elementor-alert-danger elementor-widget elementor-widget-alert\" data-id=\"5a452a9\" data-element_type=\"widget\" data-widget_type=\"alert.default\">\n\t\t\t\t\t\t\t<div class=\"elementor-alert\" role=\"alert\">\n\n\t\t\t\n\t\t\t\t\t\t<span class=\"elementor-alert-description\">A efic\u00e1cia da estrat\u00e9gia de negocia\u00e7\u00e3o de Pivot Point depende em grande parte da precis\u00e3o dos dados de pre\u00e7os utilizados. Esses dados de pre\u00e7os (incluindo o pre\u00e7o m\u00e1ximo, o pre\u00e7o m\u00ednimo e o pre\u00e7o de fechamento) devem ser extra\u00eddos diretamente do hor\u00e1rio de negocia\u00e7\u00e3o do mercado do ativo para garantir que correspondam aos dados de pre\u00e7os do corretor.\n<br><br>\nNo entanto, devido a alguns corretores de contratos por diferen\u00e7a de retalho terem servidores de dados em diferentes fusos hor\u00e1rios, isso pode levar a discrep\u00e2ncias em rela\u00e7\u00e3o ao mercado oficial. Essa situa\u00e7\u00e3o pode resultar em gr\u00e1ficos e pre\u00e7os na plataforma de negocia\u00e7\u00e3o que variam de acordo com o corretor, afetando assim os resultados da estrat\u00e9gia de pontos piv\u00f4.\n<br><br>\nPortanto, para garantir a efic\u00e1cia da estrat\u00e9gia de pontos piv\u00f4, os traders precisam assegurar que os dados de pre\u00e7os que utilizam sejam precisos e confi\u00e1veis, e que correspondam aos dados de seus corretores. Isso pode exigir que os traders se comuniquem com seus corretores para determinar a melhor fonte de dados.<\/span>\n\t\t\t\n\t\t\t\n\t\t<\/div>\n\t\t\t\t\t\t<\/div>\n\t\t\t\t<\/div>\n\t\t\t\t<\/div>\n\t\t<div class=\"elementor-element elementor-element-e6e20af e-con-full e-flex e-con e-child\" data-id=\"e6e20af\" data-element_type=\"container\">\n\t\t\t\t<div class=\"elementor-element elementor-element-46abd96 elementor-widget__width-initial elementor-widget elementor-widget-html\" data-id=\"46abd96\" data-element_type=\"widget\" data-widget_type=\"html.default\">\n\t\t\t\t\t<div id=\"pivot-point-calculator-29446\"><script type=\"text\/javascript\" src=\"https:\/\/www.cashbackforex.com\/Content\/remote\/remote-widgets.js\"><\/script><script type=\"text\/javascript\"> RemoteCalc({\"Url\":\"https:\/\/www.cashbackforex.com\", \"TopPaneStyle\":\"YmFja2dyb3VuZDogbGluZWFyLWdyYWRpZW50KCNmZmYgMjAlLCAjZjVmNWY1IDQ1JSk7IGNvbG9yOiBibGFjazsgYm9yZGVyOiBzb2xpZCAxcHggI2FhYTsgYm9yZGVyLWJvdHRvbTogbm9uZTsg\",\"BottomPaneStyle\":\"YmFja2dyb3VuZDogI2YzZjNmMzsgYm9yZGVyOiBzb2xpZCAxcHggI2FhYTsgY29sb3I6IGJsYWNrOw==\",\"ButtonStyle\":\"YmFja2dyb3VuZDogIzM0MzU0MDsgY29sb3I6IHdoaXRlOyBib3JkZXItcmFkaXVzOiAyMHB4Ow==\",\"TitleStyle\":\"dGV4dC1hbGlnbjogbGVmdDsgZm9udC1zaXplOiAxNnB4OyBmb250LXdlaWdodDogNTAwOw==\",\"TextboxStyle\":\"YmFja2dyb3VuZC1jb2xvcjogd2hpdGU7IGNvbG9yOiBibGFjazsgYm9yZGVyOiBzb2xpZCAxcHggI2FhYWFhYQ==\",\"ContainerWidth\":\"500\",\"HighlightColor\":\"#ffff00\",\"IsDisplayTitle\":false,\"IsShowEmbedButton\":false,\"Lang\":wlang(),\"CompactType\":\"large\",\"Calculator\":\"pivot-point-calculator\",\"ContainerId\":\"pivot-point-calculator-29446\"});\n\nfunction wlang() {\n    \n\tvar lang = window.location.href;\n\n\tif (!lang) {\n\t\treturn 'en';\n\t}\n\n        if (lang.match('\/zh\/')) {\n\t\treturn 'zh';\n\n\t} else if (lang.match('\/hk\/')) {\n\t\treturn 'zh';\n\t\t\n\t} else if (lang.match('\/cn\/')) {\n\t\treturn 'zh';\n\t\t\n\t} else if (lang.match('\/en\/')) {\n\t\treturn 'en';\n\t\t\n\t} else if (lang.match('\/hi\/')) {\n\t\treturn 'en';\n\t\t\n\t} else if (lang.match('\/pt_br\/')) {\n\t\treturn 'pt';\n\t\t\n\t} else if (lang.match('\/ms\/')) {\n\t\treturn 'id';\n\t\t\n\t} else if (lang.match('\/es\/')) {\n\t\treturn 'es';\n\t\t\n\t} else if (lang.match('\/es_ar\/')) {\n\t\treturn 'es';\n\t\t\n\t} else if (lang.match('\/es_mx\/')) {\n\t\treturn 'es';\n\n\t} else if (lang.match('\/bn\/')) {\n\t\treturn 'en';\n\t\t\n\t} else if (lang.match('\/nb\/')) {\n\t\treturn 'en';\t\t\n\n\t} else if (lang.match('\/da\/')) {\n\t\treturn 'en';\n\t\t\n\t} else if (lang.match('\/nl\/')) {\n\t\treturn 'en';\n\t\t\n\t} else if (lang.match('\/sv\/')) {\n\t\treturn 'en';\n\t\t\n\t} else if (lang.match('\/uk\/')) {\n\t\treturn 'ru';\n\t\t\n\t} else if (lang.match('\/ur\/')) {\n\t\treturn 'en';\n\t\t\n\t} else if (lang.match('\/de\/')) {\n\t\treturn 'de';\n\t\t\n\t} else if (lang.match('\/fr\/')) {\n\t\treturn 'fr';\n\t\t\n\t} else if (lang.match('\/id\/')) {\n\t\treturn 'id';\n\t\t\n\t} else if (lang.match('\/it\/')) {\n\t\treturn 'it';\n\t\t\n\t} else if (lang.match('\/hu\/')) {\n\t\treturn 'hu';\n\t\t\n\t} else if (lang.match('\/pt\/')) {\n\t\treturn 'pt';\n\t\t\n\t} else if (lang.match('\/pl\/')) {\n\t\treturn 'pl';\n\t\t\n\t} else if (lang.match('\/ro\/')) {\n\t\treturn 'ro';\n\t\t\n\t} else if (lang.match('\/vi\/')) {\n\t\treturn 'vi';\n\t\t\n\t} else if (lang.match('\/tr\/')) {\n\t\treturn 'tr';\n\t\t\n\t} else if (lang.match('\/el\/')) {\n\t\treturn 'el';\n\t\t\n\t} else if (lang.match('\/ru\/')) {\n\t\treturn 'ru';\n\t\t\n\t} else if (lang.match('\/ar\/')) {\n\t\treturn 'ar';\n\t\t\n\t} else if (lang.match('\/th\/')) {\n\t\treturn 'th';\n\t\t\n\t} else if (lang.match('\/kr\/')) {\n\t\treturn 'ko';\n\t\t\n\t} else if (lang.match('\/jp\/')) {\n\t\treturn 'ja';\n\t\t\n\t} else if (lang.match('\/cs\/')) {\n\t\treturn 'cs';\n\t\t\n\t}else {\n\t\treturn 'zh';\n\t}\n}\n<\/script><\/div>\t\t\t\t<\/div>\n\t\t\t\t<\/div>\n\t\t\t\t\t<\/div>\n\t\t\t\t<\/div>\n\t\t\t\t<\/div>","protected":false},"excerpt":{"rendered":"<p>Quer encontrar n\u00edveis de suporte e resist\u00eancia precisos no mercado de c\u00e2mbio? A nossa Calculadora de Ponto Pivot \u00e9 a sua ferramenta ideal! Seja pelo m\u00e9todo padr\u00e3o, Woodie, Camarilla ou DeMark, podemos ajud\u00e1-lo a calcular facilmente os pontos pivot chave para o pr\u00f3ximo per\u00edodo de negocia\u00e7\u00e3o. Clique para ver o artigo completo, domine mais t\u00e9cnicas de negocia\u00e7\u00e3o e aumente a sua taxa de sucesso nas negocia\u00e7\u00f5es!<\/p>","protected":false},"author":1,"featured_media":23607,"parent":15462,"menu_order":0,"comment_status":"closed","ping_status":"closed","template":"","meta":{"footnotes":""},"tags":[128],"class_list":["post-15689","page","type-page","status-publish","has-post-thumbnail","hentry","tag-no-google"],"_links":{"self":[{"href":"https:\/\/mister.forex\/pt\/wp-json\/wp\/v2\/pages\/15689","targetHints":{"allow":["GET"]}}],"collection":[{"href":"https:\/\/mister.forex\/pt\/wp-json\/wp\/v2\/pages"}],"about":[{"href":"https:\/\/mister.forex\/pt\/wp-json\/wp\/v2\/types\/page"}],"author":[{"embeddable":true,"href":"https:\/\/mister.forex\/pt\/wp-json\/wp\/v2\/users\/1"}],"replies":[{"embeddable":true,"href":"https:\/\/mister.forex\/pt\/wp-json\/wp\/v2\/comments?post=15689"}],"version-history":[{"count":3,"href":"https:\/\/mister.forex\/pt\/wp-json\/wp\/v2\/pages\/15689\/revisions"}],"predecessor-version":[{"id":69187,"href":"https:\/\/mister.forex\/pt\/wp-json\/wp\/v2\/pages\/15689\/revisions\/69187"}],"up":[{"embeddable":true,"href":"https:\/\/mister.forex\/pt\/wp-json\/wp\/v2\/pages\/15462"}],"wp:featuredmedia":[{"embeddable":true,"href":"https:\/\/mister.forex\/pt\/wp-json\/wp\/v2\/media\/23607"}],"wp:attachment":[{"href":"https:\/\/mister.forex\/pt\/wp-json\/wp\/v2\/media?parent=15689"}],"wp:term":[{"taxonomy":"post_tag","embeddable":true,"href":"https:\/\/mister.forex\/pt\/wp-json\/wp\/v2\/tags?post=15689"}],"curies":[{"name":"wp","href":"https:\/\/api.w.org\/{rel}","templated":true}]}}