{"id":16663,"date":"2024-05-09T10:16:13","date_gmt":"2024-05-09T02:16:13","guid":{"rendered":"http:\/\/192.168.0.254\/?page_id=16663"},"modified":"2026-04-02T23:19:33","modified_gmt":"2026-04-02T15:19:33","slug":"fibonacci-calculator","status":"publish","type":"page","link":"https:\/\/mister.forex\/pt\/tools\/fibonacci-calculator\/","title":{"rendered":"Calculadora Fibonacci | Calculadora Fibonacci em tempo real, para suporte e resist\u00eancia"},"content":{"rendered":"<div data-elementor-type=\"wp-page\" data-elementor-id=\"16663\" class=\"elementor elementor-16663\" data-elementor-post-type=\"page\">\n\t\t\t\t<div class=\"elementor-element elementor-element-581b21e e-flex e-con-boxed e-con e-parent\" data-id=\"581b21e\" data-element_type=\"container\" data-settings=\"{&quot;background_background&quot;:&quot;classic&quot;}\">\n\t\t\t\t\t<div class=\"e-con-inner\">\n\t\t<div class=\"elementor-element elementor-element-96f071a e-flex e-con-boxed e-con e-child\" data-id=\"96f071a\" data-element_type=\"container\">\n\t\t\t\t\t<div class=\"e-con-inner\">\n\t\t\t\t<div class=\"elementor-element elementor-element-4b49364 elementor-widget elementor-widget-heading\" data-id=\"4b49364\" data-element_type=\"widget\" data-widget_type=\"heading.default\">\n\t\t\t\t\t<h1 class=\"elementor-heading-title elementor-size-default\">Calculadora Fibonacci<\/h1>\t\t\t\t<\/div>\n\t\t\t\t<div class=\"elementor-element elementor-element-bb99fa7 elementor-widget elementor-widget-heading\" data-id=\"bb99fa7\" data-element_type=\"widget\" data-widget_type=\"heading.default\">\n\t\t\t\t\t<h2 class=\"elementor-heading-title elementor-size-default\">Calculadora de Fibonacci em tempo real, para suporte e resist\u00eancia<\/h2>\t\t\t\t<\/div>\n\t\t\t\t\t<\/div>\n\t\t\t\t<\/div>\n\t\t\t\t<div class=\"elementor-element elementor-element-c391668 elementor-widget__width-inherit elementor-absolute elementor-widget elementor-widget-image\" data-id=\"c391668\" data-element_type=\"widget\" data-settings=\"{&quot;_position&quot;:&quot;absolute&quot;}\" data-widget_type=\"image.default\">\n\t\t\t\t\t\t\t\t\t\t\t\t\t\t\t<img fetchpriority=\"high\" decoding=\"async\" width=\"500\" height=\"281\" src=\"https:\/\/mister.forex\/wp-content\/uploads\/2024\/02\/9-500x281.webp\" class=\"attachment-medium size-medium wp-image-4081\" alt=\"\" srcset=\"https:\/\/mister.forex\/wp-content\/uploads\/2024\/02\/9-500x281.webp 500w, https:\/\/mister.forex\/wp-content\/uploads\/2024\/02\/9-600x337.webp 600w, https:\/\/mister.forex\/wp-content\/uploads\/2024\/02\/9-1200x675.webp 1200w, https:\/\/mister.forex\/wp-content\/uploads\/2024\/02\/9-300x169.webp 300w, https:\/\/mister.forex\/wp-content\/uploads\/2024\/02\/9-768x432.webp 768w, https:\/\/mister.forex\/wp-content\/uploads\/2024\/02\/9.webp 1366w\" sizes=\"(max-width: 500px) 100vw, 500px\" \/>\t\t\t\t\t\t\t\t\t\t\t\t\t\t\t<\/div>\n\t\t\t\t\t<\/div>\n\t\t\t\t<\/div>\n\t\t<div class=\"elementor-element elementor-element-2be8f0c e-flex e-con-boxed e-con e-parent\" data-id=\"2be8f0c\" data-element_type=\"container\">\n\t\t\t\t\t<div class=\"e-con-inner\">\n\t\t<div class=\"elementor-element elementor-element-da76163 e-con-full e-flex e-con e-child\" data-id=\"da76163\" data-element_type=\"container\">\n\t\t<div class=\"elementor-element elementor-element-e4ed029 e-con-full e-flex e-con e-child\" data-id=\"e4ed029\" data-element_type=\"container\">\n\t\t\t\t<div class=\"elementor-element elementor-element-18d29fb elementor-widget elementor-widget-text-editor\" data-id=\"18d29fb\" data-element_type=\"widget\" data-widget_type=\"text-editor.default\">\n\t\t\t\t\t\t\t\t\t<h2><strong>Instru\u00e7\u00f5es de uso<\/strong><\/h2><h3><strong>Op\u00e7\u00f5es de entrada<\/strong><\/h3><p><strong><span style=\"text-decoration: underline;\">Dire\u00e7\u00e3o da trend<\/span>:&nbsp;<\/strong>Escolha \"para cima\" ou \"para baixo\" para simular uma tend\u00eancia de alta ou de baixa.<\/p><p><strong><span style=\"text-decoration: underline;\">Retra\u00e7\u00e3o \/ Proje\u00e7\u00e3o<\/span>:&nbsp;<\/strong>Escolha \"Retra\u00e7\u00e3o\" para calcular os pontos de retrocesso de pre\u00e7os na tend\u00eancia, ou escolha \"Expectativa\" para calcular os pontos de alvo de pre\u00e7os ap\u00f3s uma quebra.<\/p><p><strong><span style=\"text-decoration: underline;\">Pre\u00e7o baixo<\/span>:&nbsp;<\/strong>Em uma tend\u00eancia de alta, este \u00e9 o ponto mais baixo da retra\u00e7\u00e3o de pre\u00e7o. Em uma tend\u00eancia de baixa, este \u00e9 o ponto mais baixo alcan\u00e7ado pelo pre\u00e7o.<\/p><p><strong><span style=\"text-decoration: underline;\">Pre\u00e7o alto<\/span>:&nbsp;<\/strong>Num tend\u00eancia de alta, este \u00e9 o ponto mais alto que o pre\u00e7o atinge. Em uma tend\u00eancia de baixa, este \u00e9 o ponto mais alto que o pre\u00e7o rebate.<\/p><p>\u203b <span style=\"text-decoration: underline;\"><strong>Pre\u00e7o final<\/strong><\/span><strong>:&nbsp;<\/strong>Insira o pre\u00e7o alvo esperado. Este n\u00famero geralmente \u00e9 o pr\u00f3ximo ponto alto ou baixo que voc\u00ea prev\u00ea que o pre\u00e7o alcan\u00e7ar\u00e1, com base na tend\u00eancia atual do mercado.<\/p>\t\t\t\t\t\t\t\t<\/div>\n\t\t\t\t<div class=\"elementor-element elementor-element-3e0b4e6 elementor-widget elementor-widget-text-editor\" data-id=\"3e0b4e6\" data-element_type=\"widget\" data-widget_type=\"text-editor.default\">\n\t\t\t\t\t\t\t\t\t<h3><strong>Passos de opera\u00e7\u00e3o<\/strong><\/h3><p>Escolha a dire\u00e7\u00e3o da tend\u00eancia. Por exemplo, ao calcular os n\u00edveis de retra\u00e7\u00e3o de Fibonacci para o EUR\/USD, escolha a dire\u00e7\u00e3o da tend\u00eancia \"para cima\".<\/p><p>Marque a op\u00e7\u00e3o \"Retra\u00e7\u00e3o\" para indicar ao calculador que deve calcular os n\u00edveis de retra\u00e7\u00e3o.<\/p><p>Insira o pre\u00e7o baixo e o pre\u00e7o alto. Por exemplo, o pre\u00e7o baixo \u00e9 1.16653 e o pre\u00e7o alto \u00e9 1.20552.<\/p>\t\t\t\t\t\t\t\t<\/div>\n\t\t\t\t<div class=\"elementor-element elementor-element-4799a02 elementor-widget elementor-widget-text-editor\" data-id=\"4799a02\" data-element_type=\"widget\" data-widget_type=\"text-editor.default\">\n\t\t\t\t\t\t\t\t\t<h3><strong>Resultados do c\u00e1lculo<\/strong><\/h3><p>A calculadora de Fibonacci calcular\u00e1 e exibir\u00e1 os n\u00edveis de retra\u00e7\u00e3o para o par de moedas. Esses n\u00edveis s\u00e3o criados ao obter dois pontos extremos do comportamento do pre\u00e7o do ativo (os pontos de menor ou maior volatilidade, ou simplesmente os pontos A e B) e dividir a dist\u00e2ncia vertical pelas propor\u00e7\u00f5es-chave de Fibonacci:&nbsp;23,6%, 38,2%, 50% e 61,8%.<\/p><p>Por exemplo, em uma tend\u00eancia de alta, a m\u00ednima do EUR\/USD (ponto A) \u00e9 1.16653, e o pre\u00e7o sobe at\u00e9 o m\u00e1ximo de 1.20552 (ponto B). Ap\u00f3s inserir esses dados, a calculadora exibir\u00e1 os n\u00edveis de retra\u00e7\u00e3o de Fibonacci correspondentes.<\/p><p>Por padr\u00e3o, a calculadora exibir\u00e1 os n\u00edveis de retra\u00e7\u00e3o. Para os n\u00edveis de previs\u00e3o (expans\u00e3o), os traders devem preencher o campo \"pre\u00e7o final\", e a calculadora mostrar\u00e1 v\u00e1rios n\u00edveis de previs\u00e3o poss\u00edveis (m\u00e1ximo de 161.8%).<\/p>\t\t\t\t\t\t\t\t<\/div>\n\t\t\t\t<div class=\"elementor-element elementor-element-353ada7 elementor-widget elementor-widget-text-editor\" data-id=\"353ada7\" data-element_type=\"widget\" data-widget_type=\"text-editor.default\">\n\t\t\t\t\t\t\t\t\t<h2><strong>O que s\u00e3o n\u00edveis de Fibonacci?<\/strong><\/h2><p>Os n\u00edveis de Fibonacci s\u00e3o um m\u00e9todo comum de an\u00e1lise do comportamento dos pre\u00e7os dos ativos nos mercados financeiros. N\u00e3o se trata de uma propor\u00e7\u00e3o ou padr\u00e3o de pre\u00e7os misterioso, mas sim de uma ferramenta de an\u00e1lise popular, cuja utilidade depende do grau em que se auto-realiza.<\/p><p>Os n\u00edveis de Fibonacci t\u00eam duas principais categorias:&nbsp;retrocessos e extens\u00f5es. Os n\u00edveis de retrocesso s\u00e3o utilizados ap\u00f3s os pre\u00e7os atingirem novas m\u00e1ximas (tend\u00eancia de alta) ou novas m\u00ednimas (tend\u00eancia de baixa), e quando os traders acreditam que a tend\u00eancia pode estar temporariamente a terminar. Os chamados n\u00edveis de retrocesso de Fibonacci aparecem quando o mercado come\u00e7a a ajustar ou consolidar.<\/p><p><strong>Os principais n\u00edveis de retrocesso de Fibonacci incluem 0.236, 0.382, 0.500, 0.618 e 0.764.<\/strong><\/p><p>Por outro lado, os n\u00edveis de extens\u00e3o de Fibonacci s\u00e3o usados para prever at\u00e9 que ponto os pre\u00e7os podem ultrapassar seu intervalo original e continuar a se mover na dire\u00e7\u00e3o da tend\u00eancia. O pre\u00e7o do mercado pode recuar at\u00e9 um n\u00edvel de retra\u00e7\u00e3o de Fibonacci e, em seguida, continuar a se mover na dire\u00e7\u00e3o da tend\u00eancia principal, criando novos altos ou baixos. Alternativamente, ap\u00f3s um per\u00edodo de consolida\u00e7\u00e3o, ele pode continuar a se mover na dire\u00e7\u00e3o da tend\u00eancia principal sem tocar em nenhum n\u00edvel de retra\u00e7\u00e3o de Fibonacci.<\/p><p><strong>Os principais n\u00edveis de extens\u00e3o de Fibonacci incluem 0.382, 0.618, 1.000, 1.382 e 1.618.<\/strong><\/p><p>Assim como a propor\u00e7\u00e3o \u00e1urea n\u00e3o possui regras m\u00e1gicas ou universais, os n\u00edveis de Fibonacci tamb\u00e9m n\u00e3o. Eles s\u00e3o apenas uma propor\u00e7\u00e3o interessante descoberta por matem\u00e1ticos e posteriormente adotada por traders.<\/p><p>Devido ao uso generalizado dos n\u00edveis de Fibonacci nos mercados globais, incluindo por alguns traders profissionais, muitas pessoas compram e\/ou vendem nesses n\u00edveis, tornando os n\u00edveis de Fibonacci potencialmente muito eficazes.<\/p>\t\t\t\t\t\t\t\t<\/div>\n\t\t\t\t<\/div>\n\t\t<div class=\"elementor-element elementor-element-012fcfe e-con-full e-flex e-con e-child\" data-id=\"012fcfe\" data-element_type=\"container\">\n\t\t\t\t<div class=\"elementor-element elementor-element-af3faae elementor-widget__width-initial elementor-widget elementor-widget-html\" data-id=\"af3faae\" data-element_type=\"widget\" data-widget_type=\"html.default\">\n\t\t\t\t\t<div id=\"fibonacci-calculator-386315\"><script type=\"text\/javascript\" src=\"https:\/\/www.cashbackforex.com\/Content\/remote\/remote-widgets.js\"><\/script><script type=\"text\/javascript\"> RemoteCalc({\"Url\":\"https:\/\/www.cashbackforex.com\", \"TopPaneStyle\":\"YmFja2dyb3VuZDogbGluZWFyLWdyYWRpZW50KCNmZmYgMjAlLCAjZjVmNWY1IDQ1JSk7IGNvbG9yOiBibGFjazsgYm9yZGVyOiBzb2xpZCAxcHggI2FhYTsgYm9yZGVyLWJvdHRvbTogbm9uZTsg\",\"BottomPaneStyle\":\"YmFja2dyb3VuZDogI2YzZjNmMzsgYm9yZGVyOiBzb2xpZCAxcHggI2FhYTsgY29sb3I6IGJsYWNrOw==\",\"ButtonStyle\":\"YmFja2dyb3VuZDogIzM0MzU0MDsgY29sb3I6IHdoaXRlOyBib3JkZXItcmFkaXVzOiAyMHB4Ow==\",\"TitleStyle\":\"dGV4dC1hbGlnbjogbGVmdDsgZm9udC1zaXplOiAxNnB4OyBmb250LXdlaWdodDogNTAwOw==\",\"TextboxStyle\":\"YmFja2dyb3VuZC1jb2xvcjogd2hpdGU7IGNvbG9yOiBibGFjazsgYm9yZGVyOiBzb2xpZCAxcHggI2FhYWFhYQ==\",\"HighlightColor\":\"#ffff00\",\"IsDisplayTitle\":false,\"IsShowEmbedButton\":false,\"Lang\":wlang(),\"CompactType\":\"large\",\"Calculator\":\"fibonacci-calculator\",\"ContainerId\":\"fibonacci-calculator-386315\"});\n\nfunction wlang() {\n    \n\tvar lang = window.location.href;\n\n\tif (!lang) {\n\t\treturn 'en';\n\t}\n\n        if (lang.match('\/zh\/')) {\n\t\treturn 'zh';\n\n\t} else if (lang.match('\/hk\/')) {\n\t\treturn 'zh';\n\t\t\n\t} else if (lang.match('\/cn\/')) {\n\t\treturn 'zh';\n\t\t\n\t} else if (lang.match('\/en\/')) {\n\t\treturn 'en';\n\t\t\n\t} else if (lang.match('\/hi\/')) {\n\t\treturn 'en';\n\t\t\n\t} else if (lang.match('\/pt_br\/')) {\n\t\treturn 'pt';\n\t\t\n\t} else if (lang.match('\/ms\/')) {\n\t\treturn 'id';\n\t\t\n\t} else if (lang.match('\/es\/')) {\n\t\treturn 'es';\n\t\t\n\t} else if (lang.match('\/es_ar\/')) {\n\t\treturn 'es';\n\t\t\n\t} else if (lang.match('\/es_mx\/')) {\n\t\treturn 'es';\n\n\t} else if (lang.match('\/bn\/')) {\n\t\treturn 'en';\n\t\t\n\t} else if (lang.match('\/nb\/')) {\n\t\treturn 'en';\t\t\n\n\t} else if (lang.match('\/da\/')) {\n\t\treturn 'en';\n\t\t\n\t} else if (lang.match('\/nl\/')) {\n\t\treturn 'en';\n\t\t\n\t} else if (lang.match('\/sv\/')) {\n\t\treturn 'en';\n\t\t\n\t} else if (lang.match('\/uk\/')) {\n\t\treturn 'ru';\n\t\t\n\t} else if (lang.match('\/ur\/')) {\n\t\treturn 'en';\n\t\t\n\t} else if (lang.match('\/de\/')) {\n\t\treturn 'de';\n\t\t\n\t} else if (lang.match('\/fr\/')) {\n\t\treturn 'fr';\n\t\t\n\t} else if (lang.match('\/id\/')) {\n\t\treturn 'id';\n\t\t\n\t} else if (lang.match('\/it\/')) {\n\t\treturn 'it';\n\t\t\n\t} else if (lang.match('\/hu\/')) {\n\t\treturn 'hu';\n\t\t\n\t} else if (lang.match('\/pt\/')) {\n\t\treturn 'pt';\n\t\t\n\t} else if (lang.match('\/pl\/')) {\n\t\treturn 'pl';\n\t\t\n\t} else if (lang.match('\/ro\/')) {\n\t\treturn 'ro';\n\t\t\n\t} else if (lang.match('\/vi\/')) {\n\t\treturn 'vi';\n\t\t\n\t} else if (lang.match('\/tr\/')) {\n\t\treturn 'tr';\n\t\t\n\t} else if (lang.match('\/el\/')) {\n\t\treturn 'el';\n\t\t\n\t} else if (lang.match('\/ru\/')) {\n\t\treturn 'ru';\n\t\t\n\t} else if (lang.match('\/ar\/')) {\n\t\treturn 'ar';\n\t\t\n\t} else if (lang.match('\/th\/')) {\n\t\treturn 'th';\n\t\t\n\t} else if (lang.match('\/kr\/')) {\n\t\treturn 'ko';\n\t\t\n\t} else if (lang.match('\/jp\/')) {\n\t\treturn 'ja';\n\t\t\n\t} else if (lang.match('\/cs\/')) {\n\t\treturn 'cs';\n\t\t\n\t}else {\n\t\treturn 'zh';\n\t}\n}\n<\/script><\/div>\t\t\t\t<\/div>\n\t\t\t\t<\/div>\n\t\t\t\t<\/div>\n\t\t\t\t\t<\/div>\n\t\t\t\t<\/div>\n\t\t\t\t<\/div>","protected":false},"excerpt":{"rendered":"<p>Quer prever com precis\u00e3o a tend\u00eancia dos pre\u00e7os no mercado financeiro? A nossa Calculadora Fibonacci \u00e9 a sua melhor assistente! Seja Retra\u00e7\u00e3o ou Extens\u00e3o, podemos ajud\u00e1-lo a calcular facilmente os n\u00edveis chave de Fibonacci. Descubra como utilizar esses dados para desenvolver estrat\u00e9gias de negocia\u00e7\u00e3o eficazes e garantir que os seus dados de pre\u00e7os estejam sincronizados com o mercado. Clique para ver o artigo completo, domine mais dicas de negocia\u00e7\u00e3o e aumente a sua taxa de sucesso nas transa\u00e7\u00f5es!<\/p>","protected":false},"author":1,"featured_media":23603,"parent":15462,"menu_order":0,"comment_status":"closed","ping_status":"closed","template":"","meta":{"footnotes":""},"tags":[128],"class_list":["post-16663","page","type-page","status-publish","has-post-thumbnail","hentry","tag-no-google"],"_links":{"self":[{"href":"https:\/\/mister.forex\/pt\/wp-json\/wp\/v2\/pages\/16663","targetHints":{"allow":["GET"]}}],"collection":[{"href":"https:\/\/mister.forex\/pt\/wp-json\/wp\/v2\/pages"}],"about":[{"href":"https:\/\/mister.forex\/pt\/wp-json\/wp\/v2\/types\/page"}],"author":[{"embeddable":true,"href":"https:\/\/mister.forex\/pt\/wp-json\/wp\/v2\/users\/1"}],"replies":[{"embeddable":true,"href":"https:\/\/mister.forex\/pt\/wp-json\/wp\/v2\/comments?post=16663"}],"version-history":[{"count":3,"href":"https:\/\/mister.forex\/pt\/wp-json\/wp\/v2\/pages\/16663\/revisions"}],"predecessor-version":[{"id":69196,"href":"https:\/\/mister.forex\/pt\/wp-json\/wp\/v2\/pages\/16663\/revisions\/69196"}],"up":[{"embeddable":true,"href":"https:\/\/mister.forex\/pt\/wp-json\/wp\/v2\/pages\/15462"}],"wp:featuredmedia":[{"embeddable":true,"href":"https:\/\/mister.forex\/pt\/wp-json\/wp\/v2\/media\/23603"}],"wp:attachment":[{"href":"https:\/\/mister.forex\/pt\/wp-json\/wp\/v2\/media?parent=16663"}],"wp:term":[{"taxonomy":"post_tag","embeddable":true,"href":"https:\/\/mister.forex\/pt\/wp-json\/wp\/v2\/tags?post=16663"}],"curies":[{"name":"wp","href":"https:\/\/api.w.org\/{rel}","templated":true}]}}