{"id":65895,"date":"2026-02-03T13:31:47","date_gmt":"2026-02-03T05:31:47","guid":{"rendered":"https:\/\/mister.forex\/?page_id=65895"},"modified":"2026-05-04T21:41:24","modified_gmt":"2026-05-04T13:41:24","slug":"forex-market-sessions-and-currency-pairs-guide","status":"publish","type":"page","link":"https:\/\/mister.forex\/pt\/forex-market-sessions-and-currency-pairs-guide\/","title":{"rendered":"An\u00e1lise das sess\u00f5es \u00c1sia\/Europa\/EUA e perfis de moedas: Guia para iniciantes | Mr.Forex"},"content":{"rendered":"<div data-elementor-type=\"wp-page\" data-elementor-id=\"65895\" class=\"elementor elementor-65895\" data-elementor-post-type=\"page\">\n\t\t\t\t<div class=\"elementor-element elementor-element-ba9c75b e-flex e-con-boxed e-con e-parent\" data-id=\"ba9c75b\" data-element_type=\"container\">\n\t\t\t\t\t<div class=\"e-con-inner\">\n\t\t\t\t<div class=\"elementor-element elementor-element-27b3544 elementor-widget elementor-widget-heading\" data-id=\"27b3544\" data-element_type=\"widget\" data-widget_type=\"heading.default\">\n\t\t\t\t\t<h1 class=\"elementor-heading-title elementor-size-default\">Domine o \"Ritmo\" do Mercado Forex e Identifique as Sess\u00f5es com Maior Probabilidade de Ganho<\/h1>\t\t\t\t<\/div>\n\t\t\t\t<div class=\"elementor-element elementor-element-cc53c49 elementor-widget elementor-widget-html\" data-id=\"cc53c49\" data-element_type=\"widget\" data-widget_type=\"html.default\">\n\t\t\t\t\tCompreenda a pulsa\u00e7\u00e3o das tr\u00eas principais sess\u00f5es e a personalidade dos ativos para evitar per\u00edodos de baixa liquidez.\t\t\t\t<\/div>\n\t\t\t\t<div class=\"elementor-element elementor-element-d418204 elementor-widget elementor-widget-html translation-block\" data-id=\"d418204\" data-element_type=\"widget\" data-widget_type=\"html.default\">Autor: <strong>Mr.Forex<\/strong><\/div>\n\t\t\t\t<div class=\"elementor-element elementor-element-d04bf8c elementor-widget elementor-widget-html translation-block\" data-id=\"d04bf8c\" data-element_type=\"widget\" data-widget_type=\"html.default\"><span>\n<h2><strong>Introdu\u00e7\u00e3o: A Escolha \u00e9 Mais Importante que o Esfor\u00e7o<\/strong><\/h2>\nMuitos principiantes come\u00e7am logo a negociar Ouro (XAUUSD), atra\u00eddos pela sua grande volatilidade e lucros r\u00e1pidos. O resultado? Geralmente, s\u00e3o tamb\u00e9m os primeiros a ver a sua conta ir a zero.<br><br>\n\nOs ativos no mercado cambial t\u00eam caracter\u00edsticas distintas. Alguns s\u00e3o como elefantes d\u00f3ceis, ideais para os iniciantes praticarem o ritmo; outros s\u00e3o como feras selvagens, prontas para atacar traders indisciplinados.<br><br>\n\nAl\u00e9m disso, embora o Forex seja um mercado de 24 horas, nem todos os minutos s\u00e3o adequados para operar. Ficar a olhar para o ecr\u00e3 durante o \"tempo morto\" (sem volatilidade) \u00e9 apenas um desperd\u00edcio de vida e energia mental.<br><br>\n\nEste guia ser\u00e1 o seu \"manual de campo\", indicando-lhe quando entrar em a\u00e7\u00e3o e quem escolher como advers\u00e1rio.<br><br>\n\n<h2><strong>I. O Rel\u00f3gio do Mercado Forex (Market Sessions)<\/strong><\/h2>\nA Terra gira e o capital flui. O mercado cambial global opera atrav\u00e9s da estafeta dos tr\u00eas principais centros financeiros. Os hor\u00e1rios abaixo baseiam-se no **UTC (Tempo Universal Coordenado)**.<br><br>\n\n<h3><strong>1. Sess\u00e3o Asi\u00e1tica (Asian Session) \u2014\u2014 A Manh\u00e3 Serena<\/strong><\/h3>\n<ul>\n  <li><strong>Hor\u00e1rio Principal (UTC):<\/strong> 22:00 ~ 06:00<\/li>\n  <li><strong>Protagonistas:<\/strong> T\u00f3quio (Tokyo), Sydney.<\/li>\n  <li><strong>Caracter\u00edsticas:<\/strong> A volatilidade \u00e9 geralmente baixa e o mercado est\u00e1 calmo. Ideal para traders que preferem estrat\u00e9gias de \"Range Trading\" (oscila\u00e7\u00e3o em intervalo).<\/li>\n  <li><strong>Moedas em Foco:<\/strong> JPY (Iene), AUD (D\u00f3lar Australiano), NZD (D\u00f3lar Neozeland\u00eas).<\/li>\n<\/ul><br>\n\n<h3><strong>2. Sess\u00e3o Europeia (London Session) \u2014\u2014 O Motor das Tend\u00eancias<\/strong><\/h3>\n<ul>\n  <li><strong>Hor\u00e1rio Principal (UTC):<\/strong> 07:00 ~ 15:00<\/li>\n  <li><strong>Protagonista:<\/strong> Londres (London) \u2014\u2014 O maior centro de negocia\u00e7\u00e3o forex do mundo.<\/li>\n  <li><strong>Caracter\u00edsticas:<\/strong> As verdadeiras tend\u00eancias costumam come\u00e7ar aqui. A volatilidade aumenta e o volume de negocia\u00e7\u00e3o dispara. A primeira hora ap\u00f3s a abertura de Londres apresenta frequentemente o primeiro sinal de rutura (breakout) do dia.<\/li>\n  <li><strong>Moedas em Foco:<\/strong> EUR (Euro), GBP (Libra), CHF (Franco Su\u00ed\u00e7o).<\/li>\n<\/ul><br>\n\n<h3><strong>3. Sess\u00e3o Americana (New York Session) \u2014\u2014 A Noite Fren\u00e9tica<\/strong><\/h3>\n<ul>\n  <li><strong>Hor\u00e1rio Principal (UTC):<\/strong> 12:00 ~ 21:00<\/li>\n  <li><strong>Protagonista:<\/strong> Nova Iorque (New York).<\/li>\n  <li><strong>Caracter\u00edsticas:<\/strong> O per\u00edodo com o fluxo de capital mais agressivo.<\/li>\n  <li><strong>\ud83d\udca1 Sobreposi\u00e7\u00e3o de Sess\u00f5es: UTC 12:00 ~ 15:00<\/strong><br>\n  Este \u00e9 o per\u00edodo em que a sess\u00e3o europeia e a americana se sobrep\u00f5em. O capital global cruza-se aqui, resultando na volatilidade mais intensa e no maior n\u00famero de oportunidades (e riscos).<\/li>\n  <li><strong>Moedas em Foco:<\/strong> USD (D\u00f3lar Americano), CAD (D\u00f3lar Canadiano), XAU (Ouro).<\/li>\n<\/ul>\n<\/span><\/div>\n\t\t<div class=\"elementor-element elementor-element-2c5ac2e e-con-full e-flex e-con e-child\" data-id=\"2c5ac2e\" data-element_type=\"container\" data-settings=\"{&quot;background_background&quot;:&quot;classic&quot;}\">\n\t\t\t\t<div class=\"elementor-element elementor-element-4dc0025 elementor-widget elementor-widget-html translation-block\" data-id=\"4dc0025\" data-element_type=\"widget\" data-widget_type=\"html.default\"><span>\n<h3><strong>\u26a0\ufe0f Lembrete Importante:<\/strong><\/h3>\nOs mercados europeu e americano utilizam o \"Hor\u00e1rio de Ver\u00e3o (Daylight Saving Time)\". Geralmente, entre mar\u00e7o e novembro, os hor\u00e1rios de abertura e fecho antecipam-se 1 hora em rela\u00e7\u00e3o ao padr\u00e3o acima. Os traders devem estar atentos a estes ajustes sazonais.\n<\/span><\/div>\n\t\t\t\t<\/div>\n\t\t\t\t<div class=\"elementor-element elementor-element-576c27b elementor-widget elementor-widget-html translation-block\" data-id=\"576c27b\" data-element_type=\"widget\" data-widget_type=\"html.default\"><span>\n<h2><strong>II. A Personalidade das Principais Moedas (The Personalities)<\/strong><\/h2>\nEmbora existam centenas de ativos na plataforma MT5, recomenda-se que os principiantes se foquem nas seguintes moedas representativas.<br><br>\n\n<h3><strong>1. EUR\/USD (Euro\/D\u00f3lar) \u2014\u2014 O Elefante<\/strong><\/h3>\n<ul>\n  <li><strong>Estatuto:<\/strong> L\u00edder mundial em volume de negocia\u00e7\u00e3o, representando mais de 30% do mercado total.<\/li>\n  <li><strong>Personalidade:<\/strong> O movimento mais est\u00e1vel e com maior valor de refer\u00eancia para an\u00e1lise t\u00e9cnica. Raramente apresenta falsas ruturas extremas. O Spread \u00e9 geralmente o mais baixo do mercado.<\/li>\n  <li><strong>Para quem:<\/strong> A primeira escolha para todos os iniciantes.<\/li>\n<\/ul><br>\n\n<h3><strong>2. USD\/JPY (D\u00f3lar\/Iene) \u2014\u2014 O Coelho<\/strong><\/h3>\n<ul>\n  <li><strong>Personalidade:<\/strong> Pode permanecer em consolida\u00e7\u00e3o durante muito tempo, mas assim que uma tend\u00eancia se forma (por exemplo, devido a mudan\u00e7as na pol\u00edtica do Banco do Jap\u00e3o), corre numa \u00fanica dire\u00e7\u00e3o sem olhar para tr\u00e1s. \u00c9 fortemente influenciado pelos \"Rendimentos das Obriga\u00e7\u00f5es do Tesouro dos EUA\".<\/li>\n  <li><strong>Para quem:<\/strong> Traders que preferem seguir tend\u00eancias de longo prazo (Trend Following).<\/li>\n<\/ul><br>\n\n<h3><strong>3. GBP\/USD (Libra\/D\u00f3lar) \u2014\u2014 A Fera<\/strong><\/h3>\n<ul>\n  <li><strong>Personalidade:<\/strong> Conhecido como \"Cable\". Tem uma volatilidade enorme e uma personalidade \"bastante nervosa\". Adora criar \"Falsas Ruturas (Fakeouts)\", perfurando deliberadamente n\u00edveis de suporte\/resist\u00eancia para ativar stop-loss antes de retomar a dire\u00e7\u00e3o original.<\/li>\n  <li><strong>Para quem:<\/strong> Traders avan\u00e7ados com nervos de a\u00e7o e competentes na filtragem de ru\u00eddo. Os iniciantes tendem a sofrer stop-loss frequentes aqui.<\/li>\n<\/ul><br>\n\n<h2><strong>III. Ouro (XAUUSD)<\/strong><\/h2>\nPor favor, preste especial aten\u00e7\u00e3o a esta sec\u00e7\u00e3o. O ouro n\u00e3o \u00e9 uma moeda, mas sim uma \"commodity\" de metal precioso.<br><br>\n\n<h3><strong>1. Porque \u00e9 que todos adoram negociar Ouro?<\/strong><\/h3>\n<ul>\n  <li><strong>Volatilidade Extrema:<\/strong> Enquanto o par EURUSD pode oscilar 80 pips num dia, o Ouro pode facilmente percorrer 200-300 pips (chegando a ultrapassar os 1000 pips em casos extremos).<\/li>\n  <li><strong>Potencial de Lucro:<\/strong> Se a dire\u00e7\u00e3o estiver correta, duplicar a conta pode ser quest\u00e3o de dias.<\/li>\n<\/ul><br>\n\n<h3><strong>2. Onde reside o risco?<\/strong><\/h3>\n<ul>\n  <li><strong>Manipula\u00e7\u00e3o e Ru\u00eddo:<\/strong> O Ouro costuma apresentar oscila\u00e7\u00f5es violentas antes de iniciar um movimento forte, limpando as ordens de stop-loss dos investidores de retalho.<\/li>\n  <li><strong>Custos de Negocia\u00e7\u00e3o Elevados:<\/strong> O spread e os requisitos de margem s\u00e3o geralmente superiores aos das principais moedas.<\/li>\n<\/ul>\n<\/span><\/div>\n\t\t<div class=\"elementor-element elementor-element-1a435dd e-con-full e-flex e-con e-child\" data-id=\"1a435dd\" data-element_type=\"container\" data-settings=\"{&quot;background_background&quot;:&quot;classic&quot;}\">\n\t\t\t\t<div class=\"elementor-element elementor-element-651fbcd elementor-widget elementor-widget-html translation-block\" data-id=\"651fbcd\" data-element_type=\"widget\" data-widget_type=\"html.default\"><span>\n<h3><strong>\u26a0\ufe0f Conselho do Mr.Forex:<\/strong><\/h3>\nNos primeiros 3 meses de negocia\u00e7\u00e3o, recomenda-se vivamente \"focar-se nas moedas e evitar o ouro\". Se insistir em negociar ouro, reduza o volume para o m\u00ednimo (0.01 lotes) e alargue moderadamente a dist\u00e2ncia do seu stop-loss.\n<\/span><\/div>\n\t\t\t\t<\/div>\n\t\t\t\t<div class=\"elementor-element elementor-element-9911a1b elementor-widget elementor-widget-html translation-block\" data-id=\"9911a1b\" data-element_type=\"widget\" data-widget_type=\"html.default\"><span>\n<h2><strong>IV. Correla\u00e7\u00e3o (Correlation) \u2014\u2014 N\u00e3o ponha os ovos todos no mesmo cesto<\/strong><\/h2>\nEste \u00e9 um risco crucial frequentemente negligenciado.<br><br>\n\n<h3><strong>An\u00e1lise de Caso:<\/strong><\/h3>\nSe comprar EURUSD (Long) e GBPUSD (Long) ao mesmo tempo, pensa que diversificou o risco? <strong>Na verdade, n\u00e3o.<\/strong><br><br>\n\n<ul>\n  <li><strong>\ud83d\udd17 Correla\u00e7\u00e3o Positiva (Positive Correlation):<\/strong><br>\n  O Euro e a Libra costumam mover-se em conjunto. Se o D\u00f3lar se fortalecer, ambas as posi\u00e7\u00f5es ir\u00e3o provavelmente <strong>perder ao mesmo tempo<\/strong>. Na pr\u00e1tica, o seu risco \u00e9 duplicado.<\/li><br>\n  <li><strong>\ud83d\udd17 Correla\u00e7\u00e3o Negativa (Negative Correlation):<\/strong><br>\n  Tradicionalmente, o USDCHF e o EURUSD movem-se em dire\u00e7\u00f5es opostas. Se comprar ambos simultaneamente, os lucros e as perdas ir\u00e3o anular-se, resultando apenas no custo das taxas de transa\u00e7\u00e3o.<\/li>\n<\/ul><br>\n\n<strong>Recomenda\u00e7\u00e3o Profissional:<\/strong> Um principiante deve focar-se em apenas <strong>1 a 3 pares de moedas<\/strong> de cada vez. Sugere-se manter apenas uma posi\u00e7\u00e3o de cada natureza para evitar que o r\u00e1cio da margem saia de controlo.<br><br>\n\n<h2><strong>Conclus\u00e3o: Encontre a sua Zona de Conforto<\/strong><\/h2>\nN\u00e3o tente capturar todas as oportunidades do mercado.<br><br>\n\n<ul>\n  <li>Se n\u00e3o pode acompanhar os gr\u00e1ficos com frequ\u00eancia, opere em tend\u00eancias de <strong>H4 (4 horas) ou D1 (Di\u00e1rio)<\/strong>.<\/li>\n  <li>Se procura emo\u00e7\u00f5es de curto prazo, foque-se nas <strong>Sobreposi\u00e7\u00f5es de Sess\u00f5es<\/strong>.<\/li>\n  <li>Se \u00e9 um principiante, mantenha-se fiel ao <strong>EURUSD<\/strong> at\u00e9 conseguir lucros consistentes.<\/li>\n<\/ul><br>\nConhecer o campo de batalha e o seu advers\u00e1rio \u00e9 meio caminho andado para a vit\u00f3ria. A seguir, entraremos numa fase vital: ap\u00f3s a batalha, como analisar os resultados?<br><br>\n\nNo pr\u00f3ximo artigo, partilharemos como \"Rever o seu Registo de Negocia\u00e7\u00e3o\", o \u00fanico caminho real para a excel\u00eancia como trader.\n<\/span><\/div>\n\t\t\t\t<div class=\"elementor-element elementor-element-9d50b10 elementor-icon-list--layout-inline elementor-list-item-link-inline elementor-widget elementor-widget-icon-list\" data-id=\"9d50b10\" data-element_type=\"widget\" data-widget_type=\"icon-list.default\">\n\t\t\t\t\t\t\t<ul class=\"elementor-icon-list-items elementor-inline-items\">\n\t\t\t\t\t\t\t<li class=\"elementor-icon-list-item elementor-inline-item\">\n\t\t\t\t\t\t\t\t\t\t\t<a href=\"https:\/\/mister.forex\/pt\/trading-performance-review-myfxbook\/\">\n\n\t\t\t\t\t\t\t\t\t\t\t\t<span class=\"elementor-icon-list-icon\">\n\t\t\t\t\t\t\t<svg aria-hidden=\"true\" class=\"e-font-icon-svg e-far-check-circle\" viewbox=\"0 0 512 512\" xmlns=\"http:\/\/www.w3.org\/2000\/svg\"><path d=\"M256 8C119.033 8 8 119.033 8 256s111.033 248 248 248 248-111.033 248-248S392.967 8 256 8zm0 48c110.532 0 200 89.451 200 200 0 110.532-89.451 200-200 200-110.532 0-200-89.451-200-200 0-110.532 89.451-200 200-200m140.204 130.267l-22.536-22.718c-4.667-4.705-12.265-4.736-16.97-.068L215.346 303.697l-59.792-60.277c-4.667-4.705-12.265-4.736-16.97-.069l-22.719 22.536c-4.705 4.667-4.736 12.265-.068 16.971l90.781 91.516c4.667 4.705 12.265 4.736 16.97.068l172.589-171.204c4.704-4.668 4.734-12.266.067-16.971z\"><\/path><\/svg>\t\t\t\t\t\t<\/span>\n\t\t\t\t\t\t\t\t\t\t<span class=\"elementor-icon-list-text\">Domine os Dados do MT5 e Myfxbook: A Verdade Sobre a Sua Conta de Trading<\/span>\n\t\t\t\t\t\t\t\t\t\t\t<\/a>\n\t\t\t\t\t\t\t\t\t<\/li>\n\t\t\t\t\t\t<\/ul>\n\t\t\t\t\t\t<\/div>\n\t\t\t\t\t<\/div>\n\t\t\t\t<\/div>\n\t\t\t\t<\/div>","protected":false},"excerpt":{"rendered":"<p>Analise em profundidade o ritmo das sess\u00f5es asi\u00e1tica, europeia e americana. Descubra a personalidade \u00fanica do EURUSD, GBPUSD e Ouro (XAUUSD). Aprenda a evitar o \"tempo morto\", domine os riscos de correla\u00e7\u00e3o e pare de negociar \u00e0s cegas!<\/p>","protected":false},"author":1,"featured_media":65986,"parent":0,"menu_order":0,"comment_status":"closed","ping_status":"closed","template":"","meta":{"footnotes":""},"tags":[128],"class_list":["post-65895","page","type-page","status-publish","has-post-thumbnail","hentry","tag-no-google"],"_links":{"self":[{"href":"https:\/\/mister.forex\/pt\/wp-json\/wp\/v2\/pages\/65895","targetHints":{"allow":["GET"]}}],"collection":[{"href":"https:\/\/mister.forex\/pt\/wp-json\/wp\/v2\/pages"}],"about":[{"href":"https:\/\/mister.forex\/pt\/wp-json\/wp\/v2\/types\/page"}],"author":[{"embeddable":true,"href":"https:\/\/mister.forex\/pt\/wp-json\/wp\/v2\/users\/1"}],"replies":[{"embeddable":true,"href":"https:\/\/mister.forex\/pt\/wp-json\/wp\/v2\/comments?post=65895"}],"version-history":[{"count":46,"href":"https:\/\/mister.forex\/pt\/wp-json\/wp\/v2\/pages\/65895\/revisions"}],"predecessor-version":[{"id":71223,"href":"https:\/\/mister.forex\/pt\/wp-json\/wp\/v2\/pages\/65895\/revisions\/71223"}],"wp:featuredmedia":[{"embeddable":true,"href":"https:\/\/mister.forex\/pt\/wp-json\/wp\/v2\/media\/65986"}],"wp:attachment":[{"href":"https:\/\/mister.forex\/pt\/wp-json\/wp\/v2\/media?parent=65895"}],"wp:term":[{"taxonomy":"post_tag","embeddable":true,"href":"https:\/\/mister.forex\/pt\/wp-json\/wp\/v2\/tags?post=65895"}],"curies":[{"name":"wp","href":"https:\/\/api.w.org\/{rel}","templated":true}]}}