{"id":66180,"date":"2026-02-07T17:01:37","date_gmt":"2026-02-07T09:01:37","guid":{"rendered":"https:\/\/mister.forex\/?page_id=66180"},"modified":"2026-02-13T13:47:47","modified_gmt":"2026-02-13T05:47:47","slug":"why-we-dont-provide-telegram-signal-group","status":"publish","type":"page","link":"https:\/\/mister.forex\/pt\/why-we-dont-provide-telegram-signal-group\/","title":{"rendered":"Porque \"recusamos\" fornecer grupos de sinais de negocia\u00e7\u00e3o no Telegram?"},"content":{"rendered":"<div data-elementor-type=\"wp-page\" data-elementor-id=\"66180\" class=\"elementor elementor-66180\" data-elementor-post-type=\"page\">\n\t\t\t\t<div class=\"elementor-element elementor-element-52353c0 e-flex e-con-boxed e-con e-parent\" data-id=\"52353c0\" data-element_type=\"container\">\n\t\t\t\t\t<div class=\"e-con-inner\">\n\t\t\t\t<div class=\"elementor-element elementor-element-51da818 elementor-widget elementor-widget-heading\" data-id=\"51da818\" data-element_type=\"widget\" data-widget_type=\"heading.default\">\n\t\t\t\t\t<h2 class=\"elementor-heading-title elementor-size-default\">Porque \"recusamos\" fornecer grupos de sinais de negocia\u00e7\u00e3o no Telegram?<\/h2>\t\t\t\t<\/div>\n\t\t\t\t<div class=\"elementor-element elementor-element-f1019ac elementor-widget elementor-widget-html translation-block\" data-id=\"f1019ac\" data-element_type=\"widget\" data-widget_type=\"html.default\"><span>\nSe nos perguntar: \"Pode criar um grupo e enviar sinais para eu seguir?\" A nossa resposta \u00e9 sempre: <strong>\"N\u00e3o. Porque somos respons\u00e1veis pelos fundos dos nossos clientes.\"<\/strong><br><br>\n\nPode soar arrogante, mas, na verdade, existe uma verdade t\u00e9cnica de milh\u00f5es de d\u00f3lares por tr\u00e1s disso \u2014 <strong>\"O Gap de Execu\u00e7\u00e3o (Execution Gap).\"<\/strong> Mesmo que os sinais sejam 100% precisos, voc\u00ea, como seguidor manual, tem grandes probabilidades de perder dinheiro. Aqui est\u00e1 o porqu\u00ea:<br><br>\n\n<h3><strong>1. Uma Guerra de Milissegundos: Nunca Poder\u00e1 Superar a Fibra \u00d3ptica<\/strong><\/h3>\nNo mundo do Trading Quantitativo (Quantitative Trading), os lucros geralmente acontecem em quest\u00e3o de segundos.<br><br>\n\n<strong>O Nosso Sistema:<\/strong> Implantado em centros de dados mais pr\u00f3ximos dos servidores da corretora, a lat\u00eancia do gatilho do sinal at\u00e9 \u00e0 execu\u00e7\u00e3o \u00e9 controlada em <strong>50 milissegundos (0,05 segundos)<\/strong>.<br><br>\n\n<strong>O Seu Processo Manual:<\/strong><br><br>\n\n<ol>\n    <li>O sistema envia um sinal para o <strong>Telegram<\/strong> (atraso de 1-2 segundos).<\/li>\n    <br>\n    <li>O seu telem\u00f3vel vibra, larga o que est\u00e1 a fazer e pega no telem\u00f3vel (atraso de 3-5 segundos).<\/li>\n    <br>\n    <li>Desbloqueia o telem\u00f3vel, abre o MT4\/MT5, insere o s\u00edmbolo, o tamanho do lote e clica em comprar (atraso de 5-10 segundos).<\/li>\n<\/ol><br>\n\n<strong>Resultado:<\/strong> No momento em que est\u00e1 pronto para entrar, o pre\u00e7o j\u00e1 se moveu 3-5 Pips. Para uma estrat\u00e9gia de Scalping, estes 3 pips podem representar toda a margem de lucro. Quando entra, \u00e9 exatamente quando o nosso sistema se prepara para realizar o lucro e sair.<br><br>\n\n<h3><strong>2. Desequil\u00edbrio Proporcional: O Tamanho do Lote (Lot Size) \u00e9 o Assassino da Conta<\/strong><\/h3>\nO maior risco da c\u00f3pia manual reside na \"aleatoriedade humana\".<br><br>\n\n<ul>\n    <li><strong>C\u00f3pia Profissional (MAM\/PAMM):<\/strong> Calcula com precis\u00e3o a sincroniza\u00e7\u00e3o proporcional at\u00e9 0,01 lote com base no saldo da sua conta. Uma conta de 1.000$ e uma conta de 100.000$ t\u00eam exatamente a mesma exposi\u00e7\u00e3o ao risco.<\/li>\n    <br>\n    <li><strong>C\u00f3pia Manual:<\/strong> Muitas pessoas veem um sinal e operam 0,5 lote quando se sentem bem, ou 0,01 lote quando est\u00e3o de mau humor ou acabaram de perder dinheiro.<\/li>\n<\/ul><br>\n\nEsta aloca\u00e7\u00e3o n\u00e3o cient\u00edfica leva ao resultado desastroso de \"posi\u00e7\u00f5es leves ao ganhar, posi\u00e7\u00f5es pesadas ao perder\". <strong>Negociar sem um controlo proporcional estrito \u00e9, essencialmente, apenas jogo de azar.<\/strong><br><br>\n\n<h3><strong>3. Scalping de N\u00edvel Institucional: Um Ritmo que N\u00e3o Consegue Acompanhar<\/strong><\/h3>\nO nosso sistema inclui muitas l\u00f3gicas de alta frequ\u00eancia e momentum. Algumas ordens podem fechar automaticamente em menos de 1 minuto ap\u00f3s a entrada porque atingiram uma meta pr\u00e9-determinada.<br><br>\n\nSe copiar manualmente, no momento em que acabar de entrar, o nosso sistema j\u00e1 pode ter fechado a posi\u00e7\u00e3o. Descobrir\u00e1 que o seu hist\u00f3rico no MT4 est\u00e1 cheio de perdas, enquanto os nossos registos no <strong>Myfxbook<\/strong> s\u00e3o todos de lucro. Isto n\u00e3o \u00e9 porque o sinal estava errado, maar porque as suas ferramentas t\u00e9cnicas est\u00e3o obsoletas.<br><br>\n\n<h3><strong>4. Eros\u00e3o da Disciplina: A Natureza Humana \u00e9 a Inimiga do Trading<\/strong><\/h3>\nHesita quando um sinal \u00e9 emitido?<br><br>\n\"O pre\u00e7o est\u00e1 muito alto agora?\" \"Devo esperar um pouco?\" \"Perdi uma opera\u00e7\u00e3o ontem \u00e0 noite, devo seguir esta?\"<br><br>\n\nEstes poucos segundos de hesita\u00e7\u00e3o destroem completamente o modelo matem\u00e1tico de uma estrat\u00e9gia quantitativa. <strong>Sistemas automatizados n\u00e3o t\u00eam emo\u00e7\u00f5es, apenas disciplina.<\/strong> Para garantir que todos os investidores possam obter lucros consistentes com o nosso ambiente de desenvolvimento, optamos por abolir o elemento \"manual\", que \u00e9 cheio de vari\u00e1veis.<br><br>\n\n<h3><strong>Conselho de Traders Profissionais:<\/strong><\/h3>\nSe um mestre lhe disser que pode ficar rico seguindo manualmente os seus sinais do <strong>Telegram<\/strong>, ele \u00e9 um amador que n\u00e3o entende de tecnologia ou um burl\u00e3o que simplesmente n\u00e3o se importa com a sua sobreviv\u00eancia.<br><br>\n\n<h3><strong>A Nossa Solu\u00e7\u00e3o: Sistema de Copy Trading Sincronizado<\/strong><\/h3>\nPara eliminar completamente a lat\u00eancia, os erros proporcionais e a interfer\u00eancia emocional, fornecemos apenas servi\u00e7os de <strong>Copy Trading (MAM\/PAMM)<\/strong> baseados na tecnologia subjacente da corretora:<br><br>\n\n<ul>\n    <li><strong>Baixa Lat\u00eancia:<\/strong> Quando o sistema executa, voc\u00ea executa instantaneamente.<\/li>\n    <br>\n    <li><strong>Propor\u00e7\u00e3o Precisa:<\/strong> Calcula automaticamente os tamanhos dos lotes; o risco \u00e9 totalmente control\u00e1vel.<\/li>\n    <br>\n    <li><strong>M\u00e3os Livres:<\/strong> N\u00e3o precisa de vigiar o seu telem\u00f3vel 24 horas por dia, 7 dias por semana; a tecnologia trabalha para si.<\/li>\n<\/ul>\n<br>\n\n<table style=\"border-radius: 2px;border-collapse: separate;border-spacing: 0;overflow: hidden;text-align: center\">\n  <thead style=\"background-color: #15264D;color: #ffffff\">\n    <tr>\n      <th>Item de Compara\u00e7\u00e3o<\/th>\n      <th>Trading Manual<\/th>\n      <th>Copy Trading (Auto)<\/th>\n    <\/tr>\n  <\/thead>\n  <tbody>\n    <tr>\n      <td><strong>Velocidade de Execu\u00e7\u00e3o<\/strong><\/td>\n      <td>Alta Lat\u00eancia (10-20s)<\/td>\n      <td>Lat\u00eancia Ultra Baixa (ms)<\/td>\n    <\/tr>\n    <tr>\n      <td><strong>Gest\u00e3o de Posi\u00e7\u00e3o<\/strong><\/td>\n      <td>Aleat\u00f3ria \/ Por Sentimento<\/td>\n      <td>Sincroniza\u00e7\u00e3o Proporcional Precisa<\/td>\n    <\/tr>\n    <tr>\n      <td><strong>Mecanismo de Decis\u00e3o<\/strong><\/td>\n      <td>Interfer\u00eancia Emocional \/ Hesita\u00e7\u00e3o<\/td>\n      <td>Execu\u00e7\u00e3o Disciplinada Fria<\/td>\n    <\/tr>\n    <tr>\n      <td><strong>Necessidade de Monitoriza\u00e7\u00e3o<\/strong><\/td>\n      <td>Exige monitoriza\u00e7\u00e3o manual<\/td>\n      <td><strong>Execu\u00e7\u00e3o Autom\u00e1tica 24h<\/strong><\/td>\n    <\/tr>\n  <\/tbody>\n<\/table>\n<br>\n\n<strong>\"J\u00e1 que a c\u00f3pia manual n\u00e3o \u00e9 vi\u00e1vel, n\u00e3o posso simplesmente assinar sinais autom\u00e1ticos no MQL5 ou SignalStart?\"<\/strong>\n\nParece uma escolha mais avan\u00e7ada, mas, na verdade, pode ser apenas saltar da frigideira para o fogo. Nessas plataformas de terceiros que se autodenominam \"autom\u00e1ticas\", existe outro desastre t\u00e9cnico oculto capaz de causar a morte cr\u00f3nica de uma conta.\n<\/span><\/div>\n\t\t\t\t<div class=\"elementor-element elementor-element-02629ec elementor-icon-list--layout-inline elementor-list-item-link-inline elementor-widget elementor-widget-icon-list\" data-id=\"02629ec\" data-element_type=\"widget\" data-widget_type=\"icon-list.default\">\n\t\t\t\t\t\t\t<ul class=\"elementor-icon-list-items elementor-inline-items\">\n\t\t\t\t\t\t\t<li class=\"elementor-icon-list-item elementor-inline-item\">\n\t\t\t\t\t\t\t\t\t\t\t<a href=\"https:\/\/mister.forex\/pt\/why-we-refuse-mql5-signalstart\/\">\n\n\t\t\t\t\t\t\t\t\t\t\t\t<span class=\"elementor-icon-list-icon\">\n\t\t\t\t\t\t\t<svg aria-hidden=\"true\" class=\"e-font-icon-svg e-fas-arrow-alt-circle-right\" viewbox=\"0 0 512 512\" xmlns=\"http:\/\/www.w3.org\/2000\/svg\"><path d=\"M256 8c137 0 248 111 248 248S393 504 256 504 8 393 8 256 119 8 256 8zM140 300h116v70.9c0 10.7 13 16.1 20.5 8.5l114.3-114.9c4.7-4.7 4.7-12.2 0-16.9l-114.3-115c-7.6-7.6-20.5-2.2-20.5 8.5V212H140c-6.6 0-12 5.4-12 12v64c0 6.6 5.4 12 12 12z\"><\/path><\/svg>\t\t\t\t\t\t<\/span>\n\t\t\t\t\t\t\t\t\t\t<span class=\"elementor-icon-list-text\">Porque \u00e9 que recusamos ser listados no MQL5 ou SignalStart?<\/span>\n\t\t\t\t\t\t\t\t\t\t\t<\/a>\n\t\t\t\t\t\t\t\t\t<\/li>\n\t\t\t\t\t\t<\/ul>\n\t\t\t\t\t\t<\/div>\n\t\t\t\t\t<\/div>\n\t\t\t\t<\/div>\n\t\t\t\t<\/div>","protected":false},"excerpt":{"rendered":"<p>Porque \u00e9 que os traders profissionais rejeitam os sinais do Telegram? Este artigo oferece uma an\u00e1lise profunda do \"Gap de Execu\u00e7\u00e3o\": revelando a linha de lucro entre a vida e a morte que separa um sistema automatizado de 50ms de uma ordem manual de 15s. Entenda como a c\u00f3pia manual leva a perdas devido \u00e0 lat\u00eancia, tamanhos de lote descontrolados e interfer\u00eancia emocional \u2014 mesmo quando os sinais s\u00e3o precisos. Descubra por que os sistemas MAM\/PAMM de n\u00edvel institucional s\u00e3o a \u00fanica solu\u00e7\u00e3o para garantir baixa lat\u00eancia e lucros precisos. N\u00e3o deixe que ferramentas obsoletas destruam o seu capital de investimento!<\/p>","protected":false},"author":1,"featured_media":66327,"parent":0,"menu_order":0,"comment_status":"closed","ping_status":"closed","template":"","meta":{"footnotes":""},"tags":[128],"class_list":["post-66180","page","type-page","status-publish","has-post-thumbnail","hentry","tag-no-google"],"rankMath":{"parentDomain":"mister.forex","noFollowDomains":[],"noFollowExcludeDomains":[],"noFollowExternalLinks":false,"featuredImageNotice":"The featured image should be at least 200 by 200 pixels to be picked up by Facebook and other social media sites.","pluginReviewed":false,"postSettings":{"linkSuggestions":true,"useFocusKeyword":false},"frontEndScore":false,"postName":"why-we-dont-provide-telegram-signal-group","permalinkFormat":"https:\/\/mister.forex\/pt\/%pagename%\/","showLockModifiedDate":true,"assessor":{"focusKeywordLink":"https:\/\/mister.forex\/wp-admin\/edit.php?focus_keyword=%focus_keyword%&post_type=%post_type%","hasTOCPlugin":true,"primaryTaxonomy":false,"serpData":{"title":"","description":"","focusKeywords":"Telegram \u4ea4\u6613\u8a0a\u865f","pillarContent":false,"canonicalUrl":"","breadcrumbTitle":"","advancedRobots":{"max-snippet":"-1","max-video-preview":false,"max-image-preview":"large"},"facebookTitle":"","facebookDescription":"","facebookImage":"","facebookImageID":"","facebookHasOverlay":false,"facebookImageOverlay":"","facebookAuthor":"","twitterCardType":"","twitterUseFacebook":true,"twitterTitle":"","twitterDescription":"","twitterImage":"","twitterImageID":"","twitterHasOverlay":false,"twitterImageOverlay":"","twitterPlayerUrl":"","twitterPlayerSize":"","twitterPlayerStream":"","twitterPlayerStreamCtype":"","twitterAppDescription":"","twitterAppIphoneName":"","twitterAppIphoneID":"","twitterAppIphoneUrl":"","twitterAppIpadName":"","twitterAppIpadID":"","twitterAppIpadUrl":"","twitterAppGoogleplayName":"","twitterAppGoogleplayID":"","twitterAppGoogleplayUrl":"","twitterAppCountry":"","robots":{"index":true},"twitterAuthor":"username","primaryTerm":0,"authorName":"Mr.Forex","titleTemplate":"%title%","descriptionTemplate":"%excerpt%","showScoreFrontend":true,"lockModifiedDate":false},"powerWords":[],"diacritics":{"A":"[\\u0041\\u24B6\\uFF21\\u00C0\\u00C1\\u00C2\\u1EA6\\u1EA4\\u1EAA\\u1EA8\\u00C3\\u0100\\u0102\\u1EB0\\u1EAE\\u1EB4\\u1EB2\\u0226\\u01E0\\u00C4\\u01DE\\u1EA2\\u00C5\\u01FA\\u01CD\\u0200\\u0202\\u1EA0\\u1EAC\\u1EB6\\u1E00\\u0104\\u023A\\u2C6F]","AA":"[\\uA732]","AE":"[\\u00C6\\u01FC\\u01E2]","AO":"[\\uA734]","AU":"[\\uA736]","AV":"[\\uA738\\uA73A]","AY":"[\\uA73C]","B":"[\\u0042\\u24B7\\uFF22\\u1E02\\u1E04\\u1E06\\u0243\\u0182\\u0181]","C":"[\\u0043\\u24B8\\uFF23\\u0106\\u0108\\u010A\\u010C\\u00C7\\u1E08\\u0187\\u023B\\uA73E]","D":"[\\u0044\\u24B9\\uFF24\\u1E0A\\u010E\\u1E0C\\u1E10\\u1E12\\u1E0E\\u0110\\u018B\\u018A\\u0189\\uA779]","DZ":"[\\u01F1\\u01C4]","Dz":"[\\u01F2\\u01C5]","E":"[\\u0045\\u24BA\\uFF25\\u00C8\\u00C9\\u00CA\\u1EC0\\u1EBE\\u1EC4\\u1EC2\\u1EBC\\u0112\\u1E14\\u1E16\\u0114\\u0116\\u00CB\\u1EBA\\u011A\\u0204\\u0206\\u1EB8\\u1EC6\\u0228\\u1E1C\\u0118\\u1E18\\u1E1A\\u0190\\u018E]","F":"[\\u0046\\u24BB\\uFF26\\u1E1E\\u0191\\uA77B]","G":"[\\u0047\\u24BC\\uFF27\\u01F4\\u011C\\u1E20\\u011E\\u0120\\u01E6\\u0122\\u01E4\\u0193\\uA7A0\\uA77D\\uA77E]","H":"[\\u0048\\u24BD\\uFF28\\u0124\\u1E22\\u1E26\\u021E\\u1E24\\u1E28\\u1E2A\\u0126\\u2C67\\u2C75\\uA78D]","I":"[\\u0049\\u24BE\\uFF29\\u00CC\\u00CD\\u00CE\\u0128\\u012A\\u012C\\u0130\\u00CF\\u1E2E\\u1EC8\\u01CF\\u0208\\u020A\\u1ECA\\u012E\\u1E2C\\u0197]","J":"[\\u004A\\u24BF\\uFF2A\\u0134\\u0248]","K":"[\\u004B\\u24C0\\uFF2B\\u1E30\\u01E8\\u1E32\\u0136\\u1E34\\u0198\\u2C69\\uA740\\uA742\\uA744\\uA7A2]","L":"[\\u004C\\u24C1\\uFF2C\\u013F\\u0139\\u013D\\u1E36\\u1E38\\u013B\\u1E3C\\u1E3A\\u0141\\u023D\\u2C62\\u2C60\\uA748\\uA746\\uA780]","LJ":"[\\u01C7]","Lj":"[\\u01C8]","M":"[\\u004D\\u24C2\\uFF2D\\u1E3E\\u1E40\\u1E42\\u2C6E\\u019C]","N":"[\\u004E\\u24C3\\uFF2E\\u01F8\\u0143\\u00D1\\u1E44\\u0147\\u1E46\\u0145\\u1E4A\\u1E48\\u0220\\u019D\\uA790\\uA7A4]","NJ":"[\\u01CA]","Nj":"[\\u01CB]","O":"[\\u004F\\u24C4\\uFF2F\\u00D2\\u00D3\\u00D4\\u1ED2\\u1ED0\\u1ED6\\u1ED4\\u00D5\\u1E4C\\u022C\\u1E4E\\u014C\\u1E50\\u1E52\\u014E\\u022E\\u0230\\u00D6\\u022A\\u1ECE\\u0150\\u01D1\\u020C\\u020E\\u01A0\\u1EDC\\u1EDA\\u1EE0\\u1EDE\\u1EE2\\u1ECC\\u1ED8\\u01EA\\u01EC\\u00D8\\u01FE\\u0186\\u019F\\uA74A\\uA74C]","OI":"[\\u01A2]","OO":"[\\uA74E]","OU":"[\\u0222]","P":"[\\u0050\\u24C5\\uFF30\\u1E54\\u1E56\\u01A4\\u2C63\\uA750\\uA752\\uA754]","Q":"[\\u0051\\u24C6\\uFF31\\uA756\\uA758\\u024A]","R":"[\\u0052\\u24C7\\uFF32\\u0154\\u1E58\\u0158\\u0210\\u0212\\u1E5A\\u1E5C\\u0156\\u1E5E\\u024C\\u2C64\\uA75A\\uA7A6\\uA782]","S":"[\\u0053\\u24C8\\uFF33\\u1E9E\\u015A\\u1E64\\u015C\\u1E60\\u0160\\u1E66\\u1E62\\u1E68\\u0218\\u015E\\u2C7E\\uA7A8\\uA784]","T":"[\\u0054\\u24C9\\uFF34\\u1E6A\\u0164\\u1E6C\\u021A\\u0162\\u1E70\\u1E6E\\u0166\\u01AC\\u01AE\\u023E\\uA786]","TZ":"[\\uA728]","U":"[\\u0055\\u24CA\\uFF35\\u00D9\\u00DA\\u00DB\\u0168\\u1E78\\u016A\\u1E7A\\u016C\\u00DC\\u01DB\\u01D7\\u01D5\\u01D9\\u1EE6\\u016E\\u0170\\u01D3\\u0214\\u0216\\u01AF\\u1EEA\\u1EE8\\u1EEE\\u1EEC\\u1EF0\\u1EE4\\u1E72\\u0172\\u1E76\\u1E74\\u0244]","V":"[\\u0056\\u24CB\\uFF36\\u1E7C\\u1E7E\\u01B2\\uA75E\\u0245]","VY":"[\\uA760]","W":"[\\u0057\\u24CC\\uFF37\\u1E80\\u1E82\\u0174\\u1E86\\u1E84\\u1E88\\u2C72]","X":"[\\u0058\\u24CD\\uFF38\\u1E8A\\u1E8C]","Y":"[\\u0059\\u24CE\\uFF39\\u1EF2\\u00DD\\u0176\\u1EF8\\u0232\\u1E8E\\u0178\\u1EF6\\u1EF4\\u01B3\\u024E\\u1EFE]","Z":"[\\u005A\\u24CF\\uFF3A\\u0179\\u1E90\\u017B\\u017D\\u1E92\\u1E94\\u01B5\\u0224\\u2C7F\\u2C6B\\uA762]","a":"[\\u0061\\u24D0\\uFF41\\u1E9A\\u00E0\\u00E1\\u00E2\\u1EA7\\u1EA5\\u1EAB\\u1EA9\\u00E3\\u0101\\u0103\\u1EB1\\u1EAF\\u1EB5\\u1EB3\\u0227\\u01E1\\u00E4\\u01DF\\u1EA3\\u00E5\\u01FB\\u01CE\\u0201\\u0203\\u1EA1\\u1EAD\\u1EB7\\u1E01\\u0105\\u2C65\\u0250]","aa":"[\\uA733]","ae":"[\\u00E6\\u01FD\\u01E3]","ao":"[\\uA735]","au":"[\\uA737]","av":"[\\uA739\\uA73B]","ay":"[\\uA73D]","b":"[\\u0062\\u24D1\\uFF42\\u1E03\\u1E05\\u1E07\\u0180\\u0183\\u0253]","c":"[\\u0063\\u24D2\\uFF43\\u0107\\u0109\\u010B\\u010D\\u00E7\\u1E09\\u0188\\u023C\\uA73F\\u2184]","d":"[\\u0064\\u24D3\\uFF44\\u1E0B\\u010F\\u1E0D\\u1E11\\u1E13\\u1E0F\\u0111\\u018C\\u0256\\u0257\\uA77A]","dz":"[\\u01F3\\u01C6]","e":"[\\u0065\\u24D4\\uFF45\\u00E8\\u00E9\\u00EA\\u1EC1\\u1EBF\\u1EC5\\u1EC3\\u1EBD\\u0113\\u1E15\\u1E17\\u0115\\u0117\\u00EB\\u1EBB\\u011B\\u0205\\u0207\\u1EB9\\u1EC7\\u0229\\u1E1D\\u0119\\u1E19\\u1E1B\\u0247\\u025B\\u01DD]","f":"[\\u0066\\u24D5\\uFF46\\u1E1F\\u0192\\uA77C]","g":"[\\u0067\\u24D6\\uFF47\\u01F5\\u011D\\u1E21\\u011F\\u0121\\u01E7\\u0123\\u01E5\\u0260\\uA7A1\\u1D79\\uA77F]","h":"[\\u0068\\u24D7\\uFF48\\u0125\\u1E23\\u1E27\\u021F\\u1E25\\u1E29\\u1E2B\\u1E96\\u0127\\u2C68\\u2C76\\u0265]","hv":"[\\u0195]","i":"[\\u0069\\u24D8\\uFF49\\u00EC\\u00ED\\u00EE\\u0129\\u012B\\u012D\\u00EF\\u1E2F\\u1EC9\\u01D0\\u0209\\u020B\\u1ECB\\u012F\\u1E2D\\u0268\\u0131]","j":"[\\u006A\\u24D9\\uFF4A\\u0135\\u01F0\\u0249]","k":"[\\u006B\\u24DA\\uFF4B\\u1E31\\u01E9\\u1E33\\u0137\\u1E35\\u0199\\u2C6A\\uA741\\uA743\\uA745\\uA7A3]","l":"[\\u006C\\u24DB\\uFF4C\\u0140\\u013A\\u013E\\u1E37\\u1E39\\u013C\\u1E3D\\u1E3B\\u017F\\u0142\\u019A\\u026B\\u2C61\\uA749\\uA781\\uA747]","lj":"[\\u01C9]","m":"[\\u006D\\u24DC\\uFF4D\\u1E3F\\u1E41\\u1E43\\u0271\\u026F]","n":"[\\u006E\\u24DD\\uFF4E\\u01F9\\u0144\\u00F1\\u1E45\\u0148\\u1E47\\u0146\\u1E4B\\u1E49\\u019E\\u0272\\u0149\\uA791\\uA7A5]","nj":"[\\u01CC]","o":"[\\u006F\\u24DE\\uFF4F\\u00F2\\u00F3\\u00F4\\u1ED3\\u1ED1\\u1ED7\\u1ED5\\u00F5\\u1E4D\\u022D\\u1E4F\\u014D\\u1E51\\u1E53\\u014F\\u022F\\u0231\\u00F6\\u022B\\u1ECF\\u0151\\u01D2\\u020D\\u020F\\u01A1\\u1EDD\\u1EDB\\u1EE1\\u1EDF\\u1EE3\\u1ECD\\u1ED9\\u01EB\\u01ED\\u00F8\\u01FF\\u0254\\uA74B\\uA74D\\u0275]","oi":"[\\u01A3]","ou":"[\\u0223]","oo":"[\\uA74F]","p":"[\\u0070\\u24DF\\uFF50\\u1E55\\u1E57\\u01A5\\u1D7D\\uA751\\uA753\\uA755]","q":"[\\u0071\\u24E0\\uFF51\\u024B\\uA757\\uA759]","r":"[\\u0072\\u24E1\\uFF52\\u0155\\u1E59\\u0159\\u0211\\u0213\\u1E5B\\u1E5D\\u0157\\u1E5F\\u024D\\u027D\\uA75B\\uA7A7\\uA783]","s":"[\\u0073\\u24E2\\uFF53\\u015B\\u1E65\\u015D\\u1E61\\u0161\\u1E67\\u1E63\\u1E69\\u0219\\u015F\\u023F\\uA7A9\\uA785\\u1E9B]","ss":"[\\u00DF]","t":"[\\u0074\\u24E3\\uFF54\\u1E6B\\u1E97\\u0165\\u1E6D\\u021B\\u0163\\u1E71\\u1E6F\\u0167\\u01AD\\u0288\\u2C66\\uA787]","tz":"[\\uA729]","u":"[\\u0075\\u24E4\\uFF55\\u00F9\\u00FA\\u00FB\\u0169\\u1E79\\u016B\\u1E7B\\u016D\\u00FC\\u01DC\\u01D8\\u01D6\\u01DA\\u1EE7\\u016F\\u0171\\u01D4\\u0215\\u0217\\u01B0\\u1EEB\\u1EE9\\u1EEF\\u1EED\\u1EF1\\u1EE5\\u1E73\\u0173\\u1E77\\u1E75\\u0289]","v":"[\\u0076\\u24E5\\uFF56\\u1E7D\\u1E7F\\u028B\\uA75F\\u028C]","vy":"[\\uA761]","w":"[\\u0077\\u24E6\\uFF57\\u1E81\\u1E83\\u0175\\u1E87\\u1E85\\u1E98\\u1E89\\u2C73]","x":"[\\u0078\\u24E7\\uFF58\\u1E8B\\u1E8D]","y":"[\\u0079\\u24E8\\uFF59\\u1EF3\\u00FD\\u0177\\u1EF9\\u0233\\u1E8F\\u00FF\\u1EF7\\u1E99\\u1EF5\\u01B4\\u024F\\u1EFF]","z":"[\\u007A\\u24E9\\uFF5A\\u017A\\u1E91\\u017C\\u017E\\u1E93\\u1E95\\u01B6\\u0225\\u0240\\u2C6C\\uA763]"},"researchesTests":["contentHasTOC","contentHasShortParagraphs","contentHasAssets","keywordInTitle","keywordInMetaDescription","keywordInPermalink","keywordIn10Percent","keywordInContent","keywordInSubheadings","keywordInImageAlt","keywordDensity","keywordNotUsed","lengthContent","lengthPermalink","linksHasInternal","linksHasExternals","linksNotAllExternals","titleStartWithKeyword","titleSentiment","titleHasPowerWords","titleHasNumber","hasContentAI"],"hasRedirection":true,"hasBreadcrumb":true},"homeUrl":"https:\/\/mister.forex\/pt","objectID":66180,"objectType":"post","locale":"pt","localeFull":"pt_PT","overlayImages":{"play":{"name":"Play icon","url":"https:\/\/mister.forex\/wp-content\/plugins\/seo-by-rank-math\/assets\/admin\/img\/icon-play.png","path":"C:\\Apache24\\htdocs\\wp-content\\plugins\\seo-by-rank-math\/assets\/admin\/img\/icon-play.png","position":"middle_center"},"gif":{"name":"GIF icon","url":"https:\/\/mister.forex\/wp-content\/plugins\/seo-by-rank-math\/assets\/admin\/img\/icon-gif.png","path":"C:\\Apache24\\htdocs\\wp-content\\plugins\\seo-by-rank-math\/assets\/admin\/img\/icon-gif.png","position":"middle_center"}},"defautOgImage":"https:\/\/mister.forex\/wp-content\/uploads\/2024\/09\/Mr-Forex-LV-Deep-Blue.webp","customPermalinks":true,"isUserRegistered":true,"autoSuggestKeywords":true,"connectSiteUrl":"https:\/\/rankmath.com\/auth?site=https%3A%2F%2Fmister.forex%2Fpt&r=https%3A%2F%2Fmister.forex%2Fpt%2Fwp-json%2Fwp%2Fv2%2Fpages%2F66180%3Fnonce%3D09d0b46330&pro=1","maxTags":100,"trendsIcon":"<svg viewBox=\"0 0 610 610\"><path d=\"M18.85,446,174.32,290.48l58.08,58.08L76.93,504a14.54,14.54,0,0,1-20.55,0L18.83,466.48a14.54,14.54,0,0,1,0-20.55Z\" style=\"fill:#4285f4\"\/><path d=\"M242.65,242.66,377.59,377.6l-47.75,47.75a14.54,14.54,0,0,1-20.55,0L174.37,290.43l47.75-47.75A14.52,14.52,0,0,1,242.65,242.66Z\" style=\"fill:#ea4335\"\/><polygon points=\"319.53 319.53 479.26 159.8 537.34 217.88 377.61 377.62 319.53 319.53\" style=\"fill:#fabb05\"\/><path d=\"M594.26,262.73V118.61h0a16.94,16.94,0,0,0-16.94-16.94H433.2a16.94,16.94,0,0,0-12,28.92L565.34,274.71h0a16.94,16.94,0,0,0,28.92-12Z\" style=\"fill:#34a853\"\/><rect width=\"610\" height=\"610\" style=\"fill:none\"\/><\/svg>","showScore":true,"siteFavIcon":"https:\/\/mister.forex\/wp-content\/uploads\/2024\/09\/mr-forex-logo-144x144-1-100x100.webp","canUser":{"general":false,"advanced":false,"snippet":false,"social":false,"analysis":false,"analytics":false,"content_ai":false},"showKeywordIntent":true,"isPro":true,"is_front_page":false,"trendsUpgradeLink":"https:\/\/rankmath.com\/pricing\/?utm_source=Plugin&utm_medium=CE%20General%20Tab%20Trends&utm_campaign=WP","trendsUpgradeLabel":"Upgrade","trendsPreviewImage":"https:\/\/mister.forex\/wp-content\/plugins\/seo-by-rank-math\/assets\/admin\/img\/trends-preview.jpg","currentEditor":false,"homepageData":{"assessor":{"powerWords":[],"diacritics":true,"researchesTests":["contentHasTOC","contentHasShortParagraphs","contentHasAssets","keywordInTitle","keywordInMetaDescription","keywordInPermalink","keywordIn10Percent","keywordInContent","keywordInSubheadings","keywordInImageAlt","keywordDensity","keywordNotUsed","lengthContent","lengthPermalink","linksHasInternal","linksHasExternals","linksNotAllExternals","titleStartWithKeyword","titleSentiment","titleHasPowerWords","titleHasNumber","hasContentAI"],"hasBreadcrumb":true,"serpData":{"title":"%sitename% %page% %sep% %sitedesc%","description":"","titleTemplate":"%sitename% %page% %sep% %sitedesc%","descriptionTemplate":"","focusKeywords":"","breadcrumbTitle":"Home","robots":{"index":true},"advancedRobots":{"max-snippet":"-1","max-video-preview":false,"max-image-preview":"large"},"facebookTitle":"","facebookDescription":"","facebookImage":"","facebookImageID":""}}},"searchIntents":[],"isAnalyticsConnected":true,"tocTitle":"Table of Contents","tocExcludeHeadings":[],"listStyle":"ul"},"_links":{"self":[{"href":"https:\/\/mister.forex\/pt\/wp-json\/wp\/v2\/pages\/66180","targetHints":{"allow":["GET"]}}],"collection":[{"href":"https:\/\/mister.forex\/pt\/wp-json\/wp\/v2\/pages"}],"about":[{"href":"https:\/\/mister.forex\/pt\/wp-json\/wp\/v2\/types\/page"}],"author":[{"embeddable":true,"href":"https:\/\/mister.forex\/pt\/wp-json\/wp\/v2\/users\/1"}],"replies":[{"embeddable":true,"href":"https:\/\/mister.forex\/pt\/wp-json\/wp\/v2\/comments?post=66180"}],"version-history":[{"count":0,"href":"https:\/\/mister.forex\/pt\/wp-json\/wp\/v2\/pages\/66180\/revisions"}],"wp:featuredmedia":[{"embeddable":true,"href":"https:\/\/mister.forex\/pt\/wp-json\/wp\/v2\/media\/66327"}],"wp:attachment":[{"href":"https:\/\/mister.forex\/pt\/wp-json\/wp\/v2\/media?parent=66180"}],"wp:term":[{"taxonomy":"post_tag","embeddable":true,"href":"https:\/\/mister.forex\/pt\/wp-json\/wp\/v2\/tags?post=66180"}],"curies":[{"name":"wp","href":"https:\/\/api.w.org\/{rel}","templated":true}]}}