{"id":66209,"date":"2026-02-07T20:46:27","date_gmt":"2026-02-07T12:46:27","guid":{"rendered":"https:\/\/mister.forex\/?page_id=66209"},"modified":"2026-04-20T14:46:08","modified_gmt":"2026-04-20T06:46:08","slug":"how-to-verify-forex-performance-myfxbook","status":"publish","type":"page","link":"https:\/\/mister.forex\/pt\/how-to-verify-forex-performance-myfxbook\/","title":{"rendered":"Desvende Burlas de Forex! Profissionais Confiam Apenas no Myfxbook, Rejeite Capturas Falsas"},"content":{"rendered":"<div data-elementor-type=\"wp-page\" data-elementor-id=\"66209\" class=\"elementor elementor-66209\" data-elementor-post-type=\"page\">\n\t\t\t\t<div class=\"elementor-element elementor-element-e032430 e-flex e-con-boxed e-con e-parent\" data-id=\"e032430\" data-element_type=\"container\">\n\t\t\t\t\t<div class=\"e-con-inner\">\n\t\t\t\t<div class=\"elementor-element elementor-element-b269822 elementor-widget elementor-widget-heading\" data-id=\"b269822\" data-element_type=\"widget\" data-widget_type=\"heading.default\">\n\t\t\t\t\t<h1 class=\"elementor-heading-title elementor-size-default\">Porque \u00e9 que o Myfxbook \u00e9 a \u00fanica verdade no Forex? O custo oculto das capturas de ecr\u00e3 falsas<\/h1>\t\t\t\t<\/div>\n\t\t\t\t<div class=\"elementor-element elementor-element-23ee36f elementor-widget elementor-widget-html translation-block\" data-id=\"23ee36f\" data-element_type=\"widget\" data-widget_type=\"html.default\"><span>\nNo mundo do trading existe uma frase c\u00e9lebre: \"Se n\u00e3o tem um registo de desempenho verificado por terceiros, tudo o que diz \u00e9 conversa fiada.\"<br><br>\nQuando vir aquelas \"capturas de ecr\u00e3 de lucro azul\" tentadoras ou \"relat\u00f3rios de 100% de taxa de acerto\" no <strong>Telegram<\/strong>, mantenha a calma e pergunte-se: Estes dados s\u00e3o reais? Na era dos editores de imagem e contas Demo, o custo de uma captura de ecr\u00e3 \u00e9 quase nulo.<br><br>\nComo equipa quantitativa respons\u00e1vel, vamos ensinar-lhe a usar o <strong>Myfxbook<\/strong> para identificar a verdade, tal como os investidores institucionais.<br><br>\n\n<h2><strong>1. Porque \u00e9 que as capturas de ecr\u00e3 do MT4 \/ MT5 n\u00e3o s\u00e3o fi\u00e1veis?<\/strong><\/h2>\nAs capturas de ecr\u00e3 apenas mostram resultados est\u00e1ticos, n\u00e3o refletindo a origem real dos fundos nem a gest\u00e3o de risco global.<br><br>\n<ul>\n    <li><strong>Conta Demo como Real:<\/strong> Os burl\u00f5es usam contas demo ilimitadas para fazer apostas de risco extremo. Se tiverem sorte uma vez, exibem a captura; se perderem, basta apagar a conta e abrir uma nova sem custos.<\/li><br>\n    \n    <li><strong>Modifica\u00e7\u00e3o do hist\u00f3rico:<\/strong> Existem softwares de edi\u00e7\u00e3o para MT4\/MT5. Os burl\u00f5es podem alterar pre\u00e7os de entrada, sa\u00edda, lotes ou lucro final para criar a captura de uma \"opera\u00e7\u00e3o perfeita\".<\/li><br>\n    \n    <li><strong>Exibi\u00e7\u00e3o parcial e vi\u00e9s de sobreviv\u00eancia:<\/strong> Apenas mostram as opera\u00e7\u00f5es fechadas com lucro. As enormes \"perdas flutuantes (Floating Loss)\" que podem liquidar a conta s\u00e3o invis\u00edveis nas capturas de hist\u00f3rico.<\/li>\n<\/ul>\n<\/span><\/div>\n\t\t<div class=\"elementor-element elementor-element-a666061 e-con-full e-flex e-con e-child\" data-id=\"a666061\" data-element_type=\"container\" data-settings=\"{&quot;background_background&quot;:&quot;classic&quot;}\">\n\t\t\t\t<div class=\"elementor-element elementor-element-0c15686 elementor-widget elementor-widget-html translation-block\" data-id=\"0c15686\" data-element_type=\"widget\" data-widget_type=\"html.default\"><span>\n<strong>Aviso:<\/strong> O aumento do saldo (Balance) n\u00e3o garante a seguran\u00e7a da conta; deve observar o capital pr\u00f3prio (Equity) para conhecer a situa\u00e7\u00e3o real.\n<\/span><\/div>\n\t\t\t\t<\/div>\n\t\t\t\t<div class=\"elementor-element elementor-element-70b6592 elementor-widget elementor-widget-html translation-block\" data-id=\"70b6592\" data-element_type=\"widget\" data-widget_type=\"html.default\"><span>\n<h2><strong>2. Myfxbook: O \"\u00danico Verdade\" no Forex<\/strong><\/h2>\nO <strong>Myfxbook<\/strong> \u00e9 uma plataforma de auditoria independente de terceiros. Liga-se diretamente aos dados das contas de trading, tornando imposs\u00edvel qualquer manipula\u00e7\u00e3o. Ao analisar uma conta, procure sempre os dois \"vistos verdes\":<br>\n<\/span><\/div>\n\t\t\t\t<div class=\"elementor-element elementor-element-988074f elementor-widget elementor-widget-image\" data-id=\"988074f\" data-element_type=\"widget\" data-widget_type=\"image.default\">\n\t\t\t\t\t\t\t\t\t\t\t\t<figure class=\"wp-caption\">\n\t\t\t\t\t\t\t\t\t\t<img fetchpriority=\"high\" decoding=\"async\" width=\"600\" height=\"153\" src=\"https:\/\/mister.forex\/wp-content\/uploads\/2026\/02\/myfxbook-verified-illustration.webp\" class=\"attachment-full size-full wp-image-66318\" alt=\"Os selos de verifica\u00e7\u00e3o do Myfxbook &quot;Hist\u00f3rico Verificado&quot; e &quot;Privil\u00e9gios de Negocia\u00e7\u00e3o Verificados&quot; garantem a autenticidade e a propriedade dos dados.\" srcset=\"https:\/\/mister.forex\/wp-content\/uploads\/2026\/02\/myfxbook-verified-illustration.webp 600w, https:\/\/mister.forex\/wp-content\/uploads\/2026\/02\/myfxbook-verified-illustration-500x128.webp 500w, https:\/\/mister.forex\/wp-content\/uploads\/2026\/02\/myfxbook-verified-illustration-300x77.webp 300w, https:\/\/mister.forex\/wp-content\/uploads\/2026\/02\/myfxbook-verified-illustration-18x5.webp 18w\" sizes=\"(max-width: 600px) 100vw, 600px\" \/>\t\t\t\t\t\t\t\t\t\t\t<figcaption class=\"widget-image-caption wp-caption-text\">Os selos de verifica\u00e7\u00e3o do Myfxbook \"Hist\u00f3rico Verificado\" e \"Privil\u00e9gios de Negocia\u00e7\u00e3o Verificados\" garantem a autenticidade e a propriedade dos dados.<\/figcaption>\n\t\t\t\t\t\t\t\t\t\t<\/figure>\n\t\t\t\t\t\t\t\t\t<\/div>\n\t\t\t\t<div class=\"elementor-element elementor-element-7f51516 elementor-widget elementor-widget-html translation-block\" data-id=\"7f51516\" data-element_type=\"widget\" data-widget_type=\"html.default\"><span>\n<strong>\u2705 Hist\u00f3rico Verificado (Track Record Verified):<\/strong><br>\nSignifica que os dados s\u00e3o lidos diretamente do servidor da corretora, n\u00e3o havendo possibilidade de modifica\u00e7\u00e3o.<br><br>\n<strong>\u2705 Privil\u00e9gios de Negocia\u00e7\u00e3o Verificados (Trading Privileges Verified):<\/strong><br>\nConfirma que o autor possui realmente o controlo da conta e n\u00e3o utilizou a captura de ecr\u00e3 de outrem.<br><br>\nSe um \"guru\" n\u00e3o fornecer um link do <strong>Myfxbook<\/strong>, ou se o link n\u00e3o tiver estes dois vistos, bloqueie-o imediatamente.<br><br>\n\n<h2><strong>3. N\u00e3o veja \"quanto ganhou\", veja \"quanto perdeu\" (Drawdown)<\/strong><\/h2>\nOs principiantes focam-se no lucro, os profissionais no Drawdown (DD).<br><br>\nSe uma conta ganhou 100% mas teve um drawdown m\u00e1ximo de 80%, significa que esteve prestes a falir. Isto n\u00e3o \u00e9 trading, \u00e9 \"jogar com a sorte\".<br><br>\n<strong>Padr\u00e3o Profissional:<\/strong> Procuramos uma curva de crescimento suave. Um sistema que mant\u00e9m o drawdown entre 10% e 20% com lucro constante \u00e9 um modelo quantitativo fi\u00e1vel.<br>\n<\/span><\/div>\n\t\t\t\t<div class=\"elementor-element elementor-element-6e158f6 elementor-widget elementor-widget-image\" data-id=\"6e158f6\" data-element_type=\"widget\" data-widget_type=\"image.default\">\n\t\t\t\t\t\t\t\t\t\t\t\t<figure class=\"wp-caption\">\n\t\t\t\t\t\t\t\t\t\t<img decoding=\"async\" width=\"919\" height=\"443\" src=\"https:\/\/mister.forex\/wp-content\/uploads\/2026\/02\/smooth-upward-equity-curve-diagram.webp\" class=\"attachment-full size-full wp-image-66319\" alt=\"Exemplo de uma curva de lucro est\u00e1vel. A linha amarela da equidade e a vermelha do saldo sobrep\u00f5em-se e sobem de forma constante, mostrando um bom controlo do drawdown.\" srcset=\"https:\/\/mister.forex\/wp-content\/uploads\/2026\/02\/smooth-upward-equity-curve-diagram.webp 919w, https:\/\/mister.forex\/wp-content\/uploads\/2026\/02\/smooth-upward-equity-curve-diagram-500x241.webp 500w, https:\/\/mister.forex\/wp-content\/uploads\/2026\/02\/smooth-upward-equity-curve-diagram-300x145.webp 300w, https:\/\/mister.forex\/wp-content\/uploads\/2026\/02\/smooth-upward-equity-curve-diagram-768x370.webp 768w, https:\/\/mister.forex\/wp-content\/uploads\/2026\/02\/smooth-upward-equity-curve-diagram-18x9.webp 18w\" sizes=\"(max-width: 919px) 100vw, 919px\" \/>\t\t\t\t\t\t\t\t\t\t\t<figcaption class=\"widget-image-caption wp-caption-text\">Exemplo de uma curva de lucro est\u00e1vel. A linha amarela da equidade e a vermelha do saldo sobrep\u00f5em-se e sobem de forma constante, mostrando um bom controlo do drawdown.<\/figcaption>\n\t\t\t\t\t\t\t\t\t\t<\/figure>\n\t\t\t\t\t\t\t\t\t<\/div>\n\t\t\t\t<div class=\"elementor-element elementor-element-5ea0d62 elementor-widget elementor-widget-html translation-block\" data-id=\"5ea0d62\" data-element_type=\"widget\" data-widget_type=\"html.default\"><span>\n<h2><strong>4. Saldo (Balance) vs Capital Pr\u00f3prio (Equity): Revelar a armadilha de \"segurar a perda\"<\/strong><\/h2>\nMuitos burl\u00f5es mostram um \"Saldo\" que n\u00e3o para de subir, enquanto a \"Curva de Capital\" cai no abismo. Isto significa que ele recusa fechar perdas e est\u00e1 a segurar perdas flutuantes gigantes. Se o mercado n\u00e3o inverter, a conta vai a zero num instante.<br><br>\nNo <strong>Myfxbook<\/strong>: Pode observar se a linha amarela de capital segue de perto a linha vermelha de saldo. <strong>Se as duas divergirem muito, fuja!<\/strong><br>\n<\/span><\/div>\n\t\t\t\t<div class=\"elementor-element elementor-element-741b874 elementor-widget elementor-widget-image\" data-id=\"741b874\" data-element_type=\"widget\" data-widget_type=\"image.default\">\n\t\t\t\t\t\t\t\t\t\t\t\t<figure class=\"wp-caption\">\n\t\t\t\t\t\t\t\t\t\t<img decoding=\"async\" width=\"919\" height=\"443\" src=\"https:\/\/mister.forex\/wp-content\/uploads\/2026\/02\/martingale-reject-stoploss-diagram.webp\" class=\"attachment-full size-full wp-image-66316\" alt=\"Gr\u00e1fico que exp\u00f5e o risco de segurar ordens negativas. A seta mostra a linha de capital pr\u00f3prio (amarela) a cair drasticamente em rela\u00e7\u00e3o \u00e0 de saldo (vermelha), representando um enorme risco de perda flutuante.\" srcset=\"https:\/\/mister.forex\/wp-content\/uploads\/2026\/02\/martingale-reject-stoploss-diagram.webp 919w, https:\/\/mister.forex\/wp-content\/uploads\/2026\/02\/martingale-reject-stoploss-diagram-500x241.webp 500w, https:\/\/mister.forex\/wp-content\/uploads\/2026\/02\/martingale-reject-stoploss-diagram-300x145.webp 300w, https:\/\/mister.forex\/wp-content\/uploads\/2026\/02\/martingale-reject-stoploss-diagram-768x370.webp 768w, https:\/\/mister.forex\/wp-content\/uploads\/2026\/02\/martingale-reject-stoploss-diagram-18x9.webp 18w\" sizes=\"(max-width: 919px) 100vw, 919px\" \/>\t\t\t\t\t\t\t\t\t\t\t<figcaption class=\"widget-image-caption wp-caption-text\">Gr\u00e1fico que exp\u00f5e o risco de segurar ordens negativas. A seta mostra a linha de capital pr\u00f3prio (amarela) a cair drasticamente em rela\u00e7\u00e3o \u00e0 de saldo (vermelha), representando um enorme risco de perda flutuante.<\/figcaption>\n\t\t\t\t\t\t\t\t\t\t<\/figure>\n\t\t\t\t\t\t\t\t\t<\/div>\n\t\t<div class=\"elementor-element elementor-element-08d76c5 e-con-full e-flex e-con e-child\" data-id=\"08d76c5\" data-element_type=\"container\" data-settings=\"{&quot;background_background&quot;:&quot;classic&quot;}\">\n\t\t\t\t<div class=\"elementor-element elementor-element-2c41fb6 elementor-widget elementor-widget-html translation-block\" data-id=\"2c41fb6\" data-element_type=\"widget\" data-widget_type=\"html.default\"><span>\n<h3><strong>O Nosso Compromisso: A transpar\u00eancia \u00e9 a nossa \u00fanica linguagem<\/strong><\/h3>\nN\u00e3o enviamos capturas de ecr\u00e3 que n\u00e3o podem ser verificadas; em vez disso, disponibilizamos links diretos para os nossos sinais de trading reais. Pode monitorizar cada opera\u00e7\u00e3o, cada drawdown e cada lucro 24 horas por dia. Porque apenas os verdadeiros l\u00edderes t\u00eam coragem de enfrentar o rigor de uma auditoria externa.\n<\/span><\/div>\n\t\t\t\t<\/div>\n\t\t\t\t<div class=\"elementor-element elementor-element-4dfb66f elementor-widget elementor-widget-html translation-block\" data-id=\"4dfb66f\" data-element_type=\"widget\" data-widget_type=\"html.default\"><span>\n<h2><strong>Conclus\u00e3o: Agora que j\u00e1 sabe ler os dados, como deve alocar os seus ativos?<\/strong><\/h2>\nAprender a distinguir a verdade da mentira \u00e9 apenas o primeiro passo. No mercado real, nenhuma estrat\u00e9gia \u00e9 invenc\u00edvel para sempre. Como \u00e9 que os investidores profissionais utilizam uma \"carteira multiestrat\u00e9gia\" para se protegerem dos riscos do mercado?\n<\/span><\/div>\n\t\t\t\t<div class=\"elementor-element elementor-element-d10242b elementor-icon-list--layout-inline elementor-list-item-link-inline elementor-widget elementor-widget-icon-list\" data-id=\"d10242b\" data-element_type=\"widget\" data-widget_type=\"icon-list.default\">\n\t\t\t\t\t\t\t<ul class=\"elementor-icon-list-items elementor-inline-items\">\n\t\t\t\t\t\t\t<li class=\"elementor-icon-list-item elementor-inline-item\">\n\t\t\t\t\t\t\t\t\t\t\t<a href=\"https:\/\/mister.forex\/pt\/hedge-fund-portfolio-logic\/\">\n\n\t\t\t\t\t\t\t\t\t\t\t\t<span class=\"elementor-icon-list-icon\">\n\t\t\t\t\t\t\t<svg aria-hidden=\"true\" class=\"e-font-icon-svg e-far-check-circle\" viewbox=\"0 0 512 512\" xmlns=\"http:\/\/www.w3.org\/2000\/svg\"><path d=\"M256 8C119.033 8 8 119.033 8 256s111.033 248 248 248 248-111.033 248-248S392.967 8 256 8zm0 48c110.532 0 200 89.451 200 200 0 110.532-89.451 200-200 200-110.532 0-200-89.451-200-200 0-110.532 89.451-200 200-200m140.204 130.267l-22.536-22.718c-4.667-4.705-12.265-4.736-16.97-.068L215.346 303.697l-59.792-60.277c-4.667-4.705-12.265-4.736-16.97-.069l-22.719 22.536c-4.705 4.667-4.736 12.265-.068 16.971l90.781 91.516c4.667 4.705 12.265 4.736 16.97.068l172.589-171.204c4.704-4.668 4.734-12.266.067-16.971z\"><\/path><\/svg>\t\t\t\t\t\t<\/span>\n\t\t\t\t\t\t\t\t\t\t<span class=\"elementor-icon-list-text\">Porque \u00e9 que os fundos de retorno absoluto nunca apostam tudo? A l\u00f3gica do lucro a longo prazo<\/span>\n\t\t\t\t\t\t\t\t\t\t\t<\/a>\n\t\t\t\t\t\t\t\t\t<\/li>\n\t\t\t\t\t\t<\/ul>\n\t\t\t\t\t\t<\/div>\n\t\t\t\t\t<\/div>\n\t\t\t\t<\/div>\n\t\t\t\t<\/div>","protected":false},"excerpt":{"rendered":"<p>As capturas de ecr\u00e3 no Forex s\u00e3o f\u00e1ceis de falsificar. Como podem os investidores proteger-se? A nossa equipa analisa as armadilhas do MT4\/MT5 e apresenta o Myfxbook. Pontos-chave: verifica\u00e7\u00e3o de registos, an\u00e1lise de equidade e aloca\u00e7\u00e3o de ativos pro.<\/p>","protected":false},"author":1,"featured_media":60992,"parent":0,"menu_order":0,"comment_status":"closed","ping_status":"closed","template":"","meta":{"footnotes":""},"tags":[128],"class_list":["post-66209","page","type-page","status-publish","has-post-thumbnail","hentry","tag-no-google"],"_links":{"self":[{"href":"https:\/\/mister.forex\/pt\/wp-json\/wp\/v2\/pages\/66209","targetHints":{"allow":["GET"]}}],"collection":[{"href":"https:\/\/mister.forex\/pt\/wp-json\/wp\/v2\/pages"}],"about":[{"href":"https:\/\/mister.forex\/pt\/wp-json\/wp\/v2\/types\/page"}],"author":[{"embeddable":true,"href":"https:\/\/mister.forex\/pt\/wp-json\/wp\/v2\/users\/1"}],"replies":[{"embeddable":true,"href":"https:\/\/mister.forex\/pt\/wp-json\/wp\/v2\/comments?post=66209"}],"version-history":[{"count":18,"href":"https:\/\/mister.forex\/pt\/wp-json\/wp\/v2\/pages\/66209\/revisions"}],"predecessor-version":[{"id":70492,"href":"https:\/\/mister.forex\/pt\/wp-json\/wp\/v2\/pages\/66209\/revisions\/70492"}],"wp:featuredmedia":[{"embeddable":true,"href":"https:\/\/mister.forex\/pt\/wp-json\/wp\/v2\/media\/60992"}],"wp:attachment":[{"href":"https:\/\/mister.forex\/pt\/wp-json\/wp\/v2\/media?parent=66209"}],"wp:term":[{"taxonomy":"post_tag","embeddable":true,"href":"https:\/\/mister.forex\/pt\/wp-json\/wp\/v2\/tags?post=66209"}],"curies":[{"name":"wp","href":"https:\/\/api.w.org\/{rel}","templated":true}]}}