{"id":66268,"date":"2026-02-07T21:05:51","date_gmt":"2026-02-07T13:05:51","guid":{"rendered":"https:\/\/mister.forex\/?page_id=66268"},"modified":"2026-04-21T14:49:01","modified_gmt":"2026-04-21T06:49:01","slug":"hedge-fund-portfolio-logic","status":"publish","type":"page","link":"https:\/\/mister.forex\/pt\/hedge-fund-portfolio-logic\/","title":{"rendered":"Pare de apostar tudo! Segredos dos fundos de retorno absoluto: Estrat\u00e9gias quantitativas e aloca\u00e7\u00e3o"},"content":{"rendered":"<div data-elementor-type=\"wp-page\" data-elementor-id=\"66268\" class=\"elementor elementor-66268\" data-elementor-post-type=\"page\">\n\t\t\t\t<div class=\"elementor-element elementor-element-e573153 e-flex e-con-boxed e-con e-parent\" data-id=\"e573153\" data-element_type=\"container\">\n\t\t\t\t\t<div class=\"e-con-inner\">\n\t\t\t\t<div class=\"elementor-element elementor-element-4658f0d elementor-widget elementor-widget-heading\" data-id=\"4658f0d\" data-element_type=\"widget\" data-widget_type=\"heading.default\">\n\t\t\t\t\t<h1 class=\"elementor-heading-title elementor-size-default\">Porque \u00e9 que os fundos de retorno absoluto nunca apostam tudo? A l\u00f3gica do lucro a longo prazo<\/h1>\t\t\t\t<\/div>\n\t\t\t\t<div class=\"elementor-element elementor-element-52dd9d1 elementor-widget elementor-widget-html translation-block\" data-id=\"52dd9d1\" data-element_type=\"widget\" data-widget_type=\"html.default\"><span>\nNo mundo dos investimentos, a procura do \"sinal \u00fanico mais forte\" \u00e9 geralmente o in\u00edcio das perdas. Como os mercados mudam constantemente, nenhum algoritmo pode ser invenc\u00edvel para sempre.<br><br>\nAs institui\u00e7\u00f5es profissionais sobrevivem a longo prazo gra\u00e7as \u00e0 <strong>\"complementaridade de estrat\u00e9gias\"<\/strong>. Aqui est\u00e1 a l\u00f3gica central da aloca\u00e7\u00e3o de ativos:\n<\/span><br><br>\n\n<span>\n<h2><strong>1. O mercado muda, a sua estrat\u00e9gia precisa de um \"Plano B\"<\/strong><\/h2>\nAs condi\u00e7\u00f5es de mercado dividem-se geralmente em duas: <strong>Tend\u00eancia<\/strong> (fortes subidas ou quedas) e <strong>Consolida\u00e7\u00e3o<\/strong> (movimentos laterais).<br><br>\n<ul>\n    <li>Se investir apenas em <strong>estrat\u00e9gias de tend\u00eancia<\/strong>, a sua conta sofrer\u00e1 stop-losses repetidos quando o mercado estiver lateralizado.<\/li><br>\n    <li>Se investir apenas em <strong>estrat\u00e9gias de contratend\u00eancia<\/strong>, a sua conta correr\u00e1 o risco de grandes perdas flutuantes perante uma forte tend\u00eancia unidirecional.<\/li>\n<\/ul>\n<br>\n<strong>A abordagem profissional:<\/strong> Deixe que estrat\u00e9gias com perfis diferentes se protejam mutuamente. Quando uma estrat\u00e9gia perde na consolida\u00e7\u00e3o, a outra lucra com a tend\u00eancia. Esta aloca\u00e7\u00e3o de \"correla\u00e7\u00e3o negativa\" \u00e9 o \u00fanico caminho para um crescimento est\u00e1vel da conta.\n<\/span><br><br>\n\n<span>\n<h2><strong>2. Duas tecnologias principais: Arquitetura quantitativa complementar<\/strong><\/h2>\nDesenvolvemos dois conjuntos de estrat\u00e9gias de negocia\u00e7\u00e3o para diferentes ambientes de mercado, como porta de entrada para os investidores:\n<\/span><\/div>\n\t\t\t\t<div class=\"elementor-element elementor-element-96d5a99 elementor-widget elementor-widget-html\" data-id=\"96d5a99\" data-element_type=\"widget\" data-widget_type=\"html.default\">\n\t\t\t\t\t<span>\n<ul>\n    <li class=\" translation-block\"><strong>Alpha Gold:<\/strong> Especialista na captura de desvios de pre\u00e7o de mercado. Quanto maior o desvio, maior o potencial de lucro. Ideal para investidores que procuram um crescimento explosivo.<\/li><br>\n    \n    <li class=\" translation-block\"><strong>Quant Matrix:<\/strong> Concentra-se em padr\u00f5es estat\u00edsticos e micro-oscila\u00e7\u00f5es em v\u00e1rios pares de moedas. Procura a estabilidade m\u00e1xima, acumulando lucros como juros banc\u00e1rios.<\/li>\n<\/ul>\n<\/span>\t\t\t\t<\/div>\n\t\t\t\t<div class=\"elementor-element elementor-element-eaa015f elementor-widget elementor-widget-html translation-block\" data-id=\"eaa015f\" data-element_type=\"widget\" data-widget_type=\"html.default\"><span>\n<h2><strong>3. Percurso de Crescimento: Da Verifica\u00e7\u00e3o \u00e0 Carteira Profissional<\/strong><\/h2>\nSabemos que a confian\u00e7a leva tempo. Por isso, oferecemos uma progress\u00e3o completa, do n\u00edvel inicial ao institucional:<br><br>\n<ul>\n    <li><strong>Verifica\u00e7\u00e3o Inicial:<\/strong> Comece com uma estrat\u00e9gia base e compare os dados do <strong>Myfxbook<\/strong> com os resultados reais da conta.<\/li><br>\n    \n    <li><strong>Aumento Gradual:<\/strong> Confirmada a estabilidade, recomendamos combinar estrat\u00e9gias de tend\u00eancia e oscila\u00e7\u00e3o para isolar o risco.<\/li><br>\n    \n    <li><strong>Carteira de Investimentos:<\/strong> Com maior capital, o sistema ativa l\u00f3gicas de cobertura avan\u00e7adas, garantindo estabilidade de fundo de retorno absoluto.<\/li>\n<\/ul>\n<\/span><br>\n\n<span>\n<h2><strong>Conclus\u00e3o: O melhor investimento come\u00e7a com factos<\/strong><\/h2>\nO trading quantitativo \u00e9 um processo racional baseado na ci\u00eancia. Escolha a estrat\u00e9gia certa para si e descubra a efici\u00eancia da automatiza\u00e7\u00e3o.\n<\/span><br><br>\n\n<span>\n<h2><strong>Escolha o seu primeiro ponto de partida quantitativo<\/strong><\/h2>\nTrading quantitativo \u00e9 ci\u00eancia. Comece com uma estrat\u00e9gia e experimente a gest\u00e3o automatizada de patrim\u00f3nio:\n<\/span><\/div>\n\t\t\t\t<div class=\"elementor-element elementor-element-1c09d1f elementor-icon-list--layout-inline elementor-list-item-link-inline elementor-widget elementor-widget-icon-list\" data-id=\"1c09d1f\" data-element_type=\"widget\" data-widget_type=\"icon-list.default\">\n\t\t\t\t\t\t\t<ul class=\"elementor-icon-list-items elementor-inline-items\">\n\t\t\t\t\t\t\t<li class=\"elementor-icon-list-item elementor-inline-item\">\n\t\t\t\t\t\t\t\t\t\t\t<a href=\"https:\/\/mister.forex\/pt\/alpha-gold\/\">\n\n\t\t\t\t\t\t\t\t\t\t\t\t<span class=\"elementor-icon-list-icon\">\n\t\t\t\t\t\t\t<svg aria-hidden=\"true\" class=\"e-font-icon-svg e-far-check-circle\" viewbox=\"0 0 512 512\" xmlns=\"http:\/\/www.w3.org\/2000\/svg\"><path d=\"M256 8C119.033 8 8 119.033 8 256s111.033 248 248 248 248-111.033 248-248S392.967 8 256 8zm0 48c110.532 0 200 89.451 200 200 0 110.532-89.451 200-200 200-110.532 0-200-89.451-200-200 0-110.532 89.451-200 200-200m140.204 130.267l-22.536-22.718c-4.667-4.705-12.265-4.736-16.97-.068L215.346 303.697l-59.792-60.277c-4.667-4.705-12.265-4.736-16.97-.069l-22.719 22.536c-4.705 4.667-4.736 12.265-.068 16.971l90.781 91.516c4.667 4.705 12.265 4.736 16.97.068l172.589-171.204c4.704-4.668 4.734-12.266.067-16.971z\"><\/path><\/svg>\t\t\t\t\t\t<\/span>\n\t\t\t\t\t\t\t\t\t\t<span class=\"elementor-icon-list-text\">Ver desempenho real do Alpha Gold<\/span>\n\t\t\t\t\t\t\t\t\t\t\t<\/a>\n\t\t\t\t\t\t\t\t\t<\/li>\n\t\t\t\t\t\t<\/ul>\n\t\t\t\t\t\t<\/div>\n\t\t\t\t<div class=\"elementor-element elementor-element-29c4922 elementor-widget elementor-widget-heading\" data-id=\"29c4922\" data-element_type=\"widget\" data-widget_type=\"heading.default\">\n\t\t\t\t\t<span class=\"elementor-heading-title elementor-size-default\">(Ideal para investidores que procuram crescimento explosivo e preferem negociar ouro)<\/span>\t\t\t\t<\/div>\n\t\t\t\t<div class=\"elementor-element elementor-element-0b7b33a elementor-icon-list--layout-inline elementor-list-item-link-inline elementor-widget elementor-widget-icon-list\" data-id=\"0b7b33a\" data-element_type=\"widget\" data-widget_type=\"icon-list.default\">\n\t\t\t\t\t\t\t<ul class=\"elementor-icon-list-items elementor-inline-items\">\n\t\t\t\t\t\t\t<li class=\"elementor-icon-list-item elementor-inline-item\">\n\t\t\t\t\t\t\t\t\t\t\t<a href=\"https:\/\/mister.forex\/pt\/quant-matrix\/\">\n\n\t\t\t\t\t\t\t\t\t\t\t\t<span class=\"elementor-icon-list-icon\">\n\t\t\t\t\t\t\t<svg aria-hidden=\"true\" class=\"e-font-icon-svg e-far-check-circle\" viewbox=\"0 0 512 512\" xmlns=\"http:\/\/www.w3.org\/2000\/svg\"><path d=\"M256 8C119.033 8 8 119.033 8 256s111.033 248 248 248 248-111.033 248-248S392.967 8 256 8zm0 48c110.532 0 200 89.451 200 200 0 110.532-89.451 200-200 200-110.532 0-200-89.451-200-200 0-110.532 89.451-200 200-200m140.204 130.267l-22.536-22.718c-4.667-4.705-12.265-4.736-16.97-.068L215.346 303.697l-59.792-60.277c-4.667-4.705-12.265-4.736-16.97-.069l-22.719 22.536c-4.705 4.667-4.736 12.265-.068 16.971l90.781 91.516c4.667 4.705 12.265 4.736 16.97.068l172.589-171.204c4.704-4.668 4.734-12.266.067-16.971z\"><\/path><\/svg>\t\t\t\t\t\t<\/span>\n\t\t\t\t\t\t\t\t\t\t<span class=\"elementor-icon-list-text\">Ver desempenho real do Quant Matrix<\/span>\n\t\t\t\t\t\t\t\t\t\t\t<\/a>\n\t\t\t\t\t\t\t\t\t<\/li>\n\t\t\t\t\t\t<\/ul>\n\t\t\t\t\t\t<\/div>\n\t\t\t\t<div class=\"elementor-element elementor-element-6b74cb5 elementor-widget elementor-widget-heading\" data-id=\"6b74cb5\" data-element_type=\"widget\" data-widget_type=\"heading.default\">\n\t\t\t\t\t<span class=\"elementor-heading-title elementor-size-default\">(Ideal para investidores que procuram estabilidade e um crescimento est\u00e1vel da conta)<\/span>\t\t\t\t<\/div>\n\t\t\t\t<div class=\"elementor-element elementor-element-6319289 elementor-icon-list--layout-inline elementor-list-item-link-inline elementor-widget elementor-widget-icon-list\" data-id=\"6319289\" data-element_type=\"widget\" data-widget_type=\"icon-list.default\">\n\t\t\t\t\t\t\t<ul class=\"elementor-icon-list-items elementor-inline-items\">\n\t\t\t\t\t\t\t<li class=\"elementor-icon-list-item elementor-inline-item\">\n\t\t\t\t\t\t\t\t\t\t\t<a href=\"https:\/\/mister.forex\/pt\/calmar-ratio-investment-efficiency\/\">\n\n\t\t\t\t\t\t\t\t\t\t\t\t<span class=\"elementor-icon-list-icon\">\n\t\t\t\t\t\t\t<svg aria-hidden=\"true\" class=\"e-font-icon-svg e-far-check-circle\" viewbox=\"0 0 512 512\" xmlns=\"http:\/\/www.w3.org\/2000\/svg\"><path d=\"M256 8C119.033 8 8 119.033 8 256s111.033 248 248 248 248-111.033 248-248S392.967 8 256 8zm0 48c110.532 0 200 89.451 200 200 0 110.532-89.451 200-200 200-110.532 0-200-89.451-200-200 0-110.532 89.451-200 200-200m140.204 130.267l-22.536-22.718c-4.667-4.705-12.265-4.736-16.97-.068L215.346 303.697l-59.792-60.277c-4.667-4.705-12.265-4.736-16.97-.069l-22.719 22.536c-4.705 4.667-4.736 12.265-.068 16.971l90.781 91.516c4.667 4.705 12.265 4.736 16.97.068l172.589-171.204c4.704-4.668 4.734-12.266.067-16.971z\"><\/path><\/svg>\t\t\t\t\t\t<\/span>\n\t\t\t\t\t\t\t\t\t\t<span class=\"elementor-icon-list-text\">Diga adeus aos retornos inflacionados: Domine o Calmar Ratio para uma curva de ativos resiliente<\/span>\n\t\t\t\t\t\t\t\t\t\t\t<\/a>\n\t\t\t\t\t\t\t\t\t<\/li>\n\t\t\t\t\t\t<\/ul>\n\t\t\t\t\t\t<\/div>\n\t\t\t\t\t<\/div>\n\t\t\t\t<\/div>\n\t\t\t\t<\/div>","protected":false},"excerpt":{"rendered":"<p>Porque \u00e9 que os melhores fundos de retorno absoluto nunca apostam tudo num \u00fanico sinal? Descubra o segredo da aloca\u00e7\u00e3o de ativos com \"correla\u00e7\u00e3o negativa\". Aprenda a resistir \u00e0 volatilidade do mercado atrav\u00e9s de uma carteira, alcan\u00e7ando o benef\u00edcio matem\u00e1tico de lucros somados e riscos compensados. Deixe de procurar o \"Santo Graal\" e torne-se um investidor profissional!<\/p>","protected":false},"author":1,"featured_media":66336,"parent":0,"menu_order":0,"comment_status":"closed","ping_status":"closed","template":"","meta":{"footnotes":""},"tags":[128],"class_list":["post-66268","page","type-page","status-publish","has-post-thumbnail","hentry","tag-no-google"],"_links":{"self":[{"href":"https:\/\/mister.forex\/pt\/wp-json\/wp\/v2\/pages\/66268","targetHints":{"allow":["GET"]}}],"collection":[{"href":"https:\/\/mister.forex\/pt\/wp-json\/wp\/v2\/pages"}],"about":[{"href":"https:\/\/mister.forex\/pt\/wp-json\/wp\/v2\/types\/page"}],"author":[{"embeddable":true,"href":"https:\/\/mister.forex\/pt\/wp-json\/wp\/v2\/users\/1"}],"replies":[{"embeddable":true,"href":"https:\/\/mister.forex\/pt\/wp-json\/wp\/v2\/comments?post=66268"}],"version-history":[{"count":12,"href":"https:\/\/mister.forex\/pt\/wp-json\/wp\/v2\/pages\/66268\/revisions"}],"predecessor-version":[{"id":70533,"href":"https:\/\/mister.forex\/pt\/wp-json\/wp\/v2\/pages\/66268\/revisions\/70533"}],"wp:featuredmedia":[{"embeddable":true,"href":"https:\/\/mister.forex\/pt\/wp-json\/wp\/v2\/media\/66336"}],"wp:attachment":[{"href":"https:\/\/mister.forex\/pt\/wp-json\/wp\/v2\/media?parent=66268"}],"wp:term":[{"taxonomy":"post_tag","embeddable":true,"href":"https:\/\/mister.forex\/pt\/wp-json\/wp\/v2\/tags?post=66268"}],"curies":[{"name":"wp","href":"https:\/\/api.w.org\/{rel}","templated":true}]}}