{"id":66480,"date":"2026-02-24T21:42:23","date_gmt":"2026-02-24T13:42:23","guid":{"rendered":"https:\/\/mister.forex\/?page_id=66480"},"modified":"2026-04-21T19:07:21","modified_gmt":"2026-04-21T11:07:21","slug":"ic-markets-mam-withdrawal-guide","status":"publish","type":"page","link":"https:\/\/mister.forex\/pt\/ic-markets-mam-withdrawal-guide\/","title":{"rendered":"Tutorial de Levantamento IC Markets MAM: Como transferir fundos de volta para a sua conta pessoal"},"content":{"rendered":"<div data-elementor-type=\"wp-page\" data-elementor-id=\"66480\" class=\"elementor elementor-66480\" data-elementor-post-type=\"page\">\n\t\t\t\t<div class=\"elementor-element elementor-element-99c3d86 e-flex e-con-boxed e-con e-parent\" data-id=\"99c3d86\" data-element_type=\"container\">\n\t\t\t\t\t<div class=\"e-con-inner\">\n\t\t\t\t<div class=\"elementor-element elementor-element-d947537 elementor-widget elementor-widget-spacer\" data-id=\"d947537\" data-element_type=\"widget\" data-widget_type=\"spacer.default\">\n\t\t\t\t\t\t\t<div class=\"elementor-spacer\">\n\t\t\t<div class=\"elementor-spacer-inner\"><\/div>\n\t\t<\/div>\n\t\t\t\t\t\t<\/div>\n\t\t\t\t<div class=\"elementor-element elementor-element-ff00f82 elementor-widget elementor-widget-heading\" data-id=\"ff00f82\" data-element_type=\"widget\" data-widget_type=\"heading.default\">\n\t\t\t\t\t<h1 class=\"elementor-heading-title elementor-size-default\">Levantamento de fundos IC Markets MAM<\/h1>\t\t\t\t<\/div>\n\t\t\t\t<div class=\"elementor-element elementor-element-31aee80 elementor-widget elementor-widget-text-editor\" data-id=\"31aee80\" data-element_type=\"widget\" data-widget_type=\"text-editor.default\">\n\t\t\t\t\t\t\t\t\t<p class=\" translation-block\">Para levantar fundos da sua subconta <strong>MAM<\/strong> para a sua conta pessoal, siga estes passos.<\/p>\t\t\t\t\t\t\t\t<\/div>\n\t\t\t\t<div class=\"elementor-element elementor-element-cd0858e elementor-icon-list--layout-inline elementor-list-item-link-inline elementor-widget elementor-widget-icon-list\" data-id=\"cd0858e\" data-element_type=\"widget\" data-widget_type=\"icon-list.default\">\n\t\t\t\t\t\t\t<ul class=\"elementor-icon-list-items elementor-inline-items\">\n\t\t\t\t\t\t\t<li class=\"elementor-icon-list-item elementor-inline-item\">\n\t\t\t\t\t\t\t\t\t\t\t<a href=\"https:\/\/mister.forex\/wp-content\/uploads\/2026\/02\/MAM-Transfer-ICM-Raw-Trading.pdf\" target=\"_blank\">\n\n\t\t\t\t\t\t\t\t\t\t\t\t<span class=\"elementor-icon-list-icon\">\n\t\t\t\t\t\t\t<svg aria-hidden=\"true\" class=\"e-font-icon-svg e-fas-file-download\" viewbox=\"0 0 384 512\" xmlns=\"http:\/\/www.w3.org\/2000\/svg\"><path d=\"M224 136V0H24C10.7 0 0 10.7 0 24v464c0 13.3 10.7 24 24 24h336c13.3 0 24-10.7 24-24V160H248c-13.2 0-24-10.8-24-24zm76.45 211.36l-96.42 95.7c-6.65 6.61-17.39 6.61-24.04 0l-96.42-95.7C73.42 337.29 80.54 320 94.82 320H160v-80c0-8.84 7.16-16 16-16h32c8.84 0 16 7.16 16 16v80h65.18c14.28 0 21.4 17.29 11.27 27.36zM377 105L279.1 7c-4.5-4.5-10.6-7-17-7H256v128h128v-6.1c0-6.3-2.5-12.4-7-16.9z\"><\/path><\/svg>\t\t\t\t\t\t<\/span>\n\t\t\t\t\t\t\t\t\t\t<span class=\"elementor-icon-list-text\">Descarregar Formul\u00e1rio de Transfer\u00eancia de Fundos IC Markets<\/span>\n\t\t\t\t\t\t\t\t\t\t\t<\/a>\n\t\t\t\t\t\t\t\t\t<\/li>\n\t\t\t\t\t\t<\/ul>\n\t\t\t\t\t\t<\/div>\n\t\t\t\t<div class=\"elementor-element elementor-element-b36adde elementor-icon-list--layout-inline elementor-list-item-link-inline elementor-widget elementor-widget-icon-list\" data-id=\"b36adde\" data-element_type=\"widget\" data-widget_type=\"icon-list.default\">\n\t\t\t\t\t\t\t<ul class=\"elementor-icon-list-items elementor-inline-items\">\n\t\t\t\t\t\t\t<li class=\"elementor-icon-list-item elementor-inline-item\">\n\t\t\t\t\t\t\t\t\t\t\t<a href=\"https:\/\/www.sejda.com\/pdf-editor\" target=\"_blank\" rel=\"nofollow noopener\">\n\n\t\t\t\t\t\t\t\t\t\t\t\t<span class=\"elementor-icon-list-icon\">\n\t\t\t\t\t\t\t<svg aria-hidden=\"true\" class=\"e-font-icon-svg e-fas-pencil-alt\" viewbox=\"0 0 512 512\" xmlns=\"http:\/\/www.w3.org\/2000\/svg\"><path d=\"M497.9 142.1l-46.1 46.1c-4.7 4.7-12.3 4.7-17 0l-111-111c-4.7-4.7-4.7-12.3 0-17l46.1-46.1c18.7-18.7 49.1-18.7 67.9 0l60.1 60.1c18.8 18.7 18.8 49.1 0 67.9zM284.2 99.8L21.6 362.4.4 483.9c-2.9 16.4 11.4 30.6 27.8 27.8l121.5-21.3 262.6-262.6c4.7-4.7 4.7-12.3 0-17l-111-111c-4.8-4.7-12.4-4.7-17.1 0zM124.1 339.9c-5.5-5.5-5.5-14.3 0-19.8l154-154c5.5-5.5 14.3-5.5 19.8 0s5.5 14.3 0 19.8l-154 154c-5.5 5.5-14.3 5.5-19.8 0zM88 424h48v36.3l-64.5 11.3-31.1-31.1L51.7 376H88v48z\"><\/path><\/svg>\t\t\t\t\t\t<\/span>\n\t\t\t\t\t\t\t\t\t\t<span class=\"elementor-icon-list-text\">Preencha e assine ficheiros online com facilidade.<\/span>\n\t\t\t\t\t\t\t\t\t\t\t<\/a>\n\t\t\t\t\t\t\t\t\t<\/li>\n\t\t\t\t\t\t<\/ul>\n\t\t\t\t\t\t<\/div>\n\t\t\t\t<div class=\"elementor-element elementor-element-d13ecca elementor-widget elementor-widget-html translation-block\" data-id=\"d13ecca\" data-element_type=\"widget\" data-widget_type=\"html.default\"><span>\n<h2><strong>I. Guia de Preenchimento<\/strong><\/h2>\nEste formul\u00e1rio est\u00e1 dividido nas seguintes sec\u00e7\u00f5es. Por favor, preencha-o inteiramente em ingl\u00eas:<br>\n<br>\n<strong>1. Your Details<\/strong><br><br>\n<ul>\n    <li><strong>First\/Last Name<\/strong>: O seu nome em ingl\u00eas, deve coincidir com o documento de identifica\u00e7\u00e3o utilizado na abertura da conta.<\/li>\n    <li><strong>Email\/Phone<\/strong>: O seu e-mail registado e n\u00famero de telefone de contacto.<\/li>\n    <li><strong>Sub Account Number<\/strong>: Preencha o n\u00famero da subconta MAM da qual deseja levantar os fundos.<\/li>\n    <li><strong>Date<\/strong>: Preencha a data do pedido.<\/li>\n<\/ul>\n<img class=\"aligncenter size-large wp-image-66512\" src=\"https:\/\/mister.forex\/wp-content\/uploads\/2026\/02\/IC-Markets-MAM-Transfer-01-1200x305.webp\" alt=\"\" width=\"800\" height=\"203\" \/>\n<br>\n\n<strong>2. Your Money Managers Details<\/strong><br><br>\n<ul>\n    <li><strong>First\/Last Name<\/strong>: Nome do gestor da estrat\u00e9gia (pr\u00e9-preenchido).<\/li>\n    <li><strong>Company\/MAM Name<\/strong>: Nome da estrat\u00e9gia, por exemplo: Alpha Gold.<\/li>\n<\/ul>\n<br>\n<img class=\"aligncenter size-large wp-image-66513\" src=\"https:\/\/mister.forex\/wp-content\/uploads\/2026\/02\/IC-Markets-MAM-Transfer-02-1200x212.webp\" alt=\"\" width=\"800\" height=\"141\" \/>\n<br>\n<strong>3. Transfer Amount<\/strong><br><br>\n<ul>\n    <li><strong>Transfer Amount<\/strong>: O montante num\u00e9rico que deseja transferir.<\/li>\n    <li><strong>Amount in Words<\/strong>: O montante por extenso em ingl\u00eas, por exemplo: One Thousand.<\/li>\n    <li><strong>Receiving ICM Account<\/strong>: O n\u00famero da conta de trading pessoal que receber\u00e1 estes fundos.<\/li>\n    <li><strong>Currency<\/strong>: Tipo de moeda, o padr\u00e3o \u00e9 USD.<\/li>\n<\/ul>\n<br>\n<img class=\"aligncenter size-large wp-image-66514\" src=\"https:\/\/mister.forex\/wp-content\/uploads\/2026\/02\/IC-Markets-MAM-Transfer-03-1200x340.webp\" alt=\"\" width=\"800\" height=\"227\" \/>\n<br>\n<strong>4. Checkboxes<\/strong><br><br>\n<ul>\n    <li><strong>Does your account currently have open trades?<\/strong>: Assinale aqui se a conta tiver posi\u00e7\u00f5es abertas; o sistema fechar\u00e1 as posi\u00e7\u00f5es proporcionalmente durante a transfer\u00eancia.<\/li>\n    <li><strong>Are you transferring your balance?<\/strong>: Assinale aqui se pretender transferir a totalidade do saldo da subconta.<\/li>\n<\/ul>\n<br>\n<img class=\"aligncenter size-large wp-image-66515\" src=\"https:\/\/mister.forex\/wp-content\/uploads\/2026\/02\/IC-Markets-MAM-Transfer-04-1200x102.webp\" alt=\"\" width=\"800\" height=\"68\" \/>\n<br>\n<h2><strong>II. Assinatura e Envio<\/strong><\/h2>\n<ul>\n    <li><strong>Signature<\/strong>: Por favor, assine \u00e0 m\u00e3o ou digitalmente na \u00e1rea de assinatura; deve coincidir com a assinatura fornecida na abertura da conta.<\/li>\n    <li><strong>Enviar E-mail<\/strong>: Fotografe ou digitalize o formul\u00e1rio preenchido e envie como anexo de e-mail para a <strong>IC Markets<\/strong> (<a href=\"mailto:accounts@icmarkets.com\" target=\"_blank\" rel=\"nofollow noopener\">accounts@icmarkets.com<\/a>).<\/li>\n    <li><strong>C\u00f3pia (CC)<\/strong>: Envie simultaneamente uma c\u00f3pia para o <strong>Mr.Forex<\/strong> (<a href=\"mailto:support@mister.forex\" target=\"_blank\" rel=\"nofollow noopener\">support@mister.forex<\/a>) para confirma\u00e7\u00e3o r\u00e1pida de rece\u00e7\u00e3o.<\/li>\n<\/ul>\n<br>\n<img class=\"aligncenter size-large wp-image-66516\" src=\"https:\/\/mister.forex\/wp-content\/uploads\/2026\/02\/IC-Markets-MAM-Transfer-05-1200x335.webp\" alt=\"\" width=\"800\" height=\"223\" \/>\n<h2><strong>III. Notas Importantes<\/strong><\/h2>\n<ul>\n    <li><strong>Processo de Confirma\u00e7\u00e3o<\/strong>: Ap\u00f3s receber o seu pedido, a IC Markets executar\u00e1 a transfer\u00eancia apenas depois de o gestor da estrat\u00e9gia confirmar a rece\u00e7\u00e3o deste pedido.<\/li>\n    <li><strong>Gest\u00e3o de Posi\u00e7\u00f5es<\/strong>: Uma vez que o MAM utiliza trading proporcional, o levantamento de fundos requer geralmente o fecho de algumas posi\u00e7\u00f5es, o que resultar\u00e1 num ajuste correspondente de lucros ou perdas.<\/li>\n<\/ul>\n<\/span><\/div>\n\t\t\t\t<div class=\"elementor-element elementor-element-eb9e9d4 elementor-widget elementor-widget-spacer\" data-id=\"eb9e9d4\" data-element_type=\"widget\" data-widget_type=\"spacer.default\">\n\t\t\t\t\t\t\t<div class=\"elementor-spacer\">\n\t\t\t<div class=\"elementor-spacer-inner\"><\/div>\n\t\t<\/div>\n\t\t\t\t\t\t<\/div>\n\t\t\t\t\t<\/div>\n\t\t\t\t<\/div>\n\t\t\t\t<\/div>","protected":false},"excerpt":{"rendered":"<p>Este guia ajuda-o a preencher o Formul\u00e1rio de Transfer\u00eancia MAM da IC Markets para levantar fundos com sucesso da sua subconta MAM para a sua conta pessoal. Inclui o preenchimento do montante, detalhes da subconta e o processo de envio por e-mail oficial para garantir um processo de levantamento r\u00e1pido e transparente.<\/p>","protected":false},"author":1,"featured_media":66487,"parent":0,"menu_order":0,"comment_status":"closed","ping_status":"closed","template":"","meta":{"footnotes":""},"tags":[128],"class_list":["post-66480","page","type-page","status-publish","has-post-thumbnail","hentry","tag-no-google"],"_links":{"self":[{"href":"https:\/\/mister.forex\/pt\/wp-json\/wp\/v2\/pages\/66480","targetHints":{"allow":["GET"]}}],"collection":[{"href":"https:\/\/mister.forex\/pt\/wp-json\/wp\/v2\/pages"}],"about":[{"href":"https:\/\/mister.forex\/pt\/wp-json\/wp\/v2\/types\/page"}],"author":[{"embeddable":true,"href":"https:\/\/mister.forex\/pt\/wp-json\/wp\/v2\/users\/1"}],"replies":[{"embeddable":true,"href":"https:\/\/mister.forex\/pt\/wp-json\/wp\/v2\/comments?post=66480"}],"version-history":[{"count":3,"href":"https:\/\/mister.forex\/pt\/wp-json\/wp\/v2\/pages\/66480\/revisions"}],"predecessor-version":[{"id":70548,"href":"https:\/\/mister.forex\/pt\/wp-json\/wp\/v2\/pages\/66480\/revisions\/70548"}],"wp:featuredmedia":[{"embeddable":true,"href":"https:\/\/mister.forex\/pt\/wp-json\/wp\/v2\/media\/66487"}],"wp:attachment":[{"href":"https:\/\/mister.forex\/pt\/wp-json\/wp\/v2\/media?parent=66480"}],"wp:term":[{"taxonomy":"post_tag","embeddable":true,"href":"https:\/\/mister.forex\/pt\/wp-json\/wp\/v2\/tags?post=66480"}],"curies":[{"name":"wp","href":"https:\/\/api.w.org\/{rel}","templated":true}]}}