{"id":67137,"date":"2026-03-06T16:33:55","date_gmt":"2026-03-06T08:33:55","guid":{"rendered":"https:\/\/mister.forex\/?page_id=67137"},"modified":"2026-04-22T08:38:09","modified_gmt":"2026-04-22T00:38:09","slug":"calmar-ratio-investment-efficiency","status":"publish","type":"page","link":"https:\/\/mister.forex\/pt_br\/calmar-ratio-investment-efficiency\/","title":{"rendered":"O que \u00e9 Calmar Ratio? O indicador que profissionais preferem ao retorno anual"},"content":{"rendered":"<div data-elementor-type=\"wp-page\" data-elementor-id=\"67137\" class=\"elementor elementor-67137\" data-elementor-post-type=\"page\">\n\t\t\t\t<div class=\"elementor-element elementor-element-656ff23 e-flex e-con-boxed e-con e-parent\" data-id=\"656ff23\" data-element_type=\"container\">\n\t\t\t\t\t<div class=\"e-con-inner\">\n\t\t\t\t<div class=\"elementor-element elementor-element-dd8b4c5 elementor-widget elementor-widget-heading\" data-id=\"dd8b4c5\" data-element_type=\"widget\" data-widget_type=\"heading.default\">\n\t\t\t\t\t<h1 class=\"elementor-heading-title elementor-size-default\">Adeus aos retornos inflados: Domine o Calmar Ratio para uma curva de patrim\u00f4nio resiliente<\/h1>\t\t\t\t<\/div>\n\t\t\t\t<div class=\"elementor-element elementor-element-566f2b5 elementor-widget elementor-widget-html translation-block\" data-id=\"566f2b5\" data-element_type=\"widget\" data-widget_type=\"html.default\"><span>\n<h2><strong>\ud83d\udccc Pref\u00e1cio: Voc\u00ea ganha dinheiro ou batimentos card\u00edacos?<\/strong><\/h2>\nNesta era de ondas tecnol\u00f3gicas e emo\u00e7\u00f5es de mercado intensas, os n\u00fameros da sua conta de investimento flutuam diariamente.<br>\nVoc\u00ea j\u00e1 teve essa experi\u00eancia: observar um ativo popular subir vertiginosamente em um \u00fanico dia, mas ter medo de entrar por receio de uma queda de 30% a qualquer momento?<br>\nOu sentir ansiedade e n\u00e3o conseguir dormir quando os pre\u00e7os dos ativos despencam no meio da noite?<br><br>\n\n<strong>\"O lucro que voc\u00ea consegue manter \u00e9 a verdadeira riqueza.\"<\/strong><br>\nA maioria dos investidores de varejo olha apenas para a taxa de retorno, mas os profissionais focam na <strong>Qualidade da Reten\u00e7\u00e3o<\/strong>.<br>\nQualidade da reten\u00e7\u00e3o significa fazer seus ativos crescerem sem precisar sacrificar sua qualidade de vida e sua frequ\u00eancia card\u00edaca.<br><br>\n\nHoje, apresentamos um indicador chave que determina o sucesso do seu investimento \u2014 <strong>\u00cdndice de Calmar (Calmar Ratio)<\/strong>.\n<\/span><br><br>\n\n<span>\n<h2><strong>\ud83d\udccc O que \u00e9 o \u00cdndice de Calmar? Por que ele \u00e9 mais importante que o retorno anual?<\/strong><\/h2>\nA f\u00f3rmula do \u00cdndice de Calmar \u00e9 muito simples:\n<blockquote style=\"background-color: #f8fafc;border: 1px solid #2D4273;padding: 25px;margin: 30px 0;color: #1e293b;border-radius: 6px\">\n    <strong>\u00cdndice de Calmar = Taxa de Retorno Anual M\u00e9dia (CAGR) \/ Drawdown M\u00e1ximo (MDD)<\/strong>\n<\/blockquote>\nSe um investimento rende 50% ao ano, mas sofre uma queda (drawdown) de 50% no processo, o valor de Calmar \u00e9 apenas 1.0.<br>\nMas se um investimento rende 25% com uma queda de apenas 10%, o valor de Calmar sobe para 2.5.<br>\nEste \u00faltimo \u00e9 um verdadeiro <strong>ativo de classe profissional<\/strong>.<br>\nO objetivo dos profissionais n\u00e3o \u00e9 buscar o \"n\u00famero mais alto\", mas sim o <strong>\"maior retorno por unidade de risco\"<\/strong>.\n<\/span><br><br>\n\n<span>\n<h2><strong>\ud83d\udccc Compara\u00e7\u00e3o de Ativos Globais: Quem \u00e9 o verdadeiro rei da efici\u00eancia?<\/strong><\/h2>\nComparamos tipos de ativos comuns e sistemas quantitativos profissionais atrav\u00e9s de dados:<br><br>\n\n<div style=\"margin-bottom: 25px\">\n    <table style=\"width: 100%;min-width: 650px;border-collapse: separate;border-spacing: 0;border: 1px solid #2D4273;border-radius: 6px;text-align: center;font-family: 'Inter', sans-serif;overflow: hidden\">\n        <thead>\n            <tr style=\"background-color: #2D4273;color: #ffffff\">\n                <th style=\"padding: 15px;border-right: 1px solid #ffffff;border-bottom: 1px solid #2D4273\"><strong>Tipo de Ativo<\/strong><\/th>\n                <th style=\"padding: 15px;border-right: 1px solid #ffffff;border-bottom: 1px solid #2D4273\"><strong>Anual (CAGR)<\/strong><\/th>\n                <th style=\"padding: 15px;border-right: 1px solid #ffffff;border-bottom: 1px solid #2D4273\"><strong>Drawdown (MDD)<\/strong><\/th>\n                <th style=\"padding: 15px;border-right: 1px solid #ffffff;border-bottom: 1px solid #2D4273\"><strong>\u00cdndice de Calmar<\/strong><\/th>\n                <th style=\"padding: 15px;border-bottom: 1px solid #2D4273\"><strong>Dificuldade de Reten\u00e7\u00e3o<\/strong><\/th>\n            <\/tr>\n        <\/thead>\n        <tbody>\n            <tr>\n                <td style=\"padding: 15px;border-right: 1px solid #2D4273;border-bottom: 1px solid #2D4273\"><strong>Quant Matrix<\/strong><\/td>\n                <td style=\"padding: 15px;border-right: 1px solid #2D4273;border-bottom: 1px solid #2D4273\">30%<\/td>\n                <td style=\"padding: 15px;border-right: 1px solid #2D4273;border-bottom: 1px solid #2D4273\"><strong style=\"color: #00AA54\">20%<\/strong><\/td>\n                <td style=\"padding: 15px;border-right: 1px solid #2D4273;border-bottom: 1px solid #2D4273\"><strong style=\"color: #00AA54\">1.50<\/strong><\/td>\n                <td style=\"padding: 15px;border-bottom: 1px solid #2D4273\"><strong>Extremamente Est\u00e1vel<\/strong><\/td>\n            <\/tr>\n            <tr>\n                <td style=\"padding: 15px;border-right: 1px solid #2D4273;border-bottom: 1px solid #2D4273\"><strong>Alpha Gold<\/strong><\/td>\n                <td style=\"padding: 15px;border-right: 1px solid #2D4273;border-bottom: 1px solid #2D4273\">35%<\/td>\n                <td style=\"padding: 15px;border-right: 1px solid #2D4273;border-bottom: 1px solid #2D4273\"><strong style=\"color: #00AA54\">25%<\/strong><\/td>\n                <td style=\"padding: 15px;border-right: 1px solid #2D4273;border-bottom: 1px solid #2D4273\"><strong style=\"color: #00AA54\">1.40<\/strong><\/td>\n                <td style=\"padding: 15px;border-bottom: 1px solid #2D4273\"><strong>Crescimento S\u00f3lido<\/strong><\/td>\n            <\/tr>\n            <tr>\n                <td style=\"padding: 15px;border-right: 1px solid #2D4273;border-bottom: 1px solid #2D4273\">A\u00e7\u00f5es de Tech<\/td>\n                <td style=\"padding: 15px;border-right: 1px solid #2D4273;border-bottom: 1px solid #2D4273\">30%~70%<\/td>\n                <td style=\"padding: 15px;border-right: 1px solid #2D4273;border-bottom: 1px solid #2D4273\">40%~60%<\/td>\n                <td style=\"padding: 15px;border-right: 1px solid #2D4273;border-bottom: 1px solid #2D4273\">1.00<\/td>\n                <td style=\"padding: 15px;border-bottom: 1px solid #2D4273\">Alta<\/td>\n            <\/tr>\n            <tr>\n                <td style=\"padding: 15px;border-right: 1px solid #2D4273;border-bottom: 1px solid #2D4273\">Cripto (BTC)<\/td>\n                <td style=\"padding: 15px;border-right: 1px solid #2D4273;border-bottom: 1px solid #2D4273\">60%<\/td>\n                <td style=\"padding: 15px;border-right: 1px solid #2D4273;border-bottom: 1px solid #2D4273\">75%<\/td>\n                <td style=\"padding: 15px;border-right: 1px solid #2D4273;border-bottom: 1px solid #2D4273\">0.80<\/td>\n                <td style=\"padding: 15px;border-bottom: 1px solid #2D4273\">Extremamente Alta<\/td>\n            <\/tr>\n            <tr>\n                <td style=\"padding: 15px;border-right: 1px solid #2D4273;border-bottom: 1px solid #2D4273\">\u00cdndice S&amp;P 500<\/td>\n                <td style=\"padding: 15px;border-right: 1px solid #2D4273;border-bottom: 1px solid #2D4273\">12%<\/td>\n                <td style=\"padding: 15px;border-right: 1px solid #2D4273;border-bottom: 1px solid #2D4273\">50%<\/td>\n                <td style=\"padding: 15px;border-right: 1px solid #2D4273;border-bottom: 1px solid #2D4273\">0.24<\/td>\n                <td style=\"padding: 15px;border-bottom: 1px solid #2D4273\">M\u00e9dia<\/td>\n            <\/tr>\n            <tr>\n                <td style=\"padding: 15px;border-right: 1px solid #2D4273\">Ouro (Porto Seguro)<\/td>\n                <td style=\"padding: 15px;border-right: 1px solid #2D4273\">8%<\/td>\n                <td style=\"padding: 15px;border-right: 1px solid #2D4273\">25%<\/td>\n                <td style=\"padding: 15px;border-right: 1px solid #2D4273\">0.32<\/td>\n                <td style=\"padding: 15px\">Equil\u00edbrio Defensivo<\/td>\n            <\/tr>\n        <\/tbody>\n    <\/table>\n<\/div>\n<\/span>\n\n<span>\n<h2><strong>\ud83d\udccc An\u00e1lise de Dados: Por que os indicadores profissionais diferem da percep\u00e7\u00e3o comum?<\/strong><\/h2>\nComo mostra a tabela acima, a maioria dos ativos de qualidade possui um \u00cdndice de Calmar entre 0.4 e 1.1.<br><br>\nOs sistemas quantitativos profissionais conseguem superar 1.2 de forma est\u00e1vel n\u00e3o apenas dobrando lucros, mas atrav\u00e9s de modelos matem\u00e1ticos que realizam uma <strong>\"repara\u00e7\u00e3o extrema\"<\/strong> de cada drawdown.\n<\/span><\/div>\n\t\t\t\t<div class=\"elementor-element elementor-element-49e8d19 elementor-widget elementor-widget-html\" data-id=\"49e8d19\" data-element_type=\"widget\" data-widget_type=\"html.default\">\n\t\t\t\t\t<h3><strong>Padr\u00e3o Calmar Ratio<\/strong><\/h3>\t\t\t\t<\/div>\n\t\t<div class=\"elementor-element elementor-element-9ceb46b e-grid e-con-full e-con e-child\" data-id=\"9ceb46b\" data-element_type=\"container\">\n\t\t<div class=\"elementor-element elementor-element-3eed16a e-con-full e-flex e-con e-child\" data-id=\"3eed16a\" data-element_type=\"container\" data-settings=\"{&quot;background_background&quot;:&quot;classic&quot;}\">\n\t\t\t\t<div class=\"elementor-element elementor-element-38dfcd9 elementor-widget elementor-widget-text-editor\" data-id=\"38dfcd9\" data-element_type=\"widget\" data-widget_type=\"text-editor.default\">\n\t\t\t\t\t\t\t\t\t<p>Institucional<\/p>\t\t\t\t\t\t\t\t<\/div>\n\t\t\t\t<div class=\"elementor-element elementor-element-970a36d elementor-widget elementor-widget-text-editor\" data-id=\"970a36d\" data-element_type=\"widget\" data-widget_type=\"text-editor.default\">\n\t\t\t\t\t\t\t\t\t<p>&gt; 1.2<\/p>\t\t\t\t\t\t\t\t<\/div>\n\t\t\t\t<div class=\"elementor-element elementor-element-4f674d5 elementor-widget elementor-widget-text-editor\" data-id=\"4f674d5\" data-element_type=\"widget\" data-widget_type=\"text-editor.default\">\n\t\t\t\t\t\t\t\t\t<p>Equil\u00edbrio risco-retorno<\/p>\t\t\t\t\t\t\t\t<\/div>\n\t\t\t\t<\/div>\n\t\t<div class=\"elementor-element elementor-element-511b8b7 e-con-full e-flex e-con e-child\" data-id=\"511b8b7\" data-element_type=\"container\" data-settings=\"{&quot;background_background&quot;:&quot;classic&quot;}\">\n\t\t\t\t<div class=\"elementor-element elementor-element-efdc16c elementor-widget elementor-widget-text-editor\" data-id=\"efdc16c\" data-element_type=\"widget\" data-widget_type=\"text-editor.default\">\n\t\t\t\t\t\t\t\t\t<p>Crescimento Forte<\/p>\t\t\t\t\t\t\t\t<\/div>\n\t\t\t\t<div class=\"elementor-element elementor-element-5d72ff3 elementor-widget elementor-widget-text-editor\" data-id=\"5d72ff3\" data-element_type=\"widget\" data-widget_type=\"text-editor.default\">\n\t\t\t\t\t\t\t\t\t<p>0.7 ~ 1.2<\/p>\t\t\t\t\t\t\t\t<\/div>\n\t\t\t\t<div class=\"elementor-element elementor-element-cb94c67 elementor-widget elementor-widget-text-editor\" data-id=\"cb94c67\" data-element_type=\"widget\" data-widget_type=\"text-editor.default\">\n\t\t\t\t\t\t\t\t\t<p>N\u00edvel gigantes da Tech<\/p>\t\t\t\t\t\t\t\t<\/div>\n\t\t\t\t<\/div>\n\t\t<div class=\"elementor-element elementor-element-051252a e-con-full e-flex e-con e-child\" data-id=\"051252a\" data-element_type=\"container\" data-settings=\"{&quot;background_background&quot;:&quot;classic&quot;}\">\n\t\t\t\t<div class=\"elementor-element elementor-element-05d30c3 elementor-widget elementor-widget-text-editor\" data-id=\"05d30c3\" data-element_type=\"widget\" data-widget_type=\"text-editor.default\">\n\t\t\t\t\t\t\t\t\t<p>Mercado Padr\u00e3o<\/p>\t\t\t\t\t\t\t\t<\/div>\n\t\t\t\t<div class=\"elementor-element elementor-element-b01b678 elementor-widget elementor-widget-text-editor\" data-id=\"b01b678\" data-element_type=\"widget\" data-widget_type=\"text-editor.default\">\n\t\t\t\t\t\t\t\t\t<p>&lt; 0.7<\/p>\t\t\t\t\t\t\t\t<\/div>\n\t\t\t\t<div class=\"elementor-element elementor-element-8bfc1cf elementor-widget elementor-widget-text-editor\" data-id=\"8bfc1cf\" data-element_type=\"widget\" data-widget_type=\"text-editor.default\">\n\t\t\t\t\t\t\t\t\t<p>\u00cdndices e ativos seguros<\/p>\t\t\t\t\t\t\t\t<\/div>\n\t\t\t\t<\/div>\n\t\t\t\t<\/div>\n\t\t\t\t<div class=\"elementor-element elementor-element-9663660 elementor-widget elementor-widget-html translation-block\" data-id=\"9663660\" data-element_type=\"widget\" data-widget_type=\"html.default\"><span>\n<h2><strong>\ud83d\udccc Por que as estrat\u00e9gias quantitativas profissionais s\u00e3o a \"\u00faltima pe\u00e7a do quebra-cabe\u00e7a\"?<\/strong><\/h2>\nNesta jornada de investimentos, o verdadeiro inimigo geralmente n\u00e3o \u00e9 o mercado, mas sim as emo\u00e7\u00f5es do investidor.<br><br>\nO sentido das estrat\u00e9gias quantitativas (como <strong>Alpha Gold<\/strong> ou <strong>Quant Matrix<\/strong>) \u00e9 utilizar a l\u00f3gica matem\u00e1tica para <strong>\"reparar sua curva de patrim\u00f4nio\"<\/strong>.<br><br>\n<ul>\n    <li><strong>Otimiza\u00e7\u00e3o da experi\u00eancia de reten\u00e7\u00e3o:<\/strong><br>\n    Ao alocar parte do seu capital em estrat\u00e9gias de \"Alto Calmar\", o drawdown geral da conta diminui drasticamente, evitando que voc\u00ea seja for\u00e7ado a liquidar posi\u00e7\u00f5es por causa do p\u00e2nico em um \u00fanico mercado.<\/li><br>\n    <li><strong>Controle cient\u00edfico de frequ\u00eancia:<\/strong><br>\n    O sistema opera automaticamente com base em algoritmos, garantindo efici\u00eancia ao capturar oportunidades de mercado continuamente, eliminando o medo e a gan\u00e2ncia humana.<\/li><br>\n    <li><strong>Gest\u00e3o de risco estrutural:<\/strong><br>\n    Estrat\u00e9gias quantitativas reais n\u00e3o dependem de \"fazer pre\u00e7o m\u00e9dio\" arriscado para maquiar relat\u00f3rios; elas usam controle preciso de probabilidades para otimizar a taxa de acerto sob drawdowns controlados.<\/li>\n<\/ul>\n<\/span><br>\n\n<span>\n<h2><strong>\ud83d\udccc Conclus\u00e3o: O objetivo final do investimento \u00e9 a paz de esp\u00edrito<\/strong><\/h2>\nO mercado nunca carece de oportunidades; o que falta \u00e9 a <strong>\"confian\u00e7a para segurar essas oportunidades\"<\/strong>.<br>\nE essa confian\u00e7a vem do seu controle preciso sobre o risco e da sua insist\u00eancia na \"qualidade da reten\u00e7\u00e3o\".\n<\/span><\/div>\n\t\t\t\t<div class=\"elementor-element elementor-element-872e24a elementor-icon-list--layout-inline elementor-list-item-link-inline elementor-widget elementor-widget-icon-list\" data-id=\"872e24a\" data-element_type=\"widget\" data-widget_type=\"icon-list.default\">\n\t\t\t\t\t\t\t<ul class=\"elementor-icon-list-items elementor-inline-items\">\n\t\t\t\t\t\t\t<li class=\"elementor-icon-list-item elementor-inline-item\">\n\t\t\t\t\t\t\t\t\t\t\t<a href=\"https:\/\/mister.forex\/pt_br\/alpha-gold\/\">\n\n\t\t\t\t\t\t\t\t\t\t\t\t<span class=\"elementor-icon-list-icon\">\n\t\t\t\t\t\t\t<svg aria-hidden=\"true\" class=\"e-font-icon-svg e-far-check-circle\" viewbox=\"0 0 512 512\" xmlns=\"http:\/\/www.w3.org\/2000\/svg\"><path d=\"M256 8C119.033 8 8 119.033 8 256s111.033 248 248 248 248-111.033 248-248S392.967 8 256 8zm0 48c110.532 0 200 89.451 200 200 0 110.532-89.451 200-200 200-110.532 0-200-89.451-200-200 0-110.532 89.451-200 200-200m140.204 130.267l-22.536-22.718c-4.667-4.705-12.265-4.736-16.97-.068L215.346 303.697l-59.792-60.277c-4.667-4.705-12.265-4.736-16.97-.069l-22.719 22.536c-4.705 4.667-4.736 12.265-.068 16.971l90.781 91.516c4.667 4.705 12.265 4.736 16.97.068l172.589-171.204c4.704-4.668 4.734-12.266.067-16.971z\"><\/path><\/svg>\t\t\t\t\t\t<\/span>\n\t\t\t\t\t\t\t\t\t\t<span class=\"elementor-icon-list-text\">Ver desempenho real do Alpha Gold<\/span>\n\t\t\t\t\t\t\t\t\t\t\t<\/a>\n\t\t\t\t\t\t\t\t\t<\/li>\n\t\t\t\t\t\t<\/ul>\n\t\t\t\t\t\t<\/div>\n\t\t\t\t<div class=\"elementor-element elementor-element-002b377 elementor-widget elementor-widget-heading\" data-id=\"002b377\" data-element_type=\"widget\" data-widget_type=\"heading.default\">\n\t\t\t\t\t<span class=\"elementor-heading-title elementor-size-default\">(Ideal para investidores que buscam crescimento explosivo e preferem negociar ouro)<\/span>\t\t\t\t<\/div>\n\t\t\t\t<div class=\"elementor-element elementor-element-53e1d6a elementor-icon-list--layout-inline elementor-list-item-link-inline elementor-widget elementor-widget-icon-list\" data-id=\"53e1d6a\" data-element_type=\"widget\" data-widget_type=\"icon-list.default\">\n\t\t\t\t\t\t\t<ul class=\"elementor-icon-list-items elementor-inline-items\">\n\t\t\t\t\t\t\t<li class=\"elementor-icon-list-item elementor-inline-item\">\n\t\t\t\t\t\t\t\t\t\t\t<a href=\"https:\/\/mister.forex\/pt_br\/quant-matrix\/\">\n\n\t\t\t\t\t\t\t\t\t\t\t\t<span class=\"elementor-icon-list-icon\">\n\t\t\t\t\t\t\t<svg aria-hidden=\"true\" class=\"e-font-icon-svg e-far-check-circle\" viewbox=\"0 0 512 512\" xmlns=\"http:\/\/www.w3.org\/2000\/svg\"><path d=\"M256 8C119.033 8 8 119.033 8 256s111.033 248 248 248 248-111.033 248-248S392.967 8 256 8zm0 48c110.532 0 200 89.451 200 200 0 110.532-89.451 200-200 200-110.532 0-200-89.451-200-200 0-110.532 89.451-200 200-200m140.204 130.267l-22.536-22.718c-4.667-4.705-12.265-4.736-16.97-.068L215.346 303.697l-59.792-60.277c-4.667-4.705-12.265-4.736-16.97-.069l-22.719 22.536c-4.705 4.667-4.736 12.265-.068 16.971l90.781 91.516c4.667 4.705 12.265 4.736 16.97.068l172.589-171.204c4.704-4.668 4.734-12.266.067-16.971z\"><\/path><\/svg>\t\t\t\t\t\t<\/span>\n\t\t\t\t\t\t\t\t\t\t<span class=\"elementor-icon-list-text\">Ver desempenho real do Quant Matrix<\/span>\n\t\t\t\t\t\t\t\t\t\t\t<\/a>\n\t\t\t\t\t\t\t\t\t<\/li>\n\t\t\t\t\t\t<\/ul>\n\t\t\t\t\t\t<\/div>\n\t\t\t\t<div class=\"elementor-element elementor-element-3951116 elementor-widget elementor-widget-heading\" data-id=\"3951116\" data-element_type=\"widget\" data-widget_type=\"heading.default\">\n\t\t\t\t\t<span class=\"elementor-heading-title elementor-size-default\">(Ideal para investidores que buscam estabilidade e crescimento consistente da conta)<\/span>\t\t\t\t<\/div>\n\t\t\t\t<div class=\"elementor-element elementor-element-88b3398 elementor-icon-list--layout-inline elementor-list-item-link-inline elementor-widget elementor-widget-icon-list\" data-id=\"88b3398\" data-element_type=\"widget\" data-widget_type=\"icon-list.default\">\n\t\t\t\t\t\t\t<ul class=\"elementor-icon-list-items elementor-inline-items\">\n\t\t\t\t\t\t\t<li class=\"elementor-icon-list-item elementor-inline-item\">\n\t\t\t\t\t\t\t\t\t\t\t<a href=\"https:\/\/mister.forex\/pt_br\/maximum-drawdown-mdd-investment-risk-guide\/\">\n\n\t\t\t\t\t\t\t\t\t\t\t\t<span class=\"elementor-icon-list-icon\">\n\t\t\t\t\t\t\t<svg aria-hidden=\"true\" class=\"e-font-icon-svg e-far-check-circle\" viewbox=\"0 0 512 512\" xmlns=\"http:\/\/www.w3.org\/2000\/svg\"><path d=\"M256 8C119.033 8 8 119.033 8 256s111.033 248 248 248 248-111.033 248-248S392.967 8 256 8zm0 48c110.532 0 200 89.451 200 200 0 110.532-89.451 200-200 200-110.532 0-200-89.451-200-200 0-110.532 89.451-200 200-200m140.204 130.267l-22.536-22.718c-4.667-4.705-12.265-4.736-16.97-.068L215.346 303.697l-59.792-60.277c-4.667-4.705-12.265-4.736-16.97-.069l-22.719 22.536c-4.705 4.667-4.736 12.265-.068 16.971l90.781 91.516c4.667 4.705 12.265 4.736 16.97.068l172.589-171.204c4.704-4.668 4.734-12.266.067-16.971z\"><\/path><\/svg>\t\t\t\t\t\t<\/span>\n\t\t\t\t\t\t\t\t\t\t<span class=\"elementor-icon-list-text\">A \"armadilha mortal\" da eros\u00e3o de ativos: por que traders pro focam no MDD e n\u00e3o no retorno?<\/span>\n\t\t\t\t\t\t\t\t\t\t\t<\/a>\n\t\t\t\t\t\t\t\t\t<\/li>\n\t\t\t\t\t\t<\/ul>\n\t\t\t\t\t\t<\/div>\n\t\t\t\t\t<\/div>\n\t\t\t\t<\/div>\n\t\t\t\t<\/div>","protected":false},"excerpt":{"rendered":"<p>Em mercados vol\u00e1teis, a \"qualidade da reten\u00e7\u00e3o\" \u00e9 a chave para o lucro a longo prazo. Este artigo analisa o Calmar Ratio, indicador essencial para profissionais, comparando cripto, a\u00e7\u00f5es de tecnologia e sistemas quantitativos. Descubra por que especialistas focam na estabilidade da curva de patrim\u00f4nio em vez de lucros nominais. Inclui ferramenta de diagn\u00f3stico para sua tranquilidade.<\/p>","protected":false},"author":1,"featured_media":46711,"parent":0,"menu_order":0,"comment_status":"closed","ping_status":"closed","template":"","meta":{"footnotes":""},"tags":[128],"class_list":["post-67137","page","type-page","status-publish","has-post-thumbnail","hentry","tag-no-google"],"_links":{"self":[{"href":"https:\/\/mister.forex\/pt_br\/wp-json\/wp\/v2\/pages\/67137","targetHints":{"allow":["GET"]}}],"collection":[{"href":"https:\/\/mister.forex\/pt_br\/wp-json\/wp\/v2\/pages"}],"about":[{"href":"https:\/\/mister.forex\/pt_br\/wp-json\/wp\/v2\/types\/page"}],"author":[{"embeddable":true,"href":"https:\/\/mister.forex\/pt_br\/wp-json\/wp\/v2\/users\/1"}],"replies":[{"embeddable":true,"href":"https:\/\/mister.forex\/pt_br\/wp-json\/wp\/v2\/comments?post=67137"}],"version-history":[{"count":9,"href":"https:\/\/mister.forex\/pt_br\/wp-json\/wp\/v2\/pages\/67137\/revisions"}],"predecessor-version":[{"id":70593,"href":"https:\/\/mister.forex\/pt_br\/wp-json\/wp\/v2\/pages\/67137\/revisions\/70593"}],"wp:featuredmedia":[{"embeddable":true,"href":"https:\/\/mister.forex\/pt_br\/wp-json\/wp\/v2\/media\/46711"}],"wp:attachment":[{"href":"https:\/\/mister.forex\/pt_br\/wp-json\/wp\/v2\/media?parent=67137"}],"wp:term":[{"taxonomy":"post_tag","embeddable":true,"href":"https:\/\/mister.forex\/pt_br\/wp-json\/wp\/v2\/tags?post=67137"}],"curies":[{"name":"wp","href":"https:\/\/api.w.org\/{rel}","templated":true}]}}