{"id":67265,"date":"2026-03-08T21:50:21","date_gmt":"2026-03-08T13:50:21","guid":{"rendered":"https:\/\/mister.forex\/?page_id=67265"},"modified":"2026-04-22T08:37:32","modified_gmt":"2026-04-22T00:37:32","slug":"maximum-drawdown-mdd-investment-risk-guide","status":"publish","type":"page","link":"https:\/\/mister.forex\/pt_br\/maximum-drawdown-mdd-investment-risk-guide\/","title":{"rendered":"Perda de 50% exige 100% para recuperar? O segredo do MDD e gest\u00e3o de risco profissional"},"content":{"rendered":"<div data-elementor-type=\"wp-page\" data-elementor-id=\"67265\" class=\"elementor elementor-67265\" data-elementor-post-type=\"page\">\n\t\t\t\t<div class=\"elementor-element elementor-element-7776ca1 e-flex e-con-boxed e-con e-parent\" data-id=\"7776ca1\" data-element_type=\"container\">\n\t\t\t\t\t<div class=\"e-con-inner\">\n\t\t\t\t<div class=\"elementor-element elementor-element-3384b88 elementor-widget elementor-widget-heading\" data-id=\"3384b88\" data-element_type=\"widget\" data-widget_type=\"heading.default\">\n\t\t\t\t\t<h1 class=\"elementor-heading-title elementor-size-default\">A \"armadilha mortal\" da eros\u00e3o de ativos: por que traders pro focam no MDD e n\u00e3o no retorno?<\/h1>\t\t\t\t<\/div>\n\t\t\t\t<div class=\"elementor-element elementor-element-cc0096f elementor-widget elementor-widget-html translation-block\" data-id=\"cc0096f\" data-element_type=\"widget\" data-widget_type=\"html.default\"><span>\n<h2><strong>\ud83d\udccc Introdu\u00e7\u00e3o: A dist\u00e2ncia mais longa nos investimentos \u00e9 a dist\u00e2ncia para \"recuperar o capital\"<\/strong><\/h2>\nImagine aquele 1 milh\u00e3o que voc\u00ea trabalhou anos para economizar. Voc\u00ea o investe, mas o mercado sofre uma oscila\u00e7\u00e3o violenta e, em apenas duas semanas, ele encolhe para 700 mil.<br><br>\nEsses 300 mil que sumiram n\u00e3o s\u00e3o apenas n\u00fameros; eles podem representar a entrada da sua casa pr\u00f3pria, os estudos dos seus filhos ou o pre\u00e7o amargo de ter que adiar a aposentadoria por cinco anos. Essa enorme press\u00e3o psicol\u00f3gica muitas vezes leva as pessoas \u00e0 \"venda por p\u00e2nico\" no fundo do mercado, pouco antes da recupera\u00e7\u00e3o.<br><br>\nPergunte a um iniciante: \"Qual \u00e9 o seu objetivo?\", ele dir\u00e1: \"Ganhar 50% ao ano\".<br>\nMas pergunte a um trader profissional: \"O que voc\u00ea mais valoriza?\", ele certamente dir\u00e1: <strong>\"Drawdown M\u00e1ximo (Maximum Drawdown - MDD).\"<\/strong><br><br>\nPorque no mercado financeiro, <strong>sobreviver \u00e9 mais importante do que ganhar muito dinheiro rapidamente.<\/strong>\n<\/span><br><br>\n\n<span>\n<h2><strong>\ud83d\udccc O que \u00e9 Drawdown M\u00e1ximo (MDD)?<\/strong><\/h2>\nDe forma simples, o MDD \u00e9 a maior queda registrada de um <strong>\"Pico (Peak)\"<\/strong> at\u00e9 um <strong>\"Vale (Trough)\"<\/strong> em um determinado per\u00edodo, antes que um novo pico seja atingido.<br>\n<blockquote style=\"background-color: #f8fafc;border: 1px solid #2D4273;padding: 16px;margin: 20px 6px;color: #1e293b;border-radius: 6px;text-align: center\">\n    <strong>MDD = (Pre\u00e7o de Pico - Pre\u00e7o de Vale) \/ Pre\u00e7o de Pico<\/strong>\n<\/blockquote>\nAten\u00e7\u00e3o! Isso n\u00e3o significa \"quanto caiu hoje em rela\u00e7\u00e3o a ontem\", mas a dist\u00e2ncia do \"momento de gl\u00f3ria\" da sua conta at\u00e9 o seu \"pior momento\" subsequente. Enquanto o ativo n\u00e3o bater um novo recorde, a sombra psicol\u00f3gica dessa queda persistir\u00e1.<br><br>\nAl\u00e9m disso, investidores profissionais se preocupam mais com o <strong>\"Tempo de Recupera\u00e7\u00e3o (Recovery Time)\"<\/strong> \u2014 quanto tempo leva para voltar ao ponto inicial? As estrat\u00e9gias mais fortes n\u00e3o apenas caem menos, mas tamb\u00e9m \"se recuperam r\u00e1pido\".\n<\/span><br><br>\n\n<span>\n<h2><strong>\ud83d\udccc A verdade cruel da matem\u00e1tica: Por que n\u00fameros maiores s\u00e3o mais dif\u00edceis de recuperar?<\/strong><\/h2>\nMuitos pensam: \"Uma queda de 50% n\u00e3o tem problema, \u00e9 s\u00f3 eu ganhar 50% de novo e pronto.\"<br>\nEste \u00e9 o erro matem\u00e1tico mais fatal nos investimentos!<br><br>\nQuando seu capital encolhe, voc\u00ea precisa usar uma \"base menor\" para gerar um \"ganho percentual maior\" apenas para voltar ao zero. Isso \u00e9 conhecido como <strong>assimetria entre ganhos e perdas<\/strong>:<br><br>\n\n<div style=\"margin-bottom: 25px\">\n    <table style=\"width: 100%;min-width: 500px;border-collapse: separate;border-spacing: 0;border: 1px solid #2D4273;border-radius: 6px;text-align: center;font-family: 'Inter', sans-serif;overflow: hidden\">\n        <thead>\n            <tr style=\"background-color: #2D4273;color: #ffffff\">\n                <th style=\"padding: 15px;border-right: 1px solid #ffffff;border-bottom: 1px solid #2D4273\"><strong>Perda da Conta (MDD)<\/strong><\/th>\n                <th style=\"padding: 15px;border-right: 1px solid #ffffff;border-bottom: 1px solid #2D4273\"><strong>Alta necess\u00e1ria para recuperar<\/strong><\/th>\n                <th style=\"padding: 15px;border-bottom: 1px solid #2D4273\"><strong>Avalia\u00e7\u00e3o de Dificuldade<\/strong><\/th>\n            <\/tr>\n        <\/thead>\n        <tbody>\n            <tr>\n                <td style=\"padding: 15px;border-right: 1px solid #2D4273;border-bottom: 1px solid #2D4273\">-10%<\/td>\n                <td style=\"padding: 15px;border-right: 1px solid #2D4273;border-bottom: 1px solid #2D4273\">+11%<\/td>\n                <td style=\"padding: 15px;border-bottom: 1px solid #2D4273\">Recupera\u00e7\u00e3o f\u00e1cil<\/td>\n            <\/tr>\n            <tr>\n                <td style=\"padding: 15px;border-right: 1px solid #2D4273;border-bottom: 1px solid #2D4273\">-20%<\/td>\n                <td style=\"padding: 15px;border-right: 1px solid #2D4273;border-bottom: 1px solid #2D4273\">+25%<\/td>\n                <td style=\"padding: 15px;border-bottom: 1px solid #2D4273\">Aceit\u00e1vel<\/td>\n            <\/tr>\n            <tr>\n                <td style=\"padding: 15px;border-right: 1px solid #2D4273;border-bottom: 1px solid #2D4273\">-30%<\/td>\n                <td style=\"padding: 15px;border-right: 1px solid #2D4273;border-bottom: 1px solid #2D4273\">+43%<\/td>\n                <td style=\"padding: 15px;border-bottom: 1px solid #2D4273\">Come\u00e7a a ficar dif\u00edcil<\/td>\n            <\/tr>\n            <tr style=\"background-color: #fffafa\">\n                <td style=\"padding: 15px;border-right: 1px solid #2D4273;border-bottom: 1px solid #2D4273\"><strong style=\"color: #db473e\">-50%<\/strong><\/td>\n                <td style=\"padding: 15px;border-right: 1px solid #2D4273;border-bottom: 1px solid #2D4273\"><strong style=\"color: #db473e\">+100%<\/strong><\/td>\n                <td style=\"padding: 15px;border-bottom: 1px solid #2D4273\"><strong style=\"color: #db473e\">Dobro de Dificuldade (Extremo)<\/strong><\/td>\n            <\/tr>\n            <tr>\n                <td style=\"padding: 15px;border-right: 1px solid #2D4273;border-bottom: 1px solid #2D4273\">-70%<\/td>\n                <td style=\"padding: 15px;border-right: 1px solid #2D4273;border-bottom: 1px solid #2D4273\">+233%<\/td>\n                <td style=\"padding: 15px;border-bottom: 1px solid #2D4273\">Quase imposs\u00edvel<\/td>\n            <\/tr>\n            <tr>\n                <td style=\"padding: 15px;border-right: 1px solid #2D4273\">-90%<\/td>\n                <td style=\"padding: 15px;border-right: 1px solid #2D4273\">+900%<\/td>\n                <td style=\"padding: 15px\">Recomendado realocar ativos<\/td>\n            <\/tr>\n        <\/tbody>\n    <\/table>\n<\/div>\n\n<strong>Conclus\u00e3o:<\/strong> No mundo dos investimentos, as perdas crescem de forma linear, mas a dificuldade de recuperar sobe de forma <strong>exponencial<\/strong>. Quando o MDD atinge 50%, voc\u00ea n\u00e3o precisa de uma estrat\u00e9gia \u2014 voc\u00ea precisa de um milagre (+100% de alta) apenas para voltar ao ponto de partida.\n<\/span><br><br>\n\n<span>\n<h2><strong>\ud83d\udccc Por que o MDD define o teto da sua riqueza<\/strong><\/h2>\n<ul>\n    <li><strong>Decide se voc\u00ea ser\u00e1 \"expulso do jogo\":<\/strong> O MDD mede o limite de toler\u00e2ncia psicol\u00f3gica. Quando a conta encolhe drasticamente, mecanismos de defesa do c\u00e9rebro entram em a\u00e7\u00e3o, o que muitas vezes leva a decis\u00f5es irracionais. Se voc\u00ea n\u00e3o suporta um drawdown de 30%, n\u00e3o conseguir\u00e1 manter o ativo por tempo suficiente para v\u00ea-lo valorizar 10 vezes.<\/li><br>\n\n    <li><strong>Destr\u00f3i a magia dos juros compostos:<\/strong> Os juros compostos precisam de tempo, e drawdowns severos s\u00e3o \"abismos\" nesse caminho. Um crescimento est\u00e1vel de 10% ao ano \u00e9 fant\u00e1stico, mas um \u00fanico ano com um MDD de 50% significa que voc\u00ea desperdi\u00e7a anos apenas para \"voltar ao zero\" \u2014 uma perda do seu recurso mais valioso: o tempo.<\/li><br>\n\n    <li><strong>\u00c9 a alma do \"\u00cdndice Calmar\":<\/strong> \u00cdndice de Calmar = Retorno Anualizado \/ Drawdown M\u00e1ximo. Se voc\u00ea ignora o MDD, o retorno (CAGR) \u00e9 apenas apar\u00eancia. Um ativo com 100% de retorno, mas 80% de MDD, \u00e9 basicamente uma aposta perigosa pronta para ruir, n\u00e3o um investimento.<\/li>\n<\/ul>\n<\/span><br>\n\n<span>\n<h2><strong>\ud83d\udccc Como lidar com o MDD? Da \"resili\u00eancia emocional\" para a \"gest\u00e3o de risco cient\u00edfica\"<\/strong><\/h2>\nJ\u00e1 que o MDD \u00e9 t\u00e3o tem\u00edvel, como enfrent\u00e1-lo? O tradicional \"comprar e segurar\" (buy and hold) muitas vezes falha quando a for\u00e7a de vontade \u00e9 testada durante uma queda de 50%. \u00c9 por isso que os profissionais migram para estrat\u00e9gias quantitativas:<br><br>\n<ul>\n  <li><strong>Mecanismos de stop-loss automatizados:<\/strong> Algoritmos reduzem as posi\u00e7\u00f5es antes que o risco escale, contornando a gan\u00e2ncia e a hesita\u00e7\u00e3o humana.<\/li><br>\n  <li><strong>Curvas de recupera\u00e7\u00e3o din\u00e2micas:<\/strong> Sistemas profissionais (como Alpha Gold ou Quant Matrix) focam em travar o MDD em um intervalo controlado, em vez de perseguir um lucro gigante pontual.<\/li><br>\n  <li><strong>Encurtando o tempo de recupera\u00e7\u00e3o:<\/strong> Uso de hedge ou rebalanceamento din\u00e2mico para permitir que os ativos batam novos recordes de forma mais eficiente ap\u00f3s uma recupera\u00e7\u00e3o do mercado.<\/li>\n<\/ul>\n<\/span><br>\n\n<span>\n<h2><strong>\ud83d\udccc Conclus\u00e3o: Controle o risco, e o lucro vir\u00e1 naturalmente<\/strong><\/h2>\nA lenda dos investimentos George Soros disse uma vez: \"<strong>Sobreviva primeiro, e ganhe dinheiro depois.<\/strong>\"<br><br>\nNa pr\u00f3xima vez que voc\u00ea avaliar um investimento, n\u00e3o olhe apenas os retornos passados. Verifique primeiro o \"Drawdown M\u00e1ximo\". Se aquele n\u00famero te fizer perder o sono, ent\u00e3o retornos altos n\u00e3o s\u00e3o para voc\u00ea.<br><br>\n<strong>Lembre-se: O lucro que voc\u00ea consegue manter e com o qual consegue dormir tranquilo \u00e9 a verdadeira riqueza.<\/strong>\n<\/span><\/div>\n\t\t\t\t<div class=\"elementor-element elementor-element-6655aec elementor-icon-list--layout-inline elementor-list-item-link-inline elementor-widget elementor-widget-icon-list\" data-id=\"6655aec\" data-element_type=\"widget\" data-widget_type=\"icon-list.default\">\n\t\t\t\t\t\t\t<ul class=\"elementor-icon-list-items elementor-inline-items\">\n\t\t\t\t\t\t\t<li class=\"elementor-icon-list-item elementor-inline-item\">\n\t\t\t\t\t\t\t\t\t\t\t<a href=\"https:\/\/mister.forex\/pt_br\/alpha-gold\/\">\n\n\t\t\t\t\t\t\t\t\t\t\t\t<span class=\"elementor-icon-list-icon\">\n\t\t\t\t\t\t\t<svg aria-hidden=\"true\" class=\"e-font-icon-svg e-far-check-circle\" viewbox=\"0 0 512 512\" xmlns=\"http:\/\/www.w3.org\/2000\/svg\"><path d=\"M256 8C119.033 8 8 119.033 8 256s111.033 248 248 248 248-111.033 248-248S392.967 8 256 8zm0 48c110.532 0 200 89.451 200 200 0 110.532-89.451 200-200 200-110.532 0-200-89.451-200-200 0-110.532 89.451-200 200-200m140.204 130.267l-22.536-22.718c-4.667-4.705-12.265-4.736-16.97-.068L215.346 303.697l-59.792-60.277c-4.667-4.705-12.265-4.736-16.97-.069l-22.719 22.536c-4.705 4.667-4.736 12.265-.068 16.971l90.781 91.516c4.667 4.705 12.265 4.736 16.97.068l172.589-171.204c4.704-4.668 4.734-12.266.067-16.971z\"><\/path><\/svg>\t\t\t\t\t\t<\/span>\n\t\t\t\t\t\t\t\t\t\t<span class=\"elementor-icon-list-text\">Ver desempenho real do Alpha Gold<\/span>\n\t\t\t\t\t\t\t\t\t\t\t<\/a>\n\t\t\t\t\t\t\t\t\t<\/li>\n\t\t\t\t\t\t<\/ul>\n\t\t\t\t\t\t<\/div>\n\t\t\t\t<div class=\"elementor-element elementor-element-dfa00c2 elementor-widget elementor-widget-heading\" data-id=\"dfa00c2\" data-element_type=\"widget\" data-widget_type=\"heading.default\">\n\t\t\t\t\t<span class=\"elementor-heading-title elementor-size-default\">(Ideal para investidores que buscam crescimento explosivo e preferem negociar ouro)<\/span>\t\t\t\t<\/div>\n\t\t\t\t<div class=\"elementor-element elementor-element-db8dcde elementor-icon-list--layout-inline elementor-list-item-link-inline elementor-widget elementor-widget-icon-list\" data-id=\"db8dcde\" data-element_type=\"widget\" data-widget_type=\"icon-list.default\">\n\t\t\t\t\t\t\t<ul class=\"elementor-icon-list-items elementor-inline-items\">\n\t\t\t\t\t\t\t<li class=\"elementor-icon-list-item elementor-inline-item\">\n\t\t\t\t\t\t\t\t\t\t\t<a href=\"https:\/\/mister.forex\/pt_br\/quant-matrix\/\">\n\n\t\t\t\t\t\t\t\t\t\t\t\t<span class=\"elementor-icon-list-icon\">\n\t\t\t\t\t\t\t<svg aria-hidden=\"true\" class=\"e-font-icon-svg e-far-check-circle\" viewbox=\"0 0 512 512\" xmlns=\"http:\/\/www.w3.org\/2000\/svg\"><path d=\"M256 8C119.033 8 8 119.033 8 256s111.033 248 248 248 248-111.033 248-248S392.967 8 256 8zm0 48c110.532 0 200 89.451 200 200 0 110.532-89.451 200-200 200-110.532 0-200-89.451-200-200 0-110.532 89.451-200 200-200m140.204 130.267l-22.536-22.718c-4.667-4.705-12.265-4.736-16.97-.068L215.346 303.697l-59.792-60.277c-4.667-4.705-12.265-4.736-16.97-.069l-22.719 22.536c-4.705 4.667-4.736 12.265-.068 16.971l90.781 91.516c4.667 4.705 12.265 4.736 16.97.068l172.589-171.204c4.704-4.668 4.734-12.266.067-16.971z\"><\/path><\/svg>\t\t\t\t\t\t<\/span>\n\t\t\t\t\t\t\t\t\t\t<span class=\"elementor-icon-list-text\">Ver desempenho real do Quant Matrix<\/span>\n\t\t\t\t\t\t\t\t\t\t\t<\/a>\n\t\t\t\t\t\t\t\t\t<\/li>\n\t\t\t\t\t\t<\/ul>\n\t\t\t\t\t\t<\/div>\n\t\t\t\t<div class=\"elementor-element elementor-element-31472a2 elementor-widget elementor-widget-heading\" data-id=\"31472a2\" data-element_type=\"widget\" data-widget_type=\"heading.default\">\n\t\t\t\t\t<span class=\"elementor-heading-title elementor-size-default\">(Ideal para investidores que buscam estabilidade e crescimento consistente da conta)<\/span>\t\t\t\t<\/div>\n\t\t\t\t\t<\/div>\n\t\t\t\t<\/div>\n\t\t\t\t<\/div>","protected":false},"excerpt":{"rendered":"<p>Descubra a \"armadilha mortal\" da eros\u00e3o de ativos: o Maximum Drawdown (MDD). Por que uma queda de 50% exige uma alta de 100% para recuperar? Este artigo analisa o MDD, a assimetria de ganhos e perdas e a destrui\u00e7\u00e3o dos juros compostos. Saiba como profissionais usam estrat\u00e9gias quantitativas para controlar riscos e proteger seu patrim\u00f4nio.<\/p>","protected":false},"author":1,"featured_media":67304,"parent":0,"menu_order":0,"comment_status":"closed","ping_status":"closed","template":"","meta":{"footnotes":""},"tags":[128],"class_list":["post-67265","page","type-page","status-publish","has-post-thumbnail","hentry","tag-no-google"],"_links":{"self":[{"href":"https:\/\/mister.forex\/pt_br\/wp-json\/wp\/v2\/pages\/67265","targetHints":{"allow":["GET"]}}],"collection":[{"href":"https:\/\/mister.forex\/pt_br\/wp-json\/wp\/v2\/pages"}],"about":[{"href":"https:\/\/mister.forex\/pt_br\/wp-json\/wp\/v2\/types\/page"}],"author":[{"embeddable":true,"href":"https:\/\/mister.forex\/pt_br\/wp-json\/wp\/v2\/users\/1"}],"replies":[{"embeddable":true,"href":"https:\/\/mister.forex\/pt_br\/wp-json\/wp\/v2\/comments?post=67265"}],"version-history":[{"count":3,"href":"https:\/\/mister.forex\/pt_br\/wp-json\/wp\/v2\/pages\/67265\/revisions"}],"predecessor-version":[{"id":70590,"href":"https:\/\/mister.forex\/pt_br\/wp-json\/wp\/v2\/pages\/67265\/revisions\/70590"}],"wp:featuredmedia":[{"embeddable":true,"href":"https:\/\/mister.forex\/pt_br\/wp-json\/wp\/v2\/media\/67304"}],"wp:attachment":[{"href":"https:\/\/mister.forex\/pt_br\/wp-json\/wp\/v2\/media?parent=67265"}],"wp:term":[{"taxonomy":"post_tag","embeddable":true,"href":"https:\/\/mister.forex\/pt_br\/wp-json\/wp\/v2\/tags?post=67265"}],"curies":[{"name":"wp","href":"https:\/\/api.w.org\/{rel}","templated":true}]}}