{"id":71696,"date":"2026-05-11T22:06:37","date_gmt":"2026-05-11T14:06:37","guid":{"rendered":"https:\/\/mister.forex\/?page_id=71696"},"modified":"2026-05-12T18:38:30","modified_gmt":"2026-05-12T10:38:30","slug":"dollar-cost-averaging-calculator","status":"publish","type":"page","link":"https:\/\/mister.forex\/pt_br\/dollar-cost-averaging-calculator\/","title":{"rendered":"Economizar um caf\u00e9 por dia? Calculadora de Investimento Mensal: O Poder do Tempo"},"content":{"rendered":"<div data-elementor-type=\"wp-page\" data-elementor-id=\"71696\" class=\"elementor elementor-71696\" data-elementor-post-type=\"page\">\n\t\t\t\t<div class=\"elementor-element elementor-element-f2bbbc7 e-flex e-con-boxed e-con e-parent\" data-id=\"f2bbbc7\" data-element_type=\"container\" data-settings=\"{&quot;background_background&quot;:&quot;classic&quot;}\">\n\t\t\t\t\t<div class=\"e-con-inner\">\n\t\t\t\t<div class=\"elementor-element elementor-element-3a2226b elementor-widget elementor-widget-heading\" data-id=\"3a2226b\" data-element_type=\"widget\" data-widget_type=\"heading.default\">\n\t\t\t\t\t<h1 class=\"elementor-heading-title elementor-size-default\">Crescimento Constante: Calculadora de Investimento Mensal<\/h1>\t\t\t\t<\/div>\n\t\t\t\t<div class=\"elementor-element elementor-element-6559834 elementor-widget elementor-widget-html translation-block\" data-id=\"6559834\" data-element_type=\"widget\" data-widget_type=\"html.default\"><span>\n\"Pouco dinheiro?\" Sim, voc\u00ea pode investir. O segredo do investimento mensal \u00e9 a consist\u00eancia, n\u00e3o o valor. Ele equilibra as oscila\u00e7\u00f5es do mercado e ajuda a construir patrim\u00f4nio mesmo em momentos de baixa.<br><br>\n\nPara gerir riscos, o <strong>Mr.Forex<\/strong> prioriza expectativas est\u00e1veis e a prote\u00e7\u00e3o do seu capital. Veja como pequenos passos regulares somados ao tempo podem transformar seu futuro financeiro.\n<\/span><\/div>\n\t\t\t\t<div class=\"elementor-element elementor-element-07656fb elementor-widget elementor-widget-template\" data-id=\"07656fb\" data-element_type=\"widget\" data-widget_type=\"template.default\">\n\t\t\t\t<div class=\"elementor-widget-container\">\n\t\t\t\t\t\t\t<div class=\"elementor-template\">\n\t\t\t\t\t<div data-elementor-type=\"container\" data-elementor-id=\"71597\" class=\"elementor elementor-71597\" data-elementor-post-type=\"elementor_library\">\n\t\t\t\t<div class=\"elementor-element elementor-element-90d7cbe e-con-full e-grid e-con e-child\" data-id=\"90d7cbe\" data-element_type=\"container\" data-settings=\"{&quot;background_background&quot;:&quot;classic&quot;}\">\n\t\t<div class=\"elementor-element elementor-element-1d03f7b3 e-con-full e-flex e-con e-child\" data-id=\"1d03f7b3\" data-element_type=\"container\">\n\t\t\t\t<div class=\"elementor-element elementor-element-4d291e57 elementor-widget elementor-widget-heading\" data-id=\"4d291e57\" data-element_type=\"widget\" data-widget_type=\"heading.default\">\n\t\t\t\t\t<span class=\"elementor-heading-title elementor-size-default\">Dep\u00f3sito Banc\u00e1rio<\/span>\t\t\t\t<\/div>\n\t\t\t\t<div class=\"elementor-element elementor-element-446eb41c elementor-widget elementor-widget-heading\" data-id=\"446eb41c\" data-element_type=\"widget\" data-widget_type=\"heading.default\">\n\t\t\t\t\t<span class=\"elementor-heading-title elementor-size-default\">1.5% - 1.8%<\/span>\t\t\t\t<\/div>\n\t\t\t\t<\/div>\n\t\t<div class=\"elementor-element elementor-element-755e67fa e-con-full e-flex e-con e-child\" data-id=\"755e67fa\" data-element_type=\"container\">\n\t\t\t\t<div class=\"elementor-element elementor-element-87015db elementor-widget elementor-widget-heading\" data-id=\"87015db\" data-element_type=\"widget\" data-widget_type=\"heading.default\">\n\t\t\t\t\t<span class=\"elementor-heading-title elementor-size-default\">\u00cdndices Globais<\/span>\t\t\t\t<\/div>\n\t\t\t\t<div class=\"elementor-element elementor-element-4227a4d9 elementor-widget elementor-widget-heading\" data-id=\"4227a4d9\" data-element_type=\"widget\" data-widget_type=\"heading.default\">\n\t\t\t\t\t<span class=\"elementor-heading-title elementor-size-default\">8% - 10%<\/span>\t\t\t\t<\/div>\n\t\t\t\t<\/div>\n\t\t<div class=\"elementor-element elementor-element-364a9bd3 e-con-full e-flex e-con e-child\" data-id=\"364a9bd3\" data-element_type=\"container\">\n\t\t\t\t<div class=\"elementor-element elementor-element-4036bb7e elementor-widget elementor-widget-heading\" data-id=\"4036bb7e\" data-element_type=\"widget\" data-widget_type=\"heading.default\">\n\t\t\t\t\t<span class=\"elementor-heading-title elementor-size-default\">Estrat\u00e9gia Mr.Forex<\/span>\t\t\t\t<\/div>\n\t\t\t\t<div class=\"elementor-element elementor-element-18e9964a elementor-widget elementor-widget-heading\" data-id=\"18e9964a\" data-element_type=\"widget\" data-widget_type=\"heading.default\">\n\t\t\t\t\t<span class=\"elementor-heading-title elementor-size-default\">12% +<\/span>\t\t\t\t<\/div>\n\t\t\t\t<\/div>\n\t\t\t\t<\/div>\n\t\t\t\t<\/div>\n\t\t\t\t<\/div>\n\t\t\t\t\t\t<\/div>\n\t\t\t\t<\/div>\n\t\t\t\t<div class=\"elementor-element elementor-element-0f584f8 elementor-widget elementor-widget-html\" data-id=\"0f584f8\" data-element_type=\"widget\" data-widget_type=\"html.default\">\n\t\t\t\t\t<div class=\"mr-forex-calc\" style=\"max-width:800px; margin:20px auto; padding:35px; background:#FFFFFF; border: 1px solid #E5E9F0; border-radius:20px; font-family: 'Inter', 'PingFang TC', sans-serif; box-shadow: 0 10px 30px rgba(21, 38, 77, 0.08);\">\n    \n    <div style=\"width:50px; height:4px; background:#FAB42C; margin-bottom:20px; border-radius:2px;\"><\/div>\n    \n    <h3 style=\"color:#15264D; margin:0 0 25px 0; font-size:1.2em; font-weight:700; letter-spacing:-0.5px;\">Calculadora de Investimento Mensal<\/h3>\n\n    <div style=\"margin-bottom:20px;\">\n        <label style=\"display:block; margin-bottom:8px; font-size:0.9em; color:#666666; font-weight:500;\">Investimento mensal<\/label>\n        <input type=\"number\" id=\"simpleP\" value=\"1000\" min=\"0\" step=\"100\" lang=\"en\" translate=\"no\" class=\"notranslate\" style=\"width:100%; padding:12px 15px; border:2px solid #F0F2F5; border-radius:8px; color:#15264D; font-size:1.1em; outline:none; transition:all 0.3s;\" onfocus=\"this.style.borderColor='#FAB42C'\" onblur=\"this.style.borderColor='#F0F2F5'\">\n    <\/div>\n\n    <div style=\"margin-bottom:20px;\">\n        <label style=\"display:block; margin-bottom:8px; font-size:0.9em; color:#666666; font-weight:500;\">Retorno Anual Est. (%)<\/label>\n        <input type=\"number\" id=\"simpleR\" value=\"12\" min=\"0\" step=\"0.5\" lang=\"en\" translate=\"no\" class=\"notranslate\" style=\"width:100%; padding:12px 15px; border:2px solid #F0F2F5; border-radius:8px; color:#15264D; font-size:1.1em; outline:none;\" onfocus=\"this.style.borderColor='#FAB42C'\" onblur=\"this.style.borderColor='#F0F2F5'\">\n    <\/div>\n\n    <div style=\"margin-bottom:25px;\">\n        <label style=\"display:block; margin-bottom:8px; font-size:0.9em; color:#666666; font-weight:500;\">Prazo (Anos)<\/label>\n        <input type=\"number\" id=\"simpleY\" value=\"10\" min=\"0\" step=\"1\" lang=\"en\" translate=\"no\" class=\"notranslate\" style=\"width:100%; padding:12px 15px; border:2px solid #F0F2F5; border-radius:8px; color:#15264D; font-size:1.1em; outline:none;\" onfocus=\"this.style.borderColor='#FAB42C'\" onblur=\"this.style.borderColor='#F0F2F5'\">\n    <\/div>\n\n    <button onclick=\"calcSimpleDCA()\" style=\"background:#15264D; color:#FFFFFF; border:none; padding:15px; width:100%; border-radius:8px; cursor:pointer; font-weight:700; font-size:1.1em; transition: 0.3s; box-shadow: 0 4px 12px rgba(21, 38, 77, 0.2);\" onmouseover=\"this.style.background='#FAB42C'; this.style.color='#15264D'\" onmouseout=\"this.style.background='#15264D'; this.style.color='#FFFFFF'\">\n        Calcular\n    <\/button>\n    \n    <div id=\"simpleResultBox\" style=\"margin-top:25px; display:none; background:#F8FAFC; border-radius:12px; padding:20px; text-align:center;\">\n        <p style=\"color:#666666; font-size:0.9em; margin:0 0 5px 0;\">Valor Total Estimado<\/p>\n        <div id=\"simpleResult\" translate=\"no\" class=\"notranslate\" style=\"font-size:1.8em; color:#15264D; font-weight:700;\"><\/div>\n    <\/div>\n\n    <div id=\"simpleTableContainer\" style=\"margin-top:25px; max-height:400px; overflow-y:auto; display:none; border: 1px solid #F0F2F5; border-radius:10px;\">\n        <table style=\"width:100%; border-collapse: collapse; font-size: 0.85em; text-align: center;\">\n            <thead style=\"position: sticky; top: 0; z-index: 1;\">\n                <tr style=\"background-color: #15264D; color: #FFFFFF;\">\n                    <th style=\"padding: 12px; font-weight: 600;\">Ano<\/th>\n                    <th style=\"padding: 12px; font-weight: 600;\">Total Investido<\/th>\n                    <th style=\"padding: 12px; font-weight: 600;\">Valor Final<\/th>\n                <\/tr>\n            <\/thead>\n            <tbody id=\"simpleTableBody\" translate=\"no\" class=\"notranslate\" style=\"color:#4A5568;\">\n            <\/tbody>\n        <\/table>\n    <\/div>\n<\/div>\n\n<script>\nfunction calcSimpleDCA(){\n    \/\/ \u7372\u53d6\u8f38\u5165\u4e26\u78ba\u4fdd\u4e0d\u5c0f\u65bc 0\n    const M = Math.max(0, parseFloat(document.getElementById('simpleP').value));\n    const r_input = Math.max(0, parseFloat(document.getElementById('simpleR').value));\n    const years = Math.max(0, parseInt(document.getElementById('simpleY').value));\n    \n    if(isNaN(M) || isNaN(r_input) || isNaN(years)) return;\n\n    const r_annual = r_input \/ 100;\n    const r_monthly = r_annual \/ 12;\n\n    let currentBalance = 0;\n    let totalInvested = 0;\n    let tableHtml = \"\";\n\n    for(let y = 1; y <= years; y++) {\n        for(let m = 1; m <= 12; m++) {\n            \/\/ \u6bcf\u6708\u6708\u521d\u6295\u5165\u4e26\u8a08\u606f\n            currentBalance = (currentBalance + M) * (1 + r_monthly);\n            totalInvested += M;\n        }\n        \/\/ \u8868\u683c\u5167\u7684\u6578\u5b57\u540c\u6a23\u900f\u904e toLocaleString('en-US') \u683c\u5f0f\u5316\n        tableHtml += `<tr style=\"border-bottom: 1px solid #F0F2F5;\">\n            <td style=\"padding: 12px; font-weight:500; color:#666666;\">${y}<\/td>\n            <td style=\"padding: 12px;\">${Math.round(totalInvested).toLocaleString('en-US')}<\/td>\n            <td style=\"padding: 12px; color:#15264D; font-weight:700;\">${Math.round(currentBalance).toLocaleString('en-US')}<\/td>\n        <\/tr>`;\n    }\n\n    \/\/ \u986f\u793a\u7d50\u679c\u5340\u57df\u4e26\u6307\u5b9a 'en-US' \u683c\u5f0f\n    document.getElementById('simpleResultBox').style.display = \"block\";\n    document.getElementById('simpleResult').innerText = Math.round(currentBalance).toLocaleString('en-US');\n    \n    \/\/ \u986f\u793a\u8868\u683c\u5340\u57df\n    document.getElementById('simpleTableBody').innerHTML = tableHtml;\n    document.getElementById('simpleTableContainer').style.display = \"block\";\n}\n<\/script>\t\t\t\t<\/div>\n\t\t\t\t<div class=\"elementor-element elementor-element-05530e1 elementor-hidden-desktop elementor-hidden-tablet elementor-hidden-mobile elementor-widget elementor-widget-html\" data-id=\"05530e1\" data-element_type=\"widget\" data-widget_type=\"html.default\">\n\t\t\t\t\t<div class=\"mr-forex-calc\" style=\"max-width:800px; margin:20px auto; padding:35px; background:#FFFFFF; border: 1px solid #E5E9F0; border-radius:20px; font-family: 'Inter', 'PingFang TC', sans-serif; box-shadow: 0 10px 30px rgba(21, 38, 77, 0.08);\">\n    \n    <div style=\"width:50px; height:4px; background:#FAB42C; margin-bottom:20px; border-radius:2px;\"><\/div>\n    \n    <h3 style=\"color:#15264D; margin:0 0 25px 0; font-size:1.2em; font-weight:700; letter-spacing:-0.5px;\">Calculadora de Investimento Mensal<\/h3>\n\n    <div style=\"margin-bottom:20px;\">\n        <label style=\"display:block; margin-bottom:8px; font-size:0.9em; color:#666666; font-weight:500;\">Investimento mensal<\/label>\n        <input type=\"number\" id=\"simpleP\" value=\"1000\" min=\"0\" step=\"100\" style=\"width:100%; padding:12px 15px; border:2px solid #F0F2F5; border-radius:8px; color:#15264D; font-size:1.1em; outline:none; transition:all 0.3s;\" onfocus=\"this.style.borderColor='#FAB42C'\" onblur=\"this.style.borderColor='#F0F2F5'\">\n    <\/div>\n\n    <div style=\"margin-bottom:20px;\">\n        <label style=\"display:block; margin-bottom:8px; font-size:0.9em; color:#666666; font-weight:500;\">Retorno Anual Est. (%)<\/label>\n        <input type=\"number\" id=\"simpleR\" value=\"12\" min=\"0\" step=\"0.5\" style=\"width:100%; padding:12px 15px; border:2px solid #F0F2F5; border-radius:8px; color:#15264D; font-size:1.1em; outline:none;\" onfocus=\"this.style.borderColor='#FAB42C'\" onblur=\"this.style.borderColor='#F0F2F5'\">\n    <\/div>\n\n    <div style=\"margin-bottom:25px;\">\n        <label style=\"display:block; margin-bottom:8px; font-size:0.9em; color:#666666; font-weight:500;\">Prazo (Anos)<\/label>\n        <input type=\"number\" id=\"simpleY\" value=\"10\" min=\"0\" step=\"1\" style=\"width:100%; padding:12px 15px; border:2px solid #F0F2F5; border-radius:8px; color:#15264D; font-size:1.1em; outline:none;\" onfocus=\"this.style.borderColor='#FAB42C'\" onblur=\"this.style.borderColor='#F0F2F5'\">\n    <\/div>\n\n    <button onclick=\"calcSimpleDCA()\" style=\"background:#15264D; color:#FFFFFF; border:none; padding:15px; width:100%; border-radius:8px; cursor:pointer; font-weight:700; font-size:1.1em; transition: 0.3s; box-shadow: 0 4px 12px rgba(21, 38, 77, 0.2);\" onmouseover=\"this.style.background='#FAB42C'; this.style.color='#15264D'\" onmouseout=\"this.style.background='#15264D'; this.style.color='#FFFFFF'\">\n        Calcular\n    <\/button>\n    \n    <div id=\"simpleResultBox\" style=\"margin-top:25px; display:none; background:#F8FAFC; border-radius:12px; padding:20px; text-align:center;\">\n        <p style=\"color:#666666; font-size:0.9em; margin:0 0 5px 0;\">Valor Total Estimado<\/p>\n        <div id=\"simpleResult\" style=\"font-size:1.8em; color:#15264D; font-weight:700;\"><\/div>\n    <\/div>\n\n    <div id=\"simpleTableContainer\" style=\"margin-top:25px; max-height:400px; overflow-y:auto; display:none; border: 1px solid #F0F2F5; border-radius:10px;\">\n        <table style=\"width:100%; border-collapse: collapse; font-size: 0.85em; text-align: center;\">\n            <thead style=\"position: sticky; top: 0; z-index: 1;\">\n                <tr style=\"background-color: #15264D; color: #FFFFFF;\">\n                    <th style=\"padding: 12px; font-weight: 600;\">Ano<\/th>\n                    <th style=\"padding: 12px; font-weight: 600;\">Total Investido<\/th>\n                    <th style=\"padding: 12px; font-weight: 600;\">Valor Final<\/th>\n                <\/tr>\n            <\/thead>\n            <tbody id=\"simpleTableBody\" style=\"color:#4A5568;\">\n            <\/tbody>\n        <\/table>\n    <\/div>\n<\/div>\n\n<script>\nfunction calcSimpleDCA(){\n    \/\/ \u7372\u53d6\u8f38\u5165\u4e26\u78ba\u4fdd\u4e0d\u5c0f\u65bc 0\n    const M = Math.max(0, parseFloat(document.getElementById('simpleP').value));\n    const r_input = Math.max(0, parseFloat(document.getElementById('simpleR').value));\n    const years = Math.max(0, parseInt(document.getElementById('simpleY').value));\n    \n    if(isNaN(M) || isNaN(r_input) || isNaN(years)) return;\n\n    const r_annual = r_input \/ 100;\n    const r_monthly = r_annual \/ 12;\n\n    let currentBalance = 0;\n    let totalInvested = 0;\n    let tableHtml = \"\";\n\n    for(let y = 1; y <= years; y++) {\n        for(let m = 1; m <= 12; m++) {\n            \/\/ \u6bcf\u6708\u6708\u521d\u6295\u5165\u4e26\u8a08\u606f\n            currentBalance = (currentBalance + M) * (1 + r_monthly);\n            totalInvested += M;\n        }\n        tableHtml += `<tr style=\"border-bottom: 1px solid #F0F2F5;\">\n            <td style=\"padding: 12px; font-weight:500; color:#666666;\">${y}<\/td>\n            <td style=\"padding: 12px;\">${Math.round(totalInvested).toLocaleString()}<\/td>\n            <td style=\"padding: 12px; color:#15264D; font-weight:700;\">${Math.round(currentBalance).toLocaleString()}<\/td>\n        <\/tr>`;\n    }\n\n    \/\/ \u986f\u793a\u7d50\u679c\u5340\u57df\n    document.getElementById('simpleResultBox').style.display = \"block\";\n    document.getElementById('simpleResult').innerText = Math.round(currentBalance).toLocaleString();\n    \n    \/\/ \u986f\u793a\u8868\u683c\u5340\u57df\n    document.getElementById('simpleTableBody').innerHTML = tableHtml;\n    document.getElementById('simpleTableContainer').style.display = \"block\";\n}\n<\/script>\t\t\t\t<\/div>\n\t\t\t\t<div class=\"elementor-element elementor-element-a3a12a9 elementor-widget elementor-widget-html translation-block\" data-id=\"a3a12a9\" data-element_type=\"widget\" data-widget_type=\"html.default\"><span>\n<h2><strong>\ud83d\udca1 Investimento Mensal: O Poder da Consist\u00eancia<\/strong><\/h2>\nComece pequeno, fa\u00e7a aportes regulares e reinvista os rendimentos para que o tempo e os juros compostos acelerem seu crescimento.<br><br>\n    \n<strong>\u25cf L\u00f3gica de C\u00e1lculo:<\/strong><br>\n\n<code style=\"background:#EDF2F7;padding:2px 6px;border-radius:4px\">Valor Final = Investimento Mensal * [((1 + Taxa Mensal) ^ Total de Meses - 1) \/ Taxa Mensal] * (1 + Taxa Mensal)<\/code><br><br>\n\n<span style=\"font-size:0.9em\">*Nota: A diferen\u00e7a entre o Valor Final e o Total Investido \u00e9 a riqueza criada pelos juros compostos.<\/span>\n<\/span><\/div>\n\t\t\t\t<div class=\"elementor-element elementor-element-1b67111 elementor-widget-divider--view-line elementor-widget elementor-widget-divider\" data-id=\"1b67111\" data-element_type=\"widget\" data-widget_type=\"divider.default\">\n\t\t\t\t\t\t\t<div class=\"elementor-divider\">\n\t\t\t<span class=\"elementor-divider-separator\">\n\t\t\t\t\t\t<\/span>\n\t\t<\/div>\n\t\t\t\t\t\t<\/div>\n\t\t\t\t<div class=\"elementor-element elementor-element-5ce66a5 elementor-widget elementor-widget-html translation-block\" data-id=\"5ce66a5\" data-element_type=\"widget\" data-widget_type=\"html.default\"><span>\n<h2><strong>Defina seu Fundo de Liberdade<\/strong><\/h2>\nO investimento mensal \u00e9 a sua base. Como esse fundo sustentar\u00e1 seu or\u00e7amento mensal ap\u00f3s a aposentadoria?\n<\/span><\/div>\n\t\t\t\t<div class=\"elementor-element elementor-element-acb929c elementor-icon-list--layout-inline elementor-list-item-link-inline elementor-widget elementor-widget-icon-list\" data-id=\"acb929c\" data-element_type=\"widget\" data-widget_type=\"icon-list.default\">\n\t\t\t\t\t\t\t<ul class=\"elementor-icon-list-items elementor-inline-items\">\n\t\t\t\t\t\t\t<li class=\"elementor-icon-list-item elementor-inline-item\">\n\t\t\t\t\t\t\t\t\t\t\t<a href=\"https:\/\/mister.forex\/pt_br\/retire-early-plan\/\">\n\n\t\t\t\t\t\t\t\t\t\t\t\t<span class=\"elementor-icon-list-icon\">\n\t\t\t\t\t\t\t<svg aria-hidden=\"true\" class=\"e-font-icon-svg e-far-check-circle\" viewbox=\"0 0 512 512\" xmlns=\"http:\/\/www.w3.org\/2000\/svg\"><path d=\"M256 8C119.033 8 8 119.033 8 256s111.033 248 248 248 248-111.033 248-248S392.967 8 256 8zm0 48c110.532 0 200 89.451 200 200 0 110.532-89.451 200-200 200-110.532 0-200-89.451-200-200 0-110.532 89.451-200 200-200m140.204 130.267l-22.536-22.718c-4.667-4.705-12.265-4.736-16.97-.068L215.346 303.697l-59.792-60.277c-4.667-4.705-12.265-4.736-16.97-.069l-22.719 22.536c-4.705 4.667-4.736 12.265-.068 16.971l90.781 91.516c4.667 4.705 12.265 4.736 16.97.068l172.589-171.204c4.704-4.668 4.734-12.266.067-16.971z\"><\/path><\/svg>\t\t\t\t\t\t<\/span>\n\t\t\t\t\t\t\t\t\t\t<span class=\"elementor-icon-list-text\">Projetar Meu Estilo de Vida na Aposentadoria<\/span>\n\t\t\t\t\t\t\t\t\t\t\t<\/a>\n\t\t\t\t\t\t\t\t\t<\/li>\n\t\t\t\t\t\t<\/ul>\n\t\t\t\t\t\t<\/div>\n\t\t\t\t<div class=\"elementor-element elementor-element-3a26b86 elementor-widget elementor-widget-html translation-block\" data-id=\"3a26b86\" data-element_type=\"widget\" data-widget_type=\"html.default\"><span>\n<h2><strong>Alcan\u00e7ar Metas Mais R\u00e1pido? Tente \"Aporte \u00danico + Mensal\"<\/strong><\/h2>\nCombine um valor inicial com investimentos mensais regulares para maximizar sua acumula\u00e7\u00e3o de riqueza.\n<\/span><\/div>\n\t\t\t\t<div class=\"elementor-element elementor-element-2e4624c elementor-icon-list--layout-inline elementor-list-item-link-inline elementor-widget elementor-widget-icon-list\" data-id=\"2e4624c\" data-element_type=\"widget\" data-widget_type=\"icon-list.default\">\n\t\t\t\t\t\t\t<ul class=\"elementor-icon-list-items elementor-inline-items\">\n\t\t\t\t\t\t\t<li class=\"elementor-icon-list-item elementor-inline-item\">\n\t\t\t\t\t\t\t\t\t\t\t<a href=\"https:\/\/mister.forex\/pt_br\/compound-interest-accelerator\/\">\n\n\t\t\t\t\t\t\t\t\t\t\t\t<span class=\"elementor-icon-list-icon\">\n\t\t\t\t\t\t\t<svg aria-hidden=\"true\" class=\"e-font-icon-svg e-far-check-circle\" viewbox=\"0 0 512 512\" xmlns=\"http:\/\/www.w3.org\/2000\/svg\"><path d=\"M256 8C119.033 8 8 119.033 8 256s111.033 248 248 248 248-111.033 248-248S392.967 8 256 8zm0 48c110.532 0 200 89.451 200 200 0 110.532-89.451 200-200 200-110.532 0-200-89.451-200-200 0-110.532 89.451-200 200-200m140.204 130.267l-22.536-22.718c-4.667-4.705-12.265-4.736-16.97-.068L215.346 303.697l-59.792-60.277c-4.667-4.705-12.265-4.736-16.97-.069l-22.719 22.536c-4.705 4.667-4.736 12.265-.068 16.971l90.781 91.516c4.667 4.705 12.265 4.736 16.97.068l172.589-171.204c4.704-4.668 4.734-12.266.067-16.971z\"><\/path><\/svg>\t\t\t\t\t\t<\/span>\n\t\t\t\t\t\t\t\t\t\t<span class=\"elementor-icon-list-text\">Mudar para o Modo Acelerador de Juros Compostos<\/span>\n\t\t\t\t\t\t\t\t\t\t\t<\/a>\n\t\t\t\t\t\t\t\t\t<\/li>\n\t\t\t\t\t\t<\/ul>\n\t\t\t\t\t\t<\/div>\n\t\t\t\t\t<\/div>\n\t\t\t\t<\/div>\n\t\t\t\t<\/div>","protected":false},"excerpt":{"rendered":"<p>Pequenas quantias, grandes resultados. Use o investimento mensal e os juros compostos para construir patrim\u00f4nio. Calcule seu potencial agora.<\/p>","protected":false},"author":1,"featured_media":33201,"parent":0,"menu_order":0,"comment_status":"closed","ping_status":"closed","template":"","meta":{"footnotes":""},"tags":[128],"class_list":["post-71696","page","type-page","status-publish","has-post-thumbnail","hentry","tag-no-google"],"_links":{"self":[{"href":"https:\/\/mister.forex\/pt_br\/wp-json\/wp\/v2\/pages\/71696","targetHints":{"allow":["GET"]}}],"collection":[{"href":"https:\/\/mister.forex\/pt_br\/wp-json\/wp\/v2\/pages"}],"about":[{"href":"https:\/\/mister.forex\/pt_br\/wp-json\/wp\/v2\/types\/page"}],"author":[{"embeddable":true,"href":"https:\/\/mister.forex\/pt_br\/wp-json\/wp\/v2\/users\/1"}],"replies":[{"embeddable":true,"href":"https:\/\/mister.forex\/pt_br\/wp-json\/wp\/v2\/comments?post=71696"}],"version-history":[{"count":46,"href":"https:\/\/mister.forex\/pt_br\/wp-json\/wp\/v2\/pages\/71696\/revisions"}],"predecessor-version":[{"id":72319,"href":"https:\/\/mister.forex\/pt_br\/wp-json\/wp\/v2\/pages\/71696\/revisions\/72319"}],"wp:featuredmedia":[{"embeddable":true,"href":"https:\/\/mister.forex\/pt_br\/wp-json\/wp\/v2\/media\/33201"}],"wp:attachment":[{"href":"https:\/\/mister.forex\/pt_br\/wp-json\/wp\/v2\/media?parent=71696"}],"wp:term":[{"taxonomy":"post_tag","embeddable":true,"href":"https:\/\/mister.forex\/pt_br\/wp-json\/wp\/v2\/tags?post=71696"}],"curies":[{"name":"wp","href":"https:\/\/api.w.org\/{rel}","templated":true}]}}