{"id":16663,"date":"2024-05-09T10:16:13","date_gmt":"2024-05-09T02:16:13","guid":{"rendered":"http:\/\/192.168.0.254\/?page_id=16663"},"modified":"2026-04-02T23:19:33","modified_gmt":"2026-04-02T15:19:33","slug":"fibonacci-calculator","status":"publish","type":"page","link":"https:\/\/mister.forex\/ro\/tools\/fibonacci-calculator\/","title":{"rendered":"Calcul Fibonacci | Calculator Fibonacci \u00een timp real, pentru suport \u0219i rezisten\u021b\u0103"},"content":{"rendered":"<div data-elementor-type=\"wp-page\" data-elementor-id=\"16663\" class=\"elementor elementor-16663\" data-elementor-post-type=\"page\">\n\t\t\t\t<div class=\"elementor-element elementor-element-581b21e e-flex e-con-boxed e-con e-parent\" data-id=\"581b21e\" data-element_type=\"container\" data-settings=\"{&quot;background_background&quot;:&quot;classic&quot;}\">\n\t\t\t\t\t<div class=\"e-con-inner\">\n\t\t<div class=\"elementor-element elementor-element-96f071a e-flex e-con-boxed e-con e-child\" data-id=\"96f071a\" data-element_type=\"container\">\n\t\t\t\t\t<div class=\"e-con-inner\">\n\t\t\t\t<div class=\"elementor-element elementor-element-4b49364 elementor-widget elementor-widget-heading\" data-id=\"4b49364\" data-element_type=\"widget\" data-widget_type=\"heading.default\">\n\t\t\t\t\t<h1 class=\"elementor-heading-title elementor-size-default\">Calcul Fibonacci<\/h1>\t\t\t\t<\/div>\n\t\t\t\t<div class=\"elementor-element elementor-element-bb99fa7 elementor-widget elementor-widget-heading\" data-id=\"bb99fa7\" data-element_type=\"widget\" data-widget_type=\"heading.default\">\n\t\t\t\t\t<h2 class=\"elementor-heading-title elementor-size-default\">Calculator Fibonacci instantaneu, utilizat pentru suport \u0219i rezisten\u021b\u0103<\/h2>\t\t\t\t<\/div>\n\t\t\t\t\t<\/div>\n\t\t\t\t<\/div>\n\t\t\t\t<div class=\"elementor-element elementor-element-c391668 elementor-widget__width-inherit elementor-absolute elementor-widget elementor-widget-image\" data-id=\"c391668\" data-element_type=\"widget\" data-settings=\"{&quot;_position&quot;:&quot;absolute&quot;}\" data-widget_type=\"image.default\">\n\t\t\t\t\t\t\t\t\t\t\t\t\t\t\t<img fetchpriority=\"high\" decoding=\"async\" width=\"500\" height=\"281\" src=\"https:\/\/mister.forex\/wp-content\/uploads\/2024\/02\/9-500x281.webp\" class=\"attachment-medium size-medium wp-image-4081\" alt=\"\" srcset=\"https:\/\/mister.forex\/wp-content\/uploads\/2024\/02\/9-500x281.webp 500w, https:\/\/mister.forex\/wp-content\/uploads\/2024\/02\/9-600x337.webp 600w, https:\/\/mister.forex\/wp-content\/uploads\/2024\/02\/9-1200x675.webp 1200w, https:\/\/mister.forex\/wp-content\/uploads\/2024\/02\/9-300x169.webp 300w, https:\/\/mister.forex\/wp-content\/uploads\/2024\/02\/9-768x432.webp 768w, https:\/\/mister.forex\/wp-content\/uploads\/2024\/02\/9.webp 1366w\" sizes=\"(max-width: 500px) 100vw, 500px\" \/>\t\t\t\t\t\t\t\t\t\t\t\t\t\t\t<\/div>\n\t\t\t\t\t<\/div>\n\t\t\t\t<\/div>\n\t\t<div class=\"elementor-element elementor-element-2be8f0c e-flex e-con-boxed e-con e-parent\" data-id=\"2be8f0c\" data-element_type=\"container\">\n\t\t\t\t\t<div class=\"e-con-inner\">\n\t\t<div class=\"elementor-element elementor-element-da76163 e-con-full e-flex e-con e-child\" data-id=\"da76163\" data-element_type=\"container\">\n\t\t<div class=\"elementor-element elementor-element-e4ed029 e-con-full e-flex e-con e-child\" data-id=\"e4ed029\" data-element_type=\"container\">\n\t\t\t\t<div class=\"elementor-element elementor-element-18d29fb elementor-widget elementor-widget-text-editor\" data-id=\"18d29fb\" data-element_type=\"widget\" data-widget_type=\"text-editor.default\">\n\t\t\t\t\t\t\t\t\t<h2><strong>Instruc\u021biuni de utilizare<\/strong><\/h2><h3><strong>Op\u021biuni de introducere<\/strong><\/h3><p><strong><span style=\"text-decoration: underline;\">Direc\u021bia tendin\u021bei<\/span>:&nbsp;<\/strong>Alege\u021bi \u201e\u00een sus\u201d sau \u201e\u00een jos\u201d pentru a simula o tendin\u021b\u0103 ascendent\u0103 sau descendent\u0103.<\/p><p><strong><span style=\"text-decoration: underline;\">Retragerea \/ Proiectare<\/span>:&nbsp;<\/strong>Alege\u021bi \u201eRetragere\u201d pentru a calcula punctele de retragere a pre\u021bului \u00een tendin\u021b\u0103 sau alege\u021bi \u201ePreviziune\u201d pentru a calcula punctele \u021bint\u0103 ale pre\u021bului dup\u0103 o ruptur\u0103.<\/p><p><strong><span style=\"text-decoration: underline;\">Pre\u021b sc\u0103zut<\/span>:&nbsp;<\/strong>\u00centr-o tendin\u021b\u0103 ascendent\u0103, acesta este punctul minim de retragere a pre\u021bului. \u00centr-o tendin\u021b\u0103 descendent\u0103, acesta este punctul minim atins de pre\u021b.<\/p><p><strong><span style=\"text-decoration: underline;\">Pre\u021b ridicag<\/span>:&nbsp;<\/strong>\u00centr-o tendin\u021b\u0103 ascendent\u0103, acesta este punctul maxim atins de pre\u021b. \u00centr-o tendin\u021b\u0103 descendent\u0103, acesta este punctul maxim de rebondire al pre\u021bului.<\/p><p>\u203b <span style=\"text-decoration: underline;\"><strong>Pre\u021bul final<\/strong><\/span><strong>:&nbsp;<\/strong>Introduce\u021bi pre\u021bul \u021bint\u0103 a\u0219teptat. Acest num\u0103r este de obicei urm\u0103torul maxim sau minim pe care \u00eel prezici c\u0103 pre\u021bul \u00eel va atinge, \u00een func\u021bie de tendin\u021bele actuale ale pie\u021bei.<\/p>\t\t\t\t\t\t\t\t<\/div>\n\t\t\t\t<div class=\"elementor-element elementor-element-3e0b4e6 elementor-widget elementor-widget-text-editor\" data-id=\"3e0b4e6\" data-element_type=\"widget\" data-widget_type=\"text-editor.default\">\n\t\t\t\t\t\t\t\t\t<h3><strong>Pa\u0219i de operare<\/strong><\/h3><p>Alege\u021bi direc\u021bia tendin\u021bei. De exemplu, pentru a calcula nivelurile de retragere Fibonacci pentru EUR\/USD, alege\u021bi direc\u021bia tendin\u021bei \u201e\u00een sus\u201d.<\/p><p>Bifa\u021bi butonul radio \u201eRetragere\u201d pentru a indica calculatorului s\u0103 calculeze nivelurile de retragere.<\/p><p>Introduce\u021bi pre\u021bul minim \u0219i pre\u021bul maxim. De exemplu, pre\u021bul minim este 1.16653, iar pre\u021bul maxim este 1.20552.<\/p>\t\t\t\t\t\t\t\t<\/div>\n\t\t\t\t<div class=\"elementor-element elementor-element-4799a02 elementor-widget elementor-widget-text-editor\" data-id=\"4799a02\" data-element_type=\"widget\" data-widget_type=\"text-editor.default\">\n\t\t\t\t\t\t\t\t\t<h3><strong>Rezultatul calculului<\/strong><\/h3><p>Calcul Fibonacci va calcula \u0219i va afi\u0219a nivelurile de Retragere pentru perechea valutar\u0103. Aceste niveluri sunt ob\u021binute prin preluarea celor dou\u0103 puncte extreme ale comportamentului pre\u021bului Instrumentului (minimul sau maximul de volatilitate, sau simplu punctul A \u0219i punctul B) \u0219i \u00eemp\u0103r\u021bind distan\u021ba vertical\u0103 la raporturile cheie Fibonacci 23.6%, 38.2%, 50%, 61.8% pentru a le crea.<\/p><p>De exemplu, \u00een trendul ascendent, fluctua\u021bia minim\u0103 a euro\/dolarului (Punctul A) este 1.16653, iar pre\u021bul cre\u0219te p\u00e2n\u0103 la punctul maxim 1.20552 (Punctul B). Dup\u0103 introducerea acestor date, calculatorul va afi\u0219a nivelurile de retragere Fibonacci pentru fiecare nivel de retragere.<\/p><p>\u00cen mod implicit, calculatorul va afi\u0219a nivelurile de retragere. Pentru nivelurile de prognoz\u0103 (extensie), traderii ar trebui s\u0103 completeze c\u00e2mpul \u201epre\u021b final\u201d, iar calculatorul va afi\u0219a mai multe niveluri de prognoz\u0103 posibile (maxim 161.8%).<\/p>\t\t\t\t\t\t\t\t<\/div>\n\t\t\t\t<div class=\"elementor-element elementor-element-353ada7 elementor-widget elementor-widget-text-editor\" data-id=\"353ada7\" data-element_type=\"widget\" data-widget_type=\"text-editor.default\">\n\t\t\t\t\t\t\t\t\t<h2><strong>Ce sunt nivelurile Fibonacci?<\/strong><\/h2><p>Nivelurile Fibonacci sunt o metod\u0103 comun\u0103 de analiz\u0103 a comportamentului pre\u021burilor pe pie\u021bele financiare. Nu este un raport sau un model de pre\u021buri misterios, ci un instrument de analiz\u0103 popular, a c\u0103rui utilitate depinde de gradul s\u0103u de auto\u00eemplinire.<\/p><p>Nivelurile Fibonacci au dou\u0103 tipuri principale:&nbsp;retragere \u0219i extensie. Nivelurile de retragere sunt utilizate dup\u0103 ce pre\u021bul atinge un nou maxim (tendin\u021b\u0103 ascendent\u0103) sau un nou minim (tendin\u021b\u0103 descendent\u0103) \u0219i atunci c\u00e2nd traderii consider\u0103 c\u0103 tendin\u021ba ar putea s\u0103 se \u00eencheie temporar. Nivelurile de retragere Fibonacci apar atunci c\u00e2nd pia\u021ba \u00eencepe s\u0103 se ajusteze sau s\u0103 se consolideze.<\/p><p><strong>Principalele niveluri de retragere Fibonacci includ 0.236, 0.382, 0.500, 0.618 \u0219i 0.764.<\/strong><\/p><p>Pe de alt\u0103 parte, nivelurile de extensie Fibonacci sunt utilizate pentru a prezice c\u00e2t de mult pre\u021bul ar putea dep\u0103\u0219i intervalul s\u0103u ini\u021bial \u0219i s\u0103 continue s\u0103 se mi\u0219te \u00een direc\u021bia tendin\u021bei. Pre\u021bul de pia\u021b\u0103 ar putea retrasa la un nivel de retragere Fibonacci \u0219i apoi s\u0103 continue s\u0103 se mi\u0219te \u00een direc\u021bia tendin\u021bei de baz\u0103, cre\u00e2nd noi maxime sau minime. Alternativ, dup\u0103 o perioad\u0103 de consolidare, ar putea continua s\u0103 se mi\u0219te \u00een direc\u021bia tendin\u021bei principale, f\u0103r\u0103 a atinge vreun nivel de retragere Fibonacci.<\/p><p><strong>Principalele niveluri de extensie Fibonacci includ 0.382, 0.618, 1.000, 1.382 \u0219i 1.618.<\/strong><\/p><p>La fel cum raportul de aur nu are reguli magice sau universale, nici raportul Fibonacci nu este astfel. Acestea sunt doar un raport interesant descoperit de matematicieni, care a fost ulterior adoptat de traderi.<\/p><p>Datorit\u0103 utiliz\u0103rii pe scar\u0103 larg\u0103 a raporturilor Fibonacci pe pie\u021bele globale, inclusiv de c\u0103tre unii traderi profesioni\u0219ti, mul\u021bi oameni vor cump\u0103ra \u0219i\/sau vinde la aceste niveluri, astfel \u00eenc\u00e2t nivelurile Fibonacci pot fi foarte eficiente.<\/p>\t\t\t\t\t\t\t\t<\/div>\n\t\t\t\t<\/div>\n\t\t<div class=\"elementor-element elementor-element-012fcfe e-con-full e-flex e-con e-child\" data-id=\"012fcfe\" data-element_type=\"container\">\n\t\t\t\t<div class=\"elementor-element elementor-element-af3faae elementor-widget__width-initial elementor-widget elementor-widget-html\" data-id=\"af3faae\" data-element_type=\"widget\" data-widget_type=\"html.default\">\n\t\t\t\t\t<div id=\"fibonacci-calculator-386315\"><script type=\"text\/javascript\" src=\"https:\/\/www.cashbackforex.com\/Content\/remote\/remote-widgets.js\"><\/script><script type=\"text\/javascript\"> RemoteCalc({\"Url\":\"https:\/\/www.cashbackforex.com\", \"TopPaneStyle\":\"YmFja2dyb3VuZDogbGluZWFyLWdyYWRpZW50KCNmZmYgMjAlLCAjZjVmNWY1IDQ1JSk7IGNvbG9yOiBibGFjazsgYm9yZGVyOiBzb2xpZCAxcHggI2FhYTsgYm9yZGVyLWJvdHRvbTogbm9uZTsg\",\"BottomPaneStyle\":\"YmFja2dyb3VuZDogI2YzZjNmMzsgYm9yZGVyOiBzb2xpZCAxcHggI2FhYTsgY29sb3I6IGJsYWNrOw==\",\"ButtonStyle\":\"YmFja2dyb3VuZDogIzM0MzU0MDsgY29sb3I6IHdoaXRlOyBib3JkZXItcmFkaXVzOiAyMHB4Ow==\",\"TitleStyle\":\"dGV4dC1hbGlnbjogbGVmdDsgZm9udC1zaXplOiAxNnB4OyBmb250LXdlaWdodDogNTAwOw==\",\"TextboxStyle\":\"YmFja2dyb3VuZC1jb2xvcjogd2hpdGU7IGNvbG9yOiBibGFjazsgYm9yZGVyOiBzb2xpZCAxcHggI2FhYWFhYQ==\",\"HighlightColor\":\"#ffff00\",\"IsDisplayTitle\":false,\"IsShowEmbedButton\":false,\"Lang\":wlang(),\"CompactType\":\"large\",\"Calculator\":\"fibonacci-calculator\",\"ContainerId\":\"fibonacci-calculator-386315\"});\n\nfunction wlang() {\n    \n\tvar lang = window.location.href;\n\n\tif (!lang) {\n\t\treturn 'en';\n\t}\n\n        if (lang.match('\/zh\/')) {\n\t\treturn 'zh';\n\n\t} else if (lang.match('\/hk\/')) {\n\t\treturn 'zh';\n\t\t\n\t} else if (lang.match('\/cn\/')) {\n\t\treturn 'zh';\n\t\t\n\t} else if (lang.match('\/en\/')) {\n\t\treturn 'en';\n\t\t\n\t} else if (lang.match('\/hi\/')) {\n\t\treturn 'en';\n\t\t\n\t} else if (lang.match('\/pt_br\/')) {\n\t\treturn 'pt';\n\t\t\n\t} else if (lang.match('\/ms\/')) {\n\t\treturn 'id';\n\t\t\n\t} else if (lang.match('\/es\/')) {\n\t\treturn 'es';\n\t\t\n\t} else if (lang.match('\/es_ar\/')) {\n\t\treturn 'es';\n\t\t\n\t} else if (lang.match('\/es_mx\/')) {\n\t\treturn 'es';\n\n\t} else if (lang.match('\/bn\/')) {\n\t\treturn 'en';\n\t\t\n\t} else if (lang.match('\/nb\/')) {\n\t\treturn 'en';\t\t\n\n\t} else if (lang.match('\/da\/')) {\n\t\treturn 'en';\n\t\t\n\t} else if (lang.match('\/nl\/')) {\n\t\treturn 'en';\n\t\t\n\t} else if (lang.match('\/sv\/')) {\n\t\treturn 'en';\n\t\t\n\t} else if (lang.match('\/uk\/')) {\n\t\treturn 'ru';\n\t\t\n\t} else if (lang.match('\/ur\/')) {\n\t\treturn 'en';\n\t\t\n\t} else if (lang.match('\/de\/')) {\n\t\treturn 'de';\n\t\t\n\t} else if (lang.match('\/fr\/')) {\n\t\treturn 'fr';\n\t\t\n\t} else if (lang.match('\/id\/')) {\n\t\treturn 'id';\n\t\t\n\t} else if (lang.match('\/it\/')) {\n\t\treturn 'it';\n\t\t\n\t} else if (lang.match('\/hu\/')) {\n\t\treturn 'hu';\n\t\t\n\t} else if (lang.match('\/pt\/')) {\n\t\treturn 'pt';\n\t\t\n\t} else if (lang.match('\/pl\/')) {\n\t\treturn 'pl';\n\t\t\n\t} else if (lang.match('\/ro\/')) {\n\t\treturn 'ro';\n\t\t\n\t} else if (lang.match('\/vi\/')) {\n\t\treturn 'vi';\n\t\t\n\t} else if (lang.match('\/tr\/')) {\n\t\treturn 'tr';\n\t\t\n\t} else if (lang.match('\/el\/')) {\n\t\treturn 'el';\n\t\t\n\t} else if (lang.match('\/ru\/')) {\n\t\treturn 'ru';\n\t\t\n\t} else if (lang.match('\/ar\/')) {\n\t\treturn 'ar';\n\t\t\n\t} else if (lang.match('\/th\/')) {\n\t\treturn 'th';\n\t\t\n\t} else if (lang.match('\/kr\/')) {\n\t\treturn 'ko';\n\t\t\n\t} else if (lang.match('\/jp\/')) {\n\t\treturn 'ja';\n\t\t\n\t} else if (lang.match('\/cs\/')) {\n\t\treturn 'cs';\n\t\t\n\t}else {\n\t\treturn 'zh';\n\t}\n}\n<\/script><\/div>\t\t\t\t<\/div>\n\t\t\t\t<\/div>\n\t\t\t\t<\/div>\n\t\t\t\t\t<\/div>\n\t\t\t\t<\/div>\n\t\t\t\t<\/div>","protected":false},"excerpt":{"rendered":"<p>Vrei s\u0103 prezici cu precizie tendin\u021bele pre\u021burilor pe pia\u021ba financiar\u0103? Calculul Fibonacci este cel mai bun asistent al t\u0103u! Indiferent dac\u0103 este vorba de Retragere sau Extindere, te putem ajuta s\u0103 calculezi cu u\u0219urin\u021b\u0103 nivelurile cheie Fibonacci. Afl\u0103 cum s\u0103 folose\u0219ti aceste date pentru a dezvolta strategii de tranzac\u021bionare eficiente \u0219i asigur\u0103-te c\u0103 datele tale de pre\u021b sunt sincronizate cu pia\u021ba. F\u0103 clic pentru a citi articolul complet, st\u0103p\u00e2ne\u0219te mai multe tehnici de tranzac\u021bionare \u0219i \u00eembun\u0103t\u0103\u021be\u0219te-\u021bi rata de succes \u00een tranzac\u021bionare!<\/p>","protected":false},"author":1,"featured_media":23603,"parent":15462,"menu_order":0,"comment_status":"closed","ping_status":"closed","template":"","meta":{"footnotes":""},"tags":[128],"class_list":["post-16663","page","type-page","status-publish","has-post-thumbnail","hentry","tag-no-google"],"_links":{"self":[{"href":"https:\/\/mister.forex\/ro\/wp-json\/wp\/v2\/pages\/16663","targetHints":{"allow":["GET"]}}],"collection":[{"href":"https:\/\/mister.forex\/ro\/wp-json\/wp\/v2\/pages"}],"about":[{"href":"https:\/\/mister.forex\/ro\/wp-json\/wp\/v2\/types\/page"}],"author":[{"embeddable":true,"href":"https:\/\/mister.forex\/ro\/wp-json\/wp\/v2\/users\/1"}],"replies":[{"embeddable":true,"href":"https:\/\/mister.forex\/ro\/wp-json\/wp\/v2\/comments?post=16663"}],"version-history":[{"count":3,"href":"https:\/\/mister.forex\/ro\/wp-json\/wp\/v2\/pages\/16663\/revisions"}],"predecessor-version":[{"id":69196,"href":"https:\/\/mister.forex\/ro\/wp-json\/wp\/v2\/pages\/16663\/revisions\/69196"}],"up":[{"embeddable":true,"href":"https:\/\/mister.forex\/ro\/wp-json\/wp\/v2\/pages\/15462"}],"wp:featuredmedia":[{"embeddable":true,"href":"https:\/\/mister.forex\/ro\/wp-json\/wp\/v2\/media\/23603"}],"wp:attachment":[{"href":"https:\/\/mister.forex\/ro\/wp-json\/wp\/v2\/media?parent=16663"}],"wp:term":[{"taxonomy":"post_tag","embeddable":true,"href":"https:\/\/mister.forex\/ro\/wp-json\/wp\/v2\/tags?post=16663"}],"curies":[{"name":"wp","href":"https:\/\/api.w.org\/{rel}","templated":true}]}}