{"id":57412,"date":"2025-08-10T21:56:08","date_gmt":"2025-08-10T13:56:08","guid":{"rendered":"http:\/\/test.swqi.tw\/?page_id=57412"},"modified":"2025-12-03T03:33:50","modified_gmt":"2025-12-02T19:33:50","slug":"your-first-trading-plan","status":"publish","type":"page","link":"https:\/\/mister.forex\/ro\/your-first-trading-plan\/","title":{"rendered":"Planul t\u0103u de tranzac\u021bionare:&nbsp;Desc\u0103rcare gratuit\u0103 eBook | Mr.Forex"},"content":{"rendered":"<div data-elementor-type=\"wp-page\" data-elementor-id=\"57412\" class=\"elementor elementor-57412\" data-elementor-post-type=\"page\">\n\t\t\t\t<div class=\"elementor-element elementor-element-55c5bbf e-flex e-con-boxed e-con e-parent\" data-id=\"55c5bbf\" data-element_type=\"container\">\n\t\t\t\t\t<div class=\"e-con-inner\">\n\t\t\t\t<div class=\"elementor-element elementor-element-f726aa8 elementor-icon-list--layout-inline elementor-list-item-link-inline elementor-widget elementor-widget-icon-list\" data-id=\"f726aa8\" data-element_type=\"widget\" data-widget_type=\"icon-list.default\">\n\t\t\t\t\t\t\t<ul class=\"elementor-icon-list-items elementor-inline-items\">\n\t\t\t\t\t\t\t<li class=\"elementor-icon-list-item elementor-inline-item\">\n\t\t\t\t\t\t\t\t\t\t\t<a href=\"https:\/\/mister.forex\/ro\/ebook-hub\/\">\n\n\t\t\t\t\t\t\t\t\t\t\t\t<span class=\"elementor-icon-list-icon\">\n\t\t\t\t\t\t\t<svg aria-hidden=\"true\" class=\"e-font-icon-svg e-fas-reply\" viewbox=\"0 0 512 512\" xmlns=\"http:\/\/www.w3.org\/2000\/svg\"><path d=\"M8.309 189.836L184.313 37.851C199.719 24.546 224 35.347 224 56.015v80.053c160.629 1.839 288 34.032 288 186.258 0 61.441-39.581 122.309-83.333 154.132-13.653 9.931-33.111-2.533-28.077-18.631 45.344-145.012-21.507-183.51-176.59-185.742V360c0 20.7-24.3 31.453-39.687 18.164l-176.004-152c-11.071-9.562-11.086-26.753 0-36.328z\"><\/path><\/svg>\t\t\t\t\t\t<\/span>\n\t\t\t\t\t\t\t\t\t\t<span class=\"elementor-icon-list-text\">\u00cenapoi<\/span>\n\t\t\t\t\t\t\t\t\t\t\t<\/a>\n\t\t\t\t\t\t\t\t\t<\/li>\n\t\t\t\t\t\t<\/ul>\n\t\t\t\t\t\t<\/div>\n\t\t\t\t\t<\/div>\n\t\t\t\t<\/div>\n\t\t<div class=\"elementor-element elementor-element-7e1da9a e-flex e-con-boxed e-con e-parent\" data-id=\"7e1da9a\" data-element_type=\"container\" data-settings=\"{&quot;background_background&quot;:&quot;classic&quot;}\">\n\t\t\t\t\t<div class=\"e-con-inner\">\n\t\t<div class=\"elementor-element elementor-element-a372f93 e-con-full e-flex e-con e-child\" data-id=\"a372f93\" data-element_type=\"container\" data-settings=\"{&quot;background_background&quot;:&quot;classic&quot;}\">\n\t\t\t\t<div class=\"elementor-element elementor-element-13e00e6 elementor-widget elementor-widget-image\" data-id=\"13e00e6\" data-element_type=\"widget\" data-settings=\"{&quot;_animation&quot;:&quot;none&quot;}\" data-widget_type=\"image.default\">\n\t\t\t\t\t\t\t\t\t\t\t\t\t\t\t<img fetchpriority=\"high\" decoding=\"async\" width=\"188\" height=\"300\" src=\"https:\/\/mister.forex\/wp-content\/uploads\/2025\/08\/Book-2-Mockup-EN.webp\" class=\"attachment-thumbnail size-thumbnail wp-image-57294\" alt=\"Planul t\u0103u de tranzac\u021bionare\" srcset=\"https:\/\/mister.forex\/wp-content\/uploads\/2025\/08\/Book-2-Mockup-EN.webp 1410w, https:\/\/mister.forex\/wp-content\/uploads\/2025\/08\/Book-2-Mockup-EN-313x500.webp 313w, https:\/\/mister.forex\/wp-content\/uploads\/2025\/08\/Book-2-Mockup-EN-752x1200.webp 752w, https:\/\/mister.forex\/wp-content\/uploads\/2025\/08\/Book-2-Mockup-EN-188x300.webp 188w, https:\/\/mister.forex\/wp-content\/uploads\/2025\/08\/Book-2-Mockup-EN-768x1226.webp 768w, https:\/\/mister.forex\/wp-content\/uploads\/2025\/08\/Book-2-Mockup-EN-963x1536.webp 963w, https:\/\/mister.forex\/wp-content\/uploads\/2025\/08\/Book-2-Mockup-EN-1283x2048.webp 1283w, https:\/\/mister.forex\/wp-content\/uploads\/2025\/08\/Book-2-Mockup-EN-8x12.webp 8w, https:\/\/mister.forex\/wp-content\/uploads\/2025\/08\/Book-2-Mockup-EN-600x957.webp 600w\" sizes=\"(max-width: 188px) 100vw, 188px\" \/>\t\t\t\t\t\t\t\t\t\t\t\t\t\t\t<\/div>\n\t\t\t\t<div class=\"elementor-element elementor-element-796c6fa elementor-align-center elementor-widget elementor-widget-button\" data-id=\"796c6fa\" data-element_type=\"widget\" data-widget_type=\"button.default\">\n\t\t\t\t\t\t\t\t\t\t<a class=\"elementor-button elementor-button-link elementor-size-sm\" href=\"https:\/\/1drv.ms\/f\/c\/7c6c551c74c8b8b2\/Epgzj3OLLL9FrOujuRVQW5oBEQI00xiL_HtaDtjvaKkOiA?e=oSBYzx\" target=\"_blank\" rel=\"noopener\">\n\t\t\t\t\t\t<span class=\"elementor-button-content-wrapper\">\n\t\t\t\t\t\t\t\t\t<span class=\"elementor-button-text\">Desc\u0103rca\u021bi<\/span>\n\t\t\t\t\t<\/span>\n\t\t\t\t\t<\/a>\n\t\t\t\t\t\t\t\t<\/div>\n\t\t\t\t<div class=\"elementor-element elementor-element-a8f4ce8 elementor-widget elementor-widget-heading\" data-id=\"a8f4ce8\" data-element_type=\"widget\" data-widget_type=\"heading.default\">\n\t\t\t\t\t<span class=\"elementor-heading-title elementor-size-default\">Limbi acceptate<\/span>\t\t\t\t<\/div>\n\t\t<div class=\"elementor-element elementor-element-db0673a e-con-full e-flex e-con e-child\" data-id=\"db0673a\" data-element_type=\"container\">\n\t\t\t\t<div class=\"elementor-element elementor-element-6318b23 elementor-align-center elementor-widget elementor-widget-button\" data-id=\"6318b23\" data-element_type=\"widget\" data-widget_type=\"button.default\">\n\t\t\t\t\t\t\t\t\t\t<a class=\"elementor-button elementor-size-sm\" role=\"button\">\n\t\t\t\t\t\t<span class=\"elementor-button-content-wrapper\">\n\t\t\t\t\t\t\t\t\t<span class=\"elementor-button-text\">\u7b80\u4f53\u4e2d\u6587<\/span>\n\t\t\t\t\t<\/span>\n\t\t\t\t\t<\/a>\n\t\t\t\t\t\t\t\t<\/div>\n\t\t\t\t<div class=\"elementor-element elementor-element-e616a5d elementor-align-center elementor-widget elementor-widget-button\" data-id=\"e616a5d\" data-element_type=\"widget\" data-widget_type=\"button.default\">\n\t\t\t\t\t\t\t\t\t\t<a class=\"elementor-button elementor-size-sm\" role=\"button\">\n\t\t\t\t\t\t<span class=\"elementor-button-content-wrapper\">\n\t\t\t\t\t\t\t\t\t<span class=\"elementor-button-text\">\u7e41\u9ad4\u4e2d\u6587<\/span>\n\t\t\t\t\t<\/span>\n\t\t\t\t\t<\/a>\n\t\t\t\t\t\t\t\t<\/div>\n\t\t\t\t<div class=\"elementor-element elementor-element-451970b elementor-align-center elementor-widget elementor-widget-button\" data-id=\"451970b\" data-element_type=\"widget\" data-widget_type=\"button.default\">\n\t\t\t\t\t\t\t\t\t\t<a class=\"elementor-button elementor-size-sm\" role=\"button\">\n\t\t\t\t\t\t<span class=\"elementor-button-content-wrapper\">\n\t\t\t\t\t\t\t\t\t<span class=\"elementor-button-text\">English<\/span>\n\t\t\t\t\t<\/span>\n\t\t\t\t\t<\/a>\n\t\t\t\t\t\t\t\t<\/div>\n\t\t\t\t<\/div>\n\t\t\t\t<\/div>\n\t\t<div class=\"elementor-element elementor-element-0bfee77 e-con-full e-flex e-con e-child\" data-id=\"0bfee77\" data-element_type=\"container\" data-settings=\"{&quot;background_background&quot;:&quot;classic&quot;}\">\n\t\t<div class=\"elementor-element elementor-element-72b4f33 e-con-full e-flex e-con e-child\" data-id=\"72b4f33\" data-element_type=\"container\">\n\t\t\t\t<div class=\"elementor-element elementor-element-a784f62 elementor-widget elementor-widget-heading\" data-id=\"a784f62\" data-element_type=\"widget\" data-widget_type=\"heading.default\">\n\t\t\t\t\t<h2 class=\"elementor-heading-title elementor-size-default\">Planul t\u0103u de tranzac\u021bionare<\/h2>\t\t\t\t<\/div>\n\t\t\t\t<div class=\"elementor-element elementor-element-d8fe0e1 elementor-widget elementor-widget-heading\" data-id=\"d8fe0e1\" data-element_type=\"widget\" data-widget_type=\"heading.default\">\n\t\t\t\t\t<h3 class=\"elementor-heading-title elementor-size-default\">Opri\u021bi tranzac\u021bionarea aleatorie! Ob\u021bine\u021bi gratuit acest model practic pentru a v\u0103 crea primul plan de tranzac\u021bionare profesional.<\/h3>\t\t\t\t<\/div>\n\t\t\t\t<div class=\"elementor-element elementor-element-e3d5154 elementor-widget elementor-widget-heading\" data-id=\"e3d5154\" data-element_type=\"widget\" data-widget_type=\"heading.default\">\n\t\t\t\t\t<h3 class=\"elementor-heading-title elementor-size-default\">Acest ghid v\u0103 va \u00eendruma s\u0103 defini\u021bi obiectivele, s\u0103 stabili\u021bi reguli, s\u0103 gestiona\u021bi riscurile \u0219i s\u0103 transforma\u021bi tranzac\u021bionarea dvs. dintr-un joc haotic \u00eentr-o afacere disciplinat\u0103.<\/h3>\t\t\t\t<\/div>\n\t\t\t\t<div class=\"elementor-element elementor-element-04256c5 elementor-widget-divider--view-line elementor-widget elementor-widget-divider\" data-id=\"04256c5\" data-element_type=\"widget\" data-widget_type=\"divider.default\">\n\t\t\t\t\t\t\t<div class=\"elementor-divider\">\n\t\t\t<span class=\"elementor-divider-separator\">\n\t\t\t\t\t\t<\/span>\n\t\t<\/div>\n\t\t\t\t\t\t<\/div>\n\t\t\t\t<\/div>\n\t\t\t\t<div class=\"elementor-element elementor-element-3a37ac6 elementor-widget elementor-widget-html translation-block\" data-id=\"3a37ac6\" data-element_type=\"widget\" data-widget_type=\"html.default\"><div style=\"16px\"><span>\n<h3><strong>Tranzac\u021biile tale duc lips\u0103 de un sistem?<\/strong>&nbsp;<\/h3>\n<ul>\n <li>Intri adesea pe pia\u021b\u0103 impulsiv, f\u0103r\u0103 o strategie clar\u0103 de ie\u0219ire?<\/li>\n <li>Ai pierdut toate profiturile anterioare din cauza uneia sau a dou\u0103 pierderi nea\u0219teptate?<\/li>\n <li>Dup\u0103 ce \u00eenchei o tranzac\u021bie, nu po\u021bi evalua obiectiv dac\u0103 deciziile tale au fost corecte sau gre\u0219ite?<\/li>\n<\/ul>\n<br>\n\n<!-- Section:&nbsp;Solu\u021bie \u0219i Transformare -->\n<h3><strong>Tranzac\u021bionarea f\u0103r\u0103 un plan \u00eenseamn\u0103 s\u0103 planifici e\u0219ecul<\/strong>&nbsp;<\/h3>\nDiferen\u021ba principal\u0103 dintre un profesionist \u0219i un amator este dac\u0103 de\u021bine sau nu un plan scris, executabil.<br>\nAceast\u0103 carte, \u300a Planul t\u0103u de tranzac\u021bionare \u300b, ofer\u0103 un cadru simplu pentru a-\u021bi construi propriul plan.<br>\n<br>\n<h4><strong>Dup\u0103 ce finalizezi exerci\u021biile din aceast\u0103 carte, vei avea un plan complet care include:<\/strong>&nbsp;<\/h4>\n<ul>\n <li><strong>Obiective de tranzac\u021bionare clare:<\/strong>&nbsp;Transform\u0103 dorin\u021bele vagi \u00een pa\u0219i concre\u021bi \u0219i executabili.<\/li>\n <li><strong>Reguli obiective de tranzac\u021bionare:<\/strong>&nbsp;Define\u0219te clar condi\u021biile de intrare, ie\u0219ire \u0219i stop loss.<\/li>\n <li><strong>Management robust al riscului:<\/strong>&nbsp;\u00cenva\u021b\u0103 s\u0103-\u021bi protejezi capitalul \u0219i s\u0103 asiguri supravie\u021buirea pe termen lung.<\/li>\n<\/ul>\n<br>\n\n<!-- Section:&nbsp;Previzualizare con\u021binut eBook -->\n<h4><strong>\u00cen acest ghid vei parcurge:<\/strong>&nbsp;<\/h4>\n<ul>\n <li><strong>Capitolul 1:<\/strong>&nbsp;Stabilirea obiectivelor de tranzac\u021bionare (principiul SMART) <\/li>\n <li><strong>Capitolul 2:<\/strong>&nbsp;Concentrarea pe pie\u021be \u0219i instrumente specifice<\/li>\n <li><strong>Capitolul 3:<\/strong>&nbsp;Stabilirea regulilor de tranzac\u021bionare:&nbsp;intrare, ie\u0219ire \u0219i stop loss<\/li>\n <li><strong>Capitolul 4:<\/strong>&nbsp;Managementul riscului:&nbsp;protejarea capitalului de tranzac\u021bionare<\/li>\n<\/ul>\n<\/span><\/div><\/div>\n\t\t\t\t<\/div>\n\t\t\t\t\t<\/div>\n\t\t\t\t<\/div>\n\t\t\t\t<\/div>","protected":false},"excerpt":{"rendered":"<p>Opre\u0219te tranzac\u021bionarea aleatorie! Descarc\u0103 gratuit modelul practic al \u201ePlanul t\u0103u de tranzac\u021bionare\u201d, \u00eenva\u021b\u0103 cum s\u0103 stabile\u0219ti obiective, s\u0103 creezi reguli \u0219i s\u0103 gestionezi riscurile, s\u0103-\u021bi sistematizezi tranzac\u021biile \u0219i s\u0103 faci primul pas spre profituri stabile.<\/p>","protected":false},"author":1,"featured_media":57405,"parent":0,"menu_order":0,"comment_status":"closed","ping_status":"closed","template":"","meta":{"footnotes":""},"tags":[128],"class_list":["post-57412","page","type-page","status-publish","has-post-thumbnail","hentry","tag-no-google"],"_links":{"self":[{"href":"https:\/\/mister.forex\/ro\/wp-json\/wp\/v2\/pages\/57412","targetHints":{"allow":["GET"]}}],"collection":[{"href":"https:\/\/mister.forex\/ro\/wp-json\/wp\/v2\/pages"}],"about":[{"href":"https:\/\/mister.forex\/ro\/wp-json\/wp\/v2\/types\/page"}],"author":[{"embeddable":true,"href":"https:\/\/mister.forex\/ro\/wp-json\/wp\/v2\/users\/1"}],"replies":[{"embeddable":true,"href":"https:\/\/mister.forex\/ro\/wp-json\/wp\/v2\/comments?post=57412"}],"version-history":[{"count":0,"href":"https:\/\/mister.forex\/ro\/wp-json\/wp\/v2\/pages\/57412\/revisions"}],"wp:featuredmedia":[{"embeddable":true,"href":"https:\/\/mister.forex\/ro\/wp-json\/wp\/v2\/media\/57405"}],"wp:attachment":[{"href":"https:\/\/mister.forex\/ro\/wp-json\/wp\/v2\/media?parent=57412"}],"wp:term":[{"taxonomy":"post_tag","embeddable":true,"href":"https:\/\/mister.forex\/ro\/wp-json\/wp\/v2\/tags?post=57412"}],"curies":[{"name":"wp","href":"https:\/\/api.w.org\/{rel}","templated":true}]}}